{"id":23343,"date":"2026-04-03T11:31:47","date_gmt":"2026-04-03T11:31:47","guid":{"rendered":"https:\/\/crematieasinglas.nl\/product\/ku6041-urnes-milieu-ceramique\/"},"modified":"2026-04-03T11:31:47","modified_gmt":"2026-04-03T11:31:47","slug":"ku6041-urnes-milieu-ceramique","status":"publish","type":"product","link":"https:\/\/crematieasinglas.nl\/fr\/produit\/ku6041-urnes-milieu-ceramique\/","title":{"rendered":"KU6041 | Urnes Milieu c\u00e9ramique"},"content":{"rendered":"<p>Num\u00e9ro de code : KU6041<br \/>\nCollection : Urnes<br \/>\nCat\u00e9gorie : Urnes, c\u00e9ramiques | KU 6000<\/p>\n<h3>D\u00e9lai de livraison : 8 jours ouvr\u00e9s :<\/h3>\n<h3>Informations :<\/h3>\n<p>Taille : 15 cm<br \/>\nLargeur : 15 cm<br \/>\nProfondeur : 10 cm<br \/>\nCouleur : noir mat<br \/>\nCapacit\u00e9 : 0,70 litre<br \/>\nStock : 1 article en stock<\/p>\n<h3>Description sp\u00e9cifique :<\/h3>\n<p data-start=\"420\" data-end=\"640\">Une urne en c\u00e9ramique \u00e9l\u00e9gante et pleine de sens. La combinaison de c\u00e9ramique noire mate et de papillons dor\u00e9s \u00e9l\u00e9gants en fait un objet comm\u00e9moratif sp\u00e9cial et personnel. <\/p>\n<p data-start=\"642\" data-end=\"863\">Le papillon symbolise la transformation et la survie des souvenirs. Cette urne convient \u00e0 conserver une quantit\u00e9 symbolique de cendres de cr\u00e9mation et forme un souvenir magnifique et tangible d\u2019un \u00eatre cher. <\/p>\n<p data-start=\"865\" data-end=\"1055\">L\u2019urne a une capacit\u00e9 de 0,70 litre, mesure 15 cm de haut et 15 cm de large. En raison de sa taille compacte, cette urne convient \u00e0 une petite quantit\u00e9 de cendres de cr\u00e9mation. <\/p>\n<p data-start=\"1057\" data-end=\"1223\">L\u2019urne est livr\u00e9e avec un couvercle ferm\u00e9, deux sacs int\u00e9rieurs et un manuel transparent, afin que vous puissiez la remplir vous-m\u00eame de mani\u00e8re s\u00fbre et respectueuse.<\/p>\n<p data-start=\"1225\" data-end=\"1254\">Disponible avec ou sans nom. Il n\u2019y a pas de diff\u00e9rence de prix l\u00e0-dedans. Si vous pr\u00e9f\u00e9rez l\u2019urne sans traitement, cela est \u00e9galement possible, veuillez nous contacter.  <\/p>\n<h3 data-section-id=\"1kk9dfm\" data-start=\"1490\" data-end=\"1517\">Des tailles suppl\u00e9mentaires disponibles<\/h3>\n<p data-start=\"1518\" data-end=\"1598\">Cette urne \u00e0 papillons est \u00e9galement disponible en formats plus grands.<\/p>\n<ul data-start=\"1600\" data-end=\"1661\">\n<li data-section-id=\"1yb3y8a\" data-start=\"1600\" data-end=\"1631\">2,10 litres \u2013 hauteur 21,5 cm<\/li>\n<li data-section-id=\"1gqxpy6\" data-start=\"1632\" data-end=\"1661\">5,20 litres \u2013 hauteur 28 cm<\/li>\n<\/ul>\n<p data-start=\"1663\" data-end=\"1732\">Pour ces versions plus grandes, un d\u00e9lai de livraison d\u2019environ 4 semaines s\u2019applique.<\/p>\n<h3>Conditions de livraison :<\/h3>\n<p>Apr\u00e8s votre commande, je vous contacterai pour savoir quel nom peut \u00eatre appliqu\u00e9 \u00e0 l\u2019urne. Si vous avez des questions \u00e0 l\u2019avance, n\u2019h\u00e9sitez pas \u00e0 info@crematieasinglas.nl envoyer un e-mail. <\/p>\n<h2 data-section-id=\"c3uamv\" data-start=\"2329\" data-end=\"2380\">Informations de retour \u2013 s\u2019appliquent \u00e0 cette urne<\/h2>\n<p data-start=\"2382\" data-end=\"2543\">Bien que cette urne soit fabriqu\u00e9e \u00e0 la main sur commande, nous offrons toujours la possibilit\u00e9 de la restitution sous certaines conditions, malgr\u00e9 la personnalisation.<\/p>\n<p data-start=\"2545\" data-end=\"2608\">Le retour est possible dans les 14 jours suivant la r\u00e9ception, \u00e0 condition que l\u2019urne :<\/p>\n<ul data-start=\"2609\" data-end=\"2712\">\n<li data-section-id=\"1ldq2yr\" data-start=\"2609\" data-end=\"2628\">Intact<\/li>\n<li data-section-id=\"1orb1tm\" data-start=\"2629\" data-end=\"2655\">Elle ne contient pas, et n\u2019a pas \u00e9t\u00e9 plac\u00e9e, de cendres de cr\u00e9mation<\/li>\n<li data-section-id=\"tfcv1j\" data-start=\"2656\" data-end=\"2712\">Dans son \u00e9tat d\u2019origine et l\u2019emballage sera retourn\u00e9<\/li>\n<\/ul>\n<p data-start=\"2714\" data-end=\"2882\">Les urnes dans lesquelles des cendres de cr\u00e9mation ont \u00e9t\u00e9 plac\u00e9es ou trait\u00e9es ne peuvent pas \u00eatre retourn\u00e9es. En cas de d\u00e9claration valide, le montant de l\u2019achat vous sera rembours\u00e9 dans un d\u00e9lai de 5 jours ouvr\u00e9s. <\/p>\n<p data-start=\"2889\" data-end=\"3020\">Pour toute question ou conseil personnel, veuillez contacter Jet via <a class=\"decorated-link cursor-pointer\" rel=\"noopener\" data-start=\"2958\" data-end=\"2982\">info@crematieasinglas.nl<\/a><\/p>\n<h3>Impression ;<\/h3>\n<div style=\"width: 832px;\" class=\"wp-video\"><video class=\"wp-video-shortcode\" id=\"video-23343-1\" width=\"832\" height=\"1104\" preload=\"metadata\" controls=\"controls\"><source type=\"video\/mp4\" src=\"https:\/\/crematieasinglas.nl\/wp-content\/uploads\/2026\/04\/crematie-as-urn-keramiek-vlinder-zwart-070l-video-ku6041.mp4?_=1\" \/><a href=\"https:\/\/crematieasinglas.nl\/wp-content\/uploads\/2026\/04\/crematie-as-urn-keramiek-vlinder-zwart-070l-video-ku6041.mp4\">https:\/\/crematieasinglas.nl\/wp-content\/uploads\/2026\/04\/crematie-as-urn-keramiek-vlinder-zwart-070l-video-ku6041.mp4<\/a><\/video><\/div>\n<p>&nbsp;<\/p>\n","protected":false},"excerpt":{"rendered":"<p>Urne papillon noire \u00e9l\u00e9gante en c\u00e9ramique (0,70L) avec des d\u00e9tails en feuille d\u2019or. Comprend des poches int\u00e9rieures, un couvercle \u00e0 fermeture et un manuel. Disponible avec ou sans nom.  <\/p>\n","protected":false},"featured_media":23316,"comment_status":"closed","ping_status":"closed","template":"","meta":[],"product_brand":[],"product_cat":[898,899,1127],"product_tag":[1130,1129,1128],"class_list":{"0":"post-23343","1":"product","2":"type-product","3":"status-publish","4":"has-post-thumbnail","6":"product_cat-urnes","7":"product_cat-urnes-en-ceramique-ku-6000","8":"product_cat-urnes-ceramiques-ku-6000-medium","9":"product_tag-ceramique","10":"product_tag-papillon","11":"product_tag-urne","12":"pa_inhoud-07-litre","13":"pa_kleur-noir-mat","14":"pa_leveringsvoorwaarden-apres-votre-commande-je-vous-contacterai-pour-voir-quel-nom-peut-etre-applique-a-lurne-si-vous-avez-des-questions-a-lavance-nhesitez-pas-a-infocrematieasinglas-nl-envoye","16":"first","17":"instock","18":"purchasable","19":"product-type-simple"},"yoast_head":"<!-- This site is optimized with the Yoast SEO Premium plugin v27.1 (Yoast SEO v27.3) - https:\/\/yoast.com\/product\/yoast-seo-premium-wordpress\/ -->\n<title>Papillon en c\u00e9ramique noire urne<\/title>\n<meta name=\"description\" content=\"Urne papillon noire \u00e9l\u00e9gante en c\u00e9ramique (0,70L) avec des d\u00e9tails en feuille d\u2019or. Comprend des poches int\u00e9rieures et un manuel. Disponible avec ou sans nom.\" \/>\n<meta name=\"robots\" content=\"index, follow, max-snippet:-1, max-image-preview:large, max-video-preview:-1\" \/>\n<link rel=\"canonical\" href=\"https:\/\/crematieasinglas.nl\/fr\/product\/ku6041-urnes-milieu-ceramique\/\" \/>\n<meta property=\"og:locale\" content=\"fr_FR\" \/>\n<meta property=\"og:type\" content=\"article\" \/>\n<meta property=\"og:title\" content=\"KU6041 | Urnes Milieu c\u00e9ramique\" \/>\n<meta property=\"og:description\" content=\"Urne papillon noire \u00e9l\u00e9gante en c\u00e9ramique (0,70L) avec des d\u00e9tails en feuille d\u2019or. Comprend des poches int\u00e9rieures et un manuel. Disponible avec ou sans nom.\" \/>\n<meta property=\"og:url\" content=\"https:\/\/crematieasinglas.nl\/fr\/product\/ku6041-urnes-milieu-ceramique\/\" \/>\n<meta property=\"og:site_name\" content=\"Winkel voor Crematie-as in glas\" \/>\n<meta property=\"og:image\" content=\"https:\/\/crematieasinglas.nl\/wp-content\/uploads\/2026\/04\/crematie-as-urn-keramiek-vlinder-zwart-070l-1-ku6041-683x1024.png\" \/>\n\t<meta property=\"og:image:width\" content=\"683\" \/>\n\t<meta property=\"og:image:height\" content=\"1024\" \/>\n\t<meta property=\"og:image:type\" content=\"image\/png\" \/>\n<meta name=\"twitter:card\" content=\"summary_large_image\" \/>\n<meta name=\"twitter:label1\" content=\"Dur\u00e9e de lecture estim\u00e9e\" \/>\n\t<meta name=\"twitter:data1\" content=\"2 minutes\" \/>\n<script type=\"application\/ld+json\" class=\"yoast-schema-graph\">{\"@context\":\"https:\\\/\\\/schema.org\",\"@graph\":[{\"@type\":\"WebPage\",\"@id\":\"https:\\\/\\\/crematieasinglas.nl\\\/fr\\\/product\\\/ku6041-urnes-milieu-ceramique\\\/\",\"url\":\"https:\\\/\\\/crematieasinglas.nl\\\/fr\\\/product\\\/ku6041-urnes-milieu-ceramique\\\/\",\"name\":\"Papillon en c\u00e9ramique noire urne\",\"isPartOf\":{\"@id\":\"https:\\\/\\\/crematieasinglas.nl\\\/#website\"},\"primaryImageOfPage\":{\"@id\":\"https:\\\/\\\/crematieasinglas.nl\\\/fr\\\/product\\\/ku6041-urnes-milieu-ceramique\\\/#primaryimage\"},\"image\":{\"@id\":\"https:\\\/\\\/crematieasinglas.nl\\\/fr\\\/product\\\/ku6041-urnes-milieu-ceramique\\\/#primaryimage\"},\"thumbnailUrl\":\"https:\\\/\\\/crematieasinglas.nl\\\/wp-content\\\/uploads\\\/2026\\\/04\\\/crematie-as-urn-keramiek-vlinder-zwart-070l-1-ku6041.png\",\"datePublished\":\"2026-04-03T11:31:47+00:00\",\"description\":\"Urne papillon noire \u00e9l\u00e9gante en c\u00e9ramique (0,70L) avec des d\u00e9tails en feuille d\u2019or. Comprend des poches int\u00e9rieures et un manuel. Disponible avec ou sans nom.\",\"breadcrumb\":{\"@id\":\"https:\\\/\\\/crematieasinglas.nl\\\/fr\\\/product\\\/ku6041-urnes-milieu-ceramique\\\/#breadcrumb\"},\"inLanguage\":\"fr-FR\",\"potentialAction\":[{\"@type\":\"ReadAction\",\"target\":[\"https:\\\/\\\/crematieasinglas.nl\\\/fr\\\/product\\\/ku6041-urnes-milieu-ceramique\\\/\"]}]},{\"@type\":\"ImageObject\",\"inLanguage\":\"fr-FR\",\"@id\":\"https:\\\/\\\/crematieasinglas.nl\\\/fr\\\/product\\\/ku6041-urnes-milieu-ceramique\\\/#primaryimage\",\"url\":\"https:\\\/\\\/crematieasinglas.nl\\\/wp-content\\\/uploads\\\/2026\\\/04\\\/crematie-as-urn-keramiek-vlinder-zwart-070l-1-ku6041.png\",\"contentUrl\":\"https:\\\/\\\/crematieasinglas.nl\\\/wp-content\\\/uploads\\\/2026\\\/04\\\/crematie-as-urn-keramiek-vlinder-zwart-070l-1-ku6041.png\",\"width\":1024,\"height\":1536,\"caption\":\"Urne en c\u00e9ramique noire sur table en bois dans la for\u00eat, avec des papillons en feuille d\u2019or et un espace pour le nom, adapt\u00e9e aux cendres de cr\u00e9mation.\"},{\"@type\":\"BreadcrumbList\",\"@id\":\"https:\\\/\\\/crematieasinglas.nl\\\/fr\\\/product\\\/ku6041-urnes-milieu-ceramique\\\/#breadcrumb\",\"itemListElement\":[{\"@type\":\"ListItem\",\"position\":1,\"name\":\"Home\",\"item\":\"https:\\\/\\\/crematieasinglas.nl\\\/\"},{\"@type\":\"ListItem\",\"position\":2,\"name\":\"Boutique\",\"item\":\"https:\\\/\\\/crematieasinglas.nl\\\/fr\\\/boutique\\\/\"},{\"@type\":\"ListItem\",\"position\":3,\"name\":\"KU6041 | Urnes Milieu c\u00e9ramique\"}]},{\"@type\":\"WebSite\",\"@id\":\"https:\\\/\\\/crematieasinglas.nl\\\/#website\",\"url\":\"https:\\\/\\\/crematieasinglas.nl\\\/\",\"name\":\"Winkel voor Crematie-as in glas\",\"description\":\"Een winkel voor crematieasinglas.nl\",\"publisher\":{\"@id\":\"https:\\\/\\\/crematieasinglas.nl\\\/#organization\"},\"potentialAction\":[{\"@type\":\"SearchAction\",\"target\":{\"@type\":\"EntryPoint\",\"urlTemplate\":\"https:\\\/\\\/crematieasinglas.nl\\\/?s={search_term_string}\"},\"query-input\":{\"@type\":\"PropertyValueSpecification\",\"valueRequired\":true,\"valueName\":\"search_term_string\"}}],\"inLanguage\":\"fr-FR\"},{\"@type\":\"Organization\",\"@id\":\"https:\\\/\\\/crematieasinglas.nl\\\/#organization\",\"name\":\"Dierbaarasinglas.nl\",\"alternateName\":\"Crematieasinglas.nl\",\"url\":\"https:\\\/\\\/crematieasinglas.nl\\\/\",\"logo\":{\"@type\":\"ImageObject\",\"inLanguage\":\"fr-FR\",\"@id\":\"https:\\\/\\\/crematieasinglas.nl\\\/#\\\/schema\\\/logo\\\/image\\\/\",\"url\":\"https:\\\/\\\/crematieasinglas.nl\\\/wp-content\\\/uploads\\\/2024\\\/10\\\/logo-02-playfair-googlefont-met-hartje-02.png\",\"contentUrl\":\"https:\\\/\\\/crematieasinglas.nl\\\/wp-content\\\/uploads\\\/2024\\\/10\\\/logo-02-playfair-googlefont-met-hartje-02.png\",\"width\":582,\"height\":136,\"caption\":\"Dierbaarasinglas.nl\"},\"image\":{\"@id\":\"https:\\\/\\\/crematieasinglas.nl\\\/#\\\/schema\\\/logo\\\/image\\\/\"}}]}<\/script>\n<!-- \/ Yoast SEO Premium plugin. -->","yoast_head_json":{"title":"Papillon en c\u00e9ramique noire urne","description":"Urne papillon noire \u00e9l\u00e9gante en c\u00e9ramique (0,70L) avec des d\u00e9tails en feuille d\u2019or. Comprend des poches int\u00e9rieures et un manuel. Disponible avec ou sans nom.","robots":{"index":"index","follow":"follow","max-snippet":"max-snippet:-1","max-image-preview":"max-image-preview:large","max-video-preview":"max-video-preview:-1"},"canonical":"https:\/\/crematieasinglas.nl\/fr\/product\/ku6041-urnes-milieu-ceramique\/","og_locale":"fr_FR","og_type":"article","og_title":"KU6041 | Urnes Milieu c\u00e9ramique","og_description":"Urne papillon noire \u00e9l\u00e9gante en c\u00e9ramique (0,70L) avec des d\u00e9tails en feuille d\u2019or. Comprend des poches int\u00e9rieures et un manuel. Disponible avec ou sans nom.","og_url":"https:\/\/crematieasinglas.nl\/fr\/product\/ku6041-urnes-milieu-ceramique\/","og_site_name":"Winkel voor Crematie-as in glas","og_image":[{"width":683,"height":1024,"url":"https:\/\/crematieasinglas.nl\/wp-content\/uploads\/2026\/04\/crematie-as-urn-keramiek-vlinder-zwart-070l-1-ku6041-683x1024.png","type":"image\/png"}],"twitter_card":"summary_large_image","twitter_misc":{"Dur\u00e9e de lecture estim\u00e9e":"2 minutes"},"schema":{"@context":"https:\/\/schema.org","@graph":[{"@type":"WebPage","@id":"https:\/\/crematieasinglas.nl\/fr\/product\/ku6041-urnes-milieu-ceramique\/","url":"https:\/\/crematieasinglas.nl\/fr\/product\/ku6041-urnes-milieu-ceramique\/","name":"Papillon en c\u00e9ramique noire urne","isPartOf":{"@id":"https:\/\/crematieasinglas.nl\/#website"},"primaryImageOfPage":{"@id":"https:\/\/crematieasinglas.nl\/fr\/product\/ku6041-urnes-milieu-ceramique\/#primaryimage"},"image":{"@id":"https:\/\/crematieasinglas.nl\/fr\/product\/ku6041-urnes-milieu-ceramique\/#primaryimage"},"thumbnailUrl":"https:\/\/crematieasinglas.nl\/wp-content\/uploads\/2026\/04\/crematie-as-urn-keramiek-vlinder-zwart-070l-1-ku6041.png","datePublished":"2026-04-03T11:31:47+00:00","description":"Urne papillon noire \u00e9l\u00e9gante en c\u00e9ramique (0,70L) avec des d\u00e9tails en feuille d\u2019or. Comprend des poches int\u00e9rieures et un manuel. Disponible avec ou sans nom.","breadcrumb":{"@id":"https:\/\/crematieasinglas.nl\/fr\/product\/ku6041-urnes-milieu-ceramique\/#breadcrumb"},"inLanguage":"fr-FR","potentialAction":[{"@type":"ReadAction","target":["https:\/\/crematieasinglas.nl\/fr\/product\/ku6041-urnes-milieu-ceramique\/"]}]},{"@type":"ImageObject","inLanguage":"fr-FR","@id":"https:\/\/crematieasinglas.nl\/fr\/product\/ku6041-urnes-milieu-ceramique\/#primaryimage","url":"https:\/\/crematieasinglas.nl\/wp-content\/uploads\/2026\/04\/crematie-as-urn-keramiek-vlinder-zwart-070l-1-ku6041.png","contentUrl":"https:\/\/crematieasinglas.nl\/wp-content\/uploads\/2026\/04\/crematie-as-urn-keramiek-vlinder-zwart-070l-1-ku6041.png","width":1024,"height":1536,"caption":"Urne en c\u00e9ramique noire sur table en bois dans la for\u00eat, avec des papillons en feuille d\u2019or et un espace pour le nom, adapt\u00e9e aux cendres de cr\u00e9mation."},{"@type":"BreadcrumbList","@id":"https:\/\/crematieasinglas.nl\/fr\/product\/ku6041-urnes-milieu-ceramique\/#breadcrumb","itemListElement":[{"@type":"ListItem","position":1,"name":"Home","item":"https:\/\/crematieasinglas.nl\/"},{"@type":"ListItem","position":2,"name":"Boutique","item":"https:\/\/crematieasinglas.nl\/fr\/boutique\/"},{"@type":"ListItem","position":3,"name":"KU6041 | Urnes Milieu c\u00e9ramique"}]},{"@type":"WebSite","@id":"https:\/\/crematieasinglas.nl\/#website","url":"https:\/\/crematieasinglas.nl\/","name":"Winkel voor Crematie-as in glas","description":"Een winkel voor crematieasinglas.nl","publisher":{"@id":"https:\/\/crematieasinglas.nl\/#organization"},"potentialAction":[{"@type":"SearchAction","target":{"@type":"EntryPoint","urlTemplate":"https:\/\/crematieasinglas.nl\/?s={search_term_string}"},"query-input":{"@type":"PropertyValueSpecification","valueRequired":true,"valueName":"search_term_string"}}],"inLanguage":"fr-FR"},{"@type":"Organization","@id":"https:\/\/crematieasinglas.nl\/#organization","name":"Dierbaarasinglas.nl","alternateName":"Crematieasinglas.nl","url":"https:\/\/crematieasinglas.nl\/","logo":{"@type":"ImageObject","inLanguage":"fr-FR","@id":"https:\/\/crematieasinglas.nl\/#\/schema\/logo\/image\/","url":"https:\/\/crematieasinglas.nl\/wp-content\/uploads\/2024\/10\/logo-02-playfair-googlefont-met-hartje-02.png","contentUrl":"https:\/\/crematieasinglas.nl\/wp-content\/uploads\/2024\/10\/logo-02-playfair-googlefont-met-hartje-02.png","width":582,"height":136,"caption":"Dierbaarasinglas.nl"},"image":{"@id":"https:\/\/crematieasinglas.nl\/#\/schema\/logo\/image\/"}}]}},"_links":{"self":[{"href":"https:\/\/crematieasinglas.nl\/fr\/wp-json\/wp\/v2\/product\/23343","targetHints":{"allow":["GET"]}}],"collection":[{"href":"https:\/\/crematieasinglas.nl\/fr\/wp-json\/wp\/v2\/product"}],"about":[{"href":"https:\/\/crematieasinglas.nl\/fr\/wp-json\/wp\/v2\/types\/product"}],"replies":[{"embeddable":true,"href":"https:\/\/crematieasinglas.nl\/fr\/wp-json\/wp\/v2\/comments?post=23343"}],"wp:featuredmedia":[{"embeddable":true,"href":"https:\/\/crematieasinglas.nl\/fr\/wp-json\/wp\/v2\/media\/23316"}],"wp:attachment":[{"href":"https:\/\/crematieasinglas.nl\/fr\/wp-json\/wp\/v2\/media?parent=23343"}],"wp:term":[{"taxonomy":"product_brand","embeddable":true,"href":"https:\/\/crematieasinglas.nl\/fr\/wp-json\/wp\/v2\/product_brand?post=23343"},{"taxonomy":"product_cat","embeddable":true,"href":"https:\/\/crematieasinglas.nl\/fr\/wp-json\/wp\/v2\/product_cat?post=23343"},{"taxonomy":"product_tag","embeddable":true,"href":"https:\/\/crematieasinglas.nl\/fr\/wp-json\/wp\/v2\/product_tag?post=23343"}],"curies":[{"name":"wp","href":"https:\/\/api.w.org\/{rel}","templated":true}]}}