{"id":23340,"date":"2026-04-02T11:29:02","date_gmt":"2026-04-02T11:29:02","guid":{"rendered":"https:\/\/crematieasinglas.nl\/product\/ku6040-urnes-en-ceramique-de-grande-taille\/"},"modified":"2026-04-02T11:29:02","modified_gmt":"2026-04-02T11:29:02","slug":"ku6040-urnes-en-ceramique-de-grande-taille","status":"publish","type":"product","link":"https:\/\/crematieasinglas.nl\/fr\/produit\/ku6040-urnes-en-ceramique-de-grande-taille\/","title":{"rendered":"KU6040 | Urnes en c\u00e9ramique de grande taille"},"content":{"rendered":"<p>Num\u00e9ro de code : KU6040<br \/>\nCollection : Urnes<br \/>\nCat\u00e9gorie : Urnes c\u00e9ramiques | KU 6000<\/p>\n<h3>D\u00e9lai de livraison : 8 jours ouvr\u00e9s :<\/h3>\n<h3>Informations :<\/h3>\n<p>Taille : 28 cm<br \/>\nLargeur : 20 cm<br \/>\nProfondeur : 20 cm<br \/>\nCouleur : noir mat<br \/>\nCapacit\u00e9 : 3,8 litres<br \/>\nStock : 1 article en stock<\/p>\n<h3>Description sp\u00e9cifique :<\/h3>\n<h3>Description :<\/h3>\n<p>Une feuille m\u00e9tallique dor\u00e9e de haute qualit\u00e9, un nom et une image d\u2019une voiture de course de Formule 1 sont plac\u00e9s sur cette urne d\u00e9cal\u00e9e inclin\u00e9e. Cette urne a une capacit\u00e9 de 3,8 litres. Il y a un c\u0153ur dor\u00e9 sur cette urne en c\u00e9ramique noire mate. Lors de la commande de l\u2019urne, un couvercle en c\u00e9ramique, un sac int\u00e9rieur et un manuel (comment remplir l\u2019urne) sont ajout\u00e9s.   <\/p>\n<h3>Conditions de livraison :<\/h3>\n<p>Apr\u00e8s votre commande, je vous contacterai pour savoir quel nom peut \u00eatre appliqu\u00e9 \u00e0 l\u2019urne. Si vous avez des questions \u00e0 l\u2019avance, n\u2019h\u00e9sitez pas \u00e0 envoyer un e-mail \u00e0 info@crematieasinglas.nl., ou \u00e0 visiter notre site web :  <a href=\"https:\/\/crematieasinglas.nl\/fr\/\">site web crematieasinglas.nl<\/a><\/p>\n<h2 data-section-id=\"c3uamv\" data-start=\"2329\" data-end=\"2380\">Informations de retour \u2013 s\u2019appliquent \u00e0 cette urne<\/h2>\n<p data-start=\"2382\" data-end=\"2543\">Bien que cette urne soit fabriqu\u00e9e \u00e0 la main sur commande, nous offrons toujours la possibilit\u00e9 de la restitution sous certaines conditions, malgr\u00e9 la personnalisation.<\/p>\n<p data-start=\"2545\" data-end=\"2608\">Le retour est possible dans les 14 jours suivant la r\u00e9ception, \u00e0 condition que l\u2019urne :<\/p>\n<ul data-start=\"2609\" data-end=\"2712\">\n<li data-section-id=\"1ldq2yr\" data-start=\"2609\" data-end=\"2628\">Intact<\/li>\n<li data-section-id=\"1orb1tm\" data-start=\"2629\" data-end=\"2655\">Elle ne contient pas, et n\u2019a pas \u00e9t\u00e9 plac\u00e9e, de cendres de cr\u00e9mation<\/li>\n<li data-section-id=\"tfcv1j\" data-start=\"2656\" data-end=\"2712\">Dans son \u00e9tat d\u2019origine et l\u2019emballage sera retourn\u00e9<\/li>\n<\/ul>\n<p data-start=\"2714\" data-end=\"2882\">Les urnes dans lesquelles des cendres de cr\u00e9mation ont \u00e9t\u00e9 plac\u00e9es ou trait\u00e9es ne peuvent pas \u00eatre retourn\u00e9es. En cas de d\u00e9claration valide, le montant de l\u2019achat sera rembours\u00e9 via Bol.com. <\/p>\n<p data-start=\"2889\" data-end=\"3020\">Pour toute question ou conseil personnel, veuillez contacter Jet via <a class=\"decorated-link cursor-pointer\" rel=\"noopener\" data-start=\"2958\" data-end=\"2982\">info@crematieasinglas.nl<\/a><\/p>\n<h3>Impression ;<\/h3>\n<div style=\"width: 832px;\" class=\"wp-video\"><video class=\"wp-video-shortcode\" id=\"video-23340-1\" width=\"832\" height=\"1104\" preload=\"metadata\" controls=\"controls\"><source type=\"video\/mp4\" src=\"https:\/\/crematieasinglas.nl\/wp-content\/uploads\/2026\/04\/crematie-as-urn-keramiek-formule-wagen-zwart-3800ml-video-ku6040.mp4?_=1\" \/><a href=\"https:\/\/crematieasinglas.nl\/wp-content\/uploads\/2026\/04\/crematie-as-urn-keramiek-formule-wagen-zwart-3800ml-video-ku6040.mp4\">https:\/\/crematieasinglas.nl\/wp-content\/uploads\/2026\/04\/crematie-as-urn-keramiek-formule-wagen-zwart-3800ml-video-ku6040.mp4<\/a><\/video><\/div>\n<p>&nbsp;<\/p>\n","protected":false},"excerpt":{"rendered":"<p>Urne en c\u00e9ramique noire au design en forme de goutte d\u2019eau moderne avec design de voiture de course. Cette urne convient au stockage des cendres de cr\u00e9mation et est munie d\u2019un nom ainsi qu\u2019une image d\u2019une voiture de course de Formule 1 \u00e0 la finition dor\u00e9e. Un objet comm\u00e9moratif \u00e9l\u00e9gant et sportif, sp\u00e9cialement pour les amateurs de sport automobile et de vitesse.  <\/p>\n","protected":false},"featured_media":23294,"comment_status":"closed","ping_status":"closed","template":"","meta":[],"product_brand":[],"product_cat":[898,899,1121],"product_tag":[],"class_list":{"0":"post-23340","1":"product","2":"type-product","3":"status-publish","4":"has-post-thumbnail","6":"product_cat-urnes","7":"product_cat-urnes-en-ceramique-ku-6000","8":"product_cat-urnes-ceramiques-ku-6000-grand","9":"pa_inhoud-38-litres","10":"pa_kleur-noir-mat","11":"pa_leveringsvoorwaarden-apres-votre-commande-je-vous-contacterai-pour-voir-quel-nom-peut-etre-applique-a-lurne-si-vous-avez-des-questions-a-lavance-nhesitez-pas-a-infocrematieasinglas-nl-envoye","13":"first","14":"instock","15":"purchasable","16":"product-type-simple"},"yoast_head":"<!-- This site is optimized with the Yoast SEO Premium plugin v27.1 (Yoast SEO v27.3) - https:\/\/yoast.com\/product\/yoast-seo-premium-wordpress\/ -->\n<title>Voiture de course en c\u00e9ramique noire urn<\/title>\n<meta name=\"description\" content=\"Urne en c\u00e9ramique noire avec un motif de voiture de course en forme de goutte d\u2019eau. Adapt\u00e9 aux cendres de cr\u00e9mation et muni d\u2019un nom. Styl\u00e9 et personnel.\" \/>\n<meta name=\"robots\" content=\"index, follow, max-snippet:-1, max-image-preview:large, max-video-preview:-1\" \/>\n<link rel=\"canonical\" href=\"https:\/\/crematieasinglas.nl\/fr\/product\/ku6040-urnes-en-ceramique-de-grande-taille\/\" \/>\n<meta property=\"og:locale\" content=\"fr_FR\" \/>\n<meta property=\"og:type\" content=\"article\" \/>\n<meta property=\"og:title\" content=\"KU6040 | Urnes en c\u00e9ramique de grande taille\" \/>\n<meta property=\"og:description\" content=\"Urne en c\u00e9ramique noire avec un motif de voiture de course en forme de goutte d\u2019eau. Adapt\u00e9 aux cendres de cr\u00e9mation et muni d\u2019un nom. Styl\u00e9 et personnel.\" \/>\n<meta property=\"og:url\" content=\"https:\/\/crematieasinglas.nl\/fr\/product\/ku6040-urnes-en-ceramique-de-grande-taille\/\" \/>\n<meta property=\"og:site_name\" content=\"Winkel voor Crematie-as in glas\" \/>\n<meta property=\"og:image\" content=\"https:\/\/crematieasinglas.nl\/wp-content\/uploads\/2026\/04\/crematie-as-urn-keramiek-formule-wagen-zwart-3800ml-1-ku6040-scaled.jpg\" \/>\n\t<meta property=\"og:image:width\" content=\"1707\" \/>\n\t<meta property=\"og:image:height\" content=\"2560\" \/>\n\t<meta property=\"og:image:type\" content=\"image\/jpeg\" \/>\n<meta name=\"twitter:card\" content=\"summary_large_image\" \/>\n<meta name=\"twitter:label1\" content=\"Dur\u00e9e de lecture estim\u00e9e\" \/>\n\t<meta name=\"twitter:data1\" content=\"2 minutes\" \/>\n<script type=\"application\/ld+json\" class=\"yoast-schema-graph\">{\"@context\":\"https:\\\/\\\/schema.org\",\"@graph\":[{\"@type\":\"WebPage\",\"@id\":\"https:\\\/\\\/crematieasinglas.nl\\\/fr\\\/product\\\/ku6040-urnes-en-ceramique-de-grande-taille\\\/\",\"url\":\"https:\\\/\\\/crematieasinglas.nl\\\/fr\\\/product\\\/ku6040-urnes-en-ceramique-de-grande-taille\\\/\",\"name\":\"Voiture de course en c\u00e9ramique noire urn\",\"isPartOf\":{\"@id\":\"https:\\\/\\\/crematieasinglas.nl\\\/#website\"},\"primaryImageOfPage\":{\"@id\":\"https:\\\/\\\/crematieasinglas.nl\\\/fr\\\/product\\\/ku6040-urnes-en-ceramique-de-grande-taille\\\/#primaryimage\"},\"image\":{\"@id\":\"https:\\\/\\\/crematieasinglas.nl\\\/fr\\\/product\\\/ku6040-urnes-en-ceramique-de-grande-taille\\\/#primaryimage\"},\"thumbnailUrl\":\"https:\\\/\\\/crematieasinglas.nl\\\/wp-content\\\/uploads\\\/2026\\\/04\\\/crematie-as-urn-keramiek-formule-wagen-zwart-3800ml-1-ku6040-scaled.jpg\",\"datePublished\":\"2026-04-02T11:29:02+00:00\",\"description\":\"Urne en c\u00e9ramique noire avec un motif de voiture de course en forme de goutte d\u2019eau. Adapt\u00e9 aux cendres de cr\u00e9mation et muni d\u2019un nom. Styl\u00e9 et personnel.\",\"breadcrumb\":{\"@id\":\"https:\\\/\\\/crematieasinglas.nl\\\/fr\\\/product\\\/ku6040-urnes-en-ceramique-de-grande-taille\\\/#breadcrumb\"},\"inLanguage\":\"fr-FR\",\"potentialAction\":[{\"@type\":\"ReadAction\",\"target\":[\"https:\\\/\\\/crematieasinglas.nl\\\/fr\\\/product\\\/ku6040-urnes-en-ceramique-de-grande-taille\\\/\"]}]},{\"@type\":\"ImageObject\",\"inLanguage\":\"fr-FR\",\"@id\":\"https:\\\/\\\/crematieasinglas.nl\\\/fr\\\/product\\\/ku6040-urnes-en-ceramique-de-grande-taille\\\/#primaryimage\",\"url\":\"https:\\\/\\\/crematieasinglas.nl\\\/wp-content\\\/uploads\\\/2026\\\/04\\\/crematie-as-urn-keramiek-formule-wagen-zwart-3800ml-1-ku6040-scaled.jpg\",\"contentUrl\":\"https:\\\/\\\/crematieasinglas.nl\\\/wp-content\\\/uploads\\\/2026\\\/04\\\/crematie-as-urn-keramiek-formule-wagen-zwart-3800ml-1-ku6040-scaled.jpg\",\"width\":1707,\"height\":2560,\"caption\":\"Urne en c\u00e9ramique noire avec un design de voiture de course pour cendres de cr\u00e9mation en forme de goutte de larme avec un espace pour le nom.\"},{\"@type\":\"BreadcrumbList\",\"@id\":\"https:\\\/\\\/crematieasinglas.nl\\\/fr\\\/product\\\/ku6040-urnes-en-ceramique-de-grande-taille\\\/#breadcrumb\",\"itemListElement\":[{\"@type\":\"ListItem\",\"position\":1,\"name\":\"Home\",\"item\":\"https:\\\/\\\/crematieasinglas.nl\\\/\"},{\"@type\":\"ListItem\",\"position\":2,\"name\":\"Boutique\",\"item\":\"https:\\\/\\\/crematieasinglas.nl\\\/fr\\\/boutique\\\/\"},{\"@type\":\"ListItem\",\"position\":3,\"name\":\"KU6040 | Urnes en c\u00e9ramique de grande taille\"}]},{\"@type\":\"WebSite\",\"@id\":\"https:\\\/\\\/crematieasinglas.nl\\\/#website\",\"url\":\"https:\\\/\\\/crematieasinglas.nl\\\/\",\"name\":\"Winkel voor Crematie-as in glas\",\"description\":\"Een winkel voor crematieasinglas.nl\",\"publisher\":{\"@id\":\"https:\\\/\\\/crematieasinglas.nl\\\/#organization\"},\"potentialAction\":[{\"@type\":\"SearchAction\",\"target\":{\"@type\":\"EntryPoint\",\"urlTemplate\":\"https:\\\/\\\/crematieasinglas.nl\\\/?s={search_term_string}\"},\"query-input\":{\"@type\":\"PropertyValueSpecification\",\"valueRequired\":true,\"valueName\":\"search_term_string\"}}],\"inLanguage\":\"fr-FR\"},{\"@type\":\"Organization\",\"@id\":\"https:\\\/\\\/crematieasinglas.nl\\\/#organization\",\"name\":\"Dierbaarasinglas.nl\",\"alternateName\":\"Crematieasinglas.nl\",\"url\":\"https:\\\/\\\/crematieasinglas.nl\\\/\",\"logo\":{\"@type\":\"ImageObject\",\"inLanguage\":\"fr-FR\",\"@id\":\"https:\\\/\\\/crematieasinglas.nl\\\/#\\\/schema\\\/logo\\\/image\\\/\",\"url\":\"https:\\\/\\\/crematieasinglas.nl\\\/wp-content\\\/uploads\\\/2024\\\/10\\\/logo-02-playfair-googlefont-met-hartje-02.png\",\"contentUrl\":\"https:\\\/\\\/crematieasinglas.nl\\\/wp-content\\\/uploads\\\/2024\\\/10\\\/logo-02-playfair-googlefont-met-hartje-02.png\",\"width\":582,\"height\":136,\"caption\":\"Dierbaarasinglas.nl\"},\"image\":{\"@id\":\"https:\\\/\\\/crematieasinglas.nl\\\/#\\\/schema\\\/logo\\\/image\\\/\"}}]}<\/script>\n<!-- \/ Yoast SEO Premium plugin. -->","yoast_head_json":{"title":"Voiture de course en c\u00e9ramique noire urn","description":"Urne en c\u00e9ramique noire avec un motif de voiture de course en forme de goutte d\u2019eau. Adapt\u00e9 aux cendres de cr\u00e9mation et muni d\u2019un nom. Styl\u00e9 et personnel.","robots":{"index":"index","follow":"follow","max-snippet":"max-snippet:-1","max-image-preview":"max-image-preview:large","max-video-preview":"max-video-preview:-1"},"canonical":"https:\/\/crematieasinglas.nl\/fr\/product\/ku6040-urnes-en-ceramique-de-grande-taille\/","og_locale":"fr_FR","og_type":"article","og_title":"KU6040 | Urnes en c\u00e9ramique de grande taille","og_description":"Urne en c\u00e9ramique noire avec un motif de voiture de course en forme de goutte d\u2019eau. Adapt\u00e9 aux cendres de cr\u00e9mation et muni d\u2019un nom. Styl\u00e9 et personnel.","og_url":"https:\/\/crematieasinglas.nl\/fr\/product\/ku6040-urnes-en-ceramique-de-grande-taille\/","og_site_name":"Winkel voor Crematie-as in glas","og_image":[{"width":1707,"height":2560,"url":"https:\/\/crematieasinglas.nl\/wp-content\/uploads\/2026\/04\/crematie-as-urn-keramiek-formule-wagen-zwart-3800ml-1-ku6040-scaled.jpg","type":"image\/jpeg"}],"twitter_card":"summary_large_image","twitter_misc":{"Dur\u00e9e de lecture estim\u00e9e":"2 minutes"},"schema":{"@context":"https:\/\/schema.org","@graph":[{"@type":"WebPage","@id":"https:\/\/crematieasinglas.nl\/fr\/product\/ku6040-urnes-en-ceramique-de-grande-taille\/","url":"https:\/\/crematieasinglas.nl\/fr\/product\/ku6040-urnes-en-ceramique-de-grande-taille\/","name":"Voiture de course en c\u00e9ramique noire urn","isPartOf":{"@id":"https:\/\/crematieasinglas.nl\/#website"},"primaryImageOfPage":{"@id":"https:\/\/crematieasinglas.nl\/fr\/product\/ku6040-urnes-en-ceramique-de-grande-taille\/#primaryimage"},"image":{"@id":"https:\/\/crematieasinglas.nl\/fr\/product\/ku6040-urnes-en-ceramique-de-grande-taille\/#primaryimage"},"thumbnailUrl":"https:\/\/crematieasinglas.nl\/wp-content\/uploads\/2026\/04\/crematie-as-urn-keramiek-formule-wagen-zwart-3800ml-1-ku6040-scaled.jpg","datePublished":"2026-04-02T11:29:02+00:00","description":"Urne en c\u00e9ramique noire avec un motif de voiture de course en forme de goutte d\u2019eau. Adapt\u00e9 aux cendres de cr\u00e9mation et muni d\u2019un nom. Styl\u00e9 et personnel.","breadcrumb":{"@id":"https:\/\/crematieasinglas.nl\/fr\/product\/ku6040-urnes-en-ceramique-de-grande-taille\/#breadcrumb"},"inLanguage":"fr-FR","potentialAction":[{"@type":"ReadAction","target":["https:\/\/crematieasinglas.nl\/fr\/product\/ku6040-urnes-en-ceramique-de-grande-taille\/"]}]},{"@type":"ImageObject","inLanguage":"fr-FR","@id":"https:\/\/crematieasinglas.nl\/fr\/product\/ku6040-urnes-en-ceramique-de-grande-taille\/#primaryimage","url":"https:\/\/crematieasinglas.nl\/wp-content\/uploads\/2026\/04\/crematie-as-urn-keramiek-formule-wagen-zwart-3800ml-1-ku6040-scaled.jpg","contentUrl":"https:\/\/crematieasinglas.nl\/wp-content\/uploads\/2026\/04\/crematie-as-urn-keramiek-formule-wagen-zwart-3800ml-1-ku6040-scaled.jpg","width":1707,"height":2560,"caption":"Urne en c\u00e9ramique noire avec un design de voiture de course pour cendres de cr\u00e9mation en forme de goutte de larme avec un espace pour le nom."},{"@type":"BreadcrumbList","@id":"https:\/\/crematieasinglas.nl\/fr\/product\/ku6040-urnes-en-ceramique-de-grande-taille\/#breadcrumb","itemListElement":[{"@type":"ListItem","position":1,"name":"Home","item":"https:\/\/crematieasinglas.nl\/"},{"@type":"ListItem","position":2,"name":"Boutique","item":"https:\/\/crematieasinglas.nl\/fr\/boutique\/"},{"@type":"ListItem","position":3,"name":"KU6040 | Urnes en c\u00e9ramique de grande taille"}]},{"@type":"WebSite","@id":"https:\/\/crematieasinglas.nl\/#website","url":"https:\/\/crematieasinglas.nl\/","name":"Winkel voor Crematie-as in glas","description":"Een winkel voor crematieasinglas.nl","publisher":{"@id":"https:\/\/crematieasinglas.nl\/#organization"},"potentialAction":[{"@type":"SearchAction","target":{"@type":"EntryPoint","urlTemplate":"https:\/\/crematieasinglas.nl\/?s={search_term_string}"},"query-input":{"@type":"PropertyValueSpecification","valueRequired":true,"valueName":"search_term_string"}}],"inLanguage":"fr-FR"},{"@type":"Organization","@id":"https:\/\/crematieasinglas.nl\/#organization","name":"Dierbaarasinglas.nl","alternateName":"Crematieasinglas.nl","url":"https:\/\/crematieasinglas.nl\/","logo":{"@type":"ImageObject","inLanguage":"fr-FR","@id":"https:\/\/crematieasinglas.nl\/#\/schema\/logo\/image\/","url":"https:\/\/crematieasinglas.nl\/wp-content\/uploads\/2024\/10\/logo-02-playfair-googlefont-met-hartje-02.png","contentUrl":"https:\/\/crematieasinglas.nl\/wp-content\/uploads\/2024\/10\/logo-02-playfair-googlefont-met-hartje-02.png","width":582,"height":136,"caption":"Dierbaarasinglas.nl"},"image":{"@id":"https:\/\/crematieasinglas.nl\/#\/schema\/logo\/image\/"}}]}},"_links":{"self":[{"href":"https:\/\/crematieasinglas.nl\/fr\/wp-json\/wp\/v2\/product\/23340","targetHints":{"allow":["GET"]}}],"collection":[{"href":"https:\/\/crematieasinglas.nl\/fr\/wp-json\/wp\/v2\/product"}],"about":[{"href":"https:\/\/crematieasinglas.nl\/fr\/wp-json\/wp\/v2\/types\/product"}],"replies":[{"embeddable":true,"href":"https:\/\/crematieasinglas.nl\/fr\/wp-json\/wp\/v2\/comments?post=23340"}],"wp:featuredmedia":[{"embeddable":true,"href":"https:\/\/crematieasinglas.nl\/fr\/wp-json\/wp\/v2\/media\/23294"}],"wp:attachment":[{"href":"https:\/\/crematieasinglas.nl\/fr\/wp-json\/wp\/v2\/media?parent=23340"}],"wp:term":[{"taxonomy":"product_brand","embeddable":true,"href":"https:\/\/crematieasinglas.nl\/fr\/wp-json\/wp\/v2\/product_brand?post=23340"},{"taxonomy":"product_cat","embeddable":true,"href":"https:\/\/crematieasinglas.nl\/fr\/wp-json\/wp\/v2\/product_cat?post=23340"},{"taxonomy":"product_tag","embeddable":true,"href":"https:\/\/crematieasinglas.nl\/fr\/wp-json\/wp\/v2\/product_tag?post=23340"}],"curies":[{"name":"wp","href":"https:\/\/api.w.org\/{rel}","templated":true}]}}