{"id":23183,"date":"2026-03-14T16:06:54","date_gmt":"2026-03-14T16:06:54","guid":{"rendered":"https:\/\/crematieasinglas.nl\/?post_type=product&#038;p=23183"},"modified":"2026-04-03T12:16:49","modified_gmt":"2026-04-03T12:16:49","slug":"dsa3008-commemorer-le-bracelet-pour-femme-avec-cendres-de-cremation-kopie","status":"publish","type":"product","link":"https:\/\/crematieasinglas.nl\/fr\/produit\/dsa3008-commemorer-le-bracelet-pour-femme-avec-cendres-de-cremation-kopie\/","title":{"rendered":"DSA3025 | Comm\u00e9morer le bracelet f\u00e9minin avec une m\u00e8che de cheveux"},"content":{"rendered":"<p>Num\u00e9ro de code : DSA3025<br \/>\nCollection : Pour elle<br \/>\nCat\u00e9gorie : bracelets comm\u00e9moratifs pour femmes<\/p>\n<h3>Temps de traitement ; 8 jours ouvr\u00e9s apr\u00e8s avoir re\u00e7u la m\u00e8che de cheveux<\/h3>\n<h3>Description sp\u00e9cifique :<\/h3>\n<div class=\"ewa-rteLine\">Ce bracelet \u00e9l\u00e9gant pour femmes est fabriqu\u00e9 en acier inoxydable 316 et \u00e9quip\u00e9 d\u2019un crochet s\u00e9curis\u00e9, ce qui rend le bracelet confortable et fiable \u00e0 porter. Le bracelet a une largeur de 4 mm et est disponible en tailles S, M et L. Le bracelet convient \u00e0 une taille de poignet d\u2019environ 15,5 cm \u00e0 19,5 cm. <\/div>\n<div class=\"ewa-rteLine\">Le bracelet comporte un breloque en acier inoxydable noir en acier inoxydable 316, dans lequel une m\u00e8che de cheveux d\u2019un \u00eatre cher est trait\u00e9e. La m\u00e8che de cheveux est soigneusement plac\u00e9e dans le charme puis finie avec une couche de r\u00e9sine protectrice transparente, afin que les cheveux soient bien encapsul\u00e9s et bien prot\u00e9g\u00e9s. <\/div>\n<div class=\"ewa-rteLine\">Le pendentif est plac\u00e9 entre deux bouchons en argent 925, ce qui le maintient soigneusement en place pendant que le bracelet est port\u00e9.<\/div>\n<div class=\"ewa-rteLine\">Veuillez noter : ce bracelet n\u2019est pas un bijou auto-remplissable. La m\u00e8che de cheveux est trait\u00e9e personnellement et avec beaucoup de soin dans mon atelier. Comme chaque m\u00e8che de cheveux est unique, le r\u00e9sultat final peut l\u00e9g\u00e8rement varier en couleur et en structure.  <\/div>\n<div class=\"ewa-rteLine\">La taille du bracelet sera choisie apr\u00e8s commande en consultation avec vous. Je vous contacterai par e-mail \u00e0 ce sujet. Un bijou comm\u00e9moratif personnel et durable, r\u00e9alis\u00e9 avec soin et attention.  <\/div>\n<div class=\"ewa-rteLine\">Crematieasinglas.nl est une marque d\u00e9pos\u00e9e et garantie, enregistr\u00e9e aupr\u00e8s de l\u2019Office du Benelux pour la Propri\u00e9t\u00e9 Intellectuelle (B.O.I.P.). Vous recevrez un bijou comm\u00e9moratif authentique et fait main \u2013 sans production de masse ni r\u00e9pliques. <\/div>\n<h3>Description :<\/h3>\n<h2>Un bracelet comm\u00e9moratif pour femmes avec une m\u00e8che de cheveux est une fa\u00e7on \u00e9l\u00e9gante de porter un \u00eatre cher pr\u00e8s de soi.<\/h2>\n<div class=\"ewa-rteLine\">Ce bracelet comm\u00e9moratif pour dames avec une m\u00e8che de cheveux en breloque noire est une belle et personnelle fa\u00e7on de garder un \u00eatre cher pr\u00e8s de lui. Alliant beaut\u00e9 et valeur \u00e9motionnelle, cette pi\u00e8ce comm\u00e9morative subtile pour elle est sp\u00e9cialement con\u00e7ue pour les femmes qui souhaitent porter un souvenir tangible. <\/div>\n<div class=\"ewa-rteLine\">Dans le charme noir de l\u2019acier inoxydable 316, une m\u00e8che de cheveux d\u2019un \u00eatre cher est soigneusement enferm\u00e9e. La m\u00e8che est ensuite termin\u00e9e par une couche de cire protectrice transparente, garantissant que les cheveux sont bien encapsul\u00e9s et bien prot\u00e9g\u00e9s. <\/div>\n<div class=\"ewa-rteLine\">Le bracelet est un \u00e9l\u00e9gant bracelet en acier inoxydable en acier inoxydable 316, \u00e9quip\u00e9 d\u2019un crochet s\u00e9curis\u00e9, rendant le bijou confortable et fiable \u00e0 porter. Le charme est plac\u00e9 entre deux bouchons argent\u00e9s 925, donc il reste bien en place pendant qu\u2019il est port\u00e9. <\/div>\n<div class=\"ewa-rteLine\">Comme chaque m\u00e8che de cheveux est unique, le r\u00e9sultat final peut toujours varier l\u00e9g\u00e8rement en couleur et en structure. C\u2019est pr\u00e9cis\u00e9ment ce qui rend chaque pi\u00e8ce de bijou personnelle et unique. <\/div>\n<h3>Informations :<\/h3>\n<p>Hauteur : 1 cm<br \/>\nLargeur : sur mesure<br \/>\nProfondeur :<br \/>\n Couleur : argent<br \/>\nContenu : n.a.<br \/>\nStock : 1 article en stock<\/p>\n<h3>Conditions de livraison :<\/h3>\n<div class=\"ewa-rteLine\">Apr\u00e8s avoir pass\u00e9 votre commande, je vous contacterai par e-mail. Vous recevrez alors un e-mail d\u2019information et une \u00e9tiquette d\u2019exp\u00e9dition num\u00e9rique gratuite avec laquelle vous pourrez m\u2019envoyer une petite m\u00e8che de cheveux. <\/div>\n<div class=\"ewa-rteLine\">Il suffit d\u2019une petite quantit\u00e9 de cheveux pour fabriquer ce bijou. Une m\u00e8che de cheveux d\u2019environ l\u2019\u00e9paisseur d\u2019un crayon et d\u2019environ 5 cm de long suffit pour fabriquer le bijou. <\/div>\n<div class=\"ewa-rteLine\">Malheureusement, il ne m\u2019est pas possible de demander une \u00e9tiquette d\u2019exp\u00e9dition num\u00e9rique pour les clients hors des Pays-Bas. Un timbre d\u2019exp\u00e9dition \u00e9tranger pour m\u2019envoyer une m\u00e8che de cheveux ne peut donc pas \u00eatre rembours\u00e9 par moi. Bien s\u00fbr, je suis heureux de te donner des conseils pour m\u2019envoyer une m\u00e8che de cheveux en toute s\u00e9curit\u00e9 depuis l\u2019\u00e9tranger.  <\/div>\n<div class=\"ewa-rteLine\">L\u2019\u00e9tiquette d\u2019exp\u00e9dition pour envoyer la m\u00e8che de cheveux est une \u00e9tiquette pour un colis bo\u00eete aux lettres DHL qui arrive directement chez moi et que vous pouvez suivre via le suivi et la trace. Vous pouvez retourner gratuitement le colis bo\u00eete aux lettres \u00e0 un point de d\u00e9p\u00f4t DHL dans les 5 jours ouvr\u00e9s. <\/div>\n<div class=\"ewa-rteLine\">Dans l\u2019email d\u2019information, j\u2019explique aussi les dimensions du colis de la bo\u00eete aux lettres et le point de d\u00e9p\u00f4t DHL le plus proche dans votre r\u00e9gion.<\/div>\n<div class=\"ewa-rteLine\">Un transport s\u00fbr et tra\u00e7able a toujours \u00e9t\u00e9 possible gr\u00e2ce \u00e0 cela jusqu\u2019\u00e0 pr\u00e9sent. Bien s\u00fbr, nous ne pouvons pas assumer la responsabilit\u00e9 si quelque chose tourne mal de mani\u00e8re inattendue avec le transporteur. <\/div>\n<p><a href=\"https:\/\/crematieasinglas.nl\/fr\/\">site web crematieasinglas.nl<\/a><\/p>\n<p>Vid\u00e9o ;<\/p>\n<div style=\"width: 832px;\" class=\"wp-video\"><video class=\"wp-video-shortcode\" id=\"video-23183-1\" width=\"832\" height=\"1104\" preload=\"metadata\" controls=\"controls\"><source type=\"video\/mp4\" src=\"https:\/\/crematieasinglas.nl\/wp-content\/uploads\/2026\/03\/haarlok-sieraad-armband-dames-video-dsa3025.mp4?_=1\" \/><a href=\"https:\/\/crematieasinglas.nl\/wp-content\/uploads\/2026\/03\/haarlok-sieraad-armband-dames-video-dsa3025.mp4\">https:\/\/crematieasinglas.nl\/wp-content\/uploads\/2026\/03\/haarlok-sieraad-armband-dames-video-dsa3025.mp4<\/a><\/video><\/div>\n","protected":false},"excerpt":{"rendered":"<p>Un bracelet comm\u00e9moratif pour femmes avec une m\u00e8che de cheveux est une fa\u00e7on \u00e9l\u00e9gante de porter un \u00eatre cher pr\u00e8s de soi. Avec un design personnalis\u00e9 qui rappelle des souvenirs pr\u00e9cieux. <\/p>\n","protected":false},"featured_media":23191,"comment_status":"closed","ping_status":"closed","template":"","meta":[],"product_brand":[],"product_cat":[913,912],"product_tag":[],"class_list":{"0":"post-23183","1":"product","2":"type-product","3":"status-publish","4":"has-post-thumbnail","6":"product_cat-bracelets-femme-remember-dsa-3000","7":"product_cat-pour-elle","8":"pa_inhoud-n-a-fr","9":"pa_kleur-argent","10":"pa_kleur-noir","12":"first","13":"instock","14":"purchasable","15":"product-type-simple"},"yoast_head":"<!-- This site is optimized with the Yoast SEO Premium plugin v27.5 (Yoast SEO v27.5) - https:\/\/yoast.com\/product\/yoast-seo-premium-wordpress\/ -->\n<title>Bracelet comm\u00e9moratif pour dames avec cendres ou cheveux de cr\u00e9mation<\/title>\n<meta name=\"description\" content=\"Un bracelet comm\u00e9moratif pour femmes avec des cendres de cr\u00e9mation est une fa\u00e7on \u00e9l\u00e9gante de porter un \u00eatre cher pr\u00e8s de vous. Avec un design contemporain personnalis\u00e9\" \/>\n<meta name=\"robots\" content=\"index, follow, max-snippet:-1, max-image-preview:large, max-video-preview:-1\" \/>\n<link rel=\"canonical\" href=\"https:\/\/crematieasinglas.nl\/fr\/product\/dsa3008-commemorer-le-bracelet-pour-femme-avec-cendres-de-cremation-kopie\/\" \/>\n<meta property=\"og:locale\" content=\"fr_FR\" \/>\n<meta property=\"og:type\" content=\"article\" \/>\n<meta property=\"og:title\" content=\"DSA3025 | Comm\u00e9morer le bracelet f\u00e9minin avec une m\u00e8che de cheveux\" \/>\n<meta property=\"og:description\" content=\"Un bracelet comm\u00e9moratif pour femmes avec des cendres de cr\u00e9mation est une fa\u00e7on \u00e9l\u00e9gante de porter un \u00eatre cher pr\u00e8s de vous. Avec un design contemporain personnalis\u00e9\" \/>\n<meta property=\"og:url\" content=\"https:\/\/crematieasinglas.nl\/fr\/product\/dsa3008-commemorer-le-bracelet-pour-femme-avec-cendres-de-cremation-kopie\/\" \/>\n<meta property=\"og:site_name\" content=\"Winkel voor Crematie-as in glas\" \/>\n<meta property=\"article:modified_time\" content=\"2026-04-03T12:16:49+00:00\" \/>\n<meta property=\"og:image\" content=\"https:\/\/crematieasinglas.nl\/wp-content\/uploads\/2026\/03\/haarlok-sieraad-armband-dames-1-dsa3025.jpg\" \/>\n\t<meta property=\"og:image:width\" content=\"1000\" \/>\n\t<meta property=\"og:image:height\" content=\"667\" \/>\n\t<meta property=\"og:image:type\" content=\"image\/jpeg\" \/>\n<meta name=\"twitter:card\" content=\"summary_large_image\" \/>\n<meta name=\"twitter:label1\" content=\"Dur\u00e9e de lecture estim\u00e9e\" \/>\n\t<meta name=\"twitter:data1\" content=\"4 minutes\" \/>\n<script type=\"application\/ld+json\" class=\"yoast-schema-graph\">{\"@context\":\"https:\\\/\\\/schema.org\",\"@graph\":[{\"@type\":\"WebPage\",\"@id\":\"https:\\\/\\\/crematieasinglas.nl\\\/fr\\\/product\\\/dsa3008-commemorer-le-bracelet-pour-femme-avec-cendres-de-cremation-kopie\\\/\",\"url\":\"https:\\\/\\\/crematieasinglas.nl\\\/fr\\\/product\\\/dsa3008-commemorer-le-bracelet-pour-femme-avec-cendres-de-cremation-kopie\\\/\",\"name\":\"Bracelet comm\u00e9moratif pour dames avec cendres ou cheveux de cr\u00e9mation\",\"isPartOf\":{\"@id\":\"https:\\\/\\\/crematieasinglas.nl\\\/#website\"},\"primaryImageOfPage\":{\"@id\":\"https:\\\/\\\/crematieasinglas.nl\\\/fr\\\/product\\\/dsa3008-commemorer-le-bracelet-pour-femme-avec-cendres-de-cremation-kopie\\\/#primaryimage\"},\"image\":{\"@id\":\"https:\\\/\\\/crematieasinglas.nl\\\/fr\\\/product\\\/dsa3008-commemorer-le-bracelet-pour-femme-avec-cendres-de-cremation-kopie\\\/#primaryimage\"},\"thumbnailUrl\":\"https:\\\/\\\/crematieasinglas.nl\\\/wp-content\\\/uploads\\\/2026\\\/03\\\/haarlok-sieraad-armband-dames-1-dsa3025.jpg\",\"datePublished\":\"2026-03-14T16:06:54+00:00\",\"dateModified\":\"2026-04-03T12:16:49+00:00\",\"description\":\"Un bracelet comm\u00e9moratif pour femmes avec des cendres de cr\u00e9mation est une fa\u00e7on \u00e9l\u00e9gante de porter un \u00eatre cher pr\u00e8s de vous. Avec un design contemporain personnalis\u00e9\",\"breadcrumb\":{\"@id\":\"https:\\\/\\\/crematieasinglas.nl\\\/fr\\\/product\\\/dsa3008-commemorer-le-bracelet-pour-femme-avec-cendres-de-cremation-kopie\\\/#breadcrumb\"},\"inLanguage\":\"fr-FR\",\"potentialAction\":[{\"@type\":\"ReadAction\",\"target\":[\"https:\\\/\\\/crematieasinglas.nl\\\/fr\\\/product\\\/dsa3008-commemorer-le-bracelet-pour-femme-avec-cendres-de-cremation-kopie\\\/\"]}]},{\"@type\":\"ImageObject\",\"inLanguage\":\"fr-FR\",\"@id\":\"https:\\\/\\\/crematieasinglas.nl\\\/fr\\\/product\\\/dsa3008-commemorer-le-bracelet-pour-femme-avec-cendres-de-cremation-kopie\\\/#primaryimage\",\"url\":\"https:\\\/\\\/crematieasinglas.nl\\\/wp-content\\\/uploads\\\/2026\\\/03\\\/haarlok-sieraad-armband-dames-1-dsa3025.jpg\",\"contentUrl\":\"https:\\\/\\\/crematieasinglas.nl\\\/wp-content\\\/uploads\\\/2026\\\/03\\\/haarlok-sieraad-armband-dames-1-dsa3025.jpg\",\"width\":1000,\"height\":667,\"caption\":\"Bracelet comm\u00e9moratif f\u00e9minin avec une m\u00e8che de cheveux en breloque en acier inoxydable noir sur un bracelet en acier inoxydable 316.\"},{\"@type\":\"BreadcrumbList\",\"@id\":\"https:\\\/\\\/crematieasinglas.nl\\\/fr\\\/product\\\/dsa3008-commemorer-le-bracelet-pour-femme-avec-cendres-de-cremation-kopie\\\/#breadcrumb\",\"itemListElement\":[{\"@type\":\"ListItem\",\"position\":1,\"name\":\"Home\",\"item\":\"https:\\\/\\\/crematieasinglas.nl\\\/\"},{\"@type\":\"ListItem\",\"position\":2,\"name\":\"Boutique\",\"item\":\"https:\\\/\\\/crematieasinglas.nl\\\/fr\\\/boutique\\\/\"},{\"@type\":\"ListItem\",\"position\":3,\"name\":\"DSA3025 | Comm\u00e9morer le bracelet f\u00e9minin avec une m\u00e8che de cheveux\"}]},{\"@type\":\"WebSite\",\"@id\":\"https:\\\/\\\/crematieasinglas.nl\\\/#website\",\"url\":\"https:\\\/\\\/crematieasinglas.nl\\\/\",\"name\":\"Winkel voor Crematie-as in glas\",\"description\":\"Een winkel voor crematieasinglas.nl\",\"publisher\":{\"@id\":\"https:\\\/\\\/crematieasinglas.nl\\\/#organization\"},\"potentialAction\":[{\"@type\":\"SearchAction\",\"target\":{\"@type\":\"EntryPoint\",\"urlTemplate\":\"https:\\\/\\\/crematieasinglas.nl\\\/?s={search_term_string}\"},\"query-input\":{\"@type\":\"PropertyValueSpecification\",\"valueRequired\":true,\"valueName\":\"search_term_string\"}}],\"inLanguage\":\"fr-FR\"},{\"@type\":\"Organization\",\"@id\":\"https:\\\/\\\/crematieasinglas.nl\\\/#organization\",\"name\":\"Dierbaarasinglas.nl\",\"alternateName\":\"Crematieasinglas.nl\",\"url\":\"https:\\\/\\\/crematieasinglas.nl\\\/\",\"logo\":{\"@type\":\"ImageObject\",\"inLanguage\":\"fr-FR\",\"@id\":\"https:\\\/\\\/crematieasinglas.nl\\\/#\\\/schema\\\/logo\\\/image\\\/\",\"url\":\"https:\\\/\\\/crematieasinglas.nl\\\/wp-content\\\/uploads\\\/2024\\\/10\\\/logo-02-playfair-googlefont-met-hartje-02.png\",\"contentUrl\":\"https:\\\/\\\/crematieasinglas.nl\\\/wp-content\\\/uploads\\\/2024\\\/10\\\/logo-02-playfair-googlefont-met-hartje-02.png\",\"width\":582,\"height\":136,\"caption\":\"Dierbaarasinglas.nl\"},\"image\":{\"@id\":\"https:\\\/\\\/crematieasinglas.nl\\\/#\\\/schema\\\/logo\\\/image\\\/\"}}]}<\/script>\n<!-- \/ Yoast SEO Premium plugin. -->","yoast_head_json":{"title":"Bracelet comm\u00e9moratif pour dames avec cendres ou cheveux de cr\u00e9mation","description":"Un bracelet comm\u00e9moratif pour femmes avec des cendres de cr\u00e9mation est une fa\u00e7on \u00e9l\u00e9gante de porter un \u00eatre cher pr\u00e8s de vous. Avec un design contemporain personnalis\u00e9","robots":{"index":"index","follow":"follow","max-snippet":"max-snippet:-1","max-image-preview":"max-image-preview:large","max-video-preview":"max-video-preview:-1"},"canonical":"https:\/\/crematieasinglas.nl\/fr\/product\/dsa3008-commemorer-le-bracelet-pour-femme-avec-cendres-de-cremation-kopie\/","og_locale":"fr_FR","og_type":"article","og_title":"DSA3025 | Comm\u00e9morer le bracelet f\u00e9minin avec une m\u00e8che de cheveux","og_description":"Un bracelet comm\u00e9moratif pour femmes avec des cendres de cr\u00e9mation est une fa\u00e7on \u00e9l\u00e9gante de porter un \u00eatre cher pr\u00e8s de vous. Avec un design contemporain personnalis\u00e9","og_url":"https:\/\/crematieasinglas.nl\/fr\/product\/dsa3008-commemorer-le-bracelet-pour-femme-avec-cendres-de-cremation-kopie\/","og_site_name":"Winkel voor Crematie-as in glas","article_modified_time":"2026-04-03T12:16:49+00:00","og_image":[{"width":1000,"height":667,"url":"https:\/\/crematieasinglas.nl\/wp-content\/uploads\/2026\/03\/haarlok-sieraad-armband-dames-1-dsa3025.jpg","type":"image\/jpeg"}],"twitter_card":"summary_large_image","twitter_misc":{"Dur\u00e9e de lecture estim\u00e9e":"4 minutes"},"schema":{"@context":"https:\/\/schema.org","@graph":[{"@type":"WebPage","@id":"https:\/\/crematieasinglas.nl\/fr\/product\/dsa3008-commemorer-le-bracelet-pour-femme-avec-cendres-de-cremation-kopie\/","url":"https:\/\/crematieasinglas.nl\/fr\/product\/dsa3008-commemorer-le-bracelet-pour-femme-avec-cendres-de-cremation-kopie\/","name":"Bracelet comm\u00e9moratif pour dames avec cendres ou cheveux de cr\u00e9mation","isPartOf":{"@id":"https:\/\/crematieasinglas.nl\/#website"},"primaryImageOfPage":{"@id":"https:\/\/crematieasinglas.nl\/fr\/product\/dsa3008-commemorer-le-bracelet-pour-femme-avec-cendres-de-cremation-kopie\/#primaryimage"},"image":{"@id":"https:\/\/crematieasinglas.nl\/fr\/product\/dsa3008-commemorer-le-bracelet-pour-femme-avec-cendres-de-cremation-kopie\/#primaryimage"},"thumbnailUrl":"https:\/\/crematieasinglas.nl\/wp-content\/uploads\/2026\/03\/haarlok-sieraad-armband-dames-1-dsa3025.jpg","datePublished":"2026-03-14T16:06:54+00:00","dateModified":"2026-04-03T12:16:49+00:00","description":"Un bracelet comm\u00e9moratif pour femmes avec des cendres de cr\u00e9mation est une fa\u00e7on \u00e9l\u00e9gante de porter un \u00eatre cher pr\u00e8s de vous. Avec un design contemporain personnalis\u00e9","breadcrumb":{"@id":"https:\/\/crematieasinglas.nl\/fr\/product\/dsa3008-commemorer-le-bracelet-pour-femme-avec-cendres-de-cremation-kopie\/#breadcrumb"},"inLanguage":"fr-FR","potentialAction":[{"@type":"ReadAction","target":["https:\/\/crematieasinglas.nl\/fr\/product\/dsa3008-commemorer-le-bracelet-pour-femme-avec-cendres-de-cremation-kopie\/"]}]},{"@type":"ImageObject","inLanguage":"fr-FR","@id":"https:\/\/crematieasinglas.nl\/fr\/product\/dsa3008-commemorer-le-bracelet-pour-femme-avec-cendres-de-cremation-kopie\/#primaryimage","url":"https:\/\/crematieasinglas.nl\/wp-content\/uploads\/2026\/03\/haarlok-sieraad-armband-dames-1-dsa3025.jpg","contentUrl":"https:\/\/crematieasinglas.nl\/wp-content\/uploads\/2026\/03\/haarlok-sieraad-armband-dames-1-dsa3025.jpg","width":1000,"height":667,"caption":"Bracelet comm\u00e9moratif f\u00e9minin avec une m\u00e8che de cheveux en breloque en acier inoxydable noir sur un bracelet en acier inoxydable 316."},{"@type":"BreadcrumbList","@id":"https:\/\/crematieasinglas.nl\/fr\/product\/dsa3008-commemorer-le-bracelet-pour-femme-avec-cendres-de-cremation-kopie\/#breadcrumb","itemListElement":[{"@type":"ListItem","position":1,"name":"Home","item":"https:\/\/crematieasinglas.nl\/"},{"@type":"ListItem","position":2,"name":"Boutique","item":"https:\/\/crematieasinglas.nl\/fr\/boutique\/"},{"@type":"ListItem","position":3,"name":"DSA3025 | Comm\u00e9morer le bracelet f\u00e9minin avec une m\u00e8che de cheveux"}]},{"@type":"WebSite","@id":"https:\/\/crematieasinglas.nl\/#website","url":"https:\/\/crematieasinglas.nl\/","name":"Winkel voor Crematie-as in glas","description":"Een winkel voor crematieasinglas.nl","publisher":{"@id":"https:\/\/crematieasinglas.nl\/#organization"},"potentialAction":[{"@type":"SearchAction","target":{"@type":"EntryPoint","urlTemplate":"https:\/\/crematieasinglas.nl\/?s={search_term_string}"},"query-input":{"@type":"PropertyValueSpecification","valueRequired":true,"valueName":"search_term_string"}}],"inLanguage":"fr-FR"},{"@type":"Organization","@id":"https:\/\/crematieasinglas.nl\/#organization","name":"Dierbaarasinglas.nl","alternateName":"Crematieasinglas.nl","url":"https:\/\/crematieasinglas.nl\/","logo":{"@type":"ImageObject","inLanguage":"fr-FR","@id":"https:\/\/crematieasinglas.nl\/#\/schema\/logo\/image\/","url":"https:\/\/crematieasinglas.nl\/wp-content\/uploads\/2024\/10\/logo-02-playfair-googlefont-met-hartje-02.png","contentUrl":"https:\/\/crematieasinglas.nl\/wp-content\/uploads\/2024\/10\/logo-02-playfair-googlefont-met-hartje-02.png","width":582,"height":136,"caption":"Dierbaarasinglas.nl"},"image":{"@id":"https:\/\/crematieasinglas.nl\/#\/schema\/logo\/image\/"}}]}},"_links":{"self":[{"href":"https:\/\/crematieasinglas.nl\/fr\/wp-json\/wp\/v2\/product\/23183","targetHints":{"allow":["GET"]}}],"collection":[{"href":"https:\/\/crematieasinglas.nl\/fr\/wp-json\/wp\/v2\/product"}],"about":[{"href":"https:\/\/crematieasinglas.nl\/fr\/wp-json\/wp\/v2\/types\/product"}],"replies":[{"embeddable":true,"href":"https:\/\/crematieasinglas.nl\/fr\/wp-json\/wp\/v2\/comments?post=23183"}],"wp:featuredmedia":[{"embeddable":true,"href":"https:\/\/crematieasinglas.nl\/fr\/wp-json\/wp\/v2\/media\/23191"}],"wp:attachment":[{"href":"https:\/\/crematieasinglas.nl\/fr\/wp-json\/wp\/v2\/media?parent=23183"}],"wp:term":[{"taxonomy":"product_brand","embeddable":true,"href":"https:\/\/crematieasinglas.nl\/fr\/wp-json\/wp\/v2\/product_brand?post=23183"},{"taxonomy":"product_cat","embeddable":true,"href":"https:\/\/crematieasinglas.nl\/fr\/wp-json\/wp\/v2\/product_cat?post=23183"},{"taxonomy":"product_tag","embeddable":true,"href":"https:\/\/crematieasinglas.nl\/fr\/wp-json\/wp\/v2\/product_tag?post=23183"}],"curies":[{"name":"wp","href":"https:\/\/api.w.org\/{rel}","templated":true}]}}