{"id":23143,"date":"2026-03-05T14:50:11","date_gmt":"2026-03-05T14:50:11","guid":{"rendered":"https:\/\/crematieasinglas.nl\/?post_type=product&#038;p=23143"},"modified":"2026-03-09T12:28:53","modified_gmt":"2026-03-09T12:28:53","slug":"gu2009-urne-et-papillon-en-verre-transparent-rose-personnalise-kopie","status":"publish","type":"product","link":"https:\/\/crematieasinglas.nl\/fr\/produit\/gu2009-urne-et-papillon-en-verre-transparent-rose-personnalise-kopie\/","title":{"rendered":"GU2024 | Urne moyenne et papillon en verre transparent violet personnalis\u00e9s"},"content":{"rendered":"<p>Num\u00e9ro de code : GU2024<br \/>\nCollection : Urnes<br \/>\nCat\u00e9gorie : Urnes Verre personnalis\u00e9 | GU 2000<\/p>\n<h2>D\u00e9lai de livraison :<\/h2>\n<h3>8 jours ouvrables (2 semaines)<\/h3>\n<h2>Informations :<\/h2>\n<p>Taille : 19 cm<br \/>\nLargeur : 10 cm<br \/>\nProfondeur : 10 cm<br \/>\nCouleur : Violet transparent<br \/>\nContenu : 260 ml<br \/>\nStock : 1 article en stock<br \/>\nUrne \u00e0 remplir vous-m\u00eame : Oui, le manuel est inclus<\/p>\n<h3>Description :<\/h3>\n<h2>Urne moyenne et papillon en verre transparent violet personnalis\u00e9s<\/h2>\n<p>Urne moyenne et papillon en verre transparent violet. Sur l\u2019urne, le texte \u00ab toujours dans notre c\u0153ur \u00bb et possiblement. 3 \u00e9toiles ou 3 c\u0153urs plac\u00e9s. Vous pouvez placer le papillon sur l\u2019urne apr\u00e8s l\u2019avoir remplie.  <\/p>\n<p>Veuillez noter que le papillon et l\u2019urne peuvent diff\u00e9rer en intensit\u00e9\/d\u00e9grad\u00e9 de couleur par rapport \u00e0 la photo, car chaque urne et papillon est fait main et unique. Avec un ruban double face tr\u00e8s r\u00e9sistant, vous pouvez fixer le papillon \u00e0 l\u2019urne apr\u00e8s l\u2019avoir remplie. Ce ruban est d\u00e9j\u00e0 attach\u00e9 au papillon. Un manuel est inclus pour le placement et le remplissage des papillons de l\u2019urne. Cette urne convient \u00e0 une petite partie d\u2019une destination de cendres de cr\u00e9mation, \u00e0 savoir un contenu de 260 ml.    <\/p>\n<p>Conditions de livraison :<\/p>\n<p>Bien que cette urne soit fabriqu\u00e9e \u00e0 la main sur commande, nous comprenons qu\u2019il est agr\u00e9able d\u2019avoir la possibilit\u00e9 de la retourner malgr\u00e9 la personnalisation. Par cons\u00e9quent, le retour avec cette urne est possible sous certaines conditions.  Consultez notre page <a href=\"https:\/\/crematieasinglas.nl\/fr\/nos-cendres-de-cremation-urnes-et-bijoux-en-verre\/\">https:\/\/crematieasinglas.nl\/onze-crematie-as-urnen-en-sieraden-van-glas\/<\/a> Si vous avez des questions \u00e0 l\u2019avance, n\u2019h\u00e9sitez pas \u00e0 info@crematieasinglas.nl envoyer un e-mail<\/p>\n<p>Vid\u00e9o :<\/p>\n<div style=\"width: 960px;\" class=\"wp-video\"><video class=\"wp-video-shortcode\" id=\"video-23143-1\" width=\"960\" height=\"960\" preload=\"metadata\" controls=\"controls\"><source type=\"video\/mp4\" src=\"https:\/\/crematieasinglas.nl\/wp-content\/uploads\/2026\/03\/crematie-as-urn-glas-medium-vlinder-paars-video-gu2024.mp4?_=1\" \/><a href=\"https:\/\/crematieasinglas.nl\/wp-content\/uploads\/2026\/03\/crematie-as-urn-glas-medium-vlinder-paars-video-gu2024.mp4\">https:\/\/crematieasinglas.nl\/wp-content\/uploads\/2026\/03\/crematie-as-urn-glas-medium-vlinder-paars-video-gu2024.mp4<\/a><\/video><\/div>\n","protected":false},"excerpt":{"rendered":"<p>Urne de cendres de cr\u00e9mation en verre et personnalis\u00e9e \u00e0 votre go\u00fbt. Urne moyenne et papillon en verre transparent violet <\/p>\n","protected":false},"featured_media":23151,"comment_status":"closed","ping_status":"closed","template":"","meta":[],"product_brand":[],"product_cat":[898,1024],"product_tag":[],"class_list":{"0":"post-23143","1":"product","2":"type-product","3":"status-publish","4":"has-post-thumbnail","6":"product_cat-urnes","7":"product_cat-urnes-en-verre-personnalisees-gu-2000","8":"pa_inhoud-260ml-fr","9":"pa_kleur-pourpre","10":"pa_leveringsvoorwaarden-apres-votre-commande-je-vous-contacterai-si-vous-souhaitez-aussi-3-coeurs-ou-3-etoiles-au-dessus-de-la-ligne-de-texte","12":"first","13":"instock","14":"taxable","15":"shipping-taxable","16":"purchasable","17":"product-type-simple"},"yoast_head":"<!-- This site is optimized with the Yoast SEO Premium plugin v27.1 (Yoast SEO v27.5) - https:\/\/yoast.com\/product\/yoast-seo-premium-wordpress\/ -->\n<title>GU2024 | Urne moyenne et papillon en verre transparent violet personnalis\u00e9s - Winkel voor Crematie-as in glas<\/title>\n<meta name=\"description\" content=\"Urne moyenne et papillon en verre transparent violet. Verre d\u2019urne pour cendres de cr\u00e9mation, personnalis\u00e9 pour \u00eatre conserv\u00e9 comme un pr\u00e9cieux souvenir\" \/>\n<meta name=\"robots\" content=\"index, follow, max-snippet:-1, max-image-preview:large, max-video-preview:-1\" \/>\n<link rel=\"canonical\" href=\"https:\/\/crematieasinglas.nl\/fr\/produit\/gu2009-urne-et-papillon-en-verre-transparent-rose-personnalise-kopie\/\" \/>\n<meta property=\"og:locale\" content=\"fr_FR\" \/>\n<meta property=\"og:type\" content=\"article\" \/>\n<meta property=\"og:title\" content=\"GU2024 | Urne moyenne et papillon en verre transparent violet personnalis\u00e9s\" \/>\n<meta property=\"og:description\" content=\"Urne moyenne et papillon en verre transparent violet. Verre d\u2019urne pour cendres de cr\u00e9mation, personnalis\u00e9 pour \u00eatre conserv\u00e9 comme un pr\u00e9cieux souvenir\" \/>\n<meta property=\"og:url\" content=\"https:\/\/crematieasinglas.nl\/fr\/produit\/gu2009-urne-et-papillon-en-verre-transparent-rose-personnalise-kopie\/\" \/>\n<meta property=\"og:site_name\" content=\"Winkel voor Crematie-as in glas\" \/>\n<meta property=\"article:modified_time\" content=\"2026-03-09T12:28:53+00:00\" \/>\n<meta property=\"og:image\" content=\"https:\/\/crematieasinglas.nl\/wp-content\/uploads\/2026\/03\/crematie-as-urn-glas-medium-vlinder-paars-1-gu2024.jpg\" \/>\n\t<meta property=\"og:image:width\" content=\"832\" \/>\n\t<meta property=\"og:image:height\" content=\"1248\" \/>\n\t<meta property=\"og:image:type\" content=\"image\/jpeg\" \/>\n<meta name=\"twitter:card\" content=\"summary_large_image\" \/>\n<meta name=\"twitter:label1\" content=\"Dur\u00e9e de lecture estim\u00e9e\" \/>\n\t<meta name=\"twitter:data1\" content=\"1 minute\" \/>\n<script type=\"application\/ld+json\" class=\"yoast-schema-graph\">{\"@context\":\"https:\\\/\\\/schema.org\",\"@graph\":[{\"@type\":\"WebPage\",\"@id\":\"https:\\\/\\\/crematieasinglas.nl\\\/fr\\\/produit\\\/gu2009-urne-et-papillon-en-verre-transparent-rose-personnalise-kopie\\\/\",\"url\":\"https:\\\/\\\/crematieasinglas.nl\\\/fr\\\/produit\\\/gu2009-urne-et-papillon-en-verre-transparent-rose-personnalise-kopie\\\/\",\"name\":\"GU2024 | Urne moyenne et papillon en verre transparent violet personnalis\u00e9s - Winkel voor Crematie-as in glas\",\"isPartOf\":{\"@id\":\"https:\\\/\\\/crematieasinglas.nl\\\/#website\"},\"primaryImageOfPage\":{\"@id\":\"https:\\\/\\\/crematieasinglas.nl\\\/fr\\\/produit\\\/gu2009-urne-et-papillon-en-verre-transparent-rose-personnalise-kopie\\\/#primaryimage\"},\"image\":{\"@id\":\"https:\\\/\\\/crematieasinglas.nl\\\/fr\\\/produit\\\/gu2009-urne-et-papillon-en-verre-transparent-rose-personnalise-kopie\\\/#primaryimage\"},\"thumbnailUrl\":\"https:\\\/\\\/crematieasinglas.nl\\\/wp-content\\\/uploads\\\/2026\\\/03\\\/crematie-as-urn-glas-medium-vlinder-paars-1-gu2024.jpg\",\"datePublished\":\"2026-03-05T14:50:11+00:00\",\"dateModified\":\"2026-03-09T12:28:53+00:00\",\"description\":\"Urne moyenne et papillon en verre transparent violet. Verre d\u2019urne pour cendres de cr\u00e9mation, personnalis\u00e9 pour \u00eatre conserv\u00e9 comme un pr\u00e9cieux souvenir\",\"breadcrumb\":{\"@id\":\"https:\\\/\\\/crematieasinglas.nl\\\/fr\\\/produit\\\/gu2009-urne-et-papillon-en-verre-transparent-rose-personnalise-kopie\\\/#breadcrumb\"},\"inLanguage\":\"fr-FR\",\"potentialAction\":[{\"@type\":\"ReadAction\",\"target\":[\"https:\\\/\\\/crematieasinglas.nl\\\/fr\\\/produit\\\/gu2009-urne-et-papillon-en-verre-transparent-rose-personnalise-kopie\\\/\"]}]},{\"@type\":\"ImageObject\",\"inLanguage\":\"fr-FR\",\"@id\":\"https:\\\/\\\/crematieasinglas.nl\\\/fr\\\/produit\\\/gu2009-urne-et-papillon-en-verre-transparent-rose-personnalise-kopie\\\/#primaryimage\",\"url\":\"https:\\\/\\\/crematieasinglas.nl\\\/wp-content\\\/uploads\\\/2026\\\/03\\\/crematie-as-urn-glas-medium-vlinder-paars-1-gu2024.jpg\",\"contentUrl\":\"https:\\\/\\\/crematieasinglas.nl\\\/wp-content\\\/uploads\\\/2026\\\/03\\\/crematie-as-urn-glas-medium-vlinder-paars-1-gu2024.jpg\",\"width\":832,\"height\":1248,\"caption\":\"Design urn van transparant paars glas met paarse vlinder en zilverkleurige tekst always in our heart voor crematie-as.\"},{\"@type\":\"BreadcrumbList\",\"@id\":\"https:\\\/\\\/crematieasinglas.nl\\\/fr\\\/produit\\\/gu2009-urne-et-papillon-en-verre-transparent-rose-personnalise-kopie\\\/#breadcrumb\",\"itemListElement\":[{\"@type\":\"ListItem\",\"position\":1,\"name\":\"Home\",\"item\":\"https:\\\/\\\/crematieasinglas.nl\\\/\"},{\"@type\":\"ListItem\",\"position\":2,\"name\":\"Boutique\",\"item\":\"https:\\\/\\\/crematieasinglas.nl\\\/fr\\\/boutique\\\/\"},{\"@type\":\"ListItem\",\"position\":3,\"name\":\"GU2024 | Urne moyenne et papillon en verre transparent violet personnalis\u00e9s\"}]},{\"@type\":\"WebSite\",\"@id\":\"https:\\\/\\\/crematieasinglas.nl\\\/#website\",\"url\":\"https:\\\/\\\/crematieasinglas.nl\\\/\",\"name\":\"Winkel voor Crematie-as in glas\",\"description\":\"Een winkel voor crematieasinglas.nl\",\"publisher\":{\"@id\":\"https:\\\/\\\/crematieasinglas.nl\\\/#organization\"},\"potentialAction\":[{\"@type\":\"SearchAction\",\"target\":{\"@type\":\"EntryPoint\",\"urlTemplate\":\"https:\\\/\\\/crematieasinglas.nl\\\/?s={search_term_string}\"},\"query-input\":{\"@type\":\"PropertyValueSpecification\",\"valueRequired\":true,\"valueName\":\"search_term_string\"}}],\"inLanguage\":\"fr-FR\"},{\"@type\":\"Organization\",\"@id\":\"https:\\\/\\\/crematieasinglas.nl\\\/#organization\",\"name\":\"Dierbaarasinglas.nl\",\"alternateName\":\"Crematieasinglas.nl\",\"url\":\"https:\\\/\\\/crematieasinglas.nl\\\/\",\"logo\":{\"@type\":\"ImageObject\",\"inLanguage\":\"fr-FR\",\"@id\":\"https:\\\/\\\/crematieasinglas.nl\\\/#\\\/schema\\\/logo\\\/image\\\/\",\"url\":\"https:\\\/\\\/crematieasinglas.nl\\\/wp-content\\\/uploads\\\/2024\\\/10\\\/logo-02-playfair-googlefont-met-hartje-02.png\",\"contentUrl\":\"https:\\\/\\\/crematieasinglas.nl\\\/wp-content\\\/uploads\\\/2024\\\/10\\\/logo-02-playfair-googlefont-met-hartje-02.png\",\"width\":582,\"height\":136,\"caption\":\"Dierbaarasinglas.nl\"},\"image\":{\"@id\":\"https:\\\/\\\/crematieasinglas.nl\\\/#\\\/schema\\\/logo\\\/image\\\/\"}}]}<\/script>\n<!-- \/ Yoast SEO Premium plugin. -->","yoast_head_json":{"title":"GU2024 | Urne moyenne et papillon en verre transparent violet personnalis\u00e9s - Winkel voor Crematie-as in glas","description":"Urne moyenne et papillon en verre transparent violet. Verre d\u2019urne pour cendres de cr\u00e9mation, personnalis\u00e9 pour \u00eatre conserv\u00e9 comme un pr\u00e9cieux souvenir","robots":{"index":"index","follow":"follow","max-snippet":"max-snippet:-1","max-image-preview":"max-image-preview:large","max-video-preview":"max-video-preview:-1"},"canonical":"https:\/\/crematieasinglas.nl\/fr\/produit\/gu2009-urne-et-papillon-en-verre-transparent-rose-personnalise-kopie\/","og_locale":"fr_FR","og_type":"article","og_title":"GU2024 | Urne moyenne et papillon en verre transparent violet personnalis\u00e9s","og_description":"Urne moyenne et papillon en verre transparent violet. Verre d\u2019urne pour cendres de cr\u00e9mation, personnalis\u00e9 pour \u00eatre conserv\u00e9 comme un pr\u00e9cieux souvenir","og_url":"https:\/\/crematieasinglas.nl\/fr\/produit\/gu2009-urne-et-papillon-en-verre-transparent-rose-personnalise-kopie\/","og_site_name":"Winkel voor Crematie-as in glas","article_modified_time":"2026-03-09T12:28:53+00:00","og_image":[{"width":832,"height":1248,"url":"https:\/\/crematieasinglas.nl\/wp-content\/uploads\/2026\/03\/crematie-as-urn-glas-medium-vlinder-paars-1-gu2024.jpg","type":"image\/jpeg"}],"twitter_card":"summary_large_image","twitter_misc":{"Dur\u00e9e de lecture estim\u00e9e":"1 minute"},"schema":{"@context":"https:\/\/schema.org","@graph":[{"@type":"WebPage","@id":"https:\/\/crematieasinglas.nl\/fr\/produit\/gu2009-urne-et-papillon-en-verre-transparent-rose-personnalise-kopie\/","url":"https:\/\/crematieasinglas.nl\/fr\/produit\/gu2009-urne-et-papillon-en-verre-transparent-rose-personnalise-kopie\/","name":"GU2024 | Urne moyenne et papillon en verre transparent violet personnalis\u00e9s - Winkel voor Crematie-as in glas","isPartOf":{"@id":"https:\/\/crematieasinglas.nl\/#website"},"primaryImageOfPage":{"@id":"https:\/\/crematieasinglas.nl\/fr\/produit\/gu2009-urne-et-papillon-en-verre-transparent-rose-personnalise-kopie\/#primaryimage"},"image":{"@id":"https:\/\/crematieasinglas.nl\/fr\/produit\/gu2009-urne-et-papillon-en-verre-transparent-rose-personnalise-kopie\/#primaryimage"},"thumbnailUrl":"https:\/\/crematieasinglas.nl\/wp-content\/uploads\/2026\/03\/crematie-as-urn-glas-medium-vlinder-paars-1-gu2024.jpg","datePublished":"2026-03-05T14:50:11+00:00","dateModified":"2026-03-09T12:28:53+00:00","description":"Urne moyenne et papillon en verre transparent violet. Verre d\u2019urne pour cendres de cr\u00e9mation, personnalis\u00e9 pour \u00eatre conserv\u00e9 comme un pr\u00e9cieux souvenir","breadcrumb":{"@id":"https:\/\/crematieasinglas.nl\/fr\/produit\/gu2009-urne-et-papillon-en-verre-transparent-rose-personnalise-kopie\/#breadcrumb"},"inLanguage":"fr-FR","potentialAction":[{"@type":"ReadAction","target":["https:\/\/crematieasinglas.nl\/fr\/produit\/gu2009-urne-et-papillon-en-verre-transparent-rose-personnalise-kopie\/"]}]},{"@type":"ImageObject","inLanguage":"fr-FR","@id":"https:\/\/crematieasinglas.nl\/fr\/produit\/gu2009-urne-et-papillon-en-verre-transparent-rose-personnalise-kopie\/#primaryimage","url":"https:\/\/crematieasinglas.nl\/wp-content\/uploads\/2026\/03\/crematie-as-urn-glas-medium-vlinder-paars-1-gu2024.jpg","contentUrl":"https:\/\/crematieasinglas.nl\/wp-content\/uploads\/2026\/03\/crematie-as-urn-glas-medium-vlinder-paars-1-gu2024.jpg","width":832,"height":1248,"caption":"Design urn van transparant paars glas met paarse vlinder en zilverkleurige tekst always in our heart voor crematie-as."},{"@type":"BreadcrumbList","@id":"https:\/\/crematieasinglas.nl\/fr\/produit\/gu2009-urne-et-papillon-en-verre-transparent-rose-personnalise-kopie\/#breadcrumb","itemListElement":[{"@type":"ListItem","position":1,"name":"Home","item":"https:\/\/crematieasinglas.nl\/"},{"@type":"ListItem","position":2,"name":"Boutique","item":"https:\/\/crematieasinglas.nl\/fr\/boutique\/"},{"@type":"ListItem","position":3,"name":"GU2024 | Urne moyenne et papillon en verre transparent violet personnalis\u00e9s"}]},{"@type":"WebSite","@id":"https:\/\/crematieasinglas.nl\/#website","url":"https:\/\/crematieasinglas.nl\/","name":"Winkel voor Crematie-as in glas","description":"Een winkel voor crematieasinglas.nl","publisher":{"@id":"https:\/\/crematieasinglas.nl\/#organization"},"potentialAction":[{"@type":"SearchAction","target":{"@type":"EntryPoint","urlTemplate":"https:\/\/crematieasinglas.nl\/?s={search_term_string}"},"query-input":{"@type":"PropertyValueSpecification","valueRequired":true,"valueName":"search_term_string"}}],"inLanguage":"fr-FR"},{"@type":"Organization","@id":"https:\/\/crematieasinglas.nl\/#organization","name":"Dierbaarasinglas.nl","alternateName":"Crematieasinglas.nl","url":"https:\/\/crematieasinglas.nl\/","logo":{"@type":"ImageObject","inLanguage":"fr-FR","@id":"https:\/\/crematieasinglas.nl\/#\/schema\/logo\/image\/","url":"https:\/\/crematieasinglas.nl\/wp-content\/uploads\/2024\/10\/logo-02-playfair-googlefont-met-hartje-02.png","contentUrl":"https:\/\/crematieasinglas.nl\/wp-content\/uploads\/2024\/10\/logo-02-playfair-googlefont-met-hartje-02.png","width":582,"height":136,"caption":"Dierbaarasinglas.nl"},"image":{"@id":"https:\/\/crematieasinglas.nl\/#\/schema\/logo\/image\/"}}]}},"_links":{"self":[{"href":"https:\/\/crematieasinglas.nl\/fr\/wp-json\/wp\/v2\/product\/23143","targetHints":{"allow":["GET"]}}],"collection":[{"href":"https:\/\/crematieasinglas.nl\/fr\/wp-json\/wp\/v2\/product"}],"about":[{"href":"https:\/\/crematieasinglas.nl\/fr\/wp-json\/wp\/v2\/types\/product"}],"replies":[{"embeddable":true,"href":"https:\/\/crematieasinglas.nl\/fr\/wp-json\/wp\/v2\/comments?post=23143"}],"wp:featuredmedia":[{"embeddable":true,"href":"https:\/\/crematieasinglas.nl\/fr\/wp-json\/wp\/v2\/media\/23151"}],"wp:attachment":[{"href":"https:\/\/crematieasinglas.nl\/fr\/wp-json\/wp\/v2\/media?parent=23143"}],"wp:term":[{"taxonomy":"product_brand","embeddable":true,"href":"https:\/\/crematieasinglas.nl\/fr\/wp-json\/wp\/v2\/product_brand?post=23143"},{"taxonomy":"product_cat","embeddable":true,"href":"https:\/\/crematieasinglas.nl\/fr\/wp-json\/wp\/v2\/product_cat?post=23143"},{"taxonomy":"product_tag","embeddable":true,"href":"https:\/\/crematieasinglas.nl\/fr\/wp-json\/wp\/v2\/product_tag?post=23143"}],"curies":[{"name":"wp","href":"https:\/\/api.w.org\/{rel}","templated":true}]}}