{"id":21358,"date":"2025-10-22T07:37:04","date_gmt":"2025-10-22T07:37:04","guid":{"rendered":"https:\/\/crematieasinglas.nl\/product\/wtu8031-willow-tree-met-mini-urn\/"},"modified":"2025-10-22T07:37:42","modified_gmt":"2025-10-22T07:37:42","slug":"wtu8031-willow-tree-met-mini-urn","status":"publish","type":"product","link":"https:\/\/crematieasinglas.nl\/fr\/produit\/wtu8031-willow-tree-met-mini-urn\/","title":{"rendered":"WTU8031 | Willow Tree met mini urn"},"content":{"rendered":"<p>Code-nummer: WTU8031<br \/>\nCollectie: Urnen<br \/>\nCategorie: Willow Tree met mini urn | WTU 8000<\/p>\n<h3>\n<h3>Levertijd<\/h3>\n<p>:<\/p>\n<h3>8 werkdagen, na ontvangst van de as<\/h3>\n<\/h3>\n<p><strong>Omschrijving:<\/strong><br \/>\nLet op, dit gedenkbeeldje kan u thuis niet zelf vullen maar wordt voor u handgemaakt door Jet. De beeldjes zijn de offici\u00eble beeldjes van Willow Tree waar een handgemaakte mini urn van glas, bewerkt met crematie-as \u00f3f haartjes, op gemonteerd wordt middels een stevig schroefsysteem. Het crematie-as zal hierbij vast in het glas gesmolten worden. Mocht u liever haartjes laten verwerken in de mini urn, dan zullen de haartjes intact in een handgeblazen holle mini urn van glas verwerkt worden. Getoonde foto&#8217;s laten een voorbeeld zien van hoe het herinneringsbeeldje er uit komt te zien. Houdt er rekening mee dat de mini urn van uw beeldje niet exact hetzelfde kan worden omdat haartjes andere kleuren kunnen hebben en de mini urn van glas handwerk is. De kleuren van de glazen mini urn is transparant m\u00e9t metallic goud. ( en een zichtbare verwerking van het as of de haartjes). N\u00e0 ontvangst van het crematie-as \u00f3f haarlokje wordt uw gedenkbeeldje (en eventuele resterende haartjes of crematie-as)  bij 8 werkdagen naar u terug gestuurd via pakketpost van DHL.Crematie as in glas.nl is een geregistreerd en gewaarborgd merk wat u de garantie geeft voor een uniek en kwalitatief handgemaakt product zonder replica&#8217;s of massaproduktie<\/p>\n<p>Hoogte: 14 cm<br \/>\nBreedte: 8 cm<br \/>\nDiepte: 8 cm<br \/>\nKleur: Goud<br \/>\nInhoud:<br \/>\nVoorraad: 1 voorraad artikel<\/p>\n<p><strong>Leveringsvoorwaarden:<\/strong><\/p>\n<p><strong>Na het plaatsen van uw bestelling<\/strong> van het gekozen Willow Tree beeldje met crematie-as \u00f3f haartjesverwerking zal ik contact met u opnemen via e-mail om u de verzendinformatie door te geven.<\/p>\n<p>Hierbij ontvangt u een gratis digitaal verzendlabel (alleen mogelijk bij Nederlandse adressen), waarmee u een klein beetje crematie-as (2 theelepeltjes) \u00f3f een haarlokje kunt opsturen. Ongeveer een hoeveelheid van 1 potlooddikte van 5 cm lang is voldoende. Voor klanten buiten Nederland is het voor mij niet mogelijk om deze zegel aan te vragen; een buitenlandse verzendzegel om het crematie-as \u00f3f haarlokje naar mij toe te sturen, kan hierdoor niet vergoed worden.<\/p>\n<p>Graag geef ik u tips over hoe u het crematie-as of haarlokje het beste kunt verzenden vanuit het buitenland.<\/p>\n<p>Het Nederlandse verzendlabel is een label voor een brievenbuspakket van DHL dat rechtstreeks bij mij aankomt en gevolgd kan worden via track en trace.<\/p>\n<p>Het pakketje met crematie-as \u00f3f haarlokje kunt u kosteloos inleveren bij een DHL-afgiftepunt binnen 5 dagen. In de informatiemail zal ik uitleggen aan welke afmetingen het brievenbuspakket moet voldoen en waar u het dichtstbijzijnde afgiftepunt vindt.<\/p>\n<p>Een veilig en volgbaar transport is tot op heden hiermee altijd gewaarborgd geweest, al kunnen wij geen verantwoordelijkheid nemen als dit onverhoopt een keer fout gaat bij de transporteur.<\/p>\n<p>Wilt u het crematie-as of haarlokje liever zelf komen brengen? Dat kan in overleg, via de speciaal daarvoor bestemde brievenbus bij de showroom aan de Hoogakker 2E, Hapert, Nederland.<\/p>\n<p>Na ontvangst van het crematie-as \u00f3f haarlokje ga ik met veel zorgvuldigheid werken aan uw herinneringsbeeldje van Willow Tree.<\/p>\n<p>Video:<br \/>\n<div style=\"width: 640px;\" class=\"wp-video\"><video class=\"wp-video-shortcode\" id=\"video-21358-1\" width=\"640\" height=\"360\" preload=\"metadata\" controls=\"controls\"><source type=\"video\/mp4\" src=\"https:\/\/crematieasinglas.nl\/media\/urnen\/willow-tree-with-mini-urn-wtu8000\/crematie-as-urn-willow-tree-mini-urn-lavender-grace-video-wtu8031.mp4?_=1\" \/><a href=\"https:\/\/crematieasinglas.nl\/media\/urnen\/willow-tree-with-mini-urn-wtu8000\/crematie-as-urn-willow-tree-mini-urn-lavender-grace-video-wtu8031.mp4\">https:\/\/crematieasinglas.nl\/media\/urnen\/willow-tree-with-mini-urn-wtu8000\/crematie-as-urn-willow-tree-mini-urn-lavender-grace-video-wtu8031.mp4<\/a><\/video><\/div>\n","protected":false},"excerpt":{"rendered":"<p>Willow Tree Lavender Grace<\/p>\n","protected":false},"featured_media":21359,"comment_status":"closed","ping_status":"open","template":"","meta":[],"product_brand":[],"product_cat":[16,331],"product_tag":[],"class_list":{"0":"post-21358","1":"product","2":"type-product","3":"status-publish","4":"has-post-thumbnail","6":"product_cat-urnen","7":"product_cat-willow-tree-met-mini-urn","8":"pa_kleur-goud","9":"pa_leveringsvoorwaarden-na-het-plaatsen-van-uw-bestelling-van-het-gekozen-willow-tree-beeldje-met-crematie-as-of-haartjesverwerking-zal-ik-contact-met-u-opnemen-via-e-mail-om-u-de-verzendinformatie-door","11":"first","12":"instock","13":"purchasable","14":"product-type-simple"},"yoast_head":"<!-- This site is optimized with the Yoast SEO Premium plugin v27.5 (Yoast SEO v27.5) - https:\/\/yoast.com\/product\/yoast-seo-premium-wordpress\/ -->\n<title>Willow Tree beeldjes met een glazen mini-urn voor crematie-as of haarlok. Een liefdevolle, tastbare herinnering \u2013 met de hand gemaakt.<\/title>\n<meta name=\"description\" content=\"Willow Tree mini urn is een manier om de as van uw dierbare in te laten verwerken. Zo is uw dierbare dicht bij u als mooie herinnering.\" \/>\n<meta name=\"robots\" content=\"index, follow, max-snippet:-1, max-image-preview:large, max-video-preview:-1\" \/>\n<link rel=\"canonical\" href=\"https:\/\/crematieasinglas.nl\/product\/wtu8031-willow-tree-met-mini-urn\/\" \/>\n<meta property=\"og:locale\" content=\"fr_FR\" \/>\n<meta property=\"og:type\" content=\"article\" \/>\n<meta property=\"og:title\" content=\"WTU8031 | Willow Tree met mini urn\" \/>\n<meta property=\"og:description\" content=\"Willow Tree mini urn is een manier om de as van uw dierbare in te laten verwerken. Zo is uw dierbare dicht bij u als mooie herinnering.\" \/>\n<meta property=\"og:url\" content=\"https:\/\/crematieasinglas.nl\/product\/wtu8031-willow-tree-met-mini-urn\/\" \/>\n<meta property=\"og:site_name\" content=\"Winkel voor Crematie-as in glas\" \/>\n<meta property=\"article:modified_time\" content=\"2025-10-22T07:37:42+00:00\" \/>\n<meta property=\"og:image\" content=\"https:\/\/crematieasinglas.nl\/wp-content\/uploads\/2025\/08\/crematie-as-urn-willow-tree-mini-urn-lavender-grace-1-wtu8031.jpg\" \/>\n\t<meta property=\"og:image:width\" content=\"1000\" \/>\n\t<meta property=\"og:image:height\" content=\"1500\" \/>\n\t<meta property=\"og:image:type\" content=\"image\/jpeg\" \/>\n<meta name=\"twitter:card\" content=\"summary_large_image\" \/>\n<meta name=\"twitter:label1\" content=\"Dur\u00e9e de lecture estim\u00e9e\" \/>\n\t<meta name=\"twitter:data1\" content=\"2 minutes\" \/>\n<script type=\"application\/ld+json\" class=\"yoast-schema-graph\">{\"@context\":\"https:\\\/\\\/schema.org\",\"@graph\":[{\"@type\":\"WebPage\",\"@id\":\"https:\\\/\\\/crematieasinglas.nl\\\/product\\\/wtu8031-willow-tree-met-mini-urn\\\/\",\"url\":\"https:\\\/\\\/crematieasinglas.nl\\\/product\\\/wtu8031-willow-tree-met-mini-urn\\\/\",\"name\":\"Willow Tree beeldjes met een glazen mini-urn voor crematie-as of haarlok. Een liefdevolle, tastbare herinnering \u2013 met de hand gemaakt.\",\"isPartOf\":{\"@id\":\"https:\\\/\\\/crematieasinglas.nl\\\/#website\"},\"primaryImageOfPage\":{\"@id\":\"https:\\\/\\\/crematieasinglas.nl\\\/product\\\/wtu8031-willow-tree-met-mini-urn\\\/#primaryimage\"},\"image\":{\"@id\":\"https:\\\/\\\/crematieasinglas.nl\\\/product\\\/wtu8031-willow-tree-met-mini-urn\\\/#primaryimage\"},\"thumbnailUrl\":\"https:\\\/\\\/crematieasinglas.nl\\\/wp-content\\\/uploads\\\/2025\\\/08\\\/crematie-as-urn-willow-tree-mini-urn-lavender-grace-1-wtu8031.jpg\",\"datePublished\":\"2025-10-22T07:37:04+00:00\",\"dateModified\":\"2025-10-22T07:37:42+00:00\",\"description\":\"Willow Tree mini urn is een manier om de as van uw dierbare in te laten verwerken. Zo is uw dierbare dicht bij u als mooie herinnering.\",\"breadcrumb\":{\"@id\":\"https:\\\/\\\/crematieasinglas.nl\\\/product\\\/wtu8031-willow-tree-met-mini-urn\\\/#breadcrumb\"},\"inLanguage\":\"fr-FR\",\"potentialAction\":[{\"@type\":\"ReadAction\",\"target\":[\"https:\\\/\\\/crematieasinglas.nl\\\/product\\\/wtu8031-willow-tree-met-mini-urn\\\/\"]}]},{\"@type\":\"ImageObject\",\"inLanguage\":\"fr-FR\",\"@id\":\"https:\\\/\\\/crematieasinglas.nl\\\/product\\\/wtu8031-willow-tree-met-mini-urn\\\/#primaryimage\",\"url\":\"https:\\\/\\\/crematieasinglas.nl\\\/wp-content\\\/uploads\\\/2025\\\/08\\\/crematie-as-urn-willow-tree-mini-urn-lavender-grace-1-wtu8031.jpg\",\"contentUrl\":\"https:\\\/\\\/crematieasinglas.nl\\\/wp-content\\\/uploads\\\/2025\\\/08\\\/crematie-as-urn-willow-tree-mini-urn-lavender-grace-1-wtu8031.jpg\",\"width\":1000,\"height\":1500,\"caption\":\"Willow Tree beeldje Lavender Grace\"},{\"@type\":\"BreadcrumbList\",\"@id\":\"https:\\\/\\\/crematieasinglas.nl\\\/product\\\/wtu8031-willow-tree-met-mini-urn\\\/#breadcrumb\",\"itemListElement\":[{\"@type\":\"ListItem\",\"position\":1,\"name\":\"Home\",\"item\":\"https:\\\/\\\/crematieasinglas.nl\\\/\"},{\"@type\":\"ListItem\",\"position\":2,\"name\":\"Boutique\",\"item\":\"https:\\\/\\\/crematieasinglas.nl\\\/fr\\\/boutique\\\/\"},{\"@type\":\"ListItem\",\"position\":3,\"name\":\"WTU8031 | Willow Tree met mini urn\"}]},{\"@type\":\"WebSite\",\"@id\":\"https:\\\/\\\/crematieasinglas.nl\\\/#website\",\"url\":\"https:\\\/\\\/crematieasinglas.nl\\\/\",\"name\":\"Winkel voor Crematie-as in glas\",\"description\":\"Een winkel voor crematieasinglas.nl\",\"publisher\":{\"@id\":\"https:\\\/\\\/crematieasinglas.nl\\\/#organization\"},\"potentialAction\":[{\"@type\":\"SearchAction\",\"target\":{\"@type\":\"EntryPoint\",\"urlTemplate\":\"https:\\\/\\\/crematieasinglas.nl\\\/?s={search_term_string}\"},\"query-input\":{\"@type\":\"PropertyValueSpecification\",\"valueRequired\":true,\"valueName\":\"search_term_string\"}}],\"inLanguage\":\"fr-FR\"},{\"@type\":\"Organization\",\"@id\":\"https:\\\/\\\/crematieasinglas.nl\\\/#organization\",\"name\":\"Dierbaarasinglas.nl\",\"alternateName\":\"Crematieasinglas.nl\",\"url\":\"https:\\\/\\\/crematieasinglas.nl\\\/\",\"logo\":{\"@type\":\"ImageObject\",\"inLanguage\":\"fr-FR\",\"@id\":\"https:\\\/\\\/crematieasinglas.nl\\\/#\\\/schema\\\/logo\\\/image\\\/\",\"url\":\"https:\\\/\\\/crematieasinglas.nl\\\/wp-content\\\/uploads\\\/2024\\\/10\\\/logo-02-playfair-googlefont-met-hartje-02.png\",\"contentUrl\":\"https:\\\/\\\/crematieasinglas.nl\\\/wp-content\\\/uploads\\\/2024\\\/10\\\/logo-02-playfair-googlefont-met-hartje-02.png\",\"width\":582,\"height\":136,\"caption\":\"Dierbaarasinglas.nl\"},\"image\":{\"@id\":\"https:\\\/\\\/crematieasinglas.nl\\\/#\\\/schema\\\/logo\\\/image\\\/\"}}]}<\/script>\n<!-- \/ Yoast SEO Premium plugin. -->","yoast_head_json":{"title":"Willow Tree beeldjes met een glazen mini-urn voor crematie-as of haarlok. Een liefdevolle, tastbare herinnering \u2013 met de hand gemaakt.","description":"Willow Tree mini urn is een manier om de as van uw dierbare in te laten verwerken. Zo is uw dierbare dicht bij u als mooie herinnering.","robots":{"index":"index","follow":"follow","max-snippet":"max-snippet:-1","max-image-preview":"max-image-preview:large","max-video-preview":"max-video-preview:-1"},"canonical":"https:\/\/crematieasinglas.nl\/product\/wtu8031-willow-tree-met-mini-urn\/","og_locale":"fr_FR","og_type":"article","og_title":"WTU8031 | Willow Tree met mini urn","og_description":"Willow Tree mini urn is een manier om de as van uw dierbare in te laten verwerken. Zo is uw dierbare dicht bij u als mooie herinnering.","og_url":"https:\/\/crematieasinglas.nl\/product\/wtu8031-willow-tree-met-mini-urn\/","og_site_name":"Winkel voor Crematie-as in glas","article_modified_time":"2025-10-22T07:37:42+00:00","og_image":[{"width":1000,"height":1500,"url":"https:\/\/crematieasinglas.nl\/wp-content\/uploads\/2025\/08\/crematie-as-urn-willow-tree-mini-urn-lavender-grace-1-wtu8031.jpg","type":"image\/jpeg"}],"twitter_card":"summary_large_image","twitter_misc":{"Dur\u00e9e de lecture estim\u00e9e":"2 minutes"},"schema":{"@context":"https:\/\/schema.org","@graph":[{"@type":"WebPage","@id":"https:\/\/crematieasinglas.nl\/product\/wtu8031-willow-tree-met-mini-urn\/","url":"https:\/\/crematieasinglas.nl\/product\/wtu8031-willow-tree-met-mini-urn\/","name":"Willow Tree beeldjes met een glazen mini-urn voor crematie-as of haarlok. Een liefdevolle, tastbare herinnering \u2013 met de hand gemaakt.","isPartOf":{"@id":"https:\/\/crematieasinglas.nl\/#website"},"primaryImageOfPage":{"@id":"https:\/\/crematieasinglas.nl\/product\/wtu8031-willow-tree-met-mini-urn\/#primaryimage"},"image":{"@id":"https:\/\/crematieasinglas.nl\/product\/wtu8031-willow-tree-met-mini-urn\/#primaryimage"},"thumbnailUrl":"https:\/\/crematieasinglas.nl\/wp-content\/uploads\/2025\/08\/crematie-as-urn-willow-tree-mini-urn-lavender-grace-1-wtu8031.jpg","datePublished":"2025-10-22T07:37:04+00:00","dateModified":"2025-10-22T07:37:42+00:00","description":"Willow Tree mini urn is een manier om de as van uw dierbare in te laten verwerken. Zo is uw dierbare dicht bij u als mooie herinnering.","breadcrumb":{"@id":"https:\/\/crematieasinglas.nl\/product\/wtu8031-willow-tree-met-mini-urn\/#breadcrumb"},"inLanguage":"fr-FR","potentialAction":[{"@type":"ReadAction","target":["https:\/\/crematieasinglas.nl\/product\/wtu8031-willow-tree-met-mini-urn\/"]}]},{"@type":"ImageObject","inLanguage":"fr-FR","@id":"https:\/\/crematieasinglas.nl\/product\/wtu8031-willow-tree-met-mini-urn\/#primaryimage","url":"https:\/\/crematieasinglas.nl\/wp-content\/uploads\/2025\/08\/crematie-as-urn-willow-tree-mini-urn-lavender-grace-1-wtu8031.jpg","contentUrl":"https:\/\/crematieasinglas.nl\/wp-content\/uploads\/2025\/08\/crematie-as-urn-willow-tree-mini-urn-lavender-grace-1-wtu8031.jpg","width":1000,"height":1500,"caption":"Willow Tree beeldje Lavender Grace"},{"@type":"BreadcrumbList","@id":"https:\/\/crematieasinglas.nl\/product\/wtu8031-willow-tree-met-mini-urn\/#breadcrumb","itemListElement":[{"@type":"ListItem","position":1,"name":"Home","item":"https:\/\/crematieasinglas.nl\/"},{"@type":"ListItem","position":2,"name":"Boutique","item":"https:\/\/crematieasinglas.nl\/fr\/boutique\/"},{"@type":"ListItem","position":3,"name":"WTU8031 | Willow Tree met mini urn"}]},{"@type":"WebSite","@id":"https:\/\/crematieasinglas.nl\/#website","url":"https:\/\/crematieasinglas.nl\/","name":"Winkel voor Crematie-as in glas","description":"Een winkel voor crematieasinglas.nl","publisher":{"@id":"https:\/\/crematieasinglas.nl\/#organization"},"potentialAction":[{"@type":"SearchAction","target":{"@type":"EntryPoint","urlTemplate":"https:\/\/crematieasinglas.nl\/?s={search_term_string}"},"query-input":{"@type":"PropertyValueSpecification","valueRequired":true,"valueName":"search_term_string"}}],"inLanguage":"fr-FR"},{"@type":"Organization","@id":"https:\/\/crematieasinglas.nl\/#organization","name":"Dierbaarasinglas.nl","alternateName":"Crematieasinglas.nl","url":"https:\/\/crematieasinglas.nl\/","logo":{"@type":"ImageObject","inLanguage":"fr-FR","@id":"https:\/\/crematieasinglas.nl\/#\/schema\/logo\/image\/","url":"https:\/\/crematieasinglas.nl\/wp-content\/uploads\/2024\/10\/logo-02-playfair-googlefont-met-hartje-02.png","contentUrl":"https:\/\/crematieasinglas.nl\/wp-content\/uploads\/2024\/10\/logo-02-playfair-googlefont-met-hartje-02.png","width":582,"height":136,"caption":"Dierbaarasinglas.nl"},"image":{"@id":"https:\/\/crematieasinglas.nl\/#\/schema\/logo\/image\/"}}]}},"_links":{"self":[{"href":"https:\/\/crematieasinglas.nl\/fr\/wp-json\/wp\/v2\/product\/21358","targetHints":{"allow":["GET"]}}],"collection":[{"href":"https:\/\/crematieasinglas.nl\/fr\/wp-json\/wp\/v2\/product"}],"about":[{"href":"https:\/\/crematieasinglas.nl\/fr\/wp-json\/wp\/v2\/types\/product"}],"replies":[{"embeddable":true,"href":"https:\/\/crematieasinglas.nl\/fr\/wp-json\/wp\/v2\/comments?post=21358"}],"wp:featuredmedia":[{"embeddable":true,"href":"https:\/\/crematieasinglas.nl\/fr\/wp-json\/wp\/v2\/media\/21359"}],"wp:attachment":[{"href":"https:\/\/crematieasinglas.nl\/fr\/wp-json\/wp\/v2\/media?parent=21358"}],"wp:term":[{"taxonomy":"product_brand","embeddable":true,"href":"https:\/\/crematieasinglas.nl\/fr\/wp-json\/wp\/v2\/product_brand?post=21358"},{"taxonomy":"product_cat","embeddable":true,"href":"https:\/\/crematieasinglas.nl\/fr\/wp-json\/wp\/v2\/product_cat?post=21358"},{"taxonomy":"product_tag","embeddable":true,"href":"https:\/\/crematieasinglas.nl\/fr\/wp-json\/wp\/v2\/product_tag?post=21358"}],"curies":[{"name":"wp","href":"https:\/\/api.w.org\/{rel}","templated":true}]}}