{"id":20175,"date":"2025-02-14T08:52:30","date_gmt":"2025-02-14T08:52:30","guid":{"rendered":"https:\/\/ebdxvyckeo.onrocket.site\/product\/dru7018-urne-pour-les-animaux\/"},"modified":"2025-02-14T08:52:30","modified_gmt":"2025-02-14T08:52:30","slug":"dru7018-urne-pour-les-animaux","status":"publish","type":"product","link":"https:\/\/crematieasinglas.nl\/fr\/produit\/dru7018-urne-pour-les-animaux\/","title":{"rendered":"DRU7018 | Urne pour les animaux"},"content":{"rendered":"<p>Num\u00e9ro de code&nbsp;: DRU7018<br \/>\nCollection&nbsp;: Urnes<br \/>\nCat\u00e9gorie&nbsp;: Urnes pour animaux | DRU 7000<\/p>\n<h3>Livraison:<\/h3>\n<h3>8 jours ouvr\u00e9s<\/h3>\n<h3>Information:<\/h3>\n<p>Hauteur : 14 cm<br \/>\nLargeur&nbsp;: 8 cm<br \/>\nProfondeur : 8 cm<br \/>\nCouleur : bleu<br \/>\nContenance : 50 ml<br \/>\nStock : 1 article en stock<\/p>\n<h3>Description sp\u00e9cifique :<\/h3>\n<p>Un maximum de 8 lettres peuvent \u00eatre modifi\u00e9es sur cette urne. Chaque urne sabl\u00e9e re\u00e7oit un rev\u00eatement contre les taches de \u00ab graisse \u00bb qui peuvent \u00eatre laiss\u00e9es par les empreintes digitales. Le verre sabl\u00e9 est sensible \u00e0 ces taches permanentes ! Cela permet de garder l\u2019urne belle et prot\u00e9g\u00e9e m\u00eame apr\u00e8s une longue p\u00e9riode !   <\/p>\n<h3>D\u00e9finition:<\/h3>\n<h3>Cette petite urne en verre convient \u00e0 une petite partie d\u2019une destination de cendres de cr\u00e9mation<\/h3>\n<p>Parce que l\u2019urne est faite \u00e0 la main, il peut toujours y avoir de petites bulles d\u2019air dans le verre et les tons de couleur peuvent \u00eatre plus clairs ou plus fonc\u00e9s. Celui-ci appartient au verre et est cr\u00e9\u00e9 lors de la fabrication de l\u2019urne. <\/p>\n<h3>Livraison:<\/h3>\n<p>Apr\u00e8s votre commande, je vous contacterai pour vous indiquer le nom et la date qui peuvent \u00eatre appos\u00e9s sur l\u2019urne. Si vous avez des questions \u00e0 l\u2019avance, n\u2019h\u00e9sitez pas \u00e0 info@crematieasinglas.nl envoyer un e-mail ou \u00e0 visiter notre site Web : <a href=\"https:\/\/crematieasinglas.nl\">site Web crematieasinglas.nl<\/a> <\/p>\n","protected":false},"excerpt":{"rendered":"<p>Urne pour les animaux<\/p>\n","protected":false},"featured_media":16427,"comment_status":"closed","ping_status":"open","template":"","meta":[],"product_brand":[],"product_cat":[898,1043],"product_tag":[],"class_list":{"0":"post-20175","1":"product","2":"type-product","3":"status-publish","4":"has-post-thumbnail","6":"product_cat-urnes","7":"product_cat-urnes-pour-animaux-dru-7000","8":"pa_inhoud-50-ml-fr","9":"pa_kleur-bleu","11":"first","12":"instock","13":"purchasable","14":"product-type-simple"},"yoast_head":"<!-- This site is optimized with the Yoast SEO Premium plugin v27.5 (Yoast SEO v27.5) - https:\/\/yoast.com\/product\/yoast-seo-premium-wordpress\/ -->\n<title>DRU7018 | Urne pour les animaux - Winkel voor Crematie-as in glas<\/title>\n<meta name=\"description\" content=\"Urne pour les animaux\" \/>\n<meta name=\"robots\" content=\"index, follow, max-snippet:-1, max-image-preview:large, max-video-preview:-1\" \/>\n<link rel=\"canonical\" href=\"https:\/\/crematieasinglas.nl\/produit\/dru7018-urn-voor-dieren\/\" \/>\n<meta property=\"og:locale\" content=\"fr_FR\" \/>\n<meta property=\"og:type\" content=\"article\" \/>\n<meta property=\"og:title\" content=\"DRU7018 | Urne pour les animaux\" \/>\n<meta property=\"og:description\" content=\"Urne pour les animaux\" \/>\n<meta property=\"og:url\" content=\"https:\/\/crematieasinglas.nl\/produit\/dru7018-urn-voor-dieren\/\" \/>\n<meta property=\"og:site_name\" content=\"Winkel voor Crematie-as in glas\" \/>\n<meta property=\"og:image\" content=\"https:\/\/crematieasinglas.nl\/wp-content\/uploads\/2025\/02\/crematie-as-urn-dieren-glas-50ml-blauw-1-dru7018.jpg\" \/>\n\t<meta property=\"og:image:width\" content=\"682\" \/>\n\t<meta property=\"og:image:height\" content=\"1024\" \/>\n\t<meta property=\"og:image:type\" content=\"image\/jpeg\" \/>\n<meta name=\"twitter:card\" content=\"summary_large_image\" \/>\n<meta name=\"twitter:label1\" content=\"Dur\u00e9e de lecture estim\u00e9e\" \/>\n\t<meta name=\"twitter:data1\" content=\"1 minute\" \/>\n<script type=\"application\/ld+json\" class=\"yoast-schema-graph\">{\"@context\":\"https:\\\/\\\/schema.org\",\"@graph\":[{\"@type\":\"WebPage\",\"@id\":\"https:\\\/\\\/crematieasinglas.nl\\\/produit\\\/dru7018-urn-voor-dieren\\\/\",\"url\":\"https:\\\/\\\/crematieasinglas.nl\\\/produit\\\/dru7018-urn-voor-dieren\\\/\",\"name\":\"DRU7018 | Urne pour les animaux - Winkel voor Crematie-as in glas\",\"isPartOf\":{\"@id\":\"https:\\\/\\\/crematieasinglas.nl\\\/#website\"},\"primaryImageOfPage\":{\"@id\":\"https:\\\/\\\/crematieasinglas.nl\\\/produit\\\/dru7018-urn-voor-dieren\\\/#primaryimage\"},\"image\":{\"@id\":\"https:\\\/\\\/crematieasinglas.nl\\\/produit\\\/dru7018-urn-voor-dieren\\\/#primaryimage\"},\"thumbnailUrl\":\"https:\\\/\\\/crematieasinglas.nl\\\/wp-content\\\/uploads\\\/2025\\\/02\\\/crematie-as-urn-dieren-glas-50ml-blauw-1-dru7018.jpg\",\"datePublished\":\"2025-02-14T08:52:30+00:00\",\"description\":\"Urne pour les animaux\",\"breadcrumb\":{\"@id\":\"https:\\\/\\\/crematieasinglas.nl\\\/produit\\\/dru7018-urn-voor-dieren\\\/#breadcrumb\"},\"inLanguage\":\"fr-FR\",\"potentialAction\":[{\"@type\":\"ReadAction\",\"target\":[\"https:\\\/\\\/crematieasinglas.nl\\\/produit\\\/dru7018-urn-voor-dieren\\\/\"]}]},{\"@type\":\"ImageObject\",\"inLanguage\":\"fr-FR\",\"@id\":\"https:\\\/\\\/crematieasinglas.nl\\\/produit\\\/dru7018-urn-voor-dieren\\\/#primaryimage\",\"url\":\"https:\\\/\\\/crematieasinglas.nl\\\/wp-content\\\/uploads\\\/2025\\\/02\\\/crematie-as-urn-dieren-glas-50ml-blauw-1-dru7018.jpg\",\"contentUrl\":\"https:\\\/\\\/crematieasinglas.nl\\\/wp-content\\\/uploads\\\/2025\\\/02\\\/crematie-as-urn-dieren-glas-50ml-blauw-1-dru7018.jpg\",\"width\":682,\"height\":1024},{\"@type\":\"BreadcrumbList\",\"@id\":\"https:\\\/\\\/crematieasinglas.nl\\\/produit\\\/dru7018-urn-voor-dieren\\\/#breadcrumb\",\"itemListElement\":[{\"@type\":\"ListItem\",\"position\":1,\"name\":\"Home\",\"item\":\"https:\\\/\\\/crematieasinglas.nl\\\/\"},{\"@type\":\"ListItem\",\"position\":2,\"name\":\"Boutique\",\"item\":\"https:\\\/\\\/crematieasinglas.nl\\\/fr\\\/boutique\\\/\"},{\"@type\":\"ListItem\",\"position\":3,\"name\":\"DRU7018 | Urne pour les animaux\"}]},{\"@type\":\"WebSite\",\"@id\":\"https:\\\/\\\/crematieasinglas.nl\\\/#website\",\"url\":\"https:\\\/\\\/crematieasinglas.nl\\\/\",\"name\":\"Winkel voor Crematie-as in glas\",\"description\":\"Een winkel voor crematieasinglas.nl\",\"publisher\":{\"@id\":\"https:\\\/\\\/crematieasinglas.nl\\\/#organization\"},\"potentialAction\":[{\"@type\":\"SearchAction\",\"target\":{\"@type\":\"EntryPoint\",\"urlTemplate\":\"https:\\\/\\\/crematieasinglas.nl\\\/?s={search_term_string}\"},\"query-input\":{\"@type\":\"PropertyValueSpecification\",\"valueRequired\":true,\"valueName\":\"search_term_string\"}}],\"inLanguage\":\"fr-FR\"},{\"@type\":\"Organization\",\"@id\":\"https:\\\/\\\/crematieasinglas.nl\\\/#organization\",\"name\":\"Dierbaarasinglas.nl\",\"alternateName\":\"Crematieasinglas.nl\",\"url\":\"https:\\\/\\\/crematieasinglas.nl\\\/\",\"logo\":{\"@type\":\"ImageObject\",\"inLanguage\":\"fr-FR\",\"@id\":\"https:\\\/\\\/crematieasinglas.nl\\\/#\\\/schema\\\/logo\\\/image\\\/\",\"url\":\"https:\\\/\\\/crematieasinglas.nl\\\/wp-content\\\/uploads\\\/2024\\\/10\\\/logo-02-playfair-googlefont-met-hartje-02.png\",\"contentUrl\":\"https:\\\/\\\/crematieasinglas.nl\\\/wp-content\\\/uploads\\\/2024\\\/10\\\/logo-02-playfair-googlefont-met-hartje-02.png\",\"width\":582,\"height\":136,\"caption\":\"Dierbaarasinglas.nl\"},\"image\":{\"@id\":\"https:\\\/\\\/crematieasinglas.nl\\\/#\\\/schema\\\/logo\\\/image\\\/\"}}]}<\/script>\n<!-- \/ Yoast SEO Premium plugin. -->","yoast_head_json":{"title":"DRU7018 | Urne pour les animaux - Winkel voor Crematie-as in glas","description":"Urne pour les animaux","robots":{"index":"index","follow":"follow","max-snippet":"max-snippet:-1","max-image-preview":"max-image-preview:large","max-video-preview":"max-video-preview:-1"},"canonical":"https:\/\/crematieasinglas.nl\/produit\/dru7018-urn-voor-dieren\/","og_locale":"fr_FR","og_type":"article","og_title":"DRU7018 | Urne pour les animaux","og_description":"Urne pour les animaux","og_url":"https:\/\/crematieasinglas.nl\/produit\/dru7018-urn-voor-dieren\/","og_site_name":"Winkel voor Crematie-as in glas","og_image":[{"width":682,"height":1024,"url":"https:\/\/crematieasinglas.nl\/wp-content\/uploads\/2025\/02\/crematie-as-urn-dieren-glas-50ml-blauw-1-dru7018.jpg","type":"image\/jpeg"}],"twitter_card":"summary_large_image","twitter_misc":{"Dur\u00e9e de lecture estim\u00e9e":"1 minute"},"schema":{"@context":"https:\/\/schema.org","@graph":[{"@type":"WebPage","@id":"https:\/\/crematieasinglas.nl\/produit\/dru7018-urn-voor-dieren\/","url":"https:\/\/crematieasinglas.nl\/produit\/dru7018-urn-voor-dieren\/","name":"DRU7018 | Urne pour les animaux - Winkel voor Crematie-as in glas","isPartOf":{"@id":"https:\/\/crematieasinglas.nl\/#website"},"primaryImageOfPage":{"@id":"https:\/\/crematieasinglas.nl\/produit\/dru7018-urn-voor-dieren\/#primaryimage"},"image":{"@id":"https:\/\/crematieasinglas.nl\/produit\/dru7018-urn-voor-dieren\/#primaryimage"},"thumbnailUrl":"https:\/\/crematieasinglas.nl\/wp-content\/uploads\/2025\/02\/crematie-as-urn-dieren-glas-50ml-blauw-1-dru7018.jpg","datePublished":"2025-02-14T08:52:30+00:00","description":"Urne pour les animaux","breadcrumb":{"@id":"https:\/\/crematieasinglas.nl\/produit\/dru7018-urn-voor-dieren\/#breadcrumb"},"inLanguage":"fr-FR","potentialAction":[{"@type":"ReadAction","target":["https:\/\/crematieasinglas.nl\/produit\/dru7018-urn-voor-dieren\/"]}]},{"@type":"ImageObject","inLanguage":"fr-FR","@id":"https:\/\/crematieasinglas.nl\/produit\/dru7018-urn-voor-dieren\/#primaryimage","url":"https:\/\/crematieasinglas.nl\/wp-content\/uploads\/2025\/02\/crematie-as-urn-dieren-glas-50ml-blauw-1-dru7018.jpg","contentUrl":"https:\/\/crematieasinglas.nl\/wp-content\/uploads\/2025\/02\/crematie-as-urn-dieren-glas-50ml-blauw-1-dru7018.jpg","width":682,"height":1024},{"@type":"BreadcrumbList","@id":"https:\/\/crematieasinglas.nl\/produit\/dru7018-urn-voor-dieren\/#breadcrumb","itemListElement":[{"@type":"ListItem","position":1,"name":"Home","item":"https:\/\/crematieasinglas.nl\/"},{"@type":"ListItem","position":2,"name":"Boutique","item":"https:\/\/crematieasinglas.nl\/fr\/boutique\/"},{"@type":"ListItem","position":3,"name":"DRU7018 | Urne pour les animaux"}]},{"@type":"WebSite","@id":"https:\/\/crematieasinglas.nl\/#website","url":"https:\/\/crematieasinglas.nl\/","name":"Winkel voor Crematie-as in glas","description":"Een winkel voor crematieasinglas.nl","publisher":{"@id":"https:\/\/crematieasinglas.nl\/#organization"},"potentialAction":[{"@type":"SearchAction","target":{"@type":"EntryPoint","urlTemplate":"https:\/\/crematieasinglas.nl\/?s={search_term_string}"},"query-input":{"@type":"PropertyValueSpecification","valueRequired":true,"valueName":"search_term_string"}}],"inLanguage":"fr-FR"},{"@type":"Organization","@id":"https:\/\/crematieasinglas.nl\/#organization","name":"Dierbaarasinglas.nl","alternateName":"Crematieasinglas.nl","url":"https:\/\/crematieasinglas.nl\/","logo":{"@type":"ImageObject","inLanguage":"fr-FR","@id":"https:\/\/crematieasinglas.nl\/#\/schema\/logo\/image\/","url":"https:\/\/crematieasinglas.nl\/wp-content\/uploads\/2024\/10\/logo-02-playfair-googlefont-met-hartje-02.png","contentUrl":"https:\/\/crematieasinglas.nl\/wp-content\/uploads\/2024\/10\/logo-02-playfair-googlefont-met-hartje-02.png","width":582,"height":136,"caption":"Dierbaarasinglas.nl"},"image":{"@id":"https:\/\/crematieasinglas.nl\/#\/schema\/logo\/image\/"}}]}},"_links":{"self":[{"href":"https:\/\/crematieasinglas.nl\/fr\/wp-json\/wp\/v2\/product\/20175","targetHints":{"allow":["GET"]}}],"collection":[{"href":"https:\/\/crematieasinglas.nl\/fr\/wp-json\/wp\/v2\/product"}],"about":[{"href":"https:\/\/crematieasinglas.nl\/fr\/wp-json\/wp\/v2\/types\/product"}],"replies":[{"embeddable":true,"href":"https:\/\/crematieasinglas.nl\/fr\/wp-json\/wp\/v2\/comments?post=20175"}],"wp:featuredmedia":[{"embeddable":true,"href":"https:\/\/crematieasinglas.nl\/fr\/wp-json\/wp\/v2\/media\/16427"}],"wp:attachment":[{"href":"https:\/\/crematieasinglas.nl\/fr\/wp-json\/wp\/v2\/media?parent=20175"}],"wp:term":[{"taxonomy":"product_brand","embeddable":true,"href":"https:\/\/crematieasinglas.nl\/fr\/wp-json\/wp\/v2\/product_brand?post=20175"},{"taxonomy":"product_cat","embeddable":true,"href":"https:\/\/crematieasinglas.nl\/fr\/wp-json\/wp\/v2\/product_cat?post=20175"},{"taxonomy":"product_tag","embeddable":true,"href":"https:\/\/crematieasinglas.nl\/fr\/wp-json\/wp\/v2\/product_tag?post=20175"}],"curies":[{"name":"wp","href":"https:\/\/api.w.org\/{rel}","templated":true}]}}