{"id":20162,"date":"2025-02-21T18:48:26","date_gmt":"2025-02-21T18:48:26","guid":{"rendered":"https:\/\/ebdxvyckeo.onrocket.site\/product\/gu2003-urne-et-papillon-en-verre-transparent-rose-et-bleu-personnalise\/"},"modified":"2025-02-21T18:48:26","modified_gmt":"2025-02-21T18:48:26","slug":"gu2003-urne-et-papillon-en-verre-transparent-rose-et-bleu-personnalise","status":"publish","type":"product","link":"https:\/\/crematieasinglas.nl\/fr\/produit\/gu2003-urne-et-papillon-en-verre-transparent-rose-et-bleu-personnalise\/","title":{"rendered":"GU2003 | Urne et papillon en verre transparent rose et bleu personnalis\u00e9"},"content":{"rendered":"<p>Num\u00e9ro de code&nbsp;: GU2003<br \/>\nCollection&nbsp;: Urnes<br \/>\nCat\u00e9gorie&nbsp;: Urnes en verre personnalis\u00e9 | GU 2000<\/p>\n<h2>Livraison:  <\/p>\n<h3>8 jours ouvrables (2 semaines)<\/h3>\n<\/h2>\n<h2>Information:<\/h2>\n<p>Hauteur : 14cm<br \/>\nLargeur : 9cm<br \/>\nProfondeur : 9 cm<br \/>\nCouleur&nbsp;: Bleu transparent et rose<br \/>\nContenance : 50ml<br \/>\nStock : 1 article en stock<br \/>\nUrne \u00e0 remplir soi-m\u00eame :: Oui, le manuel est inclus<\/p>\n<h3>D\u00e9finition:<\/h3>\n<h2>Urne et papillon en verre transparent rose et bleu<\/h2>\n<p>  Sur l\u2019urne un nom et \u00e9ventuellement. 3 \u00e9toiles ou 3 c\u0153urs plac\u00e9s. Vous pouvez placer le papillon sur l\u2019urne apr\u00e8s avoir rempli l\u2019urne.   <br \/><strong>Veuillez noter que le papillon et l\u2019urne peuvent diff\u00e9rer en intensit\u00e9 \/ d\u00e9grad\u00e9 de couleurs<\/strong> en ce qui concerne la photo, car chaque urne et papillon est fait \u00e0 la main et unique. <br \/>Avec du ruban adh\u00e9sif double face tr\u00e8s r\u00e9sistant, vous pouvez attacher le papillon \u00e0 l\u2019urne apr\u00e8s avoir rempli l\u2019urne. Ce ruban est d\u00e9j\u00e0 attach\u00e9 au papillon. Un manuel est inclus pour le placement des papillons et le remplissage de l\u2019urne.    <br \/>Cette urne convient \u00e0 une petite partie d\u2019une destination de cendres de cr\u00e9mation.<\/br><\/p>\n<h3>Livraison:<\/h3>\n<p>Apr\u00e8s votre commande, je vous contacterai pour voir quel nom peut \u00eatre appliqu\u00e9 \u00e0 l\u2019urne. Un nom maximum de 10 lettres peut \u00eatre plac\u00e9 sur cette urne. Si vous avez des questions \u00e0 l\u2019avance, n\u2019h\u00e9sitez pas \u00e0 info@crematieasinglas.nl envoyer un courrier ou \u00e0 notre site web : <a href=\"https:\/\/crematieasinglas.nl\">site web crematieasinglas.nl<\/a> <\/p>\n<p>:<\/p>\n","protected":false},"excerpt":{"rendered":"<p>Urne de cr\u00e9mation en verre et personnalis\u00e9e \u00e0 votre go\u00fbt. Urne et papillon en verre transparent rose et bleu<\/p>\n","protected":false},"featured_media":9515,"comment_status":"closed","ping_status":"closed","template":"","meta":[],"product_brand":[],"product_cat":[898,1024],"product_tag":[],"class_list":{"0":"post-20162","1":"product","2":"type-product","3":"status-publish","4":"has-post-thumbnail","6":"product_cat-urnes","7":"product_cat-urnes-en-verre-personnalisees-gu-2000","8":"pa_inhoud-50ml-fr","9":"pa_kleur-bleu-et-rose-transparents","11":"first","12":"outofstock","13":"taxable","14":"shipping-taxable","15":"purchasable","16":"product-type-simple"},"yoast_head":"<!-- This site is optimized with the Yoast SEO Premium plugin v27.1 (Yoast SEO v27.5) - https:\/\/yoast.com\/product\/yoast-seo-premium-wordpress\/ -->\n<title>GU2003 | Urne et papillon en verre transparent rose et bleu personnalis\u00e9 - Winkel voor Crematie-as in glas<\/title>\n<meta name=\"description\" content=\"Urne de cr\u00e9mation en verre et personnalis\u00e9e \u00e0 votre go\u00fbt. Urne et papillon en verre transparent rose et bleu\" \/>\n<meta name=\"robots\" content=\"index, follow, max-snippet:-1, max-image-preview:large, max-video-preview:-1\" \/>\n<link rel=\"canonical\" href=\"https:\/\/crematieasinglas.nl\/fr\/product\/gu2003-urne-et-papillon-en-verre-transparent-rose-et-bleu-personnalise\/\" \/>\n<meta property=\"og:locale\" content=\"fr_FR\" \/>\n<meta property=\"og:type\" content=\"article\" \/>\n<meta property=\"og:title\" content=\"GU2003 | Urne et papillon en verre transparent rose et bleu personnalis\u00e9\" \/>\n<meta property=\"og:description\" content=\"Urne de cr\u00e9mation en verre et personnalis\u00e9e \u00e0 votre go\u00fbt. Urne et papillon en verre transparent rose et bleu\" \/>\n<meta property=\"og:url\" content=\"https:\/\/crematieasinglas.nl\/fr\/product\/gu2003-urne-et-papillon-en-verre-transparent-rose-et-bleu-personnalise\/\" \/>\n<meta property=\"og:site_name\" content=\"Winkel voor Crematie-as in glas\" \/>\n<meta property=\"og:image\" content=\"https:\/\/crematieasinglas.nl\/wp-content\/uploads\/2024\/10\/crematie-as-urn-glas-vlinder-naam-roze-blauw-1-gu2003.jpg\" \/>\n\t<meta property=\"og:image:width\" content=\"1280\" \/>\n\t<meta property=\"og:image:height\" content=\"1920\" \/>\n\t<meta property=\"og:image:type\" content=\"image\/jpeg\" \/>\n<meta name=\"twitter:card\" content=\"summary_large_image\" \/>\n<meta name=\"twitter:label1\" content=\"Dur\u00e9e de lecture estim\u00e9e\" \/>\n\t<meta name=\"twitter:data1\" content=\"1 minute\" \/>\n<script type=\"application\/ld+json\" class=\"yoast-schema-graph\">{\"@context\":\"https:\\\/\\\/schema.org\",\"@graph\":[{\"@type\":\"WebPage\",\"@id\":\"https:\\\/\\\/crematieasinglas.nl\\\/fr\\\/product\\\/gu2003-urne-et-papillon-en-verre-transparent-rose-et-bleu-personnalise\\\/\",\"url\":\"https:\\\/\\\/crematieasinglas.nl\\\/fr\\\/product\\\/gu2003-urne-et-papillon-en-verre-transparent-rose-et-bleu-personnalise\\\/\",\"name\":\"GU2003 | Urne et papillon en verre transparent rose et bleu personnalis\u00e9 - Winkel voor Crematie-as in glas\",\"isPartOf\":{\"@id\":\"https:\\\/\\\/crematieasinglas.nl\\\/#website\"},\"primaryImageOfPage\":{\"@id\":\"https:\\\/\\\/crematieasinglas.nl\\\/fr\\\/product\\\/gu2003-urne-et-papillon-en-verre-transparent-rose-et-bleu-personnalise\\\/#primaryimage\"},\"image\":{\"@id\":\"https:\\\/\\\/crematieasinglas.nl\\\/fr\\\/product\\\/gu2003-urne-et-papillon-en-verre-transparent-rose-et-bleu-personnalise\\\/#primaryimage\"},\"thumbnailUrl\":\"https:\\\/\\\/crematieasinglas.nl\\\/wp-content\\\/uploads\\\/2024\\\/10\\\/crematie-as-urn-glas-vlinder-naam-roze-blauw-1-gu2003.jpg\",\"datePublished\":\"2025-02-21T18:48:26+00:00\",\"description\":\"Urne de cr\u00e9mation en verre et personnalis\u00e9e \u00e0 votre go\u00fbt. Urne et papillon en verre transparent rose et bleu\",\"breadcrumb\":{\"@id\":\"https:\\\/\\\/crematieasinglas.nl\\\/fr\\\/product\\\/gu2003-urne-et-papillon-en-verre-transparent-rose-et-bleu-personnalise\\\/#breadcrumb\"},\"inLanguage\":\"fr-FR\",\"potentialAction\":[{\"@type\":\"ReadAction\",\"target\":[\"https:\\\/\\\/crematieasinglas.nl\\\/fr\\\/product\\\/gu2003-urne-et-papillon-en-verre-transparent-rose-et-bleu-personnalise\\\/\"]}]},{\"@type\":\"ImageObject\",\"inLanguage\":\"fr-FR\",\"@id\":\"https:\\\/\\\/crematieasinglas.nl\\\/fr\\\/product\\\/gu2003-urne-et-papillon-en-verre-transparent-rose-et-bleu-personnalise\\\/#primaryimage\",\"url\":\"https:\\\/\\\/crematieasinglas.nl\\\/wp-content\\\/uploads\\\/2024\\\/10\\\/crematie-as-urn-glas-vlinder-naam-roze-blauw-1-gu2003.jpg\",\"contentUrl\":\"https:\\\/\\\/crematieasinglas.nl\\\/wp-content\\\/uploads\\\/2024\\\/10\\\/crematie-as-urn-glas-vlinder-naam-roze-blauw-1-gu2003.jpg\",\"width\":1280,\"height\":1920},{\"@type\":\"BreadcrumbList\",\"@id\":\"https:\\\/\\\/crematieasinglas.nl\\\/fr\\\/product\\\/gu2003-urne-et-papillon-en-verre-transparent-rose-et-bleu-personnalise\\\/#breadcrumb\",\"itemListElement\":[{\"@type\":\"ListItem\",\"position\":1,\"name\":\"Home\",\"item\":\"https:\\\/\\\/crematieasinglas.nl\\\/\"},{\"@type\":\"ListItem\",\"position\":2,\"name\":\"Boutique\",\"item\":\"https:\\\/\\\/crematieasinglas.nl\\\/fr\\\/boutique\\\/\"},{\"@type\":\"ListItem\",\"position\":3,\"name\":\"GU2003 | Urne et papillon en verre transparent rose et bleu personnalis\u00e9\"}]},{\"@type\":\"WebSite\",\"@id\":\"https:\\\/\\\/crematieasinglas.nl\\\/#website\",\"url\":\"https:\\\/\\\/crematieasinglas.nl\\\/\",\"name\":\"Winkel voor Crematie-as in glas\",\"description\":\"Een winkel voor crematieasinglas.nl\",\"publisher\":{\"@id\":\"https:\\\/\\\/crematieasinglas.nl\\\/#organization\"},\"potentialAction\":[{\"@type\":\"SearchAction\",\"target\":{\"@type\":\"EntryPoint\",\"urlTemplate\":\"https:\\\/\\\/crematieasinglas.nl\\\/?s={search_term_string}\"},\"query-input\":{\"@type\":\"PropertyValueSpecification\",\"valueRequired\":true,\"valueName\":\"search_term_string\"}}],\"inLanguage\":\"fr-FR\"},{\"@type\":\"Organization\",\"@id\":\"https:\\\/\\\/crematieasinglas.nl\\\/#organization\",\"name\":\"Dierbaarasinglas.nl\",\"alternateName\":\"Crematieasinglas.nl\",\"url\":\"https:\\\/\\\/crematieasinglas.nl\\\/\",\"logo\":{\"@type\":\"ImageObject\",\"inLanguage\":\"fr-FR\",\"@id\":\"https:\\\/\\\/crematieasinglas.nl\\\/#\\\/schema\\\/logo\\\/image\\\/\",\"url\":\"https:\\\/\\\/crematieasinglas.nl\\\/wp-content\\\/uploads\\\/2024\\\/10\\\/logo-02-playfair-googlefont-met-hartje-02.png\",\"contentUrl\":\"https:\\\/\\\/crematieasinglas.nl\\\/wp-content\\\/uploads\\\/2024\\\/10\\\/logo-02-playfair-googlefont-met-hartje-02.png\",\"width\":582,\"height\":136,\"caption\":\"Dierbaarasinglas.nl\"},\"image\":{\"@id\":\"https:\\\/\\\/crematieasinglas.nl\\\/#\\\/schema\\\/logo\\\/image\\\/\"}}]}<\/script>\n<!-- \/ Yoast SEO Premium plugin. -->","yoast_head_json":{"title":"GU2003 | Urne et papillon en verre transparent rose et bleu personnalis\u00e9 - Winkel voor Crematie-as in glas","description":"Urne de cr\u00e9mation en verre et personnalis\u00e9e \u00e0 votre go\u00fbt. Urne et papillon en verre transparent rose et bleu","robots":{"index":"index","follow":"follow","max-snippet":"max-snippet:-1","max-image-preview":"max-image-preview:large","max-video-preview":"max-video-preview:-1"},"canonical":"https:\/\/crematieasinglas.nl\/fr\/product\/gu2003-urne-et-papillon-en-verre-transparent-rose-et-bleu-personnalise\/","og_locale":"fr_FR","og_type":"article","og_title":"GU2003 | Urne et papillon en verre transparent rose et bleu personnalis\u00e9","og_description":"Urne de cr\u00e9mation en verre et personnalis\u00e9e \u00e0 votre go\u00fbt. Urne et papillon en verre transparent rose et bleu","og_url":"https:\/\/crematieasinglas.nl\/fr\/product\/gu2003-urne-et-papillon-en-verre-transparent-rose-et-bleu-personnalise\/","og_site_name":"Winkel voor Crematie-as in glas","og_image":[{"width":1280,"height":1920,"url":"https:\/\/crematieasinglas.nl\/wp-content\/uploads\/2024\/10\/crematie-as-urn-glas-vlinder-naam-roze-blauw-1-gu2003.jpg","type":"image\/jpeg"}],"twitter_card":"summary_large_image","twitter_misc":{"Dur\u00e9e de lecture estim\u00e9e":"1 minute"},"schema":{"@context":"https:\/\/schema.org","@graph":[{"@type":"WebPage","@id":"https:\/\/crematieasinglas.nl\/fr\/product\/gu2003-urne-et-papillon-en-verre-transparent-rose-et-bleu-personnalise\/","url":"https:\/\/crematieasinglas.nl\/fr\/product\/gu2003-urne-et-papillon-en-verre-transparent-rose-et-bleu-personnalise\/","name":"GU2003 | Urne et papillon en verre transparent rose et bleu personnalis\u00e9 - Winkel voor Crematie-as in glas","isPartOf":{"@id":"https:\/\/crematieasinglas.nl\/#website"},"primaryImageOfPage":{"@id":"https:\/\/crematieasinglas.nl\/fr\/product\/gu2003-urne-et-papillon-en-verre-transparent-rose-et-bleu-personnalise\/#primaryimage"},"image":{"@id":"https:\/\/crematieasinglas.nl\/fr\/product\/gu2003-urne-et-papillon-en-verre-transparent-rose-et-bleu-personnalise\/#primaryimage"},"thumbnailUrl":"https:\/\/crematieasinglas.nl\/wp-content\/uploads\/2024\/10\/crematie-as-urn-glas-vlinder-naam-roze-blauw-1-gu2003.jpg","datePublished":"2025-02-21T18:48:26+00:00","description":"Urne de cr\u00e9mation en verre et personnalis\u00e9e \u00e0 votre go\u00fbt. Urne et papillon en verre transparent rose et bleu","breadcrumb":{"@id":"https:\/\/crematieasinglas.nl\/fr\/product\/gu2003-urne-et-papillon-en-verre-transparent-rose-et-bleu-personnalise\/#breadcrumb"},"inLanguage":"fr-FR","potentialAction":[{"@type":"ReadAction","target":["https:\/\/crematieasinglas.nl\/fr\/product\/gu2003-urne-et-papillon-en-verre-transparent-rose-et-bleu-personnalise\/"]}]},{"@type":"ImageObject","inLanguage":"fr-FR","@id":"https:\/\/crematieasinglas.nl\/fr\/product\/gu2003-urne-et-papillon-en-verre-transparent-rose-et-bleu-personnalise\/#primaryimage","url":"https:\/\/crematieasinglas.nl\/wp-content\/uploads\/2024\/10\/crematie-as-urn-glas-vlinder-naam-roze-blauw-1-gu2003.jpg","contentUrl":"https:\/\/crematieasinglas.nl\/wp-content\/uploads\/2024\/10\/crematie-as-urn-glas-vlinder-naam-roze-blauw-1-gu2003.jpg","width":1280,"height":1920},{"@type":"BreadcrumbList","@id":"https:\/\/crematieasinglas.nl\/fr\/product\/gu2003-urne-et-papillon-en-verre-transparent-rose-et-bleu-personnalise\/#breadcrumb","itemListElement":[{"@type":"ListItem","position":1,"name":"Home","item":"https:\/\/crematieasinglas.nl\/"},{"@type":"ListItem","position":2,"name":"Boutique","item":"https:\/\/crematieasinglas.nl\/fr\/boutique\/"},{"@type":"ListItem","position":3,"name":"GU2003 | Urne et papillon en verre transparent rose et bleu personnalis\u00e9"}]},{"@type":"WebSite","@id":"https:\/\/crematieasinglas.nl\/#website","url":"https:\/\/crematieasinglas.nl\/","name":"Winkel voor Crematie-as in glas","description":"Een winkel voor crematieasinglas.nl","publisher":{"@id":"https:\/\/crematieasinglas.nl\/#organization"},"potentialAction":[{"@type":"SearchAction","target":{"@type":"EntryPoint","urlTemplate":"https:\/\/crematieasinglas.nl\/?s={search_term_string}"},"query-input":{"@type":"PropertyValueSpecification","valueRequired":true,"valueName":"search_term_string"}}],"inLanguage":"fr-FR"},{"@type":"Organization","@id":"https:\/\/crematieasinglas.nl\/#organization","name":"Dierbaarasinglas.nl","alternateName":"Crematieasinglas.nl","url":"https:\/\/crematieasinglas.nl\/","logo":{"@type":"ImageObject","inLanguage":"fr-FR","@id":"https:\/\/crematieasinglas.nl\/#\/schema\/logo\/image\/","url":"https:\/\/crematieasinglas.nl\/wp-content\/uploads\/2024\/10\/logo-02-playfair-googlefont-met-hartje-02.png","contentUrl":"https:\/\/crematieasinglas.nl\/wp-content\/uploads\/2024\/10\/logo-02-playfair-googlefont-met-hartje-02.png","width":582,"height":136,"caption":"Dierbaarasinglas.nl"},"image":{"@id":"https:\/\/crematieasinglas.nl\/#\/schema\/logo\/image\/"}}]}},"_links":{"self":[{"href":"https:\/\/crematieasinglas.nl\/fr\/wp-json\/wp\/v2\/product\/20162","targetHints":{"allow":["GET"]}}],"collection":[{"href":"https:\/\/crematieasinglas.nl\/fr\/wp-json\/wp\/v2\/product"}],"about":[{"href":"https:\/\/crematieasinglas.nl\/fr\/wp-json\/wp\/v2\/types\/product"}],"replies":[{"embeddable":true,"href":"https:\/\/crematieasinglas.nl\/fr\/wp-json\/wp\/v2\/comments?post=20162"}],"wp:featuredmedia":[{"embeddable":true,"href":"https:\/\/crematieasinglas.nl\/fr\/wp-json\/wp\/v2\/media\/9515"}],"wp:attachment":[{"href":"https:\/\/crematieasinglas.nl\/fr\/wp-json\/wp\/v2\/media?parent=20162"}],"wp:term":[{"taxonomy":"product_brand","embeddable":true,"href":"https:\/\/crematieasinglas.nl\/fr\/wp-json\/wp\/v2\/product_brand?post=20162"},{"taxonomy":"product_cat","embeddable":true,"href":"https:\/\/crematieasinglas.nl\/fr\/wp-json\/wp\/v2\/product_cat?post=20162"},{"taxonomy":"product_tag","embeddable":true,"href":"https:\/\/crematieasinglas.nl\/fr\/wp-json\/wp\/v2\/product_tag?post=20162"}],"curies":[{"name":"wp","href":"https:\/\/api.w.org\/{rel}","templated":true}]}}