{"id":20152,"date":"2025-02-21T18:48:26","date_gmt":"2025-02-21T18:48:26","guid":{"rendered":"https:\/\/ebdxvyckeo.onrocket.site\/product\/gu2018-bolurn-moyen-en-verre-violet-personnalise\/"},"modified":"2025-02-21T18:48:26","modified_gmt":"2025-02-21T18:48:26","slug":"gu2018-bolurn-moyen-en-verre-violet-personnalise","status":"publish","type":"product","link":"https:\/\/crematieasinglas.nl\/fr\/produit\/gu2018-bolurn-moyen-en-verre-violet-personnalise\/","title":{"rendered":"GU2018 | Bolurn moyen en verre violet personnalis\u00e9"},"content":{"rendered":"<p>Num\u00e9ro de code&nbsp;: GU2018<br \/>\nCollection&nbsp;: Urnes<br \/>\nCat\u00e9gorie&nbsp;: Urnes en verre personnalis\u00e9es | GU 2000<\/p>\n<h2>Livraison:  <\/p>\n<h3>8 jours ouvrables (2 semaines)<\/h3>\n<\/h2>\n<h2>Information:<\/h2>\n<p>Hauteur : 14cm<br \/>\nLargeur&nbsp;: 10cm<br \/>\nProfondeur : 10 cm<br \/>\nCouleur : violet<br \/>\nContenance : 120ml<br \/>\nStock : 1 article en stock<br \/>\nUrne \u00e0 remplir soi-m\u00eame :: Oui, le manuel est inclus<\/p>\n<h3>D\u00e9finition:<\/h3>\n<h2>Bolurne moyen en verre violetL\u2019urne est sabl\u00e9e avec la silhouette d\u2019un oiseau ph\u00e9nix tr\u00e8s gracieux, 1 nom et 2 papillons.  <br \/><strong>Veuillez noter que le papillon et l\u2019urne peuvent diff\u00e9rer en intensit\u00e9 \/ d\u00e9grad\u00e9 de couleurs<\/strong> par rapport \u00e0 la photo, car chaque urne est faite \u00e0 la main et unique. Un manuel de remplissage est inclus avec l\u2019urne.  Cette urne convient \u00e0 une petite partie d\u2019une destination de cendres de cr\u00e9mation.  <br \/>Parce que l\u2019urne est sabl\u00e9e en diffuse, les cendres ne sont pas visibles (sauf \u00e0 travers les lignes brillantes des silhouettes) dans l\u2019urne. L\u2019urne est trait\u00e9e avec un rev\u00eatement contre les empreintes digitales permanentes. <\/br><\/p>\n<h3>Livraison:<\/h3>\n<p>Apr\u00e8s votre commande, je vous contacterai pour voir quel nom peut \u00eatre sabl\u00e9 sur l\u2019urne. Un nom maximum de 6 lettres peut \u00eatre plac\u00e9 sur cette urne. Si vous avez des questions \u00e0 l\u2019avance, n\u2019h\u00e9sitez pas \u00e0 info@crematieasinglas.nl envoyer un courrier ou \u00e0 notre site web : <a href=\"https:\/\/crematieasinglas.nl\">site web crematieasinglas.nl<\/a> <\/p>\n<p>:<\/p>\n","protected":false},"excerpt":{"rendered":"<p>Urne de cr\u00e9mation en verre et personnalis\u00e9e \u00e0 votre go\u00fbt. Bolurn moyen en verre violet <\/p>\n","protected":false},"featured_media":9869,"comment_status":"closed","ping_status":"open","template":"","meta":[],"product_brand":[],"product_cat":[898,1024],"product_tag":[],"class_list":{"0":"post-20152","1":"product","2":"type-product","3":"status-publish","4":"has-post-thumbnail","6":"product_cat-urnes","7":"product_cat-urnes-en-verre-personnalisees-gu-2000","8":"pa_inhoud-120ml-fr","9":"pa_kleur-pourpre","11":"first","12":"instock","13":"taxable","14":"shipping-taxable","15":"purchasable","16":"product-type-simple"},"yoast_head":"<!-- This site is optimized with the Yoast SEO Premium plugin v27.5 (Yoast SEO v27.5) - https:\/\/yoast.com\/product\/yoast-seo-premium-wordpress\/ -->\n<title>GU2018 | Bolurn moyen en verre violet personnalis\u00e9 - Winkel voor Crematie-as in glas<\/title>\n<meta name=\"description\" content=\"Urne de cr\u00e9mation en verre et personnalis\u00e9e \u00e0 votre go\u00fbt. Bolurn moyen en verre violet\" \/>\n<meta name=\"robots\" content=\"index, follow, max-snippet:-1, max-image-preview:large, max-video-preview:-1\" \/>\n<link rel=\"canonical\" href=\"https:\/\/crematieasinglas.nl\/produit\/gu2018-medium-bolurn-van-paars-glas-gepersonaliseerd\/\" \/>\n<meta property=\"og:locale\" content=\"fr_FR\" \/>\n<meta property=\"og:type\" content=\"article\" \/>\n<meta property=\"og:title\" content=\"GU2018 | Bolurn moyen en verre violet personnalis\u00e9\" \/>\n<meta property=\"og:description\" content=\"Urne de cr\u00e9mation en verre et personnalis\u00e9e \u00e0 votre go\u00fbt. Bolurn moyen en verre violet\" \/>\n<meta property=\"og:url\" content=\"https:\/\/crematieasinglas.nl\/produit\/gu2018-medium-bolurn-van-paars-glas-gepersonaliseerd\/\" \/>\n<meta property=\"og:site_name\" content=\"Winkel voor Crematie-as in glas\" \/>\n<meta property=\"og:image\" content=\"https:\/\/crematieasinglas.nl\/wp-content\/uploads\/2024\/10\/crematie-as-urn-glas-bolurn-zandstraling-naam-feniks-vogel-paars-1-gu2018.jpg\" \/>\n\t<meta property=\"og:image:width\" content=\"1280\" \/>\n\t<meta property=\"og:image:height\" content=\"1920\" \/>\n\t<meta property=\"og:image:type\" content=\"image\/jpeg\" \/>\n<meta name=\"twitter:card\" content=\"summary_large_image\" \/>\n<meta name=\"twitter:label1\" content=\"Dur\u00e9e de lecture estim\u00e9e\" \/>\n\t<meta name=\"twitter:data1\" content=\"1 minute\" \/>\n<script type=\"application\/ld+json\" class=\"yoast-schema-graph\">{\"@context\":\"https:\\\/\\\/schema.org\",\"@graph\":[{\"@type\":\"WebPage\",\"@id\":\"https:\\\/\\\/crematieasinglas.nl\\\/produit\\\/gu2018-medium-bolurn-van-paars-glas-gepersonaliseerd\\\/\",\"url\":\"https:\\\/\\\/crematieasinglas.nl\\\/produit\\\/gu2018-medium-bolurn-van-paars-glas-gepersonaliseerd\\\/\",\"name\":\"GU2018 | Bolurn moyen en verre violet personnalis\u00e9 - Winkel voor Crematie-as in glas\",\"isPartOf\":{\"@id\":\"https:\\\/\\\/crematieasinglas.nl\\\/#website\"},\"primaryImageOfPage\":{\"@id\":\"https:\\\/\\\/crematieasinglas.nl\\\/produit\\\/gu2018-medium-bolurn-van-paars-glas-gepersonaliseerd\\\/#primaryimage\"},\"image\":{\"@id\":\"https:\\\/\\\/crematieasinglas.nl\\\/produit\\\/gu2018-medium-bolurn-van-paars-glas-gepersonaliseerd\\\/#primaryimage\"},\"thumbnailUrl\":\"https:\\\/\\\/crematieasinglas.nl\\\/wp-content\\\/uploads\\\/2024\\\/10\\\/crematie-as-urn-glas-bolurn-zandstraling-naam-feniks-vogel-paars-1-gu2018.jpg\",\"datePublished\":\"2025-02-21T18:48:26+00:00\",\"description\":\"Urne de cr\u00e9mation en verre et personnalis\u00e9e \u00e0 votre go\u00fbt. Bolurn moyen en verre violet\",\"breadcrumb\":{\"@id\":\"https:\\\/\\\/crematieasinglas.nl\\\/produit\\\/gu2018-medium-bolurn-van-paars-glas-gepersonaliseerd\\\/#breadcrumb\"},\"inLanguage\":\"fr-FR\",\"potentialAction\":[{\"@type\":\"ReadAction\",\"target\":[\"https:\\\/\\\/crematieasinglas.nl\\\/produit\\\/gu2018-medium-bolurn-van-paars-glas-gepersonaliseerd\\\/\"]}]},{\"@type\":\"ImageObject\",\"inLanguage\":\"fr-FR\",\"@id\":\"https:\\\/\\\/crematieasinglas.nl\\\/produit\\\/gu2018-medium-bolurn-van-paars-glas-gepersonaliseerd\\\/#primaryimage\",\"url\":\"https:\\\/\\\/crematieasinglas.nl\\\/wp-content\\\/uploads\\\/2024\\\/10\\\/crematie-as-urn-glas-bolurn-zandstraling-naam-feniks-vogel-paars-1-gu2018.jpg\",\"contentUrl\":\"https:\\\/\\\/crematieasinglas.nl\\\/wp-content\\\/uploads\\\/2024\\\/10\\\/crematie-as-urn-glas-bolurn-zandstraling-naam-feniks-vogel-paars-1-gu2018.jpg\",\"width\":1280,\"height\":1920},{\"@type\":\"BreadcrumbList\",\"@id\":\"https:\\\/\\\/crematieasinglas.nl\\\/produit\\\/gu2018-medium-bolurn-van-paars-glas-gepersonaliseerd\\\/#breadcrumb\",\"itemListElement\":[{\"@type\":\"ListItem\",\"position\":1,\"name\":\"Home\",\"item\":\"https:\\\/\\\/crematieasinglas.nl\\\/\"},{\"@type\":\"ListItem\",\"position\":2,\"name\":\"Boutique\",\"item\":\"https:\\\/\\\/crematieasinglas.nl\\\/fr\\\/boutique\\\/\"},{\"@type\":\"ListItem\",\"position\":3,\"name\":\"GU2018 | Bolurn moyen en verre violet personnalis\u00e9\"}]},{\"@type\":\"WebSite\",\"@id\":\"https:\\\/\\\/crematieasinglas.nl\\\/#website\",\"url\":\"https:\\\/\\\/crematieasinglas.nl\\\/\",\"name\":\"Winkel voor Crematie-as in glas\",\"description\":\"Een winkel voor crematieasinglas.nl\",\"publisher\":{\"@id\":\"https:\\\/\\\/crematieasinglas.nl\\\/#organization\"},\"potentialAction\":[{\"@type\":\"SearchAction\",\"target\":{\"@type\":\"EntryPoint\",\"urlTemplate\":\"https:\\\/\\\/crematieasinglas.nl\\\/?s={search_term_string}\"},\"query-input\":{\"@type\":\"PropertyValueSpecification\",\"valueRequired\":true,\"valueName\":\"search_term_string\"}}],\"inLanguage\":\"fr-FR\"},{\"@type\":\"Organization\",\"@id\":\"https:\\\/\\\/crematieasinglas.nl\\\/#organization\",\"name\":\"Dierbaarasinglas.nl\",\"alternateName\":\"Crematieasinglas.nl\",\"url\":\"https:\\\/\\\/crematieasinglas.nl\\\/\",\"logo\":{\"@type\":\"ImageObject\",\"inLanguage\":\"fr-FR\",\"@id\":\"https:\\\/\\\/crematieasinglas.nl\\\/#\\\/schema\\\/logo\\\/image\\\/\",\"url\":\"https:\\\/\\\/crematieasinglas.nl\\\/wp-content\\\/uploads\\\/2024\\\/10\\\/logo-02-playfair-googlefont-met-hartje-02.png\",\"contentUrl\":\"https:\\\/\\\/crematieasinglas.nl\\\/wp-content\\\/uploads\\\/2024\\\/10\\\/logo-02-playfair-googlefont-met-hartje-02.png\",\"width\":582,\"height\":136,\"caption\":\"Dierbaarasinglas.nl\"},\"image\":{\"@id\":\"https:\\\/\\\/crematieasinglas.nl\\\/#\\\/schema\\\/logo\\\/image\\\/\"}}]}<\/script>\n<!-- \/ Yoast SEO Premium plugin. -->","yoast_head_json":{"title":"GU2018 | Bolurn moyen en verre violet personnalis\u00e9 - Winkel voor Crematie-as in glas","description":"Urne de cr\u00e9mation en verre et personnalis\u00e9e \u00e0 votre go\u00fbt. Bolurn moyen en verre violet","robots":{"index":"index","follow":"follow","max-snippet":"max-snippet:-1","max-image-preview":"max-image-preview:large","max-video-preview":"max-video-preview:-1"},"canonical":"https:\/\/crematieasinglas.nl\/produit\/gu2018-medium-bolurn-van-paars-glas-gepersonaliseerd\/","og_locale":"fr_FR","og_type":"article","og_title":"GU2018 | Bolurn moyen en verre violet personnalis\u00e9","og_description":"Urne de cr\u00e9mation en verre et personnalis\u00e9e \u00e0 votre go\u00fbt. Bolurn moyen en verre violet","og_url":"https:\/\/crematieasinglas.nl\/produit\/gu2018-medium-bolurn-van-paars-glas-gepersonaliseerd\/","og_site_name":"Winkel voor Crematie-as in glas","og_image":[{"width":1280,"height":1920,"url":"https:\/\/crematieasinglas.nl\/wp-content\/uploads\/2024\/10\/crematie-as-urn-glas-bolurn-zandstraling-naam-feniks-vogel-paars-1-gu2018.jpg","type":"image\/jpeg"}],"twitter_card":"summary_large_image","twitter_misc":{"Dur\u00e9e de lecture estim\u00e9e":"1 minute"},"schema":{"@context":"https:\/\/schema.org","@graph":[{"@type":"WebPage","@id":"https:\/\/crematieasinglas.nl\/produit\/gu2018-medium-bolurn-van-paars-glas-gepersonaliseerd\/","url":"https:\/\/crematieasinglas.nl\/produit\/gu2018-medium-bolurn-van-paars-glas-gepersonaliseerd\/","name":"GU2018 | Bolurn moyen en verre violet personnalis\u00e9 - Winkel voor Crematie-as in glas","isPartOf":{"@id":"https:\/\/crematieasinglas.nl\/#website"},"primaryImageOfPage":{"@id":"https:\/\/crematieasinglas.nl\/produit\/gu2018-medium-bolurn-van-paars-glas-gepersonaliseerd\/#primaryimage"},"image":{"@id":"https:\/\/crematieasinglas.nl\/produit\/gu2018-medium-bolurn-van-paars-glas-gepersonaliseerd\/#primaryimage"},"thumbnailUrl":"https:\/\/crematieasinglas.nl\/wp-content\/uploads\/2024\/10\/crematie-as-urn-glas-bolurn-zandstraling-naam-feniks-vogel-paars-1-gu2018.jpg","datePublished":"2025-02-21T18:48:26+00:00","description":"Urne de cr\u00e9mation en verre et personnalis\u00e9e \u00e0 votre go\u00fbt. Bolurn moyen en verre violet","breadcrumb":{"@id":"https:\/\/crematieasinglas.nl\/produit\/gu2018-medium-bolurn-van-paars-glas-gepersonaliseerd\/#breadcrumb"},"inLanguage":"fr-FR","potentialAction":[{"@type":"ReadAction","target":["https:\/\/crematieasinglas.nl\/produit\/gu2018-medium-bolurn-van-paars-glas-gepersonaliseerd\/"]}]},{"@type":"ImageObject","inLanguage":"fr-FR","@id":"https:\/\/crematieasinglas.nl\/produit\/gu2018-medium-bolurn-van-paars-glas-gepersonaliseerd\/#primaryimage","url":"https:\/\/crematieasinglas.nl\/wp-content\/uploads\/2024\/10\/crematie-as-urn-glas-bolurn-zandstraling-naam-feniks-vogel-paars-1-gu2018.jpg","contentUrl":"https:\/\/crematieasinglas.nl\/wp-content\/uploads\/2024\/10\/crematie-as-urn-glas-bolurn-zandstraling-naam-feniks-vogel-paars-1-gu2018.jpg","width":1280,"height":1920},{"@type":"BreadcrumbList","@id":"https:\/\/crematieasinglas.nl\/produit\/gu2018-medium-bolurn-van-paars-glas-gepersonaliseerd\/#breadcrumb","itemListElement":[{"@type":"ListItem","position":1,"name":"Home","item":"https:\/\/crematieasinglas.nl\/"},{"@type":"ListItem","position":2,"name":"Boutique","item":"https:\/\/crematieasinglas.nl\/fr\/boutique\/"},{"@type":"ListItem","position":3,"name":"GU2018 | Bolurn moyen en verre violet personnalis\u00e9"}]},{"@type":"WebSite","@id":"https:\/\/crematieasinglas.nl\/#website","url":"https:\/\/crematieasinglas.nl\/","name":"Winkel voor Crematie-as in glas","description":"Een winkel voor crematieasinglas.nl","publisher":{"@id":"https:\/\/crematieasinglas.nl\/#organization"},"potentialAction":[{"@type":"SearchAction","target":{"@type":"EntryPoint","urlTemplate":"https:\/\/crematieasinglas.nl\/?s={search_term_string}"},"query-input":{"@type":"PropertyValueSpecification","valueRequired":true,"valueName":"search_term_string"}}],"inLanguage":"fr-FR"},{"@type":"Organization","@id":"https:\/\/crematieasinglas.nl\/#organization","name":"Dierbaarasinglas.nl","alternateName":"Crematieasinglas.nl","url":"https:\/\/crematieasinglas.nl\/","logo":{"@type":"ImageObject","inLanguage":"fr-FR","@id":"https:\/\/crematieasinglas.nl\/#\/schema\/logo\/image\/","url":"https:\/\/crematieasinglas.nl\/wp-content\/uploads\/2024\/10\/logo-02-playfair-googlefont-met-hartje-02.png","contentUrl":"https:\/\/crematieasinglas.nl\/wp-content\/uploads\/2024\/10\/logo-02-playfair-googlefont-met-hartje-02.png","width":582,"height":136,"caption":"Dierbaarasinglas.nl"},"image":{"@id":"https:\/\/crematieasinglas.nl\/#\/schema\/logo\/image\/"}}]}},"_links":{"self":[{"href":"https:\/\/crematieasinglas.nl\/fr\/wp-json\/wp\/v2\/product\/20152","targetHints":{"allow":["GET"]}}],"collection":[{"href":"https:\/\/crematieasinglas.nl\/fr\/wp-json\/wp\/v2\/product"}],"about":[{"href":"https:\/\/crematieasinglas.nl\/fr\/wp-json\/wp\/v2\/types\/product"}],"replies":[{"embeddable":true,"href":"https:\/\/crematieasinglas.nl\/fr\/wp-json\/wp\/v2\/comments?post=20152"}],"wp:featuredmedia":[{"embeddable":true,"href":"https:\/\/crematieasinglas.nl\/fr\/wp-json\/wp\/v2\/media\/9869"}],"wp:attachment":[{"href":"https:\/\/crematieasinglas.nl\/fr\/wp-json\/wp\/v2\/media?parent=20152"}],"wp:term":[{"taxonomy":"product_brand","embeddable":true,"href":"https:\/\/crematieasinglas.nl\/fr\/wp-json\/wp\/v2\/product_brand?post=20152"},{"taxonomy":"product_cat","embeddable":true,"href":"https:\/\/crematieasinglas.nl\/fr\/wp-json\/wp\/v2\/product_cat?post=20152"},{"taxonomy":"product_tag","embeddable":true,"href":"https:\/\/crematieasinglas.nl\/fr\/wp-json\/wp\/v2\/product_tag?post=20152"}],"curies":[{"name":"wp","href":"https:\/\/api.w.org\/{rel}","templated":true}]}}