{"id":20142,"date":"2025-02-21T18:48:39","date_gmt":"2025-02-21T18:48:39","guid":{"rendered":"https:\/\/ebdxvyckeo.onrocket.site\/product\/gu2021-urne-avec-orchidees-et-colibri\/"},"modified":"2025-02-21T18:48:39","modified_gmt":"2025-02-21T18:48:39","slug":"gu2021-urne-avec-orchidees-et-colibri","status":"publish","type":"product","link":"https:\/\/crematieasinglas.nl\/fr\/produit\/gu2021-urne-avec-orchidees-et-colibri\/","title":{"rendered":"GU2021 | Urne avec orchid\u00e9es et colibri"},"content":{"rendered":"<p>Num\u00e9ro de code&nbsp;: GU2021<br \/>\nCollection&nbsp;: Urnes<br \/>\nCat\u00e9gorie&nbsp;: Urnes en verre personnalis\u00e9es | GU 2000<\/p>\n<h2>Livraison:  <\/p>\n<h3>8 jours ouvrables (2 semaines)<\/h3>\n<\/h2>\n<h2>Information:<\/h2>\n<p>Hauteur : 18cm<br \/>\nLargeur&nbsp;: 10cm<br \/>\nProfondeur : 10 cm<br \/>\nCouleur : transparent et lilas<br \/>\nContenance : 5ml<br \/>\nStock : 1 article en stock<br \/>\nUrne \u00e0 remplir soi-m\u00eame : au choix, en consultation<\/p>\n<h3>D\u00e9finition:<\/h3>\n<p>Urne goutte faite \u00e0 la main en verre transparent. Les cendres de cr\u00e9mation sont plac\u00e9es dans des brindilles creuses d\u2019orchid\u00e9es. Les cendres ne sont donc PAS souffl\u00e9es dans le verre mais plac\u00e9es librement dans la brindille creuse. Dans l\u2019urne se trouve un tronc avec des orchid\u00e9es lilas fonc\u00e9s faites avec un colibri. Il est possible d\u2019ajouter de petits grains de verre color\u00e9s le long de la tige pour donner plus de couleur au tronc. Notez que la photo d\u2019exemple montre que des grains de verre violet ont \u00e9t\u00e9 incorpor\u00e9s dans le tronc transparent.     <\/p>\n<h3>Livraison:<\/h3>\n<p>Apr\u00e8s votre commande, je vous contacterai pour savoir si vous souhaitez remplir l\u2019urne vous-m\u00eame \u00e0 la maison ou si l\u2019urne peut \u00eatre remplie par moi, o\u00f9 vous pouvez m\u2019envoyer\/apporter quelques cuill\u00e8res \u00e0 caf\u00e9 de cendres de cr\u00e9mation. Si vous avez des questions \u00e0 l\u2019avance, n\u2019h\u00e9sitez pas \u00e0 info@crematieasinglas.nl envoyer un courrier ou \u00e0 notre site web : <a href=\"https:\/\/crematieasinglas.nl\">site web crematieasinglas.nl<\/a> <\/p>\n<p>:<\/p>\n","protected":false},"excerpt":{"rendered":"<p>Tonne en verre transparent. Les cendres de cr\u00e9mation sont plac\u00e9es en vrac dans une brindille creuse d\u2019orchid\u00e9es. Les cendres ne sont donc PAS souffl\u00e9es dans le verre mais plac\u00e9es librement dans la brindille creuse.  <\/p>\n","protected":false},"featured_media":16847,"comment_status":"closed","ping_status":"open","template":"","meta":[],"product_brand":[],"product_cat":[898,1024],"product_tag":[],"class_list":{"0":"post-20142","1":"product","2":"type-product","3":"status-publish","4":"has-post-thumbnail","6":"product_cat-urnes","7":"product_cat-urnes-en-verre-personnalisees-gu-2000","8":"pa_inhoud-5ml-fr","9":"pa_kleur-transparent-et-lilas","11":"first","12":"instock","13":"taxable","14":"shipping-taxable","15":"purchasable","16":"product-type-simple"},"yoast_head":"<!-- This site is optimized with the Yoast SEO Premium plugin v27.5 (Yoast SEO v27.5) - https:\/\/yoast.com\/product\/yoast-seo-premium-wordpress\/ -->\n<title>GU2021 | Urne avec orchid\u00e9es et colibri - Winkel voor Crematie-as in glas<\/title>\n<meta name=\"description\" content=\"Tonne en verre transparent. Les cendres de cr\u00e9mation sont plac\u00e9es en vrac dans une brindille creuse d\u2019orchid\u00e9es. Les cendres ne sont donc PAS souffl\u00e9es dans le verre mais plac\u00e9es librement dans la brindille creuse.\" \/>\n<meta name=\"robots\" content=\"index, follow, max-snippet:-1, max-image-preview:large, max-video-preview:-1\" \/>\n<link rel=\"canonical\" href=\"https:\/\/crematieasinglas.nl\/produit\/gu2021-druppelurn-met-orchideeen-en-kolibrie\/\" \/>\n<meta property=\"og:locale\" content=\"fr_FR\" \/>\n<meta property=\"og:type\" content=\"article\" \/>\n<meta property=\"og:title\" content=\"GU2021 | Urne avec orchid\u00e9es et colibri\" \/>\n<meta property=\"og:description\" content=\"Tonne en verre transparent. Les cendres de cr\u00e9mation sont plac\u00e9es en vrac dans une brindille creuse d\u2019orchid\u00e9es. Les cendres ne sont donc PAS souffl\u00e9es dans le verre mais plac\u00e9es librement dans la brindille creuse.\" \/>\n<meta property=\"og:url\" content=\"https:\/\/crematieasinglas.nl\/produit\/gu2021-druppelurn-met-orchideeen-en-kolibrie\/\" \/>\n<meta property=\"og:site_name\" content=\"Winkel voor Crematie-as in glas\" \/>\n<meta property=\"og:image\" content=\"https:\/\/crematieasinglas.nl\/wp-content\/uploads\/2025\/02\/crematie-as-urn-glas-vast-8werkdagen-urn-orchidee-kolibrie-lila-as-los-in-glas-1-cvu3014.jpg\" \/>\n\t<meta property=\"og:image:width\" content=\"1333\" \/>\n\t<meta property=\"og:image:height\" content=\"2000\" \/>\n\t<meta property=\"og:image:type\" content=\"image\/jpeg\" \/>\n<meta name=\"twitter:card\" content=\"summary_large_image\" \/>\n<meta name=\"twitter:label1\" content=\"Dur\u00e9e de lecture estim\u00e9e\" \/>\n\t<meta name=\"twitter:data1\" content=\"1 minute\" \/>\n<script type=\"application\/ld+json\" class=\"yoast-schema-graph\">{\"@context\":\"https:\\\/\\\/schema.org\",\"@graph\":[{\"@type\":\"WebPage\",\"@id\":\"https:\\\/\\\/crematieasinglas.nl\\\/produit\\\/gu2021-druppelurn-met-orchideeen-en-kolibrie\\\/\",\"url\":\"https:\\\/\\\/crematieasinglas.nl\\\/produit\\\/gu2021-druppelurn-met-orchideeen-en-kolibrie\\\/\",\"name\":\"GU2021 | Urne avec orchid\u00e9es et colibri - Winkel voor Crematie-as in glas\",\"isPartOf\":{\"@id\":\"https:\\\/\\\/crematieasinglas.nl\\\/#website\"},\"primaryImageOfPage\":{\"@id\":\"https:\\\/\\\/crematieasinglas.nl\\\/produit\\\/gu2021-druppelurn-met-orchideeen-en-kolibrie\\\/#primaryimage\"},\"image\":{\"@id\":\"https:\\\/\\\/crematieasinglas.nl\\\/produit\\\/gu2021-druppelurn-met-orchideeen-en-kolibrie\\\/#primaryimage\"},\"thumbnailUrl\":\"https:\\\/\\\/crematieasinglas.nl\\\/wp-content\\\/uploads\\\/2025\\\/02\\\/crematie-as-urn-glas-vast-8werkdagen-urn-orchidee-kolibrie-lila-as-los-in-glas-1-cvu3014.jpg\",\"datePublished\":\"2025-02-21T18:48:39+00:00\",\"description\":\"Tonne en verre transparent. Les cendres de cr\u00e9mation sont plac\u00e9es en vrac dans une brindille creuse d\u2019orchid\u00e9es. Les cendres ne sont donc PAS souffl\u00e9es dans le verre mais plac\u00e9es librement dans la brindille creuse.\",\"breadcrumb\":{\"@id\":\"https:\\\/\\\/crematieasinglas.nl\\\/produit\\\/gu2021-druppelurn-met-orchideeen-en-kolibrie\\\/#breadcrumb\"},\"inLanguage\":\"fr-FR\",\"potentialAction\":[{\"@type\":\"ReadAction\",\"target\":[\"https:\\\/\\\/crematieasinglas.nl\\\/produit\\\/gu2021-druppelurn-met-orchideeen-en-kolibrie\\\/\"]}]},{\"@type\":\"ImageObject\",\"inLanguage\":\"fr-FR\",\"@id\":\"https:\\\/\\\/crematieasinglas.nl\\\/produit\\\/gu2021-druppelurn-met-orchideeen-en-kolibrie\\\/#primaryimage\",\"url\":\"https:\\\/\\\/crematieasinglas.nl\\\/wp-content\\\/uploads\\\/2025\\\/02\\\/crematie-as-urn-glas-vast-8werkdagen-urn-orchidee-kolibrie-lila-as-los-in-glas-1-cvu3014.jpg\",\"contentUrl\":\"https:\\\/\\\/crematieasinglas.nl\\\/wp-content\\\/uploads\\\/2025\\\/02\\\/crematie-as-urn-glas-vast-8werkdagen-urn-orchidee-kolibrie-lila-as-los-in-glas-1-cvu3014.jpg\",\"width\":1333,\"height\":2000},{\"@type\":\"BreadcrumbList\",\"@id\":\"https:\\\/\\\/crematieasinglas.nl\\\/produit\\\/gu2021-druppelurn-met-orchideeen-en-kolibrie\\\/#breadcrumb\",\"itemListElement\":[{\"@type\":\"ListItem\",\"position\":1,\"name\":\"Home\",\"item\":\"https:\\\/\\\/crematieasinglas.nl\\\/\"},{\"@type\":\"ListItem\",\"position\":2,\"name\":\"Boutique\",\"item\":\"https:\\\/\\\/crematieasinglas.nl\\\/fr\\\/boutique\\\/\"},{\"@type\":\"ListItem\",\"position\":3,\"name\":\"GU2021 | Urne avec orchid\u00e9es et colibri\"}]},{\"@type\":\"WebSite\",\"@id\":\"https:\\\/\\\/crematieasinglas.nl\\\/#website\",\"url\":\"https:\\\/\\\/crematieasinglas.nl\\\/\",\"name\":\"Winkel voor Crematie-as in glas\",\"description\":\"Een winkel voor crematieasinglas.nl\",\"publisher\":{\"@id\":\"https:\\\/\\\/crematieasinglas.nl\\\/#organization\"},\"potentialAction\":[{\"@type\":\"SearchAction\",\"target\":{\"@type\":\"EntryPoint\",\"urlTemplate\":\"https:\\\/\\\/crematieasinglas.nl\\\/?s={search_term_string}\"},\"query-input\":{\"@type\":\"PropertyValueSpecification\",\"valueRequired\":true,\"valueName\":\"search_term_string\"}}],\"inLanguage\":\"fr-FR\"},{\"@type\":\"Organization\",\"@id\":\"https:\\\/\\\/crematieasinglas.nl\\\/#organization\",\"name\":\"Dierbaarasinglas.nl\",\"alternateName\":\"Crematieasinglas.nl\",\"url\":\"https:\\\/\\\/crematieasinglas.nl\\\/\",\"logo\":{\"@type\":\"ImageObject\",\"inLanguage\":\"fr-FR\",\"@id\":\"https:\\\/\\\/crematieasinglas.nl\\\/#\\\/schema\\\/logo\\\/image\\\/\",\"url\":\"https:\\\/\\\/crematieasinglas.nl\\\/wp-content\\\/uploads\\\/2024\\\/10\\\/logo-02-playfair-googlefont-met-hartje-02.png\",\"contentUrl\":\"https:\\\/\\\/crematieasinglas.nl\\\/wp-content\\\/uploads\\\/2024\\\/10\\\/logo-02-playfair-googlefont-met-hartje-02.png\",\"width\":582,\"height\":136,\"caption\":\"Dierbaarasinglas.nl\"},\"image\":{\"@id\":\"https:\\\/\\\/crematieasinglas.nl\\\/#\\\/schema\\\/logo\\\/image\\\/\"}}]}<\/script>\n<!-- \/ Yoast SEO Premium plugin. -->","yoast_head_json":{"title":"GU2021 | Urne avec orchid\u00e9es et colibri - Winkel voor Crematie-as in glas","description":"Tonne en verre transparent. Les cendres de cr\u00e9mation sont plac\u00e9es en vrac dans une brindille creuse d\u2019orchid\u00e9es. Les cendres ne sont donc PAS souffl\u00e9es dans le verre mais plac\u00e9es librement dans la brindille creuse.","robots":{"index":"index","follow":"follow","max-snippet":"max-snippet:-1","max-image-preview":"max-image-preview:large","max-video-preview":"max-video-preview:-1"},"canonical":"https:\/\/crematieasinglas.nl\/produit\/gu2021-druppelurn-met-orchideeen-en-kolibrie\/","og_locale":"fr_FR","og_type":"article","og_title":"GU2021 | Urne avec orchid\u00e9es et colibri","og_description":"Tonne en verre transparent. Les cendres de cr\u00e9mation sont plac\u00e9es en vrac dans une brindille creuse d\u2019orchid\u00e9es. Les cendres ne sont donc PAS souffl\u00e9es dans le verre mais plac\u00e9es librement dans la brindille creuse.","og_url":"https:\/\/crematieasinglas.nl\/produit\/gu2021-druppelurn-met-orchideeen-en-kolibrie\/","og_site_name":"Winkel voor Crematie-as in glas","og_image":[{"width":1333,"height":2000,"url":"https:\/\/crematieasinglas.nl\/wp-content\/uploads\/2025\/02\/crematie-as-urn-glas-vast-8werkdagen-urn-orchidee-kolibrie-lila-as-los-in-glas-1-cvu3014.jpg","type":"image\/jpeg"}],"twitter_card":"summary_large_image","twitter_misc":{"Dur\u00e9e de lecture estim\u00e9e":"1 minute"},"schema":{"@context":"https:\/\/schema.org","@graph":[{"@type":"WebPage","@id":"https:\/\/crematieasinglas.nl\/produit\/gu2021-druppelurn-met-orchideeen-en-kolibrie\/","url":"https:\/\/crematieasinglas.nl\/produit\/gu2021-druppelurn-met-orchideeen-en-kolibrie\/","name":"GU2021 | Urne avec orchid\u00e9es et colibri - Winkel voor Crematie-as in glas","isPartOf":{"@id":"https:\/\/crematieasinglas.nl\/#website"},"primaryImageOfPage":{"@id":"https:\/\/crematieasinglas.nl\/produit\/gu2021-druppelurn-met-orchideeen-en-kolibrie\/#primaryimage"},"image":{"@id":"https:\/\/crematieasinglas.nl\/produit\/gu2021-druppelurn-met-orchideeen-en-kolibrie\/#primaryimage"},"thumbnailUrl":"https:\/\/crematieasinglas.nl\/wp-content\/uploads\/2025\/02\/crematie-as-urn-glas-vast-8werkdagen-urn-orchidee-kolibrie-lila-as-los-in-glas-1-cvu3014.jpg","datePublished":"2025-02-21T18:48:39+00:00","description":"Tonne en verre transparent. Les cendres de cr\u00e9mation sont plac\u00e9es en vrac dans une brindille creuse d\u2019orchid\u00e9es. Les cendres ne sont donc PAS souffl\u00e9es dans le verre mais plac\u00e9es librement dans la brindille creuse.","breadcrumb":{"@id":"https:\/\/crematieasinglas.nl\/produit\/gu2021-druppelurn-met-orchideeen-en-kolibrie\/#breadcrumb"},"inLanguage":"fr-FR","potentialAction":[{"@type":"ReadAction","target":["https:\/\/crematieasinglas.nl\/produit\/gu2021-druppelurn-met-orchideeen-en-kolibrie\/"]}]},{"@type":"ImageObject","inLanguage":"fr-FR","@id":"https:\/\/crematieasinglas.nl\/produit\/gu2021-druppelurn-met-orchideeen-en-kolibrie\/#primaryimage","url":"https:\/\/crematieasinglas.nl\/wp-content\/uploads\/2025\/02\/crematie-as-urn-glas-vast-8werkdagen-urn-orchidee-kolibrie-lila-as-los-in-glas-1-cvu3014.jpg","contentUrl":"https:\/\/crematieasinglas.nl\/wp-content\/uploads\/2025\/02\/crematie-as-urn-glas-vast-8werkdagen-urn-orchidee-kolibrie-lila-as-los-in-glas-1-cvu3014.jpg","width":1333,"height":2000},{"@type":"BreadcrumbList","@id":"https:\/\/crematieasinglas.nl\/produit\/gu2021-druppelurn-met-orchideeen-en-kolibrie\/#breadcrumb","itemListElement":[{"@type":"ListItem","position":1,"name":"Home","item":"https:\/\/crematieasinglas.nl\/"},{"@type":"ListItem","position":2,"name":"Boutique","item":"https:\/\/crematieasinglas.nl\/fr\/boutique\/"},{"@type":"ListItem","position":3,"name":"GU2021 | Urne avec orchid\u00e9es et colibri"}]},{"@type":"WebSite","@id":"https:\/\/crematieasinglas.nl\/#website","url":"https:\/\/crematieasinglas.nl\/","name":"Winkel voor Crematie-as in glas","description":"Een winkel voor crematieasinglas.nl","publisher":{"@id":"https:\/\/crematieasinglas.nl\/#organization"},"potentialAction":[{"@type":"SearchAction","target":{"@type":"EntryPoint","urlTemplate":"https:\/\/crematieasinglas.nl\/?s={search_term_string}"},"query-input":{"@type":"PropertyValueSpecification","valueRequired":true,"valueName":"search_term_string"}}],"inLanguage":"fr-FR"},{"@type":"Organization","@id":"https:\/\/crematieasinglas.nl\/#organization","name":"Dierbaarasinglas.nl","alternateName":"Crematieasinglas.nl","url":"https:\/\/crematieasinglas.nl\/","logo":{"@type":"ImageObject","inLanguage":"fr-FR","@id":"https:\/\/crematieasinglas.nl\/#\/schema\/logo\/image\/","url":"https:\/\/crematieasinglas.nl\/wp-content\/uploads\/2024\/10\/logo-02-playfair-googlefont-met-hartje-02.png","contentUrl":"https:\/\/crematieasinglas.nl\/wp-content\/uploads\/2024\/10\/logo-02-playfair-googlefont-met-hartje-02.png","width":582,"height":136,"caption":"Dierbaarasinglas.nl"},"image":{"@id":"https:\/\/crematieasinglas.nl\/#\/schema\/logo\/image\/"}}]}},"_links":{"self":[{"href":"https:\/\/crematieasinglas.nl\/fr\/wp-json\/wp\/v2\/product\/20142","targetHints":{"allow":["GET"]}}],"collection":[{"href":"https:\/\/crematieasinglas.nl\/fr\/wp-json\/wp\/v2\/product"}],"about":[{"href":"https:\/\/crematieasinglas.nl\/fr\/wp-json\/wp\/v2\/types\/product"}],"replies":[{"embeddable":true,"href":"https:\/\/crematieasinglas.nl\/fr\/wp-json\/wp\/v2\/comments?post=20142"}],"wp:featuredmedia":[{"embeddable":true,"href":"https:\/\/crematieasinglas.nl\/fr\/wp-json\/wp\/v2\/media\/16847"}],"wp:attachment":[{"href":"https:\/\/crematieasinglas.nl\/fr\/wp-json\/wp\/v2\/media?parent=20142"}],"wp:term":[{"taxonomy":"product_brand","embeddable":true,"href":"https:\/\/crematieasinglas.nl\/fr\/wp-json\/wp\/v2\/product_brand?post=20142"},{"taxonomy":"product_cat","embeddable":true,"href":"https:\/\/crematieasinglas.nl\/fr\/wp-json\/wp\/v2\/product_cat?post=20142"},{"taxonomy":"product_tag","embeddable":true,"href":"https:\/\/crematieasinglas.nl\/fr\/wp-json\/wp\/v2\/product_tag?post=20142"}],"curies":[{"name":"wp","href":"https:\/\/api.w.org\/{rel}","templated":true}]}}