{"id":20130,"date":"2025-02-24T10:50:41","date_gmt":"2025-02-24T10:50:41","guid":{"rendered":"https:\/\/ebdxvyckeo.onrocket.site\/product\/dsgg6001-verreors-saphira\/"},"modified":"2025-02-24T10:50:41","modified_gmt":"2025-02-24T10:50:41","slug":"dsgg6001-verreors-saphira","status":"publish","type":"product","link":"https:\/\/crematieasinglas.nl\/fr\/produit\/dsgg6001-verreors-saphira\/","title":{"rendered":"DSGG6001 | Verre&amp;Ors Saphira"},"content":{"rendered":"<p>Num\u00e9ro de code : DSGG6001<br \/>\nCollection : Pour elle<br \/>\nCat\u00e9gorie : glassgolds<\/p>\n<h3>D\u00e9lai de livraison&nbsp;:<br \/>\n8 jours ouvrables (2 semaines) apr\u00e8s r\u00e9ception des cendres de cr\u00e9mation<\/h3>\n<h3>Information:<\/h3>\n<p>Hauteur : 12 mm<br \/>\nLargeur : 12 mm<br \/>\nProfondeur : 7 mm<br \/>\nCouleur&nbsp;: Nuances de bleu<br \/>\nContenu:<br \/>\nStock : 5 article en stock<\/p>\n<h3>Description sp\u00e9cifique :<\/h3>\n<p>Cette breloque en verre bleu Glass&amp;Golds, appel\u00e9e Saphira, a un m\u00e9lange de divers bleus profil\u00e9s avec des abat-jour en verre transparent et un noyau en or 14 carats. Les cendres de cr\u00e9mation sont subtilement incorpor\u00e9es dans ce charme et l\u00e9g\u00e8rement visibles. Les bijoux en verre sont livr\u00e9s avec un collier gourmand en or 14 carats de 45 cm de long.  <\/p>\n<h3>D\u00e9finition:<\/h3>\n<p>Cette petite breloque en verre est fabriqu\u00e9e avec le plus grand soin, avec des cendres de cr\u00e9mation fondues dans le verre et contenant un noyau en or 14 carats. Le design est encore affin\u00e9 avec un collier en or 14 carats assorti, ce qui en fait un bijou personnel et pr\u00e9cieux, afin que vous puissiez toujours porter votre bien-aim\u00e9 \u00e0 proximit\u00e9. Le collier est dot\u00e9 d\u2019un maillon gourmand flexible, d\u2019une longueur de 45 cm, d\u2019une largeur de 1,2 mm et d\u2019un mousqueton petit mais s\u00fbr. La taille modeste de la breloque en verre (environ 12 mm) et la largeur subtile du collier conf\u00e8rent aux bijoux un aspect raffin\u00e9 et d\u00e9licat. En concertation, une longueur diff\u00e9rente peut toujours \u00eatre choisie pour le collier, afin que les bijoux correspondent parfaitement \u00e0 vos souhaits. Le prix des bijoux sera alors ajust\u00e9.     <\/p>\n<p>Le verre utilis\u00e9 pour le charme est le verre de Murano, qui est connu dans le monde entier pour sa beaut\u00e9 et sa qualit\u00e9 sup\u00e9rieure. La breloque comm\u00e9morative est fabriqu\u00e9e de mani\u00e8re professionnelle, qui passe ensuite par un processus dans un four \u00e0 verre sp\u00e9cialis\u00e9. Ce processus minutieux garantit que votre charme en verre est non seulement solide et durable, mais aussi que la beaut\u00e9 du verre est permanente et ne s\u2019estompera pas.  <\/p>\n<p>Dans l\u2019impression vid\u00e9o, la breloque en verre Saphira est montr\u00e9e, de sorte que vous avez un bon aper\u00e7u de la taille de cette petite breloque de cr\u00e9mation. \u00c9tant donn\u00e9 que chaque breloque est fabriqu\u00e9e \u00e0 la main, la taille peut diff\u00e9rer de quelques millim\u00e8tres par rapport \u00e0 l\u2019exemple pr\u00e9sent\u00e9. Les variations subtiles de tons de couleurs rendent chaque breloque encore plus personnelle et unique. (Les tons de couleur sur les \u00e9crans peuvent diff\u00e9rer les uns des autres)<\/p>\n<p>Vos bijoux et les cendres seront toujours trait\u00e9s s\u00e9par\u00e9ment et avec le plus grand respect dans un environnement propre, afin que vous puissiez \u00eatre s\u00fbr que les cendres de votre proche sont entre de bonnes mains et seront soigneusement trait\u00e9es.<\/p>\n<h3>Livraison:<\/h3>\n<p>Apr\u00e8s avoir pass\u00e9 votre commande, je vous contacterai par e-mail pour vous envoyer une \u00e9tiquette d\u2019exp\u00e9dition num\u00e9rique gratuite et un courrier d\u2019information, avec lequel vous pourrez m\u2019envoyer (une tr\u00e8s petite quantit\u00e9) de cendres de cr\u00e9mation.  <br \/>Une quantit\u00e9 de 2 cuill\u00e8res \u00e0 caf\u00e9 de cendres de cr\u00e9mation est suffisante pour cela. Pour les clients en dehors des Pays-Bas, il ne m\u2019est pas possible de demander cette \u00e9tiquette d\u2019exp\u00e9dition num\u00e9rique. Un timbre d\u2019exp\u00e9dition \u00e9tranger pour m\u2019envoyer les cendres de cr\u00e9mation ne peut donc pas \u00eatre rembours\u00e9 par moi. Mais j\u2019aimerais vous donner des conseils sur la fa\u00e7on dont vous pouvez \u00e9galement m\u2019envoyer les cendres de cr\u00e9mation depuis l\u2019\u00e9tranger.<br \/>\n<br \/>La livraison gratuite de l\u2019article de rappel command\u00e9 s\u2019applique \u00e0 tout le monde. L\u2019\u00e9tiquette d\u2019exp\u00e9dition des cendres de cr\u00e9mation est une \u00e9tiquette pour un colis bo\u00eete aux lettres de DHL qui arrive directement chez moi, et vous pouvez le suivre par suivi et tra\u00e7abilit\u00e9. Vous pouvez retourner gratuitement le colis bo\u00eete aux lettres contenant les cendres de cr\u00e9mation dans un point de d\u00e9p\u00f4t DHL dans un d\u00e9lai de 5 jours ouvrables.<br \/>\n<br \/>Dans le courrier d\u2019information, j\u2019expliquerai \u00e9galement les dimensions du colis bo\u00eete aux lettres et le point de d\u00e9p\u00f4t le plus proche de la r\u00e9gion.<br \/>\n<br \/>\u00c0 ce jour, un transport s\u00fbr et tra\u00e7able a toujours \u00e9t\u00e9 garanti, mais nous ne pouvons pas assumer de responsabilit\u00e9 si cela tourne mal de mani\u00e8re inattendue avec le transporteur. Si vous souhaitez apporter les cendres de cr\u00e9mation, c\u2019est \u00e9galement possible, vous pouvez prendre rendez-vous pour cela aux possibilit\u00e9s qui s\u2019ouvrent dans notre agenda en ligne sur notre site web crematieasinglas.nl<br \/>\n<br \/>En tout temps, les cendres restantes vous seront retourn\u00e9es. Les bijoux vous seront envoy\u00e9s par courrier recommand\u00e9, ou consultez notre site internet : <a href=\"https:\/\/crematieasinglas.nl\">site internet crematieasinglas.nl<\/a><\/p>\n<h3>Impression<br \/>\n<iframe src=\"https:\/\/crematieasinglas.nl\/media\/voor-haar\/golds-glass\/crematie-as-bedel-glass-golds-saphira-video-dsb6001.mp4\" width=\"320\" height=\"440\" frameborder=\"0\" allowfullscreen=\"\"><br \/>\n<\/iframe><\/h3>\n","protected":false},"excerpt":{"rendered":"<p>Glass&amp;Golds Saphira est un bijou en verre sp\u00e9cialement con\u00e7u avec un traitement \u00e0 la cendre, un noyau en or 14 carats et un collier en or 14 carats.<\/p>\n","protected":false},"featured_media":16673,"comment_status":"closed","ping_status":"closed","template":"","meta":[],"product_brand":[],"product_cat":[912,1017],"product_tag":[],"class_list":{"0":"post-20130","1":"product","2":"type-product","3":"status-publish","4":"has-post-thumbnail","6":"product_cat-pour-elle","7":"product_cat-verreors-dsgg-6000","8":"pa_kleur-nuances-de-bleu","10":"first","11":"instock","12":"purchasable","13":"product-type-simple"},"yoast_head":"<!-- This site is optimized with the Yoast SEO Premium plugin v27.5 (Yoast SEO v27.5) - https:\/\/yoast.com\/product\/yoast-seo-premium-wordpress\/ -->\n<title>DSGG6001 | Verre&amp;Ors Saphira - Winkel voor Crematie-as in glas<\/title>\n<meta name=\"robots\" content=\"index, follow, max-snippet:-1, max-image-preview:large, max-video-preview:-1\" \/>\n<link rel=\"canonical\" href=\"https:\/\/crematieasinglas.nl\/produit\/dsgg6001-glassgolds-saphira\/\" \/>\n<meta property=\"og:locale\" content=\"fr_FR\" \/>\n<meta property=\"og:type\" content=\"article\" \/>\n<meta property=\"og:title\" content=\"DSGG6001 | Verre&amp;Ors Saphira\" \/>\n<meta property=\"og:description\" content=\"Glass&amp;Golds Saphira est un bijou en verre sp\u00e9cialement con\u00e7u avec un traitement \u00e0 la cendre, un noyau en or 14 carats et un collier en or 14 carats.\" \/>\n<meta property=\"og:url\" content=\"https:\/\/crematieasinglas.nl\/produit\/dsgg6001-glassgolds-saphira\/\" \/>\n<meta property=\"og:site_name\" content=\"Winkel voor Crematie-as in glas\" \/>\n<meta property=\"og:image\" content=\"https:\/\/crematieasinglas.nl\/wp-content\/uploads\/2025\/02\/crematie-as-bedel-glass-golds-saphira-1-dsb6001-2.jpg\" \/>\n\t<meta property=\"og:image:width\" content=\"890\" \/>\n\t<meta property=\"og:image:height\" content=\"669\" \/>\n\t<meta property=\"og:image:type\" content=\"image\/jpeg\" \/>\n<meta name=\"twitter:card\" content=\"summary_large_image\" \/>\n<meta name=\"twitter:label1\" content=\"Dur\u00e9e de lecture estim\u00e9e\" \/>\n\t<meta name=\"twitter:data1\" content=\"4 minutes\" \/>\n<script type=\"application\/ld+json\" class=\"yoast-schema-graph\">{\"@context\":\"https:\\\/\\\/schema.org\",\"@graph\":[{\"@type\":\"WebPage\",\"@id\":\"https:\\\/\\\/crematieasinglas.nl\\\/produit\\\/dsgg6001-glassgolds-saphira\\\/\",\"url\":\"https:\\\/\\\/crematieasinglas.nl\\\/produit\\\/dsgg6001-glassgolds-saphira\\\/\",\"name\":\"DSGG6001 | Verre&amp;Ors Saphira - Winkel voor Crematie-as in glas\",\"isPartOf\":{\"@id\":\"https:\\\/\\\/crematieasinglas.nl\\\/#website\"},\"primaryImageOfPage\":{\"@id\":\"https:\\\/\\\/crematieasinglas.nl\\\/produit\\\/dsgg6001-glassgolds-saphira\\\/#primaryimage\"},\"image\":{\"@id\":\"https:\\\/\\\/crematieasinglas.nl\\\/produit\\\/dsgg6001-glassgolds-saphira\\\/#primaryimage\"},\"thumbnailUrl\":\"https:\\\/\\\/crematieasinglas.nl\\\/wp-content\\\/uploads\\\/2025\\\/02\\\/crematie-as-bedel-glass-golds-saphira-1-dsb6001-2.jpg\",\"datePublished\":\"2025-02-24T10:50:41+00:00\",\"breadcrumb\":{\"@id\":\"https:\\\/\\\/crematieasinglas.nl\\\/produit\\\/dsgg6001-glassgolds-saphira\\\/#breadcrumb\"},\"inLanguage\":\"fr-FR\",\"potentialAction\":[{\"@type\":\"ReadAction\",\"target\":[\"https:\\\/\\\/crematieasinglas.nl\\\/produit\\\/dsgg6001-glassgolds-saphira\\\/\"]}]},{\"@type\":\"ImageObject\",\"inLanguage\":\"fr-FR\",\"@id\":\"https:\\\/\\\/crematieasinglas.nl\\\/produit\\\/dsgg6001-glassgolds-saphira\\\/#primaryimage\",\"url\":\"https:\\\/\\\/crematieasinglas.nl\\\/wp-content\\\/uploads\\\/2025\\\/02\\\/crematie-as-bedel-glass-golds-saphira-1-dsb6001-2.jpg\",\"contentUrl\":\"https:\\\/\\\/crematieasinglas.nl\\\/wp-content\\\/uploads\\\/2025\\\/02\\\/crematie-as-bedel-glass-golds-saphira-1-dsb6001-2.jpg\",\"width\":890,\"height\":669},{\"@type\":\"BreadcrumbList\",\"@id\":\"https:\\\/\\\/crematieasinglas.nl\\\/produit\\\/dsgg6001-glassgolds-saphira\\\/#breadcrumb\",\"itemListElement\":[{\"@type\":\"ListItem\",\"position\":1,\"name\":\"Home\",\"item\":\"https:\\\/\\\/crematieasinglas.nl\\\/\"},{\"@type\":\"ListItem\",\"position\":2,\"name\":\"Boutique\",\"item\":\"https:\\\/\\\/crematieasinglas.nl\\\/fr\\\/boutique\\\/\"},{\"@type\":\"ListItem\",\"position\":3,\"name\":\"DSGG6001 | Verre&amp;Ors Saphira\"}]},{\"@type\":\"WebSite\",\"@id\":\"https:\\\/\\\/crematieasinglas.nl\\\/#website\",\"url\":\"https:\\\/\\\/crematieasinglas.nl\\\/\",\"name\":\"Winkel voor Crematie-as in glas\",\"description\":\"Een winkel voor crematieasinglas.nl\",\"publisher\":{\"@id\":\"https:\\\/\\\/crematieasinglas.nl\\\/#organization\"},\"potentialAction\":[{\"@type\":\"SearchAction\",\"target\":{\"@type\":\"EntryPoint\",\"urlTemplate\":\"https:\\\/\\\/crematieasinglas.nl\\\/?s={search_term_string}\"},\"query-input\":{\"@type\":\"PropertyValueSpecification\",\"valueRequired\":true,\"valueName\":\"search_term_string\"}}],\"inLanguage\":\"fr-FR\"},{\"@type\":\"Organization\",\"@id\":\"https:\\\/\\\/crematieasinglas.nl\\\/#organization\",\"name\":\"Dierbaarasinglas.nl\",\"alternateName\":\"Crematieasinglas.nl\",\"url\":\"https:\\\/\\\/crematieasinglas.nl\\\/\",\"logo\":{\"@type\":\"ImageObject\",\"inLanguage\":\"fr-FR\",\"@id\":\"https:\\\/\\\/crematieasinglas.nl\\\/#\\\/schema\\\/logo\\\/image\\\/\",\"url\":\"https:\\\/\\\/crematieasinglas.nl\\\/wp-content\\\/uploads\\\/2024\\\/10\\\/logo-02-playfair-googlefont-met-hartje-02.png\",\"contentUrl\":\"https:\\\/\\\/crematieasinglas.nl\\\/wp-content\\\/uploads\\\/2024\\\/10\\\/logo-02-playfair-googlefont-met-hartje-02.png\",\"width\":582,\"height\":136,\"caption\":\"Dierbaarasinglas.nl\"},\"image\":{\"@id\":\"https:\\\/\\\/crematieasinglas.nl\\\/#\\\/schema\\\/logo\\\/image\\\/\"}}]}<\/script>\n<!-- \/ Yoast SEO Premium plugin. -->","yoast_head_json":{"title":"DSGG6001 | Verre&amp;Ors Saphira - Winkel voor Crematie-as in glas","robots":{"index":"index","follow":"follow","max-snippet":"max-snippet:-1","max-image-preview":"max-image-preview:large","max-video-preview":"max-video-preview:-1"},"canonical":"https:\/\/crematieasinglas.nl\/produit\/dsgg6001-glassgolds-saphira\/","og_locale":"fr_FR","og_type":"article","og_title":"DSGG6001 | Verre&amp;Ors Saphira","og_description":"Glass&amp;Golds Saphira est un bijou en verre sp\u00e9cialement con\u00e7u avec un traitement \u00e0 la cendre, un noyau en or 14 carats et un collier en or 14 carats.","og_url":"https:\/\/crematieasinglas.nl\/produit\/dsgg6001-glassgolds-saphira\/","og_site_name":"Winkel voor Crematie-as in glas","og_image":[{"width":890,"height":669,"url":"https:\/\/crematieasinglas.nl\/wp-content\/uploads\/2025\/02\/crematie-as-bedel-glass-golds-saphira-1-dsb6001-2.jpg","type":"image\/jpeg"}],"twitter_card":"summary_large_image","twitter_misc":{"Dur\u00e9e de lecture estim\u00e9e":"4 minutes"},"schema":{"@context":"https:\/\/schema.org","@graph":[{"@type":"WebPage","@id":"https:\/\/crematieasinglas.nl\/produit\/dsgg6001-glassgolds-saphira\/","url":"https:\/\/crematieasinglas.nl\/produit\/dsgg6001-glassgolds-saphira\/","name":"DSGG6001 | Verre&amp;Ors Saphira - Winkel voor Crematie-as in glas","isPartOf":{"@id":"https:\/\/crematieasinglas.nl\/#website"},"primaryImageOfPage":{"@id":"https:\/\/crematieasinglas.nl\/produit\/dsgg6001-glassgolds-saphira\/#primaryimage"},"image":{"@id":"https:\/\/crematieasinglas.nl\/produit\/dsgg6001-glassgolds-saphira\/#primaryimage"},"thumbnailUrl":"https:\/\/crematieasinglas.nl\/wp-content\/uploads\/2025\/02\/crematie-as-bedel-glass-golds-saphira-1-dsb6001-2.jpg","datePublished":"2025-02-24T10:50:41+00:00","breadcrumb":{"@id":"https:\/\/crematieasinglas.nl\/produit\/dsgg6001-glassgolds-saphira\/#breadcrumb"},"inLanguage":"fr-FR","potentialAction":[{"@type":"ReadAction","target":["https:\/\/crematieasinglas.nl\/produit\/dsgg6001-glassgolds-saphira\/"]}]},{"@type":"ImageObject","inLanguage":"fr-FR","@id":"https:\/\/crematieasinglas.nl\/produit\/dsgg6001-glassgolds-saphira\/#primaryimage","url":"https:\/\/crematieasinglas.nl\/wp-content\/uploads\/2025\/02\/crematie-as-bedel-glass-golds-saphira-1-dsb6001-2.jpg","contentUrl":"https:\/\/crematieasinglas.nl\/wp-content\/uploads\/2025\/02\/crematie-as-bedel-glass-golds-saphira-1-dsb6001-2.jpg","width":890,"height":669},{"@type":"BreadcrumbList","@id":"https:\/\/crematieasinglas.nl\/produit\/dsgg6001-glassgolds-saphira\/#breadcrumb","itemListElement":[{"@type":"ListItem","position":1,"name":"Home","item":"https:\/\/crematieasinglas.nl\/"},{"@type":"ListItem","position":2,"name":"Boutique","item":"https:\/\/crematieasinglas.nl\/fr\/boutique\/"},{"@type":"ListItem","position":3,"name":"DSGG6001 | Verre&amp;Ors Saphira"}]},{"@type":"WebSite","@id":"https:\/\/crematieasinglas.nl\/#website","url":"https:\/\/crematieasinglas.nl\/","name":"Winkel voor Crematie-as in glas","description":"Een winkel voor crematieasinglas.nl","publisher":{"@id":"https:\/\/crematieasinglas.nl\/#organization"},"potentialAction":[{"@type":"SearchAction","target":{"@type":"EntryPoint","urlTemplate":"https:\/\/crematieasinglas.nl\/?s={search_term_string}"},"query-input":{"@type":"PropertyValueSpecification","valueRequired":true,"valueName":"search_term_string"}}],"inLanguage":"fr-FR"},{"@type":"Organization","@id":"https:\/\/crematieasinglas.nl\/#organization","name":"Dierbaarasinglas.nl","alternateName":"Crematieasinglas.nl","url":"https:\/\/crematieasinglas.nl\/","logo":{"@type":"ImageObject","inLanguage":"fr-FR","@id":"https:\/\/crematieasinglas.nl\/#\/schema\/logo\/image\/","url":"https:\/\/crematieasinglas.nl\/wp-content\/uploads\/2024\/10\/logo-02-playfair-googlefont-met-hartje-02.png","contentUrl":"https:\/\/crematieasinglas.nl\/wp-content\/uploads\/2024\/10\/logo-02-playfair-googlefont-met-hartje-02.png","width":582,"height":136,"caption":"Dierbaarasinglas.nl"},"image":{"@id":"https:\/\/crematieasinglas.nl\/#\/schema\/logo\/image\/"}}]}},"_links":{"self":[{"href":"https:\/\/crematieasinglas.nl\/fr\/wp-json\/wp\/v2\/product\/20130","targetHints":{"allow":["GET"]}}],"collection":[{"href":"https:\/\/crematieasinglas.nl\/fr\/wp-json\/wp\/v2\/product"}],"about":[{"href":"https:\/\/crematieasinglas.nl\/fr\/wp-json\/wp\/v2\/types\/product"}],"replies":[{"embeddable":true,"href":"https:\/\/crematieasinglas.nl\/fr\/wp-json\/wp\/v2\/comments?post=20130"}],"wp:featuredmedia":[{"embeddable":true,"href":"https:\/\/crematieasinglas.nl\/fr\/wp-json\/wp\/v2\/media\/16673"}],"wp:attachment":[{"href":"https:\/\/crematieasinglas.nl\/fr\/wp-json\/wp\/v2\/media?parent=20130"}],"wp:term":[{"taxonomy":"product_brand","embeddable":true,"href":"https:\/\/crematieasinglas.nl\/fr\/wp-json\/wp\/v2\/product_brand?post=20130"},{"taxonomy":"product_cat","embeddable":true,"href":"https:\/\/crematieasinglas.nl\/fr\/wp-json\/wp\/v2\/product_cat?post=20130"},{"taxonomy":"product_tag","embeddable":true,"href":"https:\/\/crematieasinglas.nl\/fr\/wp-json\/wp\/v2\/product_tag?post=20130"}],"curies":[{"name":"wp","href":"https:\/\/api.w.org\/{rel}","templated":true}]}}