{"id":20124,"date":"2025-03-04T12:50:11","date_gmt":"2025-03-04T12:50:11","guid":{"rendered":"https:\/\/ebdxvyckeo.onrocket.site\/product\/wtu8002-saule-avec-mini-urne\/"},"modified":"2025-03-04T12:50:11","modified_gmt":"2025-03-04T12:50:11","slug":"wtu8002-saule-avec-mini-urne","status":"publish","type":"product","link":"https:\/\/crematieasinglas.nl\/fr\/produit\/wtu8002-saule-avec-mini-urne\/","title":{"rendered":"WTU8002 | Saule avec mini urne"},"content":{"rendered":"<p>Num\u00e9ro de code&nbsp;: WTU8002<br \/>\nCollection&nbsp;: Urnes<br \/>\nCat\u00e9gorie&nbsp;: Saule avec mini urne<\/p>\n<h3>:<\/h3>\n<h3>8 jours ouvrables, apr\u00e8s r\u00e9ception des cendres<\/h3>\n<p><strong>D\u00e9finition:<\/strong><br \/>\nVeuillez noter que vous ne pouvez pas remplir cette statue comm\u00e9morative vous-m\u00eame \u00e0 la maison, mais qu\u2019elle est fabriqu\u00e9e \u00e0 la main pour vous par Jet. Les figurines sont les figurines officielles de Willow Tree sur lesquelles une mini urne faite \u00e0 la main en verre, trait\u00e9e avec des cendres de cr\u00e9mation ou des poils, est mont\u00e9e au moyen d\u2019un syst\u00e8me de vis robuste. Les cendres de cr\u00e9mation seront fondues dans le verre. Si vous pr\u00e9f\u00e9rez que les cheveux soient trait\u00e9s dans la mini urne, les cheveux seront trait\u00e9s intacts dans une mini urne creuse souffl\u00e9e \u00e0 la bouche en verre. Les photos pr\u00e9sent\u00e9es montrent un exemple de ce \u00e0 quoi ressemblera la statue comm\u00e9morative. Veuillez noter que la mini urne de votre figurine ne peut pas \u00eatre exactement la m\u00eame car les cheveux peuvent avoir des couleurs diff\u00e9rentes et la mini urne en verre est fabriqu\u00e9e \u00e0 la main. Les couleurs de la mini urne en verre sont transparentes avec de l\u2019or m\u00e9tallique. (et un traitement visible des cendres ou des poils). Apr\u00e8s r\u00e9ception des cendres de cr\u00e9mation ou de la m\u00e8che de cheveux, votre statue comm\u00e9morative (et tous les cheveux ou cendres de cr\u00e9mation restants) vous sera retourn\u00e9 dans les 8 jours ouvrables par colis DHL courrier. Cendres de cr\u00e9mation en glas.nl est une marque d\u00e9pos\u00e9e et garantie qui vous donne la garantie d\u2019un produit artisanal unique et de haute qualit\u00e9 sans r\u00e9pliques ni production de masse        <\/p>\n<p>Hauteur&nbsp;: 15 cm<br \/>\nLargeur&nbsp;: 6 cm<br \/>\nProfondeur&nbsp;: 5 cm<br \/>\nCouleur&nbsp;: or<br \/>\nContenu&nbsp;:<br \/>\nEn stock&nbsp;: oui article en stock<\/p>\n<p><strong>Livraison:<\/strong><br \/>\nApr\u00e8s avoir pass\u00e9 votre commande de la figurine de saule choisie avec des cendres de cr\u00e9mation ou un traitement capillaire, je vous contacterai par e-mail pour vous fournir les informations d\u2019exp\u00e9dition. Je vous envoie par la pr\u00e9sente une \u00e9tiquette d\u2019exp\u00e9dition num\u00e9rique gratuite (uniquement possible aux adresses n\u00e9erlandaises), avec laquelle vous pouvez m\u2019envoyer une petite quantit\u00e9 de cendres de cr\u00e9mation (2 th\u00e9peaux) ou une m\u00e8che de cheveux (environ une quantit\u00e9 de 1 crayon de 5 cm de long suffit). Pour les clients en dehors des Pays-Bas, il ne m\u2019est pas possible de demander ce timbre, un timbre d\u2019exp\u00e9dition \u00e9tranger pour m\u2019envoyer les cendres de cr\u00e9mation ou la m\u00e8che de cheveux ne peut pas \u00eatre rembours\u00e9. J\u2019aimerais vous donner des conseils sur la meilleure fa\u00e7on de m\u2019envoyer les cendres de cr\u00e9mation ou la m\u00e8che de cheveux (\u00e9galement de l\u2019\u00e9tranger).   L\u2019\u00e9tiquette d\u2019exp\u00e9dition n\u00e9erlandaise est une \u00e9tiquette pour un colis bo\u00eete aux lettres DHL qui arrive directement chez moi, et vous pouvez le suivre par suivi et tra\u00e7abilit\u00e9. Vous pouvez remettre gratuitement le colis bo\u00eete aux lettres contenant les cendres de cr\u00e9mation ou la m\u00e8che de cheveux dans un point de d\u00e9p\u00f4t DHL dans les 5 jours. Dans l\u2019e-mail d\u2019information, j\u2019expliquerai \u00e9galement les dimensions du colis bo\u00eete aux lettres et le point de d\u00e9p\u00f4t le plus proche de chez vous. \u00c0 ce jour, un transport s\u00fbr et tra\u00e7able a toujours \u00e9t\u00e9 garanti, mais nous ne pouvons pas assumer de responsabilit\u00e9 si cela tourne mal de mani\u00e8re inattendue avec le transporteur. Bien entendu, il est \u00e9galement possible de nous livrer les cendres de cr\u00e9mation ou la m\u00e8che de cheveux sur rendez-vous dans le showroom de Hoogakker 2E \u00e0 Hapert. Vous pouvez prendre rendez-vous pour cela sur notre site web crematieasinglas.nl. Apr\u00e8s avoir re\u00e7u les cendres de cr\u00e9mation ou la m\u00e8che de cheveux, je travaillerai avec beaucoup de soin sur votre statue de m\u00e9moire.    <\/p>\n<p>Vid\u00e9o:<\/p>\n","protected":false},"excerpt":{"rendered":"<p>Saule Toujours avec mini urne<\/p>\n","protected":false},"featured_media":13805,"comment_status":"closed","ping_status":"open","template":"","meta":[],"product_brand":[],"product_cat":[898],"product_tag":[],"class_list":{"0":"post-20124","1":"product","2":"type-product","3":"status-publish","4":"has-post-thumbnail","6":"product_cat-urnes","7":"pa_kleur-or","9":"first","10":"instock","11":"purchasable","12":"product-type-simple"},"yoast_head":"<!-- This site is optimized with the Yoast SEO Premium plugin v27.5 (Yoast SEO v27.5) - https:\/\/yoast.com\/product\/yoast-seo-premium-wordpress\/ -->\n<title>WTU8002 | Saule avec mini urne - Winkel voor Crematie-as in glas<\/title>\n<meta name=\"description\" content=\"Saule Toujours avec mini urne\" \/>\n<meta name=\"robots\" content=\"index, follow, max-snippet:-1, max-image-preview:large, max-video-preview:-1\" \/>\n<link rel=\"canonical\" href=\"https:\/\/crematieasinglas.nl\/fr\/produit\/wtu8002-saule-avec-mini-urne\/\" \/>\n<meta property=\"og:locale\" content=\"fr_FR\" \/>\n<meta property=\"og:type\" content=\"article\" \/>\n<meta property=\"og:title\" content=\"WTU8002 | Saule avec mini urne\" \/>\n<meta property=\"og:description\" content=\"Saule Toujours avec mini urne\" \/>\n<meta property=\"og:url\" content=\"https:\/\/crematieasinglas.nl\/fr\/produit\/wtu8002-saule-avec-mini-urne\/\" \/>\n<meta property=\"og:site_name\" content=\"Winkel voor Crematie-as in glas\" \/>\n<meta property=\"og:image\" content=\"https:\/\/crematieasinglas.nl\/wp-content\/uploads\/2024\/12\/crematie-as-urn-willow-tree-mini-urn-always-1-wtu8002.jpg\" \/>\n\t<meta property=\"og:image:width\" content=\"682\" \/>\n\t<meta property=\"og:image:height\" content=\"1024\" \/>\n\t<meta property=\"og:image:type\" content=\"image\/jpeg\" \/>\n<meta name=\"twitter:card\" content=\"summary_large_image\" \/>\n<meta name=\"twitter:label1\" content=\"Dur\u00e9e de lecture estim\u00e9e\" \/>\n\t<meta name=\"twitter:data1\" content=\"3 minutes\" \/>\n<script type=\"application\/ld+json\" class=\"yoast-schema-graph\">{\"@context\":\"https:\\\/\\\/schema.org\",\"@graph\":[{\"@type\":\"WebPage\",\"@id\":\"https:\\\/\\\/crematieasinglas.nl\\\/fr\\\/produit\\\/wtu8002-saule-avec-mini-urne\\\/\",\"url\":\"https:\\\/\\\/crematieasinglas.nl\\\/fr\\\/produit\\\/wtu8002-saule-avec-mini-urne\\\/\",\"name\":\"WTU8002 | Saule avec mini urne - Winkel voor Crematie-as in glas\",\"isPartOf\":{\"@id\":\"https:\\\/\\\/crematieasinglas.nl\\\/#website\"},\"primaryImageOfPage\":{\"@id\":\"https:\\\/\\\/crematieasinglas.nl\\\/fr\\\/produit\\\/wtu8002-saule-avec-mini-urne\\\/#primaryimage\"},\"image\":{\"@id\":\"https:\\\/\\\/crematieasinglas.nl\\\/fr\\\/produit\\\/wtu8002-saule-avec-mini-urne\\\/#primaryimage\"},\"thumbnailUrl\":\"https:\\\/\\\/crematieasinglas.nl\\\/wp-content\\\/uploads\\\/2024\\\/12\\\/crematie-as-urn-willow-tree-mini-urn-always-1-wtu8002.jpg\",\"datePublished\":\"2025-03-04T12:50:11+00:00\",\"description\":\"Saule Toujours avec mini urne\",\"breadcrumb\":{\"@id\":\"https:\\\/\\\/crematieasinglas.nl\\\/fr\\\/produit\\\/wtu8002-saule-avec-mini-urne\\\/#breadcrumb\"},\"inLanguage\":\"fr-FR\",\"potentialAction\":[{\"@type\":\"ReadAction\",\"target\":[\"https:\\\/\\\/crematieasinglas.nl\\\/fr\\\/produit\\\/wtu8002-saule-avec-mini-urne\\\/\"]}]},{\"@type\":\"ImageObject\",\"inLanguage\":\"fr-FR\",\"@id\":\"https:\\\/\\\/crematieasinglas.nl\\\/fr\\\/produit\\\/wtu8002-saule-avec-mini-urne\\\/#primaryimage\",\"url\":\"https:\\\/\\\/crematieasinglas.nl\\\/wp-content\\\/uploads\\\/2024\\\/12\\\/crematie-as-urn-willow-tree-mini-urn-always-1-wtu8002.jpg\",\"contentUrl\":\"https:\\\/\\\/crematieasinglas.nl\\\/wp-content\\\/uploads\\\/2024\\\/12\\\/crematie-as-urn-willow-tree-mini-urn-always-1-wtu8002.jpg\",\"width\":682,\"height\":1024},{\"@type\":\"BreadcrumbList\",\"@id\":\"https:\\\/\\\/crematieasinglas.nl\\\/fr\\\/produit\\\/wtu8002-saule-avec-mini-urne\\\/#breadcrumb\",\"itemListElement\":[{\"@type\":\"ListItem\",\"position\":1,\"name\":\"Home\",\"item\":\"https:\\\/\\\/crematieasinglas.nl\\\/\"},{\"@type\":\"ListItem\",\"position\":2,\"name\":\"Boutique\",\"item\":\"https:\\\/\\\/crematieasinglas.nl\\\/fr\\\/boutique\\\/\"},{\"@type\":\"ListItem\",\"position\":3,\"name\":\"WTU8002 | Saule avec mini urne\"}]},{\"@type\":\"WebSite\",\"@id\":\"https:\\\/\\\/crematieasinglas.nl\\\/#website\",\"url\":\"https:\\\/\\\/crematieasinglas.nl\\\/\",\"name\":\"Winkel voor Crematie-as in glas\",\"description\":\"Een winkel voor crematieasinglas.nl\",\"publisher\":{\"@id\":\"https:\\\/\\\/crematieasinglas.nl\\\/#organization\"},\"potentialAction\":[{\"@type\":\"SearchAction\",\"target\":{\"@type\":\"EntryPoint\",\"urlTemplate\":\"https:\\\/\\\/crematieasinglas.nl\\\/?s={search_term_string}\"},\"query-input\":{\"@type\":\"PropertyValueSpecification\",\"valueRequired\":true,\"valueName\":\"search_term_string\"}}],\"inLanguage\":\"fr-FR\"},{\"@type\":\"Organization\",\"@id\":\"https:\\\/\\\/crematieasinglas.nl\\\/#organization\",\"name\":\"Dierbaarasinglas.nl\",\"alternateName\":\"Crematieasinglas.nl\",\"url\":\"https:\\\/\\\/crematieasinglas.nl\\\/\",\"logo\":{\"@type\":\"ImageObject\",\"inLanguage\":\"fr-FR\",\"@id\":\"https:\\\/\\\/crematieasinglas.nl\\\/#\\\/schema\\\/logo\\\/image\\\/\",\"url\":\"https:\\\/\\\/crematieasinglas.nl\\\/wp-content\\\/uploads\\\/2024\\\/10\\\/logo-02-playfair-googlefont-met-hartje-02.png\",\"contentUrl\":\"https:\\\/\\\/crematieasinglas.nl\\\/wp-content\\\/uploads\\\/2024\\\/10\\\/logo-02-playfair-googlefont-met-hartje-02.png\",\"width\":582,\"height\":136,\"caption\":\"Dierbaarasinglas.nl\"},\"image\":{\"@id\":\"https:\\\/\\\/crematieasinglas.nl\\\/#\\\/schema\\\/logo\\\/image\\\/\"}}]}<\/script>\n<!-- \/ Yoast SEO Premium plugin. -->","yoast_head_json":{"title":"WTU8002 | Saule avec mini urne - Winkel voor Crematie-as in glas","description":"Saule Toujours avec mini urne","robots":{"index":"index","follow":"follow","max-snippet":"max-snippet:-1","max-image-preview":"max-image-preview:large","max-video-preview":"max-video-preview:-1"},"canonical":"https:\/\/crematieasinglas.nl\/fr\/produit\/wtu8002-saule-avec-mini-urne\/","og_locale":"fr_FR","og_type":"article","og_title":"WTU8002 | Saule avec mini urne","og_description":"Saule Toujours avec mini urne","og_url":"https:\/\/crematieasinglas.nl\/fr\/produit\/wtu8002-saule-avec-mini-urne\/","og_site_name":"Winkel voor Crematie-as in glas","og_image":[{"width":682,"height":1024,"url":"https:\/\/crematieasinglas.nl\/wp-content\/uploads\/2024\/12\/crematie-as-urn-willow-tree-mini-urn-always-1-wtu8002.jpg","type":"image\/jpeg"}],"twitter_card":"summary_large_image","twitter_misc":{"Dur\u00e9e de lecture estim\u00e9e":"3 minutes"},"schema":{"@context":"https:\/\/schema.org","@graph":[{"@type":"WebPage","@id":"https:\/\/crematieasinglas.nl\/fr\/produit\/wtu8002-saule-avec-mini-urne\/","url":"https:\/\/crematieasinglas.nl\/fr\/produit\/wtu8002-saule-avec-mini-urne\/","name":"WTU8002 | Saule avec mini urne - Winkel voor Crematie-as in glas","isPartOf":{"@id":"https:\/\/crematieasinglas.nl\/#website"},"primaryImageOfPage":{"@id":"https:\/\/crematieasinglas.nl\/fr\/produit\/wtu8002-saule-avec-mini-urne\/#primaryimage"},"image":{"@id":"https:\/\/crematieasinglas.nl\/fr\/produit\/wtu8002-saule-avec-mini-urne\/#primaryimage"},"thumbnailUrl":"https:\/\/crematieasinglas.nl\/wp-content\/uploads\/2024\/12\/crematie-as-urn-willow-tree-mini-urn-always-1-wtu8002.jpg","datePublished":"2025-03-04T12:50:11+00:00","description":"Saule Toujours avec mini urne","breadcrumb":{"@id":"https:\/\/crematieasinglas.nl\/fr\/produit\/wtu8002-saule-avec-mini-urne\/#breadcrumb"},"inLanguage":"fr-FR","potentialAction":[{"@type":"ReadAction","target":["https:\/\/crematieasinglas.nl\/fr\/produit\/wtu8002-saule-avec-mini-urne\/"]}]},{"@type":"ImageObject","inLanguage":"fr-FR","@id":"https:\/\/crematieasinglas.nl\/fr\/produit\/wtu8002-saule-avec-mini-urne\/#primaryimage","url":"https:\/\/crematieasinglas.nl\/wp-content\/uploads\/2024\/12\/crematie-as-urn-willow-tree-mini-urn-always-1-wtu8002.jpg","contentUrl":"https:\/\/crematieasinglas.nl\/wp-content\/uploads\/2024\/12\/crematie-as-urn-willow-tree-mini-urn-always-1-wtu8002.jpg","width":682,"height":1024},{"@type":"BreadcrumbList","@id":"https:\/\/crematieasinglas.nl\/fr\/produit\/wtu8002-saule-avec-mini-urne\/#breadcrumb","itemListElement":[{"@type":"ListItem","position":1,"name":"Home","item":"https:\/\/crematieasinglas.nl\/"},{"@type":"ListItem","position":2,"name":"Boutique","item":"https:\/\/crematieasinglas.nl\/fr\/boutique\/"},{"@type":"ListItem","position":3,"name":"WTU8002 | Saule avec mini urne"}]},{"@type":"WebSite","@id":"https:\/\/crematieasinglas.nl\/#website","url":"https:\/\/crematieasinglas.nl\/","name":"Winkel voor Crematie-as in glas","description":"Een winkel voor crematieasinglas.nl","publisher":{"@id":"https:\/\/crematieasinglas.nl\/#organization"},"potentialAction":[{"@type":"SearchAction","target":{"@type":"EntryPoint","urlTemplate":"https:\/\/crematieasinglas.nl\/?s={search_term_string}"},"query-input":{"@type":"PropertyValueSpecification","valueRequired":true,"valueName":"search_term_string"}}],"inLanguage":"fr-FR"},{"@type":"Organization","@id":"https:\/\/crematieasinglas.nl\/#organization","name":"Dierbaarasinglas.nl","alternateName":"Crematieasinglas.nl","url":"https:\/\/crematieasinglas.nl\/","logo":{"@type":"ImageObject","inLanguage":"fr-FR","@id":"https:\/\/crematieasinglas.nl\/#\/schema\/logo\/image\/","url":"https:\/\/crematieasinglas.nl\/wp-content\/uploads\/2024\/10\/logo-02-playfair-googlefont-met-hartje-02.png","contentUrl":"https:\/\/crematieasinglas.nl\/wp-content\/uploads\/2024\/10\/logo-02-playfair-googlefont-met-hartje-02.png","width":582,"height":136,"caption":"Dierbaarasinglas.nl"},"image":{"@id":"https:\/\/crematieasinglas.nl\/#\/schema\/logo\/image\/"}}]}},"_links":{"self":[{"href":"https:\/\/crematieasinglas.nl\/fr\/wp-json\/wp\/v2\/product\/20124","targetHints":{"allow":["GET"]}}],"collection":[{"href":"https:\/\/crematieasinglas.nl\/fr\/wp-json\/wp\/v2\/product"}],"about":[{"href":"https:\/\/crematieasinglas.nl\/fr\/wp-json\/wp\/v2\/types\/product"}],"replies":[{"embeddable":true,"href":"https:\/\/crematieasinglas.nl\/fr\/wp-json\/wp\/v2\/comments?post=20124"}],"wp:featuredmedia":[{"embeddable":true,"href":"https:\/\/crematieasinglas.nl\/fr\/wp-json\/wp\/v2\/media\/13805"}],"wp:attachment":[{"href":"https:\/\/crematieasinglas.nl\/fr\/wp-json\/wp\/v2\/media?parent=20124"}],"wp:term":[{"taxonomy":"product_brand","embeddable":true,"href":"https:\/\/crematieasinglas.nl\/fr\/wp-json\/wp\/v2\/product_brand?post=20124"},{"taxonomy":"product_cat","embeddable":true,"href":"https:\/\/crematieasinglas.nl\/fr\/wp-json\/wp\/v2\/product_cat?post=20124"},{"taxonomy":"product_tag","embeddable":true,"href":"https:\/\/crematieasinglas.nl\/fr\/wp-json\/wp\/v2\/product_tag?post=20124"}],"curies":[{"name":"wp","href":"https:\/\/api.w.org\/{rel}","templated":true}]}}