{"id":20075,"date":"2025-12-26T19:19:56","date_gmt":"2025-12-26T19:19:56","guid":{"rendered":"https:\/\/ebdxvyckeo.onrocket.site\/product\/hsga2011-bracelet-noue-pour-lui\/"},"modified":"2025-03-29T11:29:50","modified_gmt":"2025-03-29T11:29:50","slug":"hsga2011-bracelet-noue-pour-lui","status":"publish","type":"product","link":"https:\/\/crematieasinglas.nl\/fr\/produit\/hsga2011-bracelet-noue-pour-lui\/","title":{"rendered":"HSGA2011 | Bracelet nou\u00e9 pour lui"},"content":{"rendered":"<p>Num\u00e9ro de code : HSGA2011<br \/>\nCollection : Pour lui<br \/>\nCat\u00e9gorie : Bracelets homme nou\u00e9s<\/p>\n<h3>D\u00e9lai de livraison&nbsp;: 8 jours ouvrables, apr\u00e8s r\u00e9ception des cendres<\/h3>\n<p><strong>D\u00e9finition:<\/strong><\/p>\n<p>Veuillez noter que vous ne pouvez pas remplir ces bijoux vous-m\u00eame \u00e0 la maison, mais ils sont fabriqu\u00e9s \u00e0 la main pour vous par Jet o\u00f9 les cheveux sont fix\u00e9s dans <strong>une breloque en acier inoxydable<\/strong> (qui se trouve dans le cintre en acier inoxydable). Le bracelet est dot\u00e9 d\u2019une fermeture coulissante extensible en acier inoxydable. Le bracelet est fait sur mesure pour vous.<\/p>\n<p>Le bracelet est attach\u00e9 avec une sangle de corde de voile, est tr\u00e8s flexible et offre un confort de port agr\u00e9able. La corde de voile est un mat\u00e9riau tress\u00e9 en polyester tr\u00e8s r\u00e9sistant, flexible dans l\u2019utilisation et a une finition lisse. La corde de voile est \u00e9galement utilis\u00e9e dans la voile en raison de ces propri\u00e9t\u00e9s solides.      <br \/>Les photos montr\u00e9es montrent un exemple de ce \u00e0 quoi ressembleront les bijoux comm\u00e9moratifs. Gardez \u00e0 l\u2019esprit que votre charme de cheveux ne peut pas \u00eatre exactement le m\u00eame car votre charme de cheveux est artisanal et les cheveux ont des couleurs diff\u00e9rentes.   <\/p>\n<p>Apr\u00e8s r\u00e9ception de la m\u00e8che de cheveux, vos bijoux comm\u00e9moratifs et tous les cheveux restants vous seront renvoy\u00e9s dans les 8 jours ouvrables par colis postal ou par colis bo\u00eete aux lettres de DHL. S\u2019il y a des questions avant votre commande, je me ferai un plaisir d\u2019y r\u00e9pondre pour vous.  <\/p>\n<p>Cendres de cr\u00e9mation en glas.nl est une marque d\u00e9pos\u00e9e et garantie qui vous donne la garantie d\u2019un produit artisanal unique et de haute qualit\u00e9 sans r\u00e9pliques ni production de masse.<\/br><\/p>\n<p><strong>Informations&nbsp;:<\/strong><br \/>\n: 2 cm<br \/>\nLargeur&nbsp;: sur<br \/>\nmesure Profondeur&nbsp;:<br \/>\nCouleur&nbsp;: gris<br \/>\nContenu&nbsp;:<br \/>\nStock&nbsp;: 1 article en stock<\/p>\n<p><strong>Livraison:<\/strong><\/p>\n<p>Apr\u00e8s avoir pass\u00e9 votre commande du bracelet pour homme choisi avec traitement des cheveux, je vous contacterai par e-mail pour toute question sur la taille de votre <strong>tour de poignet<\/strong>. Je vais vous donner des conseils simples pour pouvoir transmettre une mesure correcte.   <\/p>\n<p>Apr\u00e8s avoir obtenu ces informations, je vous enverrai une \u00e9tiquette d\u2019exp\u00e9dition num\u00e9rique gratuite (uniquement possible aux adresses n\u00e9erlandaises), avec laquelle vous pourrez m\u2019envoyer une m\u00e8che de cheveux (environ une quantit\u00e9 de 1 crayon d\u2019\u00e9paisseur de 5 cm de long suffit). Pour les clients en dehors des Pays-Bas, il ne m\u2019est pas possible de demander ce timbre, un timbre d\u2019exp\u00e9dition \u00e0 l\u2019\u00e9tranger pour m\u2019envoyer la m\u00e8che de cheveux ne peut donc pas \u00eatre rembours\u00e9. J\u2019aimerais vous donner <strong>des conseils<\/strong> sur la meilleure fa\u00e7on de m\u2019envoyer la m\u00e8che de cheveux (\u00e9galement de l\u2019\u00e9tranger).<br \/>L\u2019\u00e9tiquette d\u2019exp\u00e9dition n\u00e9erlandaise est une \u00e9tiquette pour un colis bo\u00eete aux lettres DHL qui arrive directement chez moi, et vous pouvez le suivre par suivi et tra\u00e7abilit\u00e9. Vous pouvez retourner gratuitement le colis bo\u00eete aux lettres avec la m\u00e8che de cheveux dans un point de d\u00e9p\u00f4t DHL dans un d\u00e9lai de 5 jours. Dans cet e-mail, je vais \u00e9galement expliquer les dimensions du colis bo\u00eete aux lettres et le point de d\u00e9p\u00f4t le plus proche que vous avez dans la r\u00e9gion.     \u00c0 ce jour, un transport s\u00fbr et tra\u00e7able a <strong>toujours \u00e9t\u00e9 garanti,<\/strong> mais nous ne pouvons pas assumer de responsabilit\u00e9 si cela tourne mal de mani\u00e8re inattendue avec le transporteur.  <\/p>\n<p>Bien entendu, il est \u00e9galement possible de d\u00e9poser la m\u00e8che de cheveux sur rendez-vous dans notre salle d\u2019exposition chez Hoogakker 2E \u00e0 Hapert.  <br \/>Vous pouvez prendre rendez-vous pour cela sur notre site web crematieasinglas.nl. Apr\u00e8s avoir re\u00e7u la m\u00e8che de cheveux, je travaillerai avec beaucoup de soin sur vos bijoux comm\u00e9moratifs.   <\/br><\/p>\n<p> <a href=\"https:\/\/crematieasinglas.nl\">site web crematieasinglas.nl<\/a><\/p>\n<p>:<\/p>\n<p>&nbsp;<\/p>\n","protected":false},"excerpt":{"rendered":"<p>Le bracelet est dot\u00e9 d\u2019une fermeture coulissante extensible en acier inoxydable. Le bracelet est fait sur mesure pour vous. Le bracelet est attach\u00e9 avec une sangle de corde de voile, est tr\u00e8s flexible et offre un confort de port agr\u00e9able.  <\/p>\n","protected":false},"featured_media":12407,"comment_status":"closed","ping_status":"open","template":"","meta":[],"product_brand":[],"product_cat":[1011,530],"product_tag":[],"class_list":{"0":"post-20075","1":"product","2":"type-product","3":"status-publish","4":"has-post-thumbnail","6":"product_cat-bracelets-noues-pour-hommes","7":"product_cat-pour-lui","8":"pa_kleur-gris","10":"first","11":"instock","12":"purchasable","13":"product-type-simple"},"yoast_head":"<!-- This site is optimized with the Yoast SEO Premium plugin v27.5 (Yoast SEO v27.5) - https:\/\/yoast.com\/product\/yoast-seo-premium-wordpress\/ -->\n<title>Bracelet nou\u00e9 pour lui<\/title>\n<meta name=\"robots\" content=\"index, follow, max-snippet:-1, max-image-preview:large, max-video-preview:-1\" \/>\n<link rel=\"canonical\" href=\"https:\/\/crematieasinglas.nl\/produit\/hsga2011-geknoopte-armband-voor-hem\/\" \/>\n<meta property=\"og:locale\" content=\"fr_FR\" \/>\n<meta property=\"og:type\" content=\"article\" \/>\n<meta property=\"og:title\" content=\"HSGA2011 | Bracelet nou\u00e9 pour lui\" \/>\n<meta property=\"og:description\" content=\"Le bracelet est dot\u00e9 d\u2019une fermeture coulissante extensible en acier inoxydable. Le bracelet est fait sur mesure pour vous. Le bracelet est attach\u00e9 avec une sangle de corde de voile, est tr\u00e8s flexible et offre un confort de port agr\u00e9able.\" \/>\n<meta property=\"og:url\" content=\"https:\/\/crematieasinglas.nl\/produit\/hsga2011-geknoopte-armband-voor-hem\/\" \/>\n<meta property=\"og:site_name\" content=\"Winkel voor Crematie-as in glas\" \/>\n<meta property=\"og:image\" content=\"https:\/\/crematieasinglas.nl\/wp-content\/uploads\/2024\/11\/crematie-as-heren-armband-geknoopt-blackcharcoal-grey-1-hsga2011-scaled.jpg\" \/>\n\t<meta property=\"og:image:width\" content=\"1707\" \/>\n\t<meta property=\"og:image:height\" content=\"2560\" \/>\n\t<meta property=\"og:image:type\" content=\"image\/jpeg\" \/>\n<meta name=\"twitter:card\" content=\"summary_large_image\" \/>\n<meta name=\"twitter:label1\" content=\"Dur\u00e9e de lecture estim\u00e9e\" \/>\n\t<meta name=\"twitter:data1\" content=\"3 minutes\" \/>\n<script type=\"application\/ld+json\" class=\"yoast-schema-graph\">{\"@context\":\"https:\\\/\\\/schema.org\",\"@graph\":[{\"@type\":\"WebPage\",\"@id\":\"https:\\\/\\\/crematieasinglas.nl\\\/produit\\\/hsga2011-geknoopte-armband-voor-hem\\\/\",\"url\":\"https:\\\/\\\/crematieasinglas.nl\\\/produit\\\/hsga2011-geknoopte-armband-voor-hem\\\/\",\"name\":\"Bracelet nou\u00e9 pour lui\",\"isPartOf\":{\"@id\":\"https:\\\/\\\/crematieasinglas.nl\\\/#website\"},\"primaryImageOfPage\":{\"@id\":\"https:\\\/\\\/crematieasinglas.nl\\\/produit\\\/hsga2011-geknoopte-armband-voor-hem\\\/#primaryimage\"},\"image\":{\"@id\":\"https:\\\/\\\/crematieasinglas.nl\\\/produit\\\/hsga2011-geknoopte-armband-voor-hem\\\/#primaryimage\"},\"thumbnailUrl\":\"https:\\\/\\\/crematieasinglas.nl\\\/wp-content\\\/uploads\\\/2024\\\/11\\\/crematie-as-heren-armband-geknoopt-blackcharcoal-grey-1-hsga2011-scaled.jpg\",\"datePublished\":\"2025-12-26T19:19:56+00:00\",\"breadcrumb\":{\"@id\":\"https:\\\/\\\/crematieasinglas.nl\\\/produit\\\/hsga2011-geknoopte-armband-voor-hem\\\/#breadcrumb\"},\"inLanguage\":\"fr-FR\",\"potentialAction\":[{\"@type\":\"ReadAction\",\"target\":[\"https:\\\/\\\/crematieasinglas.nl\\\/produit\\\/hsga2011-geknoopte-armband-voor-hem\\\/\"]}]},{\"@type\":\"ImageObject\",\"inLanguage\":\"fr-FR\",\"@id\":\"https:\\\/\\\/crematieasinglas.nl\\\/produit\\\/hsga2011-geknoopte-armband-voor-hem\\\/#primaryimage\",\"url\":\"https:\\\/\\\/crematieasinglas.nl\\\/wp-content\\\/uploads\\\/2024\\\/11\\\/crematie-as-heren-armband-geknoopt-blackcharcoal-grey-1-hsga2011-scaled.jpg\",\"contentUrl\":\"https:\\\/\\\/crematieasinglas.nl\\\/wp-content\\\/uploads\\\/2024\\\/11\\\/crematie-as-heren-armband-geknoopt-blackcharcoal-grey-1-hsga2011-scaled.jpg\",\"width\":1707,\"height\":2560},{\"@type\":\"BreadcrumbList\",\"@id\":\"https:\\\/\\\/crematieasinglas.nl\\\/produit\\\/hsga2011-geknoopte-armband-voor-hem\\\/#breadcrumb\",\"itemListElement\":[{\"@type\":\"ListItem\",\"position\":1,\"name\":\"Home\",\"item\":\"https:\\\/\\\/crematieasinglas.nl\\\/\"},{\"@type\":\"ListItem\",\"position\":2,\"name\":\"Boutique\",\"item\":\"https:\\\/\\\/crematieasinglas.nl\\\/fr\\\/boutique\\\/\"},{\"@type\":\"ListItem\",\"position\":3,\"name\":\"HSGA2011 | Bracelet nou\u00e9 pour lui\"}]},{\"@type\":\"WebSite\",\"@id\":\"https:\\\/\\\/crematieasinglas.nl\\\/#website\",\"url\":\"https:\\\/\\\/crematieasinglas.nl\\\/\",\"name\":\"Winkel voor Crematie-as in glas\",\"description\":\"Een winkel voor crematieasinglas.nl\",\"publisher\":{\"@id\":\"https:\\\/\\\/crematieasinglas.nl\\\/#organization\"},\"potentialAction\":[{\"@type\":\"SearchAction\",\"target\":{\"@type\":\"EntryPoint\",\"urlTemplate\":\"https:\\\/\\\/crematieasinglas.nl\\\/?s={search_term_string}\"},\"query-input\":{\"@type\":\"PropertyValueSpecification\",\"valueRequired\":true,\"valueName\":\"search_term_string\"}}],\"inLanguage\":\"fr-FR\"},{\"@type\":\"Organization\",\"@id\":\"https:\\\/\\\/crematieasinglas.nl\\\/#organization\",\"name\":\"Dierbaarasinglas.nl\",\"alternateName\":\"Crematieasinglas.nl\",\"url\":\"https:\\\/\\\/crematieasinglas.nl\\\/\",\"logo\":{\"@type\":\"ImageObject\",\"inLanguage\":\"fr-FR\",\"@id\":\"https:\\\/\\\/crematieasinglas.nl\\\/#\\\/schema\\\/logo\\\/image\\\/\",\"url\":\"https:\\\/\\\/crematieasinglas.nl\\\/wp-content\\\/uploads\\\/2024\\\/10\\\/logo-02-playfair-googlefont-met-hartje-02.png\",\"contentUrl\":\"https:\\\/\\\/crematieasinglas.nl\\\/wp-content\\\/uploads\\\/2024\\\/10\\\/logo-02-playfair-googlefont-met-hartje-02.png\",\"width\":582,\"height\":136,\"caption\":\"Dierbaarasinglas.nl\"},\"image\":{\"@id\":\"https:\\\/\\\/crematieasinglas.nl\\\/#\\\/schema\\\/logo\\\/image\\\/\"}}]}<\/script>\n<!-- \/ Yoast SEO Premium plugin. -->","yoast_head_json":{"title":"Bracelet nou\u00e9 pour lui","robots":{"index":"index","follow":"follow","max-snippet":"max-snippet:-1","max-image-preview":"max-image-preview:large","max-video-preview":"max-video-preview:-1"},"canonical":"https:\/\/crematieasinglas.nl\/produit\/hsga2011-geknoopte-armband-voor-hem\/","og_locale":"fr_FR","og_type":"article","og_title":"HSGA2011 | Bracelet nou\u00e9 pour lui","og_description":"Le bracelet est dot\u00e9 d\u2019une fermeture coulissante extensible en acier inoxydable. Le bracelet est fait sur mesure pour vous. Le bracelet est attach\u00e9 avec une sangle de corde de voile, est tr\u00e8s flexible et offre un confort de port agr\u00e9able.","og_url":"https:\/\/crematieasinglas.nl\/produit\/hsga2011-geknoopte-armband-voor-hem\/","og_site_name":"Winkel voor Crematie-as in glas","og_image":[{"width":1707,"height":2560,"url":"https:\/\/crematieasinglas.nl\/wp-content\/uploads\/2024\/11\/crematie-as-heren-armband-geknoopt-blackcharcoal-grey-1-hsga2011-scaled.jpg","type":"image\/jpeg"}],"twitter_card":"summary_large_image","twitter_misc":{"Dur\u00e9e de lecture estim\u00e9e":"3 minutes"},"schema":{"@context":"https:\/\/schema.org","@graph":[{"@type":"WebPage","@id":"https:\/\/crematieasinglas.nl\/produit\/hsga2011-geknoopte-armband-voor-hem\/","url":"https:\/\/crematieasinglas.nl\/produit\/hsga2011-geknoopte-armband-voor-hem\/","name":"Bracelet nou\u00e9 pour lui","isPartOf":{"@id":"https:\/\/crematieasinglas.nl\/#website"},"primaryImageOfPage":{"@id":"https:\/\/crematieasinglas.nl\/produit\/hsga2011-geknoopte-armband-voor-hem\/#primaryimage"},"image":{"@id":"https:\/\/crematieasinglas.nl\/produit\/hsga2011-geknoopte-armband-voor-hem\/#primaryimage"},"thumbnailUrl":"https:\/\/crematieasinglas.nl\/wp-content\/uploads\/2024\/11\/crematie-as-heren-armband-geknoopt-blackcharcoal-grey-1-hsga2011-scaled.jpg","datePublished":"2025-12-26T19:19:56+00:00","breadcrumb":{"@id":"https:\/\/crematieasinglas.nl\/produit\/hsga2011-geknoopte-armband-voor-hem\/#breadcrumb"},"inLanguage":"fr-FR","potentialAction":[{"@type":"ReadAction","target":["https:\/\/crematieasinglas.nl\/produit\/hsga2011-geknoopte-armband-voor-hem\/"]}]},{"@type":"ImageObject","inLanguage":"fr-FR","@id":"https:\/\/crematieasinglas.nl\/produit\/hsga2011-geknoopte-armband-voor-hem\/#primaryimage","url":"https:\/\/crematieasinglas.nl\/wp-content\/uploads\/2024\/11\/crematie-as-heren-armband-geknoopt-blackcharcoal-grey-1-hsga2011-scaled.jpg","contentUrl":"https:\/\/crematieasinglas.nl\/wp-content\/uploads\/2024\/11\/crematie-as-heren-armband-geknoopt-blackcharcoal-grey-1-hsga2011-scaled.jpg","width":1707,"height":2560},{"@type":"BreadcrumbList","@id":"https:\/\/crematieasinglas.nl\/produit\/hsga2011-geknoopte-armband-voor-hem\/#breadcrumb","itemListElement":[{"@type":"ListItem","position":1,"name":"Home","item":"https:\/\/crematieasinglas.nl\/"},{"@type":"ListItem","position":2,"name":"Boutique","item":"https:\/\/crematieasinglas.nl\/fr\/boutique\/"},{"@type":"ListItem","position":3,"name":"HSGA2011 | Bracelet nou\u00e9 pour lui"}]},{"@type":"WebSite","@id":"https:\/\/crematieasinglas.nl\/#website","url":"https:\/\/crematieasinglas.nl\/","name":"Winkel voor Crematie-as in glas","description":"Een winkel voor crematieasinglas.nl","publisher":{"@id":"https:\/\/crematieasinglas.nl\/#organization"},"potentialAction":[{"@type":"SearchAction","target":{"@type":"EntryPoint","urlTemplate":"https:\/\/crematieasinglas.nl\/?s={search_term_string}"},"query-input":{"@type":"PropertyValueSpecification","valueRequired":true,"valueName":"search_term_string"}}],"inLanguage":"fr-FR"},{"@type":"Organization","@id":"https:\/\/crematieasinglas.nl\/#organization","name":"Dierbaarasinglas.nl","alternateName":"Crematieasinglas.nl","url":"https:\/\/crematieasinglas.nl\/","logo":{"@type":"ImageObject","inLanguage":"fr-FR","@id":"https:\/\/crematieasinglas.nl\/#\/schema\/logo\/image\/","url":"https:\/\/crematieasinglas.nl\/wp-content\/uploads\/2024\/10\/logo-02-playfair-googlefont-met-hartje-02.png","contentUrl":"https:\/\/crematieasinglas.nl\/wp-content\/uploads\/2024\/10\/logo-02-playfair-googlefont-met-hartje-02.png","width":582,"height":136,"caption":"Dierbaarasinglas.nl"},"image":{"@id":"https:\/\/crematieasinglas.nl\/#\/schema\/logo\/image\/"}}]}},"_links":{"self":[{"href":"https:\/\/crematieasinglas.nl\/fr\/wp-json\/wp\/v2\/product\/20075","targetHints":{"allow":["GET"]}}],"collection":[{"href":"https:\/\/crematieasinglas.nl\/fr\/wp-json\/wp\/v2\/product"}],"about":[{"href":"https:\/\/crematieasinglas.nl\/fr\/wp-json\/wp\/v2\/types\/product"}],"replies":[{"embeddable":true,"href":"https:\/\/crematieasinglas.nl\/fr\/wp-json\/wp\/v2\/comments?post=20075"}],"wp:featuredmedia":[{"embeddable":true,"href":"https:\/\/crematieasinglas.nl\/fr\/wp-json\/wp\/v2\/media\/12407"}],"wp:attachment":[{"href":"https:\/\/crematieasinglas.nl\/fr\/wp-json\/wp\/v2\/media?parent=20075"}],"wp:term":[{"taxonomy":"product_brand","embeddable":true,"href":"https:\/\/crematieasinglas.nl\/fr\/wp-json\/wp\/v2\/product_brand?post=20075"},{"taxonomy":"product_cat","embeddable":true,"href":"https:\/\/crematieasinglas.nl\/fr\/wp-json\/wp\/v2\/product_cat?post=20075"},{"taxonomy":"product_tag","embeddable":true,"href":"https:\/\/crematieasinglas.nl\/fr\/wp-json\/wp\/v2\/product_tag?post=20075"}],"curies":[{"name":"wp","href":"https:\/\/api.w.org\/{rel}","templated":true}]}}