{"id":20072,"date":"2025-12-26T19:19:56","date_gmt":"2025-12-26T19:19:56","guid":{"rendered":"https:\/\/ebdxvyckeo.onrocket.site\/product\/hsga2018-bracelet-noue-pour-lui\/"},"modified":"2025-03-29T11:29:50","modified_gmt":"2025-03-29T11:29:50","slug":"hsga2018-bracelet-noue-pour-lui","status":"publish","type":"product","link":"https:\/\/crematieasinglas.nl\/fr\/produit\/hsga2018-bracelet-noue-pour-lui\/","title":{"rendered":"HSGA2018 | Bracelet nou\u00e9 pour lui"},"content":{"rendered":"<p>Num\u00e9ro de code : HSGA2018<br \/>\nCollection : Pour lui<br \/>\nCat\u00e9gorie : Bracelets nou\u00e9s homme<\/p>\n<h3>D\u00e9lai de livraison&nbsp;: 8 jours ouvrables, apr\u00e8s r\u00e9ception des cendres<\/h3>\n<p><strong>D\u00e9finition:<\/strong><br \/>\nVeuillez noter que vous ne pouvez pas remplir ce bijou vous-m\u00eame \u00e0 la maison, mais il est fait \u00e0 la main pour vous par Jet, o\u00f9 les cendres de cr\u00e9mation sont incorpor\u00e9es dans la breloque en acier inoxydable ! Dans la breloque des cendres de cr\u00e9mation sur la photo, les cendres de cr\u00e9mation ne sont PAS visibles dans la breloque beige clair. Bien s\u00fbr, vous pouvez \u00e9galement choisir un traitement\/couleur diff\u00e9rent dans la breloque si vous voulez que les cendres de cr\u00e9mation soient semi-(l\u00e9g\u00e8rement) visibles ou plut\u00f4t compl\u00e8tement visibles. Vous pouvez ensuite le transmettre imm\u00e9diatement apr\u00e8s votre commande. La breloque en cendre de cr\u00e9mation se trouve \u00e0 c\u00f4t\u00e9 d\u2019une breloque en forme de bouton en forme de c\u0153ur en acier inoxydable. Le bracelet est dot\u00e9 d\u2019un fermoir coulissant en acier inoxydable. Le bracelet est fait sur mesure pour vous. Le bracelet Sail-Rope est un bracelet solide, chin\u00e9, tress\u00e9 avec un confort de port tr\u00e8s souple et agr\u00e9able. La corde de voile est un mat\u00e9riau tress\u00e9 en polyester tr\u00e8s r\u00e9sistant, flexible dans l\u2019utilisation et a une finition lisse. La corde de voile est \u00e9galement utilis\u00e9e dans la voile en raison de ces propri\u00e9t\u00e9s solides. Les photos montr\u00e9es montrent un exemple de ce \u00e0 quoi ressembleront les bijoux comm\u00e9moratifs.           Veuillez noter que votre breloque de cendres de cr\u00e9mation peut ne pas \u00eatre exactement la m\u00eame car votre breloque de cendres de cr\u00e9mation est fabriqu\u00e9e \u00e0 la main et les cendres de cr\u00e9mation peuvent avoir diff\u00e9rentes nuances de blanc et de gris. Apr\u00e8s r\u00e9ception des cendres de cr\u00e9mation, vos cendres de cr\u00e9mation et les cendres restantes vous seront renvoy\u00e9es dans les 8 jours ouvrables par colis postal ou par colis bo\u00eete aux lettres de DHL. S\u2019il y a des questions avant votre commande, je me ferai un plaisir d\u2019y r\u00e9pondre pour vous.  Cendres de cr\u00e9mation en glas.nl est une marque d\u00e9pos\u00e9e et garantie qui vous donne la garantie d\u2019un produit artisanal unique et de haute qualit\u00e9 sans r\u00e9pliques ni production de masse<\/p>\n<p><strong>Informations&nbsp;:<\/strong><br \/>\n: 2 cm<br \/>\nLargeur&nbsp;: sur<br \/>\nmesure Profondeur&nbsp;:<br \/>\nCouleur&nbsp;: marron<br \/>\nContenu&nbsp;:<br \/>\nStock&nbsp;: 1 article en stock<\/p>\n<p><strong>Livraison:<\/strong><br \/>\nApr\u00e8s avoir pass\u00e9 votre commande du bracelet pour homme choisi avec traitement des cheveux, je vous contacterai par e-mail pour toute question sur la taille de votre tour de poignet. Je vais vous donner des conseils simples pour pouvoir transmettre une mesure correcte.   <br \/>Apr\u00e8s avoir obtenu ces informations, je vous enverrai une \u00e9tiquette d\u2019exp\u00e9dition num\u00e9rique gratuite (uniquement possible aux adresses n\u00e9erlandaises), avec laquelle vous pourrez m\u2019envoyer une m\u00e8che de cheveux (environ une quantit\u00e9 de 1 crayon d\u2019\u00e9paisseur de 5 cm de long suffit). Pour les clients en dehors des Pays-Bas, il ne m\u2019est pas possible de demander ce timbre, un timbre d\u2019exp\u00e9dition \u00e0 l\u2019\u00e9tranger pour m\u2019envoyer la m\u00e8che de cheveux ne peut donc pas \u00eatre rembours\u00e9. J\u2019aimerais vous donner des conseils sur la meilleure fa\u00e7on de m\u2019envoyer la m\u00e8che de cheveux (\u00e9galement de l\u2019\u00e9tranger).<br \/>L\u2019\u00e9tiquette d\u2019exp\u00e9dition n\u00e9erlandaise est une \u00e9tiquette pour un colis bo\u00eete aux lettres DHL qui arrive directement chez moi, et vous pouvez le suivre par suivi et tra\u00e7abilit\u00e9. Vous pouvez retourner gratuitement le colis bo\u00eete aux lettres avec la m\u00e8che de cheveux dans un point de d\u00e9p\u00f4t DHL dans un d\u00e9lai de 5 jours. Dans cet e-mail, je vais \u00e9galement expliquer les dimensions du colis bo\u00eete aux lettres et le point de d\u00e9p\u00f4t le plus proche que vous avez dans la r\u00e9gion.     \u00c0 ce jour, un transport s\u00fbr et tra\u00e7able a toujours \u00e9t\u00e9 garanti, mais nous ne pouvons pas assumer de responsabilit\u00e9 si cela tourne mal de mani\u00e8re inattendue avec le transporteur.  <br \/>Bien entendu, il est \u00e9galement possible de d\u00e9poser la m\u00e8che de cheveux sur rendez-vous dans notre salle d\u2019exposition chez Hoogakker 2E \u00e0 Hapert.  <br \/>Vous pouvez prendre rendez-vous pour cela sur notre site web crematieasinglas.nl. Apr\u00e8s avoir re\u00e7u la m\u00e8che de cheveux, je travaillerai avec beaucoup de soin sur vos bijoux comm\u00e9moratifs.   <\/br> <a href=\"https:\/\/crematieasinglas.nl\">site web crematieasinglas.nl<\/a><\/p>\n<p>:<\/p>\n<p>&nbsp;<\/p>\n","protected":false},"excerpt":{"rendered":"<p>Cr\u00e9mation cendres bracelet comm\u00e9moratif homme nou\u00e9<\/p>\n","protected":false},"featured_media":12233,"comment_status":"closed","ping_status":"open","template":"","meta":[],"product_brand":[],"product_cat":[1011,530],"product_tag":[],"class_list":{"0":"post-20072","1":"product","2":"type-product","3":"status-publish","4":"has-post-thumbnail","6":"product_cat-bracelets-noues-pour-hommes","7":"product_cat-pour-lui","8":"pa_kleur-marron","10":"first","11":"instock","12":"purchasable","13":"product-type-simple"},"yoast_head":"<!-- This site is optimized with the Yoast SEO Premium plugin v27.5 (Yoast SEO v27.5) - https:\/\/yoast.com\/product\/yoast-seo-premium-wordpress\/ -->\n<title>Bracelet nou\u00e9 pour lui<\/title>\n<meta name=\"robots\" content=\"index, follow, max-snippet:-1, max-image-preview:large, max-video-preview:-1\" \/>\n<link rel=\"canonical\" href=\"https:\/\/crematieasinglas.nl\/fr\/produit\/hsga2018-bracelet-noue-pour-lui\/\" \/>\n<meta property=\"og:locale\" content=\"fr_FR\" \/>\n<meta property=\"og:type\" content=\"article\" \/>\n<meta property=\"og:title\" content=\"HSGA2018 | Bracelet nou\u00e9 pour lui\" \/>\n<meta property=\"og:description\" content=\"Cr\u00e9mation cendres bracelet comm\u00e9moratif homme nou\u00e9\" \/>\n<meta property=\"og:url\" content=\"https:\/\/crematieasinglas.nl\/fr\/produit\/hsga2018-bracelet-noue-pour-lui\/\" \/>\n<meta property=\"og:site_name\" content=\"Winkel voor Crematie-as in glas\" \/>\n<meta property=\"og:image\" content=\"https:\/\/crematieasinglas.nl\/wp-content\/uploads\/2024\/11\/crematie-as-heren-armband-geknoopt-desertstorm-1-hsga2018-scaled.jpg\" \/>\n\t<meta property=\"og:image:width\" content=\"2560\" \/>\n\t<meta property=\"og:image:height\" content=\"1707\" \/>\n\t<meta property=\"og:image:type\" content=\"image\/jpeg\" \/>\n<meta name=\"twitter:card\" content=\"summary_large_image\" \/>\n<meta name=\"twitter:label1\" content=\"Dur\u00e9e de lecture estim\u00e9e\" \/>\n\t<meta name=\"twitter:data1\" content=\"4 minutes\" \/>\n<script type=\"application\/ld+json\" class=\"yoast-schema-graph\">{\"@context\":\"https:\\\/\\\/schema.org\",\"@graph\":[{\"@type\":\"WebPage\",\"@id\":\"https:\\\/\\\/crematieasinglas.nl\\\/fr\\\/produit\\\/hsga2018-bracelet-noue-pour-lui\\\/\",\"url\":\"https:\\\/\\\/crematieasinglas.nl\\\/fr\\\/produit\\\/hsga2018-bracelet-noue-pour-lui\\\/\",\"name\":\"Bracelet nou\u00e9 pour lui\",\"isPartOf\":{\"@id\":\"https:\\\/\\\/crematieasinglas.nl\\\/#website\"},\"primaryImageOfPage\":{\"@id\":\"https:\\\/\\\/crematieasinglas.nl\\\/fr\\\/produit\\\/hsga2018-bracelet-noue-pour-lui\\\/#primaryimage\"},\"image\":{\"@id\":\"https:\\\/\\\/crematieasinglas.nl\\\/fr\\\/produit\\\/hsga2018-bracelet-noue-pour-lui\\\/#primaryimage\"},\"thumbnailUrl\":\"https:\\\/\\\/crematieasinglas.nl\\\/wp-content\\\/uploads\\\/2024\\\/11\\\/crematie-as-heren-armband-geknoopt-desertstorm-1-hsga2018-scaled.jpg\",\"datePublished\":\"2025-12-26T19:19:56+00:00\",\"breadcrumb\":{\"@id\":\"https:\\\/\\\/crematieasinglas.nl\\\/fr\\\/produit\\\/hsga2018-bracelet-noue-pour-lui\\\/#breadcrumb\"},\"inLanguage\":\"fr-FR\",\"potentialAction\":[{\"@type\":\"ReadAction\",\"target\":[\"https:\\\/\\\/crematieasinglas.nl\\\/fr\\\/produit\\\/hsga2018-bracelet-noue-pour-lui\\\/\"]}]},{\"@type\":\"ImageObject\",\"inLanguage\":\"fr-FR\",\"@id\":\"https:\\\/\\\/crematieasinglas.nl\\\/fr\\\/produit\\\/hsga2018-bracelet-noue-pour-lui\\\/#primaryimage\",\"url\":\"https:\\\/\\\/crematieasinglas.nl\\\/wp-content\\\/uploads\\\/2024\\\/11\\\/crematie-as-heren-armband-geknoopt-desertstorm-1-hsga2018-scaled.jpg\",\"contentUrl\":\"https:\\\/\\\/crematieasinglas.nl\\\/wp-content\\\/uploads\\\/2024\\\/11\\\/crematie-as-heren-armband-geknoopt-desertstorm-1-hsga2018-scaled.jpg\",\"width\":2560,\"height\":1707},{\"@type\":\"BreadcrumbList\",\"@id\":\"https:\\\/\\\/crematieasinglas.nl\\\/fr\\\/produit\\\/hsga2018-bracelet-noue-pour-lui\\\/#breadcrumb\",\"itemListElement\":[{\"@type\":\"ListItem\",\"position\":1,\"name\":\"Home\",\"item\":\"https:\\\/\\\/crematieasinglas.nl\\\/\"},{\"@type\":\"ListItem\",\"position\":2,\"name\":\"Boutique\",\"item\":\"https:\\\/\\\/crematieasinglas.nl\\\/fr\\\/boutique\\\/\"},{\"@type\":\"ListItem\",\"position\":3,\"name\":\"HSGA2018 | Bracelet nou\u00e9 pour lui\"}]},{\"@type\":\"WebSite\",\"@id\":\"https:\\\/\\\/crematieasinglas.nl\\\/#website\",\"url\":\"https:\\\/\\\/crematieasinglas.nl\\\/\",\"name\":\"Winkel voor Crematie-as in glas\",\"description\":\"Een winkel voor crematieasinglas.nl\",\"publisher\":{\"@id\":\"https:\\\/\\\/crematieasinglas.nl\\\/#organization\"},\"potentialAction\":[{\"@type\":\"SearchAction\",\"target\":{\"@type\":\"EntryPoint\",\"urlTemplate\":\"https:\\\/\\\/crematieasinglas.nl\\\/?s={search_term_string}\"},\"query-input\":{\"@type\":\"PropertyValueSpecification\",\"valueRequired\":true,\"valueName\":\"search_term_string\"}}],\"inLanguage\":\"fr-FR\"},{\"@type\":\"Organization\",\"@id\":\"https:\\\/\\\/crematieasinglas.nl\\\/#organization\",\"name\":\"Dierbaarasinglas.nl\",\"alternateName\":\"Crematieasinglas.nl\",\"url\":\"https:\\\/\\\/crematieasinglas.nl\\\/\",\"logo\":{\"@type\":\"ImageObject\",\"inLanguage\":\"fr-FR\",\"@id\":\"https:\\\/\\\/crematieasinglas.nl\\\/#\\\/schema\\\/logo\\\/image\\\/\",\"url\":\"https:\\\/\\\/crematieasinglas.nl\\\/wp-content\\\/uploads\\\/2024\\\/10\\\/logo-02-playfair-googlefont-met-hartje-02.png\",\"contentUrl\":\"https:\\\/\\\/crematieasinglas.nl\\\/wp-content\\\/uploads\\\/2024\\\/10\\\/logo-02-playfair-googlefont-met-hartje-02.png\",\"width\":582,\"height\":136,\"caption\":\"Dierbaarasinglas.nl\"},\"image\":{\"@id\":\"https:\\\/\\\/crematieasinglas.nl\\\/#\\\/schema\\\/logo\\\/image\\\/\"}}]}<\/script>\n<!-- \/ Yoast SEO Premium plugin. -->","yoast_head_json":{"title":"Bracelet nou\u00e9 pour lui","robots":{"index":"index","follow":"follow","max-snippet":"max-snippet:-1","max-image-preview":"max-image-preview:large","max-video-preview":"max-video-preview:-1"},"canonical":"https:\/\/crematieasinglas.nl\/fr\/produit\/hsga2018-bracelet-noue-pour-lui\/","og_locale":"fr_FR","og_type":"article","og_title":"HSGA2018 | Bracelet nou\u00e9 pour lui","og_description":"Cr\u00e9mation cendres bracelet comm\u00e9moratif homme nou\u00e9","og_url":"https:\/\/crematieasinglas.nl\/fr\/produit\/hsga2018-bracelet-noue-pour-lui\/","og_site_name":"Winkel voor Crematie-as in glas","og_image":[{"width":2560,"height":1707,"url":"https:\/\/crematieasinglas.nl\/wp-content\/uploads\/2024\/11\/crematie-as-heren-armband-geknoopt-desertstorm-1-hsga2018-scaled.jpg","type":"image\/jpeg"}],"twitter_card":"summary_large_image","twitter_misc":{"Dur\u00e9e de lecture estim\u00e9e":"4 minutes"},"schema":{"@context":"https:\/\/schema.org","@graph":[{"@type":"WebPage","@id":"https:\/\/crematieasinglas.nl\/fr\/produit\/hsga2018-bracelet-noue-pour-lui\/","url":"https:\/\/crematieasinglas.nl\/fr\/produit\/hsga2018-bracelet-noue-pour-lui\/","name":"Bracelet nou\u00e9 pour lui","isPartOf":{"@id":"https:\/\/crematieasinglas.nl\/#website"},"primaryImageOfPage":{"@id":"https:\/\/crematieasinglas.nl\/fr\/produit\/hsga2018-bracelet-noue-pour-lui\/#primaryimage"},"image":{"@id":"https:\/\/crematieasinglas.nl\/fr\/produit\/hsga2018-bracelet-noue-pour-lui\/#primaryimage"},"thumbnailUrl":"https:\/\/crematieasinglas.nl\/wp-content\/uploads\/2024\/11\/crematie-as-heren-armband-geknoopt-desertstorm-1-hsga2018-scaled.jpg","datePublished":"2025-12-26T19:19:56+00:00","breadcrumb":{"@id":"https:\/\/crematieasinglas.nl\/fr\/produit\/hsga2018-bracelet-noue-pour-lui\/#breadcrumb"},"inLanguage":"fr-FR","potentialAction":[{"@type":"ReadAction","target":["https:\/\/crematieasinglas.nl\/fr\/produit\/hsga2018-bracelet-noue-pour-lui\/"]}]},{"@type":"ImageObject","inLanguage":"fr-FR","@id":"https:\/\/crematieasinglas.nl\/fr\/produit\/hsga2018-bracelet-noue-pour-lui\/#primaryimage","url":"https:\/\/crematieasinglas.nl\/wp-content\/uploads\/2024\/11\/crematie-as-heren-armband-geknoopt-desertstorm-1-hsga2018-scaled.jpg","contentUrl":"https:\/\/crematieasinglas.nl\/wp-content\/uploads\/2024\/11\/crematie-as-heren-armband-geknoopt-desertstorm-1-hsga2018-scaled.jpg","width":2560,"height":1707},{"@type":"BreadcrumbList","@id":"https:\/\/crematieasinglas.nl\/fr\/produit\/hsga2018-bracelet-noue-pour-lui\/#breadcrumb","itemListElement":[{"@type":"ListItem","position":1,"name":"Home","item":"https:\/\/crematieasinglas.nl\/"},{"@type":"ListItem","position":2,"name":"Boutique","item":"https:\/\/crematieasinglas.nl\/fr\/boutique\/"},{"@type":"ListItem","position":3,"name":"HSGA2018 | Bracelet nou\u00e9 pour lui"}]},{"@type":"WebSite","@id":"https:\/\/crematieasinglas.nl\/#website","url":"https:\/\/crematieasinglas.nl\/","name":"Winkel voor Crematie-as in glas","description":"Een winkel voor crematieasinglas.nl","publisher":{"@id":"https:\/\/crematieasinglas.nl\/#organization"},"potentialAction":[{"@type":"SearchAction","target":{"@type":"EntryPoint","urlTemplate":"https:\/\/crematieasinglas.nl\/?s={search_term_string}"},"query-input":{"@type":"PropertyValueSpecification","valueRequired":true,"valueName":"search_term_string"}}],"inLanguage":"fr-FR"},{"@type":"Organization","@id":"https:\/\/crematieasinglas.nl\/#organization","name":"Dierbaarasinglas.nl","alternateName":"Crematieasinglas.nl","url":"https:\/\/crematieasinglas.nl\/","logo":{"@type":"ImageObject","inLanguage":"fr-FR","@id":"https:\/\/crematieasinglas.nl\/#\/schema\/logo\/image\/","url":"https:\/\/crematieasinglas.nl\/wp-content\/uploads\/2024\/10\/logo-02-playfair-googlefont-met-hartje-02.png","contentUrl":"https:\/\/crematieasinglas.nl\/wp-content\/uploads\/2024\/10\/logo-02-playfair-googlefont-met-hartje-02.png","width":582,"height":136,"caption":"Dierbaarasinglas.nl"},"image":{"@id":"https:\/\/crematieasinglas.nl\/#\/schema\/logo\/image\/"}}]}},"_links":{"self":[{"href":"https:\/\/crematieasinglas.nl\/fr\/wp-json\/wp\/v2\/product\/20072","targetHints":{"allow":["GET"]}}],"collection":[{"href":"https:\/\/crematieasinglas.nl\/fr\/wp-json\/wp\/v2\/product"}],"about":[{"href":"https:\/\/crematieasinglas.nl\/fr\/wp-json\/wp\/v2\/types\/product"}],"replies":[{"embeddable":true,"href":"https:\/\/crematieasinglas.nl\/fr\/wp-json\/wp\/v2\/comments?post=20072"}],"wp:featuredmedia":[{"embeddable":true,"href":"https:\/\/crematieasinglas.nl\/fr\/wp-json\/wp\/v2\/media\/12233"}],"wp:attachment":[{"href":"https:\/\/crematieasinglas.nl\/fr\/wp-json\/wp\/v2\/media?parent=20072"}],"wp:term":[{"taxonomy":"product_brand","embeddable":true,"href":"https:\/\/crematieasinglas.nl\/fr\/wp-json\/wp\/v2\/product_brand?post=20072"},{"taxonomy":"product_cat","embeddable":true,"href":"https:\/\/crematieasinglas.nl\/fr\/wp-json\/wp\/v2\/product_cat?post=20072"},{"taxonomy":"product_tag","embeddable":true,"href":"https:\/\/crematieasinglas.nl\/fr\/wp-json\/wp\/v2\/product_tag?post=20072"}],"curies":[{"name":"wp","href":"https:\/\/api.w.org\/{rel}","templated":true}]}}