{"id":20057,"date":"2025-08-26T20:33:02","date_gmt":"2025-08-26T20:33:02","guid":{"rendered":"https:\/\/ebdxvyckeo.onrocket.site\/product\/hsla3028-meche-de-cheveux-bracelet-commemoratif-homme-cuir\/"},"modified":"2025-04-03T11:43:08","modified_gmt":"2025-04-03T11:43:08","slug":"hsla3028-meche-de-cheveux-bracelet-commemoratif-homme-cuir","status":"publish","type":"product","link":"https:\/\/crematieasinglas.nl\/fr\/produit\/hsla3028-meche-de-cheveux-bracelet-commemoratif-homme-cuir\/","title":{"rendered":"HSLA3028 | M\u00e8che de cheveux bracelet comm\u00e9moratif homme Cuir"},"content":{"rendered":"<p>Num\u00e9ro de code : HSLA3028<br \/>\nCollection : Pour lui<br \/>\nCat\u00e9gorie : Bracelets en cuir pour homme<\/p>\n<h3>\n<h3>D\u00e9lai de livraison<\/h3>\n<\/h3>\n<p>:<\/p>\n<h3>\n<h3>8 jours ouvrables, apr\u00e8s r\u00e9ception des cendres<\/h3>\n<\/h3>\n<p><strong>D\u00e9finition:<\/strong><br \/>\nVeuillez noter que vous ne pouvez pas remplir ce bijou vous-m\u00eame \u00e0 la maison mais il est fait \u00e0 la main pour vous par Jet o\u00f9 une m\u00e8che de cheveux est probablement incorpor\u00e9e dans la breloque du milieu !  <\/p>\n<p>Dans la breloque de cheveux de la photo, les cheveux sont visiblement incorpor\u00e9s dans la breloque. La breloque m\u00e8che de cheveux se situe entre 2 breloques en verre brun, des entretoises argent\u00e9es en acier inoxydable et 2 breloques vintage en acier inoxydable. Le bracelet est dot\u00e9 d\u2019une solide fermeture magn\u00e9tique noire en acier inoxydable. Veuillez noter qu\u2019une fermeture magn\u00e9tique ne doit pas \u00eatre expos\u00e9e \u00e0 une humidit\u00e9 excessive, au parfum et \u00e0 la transpiration. Pour maintenir la forte conductivit\u00e9 de l\u2019aimant, vous devez enlever les bijoux pendant que vous nagez, dormez, prenez une douche et faites de l\u2019exercice.      <\/p>\n<p>Les photos montr\u00e9es montrent un exemple de ce \u00e0 quoi ressembleront les bijoux comm\u00e9moratifs. Veuillez noter que votre breloque de m\u00e8che de cheveux peut ne pas \u00eatre exactement la m\u00eame car votre breloque de m\u00e8che de cheveux est fabriqu\u00e9e \u00e0 la main et les cheveux peuvent avoir des couleurs diff\u00e9rentes. <\/p>\n<p>  Apr\u00e8s r\u00e9ception de la m\u00e8che de cheveux, vos bijoux comm\u00e9moratifs et les cheveux restants vous seront renvoy\u00e9s dans un d\u00e9lai de 8 jours ouvrables par colis postal ou par colis bo\u00eete aux lettres de DHL. S\u2019il y a des questions avant votre commande, je me ferai un plaisir d\u2019y r\u00e9pondre pour vous. Si vous pr\u00e9f\u00e9rez une breloque de cr\u00e9mation en fr\u00eane dans ce mod\u00e8le de bracelet au lieu d\u2019une breloque de m\u00e8che de cheveux, c\u2019est \u00e9galement possible et vous pouvez me le faire savoir imm\u00e9diatement apr\u00e8s votre commande. Cendres de cr\u00e9mation en glas.nl est une marque d\u00e9pos\u00e9e et garantie qui vous donne la garantie d\u2019un produit artisanal unique et de haute qualit\u00e9 sans r\u00e9pliques ni production de masse.<\/p>\n<p><strong>Information:<\/strong><br \/>\nHauteur&nbsp;: 2,5 cm<br \/>\nLargeur&nbsp;: sur<br \/>\nmesure Profondeur&nbsp;:<br \/>\nCouleur&nbsp;: marron<br \/>\nContenu&nbsp;:<br \/>\nStock&nbsp;: 2 article en stock<\/p>\n<p><strong>Livraison:<\/strong><br \/>\nApr\u00e8s avoir pass\u00e9 votre commande du bracelet pour homme choisi avec traitement des cendres de cr\u00e9mation, je vous contacterai par e-mail pour toute question sur la taille de votre tour de poignet. Je vais vous donner des conseils simples pour pouvoir transmettre une mesure correcte.   <\/p>\n<p>Apr\u00e8s avoir obtenu ces informations, je vous enverrai une \u00e9tiquette d\u2019exp\u00e9dition num\u00e9rique gratuite (uniquement possible aux adresses n\u00e9erlandaises), avec laquelle vous pourrez m\u2019envoyer les cendres de cr\u00e9mation (environ une quantit\u00e9 de 2 cuill\u00e8res \u00e0 caf\u00e9 suffit). Pour les clients en dehors des Pays-Bas, il ne m\u2019est pas possible de demander ce timbre, un timbre d\u2019exp\u00e9dition \u00e9tranger pour m\u2019envoyer les cendres de cr\u00e9mation ne peut pas \u00eatre rembours\u00e9.   <\/p>\n<p>J\u2019aimerais vous donner des conseils sur la meilleure fa\u00e7on de m\u2019envoyer les cendres de cr\u00e9mation (\u00e9galement de l\u2019\u00e9tranger). L\u2019\u00e9tiquette d\u2019exp\u00e9dition n\u00e9erlandaise est une \u00e9tiquette pour un colis bo\u00eete aux lettres DHL qui arrive directement chez moi, et vous pouvez le suivre par suivi et tra\u00e7abilit\u00e9. Vous pouvez retourner gratuitement le colis bo\u00eete aux lettres contenant les cendres de cr\u00e9mation dans un point de d\u00e9p\u00f4t DHL dans un d\u00e9lai de 5 jours. Dans cet e-mail, je vais \u00e9galement expliquer les dimensions du colis bo\u00eete aux lettres et le point de d\u00e9p\u00f4t le plus proche que vous avez dans la r\u00e9gion.     <\/p>\n<p>\u00c0 ce jour, un transport s\u00fbr et tra\u00e7able a toujours \u00e9t\u00e9 garanti, mais nous ne pouvons pas assumer de responsabilit\u00e9 si cela tourne mal de mani\u00e8re inattendue avec le transporteur. Bien entendu, il est \u00e9galement possible de livrer les cendres de cr\u00e9mation sur rendez-vous dans notre salle d\u2019exposition \u00e0 Hoogakker 2E \u00e0 Hapert. Vous pouvez prendre rendez-vous pour cela sur notre site web crematieasinglas.nl. Apr\u00e8s avoir re\u00e7u les cendres de cr\u00e9mation, je travaillerai avec beaucoup de soin sur vos bijoux comm\u00e9moratifs.  <\/p>\n<p> <a href=\"https:\/\/crematieasinglas.nl\">site web crematieasinglas.nl<\/a><\/p>\n<p>:<\/p>\n","protected":false},"excerpt":{"rendered":"<p>M\u00e8che de cheveux bracelet comm\u00e9moratif homme Cuir<\/p>\n","protected":false},"featured_media":13097,"comment_status":"closed","ping_status":"open","template":"","meta":[],"product_brand":[],"product_cat":[1007,530],"product_tag":[],"class_list":{"0":"post-20057","1":"product","2":"type-product","3":"status-publish","4":"has-post-thumbnail","6":"product_cat-bracelets-homme-en-cuir","7":"product_cat-pour-lui","8":"pa_kleur-marron","10":"first","11":"instock","12":"purchasable","13":"product-type-simple"},"yoast_head":"<!-- This site is optimized with the Yoast SEO Premium plugin v27.5 (Yoast SEO v27.5) - https:\/\/yoast.com\/product\/yoast-seo-premium-wordpress\/ -->\n<title>HSLA3028 | M\u00e8che de cheveux bracelet comm\u00e9moratif homme Cuir - Winkel voor Crematie-as in glas<\/title>\n<meta name=\"robots\" content=\"index, follow, max-snippet:-1, max-image-preview:large, max-video-preview:-1\" \/>\n<link rel=\"canonical\" href=\"https:\/\/crematieasinglas.nl\/produit\/hsla3028-haarlok-heren-gedenk-armband-leder\/\" \/>\n<meta property=\"og:locale\" content=\"fr_FR\" \/>\n<meta property=\"og:type\" content=\"article\" \/>\n<meta property=\"og:title\" content=\"HSLA3028 | M\u00e8che de cheveux bracelet comm\u00e9moratif homme Cuir\" \/>\n<meta property=\"og:description\" content=\"M\u00e8che de cheveux bracelet comm\u00e9moratif homme Cuir\" \/>\n<meta property=\"og:url\" content=\"https:\/\/crematieasinglas.nl\/produit\/hsla3028-haarlok-heren-gedenk-armband-leder\/\" \/>\n<meta property=\"og:site_name\" content=\"Winkel voor Crematie-as in glas\" \/>\n<meta property=\"og:image\" content=\"https:\/\/crematieasinglas.nl\/wp-content\/uploads\/2024\/11\/crematie-as-heren-armband-leder-zwart-bruin-glas-1-hsla3028.jpg\" \/>\n\t<meta property=\"og:image:width\" content=\"1158\" \/>\n\t<meta property=\"og:image:height\" content=\"769\" \/>\n\t<meta property=\"og:image:type\" content=\"image\/jpeg\" \/>\n<meta name=\"twitter:card\" content=\"summary_large_image\" \/>\n<meta name=\"twitter:label1\" content=\"Dur\u00e9e de lecture estim\u00e9e\" \/>\n\t<meta name=\"twitter:data1\" content=\"4 minutes\" \/>\n<script type=\"application\/ld+json\" class=\"yoast-schema-graph\">{\"@context\":\"https:\\\/\\\/schema.org\",\"@graph\":[{\"@type\":\"WebPage\",\"@id\":\"https:\\\/\\\/crematieasinglas.nl\\\/produit\\\/hsla3028-haarlok-heren-gedenk-armband-leder\\\/\",\"url\":\"https:\\\/\\\/crematieasinglas.nl\\\/produit\\\/hsla3028-haarlok-heren-gedenk-armband-leder\\\/\",\"name\":\"HSLA3028 | M\u00e8che de cheveux bracelet comm\u00e9moratif homme Cuir - Winkel voor Crematie-as in glas\",\"isPartOf\":{\"@id\":\"https:\\\/\\\/crematieasinglas.nl\\\/#website\"},\"primaryImageOfPage\":{\"@id\":\"https:\\\/\\\/crematieasinglas.nl\\\/produit\\\/hsla3028-haarlok-heren-gedenk-armband-leder\\\/#primaryimage\"},\"image\":{\"@id\":\"https:\\\/\\\/crematieasinglas.nl\\\/produit\\\/hsla3028-haarlok-heren-gedenk-armband-leder\\\/#primaryimage\"},\"thumbnailUrl\":\"https:\\\/\\\/crematieasinglas.nl\\\/wp-content\\\/uploads\\\/2024\\\/11\\\/crematie-as-heren-armband-leder-zwart-bruin-glas-1-hsla3028.jpg\",\"datePublished\":\"2025-08-26T20:33:02+00:00\",\"breadcrumb\":{\"@id\":\"https:\\\/\\\/crematieasinglas.nl\\\/produit\\\/hsla3028-haarlok-heren-gedenk-armband-leder\\\/#breadcrumb\"},\"inLanguage\":\"fr-FR\",\"potentialAction\":[{\"@type\":\"ReadAction\",\"target\":[\"https:\\\/\\\/crematieasinglas.nl\\\/produit\\\/hsla3028-haarlok-heren-gedenk-armband-leder\\\/\"]}]},{\"@type\":\"ImageObject\",\"inLanguage\":\"fr-FR\",\"@id\":\"https:\\\/\\\/crematieasinglas.nl\\\/produit\\\/hsla3028-haarlok-heren-gedenk-armband-leder\\\/#primaryimage\",\"url\":\"https:\\\/\\\/crematieasinglas.nl\\\/wp-content\\\/uploads\\\/2024\\\/11\\\/crematie-as-heren-armband-leder-zwart-bruin-glas-1-hsla3028.jpg\",\"contentUrl\":\"https:\\\/\\\/crematieasinglas.nl\\\/wp-content\\\/uploads\\\/2024\\\/11\\\/crematie-as-heren-armband-leder-zwart-bruin-glas-1-hsla3028.jpg\",\"width\":1158,\"height\":769},{\"@type\":\"BreadcrumbList\",\"@id\":\"https:\\\/\\\/crematieasinglas.nl\\\/produit\\\/hsla3028-haarlok-heren-gedenk-armband-leder\\\/#breadcrumb\",\"itemListElement\":[{\"@type\":\"ListItem\",\"position\":1,\"name\":\"Home\",\"item\":\"https:\\\/\\\/crematieasinglas.nl\\\/\"},{\"@type\":\"ListItem\",\"position\":2,\"name\":\"Boutique\",\"item\":\"https:\\\/\\\/crematieasinglas.nl\\\/fr\\\/boutique\\\/\"},{\"@type\":\"ListItem\",\"position\":3,\"name\":\"HSLA3028 | M\u00e8che de cheveux bracelet comm\u00e9moratif homme Cuir\"}]},{\"@type\":\"WebSite\",\"@id\":\"https:\\\/\\\/crematieasinglas.nl\\\/#website\",\"url\":\"https:\\\/\\\/crematieasinglas.nl\\\/\",\"name\":\"Winkel voor Crematie-as in glas\",\"description\":\"Een winkel voor crematieasinglas.nl\",\"publisher\":{\"@id\":\"https:\\\/\\\/crematieasinglas.nl\\\/#organization\"},\"potentialAction\":[{\"@type\":\"SearchAction\",\"target\":{\"@type\":\"EntryPoint\",\"urlTemplate\":\"https:\\\/\\\/crematieasinglas.nl\\\/?s={search_term_string}\"},\"query-input\":{\"@type\":\"PropertyValueSpecification\",\"valueRequired\":true,\"valueName\":\"search_term_string\"}}],\"inLanguage\":\"fr-FR\"},{\"@type\":\"Organization\",\"@id\":\"https:\\\/\\\/crematieasinglas.nl\\\/#organization\",\"name\":\"Dierbaarasinglas.nl\",\"alternateName\":\"Crematieasinglas.nl\",\"url\":\"https:\\\/\\\/crematieasinglas.nl\\\/\",\"logo\":{\"@type\":\"ImageObject\",\"inLanguage\":\"fr-FR\",\"@id\":\"https:\\\/\\\/crematieasinglas.nl\\\/#\\\/schema\\\/logo\\\/image\\\/\",\"url\":\"https:\\\/\\\/crematieasinglas.nl\\\/wp-content\\\/uploads\\\/2024\\\/10\\\/logo-02-playfair-googlefont-met-hartje-02.png\",\"contentUrl\":\"https:\\\/\\\/crematieasinglas.nl\\\/wp-content\\\/uploads\\\/2024\\\/10\\\/logo-02-playfair-googlefont-met-hartje-02.png\",\"width\":582,\"height\":136,\"caption\":\"Dierbaarasinglas.nl\"},\"image\":{\"@id\":\"https:\\\/\\\/crematieasinglas.nl\\\/#\\\/schema\\\/logo\\\/image\\\/\"}}]}<\/script>\n<!-- \/ Yoast SEO Premium plugin. -->","yoast_head_json":{"title":"HSLA3028 | M\u00e8che de cheveux bracelet comm\u00e9moratif homme Cuir - Winkel voor Crematie-as in glas","robots":{"index":"index","follow":"follow","max-snippet":"max-snippet:-1","max-image-preview":"max-image-preview:large","max-video-preview":"max-video-preview:-1"},"canonical":"https:\/\/crematieasinglas.nl\/produit\/hsla3028-haarlok-heren-gedenk-armband-leder\/","og_locale":"fr_FR","og_type":"article","og_title":"HSLA3028 | M\u00e8che de cheveux bracelet comm\u00e9moratif homme Cuir","og_description":"M\u00e8che de cheveux bracelet comm\u00e9moratif homme Cuir","og_url":"https:\/\/crematieasinglas.nl\/produit\/hsla3028-haarlok-heren-gedenk-armband-leder\/","og_site_name":"Winkel voor Crematie-as in glas","og_image":[{"width":1158,"height":769,"url":"https:\/\/crematieasinglas.nl\/wp-content\/uploads\/2024\/11\/crematie-as-heren-armband-leder-zwart-bruin-glas-1-hsla3028.jpg","type":"image\/jpeg"}],"twitter_card":"summary_large_image","twitter_misc":{"Dur\u00e9e de lecture estim\u00e9e":"4 minutes"},"schema":{"@context":"https:\/\/schema.org","@graph":[{"@type":"WebPage","@id":"https:\/\/crematieasinglas.nl\/produit\/hsla3028-haarlok-heren-gedenk-armband-leder\/","url":"https:\/\/crematieasinglas.nl\/produit\/hsla3028-haarlok-heren-gedenk-armband-leder\/","name":"HSLA3028 | M\u00e8che de cheveux bracelet comm\u00e9moratif homme Cuir - Winkel voor Crematie-as in glas","isPartOf":{"@id":"https:\/\/crematieasinglas.nl\/#website"},"primaryImageOfPage":{"@id":"https:\/\/crematieasinglas.nl\/produit\/hsla3028-haarlok-heren-gedenk-armband-leder\/#primaryimage"},"image":{"@id":"https:\/\/crematieasinglas.nl\/produit\/hsla3028-haarlok-heren-gedenk-armband-leder\/#primaryimage"},"thumbnailUrl":"https:\/\/crematieasinglas.nl\/wp-content\/uploads\/2024\/11\/crematie-as-heren-armband-leder-zwart-bruin-glas-1-hsla3028.jpg","datePublished":"2025-08-26T20:33:02+00:00","breadcrumb":{"@id":"https:\/\/crematieasinglas.nl\/produit\/hsla3028-haarlok-heren-gedenk-armband-leder\/#breadcrumb"},"inLanguage":"fr-FR","potentialAction":[{"@type":"ReadAction","target":["https:\/\/crematieasinglas.nl\/produit\/hsla3028-haarlok-heren-gedenk-armband-leder\/"]}]},{"@type":"ImageObject","inLanguage":"fr-FR","@id":"https:\/\/crematieasinglas.nl\/produit\/hsla3028-haarlok-heren-gedenk-armband-leder\/#primaryimage","url":"https:\/\/crematieasinglas.nl\/wp-content\/uploads\/2024\/11\/crematie-as-heren-armband-leder-zwart-bruin-glas-1-hsla3028.jpg","contentUrl":"https:\/\/crematieasinglas.nl\/wp-content\/uploads\/2024\/11\/crematie-as-heren-armband-leder-zwart-bruin-glas-1-hsla3028.jpg","width":1158,"height":769},{"@type":"BreadcrumbList","@id":"https:\/\/crematieasinglas.nl\/produit\/hsla3028-haarlok-heren-gedenk-armband-leder\/#breadcrumb","itemListElement":[{"@type":"ListItem","position":1,"name":"Home","item":"https:\/\/crematieasinglas.nl\/"},{"@type":"ListItem","position":2,"name":"Boutique","item":"https:\/\/crematieasinglas.nl\/fr\/boutique\/"},{"@type":"ListItem","position":3,"name":"HSLA3028 | M\u00e8che de cheveux bracelet comm\u00e9moratif homme Cuir"}]},{"@type":"WebSite","@id":"https:\/\/crematieasinglas.nl\/#website","url":"https:\/\/crematieasinglas.nl\/","name":"Winkel voor Crematie-as in glas","description":"Een winkel voor crematieasinglas.nl","publisher":{"@id":"https:\/\/crematieasinglas.nl\/#organization"},"potentialAction":[{"@type":"SearchAction","target":{"@type":"EntryPoint","urlTemplate":"https:\/\/crematieasinglas.nl\/?s={search_term_string}"},"query-input":{"@type":"PropertyValueSpecification","valueRequired":true,"valueName":"search_term_string"}}],"inLanguage":"fr-FR"},{"@type":"Organization","@id":"https:\/\/crematieasinglas.nl\/#organization","name":"Dierbaarasinglas.nl","alternateName":"Crematieasinglas.nl","url":"https:\/\/crematieasinglas.nl\/","logo":{"@type":"ImageObject","inLanguage":"fr-FR","@id":"https:\/\/crematieasinglas.nl\/#\/schema\/logo\/image\/","url":"https:\/\/crematieasinglas.nl\/wp-content\/uploads\/2024\/10\/logo-02-playfair-googlefont-met-hartje-02.png","contentUrl":"https:\/\/crematieasinglas.nl\/wp-content\/uploads\/2024\/10\/logo-02-playfair-googlefont-met-hartje-02.png","width":582,"height":136,"caption":"Dierbaarasinglas.nl"},"image":{"@id":"https:\/\/crematieasinglas.nl\/#\/schema\/logo\/image\/"}}]}},"_links":{"self":[{"href":"https:\/\/crematieasinglas.nl\/fr\/wp-json\/wp\/v2\/product\/20057","targetHints":{"allow":["GET"]}}],"collection":[{"href":"https:\/\/crematieasinglas.nl\/fr\/wp-json\/wp\/v2\/product"}],"about":[{"href":"https:\/\/crematieasinglas.nl\/fr\/wp-json\/wp\/v2\/types\/product"}],"replies":[{"embeddable":true,"href":"https:\/\/crematieasinglas.nl\/fr\/wp-json\/wp\/v2\/comments?post=20057"}],"wp:featuredmedia":[{"embeddable":true,"href":"https:\/\/crematieasinglas.nl\/fr\/wp-json\/wp\/v2\/media\/13097"}],"wp:attachment":[{"href":"https:\/\/crematieasinglas.nl\/fr\/wp-json\/wp\/v2\/media?parent=20057"}],"wp:term":[{"taxonomy":"product_brand","embeddable":true,"href":"https:\/\/crematieasinglas.nl\/fr\/wp-json\/wp\/v2\/product_brand?post=20057"},{"taxonomy":"product_cat","embeddable":true,"href":"https:\/\/crematieasinglas.nl\/fr\/wp-json\/wp\/v2\/product_cat?post=20057"},{"taxonomy":"product_tag","embeddable":true,"href":"https:\/\/crematieasinglas.nl\/fr\/wp-json\/wp\/v2\/product_tag?post=20057"}],"curies":[{"name":"wp","href":"https:\/\/api.w.org\/{rel}","templated":true}]}}