{"id":19979,"date":"2025-04-17T11:45:33","date_gmt":"2025-04-17T11:45:33","guid":{"rendered":"https:\/\/ebdxvyckeo.onrocket.site\/product\/cvu3023-urne-en-verre-personnalisee-avec-cendres-de-cremation-fixees-dans-du-verre\/"},"modified":"2025-04-17T11:45:33","modified_gmt":"2025-04-17T11:45:33","slug":"cvu3023-urne-en-verre-personnalisee-avec-cendres-de-cremation-fixees-dans-du-verre","status":"publish","type":"product","link":"https:\/\/crematieasinglas.nl\/fr\/produit\/cvu3023-urne-en-verre-personnalisee-avec-cendres-de-cremation-fixees-dans-du-verre\/","title":{"rendered":"CVU3023 | Urne en verre personnalis\u00e9e avec cendres de cr\u00e9mation fix\u00e9es dans du verre"},"content":{"rendered":"<p>Num\u00e9ro de code : CVU3023<br \/>\nCollection : Urnes Cat\u00e9gorie : Cendres<br \/>\nde cr\u00e9mation souffl\u00e9es dans du verre | CVU 3000<\/p>\n<h3>Livraison:  <\/p>\n<h3>8 jours ouvrables, apr\u00e8s r\u00e9ception des cendres<\/h3>\n<\/h3>\n<h3>Information:<\/h3>\n<p>Hauteur : 12 cm<br \/>\nLargeur&nbsp;: 20 cm<br \/>\nProfondeur : 3,5 cm<br \/>\nCouleur : noir\/transparent<br \/>\nContenu:<br \/>\nStock&nbsp;: 2 article en stock<\/p>\n<h3>D\u00e9finition:<\/h3>\n<h2>Une urne personnalis\u00e9e en verre avec des cendres de cr\u00e9mation<\/h2>\n<p>Ces urnes en verre sont fabriqu\u00e9es avec soin et savoir-faire, le verre \u00e9tant trait\u00e9 et adapt\u00e9 aux souhaits des proches.  <br \/>Attention, vous ne pouvez pas remplir cette urne <strong>vous-m\u00eame chez vous<\/strong>, mais elle est faite \u00e0 la main pour vous par Jet !<\/p>\n<h3>Description sp\u00e9cifique :<\/h3>\n<p>Cet objet comm\u00e9moratif est une fa\u00e7on unique et personnelle de comm\u00e9morer la perte d\u2019un \u00eatre cher. Il se compose d\u2019un c\u0153ur de verre, dans lequel les cendres de cr\u00e9mation sont souffl\u00e9es dans le verre, de sorte que les cendres de votre proche font partie de l\u2019\u0153uvre d\u2019art de mani\u00e8re raffin\u00e9e. Le c\u0153ur est attach\u00e9 \u00e0 un v\u00e9lo de course en m\u00e9tal noir, qui respire la simplicit\u00e9, la force et l\u2019\u00e9l\u00e9gance. Le c\u0153ur peut \u00eatre d\u00e9mont\u00e9, ce qui permet de d\u00e9tacher la vitre du v\u00e9lo pour pouvoir le tenir dans sa main par exemple. Cela offre la possibilit\u00e9 de toujours porter le souvenir de votre \u00eatre cher \u00e0 proximit\u00e9, au sens propre comme au figur\u00e9. Le c\u0153ur du verre peut \u00e9galement \u00eatre r\u00e9alis\u00e9 dans d\u2019autres couleurs \u00e0 volont\u00e9, afin qu\u2019il corresponde parfaitement aux souvenirs de votre bien-aim\u00e9. Une cr\u00e9ation qui n\u2019est pas seulement esth\u00e9tique, mais qui a aussi une signification profond\u00e9ment personnelle. Le v\u00e9lo de route peut \u00eatre une m\u00e9taphore puissante et un moyen personnel de comm\u00e9morer la perte d\u2019un \u00eatre cher. Une symbolique unique pour quelqu\u2019un qui avait une passion pour le cyclisme ou le cyclisme.        <\/p>\n<h3>Livraison:<\/h3>\n<p>Apr\u00e8s <strong>avoir pass\u00e9 votre commande<\/strong>, je vous contacterai par e-mail pour vous envoyer une \u00e9tiquette d\u2019exp\u00e9dition num\u00e9rique gratuite et un courrier d\u2019information, avec lequel vous pourrez m\u2019envoyer (une tr\u00e8s petite quantit\u00e9) de cendres de cr\u00e9mation. Une quantit\u00e9 de 4 cuill\u00e8res \u00e0 caf\u00e9 de cendres de <strong>cr\u00e9mation suffit pour cela. <br \/>Pour les clients en dehors des Pays-Bas, il ne m\u2019est pas possible de demander cette \u00e9tiquette d\u2019exp\u00e9dition num\u00e9rique. <br \/>Un timbre d\u2019exp\u00e9dition \u00e9tranger pour m\u2019envoyer les cendres de cr\u00e9mation ne peut pas \u00eatre rembours\u00e9 par moi. Mais j\u2019aimerais vous donner des conseils sur la fa\u00e7on dont vous pouvez \u00e9galement m\u2019envoyer les cendres de cr\u00e9mation depuis l\u2019\u00e9tranger.  <\/br><br \/>\n<br \/><strong>La livraison gratuite<\/strong> de l\u2019article de rappel command\u00e9 s\u2019applique \u00e0 tout le monde. L\u2019\u00e9tiquette d\u2019exp\u00e9dition des cendres de cr\u00e9mation est une \u00e9tiquette pour un colis bo\u00eete aux <strong>lettres<\/strong> de DHL qui arrive directement \u00e0 ma porte, et vous pouvez le suivre et le tracer.<br \/>Vous pouvez retourner gratuitement le colis bo\u00eete aux lettres contenant les cendres de cr\u00e9mation dans un point de d\u00e9p\u00f4t DHL dans un d\u00e9lai de 5 jours ouvrables.<br \/>\n<br \/><strong>Dans le courrier d\u2019information, j\u2019expliquerai<\/strong> \u00e9galement les dimensions du colis bo\u00eete aux lettres et le point de d\u00e9p\u00f4t le plus proche de la r\u00e9gion.<\/p>\n<p>\u00c0 ce jour, un <strong>transport s\u00fbr et tra\u00e7able<\/strong> a toujours \u00e9t\u00e9 garanti, mais nous ne pouvons pas assumer de responsabilit\u00e9 si cela tourne mal de mani\u00e8re inattendue avec le transporteur.<\/br><br \/>  Si vous souhaitez apporter les cendres de cr\u00e9mation, c\u2019est \u00e9galement possible, vous pouvez <strong>prendre rendez-vous<\/strong> pour cela aux possibilit\u00e9s qui s\u2019ouvrent dans notre agenda en ligne sur notre site web <a href=\"https:\/\/crematieasinglas.nl\">crematieasinglas.nl<\/a><\/p>\n<div style=\"width: 640px;\" class=\"wp-video\"><video class=\"wp-video-shortcode\" id=\"video-19979-1\" width=\"640\" height=\"360\" preload=\"metadata\" controls=\"controls\"><source type=\"video\/mp4\" src=\"https:\/\/crematieasinglas.nl\/media\/urnen\/crematie-as-vast-geblazen-in-glas-cvu3000\/crematie-as-vast-in-glas-wielrenfiets-hart-zwart-video-cvu3023.mp4?_=1\" \/><a href=\"https:\/\/crematieasinglas.nl\/media\/urnen\/crematie-as-vast-geblazen-in-glas-cvu3000\/crematie-as-vast-in-glas-wielrenfiets-hart-zwart-video-cvu3023.mp4\">https:\/\/crematieasinglas.nl\/media\/urnen\/crematie-as-vast-geblazen-in-glas-cvu3000\/crematie-as-vast-in-glas-wielrenfiets-hart-zwart-video-cvu3023.mp4<\/a><\/video><\/div>\n","protected":false},"excerpt":{"rendered":"<p>Une <strong>urne personnalis\u00e9e en verre<\/strong> est une fa\u00e7on unique d\u2019honorer la m\u00e9moire d\u2019un \u00eatre cher. Ces urnes sont fabriqu\u00e9es avec soin et savoir-faire, le verre \u00e9tant trait\u00e9 et adapt\u00e9 aux souhaits des proches.   <br \/>Le d\u00e9lai de livraison est de 8 jours ouvrables (2 semaines) apr\u00e8s r\u00e9ception des cendres.<\/p>\n","protected":false},"featured_media":16973,"comment_status":"closed","ping_status":"open","template":"","meta":[],"product_brand":[],"product_cat":[980,898],"product_tag":[],"class_list":{"0":"post-19979","1":"product","2":"type-product","3":"status-publish","4":"has-post-thumbnail","6":"product_cat-cendres-de-cremation-soufflees-dans-du-verre-cvu-3000","7":"product_cat-urnes","8":"pa_kleur-noir-transparent","10":"first","11":"instock","12":"taxable","13":"shipping-taxable","14":"purchasable","15":"product-type-simple"},"yoast_head":"<!-- This site is optimized with the Yoast SEO Premium plugin v27.5 (Yoast SEO v27.5) - https:\/\/yoast.com\/product\/yoast-seo-premium-wordpress\/ -->\n<title>CVU3023 | Urne en verre personnalis\u00e9e avec cendres de cr\u00e9mation fix\u00e9es dans du verre - Winkel voor Crematie-as in glas<\/title>\n<meta name=\"description\" content=\"Une urne personnalis\u00e9e en verre est une fa\u00e7on unique d\u2019honorer la m\u00e9moire d\u2019un \u00eatre cher. Ces urnes sont fabriqu\u00e9es avec soin et savoir-faire, le verre \u00e9tant trait\u00e9 et adapt\u00e9 aux souhaits des proches. Le d\u00e9lai de livraison est de 8 jours ouvrables (2 semaines) apr\u00e8s r\u00e9ception des cendres.\" \/>\n<meta name=\"robots\" content=\"index, follow, max-snippet:-1, max-image-preview:large, max-video-preview:-1\" \/>\n<link rel=\"canonical\" href=\"https:\/\/crematieasinglas.nl\/produit\/cvu3023-glazen-urn-gepersonaliseerd-met-crematie-as-vast-in-glas\/\" \/>\n<meta property=\"og:locale\" content=\"fr_FR\" \/>\n<meta property=\"og:type\" content=\"article\" \/>\n<meta property=\"og:title\" content=\"CVU3023 | Urne en verre personnalis\u00e9e avec cendres de cr\u00e9mation fix\u00e9es dans du verre\" \/>\n<meta property=\"og:description\" content=\"Une urne personnalis\u00e9e en verre est une fa\u00e7on unique d\u2019honorer la m\u00e9moire d\u2019un \u00eatre cher. Ces urnes sont fabriqu\u00e9es avec soin et savoir-faire, le verre \u00e9tant trait\u00e9 et adapt\u00e9 aux souhaits des proches. Le d\u00e9lai de livraison est de 8 jours ouvrables (2 semaines) apr\u00e8s r\u00e9ception des cendres.\" \/>\n<meta property=\"og:url\" content=\"https:\/\/crematieasinglas.nl\/produit\/cvu3023-glazen-urn-gepersonaliseerd-met-crematie-as-vast-in-glas\/\" \/>\n<meta property=\"og:site_name\" content=\"Winkel voor Crematie-as in glas\" \/>\n<meta property=\"og:image\" content=\"https:\/\/crematieasinglas.nl\/wp-content\/uploads\/2025\/02\/crematie-as-vast-in-glas-wielrenfiets-hart-zwart-1-cvu3023.jpg\" \/>\n\t<meta property=\"og:image:width\" content=\"1000\" \/>\n\t<meta property=\"og:image:height\" content=\"667\" \/>\n\t<meta property=\"og:image:type\" content=\"image\/jpeg\" \/>\n<meta name=\"twitter:card\" content=\"summary_large_image\" \/>\n<meta name=\"twitter:label1\" content=\"Dur\u00e9e de lecture estim\u00e9e\" \/>\n\t<meta name=\"twitter:data1\" content=\"3 minutes\" \/>\n<script type=\"application\/ld+json\" class=\"yoast-schema-graph\">{\"@context\":\"https:\\\/\\\/schema.org\",\"@graph\":[{\"@type\":\"WebPage\",\"@id\":\"https:\\\/\\\/crematieasinglas.nl\\\/produit\\\/cvu3023-glazen-urn-gepersonaliseerd-met-crematie-as-vast-in-glas\\\/\",\"url\":\"https:\\\/\\\/crematieasinglas.nl\\\/produit\\\/cvu3023-glazen-urn-gepersonaliseerd-met-crematie-as-vast-in-glas\\\/\",\"name\":\"CVU3023 | Urne en verre personnalis\u00e9e avec cendres de cr\u00e9mation fix\u00e9es dans du verre - Winkel voor Crematie-as in glas\",\"isPartOf\":{\"@id\":\"https:\\\/\\\/crematieasinglas.nl\\\/#website\"},\"primaryImageOfPage\":{\"@id\":\"https:\\\/\\\/crematieasinglas.nl\\\/produit\\\/cvu3023-glazen-urn-gepersonaliseerd-met-crematie-as-vast-in-glas\\\/#primaryimage\"},\"image\":{\"@id\":\"https:\\\/\\\/crematieasinglas.nl\\\/produit\\\/cvu3023-glazen-urn-gepersonaliseerd-met-crematie-as-vast-in-glas\\\/#primaryimage\"},\"thumbnailUrl\":\"https:\\\/\\\/crematieasinglas.nl\\\/wp-content\\\/uploads\\\/2025\\\/02\\\/crematie-as-vast-in-glas-wielrenfiets-hart-zwart-1-cvu3023.jpg\",\"datePublished\":\"2025-04-17T11:45:33+00:00\",\"description\":\"Une urne personnalis\u00e9e en verre est une fa\u00e7on unique d\u2019honorer la m\u00e9moire d\u2019un \u00eatre cher. Ces urnes sont fabriqu\u00e9es avec soin et savoir-faire, le verre \u00e9tant trait\u00e9 et adapt\u00e9 aux souhaits des proches. Le d\u00e9lai de livraison est de 8 jours ouvrables (2 semaines) apr\u00e8s r\u00e9ception des cendres.\",\"breadcrumb\":{\"@id\":\"https:\\\/\\\/crematieasinglas.nl\\\/produit\\\/cvu3023-glazen-urn-gepersonaliseerd-met-crematie-as-vast-in-glas\\\/#breadcrumb\"},\"inLanguage\":\"fr-FR\",\"potentialAction\":[{\"@type\":\"ReadAction\",\"target\":[\"https:\\\/\\\/crematieasinglas.nl\\\/produit\\\/cvu3023-glazen-urn-gepersonaliseerd-met-crematie-as-vast-in-glas\\\/\"]}]},{\"@type\":\"ImageObject\",\"inLanguage\":\"fr-FR\",\"@id\":\"https:\\\/\\\/crematieasinglas.nl\\\/produit\\\/cvu3023-glazen-urn-gepersonaliseerd-met-crematie-as-vast-in-glas\\\/#primaryimage\",\"url\":\"https:\\\/\\\/crematieasinglas.nl\\\/wp-content\\\/uploads\\\/2025\\\/02\\\/crematie-as-vast-in-glas-wielrenfiets-hart-zwart-1-cvu3023.jpg\",\"contentUrl\":\"https:\\\/\\\/crematieasinglas.nl\\\/wp-content\\\/uploads\\\/2025\\\/02\\\/crematie-as-vast-in-glas-wielrenfiets-hart-zwart-1-cvu3023.jpg\",\"width\":1000,\"height\":667},{\"@type\":\"BreadcrumbList\",\"@id\":\"https:\\\/\\\/crematieasinglas.nl\\\/produit\\\/cvu3023-glazen-urn-gepersonaliseerd-met-crematie-as-vast-in-glas\\\/#breadcrumb\",\"itemListElement\":[{\"@type\":\"ListItem\",\"position\":1,\"name\":\"Home\",\"item\":\"https:\\\/\\\/crematieasinglas.nl\\\/\"},{\"@type\":\"ListItem\",\"position\":2,\"name\":\"Boutique\",\"item\":\"https:\\\/\\\/crematieasinglas.nl\\\/fr\\\/boutique\\\/\"},{\"@type\":\"ListItem\",\"position\":3,\"name\":\"CVU3023 | Urne en verre personnalis\u00e9e avec cendres de cr\u00e9mation fix\u00e9es dans du verre\"}]},{\"@type\":\"WebSite\",\"@id\":\"https:\\\/\\\/crematieasinglas.nl\\\/#website\",\"url\":\"https:\\\/\\\/crematieasinglas.nl\\\/\",\"name\":\"Winkel voor Crematie-as in glas\",\"description\":\"Een winkel voor crematieasinglas.nl\",\"publisher\":{\"@id\":\"https:\\\/\\\/crematieasinglas.nl\\\/#organization\"},\"potentialAction\":[{\"@type\":\"SearchAction\",\"target\":{\"@type\":\"EntryPoint\",\"urlTemplate\":\"https:\\\/\\\/crematieasinglas.nl\\\/?s={search_term_string}\"},\"query-input\":{\"@type\":\"PropertyValueSpecification\",\"valueRequired\":true,\"valueName\":\"search_term_string\"}}],\"inLanguage\":\"fr-FR\"},{\"@type\":\"Organization\",\"@id\":\"https:\\\/\\\/crematieasinglas.nl\\\/#organization\",\"name\":\"Dierbaarasinglas.nl\",\"alternateName\":\"Crematieasinglas.nl\",\"url\":\"https:\\\/\\\/crematieasinglas.nl\\\/\",\"logo\":{\"@type\":\"ImageObject\",\"inLanguage\":\"fr-FR\",\"@id\":\"https:\\\/\\\/crematieasinglas.nl\\\/#\\\/schema\\\/logo\\\/image\\\/\",\"url\":\"https:\\\/\\\/crematieasinglas.nl\\\/wp-content\\\/uploads\\\/2024\\\/10\\\/logo-02-playfair-googlefont-met-hartje-02.png\",\"contentUrl\":\"https:\\\/\\\/crematieasinglas.nl\\\/wp-content\\\/uploads\\\/2024\\\/10\\\/logo-02-playfair-googlefont-met-hartje-02.png\",\"width\":582,\"height\":136,\"caption\":\"Dierbaarasinglas.nl\"},\"image\":{\"@id\":\"https:\\\/\\\/crematieasinglas.nl\\\/#\\\/schema\\\/logo\\\/image\\\/\"}}]}<\/script>\n<!-- \/ Yoast SEO Premium plugin. -->","yoast_head_json":{"title":"CVU3023 | Urne en verre personnalis\u00e9e avec cendres de cr\u00e9mation fix\u00e9es dans du verre - Winkel voor Crematie-as in glas","description":"Une urne personnalis\u00e9e en verre est une fa\u00e7on unique d\u2019honorer la m\u00e9moire d\u2019un \u00eatre cher. Ces urnes sont fabriqu\u00e9es avec soin et savoir-faire, le verre \u00e9tant trait\u00e9 et adapt\u00e9 aux souhaits des proches. Le d\u00e9lai de livraison est de 8 jours ouvrables (2 semaines) apr\u00e8s r\u00e9ception des cendres.","robots":{"index":"index","follow":"follow","max-snippet":"max-snippet:-1","max-image-preview":"max-image-preview:large","max-video-preview":"max-video-preview:-1"},"canonical":"https:\/\/crematieasinglas.nl\/produit\/cvu3023-glazen-urn-gepersonaliseerd-met-crematie-as-vast-in-glas\/","og_locale":"fr_FR","og_type":"article","og_title":"CVU3023 | Urne en verre personnalis\u00e9e avec cendres de cr\u00e9mation fix\u00e9es dans du verre","og_description":"Une urne personnalis\u00e9e en verre est une fa\u00e7on unique d\u2019honorer la m\u00e9moire d\u2019un \u00eatre cher. Ces urnes sont fabriqu\u00e9es avec soin et savoir-faire, le verre \u00e9tant trait\u00e9 et adapt\u00e9 aux souhaits des proches. Le d\u00e9lai de livraison est de 8 jours ouvrables (2 semaines) apr\u00e8s r\u00e9ception des cendres.","og_url":"https:\/\/crematieasinglas.nl\/produit\/cvu3023-glazen-urn-gepersonaliseerd-met-crematie-as-vast-in-glas\/","og_site_name":"Winkel voor Crematie-as in glas","og_image":[{"width":1000,"height":667,"url":"https:\/\/crematieasinglas.nl\/wp-content\/uploads\/2025\/02\/crematie-as-vast-in-glas-wielrenfiets-hart-zwart-1-cvu3023.jpg","type":"image\/jpeg"}],"twitter_card":"summary_large_image","twitter_misc":{"Dur\u00e9e de lecture estim\u00e9e":"3 minutes"},"schema":{"@context":"https:\/\/schema.org","@graph":[{"@type":"WebPage","@id":"https:\/\/crematieasinglas.nl\/produit\/cvu3023-glazen-urn-gepersonaliseerd-met-crematie-as-vast-in-glas\/","url":"https:\/\/crematieasinglas.nl\/produit\/cvu3023-glazen-urn-gepersonaliseerd-met-crematie-as-vast-in-glas\/","name":"CVU3023 | Urne en verre personnalis\u00e9e avec cendres de cr\u00e9mation fix\u00e9es dans du verre - Winkel voor Crematie-as in glas","isPartOf":{"@id":"https:\/\/crematieasinglas.nl\/#website"},"primaryImageOfPage":{"@id":"https:\/\/crematieasinglas.nl\/produit\/cvu3023-glazen-urn-gepersonaliseerd-met-crematie-as-vast-in-glas\/#primaryimage"},"image":{"@id":"https:\/\/crematieasinglas.nl\/produit\/cvu3023-glazen-urn-gepersonaliseerd-met-crematie-as-vast-in-glas\/#primaryimage"},"thumbnailUrl":"https:\/\/crematieasinglas.nl\/wp-content\/uploads\/2025\/02\/crematie-as-vast-in-glas-wielrenfiets-hart-zwart-1-cvu3023.jpg","datePublished":"2025-04-17T11:45:33+00:00","description":"Une urne personnalis\u00e9e en verre est une fa\u00e7on unique d\u2019honorer la m\u00e9moire d\u2019un \u00eatre cher. Ces urnes sont fabriqu\u00e9es avec soin et savoir-faire, le verre \u00e9tant trait\u00e9 et adapt\u00e9 aux souhaits des proches. Le d\u00e9lai de livraison est de 8 jours ouvrables (2 semaines) apr\u00e8s r\u00e9ception des cendres.","breadcrumb":{"@id":"https:\/\/crematieasinglas.nl\/produit\/cvu3023-glazen-urn-gepersonaliseerd-met-crematie-as-vast-in-glas\/#breadcrumb"},"inLanguage":"fr-FR","potentialAction":[{"@type":"ReadAction","target":["https:\/\/crematieasinglas.nl\/produit\/cvu3023-glazen-urn-gepersonaliseerd-met-crematie-as-vast-in-glas\/"]}]},{"@type":"ImageObject","inLanguage":"fr-FR","@id":"https:\/\/crematieasinglas.nl\/produit\/cvu3023-glazen-urn-gepersonaliseerd-met-crematie-as-vast-in-glas\/#primaryimage","url":"https:\/\/crematieasinglas.nl\/wp-content\/uploads\/2025\/02\/crematie-as-vast-in-glas-wielrenfiets-hart-zwart-1-cvu3023.jpg","contentUrl":"https:\/\/crematieasinglas.nl\/wp-content\/uploads\/2025\/02\/crematie-as-vast-in-glas-wielrenfiets-hart-zwart-1-cvu3023.jpg","width":1000,"height":667},{"@type":"BreadcrumbList","@id":"https:\/\/crematieasinglas.nl\/produit\/cvu3023-glazen-urn-gepersonaliseerd-met-crematie-as-vast-in-glas\/#breadcrumb","itemListElement":[{"@type":"ListItem","position":1,"name":"Home","item":"https:\/\/crematieasinglas.nl\/"},{"@type":"ListItem","position":2,"name":"Boutique","item":"https:\/\/crematieasinglas.nl\/fr\/boutique\/"},{"@type":"ListItem","position":3,"name":"CVU3023 | Urne en verre personnalis\u00e9e avec cendres de cr\u00e9mation fix\u00e9es dans du verre"}]},{"@type":"WebSite","@id":"https:\/\/crematieasinglas.nl\/#website","url":"https:\/\/crematieasinglas.nl\/","name":"Winkel voor Crematie-as in glas","description":"Een winkel voor crematieasinglas.nl","publisher":{"@id":"https:\/\/crematieasinglas.nl\/#organization"},"potentialAction":[{"@type":"SearchAction","target":{"@type":"EntryPoint","urlTemplate":"https:\/\/crematieasinglas.nl\/?s={search_term_string}"},"query-input":{"@type":"PropertyValueSpecification","valueRequired":true,"valueName":"search_term_string"}}],"inLanguage":"fr-FR"},{"@type":"Organization","@id":"https:\/\/crematieasinglas.nl\/#organization","name":"Dierbaarasinglas.nl","alternateName":"Crematieasinglas.nl","url":"https:\/\/crematieasinglas.nl\/","logo":{"@type":"ImageObject","inLanguage":"fr-FR","@id":"https:\/\/crematieasinglas.nl\/#\/schema\/logo\/image\/","url":"https:\/\/crematieasinglas.nl\/wp-content\/uploads\/2024\/10\/logo-02-playfair-googlefont-met-hartje-02.png","contentUrl":"https:\/\/crematieasinglas.nl\/wp-content\/uploads\/2024\/10\/logo-02-playfair-googlefont-met-hartje-02.png","width":582,"height":136,"caption":"Dierbaarasinglas.nl"},"image":{"@id":"https:\/\/crematieasinglas.nl\/#\/schema\/logo\/image\/"}}]}},"_links":{"self":[{"href":"https:\/\/crematieasinglas.nl\/fr\/wp-json\/wp\/v2\/product\/19979","targetHints":{"allow":["GET"]}}],"collection":[{"href":"https:\/\/crematieasinglas.nl\/fr\/wp-json\/wp\/v2\/product"}],"about":[{"href":"https:\/\/crematieasinglas.nl\/fr\/wp-json\/wp\/v2\/types\/product"}],"replies":[{"embeddable":true,"href":"https:\/\/crematieasinglas.nl\/fr\/wp-json\/wp\/v2\/comments?post=19979"}],"wp:featuredmedia":[{"embeddable":true,"href":"https:\/\/crematieasinglas.nl\/fr\/wp-json\/wp\/v2\/media\/16973"}],"wp:attachment":[{"href":"https:\/\/crematieasinglas.nl\/fr\/wp-json\/wp\/v2\/media?parent=19979"}],"wp:term":[{"taxonomy":"product_brand","embeddable":true,"href":"https:\/\/crematieasinglas.nl\/fr\/wp-json\/wp\/v2\/product_brand?post=19979"},{"taxonomy":"product_cat","embeddable":true,"href":"https:\/\/crematieasinglas.nl\/fr\/wp-json\/wp\/v2\/product_cat?post=19979"},{"taxonomy":"product_tag","embeddable":true,"href":"https:\/\/crematieasinglas.nl\/fr\/wp-json\/wp\/v2\/product_tag?post=19979"}],"curies":[{"name":"wp","href":"https:\/\/api.w.org\/{rel}","templated":true}]}}