{"id":19966,"date":"2025-04-17T11:45:33","date_gmt":"2025-04-17T11:45:33","guid":{"rendered":"https:\/\/ebdxvyckeo.onrocket.site\/product\/cvu3010-urne-en-verre-personnalisee-avec-cendres-de-cremation-fixees-dans-du-verre\/"},"modified":"2025-04-17T11:45:33","modified_gmt":"2025-04-17T11:45:33","slug":"cvu3010-urne-en-verre-personnalisee-avec-cendres-de-cremation-fixees-dans-du-verre","status":"publish","type":"product","link":"https:\/\/crematieasinglas.nl\/fr\/produit\/cvu3010-urne-en-verre-personnalisee-avec-cendres-de-cremation-fixees-dans-du-verre\/","title":{"rendered":"CVU3010 | Urne en verre personnalis\u00e9e avec cendres de cr\u00e9mation fix\u00e9es dans du verre"},"content":{"rendered":"<p>Num\u00e9ro de code : CVU3010<br \/>\nCollection : Urnes Cat\u00e9gorie : Cendres<br \/>\nde cr\u00e9mation souffl\u00e9es dans du verre | CVU 3000<\/p>\n<h3>Livraison:  <\/p>\n<h3>8 jours ouvrables, apr\u00e8s r\u00e9ception des cendres<\/h3>\n<\/h3>\n<h3>Information:<\/h3>\n<p>Hauteur : 30cm<br \/>\nLargeur&nbsp;: 10cm<br \/>\nProfondeur:<br \/>\nCouleur : argent\/bleu<br \/>\nContenu:<br \/>\nStock&nbsp;: 2 article en stock<\/p>\n<h3>D\u00e9finition:<\/h3>\n<h2>Une urne personnalis\u00e9e en verre avec des cendres de cr\u00e9mation<\/h2>\n<p>Ces urnes en verre sont fabriqu\u00e9es avec soin et savoir-faire, le verre \u00e9tant trait\u00e9 et adapt\u00e9 aux souhaits des proches.  <br \/>Attention, vous ne pouvez pas remplir cette urne <strong>vous-m\u00eame chez vous<\/strong>, mais elle est faite \u00e0 la main pour vous par Jet !<\/p>\n<h3>Description sp\u00e9cifique :<\/h3>\n<p>Cette image-souvenir symbolise \u00ab Avec un tendre baiser, je te lib\u00e8re \u00bb. Ici, il y a un papillon de verre bleu sur la statue en r\u00e9sine. Une mini urne est mont\u00e9e sur le papillon. Dans cette mini urne en verre transparent bleu, les cendres de cr\u00e9mation sont trait\u00e9es\/fondues dans le verre par la technique du soufflage du verre. Aucune cendre de cr\u00e9mation ne peut \u00eatre plac\u00e9e dans la statue elle-m\u00eame. La mini urne est plac\u00e9e sur le papillon au moyen d\u2019un syst\u00e8me de montage. Si quelque chose arrive au papillon ou \u00e0 la statue, la mini urne peut toujours \u00eatre d\u00e9tourn\u00e9e du papillon et \u00e9ventuellement plac\u00e9e sur un nouveau papillon. Le papillon et la statue sont livr\u00e9s s\u00e9par\u00e9ment en 1 colis. Cela est d\u00fb \u00e0 la protection pendant le transport.          <br \/>Vous pouvez placer vous-m\u00eame le papillon sur la statue \u00e0 votre arriv\u00e9e en utilisant le manuel fourni. Le papillon est attach\u00e9 \u00e0 la main de la statue au moyen d\u2019un ruban adh\u00e9sif transparent tr\u00e8s r\u00e9sistant. Le papillon et la statue sont d\u00e9j\u00e0 pr\u00e9par\u00e9s pour que ce soit une action simple pour vous. Si vous souhaitez une couleur diff\u00e9rente pour la mini urne, vous pouvez l\u2019indiquer apr\u00e8s votre commande et les possibilit\u00e9s peuvent \u00eatre examin\u00e9es en consultation.   <\/p>\n<h3>Livraison:<\/h3>\n<p>Apr\u00e8s <strong>avoir pass\u00e9 votre commande<\/strong>, je vous contacterai par e-mail pour vous envoyer une \u00e9tiquette d\u2019exp\u00e9dition num\u00e9rique gratuite et un courrier d\u2019information, avec lequel vous pourrez m\u2019envoyer (une tr\u00e8s petite quantit\u00e9) de cendres de cr\u00e9mation. Une quantit\u00e9 de <strong>2 cuill\u00e8res \u00e0 caf\u00e9 de cendres de cr\u00e9mation<\/strong> est suffisante pour cela. <br \/>Pour les clients en dehors des Pays-Bas, il ne m\u2019est pas possible de demander cette \u00e9tiquette d\u2019exp\u00e9dition num\u00e9rique. <br \/>Un timbre d\u2019exp\u00e9dition \u00e9tranger pour m\u2019envoyer les cendres de cr\u00e9mation ne peut pas \u00eatre rembours\u00e9 par moi. Mais j\u2019aimerais vous donner des conseils sur la fa\u00e7on dont vous pouvez \u00e9galement m\u2019envoyer les cendres de cr\u00e9mation depuis l\u2019\u00e9tranger.  <\/br><br \/>\n<br \/><strong>La livraison gratuite<\/strong> de l\u2019article de rappel command\u00e9 s\u2019applique \u00e0 tout le monde. L\u2019\u00e9tiquette d\u2019exp\u00e9dition des cendres de cr\u00e9mation est une \u00e9tiquette pour un colis bo\u00eete aux <strong>lettres<\/strong> de DHL qui arrive directement \u00e0 ma porte, et vous pouvez le suivre et le tracer.<br \/>Vous pouvez retourner gratuitement le colis bo\u00eete aux lettres contenant les cendres de cr\u00e9mation dans un point de d\u00e9p\u00f4t DHL dans un d\u00e9lai de 5 jours ouvrables.<br \/>\n<br \/><strong>Dans le courrier d\u2019information, j\u2019expliquerai<\/strong> \u00e9galement les dimensions du colis bo\u00eete aux lettres et le point de d\u00e9p\u00f4t le plus proche de la r\u00e9gion.<\/p>\n<p>\u00c0 ce jour, un <strong>transport s\u00fbr et tra\u00e7able<\/strong> a toujours \u00e9t\u00e9 garanti, mais nous ne pouvons pas assumer de responsabilit\u00e9 si cela tourne mal de mani\u00e8re inattendue avec le transporteur.<\/br><br \/>  Si vous souhaitez apporter les cendres de cr\u00e9mation, c\u2019est \u00e9galement possible, vous pouvez <strong>prendre rendez-vous<\/strong> pour cela aux possibilit\u00e9s qui s\u2019ouvrent dans notre agenda en ligne sur notre site web <a href=\"https:\/\/crematieasinglas.nl\">crematieasinglas.nl<\/a><\/p>\n","protected":false},"excerpt":{"rendered":"<p>Une <strong>urne personnalis\u00e9e en verre<\/strong> est une fa\u00e7on unique d\u2019honorer la m\u00e9moire d\u2019un \u00eatre cher. Ces urnes sont fabriqu\u00e9es avec soin et savoir-faire, le verre \u00e9tant trait\u00e9 et adapt\u00e9 aux souhaits des proches.   <br \/>Le d\u00e9lai de livraison est de 8 jours ouvrables (2 semaines) apr\u00e8s r\u00e9ception des cendres.<\/p>\n","protected":false},"featured_media":10463,"comment_status":"closed","ping_status":"open","template":"","meta":[],"product_brand":[],"product_cat":[980,898],"product_tag":[],"class_list":{"0":"post-19966","1":"product","2":"type-product","3":"status-publish","4":"has-post-thumbnail","6":"product_cat-cendres-de-cremation-soufflees-dans-du-verre-cvu-3000","7":"product_cat-urnes","8":"pa_kleur-argente-bleu","10":"first","11":"instock","12":"taxable","13":"shipping-taxable","14":"purchasable","15":"product-type-simple"},"yoast_head":"<!-- This site is optimized with the Yoast SEO Premium plugin v27.5 (Yoast SEO v27.5) - https:\/\/yoast.com\/product\/yoast-seo-premium-wordpress\/ -->\n<title>CVU3010 | Urne en verre personnalis\u00e9e avec cendres de cr\u00e9mation fix\u00e9es dans du verre - Winkel voor Crematie-as in glas<\/title>\n<meta name=\"description\" content=\"Une urne personnalis\u00e9e en verre est une fa\u00e7on unique d\u2019honorer la m\u00e9moire d\u2019un \u00eatre cher. Ces urnes sont fabriqu\u00e9es avec soin et savoir-faire, le verre \u00e9tant trait\u00e9 et adapt\u00e9 aux souhaits des proches. Le d\u00e9lai de livraison est de 8 jours ouvrables (2 semaines) apr\u00e8s r\u00e9ception des cendres.\" \/>\n<meta name=\"robots\" content=\"index, follow, max-snippet:-1, max-image-preview:large, max-video-preview:-1\" \/>\n<link rel=\"canonical\" href=\"https:\/\/crematieasinglas.nl\/produit\/cvu3010-glazen-urn-gepersonaliseerd-met-crematie-as-vast-in-glas\/\" \/>\n<meta property=\"og:locale\" content=\"fr_FR\" \/>\n<meta property=\"og:type\" content=\"article\" \/>\n<meta property=\"og:title\" content=\"CVU3010 | Urne en verre personnalis\u00e9e avec cendres de cr\u00e9mation fix\u00e9es dans du verre\" \/>\n<meta property=\"og:description\" content=\"Une urne personnalis\u00e9e en verre est une fa\u00e7on unique d\u2019honorer la m\u00e9moire d\u2019un \u00eatre cher. Ces urnes sont fabriqu\u00e9es avec soin et savoir-faire, le verre \u00e9tant trait\u00e9 et adapt\u00e9 aux souhaits des proches. Le d\u00e9lai de livraison est de 8 jours ouvrables (2 semaines) apr\u00e8s r\u00e9ception des cendres.\" \/>\n<meta property=\"og:url\" content=\"https:\/\/crematieasinglas.nl\/produit\/cvu3010-glazen-urn-gepersonaliseerd-met-crematie-as-vast-in-glas\/\" \/>\n<meta property=\"og:site_name\" content=\"Winkel voor Crematie-as in glas\" \/>\n<meta property=\"og:image\" content=\"https:\/\/crematieasinglas.nl\/wp-content\/uploads\/2024\/10\/crematie-as-urn-glas-vast-8werkdagen-tedere-kus-vlinder-blauw-1-cvu3010.jpg\" \/>\n\t<meta property=\"og:image:width\" content=\"1280\" \/>\n\t<meta property=\"og:image:height\" content=\"1920\" \/>\n\t<meta property=\"og:image:type\" content=\"image\/jpeg\" \/>\n<meta name=\"twitter:card\" content=\"summary_large_image\" \/>\n<meta name=\"twitter:label1\" content=\"Dur\u00e9e de lecture estim\u00e9e\" \/>\n\t<meta name=\"twitter:data1\" content=\"3 minutes\" \/>\n<script type=\"application\/ld+json\" class=\"yoast-schema-graph\">{\"@context\":\"https:\\\/\\\/schema.org\",\"@graph\":[{\"@type\":\"WebPage\",\"@id\":\"https:\\\/\\\/crematieasinglas.nl\\\/produit\\\/cvu3010-glazen-urn-gepersonaliseerd-met-crematie-as-vast-in-glas\\\/\",\"url\":\"https:\\\/\\\/crematieasinglas.nl\\\/produit\\\/cvu3010-glazen-urn-gepersonaliseerd-met-crematie-as-vast-in-glas\\\/\",\"name\":\"CVU3010 | Urne en verre personnalis\u00e9e avec cendres de cr\u00e9mation fix\u00e9es dans du verre - Winkel voor Crematie-as in glas\",\"isPartOf\":{\"@id\":\"https:\\\/\\\/crematieasinglas.nl\\\/#website\"},\"primaryImageOfPage\":{\"@id\":\"https:\\\/\\\/crematieasinglas.nl\\\/produit\\\/cvu3010-glazen-urn-gepersonaliseerd-met-crematie-as-vast-in-glas\\\/#primaryimage\"},\"image\":{\"@id\":\"https:\\\/\\\/crematieasinglas.nl\\\/produit\\\/cvu3010-glazen-urn-gepersonaliseerd-met-crematie-as-vast-in-glas\\\/#primaryimage\"},\"thumbnailUrl\":\"https:\\\/\\\/crematieasinglas.nl\\\/wp-content\\\/uploads\\\/2024\\\/10\\\/crematie-as-urn-glas-vast-8werkdagen-tedere-kus-vlinder-blauw-1-cvu3010.jpg\",\"datePublished\":\"2025-04-17T11:45:33+00:00\",\"description\":\"Une urne personnalis\u00e9e en verre est une fa\u00e7on unique d\u2019honorer la m\u00e9moire d\u2019un \u00eatre cher. Ces urnes sont fabriqu\u00e9es avec soin et savoir-faire, le verre \u00e9tant trait\u00e9 et adapt\u00e9 aux souhaits des proches. Le d\u00e9lai de livraison est de 8 jours ouvrables (2 semaines) apr\u00e8s r\u00e9ception des cendres.\",\"breadcrumb\":{\"@id\":\"https:\\\/\\\/crematieasinglas.nl\\\/produit\\\/cvu3010-glazen-urn-gepersonaliseerd-met-crematie-as-vast-in-glas\\\/#breadcrumb\"},\"inLanguage\":\"fr-FR\",\"potentialAction\":[{\"@type\":\"ReadAction\",\"target\":[\"https:\\\/\\\/crematieasinglas.nl\\\/produit\\\/cvu3010-glazen-urn-gepersonaliseerd-met-crematie-as-vast-in-glas\\\/\"]}]},{\"@type\":\"ImageObject\",\"inLanguage\":\"fr-FR\",\"@id\":\"https:\\\/\\\/crematieasinglas.nl\\\/produit\\\/cvu3010-glazen-urn-gepersonaliseerd-met-crematie-as-vast-in-glas\\\/#primaryimage\",\"url\":\"https:\\\/\\\/crematieasinglas.nl\\\/wp-content\\\/uploads\\\/2024\\\/10\\\/crematie-as-urn-glas-vast-8werkdagen-tedere-kus-vlinder-blauw-1-cvu3010.jpg\",\"contentUrl\":\"https:\\\/\\\/crematieasinglas.nl\\\/wp-content\\\/uploads\\\/2024\\\/10\\\/crematie-as-urn-glas-vast-8werkdagen-tedere-kus-vlinder-blauw-1-cvu3010.jpg\",\"width\":1280,\"height\":1920},{\"@type\":\"BreadcrumbList\",\"@id\":\"https:\\\/\\\/crematieasinglas.nl\\\/produit\\\/cvu3010-glazen-urn-gepersonaliseerd-met-crematie-as-vast-in-glas\\\/#breadcrumb\",\"itemListElement\":[{\"@type\":\"ListItem\",\"position\":1,\"name\":\"Home\",\"item\":\"https:\\\/\\\/crematieasinglas.nl\\\/\"},{\"@type\":\"ListItem\",\"position\":2,\"name\":\"Boutique\",\"item\":\"https:\\\/\\\/crematieasinglas.nl\\\/fr\\\/boutique\\\/\"},{\"@type\":\"ListItem\",\"position\":3,\"name\":\"CVU3010 | Urne en verre personnalis\u00e9e avec cendres de cr\u00e9mation fix\u00e9es dans du verre\"}]},{\"@type\":\"WebSite\",\"@id\":\"https:\\\/\\\/crematieasinglas.nl\\\/#website\",\"url\":\"https:\\\/\\\/crematieasinglas.nl\\\/\",\"name\":\"Winkel voor Crematie-as in glas\",\"description\":\"Een winkel voor crematieasinglas.nl\",\"publisher\":{\"@id\":\"https:\\\/\\\/crematieasinglas.nl\\\/#organization\"},\"potentialAction\":[{\"@type\":\"SearchAction\",\"target\":{\"@type\":\"EntryPoint\",\"urlTemplate\":\"https:\\\/\\\/crematieasinglas.nl\\\/?s={search_term_string}\"},\"query-input\":{\"@type\":\"PropertyValueSpecification\",\"valueRequired\":true,\"valueName\":\"search_term_string\"}}],\"inLanguage\":\"fr-FR\"},{\"@type\":\"Organization\",\"@id\":\"https:\\\/\\\/crematieasinglas.nl\\\/#organization\",\"name\":\"Dierbaarasinglas.nl\",\"alternateName\":\"Crematieasinglas.nl\",\"url\":\"https:\\\/\\\/crematieasinglas.nl\\\/\",\"logo\":{\"@type\":\"ImageObject\",\"inLanguage\":\"fr-FR\",\"@id\":\"https:\\\/\\\/crematieasinglas.nl\\\/#\\\/schema\\\/logo\\\/image\\\/\",\"url\":\"https:\\\/\\\/crematieasinglas.nl\\\/wp-content\\\/uploads\\\/2024\\\/10\\\/logo-02-playfair-googlefont-met-hartje-02.png\",\"contentUrl\":\"https:\\\/\\\/crematieasinglas.nl\\\/wp-content\\\/uploads\\\/2024\\\/10\\\/logo-02-playfair-googlefont-met-hartje-02.png\",\"width\":582,\"height\":136,\"caption\":\"Dierbaarasinglas.nl\"},\"image\":{\"@id\":\"https:\\\/\\\/crematieasinglas.nl\\\/#\\\/schema\\\/logo\\\/image\\\/\"}}]}<\/script>\n<!-- \/ Yoast SEO Premium plugin. -->","yoast_head_json":{"title":"CVU3010 | Urne en verre personnalis\u00e9e avec cendres de cr\u00e9mation fix\u00e9es dans du verre - Winkel voor Crematie-as in glas","description":"Une urne personnalis\u00e9e en verre est une fa\u00e7on unique d\u2019honorer la m\u00e9moire d\u2019un \u00eatre cher. Ces urnes sont fabriqu\u00e9es avec soin et savoir-faire, le verre \u00e9tant trait\u00e9 et adapt\u00e9 aux souhaits des proches. Le d\u00e9lai de livraison est de 8 jours ouvrables (2 semaines) apr\u00e8s r\u00e9ception des cendres.","robots":{"index":"index","follow":"follow","max-snippet":"max-snippet:-1","max-image-preview":"max-image-preview:large","max-video-preview":"max-video-preview:-1"},"canonical":"https:\/\/crematieasinglas.nl\/produit\/cvu3010-glazen-urn-gepersonaliseerd-met-crematie-as-vast-in-glas\/","og_locale":"fr_FR","og_type":"article","og_title":"CVU3010 | Urne en verre personnalis\u00e9e avec cendres de cr\u00e9mation fix\u00e9es dans du verre","og_description":"Une urne personnalis\u00e9e en verre est une fa\u00e7on unique d\u2019honorer la m\u00e9moire d\u2019un \u00eatre cher. Ces urnes sont fabriqu\u00e9es avec soin et savoir-faire, le verre \u00e9tant trait\u00e9 et adapt\u00e9 aux souhaits des proches. Le d\u00e9lai de livraison est de 8 jours ouvrables (2 semaines) apr\u00e8s r\u00e9ception des cendres.","og_url":"https:\/\/crematieasinglas.nl\/produit\/cvu3010-glazen-urn-gepersonaliseerd-met-crematie-as-vast-in-glas\/","og_site_name":"Winkel voor Crematie-as in glas","og_image":[{"width":1280,"height":1920,"url":"https:\/\/crematieasinglas.nl\/wp-content\/uploads\/2024\/10\/crematie-as-urn-glas-vast-8werkdagen-tedere-kus-vlinder-blauw-1-cvu3010.jpg","type":"image\/jpeg"}],"twitter_card":"summary_large_image","twitter_misc":{"Dur\u00e9e de lecture estim\u00e9e":"3 minutes"},"schema":{"@context":"https:\/\/schema.org","@graph":[{"@type":"WebPage","@id":"https:\/\/crematieasinglas.nl\/produit\/cvu3010-glazen-urn-gepersonaliseerd-met-crematie-as-vast-in-glas\/","url":"https:\/\/crematieasinglas.nl\/produit\/cvu3010-glazen-urn-gepersonaliseerd-met-crematie-as-vast-in-glas\/","name":"CVU3010 | Urne en verre personnalis\u00e9e avec cendres de cr\u00e9mation fix\u00e9es dans du verre - Winkel voor Crematie-as in glas","isPartOf":{"@id":"https:\/\/crematieasinglas.nl\/#website"},"primaryImageOfPage":{"@id":"https:\/\/crematieasinglas.nl\/produit\/cvu3010-glazen-urn-gepersonaliseerd-met-crematie-as-vast-in-glas\/#primaryimage"},"image":{"@id":"https:\/\/crematieasinglas.nl\/produit\/cvu3010-glazen-urn-gepersonaliseerd-met-crematie-as-vast-in-glas\/#primaryimage"},"thumbnailUrl":"https:\/\/crematieasinglas.nl\/wp-content\/uploads\/2024\/10\/crematie-as-urn-glas-vast-8werkdagen-tedere-kus-vlinder-blauw-1-cvu3010.jpg","datePublished":"2025-04-17T11:45:33+00:00","description":"Une urne personnalis\u00e9e en verre est une fa\u00e7on unique d\u2019honorer la m\u00e9moire d\u2019un \u00eatre cher. Ces urnes sont fabriqu\u00e9es avec soin et savoir-faire, le verre \u00e9tant trait\u00e9 et adapt\u00e9 aux souhaits des proches. Le d\u00e9lai de livraison est de 8 jours ouvrables (2 semaines) apr\u00e8s r\u00e9ception des cendres.","breadcrumb":{"@id":"https:\/\/crematieasinglas.nl\/produit\/cvu3010-glazen-urn-gepersonaliseerd-met-crematie-as-vast-in-glas\/#breadcrumb"},"inLanguage":"fr-FR","potentialAction":[{"@type":"ReadAction","target":["https:\/\/crematieasinglas.nl\/produit\/cvu3010-glazen-urn-gepersonaliseerd-met-crematie-as-vast-in-glas\/"]}]},{"@type":"ImageObject","inLanguage":"fr-FR","@id":"https:\/\/crematieasinglas.nl\/produit\/cvu3010-glazen-urn-gepersonaliseerd-met-crematie-as-vast-in-glas\/#primaryimage","url":"https:\/\/crematieasinglas.nl\/wp-content\/uploads\/2024\/10\/crematie-as-urn-glas-vast-8werkdagen-tedere-kus-vlinder-blauw-1-cvu3010.jpg","contentUrl":"https:\/\/crematieasinglas.nl\/wp-content\/uploads\/2024\/10\/crematie-as-urn-glas-vast-8werkdagen-tedere-kus-vlinder-blauw-1-cvu3010.jpg","width":1280,"height":1920},{"@type":"BreadcrumbList","@id":"https:\/\/crematieasinglas.nl\/produit\/cvu3010-glazen-urn-gepersonaliseerd-met-crematie-as-vast-in-glas\/#breadcrumb","itemListElement":[{"@type":"ListItem","position":1,"name":"Home","item":"https:\/\/crematieasinglas.nl\/"},{"@type":"ListItem","position":2,"name":"Boutique","item":"https:\/\/crematieasinglas.nl\/fr\/boutique\/"},{"@type":"ListItem","position":3,"name":"CVU3010 | Urne en verre personnalis\u00e9e avec cendres de cr\u00e9mation fix\u00e9es dans du verre"}]},{"@type":"WebSite","@id":"https:\/\/crematieasinglas.nl\/#website","url":"https:\/\/crematieasinglas.nl\/","name":"Winkel voor Crematie-as in glas","description":"Een winkel voor crematieasinglas.nl","publisher":{"@id":"https:\/\/crematieasinglas.nl\/#organization"},"potentialAction":[{"@type":"SearchAction","target":{"@type":"EntryPoint","urlTemplate":"https:\/\/crematieasinglas.nl\/?s={search_term_string}"},"query-input":{"@type":"PropertyValueSpecification","valueRequired":true,"valueName":"search_term_string"}}],"inLanguage":"fr-FR"},{"@type":"Organization","@id":"https:\/\/crematieasinglas.nl\/#organization","name":"Dierbaarasinglas.nl","alternateName":"Crematieasinglas.nl","url":"https:\/\/crematieasinglas.nl\/","logo":{"@type":"ImageObject","inLanguage":"fr-FR","@id":"https:\/\/crematieasinglas.nl\/#\/schema\/logo\/image\/","url":"https:\/\/crematieasinglas.nl\/wp-content\/uploads\/2024\/10\/logo-02-playfair-googlefont-met-hartje-02.png","contentUrl":"https:\/\/crematieasinglas.nl\/wp-content\/uploads\/2024\/10\/logo-02-playfair-googlefont-met-hartje-02.png","width":582,"height":136,"caption":"Dierbaarasinglas.nl"},"image":{"@id":"https:\/\/crematieasinglas.nl\/#\/schema\/logo\/image\/"}}]}},"_links":{"self":[{"href":"https:\/\/crematieasinglas.nl\/fr\/wp-json\/wp\/v2\/product\/19966","targetHints":{"allow":["GET"]}}],"collection":[{"href":"https:\/\/crematieasinglas.nl\/fr\/wp-json\/wp\/v2\/product"}],"about":[{"href":"https:\/\/crematieasinglas.nl\/fr\/wp-json\/wp\/v2\/types\/product"}],"replies":[{"embeddable":true,"href":"https:\/\/crematieasinglas.nl\/fr\/wp-json\/wp\/v2\/comments?post=19966"}],"wp:featuredmedia":[{"embeddable":true,"href":"https:\/\/crematieasinglas.nl\/fr\/wp-json\/wp\/v2\/media\/10463"}],"wp:attachment":[{"href":"https:\/\/crematieasinglas.nl\/fr\/wp-json\/wp\/v2\/media?parent=19966"}],"wp:term":[{"taxonomy":"product_brand","embeddable":true,"href":"https:\/\/crematieasinglas.nl\/fr\/wp-json\/wp\/v2\/product_brand?post=19966"},{"taxonomy":"product_cat","embeddable":true,"href":"https:\/\/crematieasinglas.nl\/fr\/wp-json\/wp\/v2\/product_cat?post=19966"},{"taxonomy":"product_tag","embeddable":true,"href":"https:\/\/crematieasinglas.nl\/fr\/wp-json\/wp\/v2\/product_tag?post=19966"}],"curies":[{"name":"wp","href":"https:\/\/api.w.org\/{rel}","templated":true}]}}