{"id":19939,"date":"2025-05-10T12:10:28","date_gmt":"2025-05-10T12:10:28","guid":{"rendered":"https:\/\/ebdxvyckeo.onrocket.site\/product\/dsh4003-collier-pour-dames-avec-cremation-cendres-ou-cheveux\/"},"modified":"2025-05-10T12:10:28","modified_gmt":"2025-05-10T12:10:28","slug":"dsh4003-collier-pour-dames-avec-cremation-cendres-ou-cheveux","status":"publish","type":"product","link":"https:\/\/crematieasinglas.nl\/fr\/produit\/dsh4003-collier-pour-dames-avec-cremation-cendres-ou-cheveux\/","title":{"rendered":"DSH4003 | Collier pour dames avec cr\u00e9mation cendres ou cheveux"},"content":{"rendered":"<p>Num\u00e9ro de code&nbsp;: DSH4003<br \/>\nCollection&nbsp;: Pour elle<br \/>\nCat\u00e9gorie&nbsp;: Colliers qulori pour femmes<\/p>\n<h3>Livraison::  <\/p>\n<h3>8 jours ouvrables apr\u00e8s la r\u00e9ception des cendres ou des cheveux de cr\u00e9mation<\/h3>\n<\/h3>\n<p><strong>Description sp\u00e9cifique :<br \/>\n<\/strong>Avec ce bijou en fr\u00eane pour cheveux, vous pouvez choisir si vous souhaitez incorporer des cendres ou des cheveux dans les bijoux. Les cheveux restent compl\u00e8tement intacts car ils sont trait\u00e9s dans un espace creux souffl\u00e9 dans les bijoux. Les cendres de ce bijou ne sont pas souffl\u00e9es dans le verre mais trait\u00e9es dans l\u2019espace creux et souffl\u00e9 du bijou. Les bijoux sont compl\u00e8tement herm\u00e9tiques et scell\u00e9s par un syst\u00e8me de vis tournantes qui est incorpor\u00e9 dans le verre. Dans ce bijou, les cendres ou les cheveux sont l\u00e9g\u00e8rement visibles (en bas) et trait\u00e9s dans du verre transparent, brun et dor\u00e9. Les bijoux sont exclusifs de cha\u00eene. Moyennant un co\u00fbt suppl\u00e9mentaire, vous pouvez chercher ensemble un collier adapt\u00e9. Cela peut \u00eatre fait pour une cha\u00eene en acier inoxydable, en argent 925 ou en or 14 carats.      <\/p>\n<p><strong>D\u00e9finition:<\/strong><\/p>\n<h2>Un bijou en fr\u00eane pour elle comme un bon souvenir<\/h2>\n<p>Ce <strong>bijou de cr\u00e9mation pour elle est en verre<\/strong> avec des cendres de cr\u00e9mation ou des cheveux est une fa\u00e7on belle et personnelle de garder un \u00eatre cher pr\u00e8s de soi.<br \/>Ce bijou subtil allie beaut\u00e9 et valeur \u00e9motionnelle, sp\u00e9cialement con\u00e7u pour les femmes qui souhaitent porter un souvenir tangible.<br \/>  Les cendres sont fondues dans du verre transparent ou color\u00e9.  <\/p>\n<p>En utilisant un <strong>four \u00e0 verre professionnel<\/strong>, du <strong>verre de Murano<\/strong> de haute qualit\u00e9 et une technique exp\u00e9riment\u00e9e, les bijoux sont non seulement de <strong>haute qualit\u00e9<\/strong>, mais aussi tr\u00e8s solides et durables. En cela, le verre conservera sa <strong>beaut\u00e9<\/strong> de mani\u00e8re permanente. <\/p>\n<p><strong>Information&nbsp;:<\/strong><br \/>\n: 2 cm<br \/>\nLargeur&nbsp;: 2 cm<br \/>\nProfondeur&nbsp;: 2 cm<br \/>\nCouleur&nbsp;: marron\/or<br \/>\nContenu&nbsp;: n\/a<br \/>\nStock&nbsp;: 2 article en stock<\/p>\n<p><strong>Suite de la description :<\/strong><br \/>\n<br \/><strong>Bijou unique :<\/strong><br \/>Chaque pi\u00e8ce est fabriqu\u00e9e \u00e0 <strong>la main<\/strong> et est donc unique. <br \/> Aucun bijou ne sera le m\u00eame, mais gr\u00e2ce \u00e0 des ann\u00e9es d\u2019exp\u00e9rience, vos bijoux seront similaires au mod\u00e8le de la photo. (Les tons de couleur sur les \u00e9crans peuvent diff\u00e9rer les uns des autres).   <br \/>Vos bijoux et les cendres seront toujours trait\u00e9s s\u00e9par\u00e9ment et avec beaucoup de respect dans un environnement propre, afin que vous puissiez \u00eatre s\u00fbr et en toute certitude que vos pr\u00e9cieuses cendres sont entre de bonnes mains avec moi et seront trait\u00e9es.<\/br><\/p>\n<p><strong>Livraison:<\/strong><br \/>\nApr\u00e8s <strong>avoir pass\u00e9 votre commande<\/strong>, je vous contacterai par e-mail pour vous envoyer une \u00e9tiquette d\u2019exp\u00e9dition num\u00e9rique gratuite et un courrier d\u2019information, avec lequel vous pourrez m\u2019envoyer une petite touffe de cheveux (environ une \u00e9paisseur de crayon de 5 cm) ou 2 cuill\u00e8res \u00e0 caf\u00e9 de cendres de cr\u00e9mation. <\/p>\n<p>Pour les clients en dehors des Pays-Bas, il ne m\u2019est pas possible de demander cette \u00e9tiquette d\u2019exp\u00e9dition num\u00e9rique. <br \/>Un timbre d\u2019exp\u00e9dition \u00e9tranger pour m\u2019envoyer les cheveux ou les cendres ne peut donc pas \u00eatre rembours\u00e9 par moi. Mais j\u2019aimerais vous donner des conseils sur la fa\u00e7on dont vous pouvez \u00e9galement m\u2019envoyer les cheveux ou les cendres de l\u2019\u00e9tranger.<br \/>\n<strong>La livraison gratuite<\/strong> de l\u2019article de rappel command\u00e9 s\u2019applique \u00e0 tout le monde. L\u2019\u00e9tiquette d\u2019exp\u00e9dition pour les cheveux est une \u00e9tiquette pour un colis bo\u00eete aux <strong>lettres<\/strong> de DHL qui arrive directement chez moi, et vous pouvez le suivre par track and trace.<br \/>Vous pouvez retourner gratuitement le colis bo\u00eete aux lettres avec les cheveux ou les cendres dans un point de d\u00e9p\u00f4t DHL dans un d\u00e9lai de 5 jours ouvrables.<br \/>\nDans le courrier d\u2019information, j\u2019expliquerai \u00e9galement les dimensions du colis bo\u00eete aux lettres et le point de d\u00e9p\u00f4t le plus proche de la r\u00e9gion.  <\/br><br \/>\n<br \/>\u00c0 ce jour, un <strong>transport s\u00fbr et tra\u00e7able<\/strong> a toujours \u00e9t\u00e9 garanti, mais nous ne pouvons pas assumer de responsabilit\u00e9 si cela tourne mal de mani\u00e8re inattendue avec le transporteur.<\/br><br \/>  Si vous souhaitez apporter les cheveux ou les cendres, c\u2019est \u00e9galement possible, vous pouvez <strong>prendre rendez-vous<\/strong> pour cela aux possibilit\u00e9s qui s\u2019ouvrent dans notre agenda en ligne sur notre site web <\/br> <a href=\"https:\/\/crematieasinglas.nl\">crematieasinglas.nl<\/a><\/p>\n<p>&nbsp;<\/p>\n","protected":false},"excerpt":{"rendered":"<p>Un collier comm\u00e9moratif pour elle avec des cendres de cr\u00e9mation est une fa\u00e7on \u00e9l\u00e9gante de porter un \u00eatre cher pr\u00e8s de vous. Avec un design personnalis\u00e9 qui rappelle de pr\u00e9cieux souvenirs. <\/p>\n","protected":false},"featured_media":15233,"comment_status":"closed","ping_status":"open","template":"","meta":[],"product_brand":[],"product_cat":[969,912],"product_tag":[],"class_list":{"0":"post-19939","1":"product","2":"type-product","3":"status-publish","4":"has-post-thumbnail","6":"product_cat-colliers-pour-femmes-remember-dsh-4000","7":"product_cat-pour-elle","8":"pa_inhoud-n-a-fr","9":"pa_kleur-brun-dore","11":"first","12":"instock","13":"purchasable","14":"product-type-simple"},"yoast_head":"<!-- This site is optimized with the Yoast SEO Premium plugin v27.5 (Yoast SEO v27.5) - https:\/\/yoast.com\/product\/yoast-seo-premium-wordpress\/ -->\n<title>cendre-bijoux-cheveux avant avec des cendres de cr\u00e9mation ou des cheveux comme un pr\u00e9cieux souvenir pour toujours<\/title>\n<meta name=\"description\" content=\"Ashes-de-a-Stones pour elle avec cr\u00e9mation Cendres ou cheveux d\u2019un \u00eatre cher d\u00e9c\u00e9d\u00e9 \u00e0 avoir pr\u00e8s de lui ou elle et les porter comme un pr\u00e9cieux souvenir\" \/>\n<meta name=\"robots\" content=\"index, follow, max-snippet:-1, max-image-preview:large, max-video-preview:-1\" \/>\n<link rel=\"canonical\" href=\"https:\/\/crematieasinglas.nl\/produit\/dsh4003-dames-halssieraad-met-crematie-as-of-haartjes\/\" \/>\n<meta property=\"og:locale\" content=\"fr_FR\" \/>\n<meta property=\"og:type\" content=\"article\" \/>\n<meta property=\"og:title\" content=\"DSH4003 | Collier pour dames avec cr\u00e9mation cendres ou cheveux\" \/>\n<meta property=\"og:description\" content=\"Ashes-de-a-Stones pour elle avec cr\u00e9mation Cendres ou cheveux d\u2019un \u00eatre cher d\u00e9c\u00e9d\u00e9 \u00e0 avoir pr\u00e8s de lui ou elle et les porter comme un pr\u00e9cieux souvenir\" \/>\n<meta property=\"og:url\" content=\"https:\/\/crematieasinglas.nl\/produit\/dsh4003-dames-halssieraad-met-crematie-as-of-haartjes\/\" \/>\n<meta property=\"og:site_name\" content=\"Winkel voor Crematie-as in glas\" \/>\n<meta property=\"og:image\" content=\"https:\/\/crematieasinglas.nl\/wp-content\/uploads\/2025\/01\/crematie-as-sieraad-dames-hanger-ketting-ster-haartjes-rvs-goud-glas-1-dsh4003.jpg\" \/>\n\t<meta property=\"og:image:width\" content=\"650\" \/>\n\t<meta property=\"og:image:height\" content=\"942\" \/>\n\t<meta property=\"og:image:type\" content=\"image\/jpeg\" \/>\n<meta name=\"twitter:card\" content=\"summary_large_image\" \/>\n<meta name=\"twitter:label1\" content=\"Dur\u00e9e de lecture estim\u00e9e\" \/>\n\t<meta name=\"twitter:data1\" content=\"4 minutes\" \/>\n<script type=\"application\/ld+json\" class=\"yoast-schema-graph\">{\"@context\":\"https:\\\/\\\/schema.org\",\"@graph\":[{\"@type\":\"WebPage\",\"@id\":\"https:\\\/\\\/crematieasinglas.nl\\\/produit\\\/dsh4003-dames-halssieraad-met-crematie-as-of-haartjes\\\/\",\"url\":\"https:\\\/\\\/crematieasinglas.nl\\\/produit\\\/dsh4003-dames-halssieraad-met-crematie-as-of-haartjes\\\/\",\"name\":\"cendre-bijoux-cheveux avant avec des cendres de cr\u00e9mation ou des cheveux comme un pr\u00e9cieux souvenir pour toujours\",\"isPartOf\":{\"@id\":\"https:\\\/\\\/crematieasinglas.nl\\\/#website\"},\"primaryImageOfPage\":{\"@id\":\"https:\\\/\\\/crematieasinglas.nl\\\/produit\\\/dsh4003-dames-halssieraad-met-crematie-as-of-haartjes\\\/#primaryimage\"},\"image\":{\"@id\":\"https:\\\/\\\/crematieasinglas.nl\\\/produit\\\/dsh4003-dames-halssieraad-met-crematie-as-of-haartjes\\\/#primaryimage\"},\"thumbnailUrl\":\"https:\\\/\\\/crematieasinglas.nl\\\/wp-content\\\/uploads\\\/2025\\\/01\\\/crematie-as-sieraad-dames-hanger-ketting-ster-haartjes-rvs-goud-glas-1-dsh4003.jpg\",\"datePublished\":\"2025-05-10T12:10:28+00:00\",\"description\":\"Ashes-de-a-Stones pour elle avec cr\u00e9mation Cendres ou cheveux d\u2019un \u00eatre cher d\u00e9c\u00e9d\u00e9 \u00e0 avoir pr\u00e8s de lui ou elle et les porter comme un pr\u00e9cieux souvenir\",\"breadcrumb\":{\"@id\":\"https:\\\/\\\/crematieasinglas.nl\\\/produit\\\/dsh4003-dames-halssieraad-met-crematie-as-of-haartjes\\\/#breadcrumb\"},\"inLanguage\":\"fr-FR\",\"potentialAction\":[{\"@type\":\"ReadAction\",\"target\":[\"https:\\\/\\\/crematieasinglas.nl\\\/produit\\\/dsh4003-dames-halssieraad-met-crematie-as-of-haartjes\\\/\"]}]},{\"@type\":\"ImageObject\",\"inLanguage\":\"fr-FR\",\"@id\":\"https:\\\/\\\/crematieasinglas.nl\\\/produit\\\/dsh4003-dames-halssieraad-met-crematie-as-of-haartjes\\\/#primaryimage\",\"url\":\"https:\\\/\\\/crematieasinglas.nl\\\/wp-content\\\/uploads\\\/2025\\\/01\\\/crematie-as-sieraad-dames-hanger-ketting-ster-haartjes-rvs-goud-glas-1-dsh4003.jpg\",\"contentUrl\":\"https:\\\/\\\/crematieasinglas.nl\\\/wp-content\\\/uploads\\\/2025\\\/01\\\/crematie-as-sieraad-dames-hanger-ketting-ster-haartjes-rvs-goud-glas-1-dsh4003.jpg\",\"width\":650,\"height\":942},{\"@type\":\"BreadcrumbList\",\"@id\":\"https:\\\/\\\/crematieasinglas.nl\\\/produit\\\/dsh4003-dames-halssieraad-met-crematie-as-of-haartjes\\\/#breadcrumb\",\"itemListElement\":[{\"@type\":\"ListItem\",\"position\":1,\"name\":\"Home\",\"item\":\"https:\\\/\\\/crematieasinglas.nl\\\/\"},{\"@type\":\"ListItem\",\"position\":2,\"name\":\"Boutique\",\"item\":\"https:\\\/\\\/crematieasinglas.nl\\\/fr\\\/boutique\\\/\"},{\"@type\":\"ListItem\",\"position\":3,\"name\":\"DSH4003 | Collier pour dames avec cr\u00e9mation cendres ou cheveux\"}]},{\"@type\":\"WebSite\",\"@id\":\"https:\\\/\\\/crematieasinglas.nl\\\/#website\",\"url\":\"https:\\\/\\\/crematieasinglas.nl\\\/\",\"name\":\"Winkel voor Crematie-as in glas\",\"description\":\"Een winkel voor crematieasinglas.nl\",\"publisher\":{\"@id\":\"https:\\\/\\\/crematieasinglas.nl\\\/#organization\"},\"potentialAction\":[{\"@type\":\"SearchAction\",\"target\":{\"@type\":\"EntryPoint\",\"urlTemplate\":\"https:\\\/\\\/crematieasinglas.nl\\\/?s={search_term_string}\"},\"query-input\":{\"@type\":\"PropertyValueSpecification\",\"valueRequired\":true,\"valueName\":\"search_term_string\"}}],\"inLanguage\":\"fr-FR\"},{\"@type\":\"Organization\",\"@id\":\"https:\\\/\\\/crematieasinglas.nl\\\/#organization\",\"name\":\"Dierbaarasinglas.nl\",\"alternateName\":\"Crematieasinglas.nl\",\"url\":\"https:\\\/\\\/crematieasinglas.nl\\\/\",\"logo\":{\"@type\":\"ImageObject\",\"inLanguage\":\"fr-FR\",\"@id\":\"https:\\\/\\\/crematieasinglas.nl\\\/#\\\/schema\\\/logo\\\/image\\\/\",\"url\":\"https:\\\/\\\/crematieasinglas.nl\\\/wp-content\\\/uploads\\\/2024\\\/10\\\/logo-02-playfair-googlefont-met-hartje-02.png\",\"contentUrl\":\"https:\\\/\\\/crematieasinglas.nl\\\/wp-content\\\/uploads\\\/2024\\\/10\\\/logo-02-playfair-googlefont-met-hartje-02.png\",\"width\":582,\"height\":136,\"caption\":\"Dierbaarasinglas.nl\"},\"image\":{\"@id\":\"https:\\\/\\\/crematieasinglas.nl\\\/#\\\/schema\\\/logo\\\/image\\\/\"}}]}<\/script>\n<!-- \/ Yoast SEO Premium plugin. -->","yoast_head_json":{"title":"cendre-bijoux-cheveux avant avec des cendres de cr\u00e9mation ou des cheveux comme un pr\u00e9cieux souvenir pour toujours","description":"Ashes-de-a-Stones pour elle avec cr\u00e9mation Cendres ou cheveux d\u2019un \u00eatre cher d\u00e9c\u00e9d\u00e9 \u00e0 avoir pr\u00e8s de lui ou elle et les porter comme un pr\u00e9cieux souvenir","robots":{"index":"index","follow":"follow","max-snippet":"max-snippet:-1","max-image-preview":"max-image-preview:large","max-video-preview":"max-video-preview:-1"},"canonical":"https:\/\/crematieasinglas.nl\/produit\/dsh4003-dames-halssieraad-met-crematie-as-of-haartjes\/","og_locale":"fr_FR","og_type":"article","og_title":"DSH4003 | Collier pour dames avec cr\u00e9mation cendres ou cheveux","og_description":"Ashes-de-a-Stones pour elle avec cr\u00e9mation Cendres ou cheveux d\u2019un \u00eatre cher d\u00e9c\u00e9d\u00e9 \u00e0 avoir pr\u00e8s de lui ou elle et les porter comme un pr\u00e9cieux souvenir","og_url":"https:\/\/crematieasinglas.nl\/produit\/dsh4003-dames-halssieraad-met-crematie-as-of-haartjes\/","og_site_name":"Winkel voor Crematie-as in glas","og_image":[{"width":650,"height":942,"url":"https:\/\/crematieasinglas.nl\/wp-content\/uploads\/2025\/01\/crematie-as-sieraad-dames-hanger-ketting-ster-haartjes-rvs-goud-glas-1-dsh4003.jpg","type":"image\/jpeg"}],"twitter_card":"summary_large_image","twitter_misc":{"Dur\u00e9e de lecture estim\u00e9e":"4 minutes"},"schema":{"@context":"https:\/\/schema.org","@graph":[{"@type":"WebPage","@id":"https:\/\/crematieasinglas.nl\/produit\/dsh4003-dames-halssieraad-met-crematie-as-of-haartjes\/","url":"https:\/\/crematieasinglas.nl\/produit\/dsh4003-dames-halssieraad-met-crematie-as-of-haartjes\/","name":"cendre-bijoux-cheveux avant avec des cendres de cr\u00e9mation ou des cheveux comme un pr\u00e9cieux souvenir pour toujours","isPartOf":{"@id":"https:\/\/crematieasinglas.nl\/#website"},"primaryImageOfPage":{"@id":"https:\/\/crematieasinglas.nl\/produit\/dsh4003-dames-halssieraad-met-crematie-as-of-haartjes\/#primaryimage"},"image":{"@id":"https:\/\/crematieasinglas.nl\/produit\/dsh4003-dames-halssieraad-met-crematie-as-of-haartjes\/#primaryimage"},"thumbnailUrl":"https:\/\/crematieasinglas.nl\/wp-content\/uploads\/2025\/01\/crematie-as-sieraad-dames-hanger-ketting-ster-haartjes-rvs-goud-glas-1-dsh4003.jpg","datePublished":"2025-05-10T12:10:28+00:00","description":"Ashes-de-a-Stones pour elle avec cr\u00e9mation Cendres ou cheveux d\u2019un \u00eatre cher d\u00e9c\u00e9d\u00e9 \u00e0 avoir pr\u00e8s de lui ou elle et les porter comme un pr\u00e9cieux souvenir","breadcrumb":{"@id":"https:\/\/crematieasinglas.nl\/produit\/dsh4003-dames-halssieraad-met-crematie-as-of-haartjes\/#breadcrumb"},"inLanguage":"fr-FR","potentialAction":[{"@type":"ReadAction","target":["https:\/\/crematieasinglas.nl\/produit\/dsh4003-dames-halssieraad-met-crematie-as-of-haartjes\/"]}]},{"@type":"ImageObject","inLanguage":"fr-FR","@id":"https:\/\/crematieasinglas.nl\/produit\/dsh4003-dames-halssieraad-met-crematie-as-of-haartjes\/#primaryimage","url":"https:\/\/crematieasinglas.nl\/wp-content\/uploads\/2025\/01\/crematie-as-sieraad-dames-hanger-ketting-ster-haartjes-rvs-goud-glas-1-dsh4003.jpg","contentUrl":"https:\/\/crematieasinglas.nl\/wp-content\/uploads\/2025\/01\/crematie-as-sieraad-dames-hanger-ketting-ster-haartjes-rvs-goud-glas-1-dsh4003.jpg","width":650,"height":942},{"@type":"BreadcrumbList","@id":"https:\/\/crematieasinglas.nl\/produit\/dsh4003-dames-halssieraad-met-crematie-as-of-haartjes\/#breadcrumb","itemListElement":[{"@type":"ListItem","position":1,"name":"Home","item":"https:\/\/crematieasinglas.nl\/"},{"@type":"ListItem","position":2,"name":"Boutique","item":"https:\/\/crematieasinglas.nl\/fr\/boutique\/"},{"@type":"ListItem","position":3,"name":"DSH4003 | Collier pour dames avec cr\u00e9mation cendres ou cheveux"}]},{"@type":"WebSite","@id":"https:\/\/crematieasinglas.nl\/#website","url":"https:\/\/crematieasinglas.nl\/","name":"Winkel voor Crematie-as in glas","description":"Een winkel voor crematieasinglas.nl","publisher":{"@id":"https:\/\/crematieasinglas.nl\/#organization"},"potentialAction":[{"@type":"SearchAction","target":{"@type":"EntryPoint","urlTemplate":"https:\/\/crematieasinglas.nl\/?s={search_term_string}"},"query-input":{"@type":"PropertyValueSpecification","valueRequired":true,"valueName":"search_term_string"}}],"inLanguage":"fr-FR"},{"@type":"Organization","@id":"https:\/\/crematieasinglas.nl\/#organization","name":"Dierbaarasinglas.nl","alternateName":"Crematieasinglas.nl","url":"https:\/\/crematieasinglas.nl\/","logo":{"@type":"ImageObject","inLanguage":"fr-FR","@id":"https:\/\/crematieasinglas.nl\/#\/schema\/logo\/image\/","url":"https:\/\/crematieasinglas.nl\/wp-content\/uploads\/2024\/10\/logo-02-playfair-googlefont-met-hartje-02.png","contentUrl":"https:\/\/crematieasinglas.nl\/wp-content\/uploads\/2024\/10\/logo-02-playfair-googlefont-met-hartje-02.png","width":582,"height":136,"caption":"Dierbaarasinglas.nl"},"image":{"@id":"https:\/\/crematieasinglas.nl\/#\/schema\/logo\/image\/"}}]}},"_links":{"self":[{"href":"https:\/\/crematieasinglas.nl\/fr\/wp-json\/wp\/v2\/product\/19939","targetHints":{"allow":["GET"]}}],"collection":[{"href":"https:\/\/crematieasinglas.nl\/fr\/wp-json\/wp\/v2\/product"}],"about":[{"href":"https:\/\/crematieasinglas.nl\/fr\/wp-json\/wp\/v2\/types\/product"}],"replies":[{"embeddable":true,"href":"https:\/\/crematieasinglas.nl\/fr\/wp-json\/wp\/v2\/comments?post=19939"}],"wp:featuredmedia":[{"embeddable":true,"href":"https:\/\/crematieasinglas.nl\/fr\/wp-json\/wp\/v2\/media\/15233"}],"wp:attachment":[{"href":"https:\/\/crematieasinglas.nl\/fr\/wp-json\/wp\/v2\/media?parent=19939"}],"wp:term":[{"taxonomy":"product_brand","embeddable":true,"href":"https:\/\/crematieasinglas.nl\/fr\/wp-json\/wp\/v2\/product_brand?post=19939"},{"taxonomy":"product_cat","embeddable":true,"href":"https:\/\/crematieasinglas.nl\/fr\/wp-json\/wp\/v2\/product_cat?post=19939"},{"taxonomy":"product_tag","embeddable":true,"href":"https:\/\/crematieasinglas.nl\/fr\/wp-json\/wp\/v2\/product_tag?post=19939"}],"curies":[{"name":"wp","href":"https:\/\/api.w.org\/{rel}","templated":true}]}}