{"id":19931,"date":"2025-05-16T08:03:22","date_gmt":"2025-05-16T08:03:22","guid":{"rendered":"https:\/\/ebdxvyckeo.onrocket.site\/product\/dsh4018-collier-pour-dames-avec-cendres-de-cremation\/"},"modified":"2025-05-16T08:03:22","modified_gmt":"2025-05-16T08:03:22","slug":"dsh4018-collier-pour-dames-avec-cendres-de-cremation","status":"publish","type":"product","link":"https:\/\/crematieasinglas.nl\/fr\/produit\/dsh4018-collier-pour-dames-avec-cendres-de-cremation\/","title":{"rendered":"DSH4018 | Collier pour dames avec cendres de cr\u00e9mation"},"content":{"rendered":"<p data-pm-slice=\"1 1 []\"><strong>Cl\u00e9 de produit :<\/strong><br \/>\n DSH4018<strong>Collection&nbsp;:<\/strong> Pour elle<br \/>\n<strong>Cat\u00e9gorie&nbsp;:<\/strong> Colliers<br \/>\n femme<strong>D\u00e9lai de livraison&nbsp;:<\/strong> 8 jours ouvrables apr\u00e8s r\u00e9ception des cendres de cr\u00e9mation<\/p>\n<div>\n<hr>\n<\/div>\n<h2>Collier pour dames avec cr\u00e9mation cendres ou cheveux<\/h2>\n<p>Ce collier pour femme avec des cendres de cr\u00e9mation ou des cheveux est un bijou comm\u00e9moratif fait \u00e0 la main en verre. Dans le c\u0153ur en verre, les cendres de cr\u00e9mation sont visiblement fusionn\u00e9es. Le jeu de couleurs des \u00ab&nbsp;multicolores scintillants&nbsp;\u00bb en fait un souvenir subtil et \u00e9l\u00e9gant pour ceux qui veulent toujours porter leur bien-aim\u00e9 \u00e0 proximit\u00e9.  <\/p>\n<p>J\u2019attache le c\u0153ur en verre avec un syst\u00e8me de vis robuste \u00e0 un pendentif en argent 925. Je livre ce bijou sans collier en standard. Vous pr\u00e9f\u00e9rez avoir un collier en or 14 carats (blanc) ou en argent inoxydable ? Dans ce cas, cela est possible en consultation et moyennant des frais suppl\u00e9mentaires.   <\/p>\n<div>\n<hr>\n<\/div>\n<h2>Sp\u00e9cifications<\/h2>\n<ul data-spread=\"false\">\n<li>Hauteur : 2 cm<\/li>\n<li>Largeur&nbsp;: 1,5 cm<\/li>\n<li>Profondeur : 1,5 cm<\/li>\n<li>Couleur&nbsp;: Multicolore scintillant<\/li>\n<li>Mat\u00e9riau : Verre (qualit\u00e9 Murano), argent 925<\/li>\n<li>Contenu : N\/A (les cendres sont fusionn\u00e9es dans le verre)<\/li>\n<\/ul>\n<div>\n<hr>\n<\/div>\n<h2>Unique et fabriqu\u00e9 avec soin<\/h2>\n<p>Je fabrique tous les colliers pour femmes avec des cendres de cr\u00e9mation ou des cheveux enti\u00e8rement \u00e0 la main dans mon atelier. Cela rend chaque pi\u00e8ce unique. Gr\u00e2ce \u00e0 des ann\u00e9es d\u2019exp\u00e9rience, les r\u00e9sultats finaux sont fiables et comparables \u00e0 l\u2019exemple de la photo. Veuillez noter que les tons de couleur peuvent varier l\u00e9g\u00e8rement d\u2019un \u00e9cran \u00e0 l\u2019autre.   <\/p>\n<p>Je traite toujours vos cendres de cr\u00e9mation s\u00e9par\u00e9ment, avec respect et dans un environnement de travail propre. Cela permet de s\u2019assurer que les cendres de votre proche sont trait\u00e9es avec le plus grand soin. <\/p>\n<div>\n<hr>\n<\/div>\n<h2>Livraison et exp\u00e9dition<\/h2>\n<p>Apr\u00e8s avoir pass\u00e9 votre commande, je vous contacterai par e-mail. Vous recevrez alors : <\/p>\n<ul data-spread=\"false\">\n<li>Une \u00e9tiquette d\u2019exp\u00e9dition num\u00e9rique gratuite (pour les clients aux Pays-Bas)<\/li>\n<li>Une lettre d\u2019information claire sur l\u2019envoi des cendres de cr\u00e9mation (environ deux cuill\u00e8res \u00e0 caf\u00e9 suffisent)<\/li>\n<\/ul>\n<p>Pour les clients en dehors des Pays-Bas, il n\u2019est pas possible de cr\u00e9er une \u00e9tiquette d\u2019exp\u00e9dition. Dans ce cas, je serai heureux de vous conseiller sur la s\u00e9curit\u00e9 de l\u2019exp\u00e9dition depuis l\u2019\u00e9tranger. <\/p>\n<p>J\u2019enverrai vos bijoux comm\u00e9moratifs gratuitement apr\u00e8s le traitement. La livraison se fait via un colis bo\u00eete aux lettres DHL tra\u00e7able qui me est livr\u00e9 directement. Dans l\u2019e-mail ci-joint, vous trouverez \u00e9galement :  <\/p>\n<ul data-spread=\"false\">\n<li>Les bonnes dimensions pour le colis bo\u00eete aux lettres<\/li>\n<li>Informations sur le point de d\u00e9p\u00f4t DHL le plus proche de chez vous<\/li>\n<\/ul>\n<p>Pr\u00e9f\u00e9rez-vous apporter les cendres de cr\u00e9mation en personne&nbsp;? C\u2019est possible. Vous pouvez facilement prendre rendez-vous pour cela via l\u2019agenda en ligne sur <a href=\"https:\/\/www.crematieasinglas.nl\/\">www.crematieasinglas.nl<\/a>  <\/p>\n<div>\n<hr>\n<\/div>\n<p>Un souvenir pr\u00e9cieux, fait avec amour \u2013 \u00e0 jamais proche.<\/p>\n<hr class=\"\" data-start=\"2598\" data-end=\"2601\">\n<div style=\"width: 1170px;\" class=\"wp-video\"><video class=\"wp-video-shortcode\" id=\"video-19931-1\" width=\"1170\" height=\"616\" preload=\"metadata\" controls=\"controls\"><source type=\"video\/mp4\" src=\"https:\/\/crematieasinglas.nl\/wp-content\/uploads\/2025\/05\/crematie-as-sieraad-dames-hanger-hartje-glas-sparkling-video-dsh4018.mp4?_=1\" \/><a href=\"https:\/\/crematieasinglas.nl\/wp-content\/uploads\/2025\/05\/crematie-as-sieraad-dames-hanger-hartje-glas-sparkling-video-dsh4018.mp4\">https:\/\/crematieasinglas.nl\/wp-content\/uploads\/2025\/05\/crematie-as-sieraad-dames-hanger-hartje-glas-sparkling-video-dsh4018.mp4<\/a><\/video><\/div>\n","protected":false},"excerpt":{"rendered":"<p>Un collier comm\u00e9moratif pour femme avec des cendres de cr\u00e9mation est une fa\u00e7on \u00e9l\u00e9gante de porter un \u00eatre cher pr\u00e8s de vous. Avec un design personnalis\u00e9 qui rappelle de pr\u00e9cieux souvenirs. <\/p>\n","protected":false},"featured_media":18221,"comment_status":"closed","ping_status":"closed","template":"","meta":[],"product_brand":[],"product_cat":[969,912],"product_tag":[],"class_list":{"0":"post-19931","1":"product","2":"type-product","3":"status-publish","4":"has-post-thumbnail","6":"product_cat-colliers-pour-femmes-remember-dsh-4000","7":"product_cat-pour-elle","8":"pa_inhoud-n-a-fr","9":"pa_kleur-or-transparent","11":"first","12":"instock","13":"purchasable","14":"product-type-simple"},"yoast_head":"<!-- This site is optimized with the Yoast SEO Premium plugin v27.5 (Yoast SEO v27.5) - https:\/\/yoast.com\/product\/yoast-seo-premium-wordpress\/ -->\n<title>Collier femme avec cr\u00e9mation cendres ou cheveux \u2013 c\u0153ur de verre<\/title>\n<meta name=\"description\" content=\"Collier pour femme fait \u00e0 la main avec des cendres de cr\u00e9mation ou des cheveux. Un c\u0153ur en verre comme souvenir durable d\u2019un \u00eatre cher, fait avec amour.\" \/>\n<meta name=\"robots\" content=\"index, follow, max-snippet:-1, max-image-preview:large, max-video-preview:-1\" \/>\n<link rel=\"canonical\" href=\"https:\/\/crematieasinglas.nl\/fr\/produit\/dsh4018-collier-pour-dames-avec-cendres-de-cremation\/\" \/>\n<meta property=\"og:locale\" content=\"fr_FR\" \/>\n<meta property=\"og:type\" content=\"article\" \/>\n<meta property=\"og:title\" content=\"DSH4018 | Collier pour dames avec cendres de cr\u00e9mation\" \/>\n<meta property=\"og:description\" content=\"Collier pour femme fait \u00e0 la main avec des cendres de cr\u00e9mation ou des cheveux. Un c\u0153ur en verre comme souvenir durable d\u2019un \u00eatre cher, fait avec amour.\" \/>\n<meta property=\"og:url\" content=\"https:\/\/crematieasinglas.nl\/fr\/produit\/dsh4018-collier-pour-dames-avec-cendres-de-cremation\/\" \/>\n<meta property=\"og:site_name\" content=\"Winkel voor Crematie-as in glas\" \/>\n<meta property=\"og:image\" content=\"https:\/\/crematieasinglas.nl\/wp-content\/uploads\/2025\/05\/crematie-as-sieraad-dames-hanger-hartje-glas-sparkling-1-dsh4018.jpg\" \/>\n\t<meta property=\"og:image:width\" content=\"1000\" \/>\n\t<meta property=\"og:image:height\" content=\"667\" \/>\n\t<meta property=\"og:image:type\" content=\"image\/jpeg\" \/>\n<meta name=\"twitter:card\" content=\"summary_large_image\" \/>\n<meta name=\"twitter:label1\" content=\"Dur\u00e9e de lecture estim\u00e9e\" \/>\n\t<meta name=\"twitter:data1\" content=\"3 minutes\" \/>\n<script type=\"application\/ld+json\" class=\"yoast-schema-graph\">{\"@context\":\"https:\\\/\\\/schema.org\",\"@graph\":[{\"@type\":\"WebPage\",\"@id\":\"https:\\\/\\\/crematieasinglas.nl\\\/fr\\\/produit\\\/dsh4018-collier-pour-dames-avec-cendres-de-cremation\\\/\",\"url\":\"https:\\\/\\\/crematieasinglas.nl\\\/fr\\\/produit\\\/dsh4018-collier-pour-dames-avec-cendres-de-cremation\\\/\",\"name\":\"Collier femme avec cr\u00e9mation cendres ou cheveux \u2013 c\u0153ur de verre\",\"isPartOf\":{\"@id\":\"https:\\\/\\\/crematieasinglas.nl\\\/#website\"},\"primaryImageOfPage\":{\"@id\":\"https:\\\/\\\/crematieasinglas.nl\\\/fr\\\/produit\\\/dsh4018-collier-pour-dames-avec-cendres-de-cremation\\\/#primaryimage\"},\"image\":{\"@id\":\"https:\\\/\\\/crematieasinglas.nl\\\/fr\\\/produit\\\/dsh4018-collier-pour-dames-avec-cendres-de-cremation\\\/#primaryimage\"},\"thumbnailUrl\":\"https:\\\/\\\/crematieasinglas.nl\\\/wp-content\\\/uploads\\\/2025\\\/05\\\/crematie-as-sieraad-dames-hanger-hartje-glas-sparkling-1-dsh4018.jpg\",\"datePublished\":\"2025-05-16T08:03:22+00:00\",\"description\":\"Collier pour femme fait \u00e0 la main avec des cendres de cr\u00e9mation ou des cheveux. Un c\u0153ur en verre comme souvenir durable d\u2019un \u00eatre cher, fait avec amour.\",\"breadcrumb\":{\"@id\":\"https:\\\/\\\/crematieasinglas.nl\\\/fr\\\/produit\\\/dsh4018-collier-pour-dames-avec-cendres-de-cremation\\\/#breadcrumb\"},\"inLanguage\":\"fr-FR\",\"potentialAction\":[{\"@type\":\"ReadAction\",\"target\":[\"https:\\\/\\\/crematieasinglas.nl\\\/fr\\\/produit\\\/dsh4018-collier-pour-dames-avec-cendres-de-cremation\\\/\"]}]},{\"@type\":\"ImageObject\",\"inLanguage\":\"fr-FR\",\"@id\":\"https:\\\/\\\/crematieasinglas.nl\\\/fr\\\/produit\\\/dsh4018-collier-pour-dames-avec-cendres-de-cremation\\\/#primaryimage\",\"url\":\"https:\\\/\\\/crematieasinglas.nl\\\/wp-content\\\/uploads\\\/2025\\\/05\\\/crematie-as-sieraad-dames-hanger-hartje-glas-sparkling-1-dsh4018.jpg\",\"contentUrl\":\"https:\\\/\\\/crematieasinglas.nl\\\/wp-content\\\/uploads\\\/2025\\\/05\\\/crematie-as-sieraad-dames-hanger-hartje-glas-sparkling-1-dsh4018.jpg\",\"width\":1000,\"height\":667,\"caption\":\"Glazen hartje met crematie-as, handgemaakt gedenksieraad met glinsterend meerkleurig glas aan een zilverkleurige hanger. \u2022 Glass heart pendant with cremation ashes, handmade memorial jewellery with sparkling multicoloured glass and a silver-coloured bail. \u2022 Herzanh\u00e4nger aus Glas mit Asche, handgefertigtes Andenken mit schimmerndem, mehrfarbigem Glas und silberfarbener \u00d6se.\"},{\"@type\":\"BreadcrumbList\",\"@id\":\"https:\\\/\\\/crematieasinglas.nl\\\/fr\\\/produit\\\/dsh4018-collier-pour-dames-avec-cendres-de-cremation\\\/#breadcrumb\",\"itemListElement\":[{\"@type\":\"ListItem\",\"position\":1,\"name\":\"Home\",\"item\":\"https:\\\/\\\/crematieasinglas.nl\\\/\"},{\"@type\":\"ListItem\",\"position\":2,\"name\":\"Boutique\",\"item\":\"https:\\\/\\\/crematieasinglas.nl\\\/fr\\\/boutique\\\/\"},{\"@type\":\"ListItem\",\"position\":3,\"name\":\"DSH4018 | Collier pour dames avec cendres de cr\u00e9mation\"}]},{\"@type\":\"WebSite\",\"@id\":\"https:\\\/\\\/crematieasinglas.nl\\\/#website\",\"url\":\"https:\\\/\\\/crematieasinglas.nl\\\/\",\"name\":\"Winkel voor Crematie-as in glas\",\"description\":\"Een winkel voor crematieasinglas.nl\",\"publisher\":{\"@id\":\"https:\\\/\\\/crematieasinglas.nl\\\/#organization\"},\"potentialAction\":[{\"@type\":\"SearchAction\",\"target\":{\"@type\":\"EntryPoint\",\"urlTemplate\":\"https:\\\/\\\/crematieasinglas.nl\\\/?s={search_term_string}\"},\"query-input\":{\"@type\":\"PropertyValueSpecification\",\"valueRequired\":true,\"valueName\":\"search_term_string\"}}],\"inLanguage\":\"fr-FR\"},{\"@type\":\"Organization\",\"@id\":\"https:\\\/\\\/crematieasinglas.nl\\\/#organization\",\"name\":\"Dierbaarasinglas.nl\",\"alternateName\":\"Crematieasinglas.nl\",\"url\":\"https:\\\/\\\/crematieasinglas.nl\\\/\",\"logo\":{\"@type\":\"ImageObject\",\"inLanguage\":\"fr-FR\",\"@id\":\"https:\\\/\\\/crematieasinglas.nl\\\/#\\\/schema\\\/logo\\\/image\\\/\",\"url\":\"https:\\\/\\\/crematieasinglas.nl\\\/wp-content\\\/uploads\\\/2024\\\/10\\\/logo-02-playfair-googlefont-met-hartje-02.png\",\"contentUrl\":\"https:\\\/\\\/crematieasinglas.nl\\\/wp-content\\\/uploads\\\/2024\\\/10\\\/logo-02-playfair-googlefont-met-hartje-02.png\",\"width\":582,\"height\":136,\"caption\":\"Dierbaarasinglas.nl\"},\"image\":{\"@id\":\"https:\\\/\\\/crematieasinglas.nl\\\/#\\\/schema\\\/logo\\\/image\\\/\"}}]}<\/script>\n<!-- \/ Yoast SEO Premium plugin. -->","yoast_head_json":{"title":"Collier femme avec cr\u00e9mation cendres ou cheveux \u2013 c\u0153ur de verre","description":"Collier pour femme fait \u00e0 la main avec des cendres de cr\u00e9mation ou des cheveux. Un c\u0153ur en verre comme souvenir durable d\u2019un \u00eatre cher, fait avec amour.","robots":{"index":"index","follow":"follow","max-snippet":"max-snippet:-1","max-image-preview":"max-image-preview:large","max-video-preview":"max-video-preview:-1"},"canonical":"https:\/\/crematieasinglas.nl\/fr\/produit\/dsh4018-collier-pour-dames-avec-cendres-de-cremation\/","og_locale":"fr_FR","og_type":"article","og_title":"DSH4018 | Collier pour dames avec cendres de cr\u00e9mation","og_description":"Collier pour femme fait \u00e0 la main avec des cendres de cr\u00e9mation ou des cheveux. Un c\u0153ur en verre comme souvenir durable d\u2019un \u00eatre cher, fait avec amour.","og_url":"https:\/\/crematieasinglas.nl\/fr\/produit\/dsh4018-collier-pour-dames-avec-cendres-de-cremation\/","og_site_name":"Winkel voor Crematie-as in glas","og_image":[{"width":1000,"height":667,"url":"https:\/\/crematieasinglas.nl\/wp-content\/uploads\/2025\/05\/crematie-as-sieraad-dames-hanger-hartje-glas-sparkling-1-dsh4018.jpg","type":"image\/jpeg"}],"twitter_card":"summary_large_image","twitter_misc":{"Dur\u00e9e de lecture estim\u00e9e":"3 minutes"},"schema":{"@context":"https:\/\/schema.org","@graph":[{"@type":"WebPage","@id":"https:\/\/crematieasinglas.nl\/fr\/produit\/dsh4018-collier-pour-dames-avec-cendres-de-cremation\/","url":"https:\/\/crematieasinglas.nl\/fr\/produit\/dsh4018-collier-pour-dames-avec-cendres-de-cremation\/","name":"Collier femme avec cr\u00e9mation cendres ou cheveux \u2013 c\u0153ur de verre","isPartOf":{"@id":"https:\/\/crematieasinglas.nl\/#website"},"primaryImageOfPage":{"@id":"https:\/\/crematieasinglas.nl\/fr\/produit\/dsh4018-collier-pour-dames-avec-cendres-de-cremation\/#primaryimage"},"image":{"@id":"https:\/\/crematieasinglas.nl\/fr\/produit\/dsh4018-collier-pour-dames-avec-cendres-de-cremation\/#primaryimage"},"thumbnailUrl":"https:\/\/crematieasinglas.nl\/wp-content\/uploads\/2025\/05\/crematie-as-sieraad-dames-hanger-hartje-glas-sparkling-1-dsh4018.jpg","datePublished":"2025-05-16T08:03:22+00:00","description":"Collier pour femme fait \u00e0 la main avec des cendres de cr\u00e9mation ou des cheveux. Un c\u0153ur en verre comme souvenir durable d\u2019un \u00eatre cher, fait avec amour.","breadcrumb":{"@id":"https:\/\/crematieasinglas.nl\/fr\/produit\/dsh4018-collier-pour-dames-avec-cendres-de-cremation\/#breadcrumb"},"inLanguage":"fr-FR","potentialAction":[{"@type":"ReadAction","target":["https:\/\/crematieasinglas.nl\/fr\/produit\/dsh4018-collier-pour-dames-avec-cendres-de-cremation\/"]}]},{"@type":"ImageObject","inLanguage":"fr-FR","@id":"https:\/\/crematieasinglas.nl\/fr\/produit\/dsh4018-collier-pour-dames-avec-cendres-de-cremation\/#primaryimage","url":"https:\/\/crematieasinglas.nl\/wp-content\/uploads\/2025\/05\/crematie-as-sieraad-dames-hanger-hartje-glas-sparkling-1-dsh4018.jpg","contentUrl":"https:\/\/crematieasinglas.nl\/wp-content\/uploads\/2025\/05\/crematie-as-sieraad-dames-hanger-hartje-glas-sparkling-1-dsh4018.jpg","width":1000,"height":667,"caption":"Glazen hartje met crematie-as, handgemaakt gedenksieraad met glinsterend meerkleurig glas aan een zilverkleurige hanger. \u2022 Glass heart pendant with cremation ashes, handmade memorial jewellery with sparkling multicoloured glass and a silver-coloured bail. \u2022 Herzanh\u00e4nger aus Glas mit Asche, handgefertigtes Andenken mit schimmerndem, mehrfarbigem Glas und silberfarbener \u00d6se."},{"@type":"BreadcrumbList","@id":"https:\/\/crematieasinglas.nl\/fr\/produit\/dsh4018-collier-pour-dames-avec-cendres-de-cremation\/#breadcrumb","itemListElement":[{"@type":"ListItem","position":1,"name":"Home","item":"https:\/\/crematieasinglas.nl\/"},{"@type":"ListItem","position":2,"name":"Boutique","item":"https:\/\/crematieasinglas.nl\/fr\/boutique\/"},{"@type":"ListItem","position":3,"name":"DSH4018 | Collier pour dames avec cendres de cr\u00e9mation"}]},{"@type":"WebSite","@id":"https:\/\/crematieasinglas.nl\/#website","url":"https:\/\/crematieasinglas.nl\/","name":"Winkel voor Crematie-as in glas","description":"Een winkel voor crematieasinglas.nl","publisher":{"@id":"https:\/\/crematieasinglas.nl\/#organization"},"potentialAction":[{"@type":"SearchAction","target":{"@type":"EntryPoint","urlTemplate":"https:\/\/crematieasinglas.nl\/?s={search_term_string}"},"query-input":{"@type":"PropertyValueSpecification","valueRequired":true,"valueName":"search_term_string"}}],"inLanguage":"fr-FR"},{"@type":"Organization","@id":"https:\/\/crematieasinglas.nl\/#organization","name":"Dierbaarasinglas.nl","alternateName":"Crematieasinglas.nl","url":"https:\/\/crematieasinglas.nl\/","logo":{"@type":"ImageObject","inLanguage":"fr-FR","@id":"https:\/\/crematieasinglas.nl\/#\/schema\/logo\/image\/","url":"https:\/\/crematieasinglas.nl\/wp-content\/uploads\/2024\/10\/logo-02-playfair-googlefont-met-hartje-02.png","contentUrl":"https:\/\/crematieasinglas.nl\/wp-content\/uploads\/2024\/10\/logo-02-playfair-googlefont-met-hartje-02.png","width":582,"height":136,"caption":"Dierbaarasinglas.nl"},"image":{"@id":"https:\/\/crematieasinglas.nl\/#\/schema\/logo\/image\/"}}]}},"_links":{"self":[{"href":"https:\/\/crematieasinglas.nl\/fr\/wp-json\/wp\/v2\/product\/19931","targetHints":{"allow":["GET"]}}],"collection":[{"href":"https:\/\/crematieasinglas.nl\/fr\/wp-json\/wp\/v2\/product"}],"about":[{"href":"https:\/\/crematieasinglas.nl\/fr\/wp-json\/wp\/v2\/types\/product"}],"replies":[{"embeddable":true,"href":"https:\/\/crematieasinglas.nl\/fr\/wp-json\/wp\/v2\/comments?post=19931"}],"wp:featuredmedia":[{"embeddable":true,"href":"https:\/\/crematieasinglas.nl\/fr\/wp-json\/wp\/v2\/media\/18221"}],"wp:attachment":[{"href":"https:\/\/crematieasinglas.nl\/fr\/wp-json\/wp\/v2\/media?parent=19931"}],"wp:term":[{"taxonomy":"product_brand","embeddable":true,"href":"https:\/\/crematieasinglas.nl\/fr\/wp-json\/wp\/v2\/product_brand?post=19931"},{"taxonomy":"product_cat","embeddable":true,"href":"https:\/\/crematieasinglas.nl\/fr\/wp-json\/wp\/v2\/product_cat?post=19931"},{"taxonomy":"product_tag","embeddable":true,"href":"https:\/\/crematieasinglas.nl\/fr\/wp-json\/wp\/v2\/product_tag?post=19931"}],"curies":[{"name":"wp","href":"https:\/\/api.w.org\/{rel}","templated":true}]}}