{"id":19918,"date":"2025-11-06T13:02:39","date_gmt":"2025-11-06T13:02:39","guid":{"rendered":"https:\/\/ebdxvyckeo.onrocket.site\/product\/mbha5004-bracelet-homme-operations-multiples\/"},"modified":"2025-06-22T10:04:54","modified_gmt":"2025-06-22T10:04:54","slug":"mbha5004-bracelet-homme-operations-multiples","status":"publish","type":"product","link":"https:\/\/crematieasinglas.nl\/fr\/produit\/mbha5004-bracelet-homme-operations-multiples\/","title":{"rendered":"MBHA5004 | Bracelet Homme Op\u00e9rations Multiples"},"content":{"rendered":"<p>Num\u00e9ro de code&nbsp;: MBHA5004<br \/>\nCollection&nbsp;: Pour lui<br \/>\nCat\u00e9gorie&nbsp;: Bracelets pour hommes \u00e0 traitement multiple<\/p>\n<h3>\n<h3>D\u00e9lai de livraison<\/h3>\n<h3>8 jours ouvrables, apr\u00e8s r\u00e9ception des cendres<\/h3>\n<\/h3>\n<p><strong>D\u00e9finition:<\/strong><br \/>\nAttention : ces bijoux comm\u00e9moratifs sont faits \u00e0 la main pour vous et ne peuvent pas \u00eatre remplis \u00e0 la maison.<br \/>\nDans ce bijou, les cendres de cr\u00e9mation et\/ou une m\u00e8che de cheveux sont trait\u00e9es en trois processus distincts et assortis. Le traitement a lieu dans mon studio avec soin, respect et la plus grande attention &#8211; les cendres de cr\u00e9mation et la m\u00e8che de cheveux sont trait\u00e9es s\u00e9par\u00e9ment et avec le plus grand soin, de sorte que vous pouvez \u00eatre totalement s\u00fbr que vos souvenirs sont entre de bonnes mains.<br \/>\nLes photos pr\u00e9sent\u00e9es montrent un exemple du r\u00e9sultat final, mais chaque bijou comm\u00e9moratif est unique. Les cendres et les poils de cr\u00e9mation peuvent varier en couleur et en texture par rapport au mod\u00e8le d\u2019\u00e9chantillon, assurant un r\u00e9sultat enti\u00e8rement personnalis\u00e9.<br \/>\nApr\u00e8s avoir command\u00e9, vous recevrez des instructions d\u2019exp\u00e9dition claires par e-mail. Apr\u00e8s avoir re\u00e7u les cendres de cr\u00e9mation et la m\u00e8che de cheveux, vos bijoux seront retourn\u00e9s avec soin apr\u00e8s 8 jours ouvrables par colis postal ou colis bo\u00eete aux lettres de DHL. Les cendres et\/ou les cheveux restants seront soigneusement entretenus et renvoy\u00e9s s\u00e9par\u00e9ment avec l\u2019envoi.    <\/p>\n<p><strong>Information:<\/strong><br \/>\nHauteur&nbsp;: 2cm<br \/>\nLargeur&nbsp;: sur<br \/>\nmesure Profondeur&nbsp;:<br \/>\nCouleur&nbsp;: noir\/argent<br \/>\nContenu&nbsp;: Aucun contenu &#8211; traitement des cendres de cr\u00e9mation\/m\u00e8che de cheveux<br \/>\nStock&nbsp;: 2 article en stock<\/p>\n<p><strong>Livraison:<\/strong><br \/>\nApr\u00e8s avoir pass\u00e9 votre commande du bracelet homme choisi avec 3 doubles traitements, je vous contacterai par email pour vous poser des questions sur la taille de votre tour de poignet. Je vais vous donner des conseils simples pour pouvoir transmettre une mesure correcte.   <\/p>\n<p>Apr\u00e8s avoir obtenu ces informations, je vous enverrai une \u00e9tiquette d&#8217;exp\u00e9dition num\u00e9rique gratuite (uniquement possible pour les adresses n\u00e9erlandaises), que vous pourrez utiliser pour m&#8217;envoyer les cendres de cr\u00e9mation et\/ou les cheveux (une quantit\u00e9 d&#8217;environ 2 cuill\u00e8res \u00e0 caf\u00e9 par cendre de cr\u00e9mation, et pour une m\u00e8che de cheveux, une longueur de 5 cm avec une \u00e9paisseur de crayon est suffisante). Pour les clients situ\u00e9s en dehors des Pays-Bas, il ne m&#8217;est pas possible de demander ce timbre, un timbre d&#8217;exp\u00e9dition \u00e9tranger pour m&#8217;envoyer les cendres de cr\u00e9mation ne peut donc pas \u00eatre rembours\u00e9.   <\/p>\n<p>Je voudrais vous donner des conseils sur la meilleure fa\u00e7on de m&#8217;envoyer les cendres de cr\u00e9mation\/la m\u00e8che de cheveux (\u00e9galement de l \u00ab \u00e9tranger). L \u00bb \u00e9tiquette d&#8217;exp\u00e9dition n\u00e9erlandaise est une \u00e9tiquette pour un colis postal de DHL qui arrive directement chez moi et dont vous pouvez suivre l&#8217;acheminement. Dans les 5 jours, vous pouvez d\u00e9poser gratuitement le colis contenant les cendres de cr\u00e9mation dans un point de d\u00e9p\u00f4t de DHL. Dans cet e-mail, je vous indiquerai \u00e9galement les dimensions que doit respecter le colis bo\u00eete aux lettres et le point de d\u00e9p\u00f4t le plus proche de chez vous.     <\/p>\n<p>\u00c0 ce jour, un transport s\u00fbr et tra\u00e7able a toujours \u00e9t\u00e9 garanti, mais nous ne pouvons pas assumer de responsabilit\u00e9 si cela tourne mal de mani\u00e8re inattendue avec le transporteur. Bien entendu, il est \u00e9galement possible de livrer les cendres de cr\u00e9mation sur rendez-vous dans notre salle d\u2019exposition \u00e0 Hoogakker 2E \u00e0 Hapert. Vous pouvez prendre rendez-vous pour cela sur notre site web crematieasinglas.nl. Apr\u00e8s avoir re\u00e7u les cendres de cr\u00e9mation\/m\u00e8che de cheveux, je travaillerai avec beaucoup de soin sur vos bijoux comm\u00e9moratifs.  <\/p>\n<p> <a href=\"https:\/\/crematieasinglas.nl\">site web crematieasinglas.nl<\/a><\/p>\n<p>:<br \/>\nhttps:\/\/crematieasinglas.nl\/media\/voor-hem\/meedere-bewerkingen-heren-armbanden\/<\/p>\n","protected":false},"excerpt":{"rendered":"<p>Bracelet pour homme \u00e0 traitement multiple<\/p>\n","protected":false},"featured_media":19922,"comment_status":"closed","ping_status":"open","template":"","meta":[],"product_brand":[],"product_cat":[531,530],"product_tag":[],"class_list":{"0":"post-19918","1":"product","2":"type-product","3":"status-publish","4":"has-post-thumbnail","6":"product_cat-bracelets-pour-hommes-a-traitement-multiple","7":"product_cat-pour-lui","8":"pa_inhoud-pas-de-contenu-traitement-des-cendres-de-cremation-meche-de-cheveux","9":"pa_kleur-noir-argent","11":"first","12":"instock","13":"purchasable","14":"product-type-simple"},"yoast_head":"<!-- This site is optimized with the Yoast SEO Premium plugin v27.5 (Yoast SEO v27.5) - https:\/\/yoast.com\/product\/yoast-seo-premium-wordpress\/ -->\n<title>MBHA5004 | Bracelet Homme Op\u00e9rations Multiples - Winkel voor Crematie-as in glas<\/title>\n<meta name=\"robots\" content=\"index, follow, max-snippet:-1, max-image-preview:large, max-video-preview:-1\" \/>\n<link rel=\"canonical\" href=\"https:\/\/crematieasinglas.nl\/produit\/mbha5004-meerdere-bewerkingen-heren-armband\/\" \/>\n<meta property=\"og:locale\" content=\"fr_FR\" \/>\n<meta property=\"og:type\" content=\"article\" \/>\n<meta property=\"og:title\" content=\"MBHA5004 | Bracelet Homme Op\u00e9rations Multiples\" \/>\n<meta property=\"og:description\" content=\"Bracelet pour homme \u00e0 traitement multiple\" \/>\n<meta property=\"og:url\" content=\"https:\/\/crematieasinglas.nl\/produit\/mbha5004-meerdere-bewerkingen-heren-armband\/\" \/>\n<meta property=\"og:site_name\" content=\"Winkel voor Crematie-as in glas\" \/>\n<meta property=\"og:image\" content=\"https:\/\/crematieasinglas.nl\/wp-content\/uploads\/2025\/06\/crematie-as-heren-3-dubbele-verwerking-sieraad-armband-haartjes-as-leder-1-mbha5004.jpg\" \/>\n\t<meta property=\"og:image:width\" content=\"667\" \/>\n\t<meta property=\"og:image:height\" content=\"1000\" \/>\n\t<meta property=\"og:image:type\" content=\"image\/jpeg\" \/>\n<meta name=\"twitter:card\" content=\"summary_large_image\" \/>\n<meta name=\"twitter:label1\" content=\"Dur\u00e9e de lecture estim\u00e9e\" \/>\n\t<meta name=\"twitter:data1\" content=\"3 minutes\" \/>\n<script type=\"application\/ld+json\" class=\"yoast-schema-graph\">{\"@context\":\"https:\\\/\\\/schema.org\",\"@graph\":[{\"@type\":\"WebPage\",\"@id\":\"https:\\\/\\\/crematieasinglas.nl\\\/produit\\\/mbha5004-meerdere-bewerkingen-heren-armband\\\/\",\"url\":\"https:\\\/\\\/crematieasinglas.nl\\\/produit\\\/mbha5004-meerdere-bewerkingen-heren-armband\\\/\",\"name\":\"MBHA5004 | Bracelet Homme Op\u00e9rations Multiples - Winkel voor Crematie-as in glas\",\"isPartOf\":{\"@id\":\"https:\\\/\\\/crematieasinglas.nl\\\/#website\"},\"primaryImageOfPage\":{\"@id\":\"https:\\\/\\\/crematieasinglas.nl\\\/produit\\\/mbha5004-meerdere-bewerkingen-heren-armband\\\/#primaryimage\"},\"image\":{\"@id\":\"https:\\\/\\\/crematieasinglas.nl\\\/produit\\\/mbha5004-meerdere-bewerkingen-heren-armband\\\/#primaryimage\"},\"thumbnailUrl\":\"https:\\\/\\\/crematieasinglas.nl\\\/wp-content\\\/uploads\\\/2025\\\/06\\\/crematie-as-heren-3-dubbele-verwerking-sieraad-armband-haartjes-as-leder-1-mbha5004.jpg\",\"datePublished\":\"2025-11-06T13:02:39+00:00\",\"breadcrumb\":{\"@id\":\"https:\\\/\\\/crematieasinglas.nl\\\/produit\\\/mbha5004-meerdere-bewerkingen-heren-armband\\\/#breadcrumb\"},\"inLanguage\":\"fr-FR\",\"potentialAction\":[{\"@type\":\"ReadAction\",\"target\":[\"https:\\\/\\\/crematieasinglas.nl\\\/produit\\\/mbha5004-meerdere-bewerkingen-heren-armband\\\/\"]}]},{\"@type\":\"ImageObject\",\"inLanguage\":\"fr-FR\",\"@id\":\"https:\\\/\\\/crematieasinglas.nl\\\/produit\\\/mbha5004-meerdere-bewerkingen-heren-armband\\\/#primaryimage\",\"url\":\"https:\\\/\\\/crematieasinglas.nl\\\/wp-content\\\/uploads\\\/2025\\\/06\\\/crematie-as-heren-3-dubbele-verwerking-sieraad-armband-haartjes-as-leder-1-mbha5004.jpg\",\"contentUrl\":\"https:\\\/\\\/crematieasinglas.nl\\\/wp-content\\\/uploads\\\/2025\\\/06\\\/crematie-as-heren-3-dubbele-verwerking-sieraad-armband-haartjes-as-leder-1-mbha5004.jpg\",\"width\":667,\"height\":1000},{\"@type\":\"BreadcrumbList\",\"@id\":\"https:\\\/\\\/crematieasinglas.nl\\\/produit\\\/mbha5004-meerdere-bewerkingen-heren-armband\\\/#breadcrumb\",\"itemListElement\":[{\"@type\":\"ListItem\",\"position\":1,\"name\":\"Home\",\"item\":\"https:\\\/\\\/crematieasinglas.nl\\\/\"},{\"@type\":\"ListItem\",\"position\":2,\"name\":\"Boutique\",\"item\":\"https:\\\/\\\/crematieasinglas.nl\\\/fr\\\/boutique\\\/\"},{\"@type\":\"ListItem\",\"position\":3,\"name\":\"MBHA5004 | Bracelet Homme Op\u00e9rations Multiples\"}]},{\"@type\":\"WebSite\",\"@id\":\"https:\\\/\\\/crematieasinglas.nl\\\/#website\",\"url\":\"https:\\\/\\\/crematieasinglas.nl\\\/\",\"name\":\"Winkel voor Crematie-as in glas\",\"description\":\"Een winkel voor crematieasinglas.nl\",\"publisher\":{\"@id\":\"https:\\\/\\\/crematieasinglas.nl\\\/#organization\"},\"potentialAction\":[{\"@type\":\"SearchAction\",\"target\":{\"@type\":\"EntryPoint\",\"urlTemplate\":\"https:\\\/\\\/crematieasinglas.nl\\\/?s={search_term_string}\"},\"query-input\":{\"@type\":\"PropertyValueSpecification\",\"valueRequired\":true,\"valueName\":\"search_term_string\"}}],\"inLanguage\":\"fr-FR\"},{\"@type\":\"Organization\",\"@id\":\"https:\\\/\\\/crematieasinglas.nl\\\/#organization\",\"name\":\"Dierbaarasinglas.nl\",\"alternateName\":\"Crematieasinglas.nl\",\"url\":\"https:\\\/\\\/crematieasinglas.nl\\\/\",\"logo\":{\"@type\":\"ImageObject\",\"inLanguage\":\"fr-FR\",\"@id\":\"https:\\\/\\\/crematieasinglas.nl\\\/#\\\/schema\\\/logo\\\/image\\\/\",\"url\":\"https:\\\/\\\/crematieasinglas.nl\\\/wp-content\\\/uploads\\\/2024\\\/10\\\/logo-02-playfair-googlefont-met-hartje-02.png\",\"contentUrl\":\"https:\\\/\\\/crematieasinglas.nl\\\/wp-content\\\/uploads\\\/2024\\\/10\\\/logo-02-playfair-googlefont-met-hartje-02.png\",\"width\":582,\"height\":136,\"caption\":\"Dierbaarasinglas.nl\"},\"image\":{\"@id\":\"https:\\\/\\\/crematieasinglas.nl\\\/#\\\/schema\\\/logo\\\/image\\\/\"}}]}<\/script>\n<!-- \/ Yoast SEO Premium plugin. -->","yoast_head_json":{"title":"MBHA5004 | Bracelet Homme Op\u00e9rations Multiples - Winkel voor Crematie-as in glas","robots":{"index":"index","follow":"follow","max-snippet":"max-snippet:-1","max-image-preview":"max-image-preview:large","max-video-preview":"max-video-preview:-1"},"canonical":"https:\/\/crematieasinglas.nl\/produit\/mbha5004-meerdere-bewerkingen-heren-armband\/","og_locale":"fr_FR","og_type":"article","og_title":"MBHA5004 | Bracelet Homme Op\u00e9rations Multiples","og_description":"Bracelet pour homme \u00e0 traitement multiple","og_url":"https:\/\/crematieasinglas.nl\/produit\/mbha5004-meerdere-bewerkingen-heren-armband\/","og_site_name":"Winkel voor Crematie-as in glas","og_image":[{"width":667,"height":1000,"url":"https:\/\/crematieasinglas.nl\/wp-content\/uploads\/2025\/06\/crematie-as-heren-3-dubbele-verwerking-sieraad-armband-haartjes-as-leder-1-mbha5004.jpg","type":"image\/jpeg"}],"twitter_card":"summary_large_image","twitter_misc":{"Dur\u00e9e de lecture estim\u00e9e":"3 minutes"},"schema":{"@context":"https:\/\/schema.org","@graph":[{"@type":"WebPage","@id":"https:\/\/crematieasinglas.nl\/produit\/mbha5004-meerdere-bewerkingen-heren-armband\/","url":"https:\/\/crematieasinglas.nl\/produit\/mbha5004-meerdere-bewerkingen-heren-armband\/","name":"MBHA5004 | Bracelet Homme Op\u00e9rations Multiples - Winkel voor Crematie-as in glas","isPartOf":{"@id":"https:\/\/crematieasinglas.nl\/#website"},"primaryImageOfPage":{"@id":"https:\/\/crematieasinglas.nl\/produit\/mbha5004-meerdere-bewerkingen-heren-armband\/#primaryimage"},"image":{"@id":"https:\/\/crematieasinglas.nl\/produit\/mbha5004-meerdere-bewerkingen-heren-armband\/#primaryimage"},"thumbnailUrl":"https:\/\/crematieasinglas.nl\/wp-content\/uploads\/2025\/06\/crematie-as-heren-3-dubbele-verwerking-sieraad-armband-haartjes-as-leder-1-mbha5004.jpg","datePublished":"2025-11-06T13:02:39+00:00","breadcrumb":{"@id":"https:\/\/crematieasinglas.nl\/produit\/mbha5004-meerdere-bewerkingen-heren-armband\/#breadcrumb"},"inLanguage":"fr-FR","potentialAction":[{"@type":"ReadAction","target":["https:\/\/crematieasinglas.nl\/produit\/mbha5004-meerdere-bewerkingen-heren-armband\/"]}]},{"@type":"ImageObject","inLanguage":"fr-FR","@id":"https:\/\/crematieasinglas.nl\/produit\/mbha5004-meerdere-bewerkingen-heren-armband\/#primaryimage","url":"https:\/\/crematieasinglas.nl\/wp-content\/uploads\/2025\/06\/crematie-as-heren-3-dubbele-verwerking-sieraad-armband-haartjes-as-leder-1-mbha5004.jpg","contentUrl":"https:\/\/crematieasinglas.nl\/wp-content\/uploads\/2025\/06\/crematie-as-heren-3-dubbele-verwerking-sieraad-armband-haartjes-as-leder-1-mbha5004.jpg","width":667,"height":1000},{"@type":"BreadcrumbList","@id":"https:\/\/crematieasinglas.nl\/produit\/mbha5004-meerdere-bewerkingen-heren-armband\/#breadcrumb","itemListElement":[{"@type":"ListItem","position":1,"name":"Home","item":"https:\/\/crematieasinglas.nl\/"},{"@type":"ListItem","position":2,"name":"Boutique","item":"https:\/\/crematieasinglas.nl\/fr\/boutique\/"},{"@type":"ListItem","position":3,"name":"MBHA5004 | Bracelet Homme Op\u00e9rations Multiples"}]},{"@type":"WebSite","@id":"https:\/\/crematieasinglas.nl\/#website","url":"https:\/\/crematieasinglas.nl\/","name":"Winkel voor Crematie-as in glas","description":"Een winkel voor crematieasinglas.nl","publisher":{"@id":"https:\/\/crematieasinglas.nl\/#organization"},"potentialAction":[{"@type":"SearchAction","target":{"@type":"EntryPoint","urlTemplate":"https:\/\/crematieasinglas.nl\/?s={search_term_string}"},"query-input":{"@type":"PropertyValueSpecification","valueRequired":true,"valueName":"search_term_string"}}],"inLanguage":"fr-FR"},{"@type":"Organization","@id":"https:\/\/crematieasinglas.nl\/#organization","name":"Dierbaarasinglas.nl","alternateName":"Crematieasinglas.nl","url":"https:\/\/crematieasinglas.nl\/","logo":{"@type":"ImageObject","inLanguage":"fr-FR","@id":"https:\/\/crematieasinglas.nl\/#\/schema\/logo\/image\/","url":"https:\/\/crematieasinglas.nl\/wp-content\/uploads\/2024\/10\/logo-02-playfair-googlefont-met-hartje-02.png","contentUrl":"https:\/\/crematieasinglas.nl\/wp-content\/uploads\/2024\/10\/logo-02-playfair-googlefont-met-hartje-02.png","width":582,"height":136,"caption":"Dierbaarasinglas.nl"},"image":{"@id":"https:\/\/crematieasinglas.nl\/#\/schema\/logo\/image\/"}}]}},"_links":{"self":[{"href":"https:\/\/crematieasinglas.nl\/fr\/wp-json\/wp\/v2\/product\/19918","targetHints":{"allow":["GET"]}}],"collection":[{"href":"https:\/\/crematieasinglas.nl\/fr\/wp-json\/wp\/v2\/product"}],"about":[{"href":"https:\/\/crematieasinglas.nl\/fr\/wp-json\/wp\/v2\/types\/product"}],"replies":[{"embeddable":true,"href":"https:\/\/crematieasinglas.nl\/fr\/wp-json\/wp\/v2\/comments?post=19918"}],"wp:featuredmedia":[{"embeddable":true,"href":"https:\/\/crematieasinglas.nl\/fr\/wp-json\/wp\/v2\/media\/19922"}],"wp:attachment":[{"href":"https:\/\/crematieasinglas.nl\/fr\/wp-json\/wp\/v2\/media?parent=19918"}],"wp:term":[{"taxonomy":"product_brand","embeddable":true,"href":"https:\/\/crematieasinglas.nl\/fr\/wp-json\/wp\/v2\/product_brand?post=19918"},{"taxonomy":"product_cat","embeddable":true,"href":"https:\/\/crematieasinglas.nl\/fr\/wp-json\/wp\/v2\/product_cat?post=19918"},{"taxonomy":"product_tag","embeddable":true,"href":"https:\/\/crematieasinglas.nl\/fr\/wp-json\/wp\/v2\/product_tag?post=19918"}],"curies":[{"name":"wp","href":"https:\/\/api.w.org\/{rel}","templated":true}]}}