{"id":19909,"date":"2025-06-22T11:49:32","date_gmt":"2025-06-22T11:49:32","guid":{"rendered":"https:\/\/ebdxvyckeo.onrocket.site\/product\/hsna4020-cremation-cendres-homme-bracelet-commemoratif-pierre-naturelle\/"},"modified":"2025-06-22T11:49:32","modified_gmt":"2025-06-22T11:49:32","slug":"hsna4020-cremation-cendres-homme-bracelet-commemoratif-pierre-naturelle","status":"publish","type":"product","link":"https:\/\/crematieasinglas.nl\/fr\/produit\/hsna4020-cremation-cendres-homme-bracelet-commemoratif-pierre-naturelle\/","title":{"rendered":"HSNA4020 | Cr\u00e9mation cendres homme bracelet comm\u00e9moratif pierre naturelle"},"content":{"rendered":"<p>Num\u00e9ro de code : HSNA4020<br \/>\nCollection : Pour lui<br \/>\nCat\u00e9gorie : Bracelets homme en pierre naturelle<\/p>\n<h3>D\u00e9lai de livraison&nbsp;: 8 jours ouvrables, apr\u00e8s r\u00e9ception des cendres<\/h3>\n<p><strong>D\u00e9finition:<\/strong><br \/>\nCe bracelet urne unique est sp\u00e9cialement con\u00e7u pour les hommes et est fabriqu\u00e9 \u00e0 la main \u00e0 partir de perles de pierre naturelle en granit de couleur p\u00e9trole de haute qualit\u00e9. Au centre se trouve une breloque en verre dans laquelle une petite quantit\u00e9 de cendres de cr\u00e9mation a \u00e9t\u00e9 soigneusement fusionn\u00e9e. Cette breloque est faite \u00e0 la main et fait de ce bracelet un bijou personnel et significatif &#8211; un hommage durable \u00e0 un \u00eatre cher ou \u00e0 un animal de compagnie d\u00e9c\u00e9d\u00e9.  <\/p>\n<p>Les perles en pierre naturelle ont une taille de 8 mm et sont combin\u00e9es avec des perles design de luxe en acier inoxydable. La breloque en verre et les perles sont enfil\u00e9es sur un fil d\u2019acier rev\u00eatu \u00e0 haute r\u00e9sistance, sp\u00e9cialement choisi pour plus de durabilit\u00e9 et de s\u00e9curit\u00e9 au quotidien. Le bracelet est dot\u00e9 d\u2019une fermeture \u00e0 pression fiable.  <\/p>\n<p>Attention : vous ne pouvez pas remplir vous-m\u00eame ce bijou comm\u00e9moratif.<\/p>\n<p>Apr\u00e8s avoir re\u00e7u les cendres, la breloque en verre est fabriqu\u00e9e \u00e0 la main avec soin dans mon atelier. Votre bracelet sera ensuite assembl\u00e9 sur mesure et retourn\u00e9 avec les cendres de cr\u00e9mation restantes. <\/p>\n<p>Crematieasinglas.nl s\u2019agit d\u2019une marque officiellement d\u00e9pos\u00e9e et garantie. Vous \u00eates assur\u00e9 d\u2019une pi\u00e8ce comm\u00e9morative authentique et faite \u00e0 la main \u2013 pas de production de masse ou de r\u00e9pliques. <\/p>\n<p><strong>Informations&nbsp;:<\/strong><br \/>\n 1,5 cm<br \/>\nLargeur&nbsp;: sur<br \/>\nmesure Profondeur&nbsp;:<br \/>\nCouleur&nbsp;: Bleu<br \/>\np\u00e9trole Contenu&nbsp;:<br \/>\nStock&nbsp;: 2 article en stock<\/p>\n<p><strong>Livraison:<\/strong><br \/>\nApr\u00e8s avoir pass\u00e9 votre commande du bracelet pour homme choisi avec traitement des cendres de cr\u00e9mation, je vous contacterai par e-mail pour toute question sur la taille de votre tour de poignet. Je vais vous donner des conseils simples pour pouvoir transmettre une mesure correcte. Apr\u00e8s avoir obtenu ces informations, je vous enverrai une \u00e9tiquette d\u2019exp\u00e9dition num\u00e9rique gratuite (uniquement possible aux adresses n\u00e9erlandaises), avec laquelle vous pourrez m\u2019envoyer les cendres de cr\u00e9mation (environ une quantit\u00e9 de 2 cuill\u00e8res \u00e0 caf\u00e9 suffit). Pour les clients en dehors des Pays-Bas, il ne m\u2019est pas possible de demander ce timbre, un timbre d\u2019exp\u00e9dition \u00e9tranger pour m\u2019envoyer les cendres de cr\u00e9mation ne peut pas \u00eatre rembours\u00e9. J\u2019aimerais vous donner des conseils sur la meilleure fa\u00e7on de m\u2019envoyer les cendres de cr\u00e9mation (\u00e9galement de l\u2019\u00e9tranger). L\u2019\u00e9tiquette d\u2019exp\u00e9dition n\u00e9erlandaise est une \u00e9tiquette pour un colis bo\u00eete aux lettres DHL qui arrive directement chez moi, et vous pouvez le suivre par suivi et tra\u00e7abilit\u00e9.     Vous pouvez retourner gratuitement le colis bo\u00eete aux lettres contenant les cendres de cr\u00e9mation dans un point de d\u00e9p\u00f4t DHL dans un d\u00e9lai de 5 jours. Dans cet e-mail, je vais \u00e9galement expliquer les dimensions du colis bo\u00eete aux lettres et le point de d\u00e9p\u00f4t le plus proche que vous avez dans la r\u00e9gion. \u00c0 ce jour, un transport s\u00fbr et tra\u00e7able a toujours \u00e9t\u00e9 garanti, mais nous ne pouvons pas assumer de responsabilit\u00e9 si cela tourne mal de mani\u00e8re inattendue avec le transporteur. Bien entendu, il est \u00e9galement possible de livrer les cendres de cr\u00e9mation sur rendez-vous dans notre salle d\u2019exposition \u00e0 Hoogakker 2E \u00e0 Hapert. Vous pouvez prendre rendez-vous pour cela sur notre site web crematieasinglas.nl.    Apr\u00e8s avoir re\u00e7u les cendres de cr\u00e9mation, je travaillerai avec beaucoup de soin sur vos bijoux comm\u00e9moratifs.  <a href=\"https:\/\/crematieasinglas.nl\">site web crematieasinglas.nl<\/a><\/p>\n<p>:<br \/>\n<div style=\"width: 640px;\" class=\"wp-video\"><video class=\"wp-video-shortcode\" id=\"video-19909-1\" width=\"640\" height=\"360\" preload=\"metadata\" controls=\"controls\"><source type=\"video\/mp4\" src=\"https:\/\/crematieasinglas.nl\/media\/voor-hem\/natuursteen-heren-armbanden\/crematie-as-heren-armband-natuursteen-graniet-petrol-blue-video-hsna4020.mp4?_=1\" \/><a href=\"https:\/\/crematieasinglas.nl\/media\/voor-hem\/natuursteen-heren-armbanden\/crematie-as-heren-armband-natuursteen-graniet-petrol-blue-video-hsna4020.mp4\">https:\/\/crematieasinglas.nl\/media\/voor-hem\/natuursteen-heren-armbanden\/crematie-as-heren-armband-natuursteen-graniet-petrol-blue-video-hsna4020.mp4<\/a><\/video><\/div>\n<p>&nbsp;<\/p>\n","protected":false},"excerpt":{"rendered":"<p>Cr\u00e9mation cendres homme bracelet comm\u00e9moratif pierre naturelle<\/p>\n","protected":false},"featured_media":18743,"comment_status":"closed","ping_status":"open","template":"","meta":[],"product_brand":[],"product_cat":[954,530],"product_tag":[],"class_list":{"0":"post-19909","1":"product","2":"type-product","3":"status-publish","4":"has-post-thumbnail","6":"product_cat-bracelets-homme-pierre-naturelle","7":"product_cat-pour-lui","8":"pa_kleur-bleu-petrole","10":"first","11":"instock","12":"purchasable","13":"product-type-simple"},"yoast_head":"<!-- This site is optimized with the Yoast SEO Premium plugin v27.5 (Yoast SEO v27.5) - https:\/\/yoast.com\/product\/yoast-seo-premium-wordpress\/ -->\n<title>HSNA4020 | Cr\u00e9mation cendres homme bracelet comm\u00e9moratif pierre naturelle - Winkel voor Crematie-as in glas<\/title>\n<meta name=\"robots\" content=\"index, follow, max-snippet:-1, max-image-preview:large, max-video-preview:-1\" \/>\n<link rel=\"canonical\" href=\"https:\/\/crematieasinglas.nl\/produit\/hsna4020-crematie-as-heren-gedenk-armband-natuursteen\/\" \/>\n<meta property=\"og:locale\" content=\"fr_FR\" \/>\n<meta property=\"og:type\" content=\"article\" \/>\n<meta property=\"og:title\" content=\"HSNA4020 | Cr\u00e9mation cendres homme bracelet comm\u00e9moratif pierre naturelle\" \/>\n<meta property=\"og:description\" content=\"Cr\u00e9mation cendres homme bracelet comm\u00e9moratif pierre naturelle\" \/>\n<meta property=\"og:url\" content=\"https:\/\/crematieasinglas.nl\/produit\/hsna4020-crematie-as-heren-gedenk-armband-natuursteen\/\" \/>\n<meta property=\"og:site_name\" content=\"Winkel voor Crematie-as in glas\" \/>\n<meta property=\"og:image\" content=\"https:\/\/crematieasinglas.nl\/wp-content\/uploads\/2025\/06\/crematie-as-heren-armband-natuursteen-graniet-petrol-blue-1-hsna4020.jpg\" \/>\n\t<meta property=\"og:image:width\" content=\"1000\" \/>\n\t<meta property=\"og:image:height\" content=\"667\" \/>\n\t<meta property=\"og:image:type\" content=\"image\/jpeg\" \/>\n<meta name=\"twitter:card\" content=\"summary_large_image\" \/>\n<meta name=\"twitter:label1\" content=\"Dur\u00e9e de lecture estim\u00e9e\" \/>\n\t<meta name=\"twitter:data1\" content=\"3 minutes\" \/>\n<script type=\"application\/ld+json\" class=\"yoast-schema-graph\">{\"@context\":\"https:\\\/\\\/schema.org\",\"@graph\":[{\"@type\":\"WebPage\",\"@id\":\"https:\\\/\\\/crematieasinglas.nl\\\/produit\\\/hsna4020-crematie-as-heren-gedenk-armband-natuursteen\\\/\",\"url\":\"https:\\\/\\\/crematieasinglas.nl\\\/produit\\\/hsna4020-crematie-as-heren-gedenk-armband-natuursteen\\\/\",\"name\":\"HSNA4020 | Cr\u00e9mation cendres homme bracelet comm\u00e9moratif pierre naturelle - Winkel voor Crematie-as in glas\",\"isPartOf\":{\"@id\":\"https:\\\/\\\/crematieasinglas.nl\\\/#website\"},\"primaryImageOfPage\":{\"@id\":\"https:\\\/\\\/crematieasinglas.nl\\\/produit\\\/hsna4020-crematie-as-heren-gedenk-armband-natuursteen\\\/#primaryimage\"},\"image\":{\"@id\":\"https:\\\/\\\/crematieasinglas.nl\\\/produit\\\/hsna4020-crematie-as-heren-gedenk-armband-natuursteen\\\/#primaryimage\"},\"thumbnailUrl\":\"https:\\\/\\\/crematieasinglas.nl\\\/wp-content\\\/uploads\\\/2025\\\/06\\\/crematie-as-heren-armband-natuursteen-graniet-petrol-blue-1-hsna4020.jpg\",\"datePublished\":\"2025-06-22T11:49:32+00:00\",\"breadcrumb\":{\"@id\":\"https:\\\/\\\/crematieasinglas.nl\\\/produit\\\/hsna4020-crematie-as-heren-gedenk-armband-natuursteen\\\/#breadcrumb\"},\"inLanguage\":\"fr-FR\",\"potentialAction\":[{\"@type\":\"ReadAction\",\"target\":[\"https:\\\/\\\/crematieasinglas.nl\\\/produit\\\/hsna4020-crematie-as-heren-gedenk-armband-natuursteen\\\/\"]}]},{\"@type\":\"ImageObject\",\"inLanguage\":\"fr-FR\",\"@id\":\"https:\\\/\\\/crematieasinglas.nl\\\/produit\\\/hsna4020-crematie-as-heren-gedenk-armband-natuursteen\\\/#primaryimage\",\"url\":\"https:\\\/\\\/crematieasinglas.nl\\\/wp-content\\\/uploads\\\/2025\\\/06\\\/crematie-as-heren-armband-natuursteen-graniet-petrol-blue-1-hsna4020.jpg\",\"contentUrl\":\"https:\\\/\\\/crematieasinglas.nl\\\/wp-content\\\/uploads\\\/2025\\\/06\\\/crematie-as-heren-armband-natuursteen-graniet-petrol-blue-1-hsna4020.jpg\",\"width\":1000,\"height\":667},{\"@type\":\"BreadcrumbList\",\"@id\":\"https:\\\/\\\/crematieasinglas.nl\\\/produit\\\/hsna4020-crematie-as-heren-gedenk-armband-natuursteen\\\/#breadcrumb\",\"itemListElement\":[{\"@type\":\"ListItem\",\"position\":1,\"name\":\"Home\",\"item\":\"https:\\\/\\\/crematieasinglas.nl\\\/\"},{\"@type\":\"ListItem\",\"position\":2,\"name\":\"Boutique\",\"item\":\"https:\\\/\\\/crematieasinglas.nl\\\/fr\\\/boutique\\\/\"},{\"@type\":\"ListItem\",\"position\":3,\"name\":\"HSNA4020 | Cr\u00e9mation cendres homme bracelet comm\u00e9moratif pierre naturelle\"}]},{\"@type\":\"WebSite\",\"@id\":\"https:\\\/\\\/crematieasinglas.nl\\\/#website\",\"url\":\"https:\\\/\\\/crematieasinglas.nl\\\/\",\"name\":\"Winkel voor Crematie-as in glas\",\"description\":\"Een winkel voor crematieasinglas.nl\",\"publisher\":{\"@id\":\"https:\\\/\\\/crematieasinglas.nl\\\/#organization\"},\"potentialAction\":[{\"@type\":\"SearchAction\",\"target\":{\"@type\":\"EntryPoint\",\"urlTemplate\":\"https:\\\/\\\/crematieasinglas.nl\\\/?s={search_term_string}\"},\"query-input\":{\"@type\":\"PropertyValueSpecification\",\"valueRequired\":true,\"valueName\":\"search_term_string\"}}],\"inLanguage\":\"fr-FR\"},{\"@type\":\"Organization\",\"@id\":\"https:\\\/\\\/crematieasinglas.nl\\\/#organization\",\"name\":\"Dierbaarasinglas.nl\",\"alternateName\":\"Crematieasinglas.nl\",\"url\":\"https:\\\/\\\/crematieasinglas.nl\\\/\",\"logo\":{\"@type\":\"ImageObject\",\"inLanguage\":\"fr-FR\",\"@id\":\"https:\\\/\\\/crematieasinglas.nl\\\/#\\\/schema\\\/logo\\\/image\\\/\",\"url\":\"https:\\\/\\\/crematieasinglas.nl\\\/wp-content\\\/uploads\\\/2024\\\/10\\\/logo-02-playfair-googlefont-met-hartje-02.png\",\"contentUrl\":\"https:\\\/\\\/crematieasinglas.nl\\\/wp-content\\\/uploads\\\/2024\\\/10\\\/logo-02-playfair-googlefont-met-hartje-02.png\",\"width\":582,\"height\":136,\"caption\":\"Dierbaarasinglas.nl\"},\"image\":{\"@id\":\"https:\\\/\\\/crematieasinglas.nl\\\/#\\\/schema\\\/logo\\\/image\\\/\"}}]}<\/script>\n<!-- \/ Yoast SEO Premium plugin. -->","yoast_head_json":{"title":"HSNA4020 | Cr\u00e9mation cendres homme bracelet comm\u00e9moratif pierre naturelle - Winkel voor Crematie-as in glas","robots":{"index":"index","follow":"follow","max-snippet":"max-snippet:-1","max-image-preview":"max-image-preview:large","max-video-preview":"max-video-preview:-1"},"canonical":"https:\/\/crematieasinglas.nl\/produit\/hsna4020-crematie-as-heren-gedenk-armband-natuursteen\/","og_locale":"fr_FR","og_type":"article","og_title":"HSNA4020 | Cr\u00e9mation cendres homme bracelet comm\u00e9moratif pierre naturelle","og_description":"Cr\u00e9mation cendres homme bracelet comm\u00e9moratif pierre naturelle","og_url":"https:\/\/crematieasinglas.nl\/produit\/hsna4020-crematie-as-heren-gedenk-armband-natuursteen\/","og_site_name":"Winkel voor Crematie-as in glas","og_image":[{"width":1000,"height":667,"url":"https:\/\/crematieasinglas.nl\/wp-content\/uploads\/2025\/06\/crematie-as-heren-armband-natuursteen-graniet-petrol-blue-1-hsna4020.jpg","type":"image\/jpeg"}],"twitter_card":"summary_large_image","twitter_misc":{"Dur\u00e9e de lecture estim\u00e9e":"3 minutes"},"schema":{"@context":"https:\/\/schema.org","@graph":[{"@type":"WebPage","@id":"https:\/\/crematieasinglas.nl\/produit\/hsna4020-crematie-as-heren-gedenk-armband-natuursteen\/","url":"https:\/\/crematieasinglas.nl\/produit\/hsna4020-crematie-as-heren-gedenk-armband-natuursteen\/","name":"HSNA4020 | Cr\u00e9mation cendres homme bracelet comm\u00e9moratif pierre naturelle - Winkel voor Crematie-as in glas","isPartOf":{"@id":"https:\/\/crematieasinglas.nl\/#website"},"primaryImageOfPage":{"@id":"https:\/\/crematieasinglas.nl\/produit\/hsna4020-crematie-as-heren-gedenk-armband-natuursteen\/#primaryimage"},"image":{"@id":"https:\/\/crematieasinglas.nl\/produit\/hsna4020-crematie-as-heren-gedenk-armband-natuursteen\/#primaryimage"},"thumbnailUrl":"https:\/\/crematieasinglas.nl\/wp-content\/uploads\/2025\/06\/crematie-as-heren-armband-natuursteen-graniet-petrol-blue-1-hsna4020.jpg","datePublished":"2025-06-22T11:49:32+00:00","breadcrumb":{"@id":"https:\/\/crematieasinglas.nl\/produit\/hsna4020-crematie-as-heren-gedenk-armband-natuursteen\/#breadcrumb"},"inLanguage":"fr-FR","potentialAction":[{"@type":"ReadAction","target":["https:\/\/crematieasinglas.nl\/produit\/hsna4020-crematie-as-heren-gedenk-armband-natuursteen\/"]}]},{"@type":"ImageObject","inLanguage":"fr-FR","@id":"https:\/\/crematieasinglas.nl\/produit\/hsna4020-crematie-as-heren-gedenk-armband-natuursteen\/#primaryimage","url":"https:\/\/crematieasinglas.nl\/wp-content\/uploads\/2025\/06\/crematie-as-heren-armband-natuursteen-graniet-petrol-blue-1-hsna4020.jpg","contentUrl":"https:\/\/crematieasinglas.nl\/wp-content\/uploads\/2025\/06\/crematie-as-heren-armband-natuursteen-graniet-petrol-blue-1-hsna4020.jpg","width":1000,"height":667},{"@type":"BreadcrumbList","@id":"https:\/\/crematieasinglas.nl\/produit\/hsna4020-crematie-as-heren-gedenk-armband-natuursteen\/#breadcrumb","itemListElement":[{"@type":"ListItem","position":1,"name":"Home","item":"https:\/\/crematieasinglas.nl\/"},{"@type":"ListItem","position":2,"name":"Boutique","item":"https:\/\/crematieasinglas.nl\/fr\/boutique\/"},{"@type":"ListItem","position":3,"name":"HSNA4020 | Cr\u00e9mation cendres homme bracelet comm\u00e9moratif pierre naturelle"}]},{"@type":"WebSite","@id":"https:\/\/crematieasinglas.nl\/#website","url":"https:\/\/crematieasinglas.nl\/","name":"Winkel voor Crematie-as in glas","description":"Een winkel voor crematieasinglas.nl","publisher":{"@id":"https:\/\/crematieasinglas.nl\/#organization"},"potentialAction":[{"@type":"SearchAction","target":{"@type":"EntryPoint","urlTemplate":"https:\/\/crematieasinglas.nl\/?s={search_term_string}"},"query-input":{"@type":"PropertyValueSpecification","valueRequired":true,"valueName":"search_term_string"}}],"inLanguage":"fr-FR"},{"@type":"Organization","@id":"https:\/\/crematieasinglas.nl\/#organization","name":"Dierbaarasinglas.nl","alternateName":"Crematieasinglas.nl","url":"https:\/\/crematieasinglas.nl\/","logo":{"@type":"ImageObject","inLanguage":"fr-FR","@id":"https:\/\/crematieasinglas.nl\/#\/schema\/logo\/image\/","url":"https:\/\/crematieasinglas.nl\/wp-content\/uploads\/2024\/10\/logo-02-playfair-googlefont-met-hartje-02.png","contentUrl":"https:\/\/crematieasinglas.nl\/wp-content\/uploads\/2024\/10\/logo-02-playfair-googlefont-met-hartje-02.png","width":582,"height":136,"caption":"Dierbaarasinglas.nl"},"image":{"@id":"https:\/\/crematieasinglas.nl\/#\/schema\/logo\/image\/"}}]}},"_links":{"self":[{"href":"https:\/\/crematieasinglas.nl\/fr\/wp-json\/wp\/v2\/product\/19909","targetHints":{"allow":["GET"]}}],"collection":[{"href":"https:\/\/crematieasinglas.nl\/fr\/wp-json\/wp\/v2\/product"}],"about":[{"href":"https:\/\/crematieasinglas.nl\/fr\/wp-json\/wp\/v2\/types\/product"}],"replies":[{"embeddable":true,"href":"https:\/\/crematieasinglas.nl\/fr\/wp-json\/wp\/v2\/comments?post=19909"}],"wp:featuredmedia":[{"embeddable":true,"href":"https:\/\/crematieasinglas.nl\/fr\/wp-json\/wp\/v2\/media\/18743"}],"wp:attachment":[{"href":"https:\/\/crematieasinglas.nl\/fr\/wp-json\/wp\/v2\/media?parent=19909"}],"wp:term":[{"taxonomy":"product_brand","embeddable":true,"href":"https:\/\/crematieasinglas.nl\/fr\/wp-json\/wp\/v2\/product_brand?post=19909"},{"taxonomy":"product_cat","embeddable":true,"href":"https:\/\/crematieasinglas.nl\/fr\/wp-json\/wp\/v2\/product_cat?post=19909"},{"taxonomy":"product_tag","embeddable":true,"href":"https:\/\/crematieasinglas.nl\/fr\/wp-json\/wp\/v2\/product_tag?post=19909"}],"curies":[{"name":"wp","href":"https:\/\/api.w.org\/{rel}","templated":true}]}}