{"id":19905,"date":"2025-06-22T11:49:32","date_gmt":"2025-06-22T11:49:32","guid":{"rendered":"https:\/\/ebdxvyckeo.onrocket.site\/product\/hsna4021-cremation-cendres-homme-bracelet-commemoratif-pierre-naturelle\/"},"modified":"2025-06-22T11:49:32","modified_gmt":"2025-06-22T11:49:32","slug":"hsna4021-cremation-cendres-homme-bracelet-commemoratif-pierre-naturelle","status":"publish","type":"product","link":"https:\/\/crematieasinglas.nl\/fr\/produit\/hsna4021-cremation-cendres-homme-bracelet-commemoratif-pierre-naturelle\/","title":{"rendered":"HSNA4021 | Cr\u00e9mation cendres homme bracelet comm\u00e9moratif pierre naturelle"},"content":{"rendered":"<p>Num\u00e9ro de code : HSNA4021<br \/>\nCollection : Pour lui<br \/>\nCat\u00e9gorie : Bracelets homme en pierre naturelle<\/p>\n<h3>D\u00e9lai de livraison&nbsp;: 8 jours ouvrables, apr\u00e8s r\u00e9ception des cendres<\/h3>\n<p><strong>D\u00e9finition:<\/strong><br \/>\nBracelet pour homme Urne en pierre naturelle de jaspe Picasso de 8 mm, associ\u00e9 \u00e0 des perles design en acier inoxydable et \u00e0 une fermeture \u00e0 pression s\u00e9curis\u00e9e en acier inoxydable avec une s\u00e9curit\u00e9 suppl\u00e9mentaire. Au centre du bracelet se trouve une breloque en verre sabl\u00e9 faite \u00e0 la main dans laquelle les cendres de cr\u00e9mation ont \u00e9t\u00e9 soigneusement trait\u00e9es. Les cendres ne sont pas visibles \u2013 elles sont discr\u00e8tement fusionn\u00e9es dans le verre.  <\/p>\n<p>Pr\u00e9f\u00e9rez-vous avoir un charme comm\u00e9moratif dans lequel les cendres sont visibles ? Veuillez me contacter avant de commander \u2013 je serai heureux de r\u00e9fl\u00e9chir avec vous aux possibilit\u00e9s. <\/p>\n<p>Ce bracelet n\u2019est pas un article pr\u00eat \u00e0 l\u2019emploi et vous ne pouvez pas remplir les bijoux vous-m\u00eame.  <\/p>\n<p>Je n\u2019ai besoin que d\u2019une petite quantit\u00e9 &#8211; environ 2 cuill\u00e8res \u00e0 caf\u00e9 sont plus que suffisantes. Les cendres restantes vous seront renvoy\u00e9es avec soin et respect apr\u00e8s le traitement, ainsi que les bijoux. <\/p>\n<p>Le bracelet est fabriqu\u00e9 sur mesure \u00e0 la main dans mon atelier et fabriqu\u00e9 avec la plus grande attention et le plus grand respect. Convient \u00e9galement comme rappel d\u2019un animal d\u00e9c\u00e9d\u00e9. <\/p>\n<p>Crematieasinglas.nl s\u2019agit d\u2019une marque d\u00e9pos\u00e9e et garantie par l\u2019OBPI.<br \/>\nCela garantit que vous recevrez un bijou comm\u00e9moratif authentique et fait \u00e0 la main &#8211; pas de production de masse ou de r\u00e9pliques.<\/p>\n<p><strong>Informations&nbsp;:<\/strong><br \/>\n: 1.5 cm<br \/>\nLargeur&nbsp;: sur<br \/>\nmesure Profondeur&nbsp;:<br \/>\nCouleur&nbsp;: Gris<br \/>\nContenu&nbsp;:<br \/>\nStock&nbsp;: 2 article en stock<\/p>\n<p><strong>Livraison:<\/strong><br \/>\nApr\u00e8s avoir pass\u00e9 votre commande du bracelet pour homme choisi avec traitement des cendres de cr\u00e9mation, je vous contacterai par e-mail pour toute question sur la taille de votre tour de poignet. Je vais vous donner des conseils simples pour pouvoir transmettre une mesure correcte. Apr\u00e8s avoir obtenu ces informations, je vous enverrai une \u00e9tiquette d\u2019exp\u00e9dition num\u00e9rique gratuite (uniquement possible aux adresses n\u00e9erlandaises), avec laquelle vous pourrez m\u2019envoyer les cendres de cr\u00e9mation (environ une quantit\u00e9 de 2 cuill\u00e8res \u00e0 caf\u00e9 suffit). Pour les clients en dehors des Pays-Bas, il ne m\u2019est pas possible de demander ce timbre, un timbre d\u2019exp\u00e9dition \u00e9tranger pour m\u2019envoyer les cendres de cr\u00e9mation ne peut pas \u00eatre rembours\u00e9. J\u2019aimerais vous donner des conseils sur la meilleure fa\u00e7on de m\u2019envoyer les cendres de cr\u00e9mation (\u00e9galement de l\u2019\u00e9tranger). L\u2019\u00e9tiquette d\u2019exp\u00e9dition n\u00e9erlandaise est une \u00e9tiquette pour un colis bo\u00eete aux lettres DHL qui arrive directement chez moi, et vous pouvez le suivre par suivi et tra\u00e7abilit\u00e9.     Vous pouvez retourner gratuitement le colis bo\u00eete aux lettres contenant les cendres de cr\u00e9mation dans un point de d\u00e9p\u00f4t DHL dans un d\u00e9lai de 5 jours. Dans cet e-mail, je vais \u00e9galement expliquer les dimensions du colis bo\u00eete aux lettres et le point de d\u00e9p\u00f4t le plus proche que vous avez dans la r\u00e9gion. \u00c0 ce jour, un transport s\u00fbr et tra\u00e7able a toujours \u00e9t\u00e9 garanti, mais nous ne pouvons pas assumer de responsabilit\u00e9 si cela tourne mal de mani\u00e8re inattendue avec le transporteur. Bien entendu, il est \u00e9galement possible de livrer les cendres de cr\u00e9mation sur rendez-vous dans notre salle d\u2019exposition \u00e0 Hoogakker 2E \u00e0 Hapert. Vous pouvez prendre rendez-vous pour cela sur notre site web crematieasinglas.nl.    Apr\u00e8s avoir re\u00e7u les cendres de cr\u00e9mation, je travaillerai avec beaucoup de soin sur vos bijoux comm\u00e9moratifs.  <a href=\"https:\/\/crematieasinglas.nl\">site web crematieasinglas.nl<\/a><\/p>\n<p>:<br \/>\n<div style=\"width: 640px;\" class=\"wp-video\"><video class=\"wp-video-shortcode\" id=\"video-19905-1\" width=\"640\" height=\"360\" preload=\"metadata\" controls=\"controls\"><source type=\"video\/mp4\" src=\"https:\/\/crematieasinglas.nl\/media\/voor-hem\/natuursteen-heren-armbanden\/crematie-as-heren-armband-natuursteen-grey-video-hsna4021.mp4?_=1\" \/><a href=\"https:\/\/crematieasinglas.nl\/media\/voor-hem\/natuursteen-heren-armbanden\/crematie-as-heren-armband-natuursteen-grey-video-hsna4021.mp4\">https:\/\/crematieasinglas.nl\/media\/voor-hem\/natuursteen-heren-armbanden\/crematie-as-heren-armband-natuursteen-grey-video-hsna4021.mp4<\/a><\/video><\/div>\n<p>&nbsp;<\/p>\n","protected":false},"excerpt":{"rendered":"<p>Cr\u00e9mation cendres homme bracelet comm\u00e9moratif pierre naturelle<\/p>\n","protected":false},"featured_media":18760,"comment_status":"closed","ping_status":"open","template":"","meta":[],"product_brand":[],"product_cat":[954,530],"product_tag":[],"class_list":{"0":"post-19905","1":"product","2":"type-product","3":"status-publish","4":"has-post-thumbnail","6":"product_cat-bracelets-homme-pierre-naturelle","7":"product_cat-pour-lui","8":"pa_kleur-gris","10":"first","11":"instock","12":"purchasable","13":"product-type-simple"},"yoast_head":"<!-- This site is optimized with the Yoast SEO Premium plugin v27.5 (Yoast SEO v27.5) - https:\/\/yoast.com\/product\/yoast-seo-premium-wordpress\/ -->\n<title>HSNA4021 | Cr\u00e9mation cendres homme bracelet comm\u00e9moratif pierre naturelle - Winkel voor Crematie-as in glas<\/title>\n<meta name=\"robots\" content=\"index, follow, max-snippet:-1, max-image-preview:large, max-video-preview:-1\" \/>\n<link rel=\"canonical\" href=\"https:\/\/crematieasinglas.nl\/fr\/produit\/hsna4021-cremation-cendres-homme-bracelet-commemoratif-pierre-naturelle\/\" \/>\n<meta property=\"og:locale\" content=\"fr_FR\" \/>\n<meta property=\"og:type\" content=\"article\" \/>\n<meta property=\"og:title\" content=\"HSNA4021 | Cr\u00e9mation cendres homme bracelet comm\u00e9moratif pierre naturelle\" \/>\n<meta property=\"og:description\" content=\"Cr\u00e9mation cendres homme bracelet comm\u00e9moratif pierre naturelle\" \/>\n<meta property=\"og:url\" content=\"https:\/\/crematieasinglas.nl\/fr\/produit\/hsna4021-cremation-cendres-homme-bracelet-commemoratif-pierre-naturelle\/\" \/>\n<meta property=\"og:site_name\" content=\"Winkel voor Crematie-as in glas\" \/>\n<meta property=\"og:image\" content=\"https:\/\/crematieasinglas.nl\/wp-content\/uploads\/2025\/06\/crematie-as-heren-armband-natuursteen-grey-1-hsna4021.jpg\" \/>\n\t<meta property=\"og:image:width\" content=\"1000\" \/>\n\t<meta property=\"og:image:height\" content=\"667\" \/>\n\t<meta property=\"og:image:type\" content=\"image\/jpeg\" \/>\n<meta name=\"twitter:card\" content=\"summary_large_image\" \/>\n<meta name=\"twitter:label1\" content=\"Dur\u00e9e de lecture estim\u00e9e\" \/>\n\t<meta name=\"twitter:data1\" content=\"3 minutes\" \/>\n<script type=\"application\/ld+json\" class=\"yoast-schema-graph\">{\"@context\":\"https:\\\/\\\/schema.org\",\"@graph\":[{\"@type\":\"WebPage\",\"@id\":\"https:\\\/\\\/crematieasinglas.nl\\\/fr\\\/produit\\\/hsna4021-cremation-cendres-homme-bracelet-commemoratif-pierre-naturelle\\\/\",\"url\":\"https:\\\/\\\/crematieasinglas.nl\\\/fr\\\/produit\\\/hsna4021-cremation-cendres-homme-bracelet-commemoratif-pierre-naturelle\\\/\",\"name\":\"HSNA4021 | Cr\u00e9mation cendres homme bracelet comm\u00e9moratif pierre naturelle - Winkel voor Crematie-as in glas\",\"isPartOf\":{\"@id\":\"https:\\\/\\\/crematieasinglas.nl\\\/#website\"},\"primaryImageOfPage\":{\"@id\":\"https:\\\/\\\/crematieasinglas.nl\\\/fr\\\/produit\\\/hsna4021-cremation-cendres-homme-bracelet-commemoratif-pierre-naturelle\\\/#primaryimage\"},\"image\":{\"@id\":\"https:\\\/\\\/crematieasinglas.nl\\\/fr\\\/produit\\\/hsna4021-cremation-cendres-homme-bracelet-commemoratif-pierre-naturelle\\\/#primaryimage\"},\"thumbnailUrl\":\"https:\\\/\\\/crematieasinglas.nl\\\/wp-content\\\/uploads\\\/2025\\\/06\\\/crematie-as-heren-armband-natuursteen-grey-1-hsna4021.jpg\",\"datePublished\":\"2025-06-22T11:49:32+00:00\",\"breadcrumb\":{\"@id\":\"https:\\\/\\\/crematieasinglas.nl\\\/fr\\\/produit\\\/hsna4021-cremation-cendres-homme-bracelet-commemoratif-pierre-naturelle\\\/#breadcrumb\"},\"inLanguage\":\"fr-FR\",\"potentialAction\":[{\"@type\":\"ReadAction\",\"target\":[\"https:\\\/\\\/crematieasinglas.nl\\\/fr\\\/produit\\\/hsna4021-cremation-cendres-homme-bracelet-commemoratif-pierre-naturelle\\\/\"]}]},{\"@type\":\"ImageObject\",\"inLanguage\":\"fr-FR\",\"@id\":\"https:\\\/\\\/crematieasinglas.nl\\\/fr\\\/produit\\\/hsna4021-cremation-cendres-homme-bracelet-commemoratif-pierre-naturelle\\\/#primaryimage\",\"url\":\"https:\\\/\\\/crematieasinglas.nl\\\/wp-content\\\/uploads\\\/2025\\\/06\\\/crematie-as-heren-armband-natuursteen-grey-1-hsna4021.jpg\",\"contentUrl\":\"https:\\\/\\\/crematieasinglas.nl\\\/wp-content\\\/uploads\\\/2025\\\/06\\\/crematie-as-heren-armband-natuursteen-grey-1-hsna4021.jpg\",\"width\":1000,\"height\":667},{\"@type\":\"BreadcrumbList\",\"@id\":\"https:\\\/\\\/crematieasinglas.nl\\\/fr\\\/produit\\\/hsna4021-cremation-cendres-homme-bracelet-commemoratif-pierre-naturelle\\\/#breadcrumb\",\"itemListElement\":[{\"@type\":\"ListItem\",\"position\":1,\"name\":\"Home\",\"item\":\"https:\\\/\\\/crematieasinglas.nl\\\/\"},{\"@type\":\"ListItem\",\"position\":2,\"name\":\"Boutique\",\"item\":\"https:\\\/\\\/crematieasinglas.nl\\\/fr\\\/boutique\\\/\"},{\"@type\":\"ListItem\",\"position\":3,\"name\":\"HSNA4021 | Cr\u00e9mation cendres homme bracelet comm\u00e9moratif pierre naturelle\"}]},{\"@type\":\"WebSite\",\"@id\":\"https:\\\/\\\/crematieasinglas.nl\\\/#website\",\"url\":\"https:\\\/\\\/crematieasinglas.nl\\\/\",\"name\":\"Winkel voor Crematie-as in glas\",\"description\":\"Een winkel voor crematieasinglas.nl\",\"publisher\":{\"@id\":\"https:\\\/\\\/crematieasinglas.nl\\\/#organization\"},\"potentialAction\":[{\"@type\":\"SearchAction\",\"target\":{\"@type\":\"EntryPoint\",\"urlTemplate\":\"https:\\\/\\\/crematieasinglas.nl\\\/?s={search_term_string}\"},\"query-input\":{\"@type\":\"PropertyValueSpecification\",\"valueRequired\":true,\"valueName\":\"search_term_string\"}}],\"inLanguage\":\"fr-FR\"},{\"@type\":\"Organization\",\"@id\":\"https:\\\/\\\/crematieasinglas.nl\\\/#organization\",\"name\":\"Dierbaarasinglas.nl\",\"alternateName\":\"Crematieasinglas.nl\",\"url\":\"https:\\\/\\\/crematieasinglas.nl\\\/\",\"logo\":{\"@type\":\"ImageObject\",\"inLanguage\":\"fr-FR\",\"@id\":\"https:\\\/\\\/crematieasinglas.nl\\\/#\\\/schema\\\/logo\\\/image\\\/\",\"url\":\"https:\\\/\\\/crematieasinglas.nl\\\/wp-content\\\/uploads\\\/2024\\\/10\\\/logo-02-playfair-googlefont-met-hartje-02.png\",\"contentUrl\":\"https:\\\/\\\/crematieasinglas.nl\\\/wp-content\\\/uploads\\\/2024\\\/10\\\/logo-02-playfair-googlefont-met-hartje-02.png\",\"width\":582,\"height\":136,\"caption\":\"Dierbaarasinglas.nl\"},\"image\":{\"@id\":\"https:\\\/\\\/crematieasinglas.nl\\\/#\\\/schema\\\/logo\\\/image\\\/\"}}]}<\/script>\n<!-- \/ Yoast SEO Premium plugin. -->","yoast_head_json":{"title":"HSNA4021 | Cr\u00e9mation cendres homme bracelet comm\u00e9moratif pierre naturelle - Winkel voor Crematie-as in glas","robots":{"index":"index","follow":"follow","max-snippet":"max-snippet:-1","max-image-preview":"max-image-preview:large","max-video-preview":"max-video-preview:-1"},"canonical":"https:\/\/crematieasinglas.nl\/fr\/produit\/hsna4021-cremation-cendres-homme-bracelet-commemoratif-pierre-naturelle\/","og_locale":"fr_FR","og_type":"article","og_title":"HSNA4021 | Cr\u00e9mation cendres homme bracelet comm\u00e9moratif pierre naturelle","og_description":"Cr\u00e9mation cendres homme bracelet comm\u00e9moratif pierre naturelle","og_url":"https:\/\/crematieasinglas.nl\/fr\/produit\/hsna4021-cremation-cendres-homme-bracelet-commemoratif-pierre-naturelle\/","og_site_name":"Winkel voor Crematie-as in glas","og_image":[{"width":1000,"height":667,"url":"https:\/\/crematieasinglas.nl\/wp-content\/uploads\/2025\/06\/crematie-as-heren-armband-natuursteen-grey-1-hsna4021.jpg","type":"image\/jpeg"}],"twitter_card":"summary_large_image","twitter_misc":{"Dur\u00e9e de lecture estim\u00e9e":"3 minutes"},"schema":{"@context":"https:\/\/schema.org","@graph":[{"@type":"WebPage","@id":"https:\/\/crematieasinglas.nl\/fr\/produit\/hsna4021-cremation-cendres-homme-bracelet-commemoratif-pierre-naturelle\/","url":"https:\/\/crematieasinglas.nl\/fr\/produit\/hsna4021-cremation-cendres-homme-bracelet-commemoratif-pierre-naturelle\/","name":"HSNA4021 | Cr\u00e9mation cendres homme bracelet comm\u00e9moratif pierre naturelle - Winkel voor Crematie-as in glas","isPartOf":{"@id":"https:\/\/crematieasinglas.nl\/#website"},"primaryImageOfPage":{"@id":"https:\/\/crematieasinglas.nl\/fr\/produit\/hsna4021-cremation-cendres-homme-bracelet-commemoratif-pierre-naturelle\/#primaryimage"},"image":{"@id":"https:\/\/crematieasinglas.nl\/fr\/produit\/hsna4021-cremation-cendres-homme-bracelet-commemoratif-pierre-naturelle\/#primaryimage"},"thumbnailUrl":"https:\/\/crematieasinglas.nl\/wp-content\/uploads\/2025\/06\/crematie-as-heren-armband-natuursteen-grey-1-hsna4021.jpg","datePublished":"2025-06-22T11:49:32+00:00","breadcrumb":{"@id":"https:\/\/crematieasinglas.nl\/fr\/produit\/hsna4021-cremation-cendres-homme-bracelet-commemoratif-pierre-naturelle\/#breadcrumb"},"inLanguage":"fr-FR","potentialAction":[{"@type":"ReadAction","target":["https:\/\/crematieasinglas.nl\/fr\/produit\/hsna4021-cremation-cendres-homme-bracelet-commemoratif-pierre-naturelle\/"]}]},{"@type":"ImageObject","inLanguage":"fr-FR","@id":"https:\/\/crematieasinglas.nl\/fr\/produit\/hsna4021-cremation-cendres-homme-bracelet-commemoratif-pierre-naturelle\/#primaryimage","url":"https:\/\/crematieasinglas.nl\/wp-content\/uploads\/2025\/06\/crematie-as-heren-armband-natuursteen-grey-1-hsna4021.jpg","contentUrl":"https:\/\/crematieasinglas.nl\/wp-content\/uploads\/2025\/06\/crematie-as-heren-armband-natuursteen-grey-1-hsna4021.jpg","width":1000,"height":667},{"@type":"BreadcrumbList","@id":"https:\/\/crematieasinglas.nl\/fr\/produit\/hsna4021-cremation-cendres-homme-bracelet-commemoratif-pierre-naturelle\/#breadcrumb","itemListElement":[{"@type":"ListItem","position":1,"name":"Home","item":"https:\/\/crematieasinglas.nl\/"},{"@type":"ListItem","position":2,"name":"Boutique","item":"https:\/\/crematieasinglas.nl\/fr\/boutique\/"},{"@type":"ListItem","position":3,"name":"HSNA4021 | Cr\u00e9mation cendres homme bracelet comm\u00e9moratif pierre naturelle"}]},{"@type":"WebSite","@id":"https:\/\/crematieasinglas.nl\/#website","url":"https:\/\/crematieasinglas.nl\/","name":"Winkel voor Crematie-as in glas","description":"Een winkel voor crematieasinglas.nl","publisher":{"@id":"https:\/\/crematieasinglas.nl\/#organization"},"potentialAction":[{"@type":"SearchAction","target":{"@type":"EntryPoint","urlTemplate":"https:\/\/crematieasinglas.nl\/?s={search_term_string}"},"query-input":{"@type":"PropertyValueSpecification","valueRequired":true,"valueName":"search_term_string"}}],"inLanguage":"fr-FR"},{"@type":"Organization","@id":"https:\/\/crematieasinglas.nl\/#organization","name":"Dierbaarasinglas.nl","alternateName":"Crematieasinglas.nl","url":"https:\/\/crematieasinglas.nl\/","logo":{"@type":"ImageObject","inLanguage":"fr-FR","@id":"https:\/\/crematieasinglas.nl\/#\/schema\/logo\/image\/","url":"https:\/\/crematieasinglas.nl\/wp-content\/uploads\/2024\/10\/logo-02-playfair-googlefont-met-hartje-02.png","contentUrl":"https:\/\/crematieasinglas.nl\/wp-content\/uploads\/2024\/10\/logo-02-playfair-googlefont-met-hartje-02.png","width":582,"height":136,"caption":"Dierbaarasinglas.nl"},"image":{"@id":"https:\/\/crematieasinglas.nl\/#\/schema\/logo\/image\/"}}]}},"_links":{"self":[{"href":"https:\/\/crematieasinglas.nl\/fr\/wp-json\/wp\/v2\/product\/19905","targetHints":{"allow":["GET"]}}],"collection":[{"href":"https:\/\/crematieasinglas.nl\/fr\/wp-json\/wp\/v2\/product"}],"about":[{"href":"https:\/\/crematieasinglas.nl\/fr\/wp-json\/wp\/v2\/types\/product"}],"replies":[{"embeddable":true,"href":"https:\/\/crematieasinglas.nl\/fr\/wp-json\/wp\/v2\/comments?post=19905"}],"wp:featuredmedia":[{"embeddable":true,"href":"https:\/\/crematieasinglas.nl\/fr\/wp-json\/wp\/v2\/media\/18760"}],"wp:attachment":[{"href":"https:\/\/crematieasinglas.nl\/fr\/wp-json\/wp\/v2\/media?parent=19905"}],"wp:term":[{"taxonomy":"product_brand","embeddable":true,"href":"https:\/\/crematieasinglas.nl\/fr\/wp-json\/wp\/v2\/product_brand?post=19905"},{"taxonomy":"product_cat","embeddable":true,"href":"https:\/\/crematieasinglas.nl\/fr\/wp-json\/wp\/v2\/product_cat?post=19905"},{"taxonomy":"product_tag","embeddable":true,"href":"https:\/\/crematieasinglas.nl\/fr\/wp-json\/wp\/v2\/product_tag?post=19905"}],"curies":[{"name":"wp","href":"https:\/\/api.w.org\/{rel}","templated":true}]}}