{"id":19895,"date":"2025-09-01T10:36:05","date_gmt":"2025-09-01T10:36:05","guid":{"rendered":"https:\/\/ebdxvyckeo.onrocket.site\/product\/gddvs7001-remember-womens-double-processing-jewelry\/"},"modified":"2025-06-23T12:57:06","modified_gmt":"2025-06-23T12:57:06","slug":"gddvs7001-remember-womens-double-processing-jewelry","status":"publish","type":"product","link":"https:\/\/crematieasinglas.nl\/fr\/produit\/gddvs7001-remember-womens-double-processing-jewelry\/","title":{"rendered":"GDDVS7001 | Remember Women\u2019s Double Processing Jewelry"},"content":{"rendered":"<p>Num\u00e9ro de code&nbsp;: GDDVS7001<br \/>\nCollection&nbsp;: Pour elle<br \/>\nCat\u00e9gorie&nbsp;: comm\u00e9morer les bijoux de double traitement des dames 7000<\/p>\n<h3>D\u00e9lai de livraison&nbsp;:<br \/>\n8 jours ouvrables (2 semaines) apr\u00e8s r\u00e9ception des cendres de cr\u00e9mation<\/h3>\n<h3>Information:<\/h3>\n<p>Hauteur : 12 mm<br \/>\nLargeur&nbsp;: Sur mesure<br \/>\nProfondeur : sur mesure<br \/>\nCouleur : multicolore scintillant<br \/>\nContenu:<br \/>\nStock : 5 article en stock<\/p>\n<h3>Description sp\u00e9cifique :<\/h3>\n<h3>D\u00e9finition:<\/h3>\n<p>Attention : ces bijoux comm\u00e9moratifs sont faits \u00e0 la main pour vous et ne peuvent pas \u00eatre remplis \u00e0 la maison.<br \/>\nCe bijou peut contenir 2 cendres de cr\u00e9mation diff\u00e9rentes trait\u00e9es dans deux breloques en verre distinctes. Le traitement a lieu dans mon studio avec soin, respect et la plus grande attention \u2013 les cendres de cr\u00e9mation sont trait\u00e9es s\u00e9par\u00e9ment et avec le plus grand soin, de sorte que vous pouvez \u00eatre totalement s\u00fbr que vos souvenirs sont entre de bonnes mains.<br \/>\nLes photos pr\u00e9sent\u00e9es montrent un exemple du r\u00e9sultat final, mais chaque bijou comm\u00e9moratif est unique. Les cendres de cr\u00e9mation peuvent varier en couleur et en texture, assurant un r\u00e9sultat enti\u00e8rement personnalis\u00e9.<br \/>\nApr\u00e8s avoir command\u00e9, vous recevrez des instructions d\u2019exp\u00e9dition claires par e-mail. Apr\u00e8s avoir re\u00e7u les cendres de cr\u00e9mation, vos bijoux seront retourn\u00e9s avec soin apr\u00e8s 8 jours ouvrables par colis postal ou colis bo\u00eete aux lettres de DHL. Le reste du mat\u00e9riel sera soigneusement entretenu et renvoy\u00e9 emball\u00e9 s\u00e9par\u00e9ment avec l\u2019envoi.<br \/>\nCrematieasinglas.nl s\u2019agit d\u2019une marque prot\u00e9g\u00e9e et garantie, officiellement enregistr\u00e9e au Registre europ\u00e9en des marques (OBPI). Vous \u00eates assur\u00e9 d\u2019un bijou comm\u00e9moratif soigneusement fabriqu\u00e9 et fait \u00e0 la main &#8211; unique, personnel et sans production de masse.     <\/p>\n<h3>Livraison:<\/h3>\n<p>Apr\u00e8s avoir pass\u00e9 votre commande de ce bracelet pour femme choisi avec traitement des cendres de cr\u00e9mation double, je vous contacterai par e-mail pour demander votre taille de poignet. Vous recevrez des instructions claires pour passer facilement la bonne taille. Sur la base de cette taille, la taille du bracelet est d\u00e9termin\u00e9e. Les options sont la taille S, la taille M et la taille L. Ces tailles de bracelet conviennent du tour de poignet 15cm au tour de poignet 18,5 cm !     <\/p>\n<p>Vous recevrez ensuite une \u00e9tiquette d\u2019exp\u00e9dition num\u00e9rique gratuite (uniquement pour les adresses n\u00e9erlandaises) avec laquelle vous pourrez m\u2019envoyer en toute s\u00e9curit\u00e9 les cendres de cr\u00e9mation. Une petite quantit\u00e9 \u2013 environ deux cuill\u00e8res \u00e0 caf\u00e9, par cendres de cr\u00e9mation (soit un total de 4 cuill\u00e8res \u00e0 caf\u00e9 avec double traitement) \u2013 est suffisante. J\u2019explique clairement dans mon e-mail comment vous pouvez au mieux emballer et envoyer ceci.  <\/p>\n<p>Malheureusement, l\u2019\u00e9tiquette d\u2019exp\u00e9dition n\u2019est pas disponible pour les clients \u00e9trangers, mais je voudrais vous donner des conseils pour une exp\u00e9dition en toute s\u00e9curit\u00e9 depuis l\u2019\u00e9tranger.<\/p>\n<p>L\u2019\u00e9tiquette d\u2019exp\u00e9dition est destin\u00e9e \u00e0 un colis de bo\u00eete aux lettres DHL que vous pouvez suivre via track &amp; trace. Vous pouvez retourner le colis gratuitement dans un d\u00e9lai de 5 jours dans un point de d\u00e9p\u00f4t DHL. Dans mon e-mail, j\u2019indique les dimensions auxquelles le colis doit r\u00e9pondre et o\u00f9 se trouve le point DHL le plus proche.  <\/p>\n<p>Un envoi s\u00fbr et tra\u00e7able a toujours \u00e9t\u00e9 garanti, bien que nous ne puissions pas \u00eatre tenus responsables des erreurs de la part du transporteur.<\/p>\n<p>Pr\u00e9f\u00e9rez-vous remettre les cendres de cr\u00e9mation en personne&nbsp;? C\u2019est possible sur rendez-vous dans mon showroom chez Hoogakker 2E \u00e0 Hapert. Vous pouvez facilement prendre rendez-vous pour cela via www.crematieasinglas.nl.  <\/p>\n<p>Apr\u00e8s avoir re\u00e7u les cendres de cr\u00e9mation, je travaillerai avec le plus grand soin et d\u00e9vouement sur vos bijoux comm\u00e9moratifs, ou visitez notre site Web&nbsp;: <a href=\"https:\/\/crematieasinglas.nl\">site Web crematieasinglas.nl<\/a><\/p>\n<h3>Impression<\/h3>\n<div style=\"width: 640px;\" class=\"wp-video\"><video class=\"wp-video-shortcode\" id=\"video-19895-1\" width=\"640\" height=\"360\" preload=\"metadata\" controls=\"controls\"><source type=\"video\/mp4\" src=\"https:\/\/crematieasinglas.nl\/media\/voor-haar\/gedenk-dames-dubbele-verwerking-sieraad-7000\/crematie-as-dames-dubbele-verwerking-sieraad-armband-rainbow-video-gddvs7001.mp4?_=1\" \/><a href=\"https:\/\/crematieasinglas.nl\/media\/voor-haar\/gedenk-dames-dubbele-verwerking-sieraad-7000\/crematie-as-dames-dubbele-verwerking-sieraad-armband-rainbow-video-gddvs7001.mp4\">https:\/\/crematieasinglas.nl\/media\/voor-haar\/gedenk-dames-dubbele-verwerking-sieraad-7000\/crematie-as-dames-dubbele-verwerking-sieraad-armband-rainbow-video-gddvs7001.mp4<\/a><\/video><\/div>\n<p>&nbsp;<\/p>\n","protected":false},"excerpt":{"rendered":"<p>Bracelet comm\u00e9moratif pour femme en acier inoxydable avec deux breloques en verre dans lesquelles les cendres de cr\u00e9mation sont trait\u00e9es. Subtil, s\u00fbr et scintillant avec une marguerite argent\u00e9e comme symbole de connexion. <\/p>\n","protected":false},"featured_media":19896,"comment_status":"closed","ping_status":"open","template":"","meta":[],"product_brand":[],"product_cat":[956,912],"product_tag":[],"class_list":{"0":"post-19895","1":"product","2":"type-product","3":"status-publish","4":"has-post-thumbnail","6":"product_cat-commemorer-les-bijoux-a-double-traitement-pour-femmes-7000","7":"product_cat-pour-elle","8":"pa_kleur-scintillements-multicolores","10":"first","11":"instock","12":"purchasable","13":"product-type-simple"},"yoast_head":"<!-- This site is optimized with the Yoast SEO Premium plugin v27.5 (Yoast SEO v27.5) - https:\/\/yoast.com\/product\/yoast-seo-premium-wordpress\/ -->\n<title>GDDVS7001 | Remember Women\u2019s Double Processing Jewelry - Winkel voor Crematie-as in glas<\/title>\n<meta name=\"robots\" content=\"index, follow, max-snippet:-1, max-image-preview:large, max-video-preview:-1\" \/>\n<link rel=\"canonical\" href=\"https:\/\/crematieasinglas.nl\/produit\/gddvs7001-gedenk-dames-dubbele-verwerking-sieraad\/\" \/>\n<meta property=\"og:locale\" content=\"fr_FR\" \/>\n<meta property=\"og:type\" content=\"article\" \/>\n<meta property=\"og:title\" content=\"GDDVS7001 | Remember Women\u2019s Double Processing Jewelry\" \/>\n<meta property=\"og:description\" content=\"Bracelet comm\u00e9moratif pour femme en acier inoxydable avec deux breloques en verre dans lesquelles les cendres de cr\u00e9mation sont trait\u00e9es. Subtil, s\u00fbr et scintillant avec une marguerite argent\u00e9e comme symbole de connexion.\" \/>\n<meta property=\"og:url\" content=\"https:\/\/crematieasinglas.nl\/produit\/gddvs7001-gedenk-dames-dubbele-verwerking-sieraad\/\" \/>\n<meta property=\"og:site_name\" content=\"Winkel voor Crematie-as in glas\" \/>\n<meta property=\"og:image\" content=\"https:\/\/crematieasinglas.nl\/wp-content\/uploads\/2025\/06\/crematie-as-dames-dubbele-verwerking-sieraad-armband-rainbow-1-gddvs7001.jpg\" \/>\n\t<meta property=\"og:image:width\" content=\"1000\" \/>\n\t<meta property=\"og:image:height\" content=\"667\" \/>\n\t<meta property=\"og:image:type\" content=\"image\/jpeg\" \/>\n<meta name=\"twitter:card\" content=\"summary_large_image\" \/>\n<meta name=\"twitter:label1\" content=\"Dur\u00e9e de lecture estim\u00e9e\" \/>\n\t<meta name=\"twitter:data1\" content=\"3 minutes\" \/>\n<script type=\"application\/ld+json\" class=\"yoast-schema-graph\">{\"@context\":\"https:\\\/\\\/schema.org\",\"@graph\":[{\"@type\":\"WebPage\",\"@id\":\"https:\\\/\\\/crematieasinglas.nl\\\/produit\\\/gddvs7001-gedenk-dames-dubbele-verwerking-sieraad\\\/\",\"url\":\"https:\\\/\\\/crematieasinglas.nl\\\/produit\\\/gddvs7001-gedenk-dames-dubbele-verwerking-sieraad\\\/\",\"name\":\"GDDVS7001 | Remember Women\u2019s Double Processing Jewelry - Winkel voor Crematie-as in glas\",\"isPartOf\":{\"@id\":\"https:\\\/\\\/crematieasinglas.nl\\\/#website\"},\"primaryImageOfPage\":{\"@id\":\"https:\\\/\\\/crematieasinglas.nl\\\/produit\\\/gddvs7001-gedenk-dames-dubbele-verwerking-sieraad\\\/#primaryimage\"},\"image\":{\"@id\":\"https:\\\/\\\/crematieasinglas.nl\\\/produit\\\/gddvs7001-gedenk-dames-dubbele-verwerking-sieraad\\\/#primaryimage\"},\"thumbnailUrl\":\"https:\\\/\\\/crematieasinglas.nl\\\/wp-content\\\/uploads\\\/2025\\\/06\\\/crematie-as-dames-dubbele-verwerking-sieraad-armband-rainbow-1-gddvs7001.jpg\",\"datePublished\":\"2025-09-01T10:36:05+00:00\",\"breadcrumb\":{\"@id\":\"https:\\\/\\\/crematieasinglas.nl\\\/produit\\\/gddvs7001-gedenk-dames-dubbele-verwerking-sieraad\\\/#breadcrumb\"},\"inLanguage\":\"fr-FR\",\"potentialAction\":[{\"@type\":\"ReadAction\",\"target\":[\"https:\\\/\\\/crematieasinglas.nl\\\/produit\\\/gddvs7001-gedenk-dames-dubbele-verwerking-sieraad\\\/\"]}]},{\"@type\":\"ImageObject\",\"inLanguage\":\"fr-FR\",\"@id\":\"https:\\\/\\\/crematieasinglas.nl\\\/produit\\\/gddvs7001-gedenk-dames-dubbele-verwerking-sieraad\\\/#primaryimage\",\"url\":\"https:\\\/\\\/crematieasinglas.nl\\\/wp-content\\\/uploads\\\/2025\\\/06\\\/crematie-as-dames-dubbele-verwerking-sieraad-armband-rainbow-1-gddvs7001.jpg\",\"contentUrl\":\"https:\\\/\\\/crematieasinglas.nl\\\/wp-content\\\/uploads\\\/2025\\\/06\\\/crematie-as-dames-dubbele-verwerking-sieraad-armband-rainbow-1-gddvs7001.jpg\",\"width\":1000,\"height\":667},{\"@type\":\"BreadcrumbList\",\"@id\":\"https:\\\/\\\/crematieasinglas.nl\\\/produit\\\/gddvs7001-gedenk-dames-dubbele-verwerking-sieraad\\\/#breadcrumb\",\"itemListElement\":[{\"@type\":\"ListItem\",\"position\":1,\"name\":\"Home\",\"item\":\"https:\\\/\\\/crematieasinglas.nl\\\/\"},{\"@type\":\"ListItem\",\"position\":2,\"name\":\"Boutique\",\"item\":\"https:\\\/\\\/crematieasinglas.nl\\\/fr\\\/boutique\\\/\"},{\"@type\":\"ListItem\",\"position\":3,\"name\":\"GDDVS7001 | Remember Women\u2019s Double Processing Jewelry\"}]},{\"@type\":\"WebSite\",\"@id\":\"https:\\\/\\\/crematieasinglas.nl\\\/#website\",\"url\":\"https:\\\/\\\/crematieasinglas.nl\\\/\",\"name\":\"Winkel voor Crematie-as in glas\",\"description\":\"Een winkel voor crematieasinglas.nl\",\"publisher\":{\"@id\":\"https:\\\/\\\/crematieasinglas.nl\\\/#organization\"},\"potentialAction\":[{\"@type\":\"SearchAction\",\"target\":{\"@type\":\"EntryPoint\",\"urlTemplate\":\"https:\\\/\\\/crematieasinglas.nl\\\/?s={search_term_string}\"},\"query-input\":{\"@type\":\"PropertyValueSpecification\",\"valueRequired\":true,\"valueName\":\"search_term_string\"}}],\"inLanguage\":\"fr-FR\"},{\"@type\":\"Organization\",\"@id\":\"https:\\\/\\\/crematieasinglas.nl\\\/#organization\",\"name\":\"Dierbaarasinglas.nl\",\"alternateName\":\"Crematieasinglas.nl\",\"url\":\"https:\\\/\\\/crematieasinglas.nl\\\/\",\"logo\":{\"@type\":\"ImageObject\",\"inLanguage\":\"fr-FR\",\"@id\":\"https:\\\/\\\/crematieasinglas.nl\\\/#\\\/schema\\\/logo\\\/image\\\/\",\"url\":\"https:\\\/\\\/crematieasinglas.nl\\\/wp-content\\\/uploads\\\/2024\\\/10\\\/logo-02-playfair-googlefont-met-hartje-02.png\",\"contentUrl\":\"https:\\\/\\\/crematieasinglas.nl\\\/wp-content\\\/uploads\\\/2024\\\/10\\\/logo-02-playfair-googlefont-met-hartje-02.png\",\"width\":582,\"height\":136,\"caption\":\"Dierbaarasinglas.nl\"},\"image\":{\"@id\":\"https:\\\/\\\/crematieasinglas.nl\\\/#\\\/schema\\\/logo\\\/image\\\/\"}}]}<\/script>\n<!-- \/ Yoast SEO Premium plugin. -->","yoast_head_json":{"title":"GDDVS7001 | Remember Women\u2019s Double Processing Jewelry - Winkel voor Crematie-as in glas","robots":{"index":"index","follow":"follow","max-snippet":"max-snippet:-1","max-image-preview":"max-image-preview:large","max-video-preview":"max-video-preview:-1"},"canonical":"https:\/\/crematieasinglas.nl\/produit\/gddvs7001-gedenk-dames-dubbele-verwerking-sieraad\/","og_locale":"fr_FR","og_type":"article","og_title":"GDDVS7001 | Remember Women\u2019s Double Processing Jewelry","og_description":"Bracelet comm\u00e9moratif pour femme en acier inoxydable avec deux breloques en verre dans lesquelles les cendres de cr\u00e9mation sont trait\u00e9es. Subtil, s\u00fbr et scintillant avec une marguerite argent\u00e9e comme symbole de connexion.","og_url":"https:\/\/crematieasinglas.nl\/produit\/gddvs7001-gedenk-dames-dubbele-verwerking-sieraad\/","og_site_name":"Winkel voor Crematie-as in glas","og_image":[{"width":1000,"height":667,"url":"https:\/\/crematieasinglas.nl\/wp-content\/uploads\/2025\/06\/crematie-as-dames-dubbele-verwerking-sieraad-armband-rainbow-1-gddvs7001.jpg","type":"image\/jpeg"}],"twitter_card":"summary_large_image","twitter_misc":{"Dur\u00e9e de lecture estim\u00e9e":"3 minutes"},"schema":{"@context":"https:\/\/schema.org","@graph":[{"@type":"WebPage","@id":"https:\/\/crematieasinglas.nl\/produit\/gddvs7001-gedenk-dames-dubbele-verwerking-sieraad\/","url":"https:\/\/crematieasinglas.nl\/produit\/gddvs7001-gedenk-dames-dubbele-verwerking-sieraad\/","name":"GDDVS7001 | Remember Women\u2019s Double Processing Jewelry - Winkel voor Crematie-as in glas","isPartOf":{"@id":"https:\/\/crematieasinglas.nl\/#website"},"primaryImageOfPage":{"@id":"https:\/\/crematieasinglas.nl\/produit\/gddvs7001-gedenk-dames-dubbele-verwerking-sieraad\/#primaryimage"},"image":{"@id":"https:\/\/crematieasinglas.nl\/produit\/gddvs7001-gedenk-dames-dubbele-verwerking-sieraad\/#primaryimage"},"thumbnailUrl":"https:\/\/crematieasinglas.nl\/wp-content\/uploads\/2025\/06\/crematie-as-dames-dubbele-verwerking-sieraad-armband-rainbow-1-gddvs7001.jpg","datePublished":"2025-09-01T10:36:05+00:00","breadcrumb":{"@id":"https:\/\/crematieasinglas.nl\/produit\/gddvs7001-gedenk-dames-dubbele-verwerking-sieraad\/#breadcrumb"},"inLanguage":"fr-FR","potentialAction":[{"@type":"ReadAction","target":["https:\/\/crematieasinglas.nl\/produit\/gddvs7001-gedenk-dames-dubbele-verwerking-sieraad\/"]}]},{"@type":"ImageObject","inLanguage":"fr-FR","@id":"https:\/\/crematieasinglas.nl\/produit\/gddvs7001-gedenk-dames-dubbele-verwerking-sieraad\/#primaryimage","url":"https:\/\/crematieasinglas.nl\/wp-content\/uploads\/2025\/06\/crematie-as-dames-dubbele-verwerking-sieraad-armband-rainbow-1-gddvs7001.jpg","contentUrl":"https:\/\/crematieasinglas.nl\/wp-content\/uploads\/2025\/06\/crematie-as-dames-dubbele-verwerking-sieraad-armband-rainbow-1-gddvs7001.jpg","width":1000,"height":667},{"@type":"BreadcrumbList","@id":"https:\/\/crematieasinglas.nl\/produit\/gddvs7001-gedenk-dames-dubbele-verwerking-sieraad\/#breadcrumb","itemListElement":[{"@type":"ListItem","position":1,"name":"Home","item":"https:\/\/crematieasinglas.nl\/"},{"@type":"ListItem","position":2,"name":"Boutique","item":"https:\/\/crematieasinglas.nl\/fr\/boutique\/"},{"@type":"ListItem","position":3,"name":"GDDVS7001 | Remember Women\u2019s Double Processing Jewelry"}]},{"@type":"WebSite","@id":"https:\/\/crematieasinglas.nl\/#website","url":"https:\/\/crematieasinglas.nl\/","name":"Winkel voor Crematie-as in glas","description":"Een winkel voor crematieasinglas.nl","publisher":{"@id":"https:\/\/crematieasinglas.nl\/#organization"},"potentialAction":[{"@type":"SearchAction","target":{"@type":"EntryPoint","urlTemplate":"https:\/\/crematieasinglas.nl\/?s={search_term_string}"},"query-input":{"@type":"PropertyValueSpecification","valueRequired":true,"valueName":"search_term_string"}}],"inLanguage":"fr-FR"},{"@type":"Organization","@id":"https:\/\/crematieasinglas.nl\/#organization","name":"Dierbaarasinglas.nl","alternateName":"Crematieasinglas.nl","url":"https:\/\/crematieasinglas.nl\/","logo":{"@type":"ImageObject","inLanguage":"fr-FR","@id":"https:\/\/crematieasinglas.nl\/#\/schema\/logo\/image\/","url":"https:\/\/crematieasinglas.nl\/wp-content\/uploads\/2024\/10\/logo-02-playfair-googlefont-met-hartje-02.png","contentUrl":"https:\/\/crematieasinglas.nl\/wp-content\/uploads\/2024\/10\/logo-02-playfair-googlefont-met-hartje-02.png","width":582,"height":136,"caption":"Dierbaarasinglas.nl"},"image":{"@id":"https:\/\/crematieasinglas.nl\/#\/schema\/logo\/image\/"}}]}},"_links":{"self":[{"href":"https:\/\/crematieasinglas.nl\/fr\/wp-json\/wp\/v2\/product\/19895","targetHints":{"allow":["GET"]}}],"collection":[{"href":"https:\/\/crematieasinglas.nl\/fr\/wp-json\/wp\/v2\/product"}],"about":[{"href":"https:\/\/crematieasinglas.nl\/fr\/wp-json\/wp\/v2\/types\/product"}],"replies":[{"embeddable":true,"href":"https:\/\/crematieasinglas.nl\/fr\/wp-json\/wp\/v2\/comments?post=19895"}],"wp:featuredmedia":[{"embeddable":true,"href":"https:\/\/crematieasinglas.nl\/fr\/wp-json\/wp\/v2\/media\/19896"}],"wp:attachment":[{"href":"https:\/\/crematieasinglas.nl\/fr\/wp-json\/wp\/v2\/media?parent=19895"}],"wp:term":[{"taxonomy":"product_brand","embeddable":true,"href":"https:\/\/crematieasinglas.nl\/fr\/wp-json\/wp\/v2\/product_brand?post=19895"},{"taxonomy":"product_cat","embeddable":true,"href":"https:\/\/crematieasinglas.nl\/fr\/wp-json\/wp\/v2\/product_cat?post=19895"},{"taxonomy":"product_tag","embeddable":true,"href":"https:\/\/crematieasinglas.nl\/fr\/wp-json\/wp\/v2\/product_tag?post=19895"}],"curies":[{"name":"wp","href":"https:\/\/api.w.org\/{rel}","templated":true}]}}