{"id":19799,"date":"2025-10-22T14:52:33","date_gmt":"2025-10-22T14:52:33","guid":{"rendered":"https:\/\/ebdxvyckeo.onrocket.site\/product\/dgu1028-urne-design-esprit-verre\/"},"modified":"2025-06-28T08:51:26","modified_gmt":"2025-06-28T08:51:26","slug":"dgu1028-urne-design-esprit-verre","status":"publish","type":"product","link":"https:\/\/crematieasinglas.nl\/fr\/produit\/dgu1028-urne-design-esprit-verre\/","title":{"rendered":"DGU1028 | Urne Design Esprit Verre"},"content":{"rendered":"<p>Num\u00e9ro de code&nbsp;: DGU1028<br \/>\nCollection&nbsp;: Urnes<br \/>\nCat\u00e9gorie&nbsp;: Urne design en verre | DGU 1000<\/p>\n<h4>\n<h3>Livraison:<\/h3>\n<h3>5 jours ouvrables<\/h3>\n<\/h4>\n<h4>D\u00e9finition:<\/h4>\n<h3>Cette urne design en verre convient \u00e0 une petite partie d\u2019une destination de cendres de cr\u00e9mation<\/h3>\n<p>Parce que l\u2019urne est faite \u00e0 la main, il peut toujours y avoir de petites bulles d\u2019air dans le verre. Celui-ci appartient au verre et est cr\u00e9\u00e9 lors de la fabrication de l\u2019urne. <\/p>\n<h4>Description sp\u00e9cifique :<\/h4>\n<p><strong>Urne design en verre \u00e0 esprit avec chambre \u00e0<\/strong> cendres transparentes violettes et c\u00f4t\u00e9 sabl\u00e9.<br \/>\n<br \/>Maintenant, temporairement et gratuitement avec cette urne, un papillon en 2D. La couleur finale de ce <strong>papillon<\/strong> peut diff\u00e9rer de celle du papillon sur la photo, mais nous chercherons le <strong>papillon de couleur le plus appropri\u00e9<\/strong> qui est en stock.<br \/>Bien que cette urne soit fabriqu\u00e9e \u00e0 la main sur commande, nous comprenons qu\u2019il est agr\u00e9able d\u2019avoir une possibilit\u00e9 de retour malgr\u00e9 la personnalisation. Par cons\u00e9quent, le retour avec cette urne est possible sous certaines conditions.  <\/p>\n<h4>Information:<\/h4>\n<p>Hauteur : 19cm<br \/>\nLargeur : 8cm<br \/>\nProfondeur : 8 cm<br \/>\nCouleur : violet<br \/>\nContenance : 70ml<br \/>\nStock&nbsp;: 2 article en stock<br \/>\nUrne \u00e0 remplir vous-m\u00eame :; Oui, le manuel est inclus<\/p>\n<h4>Livraison:<\/h4>\n<p>Apr\u00e8s votre commande, je vous contacterai, quel nom peut \u00eatre appliqu\u00e9 \u00e0 l\u2019urne. Si vous avez des questions \u00e0 l\u2019avance, n\u2019h\u00e9sitez pas \u00e0 info@crematieasinglas.nl envoyer un e-mail <\/p>\n<p><a href=\"https:\/\/crematieasinglas.nl\">site web crematieasinglas.nl<\/a><\/p>\n<h4>Vid\u00e9o<\/h4>\n","protected":false},"excerpt":{"rendered":"<p>L\u2019urne de cr\u00e9mation en verre design Spirit est une urne sp\u00e9cialement fabriqu\u00e9e et convient \u00e0 une petite quantit\u00e9 de cendres de cr\u00e9mation.<\/p>\n","protected":false},"featured_media":15827,"comment_status":"closed","ping_status":"open","template":"","meta":[],"product_brand":[],"product_cat":[520,898],"product_tag":[929,927,928],"class_list":{"0":"post-19799","1":"product","2":"type-product","3":"status-publish","4":"has-post-thumbnail","6":"product_cat-urne-verre-personalisee-dgu1000","7":"product_cat-urnes","8":"product_tag-fait-main","9":"product_tag-urne-design","10":"product_tag-verre","11":"pa_inhoud-70ml-fr","12":"pa_kleur-pourpre","13":"pa_leveringsvoorwaarden-apres-votre-commande-je-vous-contacterai-quel-nom-peut-etre-applique-a-lurne-si-vous-avez-des-questions-a-lavance-nhesitez-pas-a-infocrematieasinglas-nl-envoyer-un-e-ma","15":"first","16":"instock","17":"purchasable","18":"product-type-simple"},"yoast_head":"<!-- This site is optimized with the Yoast SEO Premium plugin v27.5 (Yoast SEO v27.5) - https:\/\/yoast.com\/product\/yoast-seo-premium-wordpress\/ -->\n<title>DGU1028 | Urne Design Esprit Verre - Winkel voor Crematie-as in glas<\/title>\n<meta name=\"description\" content=\"L\u2019urne de cr\u00e9mation en verre design Spirit est une urne sp\u00e9cialement fabriqu\u00e9e et convient \u00e0 une petite quantit\u00e9 de cendres de cr\u00e9mation.\" \/>\n<meta name=\"robots\" content=\"index, follow, max-snippet:-1, max-image-preview:large, max-video-preview:-1\" \/>\n<link rel=\"canonical\" href=\"https:\/\/crematieasinglas.nl\/produit\/dgu1028-design-urn-glas-spirit\/\" \/>\n<meta property=\"og:locale\" content=\"fr_FR\" \/>\n<meta property=\"og:type\" content=\"article\" \/>\n<meta property=\"og:title\" content=\"DGU1028 | Urne Design Esprit Verre\" \/>\n<meta property=\"og:description\" content=\"L\u2019urne de cr\u00e9mation en verre design Spirit est une urne sp\u00e9cialement fabriqu\u00e9e et convient \u00e0 une petite quantit\u00e9 de cendres de cr\u00e9mation.\" \/>\n<meta property=\"og:url\" content=\"https:\/\/crematieasinglas.nl\/produit\/dgu1028-design-urn-glas-spirit\/\" \/>\n<meta property=\"og:site_name\" content=\"Winkel voor Crematie-as in glas\" \/>\n<meta property=\"og:image\" content=\"https:\/\/crematieasinglas.nl\/wp-content\/uploads\/2025\/01\/crematie-as-design-urn-glas-spirit-paars-1-dgu1028.jpg\" \/>\n\t<meta property=\"og:image:width\" content=\"1333\" \/>\n\t<meta property=\"og:image:height\" content=\"2000\" \/>\n\t<meta property=\"og:image:type\" content=\"image\/jpeg\" \/>\n<meta name=\"twitter:card\" content=\"summary_large_image\" \/>\n<meta name=\"twitter:label1\" content=\"Dur\u00e9e de lecture estim\u00e9e\" \/>\n\t<meta name=\"twitter:data1\" content=\"1 minute\" \/>\n<script type=\"application\/ld+json\" class=\"yoast-schema-graph\">{\"@context\":\"https:\\\/\\\/schema.org\",\"@graph\":[{\"@type\":\"WebPage\",\"@id\":\"https:\\\/\\\/crematieasinglas.nl\\\/produit\\\/dgu1028-design-urn-glas-spirit\\\/\",\"url\":\"https:\\\/\\\/crematieasinglas.nl\\\/produit\\\/dgu1028-design-urn-glas-spirit\\\/\",\"name\":\"DGU1028 | Urne Design Esprit Verre - Winkel voor Crematie-as in glas\",\"isPartOf\":{\"@id\":\"https:\\\/\\\/crematieasinglas.nl\\\/#website\"},\"primaryImageOfPage\":{\"@id\":\"https:\\\/\\\/crematieasinglas.nl\\\/produit\\\/dgu1028-design-urn-glas-spirit\\\/#primaryimage\"},\"image\":{\"@id\":\"https:\\\/\\\/crematieasinglas.nl\\\/produit\\\/dgu1028-design-urn-glas-spirit\\\/#primaryimage\"},\"thumbnailUrl\":\"https:\\\/\\\/crematieasinglas.nl\\\/wp-content\\\/uploads\\\/2025\\\/01\\\/crematie-as-design-urn-glas-spirit-paars-1-dgu1028.jpg\",\"datePublished\":\"2025-10-22T14:52:33+00:00\",\"description\":\"L\u2019urne de cr\u00e9mation en verre design Spirit est une urne sp\u00e9cialement fabriqu\u00e9e et convient \u00e0 une petite quantit\u00e9 de cendres de cr\u00e9mation.\",\"breadcrumb\":{\"@id\":\"https:\\\/\\\/crematieasinglas.nl\\\/produit\\\/dgu1028-design-urn-glas-spirit\\\/#breadcrumb\"},\"inLanguage\":\"fr-FR\",\"potentialAction\":[{\"@type\":\"ReadAction\",\"target\":[\"https:\\\/\\\/crematieasinglas.nl\\\/produit\\\/dgu1028-design-urn-glas-spirit\\\/\"]}]},{\"@type\":\"ImageObject\",\"inLanguage\":\"fr-FR\",\"@id\":\"https:\\\/\\\/crematieasinglas.nl\\\/produit\\\/dgu1028-design-urn-glas-spirit\\\/#primaryimage\",\"url\":\"https:\\\/\\\/crematieasinglas.nl\\\/wp-content\\\/uploads\\\/2025\\\/01\\\/crematie-as-design-urn-glas-spirit-paars-1-dgu1028.jpg\",\"contentUrl\":\"https:\\\/\\\/crematieasinglas.nl\\\/wp-content\\\/uploads\\\/2025\\\/01\\\/crematie-as-design-urn-glas-spirit-paars-1-dgu1028.jpg\",\"width\":1333,\"height\":2000},{\"@type\":\"BreadcrumbList\",\"@id\":\"https:\\\/\\\/crematieasinglas.nl\\\/produit\\\/dgu1028-design-urn-glas-spirit\\\/#breadcrumb\",\"itemListElement\":[{\"@type\":\"ListItem\",\"position\":1,\"name\":\"Home\",\"item\":\"https:\\\/\\\/crematieasinglas.nl\\\/\"},{\"@type\":\"ListItem\",\"position\":2,\"name\":\"Boutique\",\"item\":\"https:\\\/\\\/crematieasinglas.nl\\\/fr\\\/boutique\\\/\"},{\"@type\":\"ListItem\",\"position\":3,\"name\":\"DGU1028 | Urne Design Esprit Verre\"}]},{\"@type\":\"WebSite\",\"@id\":\"https:\\\/\\\/crematieasinglas.nl\\\/#website\",\"url\":\"https:\\\/\\\/crematieasinglas.nl\\\/\",\"name\":\"Winkel voor Crematie-as in glas\",\"description\":\"Een winkel voor crematieasinglas.nl\",\"publisher\":{\"@id\":\"https:\\\/\\\/crematieasinglas.nl\\\/#organization\"},\"potentialAction\":[{\"@type\":\"SearchAction\",\"target\":{\"@type\":\"EntryPoint\",\"urlTemplate\":\"https:\\\/\\\/crematieasinglas.nl\\\/?s={search_term_string}\"},\"query-input\":{\"@type\":\"PropertyValueSpecification\",\"valueRequired\":true,\"valueName\":\"search_term_string\"}}],\"inLanguage\":\"fr-FR\"},{\"@type\":\"Organization\",\"@id\":\"https:\\\/\\\/crematieasinglas.nl\\\/#organization\",\"name\":\"Dierbaarasinglas.nl\",\"alternateName\":\"Crematieasinglas.nl\",\"url\":\"https:\\\/\\\/crematieasinglas.nl\\\/\",\"logo\":{\"@type\":\"ImageObject\",\"inLanguage\":\"fr-FR\",\"@id\":\"https:\\\/\\\/crematieasinglas.nl\\\/#\\\/schema\\\/logo\\\/image\\\/\",\"url\":\"https:\\\/\\\/crematieasinglas.nl\\\/wp-content\\\/uploads\\\/2024\\\/10\\\/logo-02-playfair-googlefont-met-hartje-02.png\",\"contentUrl\":\"https:\\\/\\\/crematieasinglas.nl\\\/wp-content\\\/uploads\\\/2024\\\/10\\\/logo-02-playfair-googlefont-met-hartje-02.png\",\"width\":582,\"height\":136,\"caption\":\"Dierbaarasinglas.nl\"},\"image\":{\"@id\":\"https:\\\/\\\/crematieasinglas.nl\\\/#\\\/schema\\\/logo\\\/image\\\/\"}}]}<\/script>\n<!-- \/ Yoast SEO Premium plugin. -->","yoast_head_json":{"title":"DGU1028 | Urne Design Esprit Verre - Winkel voor Crematie-as in glas","description":"L\u2019urne de cr\u00e9mation en verre design Spirit est une urne sp\u00e9cialement fabriqu\u00e9e et convient \u00e0 une petite quantit\u00e9 de cendres de cr\u00e9mation.","robots":{"index":"index","follow":"follow","max-snippet":"max-snippet:-1","max-image-preview":"max-image-preview:large","max-video-preview":"max-video-preview:-1"},"canonical":"https:\/\/crematieasinglas.nl\/produit\/dgu1028-design-urn-glas-spirit\/","og_locale":"fr_FR","og_type":"article","og_title":"DGU1028 | Urne Design Esprit Verre","og_description":"L\u2019urne de cr\u00e9mation en verre design Spirit est une urne sp\u00e9cialement fabriqu\u00e9e et convient \u00e0 une petite quantit\u00e9 de cendres de cr\u00e9mation.","og_url":"https:\/\/crematieasinglas.nl\/produit\/dgu1028-design-urn-glas-spirit\/","og_site_name":"Winkel voor Crematie-as in glas","og_image":[{"width":1333,"height":2000,"url":"https:\/\/crematieasinglas.nl\/wp-content\/uploads\/2025\/01\/crematie-as-design-urn-glas-spirit-paars-1-dgu1028.jpg","type":"image\/jpeg"}],"twitter_card":"summary_large_image","twitter_misc":{"Dur\u00e9e de lecture estim\u00e9e":"1 minute"},"schema":{"@context":"https:\/\/schema.org","@graph":[{"@type":"WebPage","@id":"https:\/\/crematieasinglas.nl\/produit\/dgu1028-design-urn-glas-spirit\/","url":"https:\/\/crematieasinglas.nl\/produit\/dgu1028-design-urn-glas-spirit\/","name":"DGU1028 | Urne Design Esprit Verre - Winkel voor Crematie-as in glas","isPartOf":{"@id":"https:\/\/crematieasinglas.nl\/#website"},"primaryImageOfPage":{"@id":"https:\/\/crematieasinglas.nl\/produit\/dgu1028-design-urn-glas-spirit\/#primaryimage"},"image":{"@id":"https:\/\/crematieasinglas.nl\/produit\/dgu1028-design-urn-glas-spirit\/#primaryimage"},"thumbnailUrl":"https:\/\/crematieasinglas.nl\/wp-content\/uploads\/2025\/01\/crematie-as-design-urn-glas-spirit-paars-1-dgu1028.jpg","datePublished":"2025-10-22T14:52:33+00:00","description":"L\u2019urne de cr\u00e9mation en verre design Spirit est une urne sp\u00e9cialement fabriqu\u00e9e et convient \u00e0 une petite quantit\u00e9 de cendres de cr\u00e9mation.","breadcrumb":{"@id":"https:\/\/crematieasinglas.nl\/produit\/dgu1028-design-urn-glas-spirit\/#breadcrumb"},"inLanguage":"fr-FR","potentialAction":[{"@type":"ReadAction","target":["https:\/\/crematieasinglas.nl\/produit\/dgu1028-design-urn-glas-spirit\/"]}]},{"@type":"ImageObject","inLanguage":"fr-FR","@id":"https:\/\/crematieasinglas.nl\/produit\/dgu1028-design-urn-glas-spirit\/#primaryimage","url":"https:\/\/crematieasinglas.nl\/wp-content\/uploads\/2025\/01\/crematie-as-design-urn-glas-spirit-paars-1-dgu1028.jpg","contentUrl":"https:\/\/crematieasinglas.nl\/wp-content\/uploads\/2025\/01\/crematie-as-design-urn-glas-spirit-paars-1-dgu1028.jpg","width":1333,"height":2000},{"@type":"BreadcrumbList","@id":"https:\/\/crematieasinglas.nl\/produit\/dgu1028-design-urn-glas-spirit\/#breadcrumb","itemListElement":[{"@type":"ListItem","position":1,"name":"Home","item":"https:\/\/crematieasinglas.nl\/"},{"@type":"ListItem","position":2,"name":"Boutique","item":"https:\/\/crematieasinglas.nl\/fr\/boutique\/"},{"@type":"ListItem","position":3,"name":"DGU1028 | Urne Design Esprit Verre"}]},{"@type":"WebSite","@id":"https:\/\/crematieasinglas.nl\/#website","url":"https:\/\/crematieasinglas.nl\/","name":"Winkel voor Crematie-as in glas","description":"Een winkel voor crematieasinglas.nl","publisher":{"@id":"https:\/\/crematieasinglas.nl\/#organization"},"potentialAction":[{"@type":"SearchAction","target":{"@type":"EntryPoint","urlTemplate":"https:\/\/crematieasinglas.nl\/?s={search_term_string}"},"query-input":{"@type":"PropertyValueSpecification","valueRequired":true,"valueName":"search_term_string"}}],"inLanguage":"fr-FR"},{"@type":"Organization","@id":"https:\/\/crematieasinglas.nl\/#organization","name":"Dierbaarasinglas.nl","alternateName":"Crematieasinglas.nl","url":"https:\/\/crematieasinglas.nl\/","logo":{"@type":"ImageObject","inLanguage":"fr-FR","@id":"https:\/\/crematieasinglas.nl\/#\/schema\/logo\/image\/","url":"https:\/\/crematieasinglas.nl\/wp-content\/uploads\/2024\/10\/logo-02-playfair-googlefont-met-hartje-02.png","contentUrl":"https:\/\/crematieasinglas.nl\/wp-content\/uploads\/2024\/10\/logo-02-playfair-googlefont-met-hartje-02.png","width":582,"height":136,"caption":"Dierbaarasinglas.nl"},"image":{"@id":"https:\/\/crematieasinglas.nl\/#\/schema\/logo\/image\/"}}]}},"_links":{"self":[{"href":"https:\/\/crematieasinglas.nl\/fr\/wp-json\/wp\/v2\/product\/19799","targetHints":{"allow":["GET"]}}],"collection":[{"href":"https:\/\/crematieasinglas.nl\/fr\/wp-json\/wp\/v2\/product"}],"about":[{"href":"https:\/\/crematieasinglas.nl\/fr\/wp-json\/wp\/v2\/types\/product"}],"replies":[{"embeddable":true,"href":"https:\/\/crematieasinglas.nl\/fr\/wp-json\/wp\/v2\/comments?post=19799"}],"wp:featuredmedia":[{"embeddable":true,"href":"https:\/\/crematieasinglas.nl\/fr\/wp-json\/wp\/v2\/media\/15827"}],"wp:attachment":[{"href":"https:\/\/crematieasinglas.nl\/fr\/wp-json\/wp\/v2\/media?parent=19799"}],"wp:term":[{"taxonomy":"product_brand","embeddable":true,"href":"https:\/\/crematieasinglas.nl\/fr\/wp-json\/wp\/v2\/product_brand?post=19799"},{"taxonomy":"product_cat","embeddable":true,"href":"https:\/\/crematieasinglas.nl\/fr\/wp-json\/wp\/v2\/product_cat?post=19799"},{"taxonomy":"product_tag","embeddable":true,"href":"https:\/\/crematieasinglas.nl\/fr\/wp-json\/wp\/v2\/product_tag?post=19799"}],"curies":[{"name":"wp","href":"https:\/\/api.w.org\/{rel}","templated":true}]}}