{"id":19777,"date":"2025-10-22T14:57:26","date_gmt":"2025-10-22T14:57:26","guid":{"rendered":"https:\/\/ebdxvyckeo.onrocket.site\/product\/dgu1045-urne-design-en-verre-diamond\/"},"modified":"2025-06-22T09:40:13","modified_gmt":"2025-06-22T09:40:13","slug":"dgu1045-urne-design-en-verre-diamond","status":"publish","type":"product","link":"https:\/\/crematieasinglas.nl\/fr\/produit\/dgu1045-urne-design-en-verre-diamond\/","title":{"rendered":"DGU1045 | Urne design en verre Diamond"},"content":{"rendered":"<p>Num\u00e9ro de code&nbsp;: DGU1045<br \/>\nCollection&nbsp;: Urnes<br \/>\nCat\u00e9gorie&nbsp;: Urne Design en verre | DGU 1000<\/p>\n<h4>\n<h3>Livraison:<\/h3>\n<h3>8 jours ouvr\u00e9s<\/h3>\n<\/h4>\n<h4>D\u00e9finition:<\/h4>\n<h3>Cette urne design en verre convient \u00e0 une petite partie d\u2019une destination de cendres de cr\u00e9mation<\/h3>\n<p>Parce que l\u2019urne est faite \u00e0 la main, il peut toujours y avoir de petites bulles d\u2019air dans le verre. Celui-ci appartient au verre et est cr\u00e9\u00e9 lors de la fabrication de l\u2019urne. <\/p>\n<h4>Description sp\u00e9cifique :<\/h4>\n<p><strong>Urne design en verre Diamond<\/strong> avec chambre \u00e0 cendres transparentes vertes. L\u2019image d\u2019un rouge-gorge est plac\u00e9e sur l\u2019urne \u00e0 l\u2019aide d\u2019une feuille d\u2019\u00e9cran photo.<br \/>\n<br \/>Bien que cette urne soit fabriqu\u00e9e \u00e0 la main sur commande, nous comprenons qu\u2019il est agr\u00e9able d\u2019avoir une possibilit\u00e9 de retour malgr\u00e9 la personnalisation. Par cons\u00e9quent, le retour avec cette urne est possible sous certaines conditions. <\/p>\n<h4>Information:<\/h4>\n<p>Hauteur : 15cm<br \/>\nLargeur : 9cm<br \/>\nProfondeur : 9 cm<br \/>\nCouleur : vert\/jaune<br \/>\nContenu:<br \/>\nStock&nbsp;: 2 article en stock<br \/>\nUrne \u00e0 remplir vous-m\u00eame :; Oui, le manuel est inclus<\/p>\n<h4>Livraison:<\/h4>\n<p>Remarque&nbsp;: Dans la vid\u00e9o, vous pouvez voir deux urnes, mais ce produit n\u2019est qu\u2019une urne design o\u00f9 le rouge-gorge se trouve sur la pierre &#8211; pas sur la branche. Cette urne est la version de haute qualit\u00e9 du verre de cristal avec une chambre \u00e0 cendres transparente vert-jaune. Si vous commandez cet article, vous recevrez exactement le sp\u00e9cimen tel que d\u00e9crit et repr\u00e9sent\u00e9 avec le rouge-gorge sur la pierre.  <\/p>\n<p><a href=\"https:\/\/crematieasinglas.nl\">site web crematieasinglas.nl<\/a><\/p>\n<h4>Vid\u00e9o<\/h4>\n<div style=\"width: 640px;\" class=\"wp-video\"><video class=\"wp-video-shortcode\" id=\"video-19777-1\" width=\"640\" height=\"360\" preload=\"metadata\" controls=\"controls\"><source type=\"video\/mp4\" src=\"https:\/\/crematieasinglas.nl\/media\/urnen\/design-urn-glas-gepersonaliseerd\/urn-crematie-as-groen-vogel-roodborst-design-glas-video-dgu1045.mp4?_=1\" \/><a href=\"https:\/\/crematieasinglas.nl\/media\/urnen\/design-urn-glas-gepersonaliseerd\/urn-crematie-as-groen-vogel-roodborst-design-glas-video-dgu1045.mp4\">https:\/\/crematieasinglas.nl\/media\/urnen\/design-urn-glas-gepersonaliseerd\/urn-crematie-as-groen-vogel-roodborst-design-glas-video-dgu1045.mp4<\/a><\/video><\/div>\n","protected":false},"excerpt":{"rendered":"<p>Urne de cr\u00e9mation en verre design Diamond est une urne sp\u00e9cialement fabriqu\u00e9e et convient \u00e0 une petite quantit\u00e9 de cendres de cr\u00e9mation.<\/p>\n","protected":false},"featured_media":18431,"comment_status":"closed","ping_status":"closed","template":"","meta":[],"product_brand":[],"product_cat":[520,898],"product_tag":[929,927,928],"class_list":{"0":"post-19777","1":"product","2":"type-product","3":"status-publish","4":"has-post-thumbnail","6":"product_cat-urne-verre-personalisee-dgu1000","7":"product_cat-urnes","8":"product_tag-fait-main","9":"product_tag-urne-design","10":"product_tag-verre","11":"pa_kleur-vert-jaune","13":"first","14":"outofstock","15":"purchasable","16":"product-type-simple"},"yoast_head":"<!-- This site is optimized with the Yoast SEO Premium plugin v27.5 (Yoast SEO v27.5) - https:\/\/yoast.com\/product\/yoast-seo-premium-wordpress\/ -->\n<title>DGU1045 | Urne design en verre Diamond - Winkel voor Crematie-as in glas<\/title>\n<meta name=\"description\" content=\"Urne de cr\u00e9mation en verre design Diamond est une urne sp\u00e9cialement fabriqu\u00e9e et convient \u00e0 une petite quantit\u00e9 de cendres de cr\u00e9mation.\" \/>\n<meta name=\"robots\" content=\"index, follow, max-snippet:-1, max-image-preview:large, max-video-preview:-1\" \/>\n<link rel=\"canonical\" href=\"https:\/\/crematieasinglas.nl\/fr\/produit\/dgu1045-urne-design-en-verre-diamond\/\" \/>\n<meta property=\"og:locale\" content=\"fr_FR\" \/>\n<meta property=\"og:type\" content=\"article\" \/>\n<meta property=\"og:title\" content=\"DGU1045 | Urne design en verre Diamond\" \/>\n<meta property=\"og:description\" content=\"Urne de cr\u00e9mation en verre design Diamond est une urne sp\u00e9cialement fabriqu\u00e9e et convient \u00e0 une petite quantit\u00e9 de cendres de cr\u00e9mation.\" \/>\n<meta property=\"og:url\" content=\"https:\/\/crematieasinglas.nl\/fr\/produit\/dgu1045-urne-design-en-verre-diamond\/\" \/>\n<meta property=\"og:site_name\" content=\"Winkel voor Crematie-as in glas\" \/>\n<meta property=\"og:image\" content=\"https:\/\/crematieasinglas.nl\/wp-content\/uploads\/2025\/05\/urn-crematie-as-groen-vogel-roodborst-design-glas-1-dgu1045.jpg\" \/>\n\t<meta property=\"og:image:width\" content=\"750\" \/>\n\t<meta property=\"og:image:height\" content=\"1000\" \/>\n\t<meta property=\"og:image:type\" content=\"image\/jpeg\" \/>\n<meta name=\"twitter:card\" content=\"summary_large_image\" \/>\n<meta name=\"twitter:label1\" content=\"Dur\u00e9e de lecture estim\u00e9e\" \/>\n\t<meta name=\"twitter:data1\" content=\"1 minute\" \/>\n<script type=\"application\/ld+json\" class=\"yoast-schema-graph\">{\"@context\":\"https:\\\/\\\/schema.org\",\"@graph\":[{\"@type\":\"WebPage\",\"@id\":\"https:\\\/\\\/crematieasinglas.nl\\\/fr\\\/produit\\\/dgu1045-urne-design-en-verre-diamond\\\/\",\"url\":\"https:\\\/\\\/crematieasinglas.nl\\\/fr\\\/produit\\\/dgu1045-urne-design-en-verre-diamond\\\/\",\"name\":\"DGU1045 | Urne design en verre Diamond - Winkel voor Crematie-as in glas\",\"isPartOf\":{\"@id\":\"https:\\\/\\\/crematieasinglas.nl\\\/#website\"},\"primaryImageOfPage\":{\"@id\":\"https:\\\/\\\/crematieasinglas.nl\\\/fr\\\/produit\\\/dgu1045-urne-design-en-verre-diamond\\\/#primaryimage\"},\"image\":{\"@id\":\"https:\\\/\\\/crematieasinglas.nl\\\/fr\\\/produit\\\/dgu1045-urne-design-en-verre-diamond\\\/#primaryimage\"},\"thumbnailUrl\":\"https:\\\/\\\/crematieasinglas.nl\\\/wp-content\\\/uploads\\\/2025\\\/05\\\/urn-crematie-as-groen-vogel-roodborst-design-glas-1-dgu1045.jpg\",\"datePublished\":\"2025-10-22T14:57:26+00:00\",\"description\":\"Urne de cr\u00e9mation en verre design Diamond est une urne sp\u00e9cialement fabriqu\u00e9e et convient \u00e0 une petite quantit\u00e9 de cendres de cr\u00e9mation.\",\"breadcrumb\":{\"@id\":\"https:\\\/\\\/crematieasinglas.nl\\\/fr\\\/produit\\\/dgu1045-urne-design-en-verre-diamond\\\/#breadcrumb\"},\"inLanguage\":\"fr-FR\",\"potentialAction\":[{\"@type\":\"ReadAction\",\"target\":[\"https:\\\/\\\/crematieasinglas.nl\\\/fr\\\/produit\\\/dgu1045-urne-design-en-verre-diamond\\\/\"]}]},{\"@type\":\"ImageObject\",\"inLanguage\":\"fr-FR\",\"@id\":\"https:\\\/\\\/crematieasinglas.nl\\\/fr\\\/produit\\\/dgu1045-urne-design-en-verre-diamond\\\/#primaryimage\",\"url\":\"https:\\\/\\\/crematieasinglas.nl\\\/wp-content\\\/uploads\\\/2025\\\/05\\\/urn-crematie-as-groen-vogel-roodborst-design-glas-1-dgu1045.jpg\",\"contentUrl\":\"https:\\\/\\\/crematieasinglas.nl\\\/wp-content\\\/uploads\\\/2025\\\/05\\\/urn-crematie-as-groen-vogel-roodborst-design-glas-1-dgu1045.jpg\",\"width\":750,\"height\":1000},{\"@type\":\"BreadcrumbList\",\"@id\":\"https:\\\/\\\/crematieasinglas.nl\\\/fr\\\/produit\\\/dgu1045-urne-design-en-verre-diamond\\\/#breadcrumb\",\"itemListElement\":[{\"@type\":\"ListItem\",\"position\":1,\"name\":\"Home\",\"item\":\"https:\\\/\\\/crematieasinglas.nl\\\/\"},{\"@type\":\"ListItem\",\"position\":2,\"name\":\"Boutique\",\"item\":\"https:\\\/\\\/crematieasinglas.nl\\\/fr\\\/boutique\\\/\"},{\"@type\":\"ListItem\",\"position\":3,\"name\":\"DGU1045 | Urne design en verre Diamond\"}]},{\"@type\":\"WebSite\",\"@id\":\"https:\\\/\\\/crematieasinglas.nl\\\/#website\",\"url\":\"https:\\\/\\\/crematieasinglas.nl\\\/\",\"name\":\"Winkel voor Crematie-as in glas\",\"description\":\"Een winkel voor crematieasinglas.nl\",\"publisher\":{\"@id\":\"https:\\\/\\\/crematieasinglas.nl\\\/#organization\"},\"potentialAction\":[{\"@type\":\"SearchAction\",\"target\":{\"@type\":\"EntryPoint\",\"urlTemplate\":\"https:\\\/\\\/crematieasinglas.nl\\\/?s={search_term_string}\"},\"query-input\":{\"@type\":\"PropertyValueSpecification\",\"valueRequired\":true,\"valueName\":\"search_term_string\"}}],\"inLanguage\":\"fr-FR\"},{\"@type\":\"Organization\",\"@id\":\"https:\\\/\\\/crematieasinglas.nl\\\/#organization\",\"name\":\"Dierbaarasinglas.nl\",\"alternateName\":\"Crematieasinglas.nl\",\"url\":\"https:\\\/\\\/crematieasinglas.nl\\\/\",\"logo\":{\"@type\":\"ImageObject\",\"inLanguage\":\"fr-FR\",\"@id\":\"https:\\\/\\\/crematieasinglas.nl\\\/#\\\/schema\\\/logo\\\/image\\\/\",\"url\":\"https:\\\/\\\/crematieasinglas.nl\\\/wp-content\\\/uploads\\\/2024\\\/10\\\/logo-02-playfair-googlefont-met-hartje-02.png\",\"contentUrl\":\"https:\\\/\\\/crematieasinglas.nl\\\/wp-content\\\/uploads\\\/2024\\\/10\\\/logo-02-playfair-googlefont-met-hartje-02.png\",\"width\":582,\"height\":136,\"caption\":\"Dierbaarasinglas.nl\"},\"image\":{\"@id\":\"https:\\\/\\\/crematieasinglas.nl\\\/#\\\/schema\\\/logo\\\/image\\\/\"}}]}<\/script>\n<!-- \/ Yoast SEO Premium plugin. -->","yoast_head_json":{"title":"DGU1045 | Urne design en verre Diamond - Winkel voor Crematie-as in glas","description":"Urne de cr\u00e9mation en verre design Diamond est une urne sp\u00e9cialement fabriqu\u00e9e et convient \u00e0 une petite quantit\u00e9 de cendres de cr\u00e9mation.","robots":{"index":"index","follow":"follow","max-snippet":"max-snippet:-1","max-image-preview":"max-image-preview:large","max-video-preview":"max-video-preview:-1"},"canonical":"https:\/\/crematieasinglas.nl\/fr\/produit\/dgu1045-urne-design-en-verre-diamond\/","og_locale":"fr_FR","og_type":"article","og_title":"DGU1045 | Urne design en verre Diamond","og_description":"Urne de cr\u00e9mation en verre design Diamond est une urne sp\u00e9cialement fabriqu\u00e9e et convient \u00e0 une petite quantit\u00e9 de cendres de cr\u00e9mation.","og_url":"https:\/\/crematieasinglas.nl\/fr\/produit\/dgu1045-urne-design-en-verre-diamond\/","og_site_name":"Winkel voor Crematie-as in glas","og_image":[{"width":750,"height":1000,"url":"https:\/\/crematieasinglas.nl\/wp-content\/uploads\/2025\/05\/urn-crematie-as-groen-vogel-roodborst-design-glas-1-dgu1045.jpg","type":"image\/jpeg"}],"twitter_card":"summary_large_image","twitter_misc":{"Dur\u00e9e de lecture estim\u00e9e":"1 minute"},"schema":{"@context":"https:\/\/schema.org","@graph":[{"@type":"WebPage","@id":"https:\/\/crematieasinglas.nl\/fr\/produit\/dgu1045-urne-design-en-verre-diamond\/","url":"https:\/\/crematieasinglas.nl\/fr\/produit\/dgu1045-urne-design-en-verre-diamond\/","name":"DGU1045 | Urne design en verre Diamond - Winkel voor Crematie-as in glas","isPartOf":{"@id":"https:\/\/crematieasinglas.nl\/#website"},"primaryImageOfPage":{"@id":"https:\/\/crematieasinglas.nl\/fr\/produit\/dgu1045-urne-design-en-verre-diamond\/#primaryimage"},"image":{"@id":"https:\/\/crematieasinglas.nl\/fr\/produit\/dgu1045-urne-design-en-verre-diamond\/#primaryimage"},"thumbnailUrl":"https:\/\/crematieasinglas.nl\/wp-content\/uploads\/2025\/05\/urn-crematie-as-groen-vogel-roodborst-design-glas-1-dgu1045.jpg","datePublished":"2025-10-22T14:57:26+00:00","description":"Urne de cr\u00e9mation en verre design Diamond est une urne sp\u00e9cialement fabriqu\u00e9e et convient \u00e0 une petite quantit\u00e9 de cendres de cr\u00e9mation.","breadcrumb":{"@id":"https:\/\/crematieasinglas.nl\/fr\/produit\/dgu1045-urne-design-en-verre-diamond\/#breadcrumb"},"inLanguage":"fr-FR","potentialAction":[{"@type":"ReadAction","target":["https:\/\/crematieasinglas.nl\/fr\/produit\/dgu1045-urne-design-en-verre-diamond\/"]}]},{"@type":"ImageObject","inLanguage":"fr-FR","@id":"https:\/\/crematieasinglas.nl\/fr\/produit\/dgu1045-urne-design-en-verre-diamond\/#primaryimage","url":"https:\/\/crematieasinglas.nl\/wp-content\/uploads\/2025\/05\/urn-crematie-as-groen-vogel-roodborst-design-glas-1-dgu1045.jpg","contentUrl":"https:\/\/crematieasinglas.nl\/wp-content\/uploads\/2025\/05\/urn-crematie-as-groen-vogel-roodborst-design-glas-1-dgu1045.jpg","width":750,"height":1000},{"@type":"BreadcrumbList","@id":"https:\/\/crematieasinglas.nl\/fr\/produit\/dgu1045-urne-design-en-verre-diamond\/#breadcrumb","itemListElement":[{"@type":"ListItem","position":1,"name":"Home","item":"https:\/\/crematieasinglas.nl\/"},{"@type":"ListItem","position":2,"name":"Boutique","item":"https:\/\/crematieasinglas.nl\/fr\/boutique\/"},{"@type":"ListItem","position":3,"name":"DGU1045 | Urne design en verre Diamond"}]},{"@type":"WebSite","@id":"https:\/\/crematieasinglas.nl\/#website","url":"https:\/\/crematieasinglas.nl\/","name":"Winkel voor Crematie-as in glas","description":"Een winkel voor crematieasinglas.nl","publisher":{"@id":"https:\/\/crematieasinglas.nl\/#organization"},"potentialAction":[{"@type":"SearchAction","target":{"@type":"EntryPoint","urlTemplate":"https:\/\/crematieasinglas.nl\/?s={search_term_string}"},"query-input":{"@type":"PropertyValueSpecification","valueRequired":true,"valueName":"search_term_string"}}],"inLanguage":"fr-FR"},{"@type":"Organization","@id":"https:\/\/crematieasinglas.nl\/#organization","name":"Dierbaarasinglas.nl","alternateName":"Crematieasinglas.nl","url":"https:\/\/crematieasinglas.nl\/","logo":{"@type":"ImageObject","inLanguage":"fr-FR","@id":"https:\/\/crematieasinglas.nl\/#\/schema\/logo\/image\/","url":"https:\/\/crematieasinglas.nl\/wp-content\/uploads\/2024\/10\/logo-02-playfair-googlefont-met-hartje-02.png","contentUrl":"https:\/\/crematieasinglas.nl\/wp-content\/uploads\/2024\/10\/logo-02-playfair-googlefont-met-hartje-02.png","width":582,"height":136,"caption":"Dierbaarasinglas.nl"},"image":{"@id":"https:\/\/crematieasinglas.nl\/#\/schema\/logo\/image\/"}}]}},"_links":{"self":[{"href":"https:\/\/crematieasinglas.nl\/fr\/wp-json\/wp\/v2\/product\/19777","targetHints":{"allow":["GET"]}}],"collection":[{"href":"https:\/\/crematieasinglas.nl\/fr\/wp-json\/wp\/v2\/product"}],"about":[{"href":"https:\/\/crematieasinglas.nl\/fr\/wp-json\/wp\/v2\/types\/product"}],"replies":[{"embeddable":true,"href":"https:\/\/crematieasinglas.nl\/fr\/wp-json\/wp\/v2\/comments?post=19777"}],"wp:featuredmedia":[{"embeddable":true,"href":"https:\/\/crematieasinglas.nl\/fr\/wp-json\/wp\/v2\/media\/18431"}],"wp:attachment":[{"href":"https:\/\/crematieasinglas.nl\/fr\/wp-json\/wp\/v2\/media?parent=19777"}],"wp:term":[{"taxonomy":"product_brand","embeddable":true,"href":"https:\/\/crematieasinglas.nl\/fr\/wp-json\/wp\/v2\/product_brand?post=19777"},{"taxonomy":"product_cat","embeddable":true,"href":"https:\/\/crematieasinglas.nl\/fr\/wp-json\/wp\/v2\/product_cat?post=19777"},{"taxonomy":"product_tag","embeddable":true,"href":"https:\/\/crematieasinglas.nl\/fr\/wp-json\/wp\/v2\/product_tag?post=19777"}],"curies":[{"name":"wp","href":"https:\/\/api.w.org\/{rel}","templated":true}]}}