{"id":19774,"date":"2025-06-22T11:29:21","date_gmt":"2025-06-22T11:29:21","guid":{"rendered":"https:\/\/ebdxvyckeo.onrocket.site\/product\/dsa3004-commemorer-le-bracelet-pour-femme-avec-cendres-de-cremation\/"},"modified":"2025-06-22T11:29:21","modified_gmt":"2025-06-22T11:29:21","slug":"dsa3004-commemorer-le-bracelet-pour-femme-avec-cendres-de-cremation","status":"publish","type":"product","link":"https:\/\/crematieasinglas.nl\/fr\/produit\/dsa3004-commemorer-le-bracelet-pour-femme-avec-cendres-de-cremation\/","title":{"rendered":"DSA3004 | Comm\u00e9morer le bracelet pour femme avec cendres de cr\u00e9mation"},"content":{"rendered":"<p>Num\u00e9ro de code : DSA3004<br \/>\nCollection : Pour elle<br \/>\nCat\u00e9gorie : memorial-ladies-bracelets<\/p>\n<p><strong><\/p>\n<h3>D\u00e9lai de livraison<\/h3>\n<h3>Maximum 8 jours ouvrables apr\u00e8s r\u00e9ception des cendres ou des cheveux<\/h3>\n<p><\/strong><\/p>\n<h3>Description sp\u00e9cifique :<\/h3>\n<p>Dans ce bijou, les cendres ne sont pas visibles et sont trait\u00e9es dans du verre rose opale. En consultation, vous pouvez \u00e9galement choisir une couleur diff\u00e9rente avec visibilit\u00e9 de l\u2019essieu. Le bracelet jonc en argent en acier inoxydable avec zircons est choisi sur mesure pour vous et dispose d\u2019une fermeture \u00e0 crochet s\u00e9curis\u00e9e. Le bijou en fr\u00eane est fix\u00e9 sur le jonc ovale entre 2 bouchons en argent en acier inoxydable et 2 breloques en argent 925 avec cristal rose opale. En raison de la forme ovale du bracelet, les bijoux ne tourneront pas et les bijoux en fr\u00eane sont toujours port\u00e9s sur le dessus du poignet.    <\/p>\n<h3>D\u00e9finition:<\/h3>\n<h2>Un bracelet comm\u00e9moratif pour dames avec des cendres de cr\u00e9mation est un bijou en fr\u00eane pour elle comme un bon souvenir<\/h2>\n<p>Ce <strong>bracelet comm\u00e9moratif pour dames est un bijou de cr\u00e9mation en cendres pour elle et fait de verre<\/strong> est une fa\u00e7on belle et personnelle de garder un \u00eatre cher pr\u00e8s de lui. Ce subtil bijou en fr\u00eane pour elle allie beaut\u00e9 et valeur \u00e9motionnelle, sp\u00e9cialement con\u00e7u pour les femmes qui souhaitent porter un souvenir tangible.<br \/> Les cendres sont fondues dans du verre transparent ou color\u00e9. <\/p>\n<p>En utilisant un <strong>four \u00e0 verre professionnel<\/strong>, du <strong>verre de Murano<\/strong> de haute qualit\u00e9, un noyau dans le verre de part en part pour la protection et une technique exp\u00e9riment\u00e9e, les bijoux sont non seulement de <strong>haute qualit\u00e9<\/strong>, mais aussi tr\u00e8s solides et durables. En cela, le verre conservera sa <strong>beaut\u00e9<\/strong> de mani\u00e8re permanente. <\/p>\n<h3>Information:<\/h3>\n<p>Hauteur&nbsp;: 1,8cm<br \/>\nLargeur&nbsp;: sur<br \/>\nmesure Profondeur&nbsp;:<br \/>\nCouleur&nbsp;: rose et argent<br \/>\nContenu&nbsp;: n.a.<br \/>\nStock : N\/A article en stock<\/p>\n<h3>Livraison:<\/h3>\n<p>Apr\u00e8s <strong>avoir pass\u00e9 votre commande<\/strong>, je vous contacterai par e-mail pour vous envoyer une \u00e9tiquette d\u2019exp\u00e9dition num\u00e9rique gratuite et un courrier d\u2019information, avec lequel vous pourrez m\u2019envoyer (une tr\u00e8s petite quantit\u00e9) de cendres de cr\u00e9mation. Une quantit\u00e9 de <strong>2 cuill\u00e8res \u00e0 caf\u00e9 de cendres de cr\u00e9mation<\/strong> est suffisante pour cela. <br \/>Pour les clients en dehors des Pays-Bas, il ne m\u2019est pas possible de demander cette \u00e9tiquette d\u2019exp\u00e9dition num\u00e9rique. <br \/>Un timbre d\u2019exp\u00e9dition \u00e9tranger pour m\u2019envoyer les cendres de cr\u00e9mation ne peut donc pas \u00eatre rembours\u00e9 par moi. Mais j\u2019aimerais vous donner des conseils sur la fa\u00e7on dont vous pouvez \u00e9galement m\u2019envoyer les cendres de cr\u00e9mation depuis l\u2019\u00e9tranger.  <\/br><br \/>\n<br \/><strong>La livraison gratuite<\/strong> de l\u2019article de rappel command\u00e9 s\u2019applique \u00e0 tout le monde. L\u2019\u00e9tiquette d\u2019exp\u00e9dition des cendres de cr\u00e9mation est une \u00e9tiquette pour un <strong>colis bo\u00eete aux lettres<\/strong> de DHL qui arrive directement chez moi, et vous pouvez le suivre par suivi et tra\u00e7abilit\u00e9.<br \/>Vous pouvez retourner gratuitement le colis bo\u00eete aux lettres contenant les cendres de cr\u00e9mation dans un point de d\u00e9p\u00f4t DHL dans un d\u00e9lai de 5 jours ouvrables.<br \/>\nDans le courrier d\u2019information, j\u2019expliquerai \u00e9galement les dimensions du colis bo\u00eete aux lettres et le point de d\u00e9p\u00f4t le plus proche de la r\u00e9gion. <\/p>\n<p>\u00c0 ce jour, un <strong>transport s\u00fbr et tra\u00e7able<\/strong> a toujours \u00e9t\u00e9 garanti, mais nous ne pouvons pas assumer de responsabilit\u00e9 si cela tourne mal de mani\u00e8re inattendue avec le transporteur.<\/br><br \/>  Si vous souhaitez apporter les cendres de cr\u00e9mation, c\u2019est \u00e9galement possible, vous pouvez <strong>prendre rendez-vous<\/strong> pour cela aux possibilit\u00e9s qui sont ouvertes dans notre agenda en ligne sur notre <a href=\"https:\/\/crematieasinglas.nl\">site web crematieasinglas.nl<\/a><\/p>\n<p>:<\/p>\n","protected":false},"excerpt":{"rendered":"<p>Un bracelet comm\u00e9moratif pour femme avec des cendres de cr\u00e9mation est une fa\u00e7on \u00e9l\u00e9gante de porter un \u00eatre cher pr\u00e8s de vous. Avec un design personnalis\u00e9 qui rappelle de pr\u00e9cieux souvenirs. <\/p>\n","protected":false},"featured_media":14639,"comment_status":"closed","ping_status":"closed","template":"","meta":[],"product_brand":[],"product_cat":[913,912],"product_tag":[],"class_list":{"0":"post-19774","1":"product","2":"type-product","3":"status-publish","4":"has-post-thumbnail","6":"product_cat-bracelets-femme-remember-dsa-3000","7":"product_cat-pour-elle","8":"pa_inhoud-n-a-fr","9":"pa_kleur-rose-et-argent","11":"first","12":"instock","13":"purchasable","14":"product-type-simple"},"yoast_head":"<!-- This site is optimized with the Yoast SEO Premium plugin v27.5 (Yoast SEO v27.5) - https:\/\/yoast.com\/product\/yoast-seo-premium-wordpress\/ -->\n<title>Bracelet comm\u00e9moratif pour dames avec cr\u00e9mation cendres ou cheveux<\/title>\n<meta name=\"description\" content=\"Un bracelet comm\u00e9moratif pour femme avec des cendres de cr\u00e9mation est une fa\u00e7on \u00e9l\u00e9gante de porter un \u00eatre cher pr\u00e8s de vous. Avec un design contemporain personnalis\u00e9\" \/>\n<meta name=\"robots\" content=\"index, follow, max-snippet:-1, max-image-preview:large, max-video-preview:-1\" \/>\n<link rel=\"canonical\" href=\"https:\/\/crematieasinglas.nl\/fr\/produit\/dsa3004-commemorer-le-bracelet-pour-femme-avec-cendres-de-cremation\/\" \/>\n<meta property=\"og:locale\" content=\"fr_FR\" \/>\n<meta property=\"og:type\" content=\"article\" \/>\n<meta property=\"og:title\" content=\"DSA3004 | Comm\u00e9morer le bracelet pour femme avec cendres de cr\u00e9mation\" \/>\n<meta property=\"og:description\" content=\"Un bracelet comm\u00e9moratif pour femme avec des cendres de cr\u00e9mation est une fa\u00e7on \u00e9l\u00e9gante de porter un \u00eatre cher pr\u00e8s de vous. Avec un design contemporain personnalis\u00e9\" \/>\n<meta property=\"og:url\" content=\"https:\/\/crematieasinglas.nl\/fr\/produit\/dsa3004-commemorer-le-bracelet-pour-femme-avec-cendres-de-cremation\/\" \/>\n<meta property=\"og:site_name\" content=\"Winkel voor Crematie-as in glas\" \/>\n<meta property=\"og:image\" content=\"https:\/\/crematieasinglas.nl\/wp-content\/uploads\/2025\/01\/crematie-as-dames-armband-bangle-zirkonia-glasbedel-roze-1-dsa3004.jpg\" \/>\n\t<meta property=\"og:image:width\" content=\"1117\" \/>\n\t<meta property=\"og:image:height\" content=\"743\" \/>\n\t<meta property=\"og:image:type\" content=\"image\/jpeg\" \/>\n<meta name=\"twitter:card\" content=\"summary_large_image\" \/>\n<meta name=\"twitter:label1\" content=\"Dur\u00e9e de lecture estim\u00e9e\" \/>\n\t<meta name=\"twitter:data1\" content=\"3 minutes\" \/>\n<script type=\"application\/ld+json\" class=\"yoast-schema-graph\">{\"@context\":\"https:\\\/\\\/schema.org\",\"@graph\":[{\"@type\":\"WebPage\",\"@id\":\"https:\\\/\\\/crematieasinglas.nl\\\/fr\\\/produit\\\/dsa3004-commemorer-le-bracelet-pour-femme-avec-cendres-de-cremation\\\/\",\"url\":\"https:\\\/\\\/crematieasinglas.nl\\\/fr\\\/produit\\\/dsa3004-commemorer-le-bracelet-pour-femme-avec-cendres-de-cremation\\\/\",\"name\":\"Bracelet comm\u00e9moratif pour dames avec cr\u00e9mation cendres ou cheveux\",\"isPartOf\":{\"@id\":\"https:\\\/\\\/crematieasinglas.nl\\\/#website\"},\"primaryImageOfPage\":{\"@id\":\"https:\\\/\\\/crematieasinglas.nl\\\/fr\\\/produit\\\/dsa3004-commemorer-le-bracelet-pour-femme-avec-cendres-de-cremation\\\/#primaryimage\"},\"image\":{\"@id\":\"https:\\\/\\\/crematieasinglas.nl\\\/fr\\\/produit\\\/dsa3004-commemorer-le-bracelet-pour-femme-avec-cendres-de-cremation\\\/#primaryimage\"},\"thumbnailUrl\":\"https:\\\/\\\/crematieasinglas.nl\\\/wp-content\\\/uploads\\\/2025\\\/01\\\/crematie-as-dames-armband-bangle-zirkonia-glasbedel-roze-1-dsa3004.jpg\",\"datePublished\":\"2025-06-22T11:29:21+00:00\",\"description\":\"Un bracelet comm\u00e9moratif pour femme avec des cendres de cr\u00e9mation est une fa\u00e7on \u00e9l\u00e9gante de porter un \u00eatre cher pr\u00e8s de vous. Avec un design contemporain personnalis\u00e9\",\"breadcrumb\":{\"@id\":\"https:\\\/\\\/crematieasinglas.nl\\\/fr\\\/produit\\\/dsa3004-commemorer-le-bracelet-pour-femme-avec-cendres-de-cremation\\\/#breadcrumb\"},\"inLanguage\":\"fr-FR\",\"potentialAction\":[{\"@type\":\"ReadAction\",\"target\":[\"https:\\\/\\\/crematieasinglas.nl\\\/fr\\\/produit\\\/dsa3004-commemorer-le-bracelet-pour-femme-avec-cendres-de-cremation\\\/\"]}]},{\"@type\":\"ImageObject\",\"inLanguage\":\"fr-FR\",\"@id\":\"https:\\\/\\\/crematieasinglas.nl\\\/fr\\\/produit\\\/dsa3004-commemorer-le-bracelet-pour-femme-avec-cendres-de-cremation\\\/#primaryimage\",\"url\":\"https:\\\/\\\/crematieasinglas.nl\\\/wp-content\\\/uploads\\\/2025\\\/01\\\/crematie-as-dames-armband-bangle-zirkonia-glasbedel-roze-1-dsa3004.jpg\",\"contentUrl\":\"https:\\\/\\\/crematieasinglas.nl\\\/wp-content\\\/uploads\\\/2025\\\/01\\\/crematie-as-dames-armband-bangle-zirkonia-glasbedel-roze-1-dsa3004.jpg\",\"width\":1117,\"height\":743},{\"@type\":\"BreadcrumbList\",\"@id\":\"https:\\\/\\\/crematieasinglas.nl\\\/fr\\\/produit\\\/dsa3004-commemorer-le-bracelet-pour-femme-avec-cendres-de-cremation\\\/#breadcrumb\",\"itemListElement\":[{\"@type\":\"ListItem\",\"position\":1,\"name\":\"Home\",\"item\":\"https:\\\/\\\/crematieasinglas.nl\\\/\"},{\"@type\":\"ListItem\",\"position\":2,\"name\":\"Boutique\",\"item\":\"https:\\\/\\\/crematieasinglas.nl\\\/fr\\\/boutique\\\/\"},{\"@type\":\"ListItem\",\"position\":3,\"name\":\"DSA3004 | Comm\u00e9morer le bracelet pour femme avec cendres de cr\u00e9mation\"}]},{\"@type\":\"WebSite\",\"@id\":\"https:\\\/\\\/crematieasinglas.nl\\\/#website\",\"url\":\"https:\\\/\\\/crematieasinglas.nl\\\/\",\"name\":\"Winkel voor Crematie-as in glas\",\"description\":\"Een winkel voor crematieasinglas.nl\",\"publisher\":{\"@id\":\"https:\\\/\\\/crematieasinglas.nl\\\/#organization\"},\"potentialAction\":[{\"@type\":\"SearchAction\",\"target\":{\"@type\":\"EntryPoint\",\"urlTemplate\":\"https:\\\/\\\/crematieasinglas.nl\\\/?s={search_term_string}\"},\"query-input\":{\"@type\":\"PropertyValueSpecification\",\"valueRequired\":true,\"valueName\":\"search_term_string\"}}],\"inLanguage\":\"fr-FR\"},{\"@type\":\"Organization\",\"@id\":\"https:\\\/\\\/crematieasinglas.nl\\\/#organization\",\"name\":\"Dierbaarasinglas.nl\",\"alternateName\":\"Crematieasinglas.nl\",\"url\":\"https:\\\/\\\/crematieasinglas.nl\\\/\",\"logo\":{\"@type\":\"ImageObject\",\"inLanguage\":\"fr-FR\",\"@id\":\"https:\\\/\\\/crematieasinglas.nl\\\/#\\\/schema\\\/logo\\\/image\\\/\",\"url\":\"https:\\\/\\\/crematieasinglas.nl\\\/wp-content\\\/uploads\\\/2024\\\/10\\\/logo-02-playfair-googlefont-met-hartje-02.png\",\"contentUrl\":\"https:\\\/\\\/crematieasinglas.nl\\\/wp-content\\\/uploads\\\/2024\\\/10\\\/logo-02-playfair-googlefont-met-hartje-02.png\",\"width\":582,\"height\":136,\"caption\":\"Dierbaarasinglas.nl\"},\"image\":{\"@id\":\"https:\\\/\\\/crematieasinglas.nl\\\/#\\\/schema\\\/logo\\\/image\\\/\"}}]}<\/script>\n<!-- \/ Yoast SEO Premium plugin. -->","yoast_head_json":{"title":"Bracelet comm\u00e9moratif pour dames avec cr\u00e9mation cendres ou cheveux","description":"Un bracelet comm\u00e9moratif pour femme avec des cendres de cr\u00e9mation est une fa\u00e7on \u00e9l\u00e9gante de porter un \u00eatre cher pr\u00e8s de vous. Avec un design contemporain personnalis\u00e9","robots":{"index":"index","follow":"follow","max-snippet":"max-snippet:-1","max-image-preview":"max-image-preview:large","max-video-preview":"max-video-preview:-1"},"canonical":"https:\/\/crematieasinglas.nl\/fr\/produit\/dsa3004-commemorer-le-bracelet-pour-femme-avec-cendres-de-cremation\/","og_locale":"fr_FR","og_type":"article","og_title":"DSA3004 | Comm\u00e9morer le bracelet pour femme avec cendres de cr\u00e9mation","og_description":"Un bracelet comm\u00e9moratif pour femme avec des cendres de cr\u00e9mation est une fa\u00e7on \u00e9l\u00e9gante de porter un \u00eatre cher pr\u00e8s de vous. Avec un design contemporain personnalis\u00e9","og_url":"https:\/\/crematieasinglas.nl\/fr\/produit\/dsa3004-commemorer-le-bracelet-pour-femme-avec-cendres-de-cremation\/","og_site_name":"Winkel voor Crematie-as in glas","og_image":[{"width":1117,"height":743,"url":"https:\/\/crematieasinglas.nl\/wp-content\/uploads\/2025\/01\/crematie-as-dames-armband-bangle-zirkonia-glasbedel-roze-1-dsa3004.jpg","type":"image\/jpeg"}],"twitter_card":"summary_large_image","twitter_misc":{"Dur\u00e9e de lecture estim\u00e9e":"3 minutes"},"schema":{"@context":"https:\/\/schema.org","@graph":[{"@type":"WebPage","@id":"https:\/\/crematieasinglas.nl\/fr\/produit\/dsa3004-commemorer-le-bracelet-pour-femme-avec-cendres-de-cremation\/","url":"https:\/\/crematieasinglas.nl\/fr\/produit\/dsa3004-commemorer-le-bracelet-pour-femme-avec-cendres-de-cremation\/","name":"Bracelet comm\u00e9moratif pour dames avec cr\u00e9mation cendres ou cheveux","isPartOf":{"@id":"https:\/\/crematieasinglas.nl\/#website"},"primaryImageOfPage":{"@id":"https:\/\/crematieasinglas.nl\/fr\/produit\/dsa3004-commemorer-le-bracelet-pour-femme-avec-cendres-de-cremation\/#primaryimage"},"image":{"@id":"https:\/\/crematieasinglas.nl\/fr\/produit\/dsa3004-commemorer-le-bracelet-pour-femme-avec-cendres-de-cremation\/#primaryimage"},"thumbnailUrl":"https:\/\/crematieasinglas.nl\/wp-content\/uploads\/2025\/01\/crematie-as-dames-armband-bangle-zirkonia-glasbedel-roze-1-dsa3004.jpg","datePublished":"2025-06-22T11:29:21+00:00","description":"Un bracelet comm\u00e9moratif pour femme avec des cendres de cr\u00e9mation est une fa\u00e7on \u00e9l\u00e9gante de porter un \u00eatre cher pr\u00e8s de vous. Avec un design contemporain personnalis\u00e9","breadcrumb":{"@id":"https:\/\/crematieasinglas.nl\/fr\/produit\/dsa3004-commemorer-le-bracelet-pour-femme-avec-cendres-de-cremation\/#breadcrumb"},"inLanguage":"fr-FR","potentialAction":[{"@type":"ReadAction","target":["https:\/\/crematieasinglas.nl\/fr\/produit\/dsa3004-commemorer-le-bracelet-pour-femme-avec-cendres-de-cremation\/"]}]},{"@type":"ImageObject","inLanguage":"fr-FR","@id":"https:\/\/crematieasinglas.nl\/fr\/produit\/dsa3004-commemorer-le-bracelet-pour-femme-avec-cendres-de-cremation\/#primaryimage","url":"https:\/\/crematieasinglas.nl\/wp-content\/uploads\/2025\/01\/crematie-as-dames-armband-bangle-zirkonia-glasbedel-roze-1-dsa3004.jpg","contentUrl":"https:\/\/crematieasinglas.nl\/wp-content\/uploads\/2025\/01\/crematie-as-dames-armband-bangle-zirkonia-glasbedel-roze-1-dsa3004.jpg","width":1117,"height":743},{"@type":"BreadcrumbList","@id":"https:\/\/crematieasinglas.nl\/fr\/produit\/dsa3004-commemorer-le-bracelet-pour-femme-avec-cendres-de-cremation\/#breadcrumb","itemListElement":[{"@type":"ListItem","position":1,"name":"Home","item":"https:\/\/crematieasinglas.nl\/"},{"@type":"ListItem","position":2,"name":"Boutique","item":"https:\/\/crematieasinglas.nl\/fr\/boutique\/"},{"@type":"ListItem","position":3,"name":"DSA3004 | Comm\u00e9morer le bracelet pour femme avec cendres de cr\u00e9mation"}]},{"@type":"WebSite","@id":"https:\/\/crematieasinglas.nl\/#website","url":"https:\/\/crematieasinglas.nl\/","name":"Winkel voor Crematie-as in glas","description":"Een winkel voor crematieasinglas.nl","publisher":{"@id":"https:\/\/crematieasinglas.nl\/#organization"},"potentialAction":[{"@type":"SearchAction","target":{"@type":"EntryPoint","urlTemplate":"https:\/\/crematieasinglas.nl\/?s={search_term_string}"},"query-input":{"@type":"PropertyValueSpecification","valueRequired":true,"valueName":"search_term_string"}}],"inLanguage":"fr-FR"},{"@type":"Organization","@id":"https:\/\/crematieasinglas.nl\/#organization","name":"Dierbaarasinglas.nl","alternateName":"Crematieasinglas.nl","url":"https:\/\/crematieasinglas.nl\/","logo":{"@type":"ImageObject","inLanguage":"fr-FR","@id":"https:\/\/crematieasinglas.nl\/#\/schema\/logo\/image\/","url":"https:\/\/crematieasinglas.nl\/wp-content\/uploads\/2024\/10\/logo-02-playfair-googlefont-met-hartje-02.png","contentUrl":"https:\/\/crematieasinglas.nl\/wp-content\/uploads\/2024\/10\/logo-02-playfair-googlefont-met-hartje-02.png","width":582,"height":136,"caption":"Dierbaarasinglas.nl"},"image":{"@id":"https:\/\/crematieasinglas.nl\/#\/schema\/logo\/image\/"}}]}},"_links":{"self":[{"href":"https:\/\/crematieasinglas.nl\/fr\/wp-json\/wp\/v2\/product\/19774","targetHints":{"allow":["GET"]}}],"collection":[{"href":"https:\/\/crematieasinglas.nl\/fr\/wp-json\/wp\/v2\/product"}],"about":[{"href":"https:\/\/crematieasinglas.nl\/fr\/wp-json\/wp\/v2\/types\/product"}],"replies":[{"embeddable":true,"href":"https:\/\/crematieasinglas.nl\/fr\/wp-json\/wp\/v2\/comments?post=19774"}],"wp:featuredmedia":[{"embeddable":true,"href":"https:\/\/crematieasinglas.nl\/fr\/wp-json\/wp\/v2\/media\/14639"}],"wp:attachment":[{"href":"https:\/\/crematieasinglas.nl\/fr\/wp-json\/wp\/v2\/media?parent=19774"}],"wp:term":[{"taxonomy":"product_brand","embeddable":true,"href":"https:\/\/crematieasinglas.nl\/fr\/wp-json\/wp\/v2\/product_brand?post=19774"},{"taxonomy":"product_cat","embeddable":true,"href":"https:\/\/crematieasinglas.nl\/fr\/wp-json\/wp\/v2\/product_cat?post=19774"},{"taxonomy":"product_tag","embeddable":true,"href":"https:\/\/crematieasinglas.nl\/fr\/wp-json\/wp\/v2\/product_tag?post=19774"}],"curies":[{"name":"wp","href":"https:\/\/api.w.org\/{rel}","templated":true}]}}