{"id":19577,"date":"2025-05-01T18:28:25","date_gmt":"2025-05-01T18:28:25","guid":{"rendered":"https:\/\/ebdxvyckeo.onrocket.site\/qui-sommes-nous\/"},"modified":"2025-10-23T14:03:40","modified_gmt":"2025-10-23T14:03:40","slug":"qui-sommes-nous","status":"publish","type":"page","link":"https:\/\/crematieasinglas.nl\/fr\/qui-sommes-nous\/","title":{"rendered":"\u00c0 propos de moi"},"content":{"rendered":"<div class=\"wpb-content-wrapper\"><p>[vc_row gap=&#8221;10&#8243; css=&#8221;.vc_custom_1754913675647{margin-right: 100px !important;border-right-width: 100px !important;padding-right: 50px !important;}&#8221;][vc_column width=&#8221;1\/4&#8243;][vc_row_inner][vc_column_inner][vc_single_image image=&#8221;20739&#8243; img_size=&#8221;large&#8221; css=&#8221;&#8221;][\/vc_column_inner][\/vc_row_inner][vc_single_image image=&#8221;20801&#8243; img_size=&#8221;Large&#8221; css=&#8221;&#8221;][\/vc_column][vc_column width=&#8221;3\/4&#8243;][vc_column_text css=&#8221;&#8221;]<\/p>\n<h2 data-start=\"195\" data-end=\"231\"><strong data-start=\"198\" data-end=\"231\">\u00c0 propos de moi&nbsp;: Cendres de cr\u00e9mation dans du verre<\/strong><\/h2>\n<p data-start=\"233\" data-end=\"515\">Bienvenue \u00e0 <strong data-start=\"244\" data-end=\"267\">Cremation Ashes in Glass<\/strong>. Je m\u2019appelle Jet Couwenberg, artisan verrier et fabricant d\u2019objets comm\u00e9moratifs faits \u00e0 la main. Depuis mon atelier, je travaille avec soin, attention et amour sur chaque pi\u00e8ce unique \u2013 dans le but de cr\u00e9er un souvenir tangible qui vous ressemble vraiment.  <\/p>\n<h3 style=\"color: #f9f9f9;\">Ce qui me motive<\/h3>\n<p data-start=\"538\" data-end=\"822\">Dire au revoir touche profond\u00e9ment. C\u2019est pr\u00e9cis\u00e9ment pourquoi je crois en l\u2019importance d\u2019un objet personnel de souvenir, quelque chose qui r\u00e9conforte, qui est puissant dans sa simplicit\u00e9 ou subtil et symbolique. Chaque pi\u00e8ce est cr\u00e9\u00e9e avec une r\u00e9elle implication. Pas de la foule, mais avec un \u0153il pour votre histoire.   <\/p>\n<h3 style=\"color: #f9f9f9;\">Artisanat et collaboration<\/h3>\n<p data-start=\"858\" data-end=\"1265\">Je r\u00e9alise moi-m\u00eame une grande partie de ma collection dans mon atelier de verre. De plus, je travaille avec d\u2019autres artistes verriers et des marchands s\u00e9lectionn\u00e9s, o\u00f9 je <strong data-start=\"1034\" data-end=\"1066\">personnalise et finis<\/strong> ensuite chaque pi\u00e8ce moi-m\u00eame. Qu\u2019il s\u2019agisse d\u2019une urne unique en son genre, d\u2019une mini-urne ou d\u2019un bijou comm\u00e9moratif, chaque article est personnalis\u00e9 \u00e0 la main et soigneusement fini. Cela cr\u00e9e un objet de m\u00e9moire sp\u00e9cial qui vous convient.   <\/p>\n<p data-start=\"1267\" data-end=\"1477\">Je combine des techniques artisanales classiques avec des applications modernes : soufflage de verre, sablage, r\u00e9sine, acier inoxydable et feuille d\u2019enseigne. Tout se met en place dans mon studio, <strong data-start=\"1418\" data-end=\"1477\">o\u00f9 chaque d\u00e9tail est fini avec attention et sentiment.<\/strong> <\/p>\n<h3 style=\"color: #f9f9f9;\">Accompagnement personnalis\u00e9<\/h3>\n<p data-start=\"1510\" data-end=\"1932\">Je vais vous guider \u00e9tape par \u00e9tape dans ce processus. Que vous choisissiez un petit bijou ou une urne plus grande : je regarde avec vous, je r\u00e9fl\u00e9chis avec vous et je prends mon temps. Je vous aide \u00e9galement sur votre chemin avec des instructions claires lors de l\u2019envoi de cendres ou de cheveux de cr\u00e9mation. Comme il s\u2019agit d\u2019un mat\u00e9riau sensible, il est <g id=\"gid_0\">tr\u00e8s important que vous lisiez attentivement les r\u00e8gles d\u2019exp\u00e9dition \u00e0 l\u2019avance<\/g>. De cette fa\u00e7on, nous assurons ensemble un traitement s\u00fbr et respectueux.    <\/p>\n<p data-start=\"1934\" data-end=\"2213\">Sur la page <a class=\"\" href=\"https:\/\/crematieasinglas.nl\/fr\/nos-cendres-de-cremation-urnes-et-bijoux-en-verre\/\" target=\"_new\" rel=\"noopener\" data-start=\"1947\" data-end=\"2068\"><strong data-start=\"1948\" data-end=\"1986\">Nos cendres de cr\u00e9mation, urnes et bijoux<\/strong><\/a> , vous trouverez toutes les r\u00e9ponses aux questions fr\u00e9quemment pos\u00e9es. Cette page constitue la base de ma m\u00e9thode de travail \u2013 je vous recommande vivement d\u2019y jeter un coup d\u2019\u0153il. <\/p>\n<h3 style=\"color: #f9f9f9;\">Fiable et transparent<\/h3>\n<ul data-start=\"2246\" data-end=\"2740\">\n<li data-start=\"2246\" data-end=\"2271\">\n<p data-start=\"2248\" data-end=\"2271\">Pas de frais cach\u00e9s<\/p>\n<\/li>\n<li data-start=\"2272\" data-end=\"2308\">\n<p data-start=\"2274\" data-end=\"2308\">Payez avec des m\u00e9thodes fiables<\/p>\n<\/li>\n<li data-start=\"2309\" data-end=\"2343\">\n<p data-start=\"2311\" data-end=\"2343\">Livraison rapide et soign\u00e9e<\/p>\n<\/li>\n<li data-start=\"2344\" data-end=\"2479\">\n<p data-start=\"2346\" data-end=\"2479\">Consultez notre <a class=\"\" href=\"https:\/\/crematieasinglas.nl\/fr\/nos-cendres-de-cremation-urnes-et-bijoux-en-verre\/\" target=\"_new\" rel=\"noopener\" data-start=\"2358\" data-end=\"2477\"><strong data-start=\"2359\" data-end=\"2395\">foire aux questions et notre m\u00e9thode<\/strong><\/a><\/p>\n<\/li>\n<li data-start=\"2480\" data-end=\"2645\">\n<p data-start=\"2482\" data-end=\"2645\">Informations sur l\u2019exp\u00e9dition internationale \u2013 voir <a class=\"\" href=\"https:\/\/crematieasinglas.nl\/internationale-verzend-informatie-van-het-verzenden-van-crematie-as\/\" target=\"_new\" rel=\"noopener\" data-start=\"2521\" data-end=\"2643\"><strong data-start=\"2522\" data-end=\"2537\">cette page<\/strong><\/a><\/p>\n<\/li>\n<li data-start=\"2646\" data-end=\"2740\">\n<p data-start=\"2648\" data-end=\"2740\">Politique de retour \u2013 voir notre <a class=\"\" href=\"https:\/\/crematieasinglas.nl\/fr\/politique-de-retour\/\" target=\"_new\" rel=\"noopener\" data-start=\"2672\" data-end=\"2740\"><strong data-start=\"2673\" data-end=\"2689\">page de retours<\/strong><\/a><\/p>\n<\/li>\n<\/ul>\n<hr data-start=\"2742\" data-end=\"2745\">\n<p data-start=\"2747\" data-end=\"3033\"><strong data-start=\"2751\" data-end=\"2774\">Cremation Ashes in Glass<\/strong> n\u2019est pas seulement un beau produit, mais aussi un endroit s\u00fbr pour votre m\u00e9moire. Vous souhaitez en savoir plus ou vous disputer sur ce qui est possible ? N\u2019h\u00e9sitez pas \u00e0 m\u2019envoyer un mail via <a class=\"cursor-pointer\" rel=\"noopener\" data-start=\"2948\" data-end=\"3007\">info@crematieasinglas.nl<\/a>.  <\/p>\n<p data-start=\"2747\" data-end=\"3033\">Je suis heureux de vous aider.<\/p>\n<p data-start=\"2747\" data-end=\"3033\">Jet Couwenberg<\/p>\n<p>[\/vc_column_text][\/vc_column][\/vc_row][vc_row][vc_column width=&#8221;1\/4&#8243;][vc_row_inner][vc_column_inner][\/vc_column_inner][\/vc_row_inner][\/vc_column][\/vc_row]<\/p>\n<\/div>","protected":false},"excerpt":{"rendered":"<p>[vc_row gap=&#8221;10&#8243; css=&#8221;.vc_custom_1754913675647{margin-right: 100px !important;border-right-width: 100px !important;padding-right: 50px !important;}&#8221;][vc_column width=&#8221;1\/4&#8243;][vc_row_inner][vc_column_inner][vc_single_image image=&#8221;20739&#8243; img_size=&#8221;large&#8221; css=&#8221;&#8221;][\/vc_column_inner][\/vc_row_inner][vc_single_image image=&#8221;20801&#8243; img_size=&#8221;Large&#8221; css=&#8221;&#8221;][\/vc_column][vc_column width=&#8221;3\/4&#8243;][vc_column_text css=&#8221;&#8221;] \u00c0 propos de moi&nbsp;: Cendres de cr\u00e9mation dans du verre Bienvenue \u00e0<\/p>\n","protected":false},"author":1,"featured_media":0,"parent":0,"menu_order":0,"comment_status":"closed","ping_status":"closed","template":"","meta":{"footnotes":""},"class_list":["post-19577","page","type-page","status-publish","hentry"],"yoast_head":"<!-- This site is optimized with the Yoast SEO Premium plugin v27.5 (Yoast SEO v27.5) - https:\/\/yoast.com\/product\/yoast-seo-premium-wordpress\/ -->\n<title>\u00c0 propos de nous | Cendres de cr\u00e9mation en verre \u2013 Objets comm\u00e9moratifs faits \u00e0 la main<\/title>\n<meta name=\"description\" content=\"D\u00e9couvrez Cremation Ashes in Glass : des objets comm\u00e9moratifs uniques et faits \u00e0 la main qui incorporent respectueusement les cendres dans des \u0153uvres d\u2019art en verre.\" \/>\n<meta name=\"robots\" content=\"index, follow, max-snippet:-1, max-image-preview:large, max-video-preview:-1\" \/>\n<link rel=\"canonical\" href=\"https:\/\/crematieasinglas.nl\/fr\/qui-sommes-nous\/\" \/>\n<meta property=\"og:locale\" content=\"fr_FR\" \/>\n<meta property=\"og:type\" content=\"article\" \/>\n<meta property=\"og:title\" content=\"\u00c0 propos de moi\" \/>\n<meta property=\"og:description\" content=\"D\u00e9couvrez Cremation Ashes in Glass : des objets comm\u00e9moratifs uniques et faits \u00e0 la main qui incorporent respectueusement les cendres dans des \u0153uvres d\u2019art en verre.\" \/>\n<meta property=\"og:url\" content=\"https:\/\/crematieasinglas.nl\/fr\/qui-sommes-nous\/\" \/>\n<meta property=\"og:site_name\" content=\"Winkel voor Crematie-as in glas\" \/>\n<meta property=\"article:modified_time\" content=\"2025-10-23T14:03:40+00:00\" \/>\n<meta name=\"twitter:card\" content=\"summary_large_image\" \/>\n<meta name=\"twitter:label1\" content=\"Dur\u00e9e de lecture estim\u00e9e\" \/>\n\t<meta name=\"twitter:data1\" content=\"3 minutes\" \/>\n<script type=\"application\/ld+json\" class=\"yoast-schema-graph\">{\"@context\":\"https:\\\/\\\/schema.org\",\"@graph\":[{\"@type\":\"WebPage\",\"@id\":\"https:\\\/\\\/crematieasinglas.nl\\\/fr\\\/qui-sommes-nous\\\/\",\"url\":\"https:\\\/\\\/crematieasinglas.nl\\\/fr\\\/qui-sommes-nous\\\/\",\"name\":\"\u00c0 propos de nous | Cendres de cr\u00e9mation en verre \u2013 Objets comm\u00e9moratifs faits \u00e0 la main\",\"isPartOf\":{\"@id\":\"https:\\\/\\\/crematieasinglas.nl\\\/#website\"},\"datePublished\":\"2025-05-01T18:28:25+00:00\",\"dateModified\":\"2025-10-23T14:03:40+00:00\",\"description\":\"D\u00e9couvrez Cremation Ashes in Glass : des objets comm\u00e9moratifs uniques et faits \u00e0 la main qui incorporent respectueusement les cendres dans des \u0153uvres d\u2019art en verre.\",\"breadcrumb\":{\"@id\":\"https:\\\/\\\/crematieasinglas.nl\\\/fr\\\/qui-sommes-nous\\\/#breadcrumb\"},\"inLanguage\":\"fr-FR\",\"potentialAction\":[{\"@type\":\"ReadAction\",\"target\":[\"https:\\\/\\\/crematieasinglas.nl\\\/fr\\\/qui-sommes-nous\\\/\"]}]},{\"@type\":\"BreadcrumbList\",\"@id\":\"https:\\\/\\\/crematieasinglas.nl\\\/fr\\\/qui-sommes-nous\\\/#breadcrumb\",\"itemListElement\":[{\"@type\":\"ListItem\",\"position\":1,\"name\":\"Home\",\"item\":\"https:\\\/\\\/crematieasinglas.nl\\\/\"},{\"@type\":\"ListItem\",\"position\":2,\"name\":\"\u00c0 propos de moi\"}]},{\"@type\":\"WebSite\",\"@id\":\"https:\\\/\\\/crematieasinglas.nl\\\/#website\",\"url\":\"https:\\\/\\\/crematieasinglas.nl\\\/\",\"name\":\"Winkel voor Crematie-as in glas\",\"description\":\"Een winkel voor crematieasinglas.nl\",\"publisher\":{\"@id\":\"https:\\\/\\\/crematieasinglas.nl\\\/#organization\"},\"potentialAction\":[{\"@type\":\"SearchAction\",\"target\":{\"@type\":\"EntryPoint\",\"urlTemplate\":\"https:\\\/\\\/crematieasinglas.nl\\\/?s={search_term_string}\"},\"query-input\":{\"@type\":\"PropertyValueSpecification\",\"valueRequired\":true,\"valueName\":\"search_term_string\"}}],\"inLanguage\":\"fr-FR\"},{\"@type\":\"Organization\",\"@id\":\"https:\\\/\\\/crematieasinglas.nl\\\/#organization\",\"name\":\"Dierbaarasinglas.nl\",\"alternateName\":\"Crematieasinglas.nl\",\"url\":\"https:\\\/\\\/crematieasinglas.nl\\\/\",\"logo\":{\"@type\":\"ImageObject\",\"inLanguage\":\"fr-FR\",\"@id\":\"https:\\\/\\\/crematieasinglas.nl\\\/#\\\/schema\\\/logo\\\/image\\\/\",\"url\":\"https:\\\/\\\/crematieasinglas.nl\\\/wp-content\\\/uploads\\\/2024\\\/10\\\/logo-02-playfair-googlefont-met-hartje-02.png\",\"contentUrl\":\"https:\\\/\\\/crematieasinglas.nl\\\/wp-content\\\/uploads\\\/2024\\\/10\\\/logo-02-playfair-googlefont-met-hartje-02.png\",\"width\":582,\"height\":136,\"caption\":\"Dierbaarasinglas.nl\"},\"image\":{\"@id\":\"https:\\\/\\\/crematieasinglas.nl\\\/#\\\/schema\\\/logo\\\/image\\\/\"}}]}<\/script>\n<!-- \/ Yoast SEO Premium plugin. -->","yoast_head_json":{"title":"\u00c0 propos de nous | Cendres de cr\u00e9mation en verre \u2013 Objets comm\u00e9moratifs faits \u00e0 la main","description":"D\u00e9couvrez Cremation Ashes in Glass : des objets comm\u00e9moratifs uniques et faits \u00e0 la main qui incorporent respectueusement les cendres dans des \u0153uvres d\u2019art en verre.","robots":{"index":"index","follow":"follow","max-snippet":"max-snippet:-1","max-image-preview":"max-image-preview:large","max-video-preview":"max-video-preview:-1"},"canonical":"https:\/\/crematieasinglas.nl\/fr\/qui-sommes-nous\/","og_locale":"fr_FR","og_type":"article","og_title":"\u00c0 propos de moi","og_description":"D\u00e9couvrez Cremation Ashes in Glass : des objets comm\u00e9moratifs uniques et faits \u00e0 la main qui incorporent respectueusement les cendres dans des \u0153uvres d\u2019art en verre.","og_url":"https:\/\/crematieasinglas.nl\/fr\/qui-sommes-nous\/","og_site_name":"Winkel voor Crematie-as in glas","article_modified_time":"2025-10-23T14:03:40+00:00","twitter_card":"summary_large_image","twitter_misc":{"Dur\u00e9e de lecture estim\u00e9e":"3 minutes"},"schema":{"@context":"https:\/\/schema.org","@graph":[{"@type":"WebPage","@id":"https:\/\/crematieasinglas.nl\/fr\/qui-sommes-nous\/","url":"https:\/\/crematieasinglas.nl\/fr\/qui-sommes-nous\/","name":"\u00c0 propos de nous | Cendres de cr\u00e9mation en verre \u2013 Objets comm\u00e9moratifs faits \u00e0 la main","isPartOf":{"@id":"https:\/\/crematieasinglas.nl\/#website"},"datePublished":"2025-05-01T18:28:25+00:00","dateModified":"2025-10-23T14:03:40+00:00","description":"D\u00e9couvrez Cremation Ashes in Glass : des objets comm\u00e9moratifs uniques et faits \u00e0 la main qui incorporent respectueusement les cendres dans des \u0153uvres d\u2019art en verre.","breadcrumb":{"@id":"https:\/\/crematieasinglas.nl\/fr\/qui-sommes-nous\/#breadcrumb"},"inLanguage":"fr-FR","potentialAction":[{"@type":"ReadAction","target":["https:\/\/crematieasinglas.nl\/fr\/qui-sommes-nous\/"]}]},{"@type":"BreadcrumbList","@id":"https:\/\/crematieasinglas.nl\/fr\/qui-sommes-nous\/#breadcrumb","itemListElement":[{"@type":"ListItem","position":1,"name":"Home","item":"https:\/\/crematieasinglas.nl\/"},{"@type":"ListItem","position":2,"name":"\u00c0 propos de moi"}]},{"@type":"WebSite","@id":"https:\/\/crematieasinglas.nl\/#website","url":"https:\/\/crematieasinglas.nl\/","name":"Winkel voor Crematie-as in glas","description":"Een winkel voor crematieasinglas.nl","publisher":{"@id":"https:\/\/crematieasinglas.nl\/#organization"},"potentialAction":[{"@type":"SearchAction","target":{"@type":"EntryPoint","urlTemplate":"https:\/\/crematieasinglas.nl\/?s={search_term_string}"},"query-input":{"@type":"PropertyValueSpecification","valueRequired":true,"valueName":"search_term_string"}}],"inLanguage":"fr-FR"},{"@type":"Organization","@id":"https:\/\/crematieasinglas.nl\/#organization","name":"Dierbaarasinglas.nl","alternateName":"Crematieasinglas.nl","url":"https:\/\/crematieasinglas.nl\/","logo":{"@type":"ImageObject","inLanguage":"fr-FR","@id":"https:\/\/crematieasinglas.nl\/#\/schema\/logo\/image\/","url":"https:\/\/crematieasinglas.nl\/wp-content\/uploads\/2024\/10\/logo-02-playfair-googlefont-met-hartje-02.png","contentUrl":"https:\/\/crematieasinglas.nl\/wp-content\/uploads\/2024\/10\/logo-02-playfair-googlefont-met-hartje-02.png","width":582,"height":136,"caption":"Dierbaarasinglas.nl"},"image":{"@id":"https:\/\/crematieasinglas.nl\/#\/schema\/logo\/image\/"}}]}},"_links":{"self":[{"href":"https:\/\/crematieasinglas.nl\/fr\/wp-json\/wp\/v2\/pages\/19577","targetHints":{"allow":["GET"]}}],"collection":[{"href":"https:\/\/crematieasinglas.nl\/fr\/wp-json\/wp\/v2\/pages"}],"about":[{"href":"https:\/\/crematieasinglas.nl\/fr\/wp-json\/wp\/v2\/types\/page"}],"author":[{"embeddable":true,"href":"https:\/\/crematieasinglas.nl\/fr\/wp-json\/wp\/v2\/users\/1"}],"replies":[{"embeddable":true,"href":"https:\/\/crematieasinglas.nl\/fr\/wp-json\/wp\/v2\/comments?post=19577"}],"version-history":[{"count":12,"href":"https:\/\/crematieasinglas.nl\/fr\/wp-json\/wp\/v2\/pages\/19577\/revisions"}],"predecessor-version":[{"id":22220,"href":"https:\/\/crematieasinglas.nl\/fr\/wp-json\/wp\/v2\/pages\/19577\/revisions\/22220"}],"wp:attachment":[{"href":"https:\/\/crematieasinglas.nl\/fr\/wp-json\/wp\/v2\/media?parent=19577"}],"curies":[{"name":"wp","href":"https:\/\/api.w.org\/{rel}","templated":true}]}}