{"id":19384,"date":"2025-05-21T18:39:26","date_gmt":"2025-05-21T18:39:26","guid":{"rendered":"https:\/\/ebdxvyckeo.onrocket.site\/commande-et-envoi\/"},"modified":"2025-06-26T13:55:26","modified_gmt":"2025-06-26T13:55:26","slug":"commande-et-envoi","status":"publish","type":"page","link":"https:\/\/crematieasinglas.nl\/fr\/commande-et-envoi\/","title":{"rendered":"Commande et envoi"},"content":{"rendered":"\t\t<div data-elementor-type=\"wp-page\" data-elementor-id=\"19384\" class=\"elementor elementor-19384 elementor-8367\" data-elementor-post-type=\"page\">\n\t\t\t\t<div class=\"elementor-element elementor-element-4bc3e2a e-flex e-con-boxed e-con e-parent\" data-id=\"4bc3e2a\" data-element_type=\"container\" data-e-type=\"container\">\n\t\t\t\t\t<div class=\"e-con-inner\">\n\t\t<div class=\"elementor-element elementor-element-4d00824 e-con-full e-flex e-con e-child\" data-id=\"4d00824\" data-element_type=\"container\" data-e-type=\"container\">\n\t\t\t\t<div class=\"elementor-element elementor-element-4f4a864 elementor-widget elementor-widget-image\" data-id=\"4f4a864\" data-element_type=\"widget\" data-e-type=\"widget\" data-widget_type=\"image.default\">\n\t\t\t\t<div class=\"elementor-widget-container\">\n\t\t\t\t\t\t\t\t\t\t\t\t\t\t\t<img fetchpriority=\"high\" decoding=\"async\" width=\"1024\" height=\"683\" src=\"https:\/\/crematieasinglas.nl\/wp-content\/uploads\/2025\/05\/vrouwelijk-sieraad-1024x683.png\" class=\"attachment-large size-large wp-image-18245\" alt=\"\" srcset=\"https:\/\/crematieasinglas.nl\/wp-content\/uploads\/2025\/05\/vrouwelijk-sieraad-1024x683.png 1024w, https:\/\/crematieasinglas.nl\/wp-content\/uploads\/2025\/05\/vrouwelijk-sieraad-300x200.png 300w, https:\/\/crematieasinglas.nl\/wp-content\/uploads\/2025\/05\/vrouwelijk-sieraad-768x512.png 768w, https:\/\/crematieasinglas.nl\/wp-content\/uploads\/2025\/05\/vrouwelijk-sieraad-600x400.png 600w, https:\/\/crematieasinglas.nl\/wp-content\/uploads\/2025\/05\/vrouwelijk-sieraad.png 1536w\" sizes=\"(max-width: 1024px) 100vw, 1024px\" \/>\t\t\t\t\t\t\t\t\t\t\t\t\t\t\t<\/div>\n\t\t\t\t<\/div>\n\t\t\t\t<\/div>\n\t\t<div class=\"elementor-element elementor-element-5ef0684 e-con-full e-flex e-con e-child\" data-id=\"5ef0684\" data-element_type=\"container\" data-e-type=\"container\">\n\t\t\t\t<div class=\"elementor-element elementor-element-2b8b954 elementor-widget elementor-widget-heading\" data-id=\"2b8b954\" data-element_type=\"widget\" data-e-type=\"widget\" data-widget_type=\"heading.default\">\n\t\t\t\t<div class=\"elementor-widget-container\">\n\t\t\t\t\t<h4 class=\"elementor-heading-title elementor-size-default\">\u00c9TAPE 1 - CHOISISSEZ VOS BIJOUX COMM\u00c9MORATIFS<\/h4>\t\t\t\t<\/div>\n\t\t\t\t<\/div>\n\t\t\t\t<div class=\"elementor-element elementor-element-31587aa elementor-widget elementor-widget-text-editor\" data-id=\"31587aa\" data-element_type=\"widget\" data-e-type=\"widget\" data-widget_type=\"text-editor.default\">\n\t\t\t\t<div class=\"elementor-widget-container\">\n\t\t\t\t\t\t\t\t\t<p>Trouvez un bijou comm\u00e9moratif qui correspond au style et \u00e0 la personnalit\u00e9 de la personne que vous souhaitez comm\u00e9morer, ainsi qu\u2019au look que vous souhaitez v\u00e9hiculer vous-m\u00eame.<\/p>\n<p>Que vous choisissiez un bracelet en cuir cool, un bijou subtil avec des cendres de cr\u00e9mation ou une breloque dans laquelle une m\u00e8che de cheveux peut \u00eatre trait\u00e9e, votre choix refl\u00e8te un souvenir unique.<\/p>\n<p>Dans notre collection, vous trouverez des designs \u00e9l\u00e9gants qui sont fabriqu\u00e9s sur mesure avec respect, savoir-faire et souci du d\u00e9tail.<\/p>\t\t\t\t\t\t\t\t<\/div>\n\t\t\t\t<\/div>\n\t\t\t\t<\/div>\n\t\t\t\t\t<\/div>\n\t\t\t\t<\/div>\n\t\t<div class=\"elementor-element elementor-element-d83630b e-flex e-con-boxed e-con e-parent\" data-id=\"d83630b\" data-element_type=\"container\" data-e-type=\"container\">\n\t\t\t\t\t<div class=\"e-con-inner\">\n\t\t<div class=\"elementor-element elementor-element-7b59812 e-con-full e-flex e-con e-child\" data-id=\"7b59812\" data-element_type=\"container\" data-e-type=\"container\">\n\t\t\t\t<div class=\"elementor-element elementor-element-437d773 elementor-widget elementor-widget-image\" data-id=\"437d773\" data-element_type=\"widget\" data-e-type=\"widget\" data-widget_type=\"image.default\">\n\t\t\t\t<div class=\"elementor-widget-container\">\n\t\t\t\t\t\t\t\t\t\t\t\t\t\t\t<img decoding=\"async\" width=\"683\" height=\"1024\" src=\"https:\/\/crematieasinglas.nl\/wp-content\/uploads\/2025\/05\/ChatGPT-Image-20-mei-2025-16_51_47-kopie-683x1024.png\" class=\"attachment-large size-large wp-image-18251\" alt=\"\" srcset=\"https:\/\/crematieasinglas.nl\/wp-content\/uploads\/2025\/05\/ChatGPT-Image-20-mei-2025-16_51_47-kopie-683x1024.png 683w, https:\/\/crematieasinglas.nl\/wp-content\/uploads\/2025\/05\/ChatGPT-Image-20-mei-2025-16_51_47-kopie-200x300.png 200w, https:\/\/crematieasinglas.nl\/wp-content\/uploads\/2025\/05\/ChatGPT-Image-20-mei-2025-16_51_47-kopie-768x1152.png 768w, https:\/\/crematieasinglas.nl\/wp-content\/uploads\/2025\/05\/ChatGPT-Image-20-mei-2025-16_51_47-kopie-600x900.png 600w, https:\/\/crematieasinglas.nl\/wp-content\/uploads\/2025\/05\/ChatGPT-Image-20-mei-2025-16_51_47-kopie.png 1024w\" sizes=\"(max-width: 683px) 100vw, 683px\" \/>\t\t\t\t\t\t\t\t\t\t\t\t\t\t\t<\/div>\n\t\t\t\t<\/div>\n\t\t\t\t<\/div>\n\t\t<div class=\"elementor-element elementor-element-39b9445 e-con-full e-flex e-con e-child\" data-id=\"39b9445\" data-element_type=\"container\" data-e-type=\"container\">\n\t\t\t\t<div class=\"elementor-element elementor-element-4bdade9 elementor-widget elementor-widget-heading\" data-id=\"4bdade9\" data-element_type=\"widget\" data-e-type=\"widget\" data-widget_type=\"heading.default\">\n\t\t\t\t<div class=\"elementor-widget-container\">\n\t\t\t\t\t<h4 class=\"elementor-heading-title elementor-size-default\">\u00c9TAPE 2 - ENVOYEZ UNE PETITE QUANTIT\u00c9 DE CENDRES DE CR\u00c9MATION OU UNE M\u00c8CHE DE CHEVEUX<\/h4>\t\t\t\t<\/div>\n\t\t\t\t<\/div>\n\t\t\t\t<div class=\"elementor-element elementor-element-cda3fb5 elementor-widget elementor-widget-text-editor\" data-id=\"cda3fb5\" data-element_type=\"widget\" data-e-type=\"widget\" data-widget_type=\"text-editor.default\">\n\t\t\t\t<div class=\"elementor-widget-container\">\n\t\t\t\t\t\t\t\t\t<p>Apr\u00e8s avoir pass\u00e9 votre commande, vous recevrez un e-mail personnel de ma part avec des instructions claires sur la fa\u00e7on d\u2019envoyer en toute s\u00e9curit\u00e9 et de mani\u00e8re hygi\u00e9nique une petite quantit\u00e9 de cendres de cr\u00e9mation ou une m\u00e8che de cheveux. Je vais vous expliquer \u00e9tape par \u00e9tape comment vous pouvez envoyer facilement et bien emball\u00e9 ces colis par colis bo\u00eete aux lettres DHL, pour qu\u2019ils soient d\u00e9pos\u00e9s dans un point de service DHL pr\u00e8s de chez vous. <\/p>\n<p>Pour les clients aux Pays-Bas, j\u2019envoie par e-mail une \u00e9tiquette d\u2019exp\u00e9dition num\u00e9rique, avec laquelle vous pouvez envoyer le colis. Cette m\u00e9thode d\u2019exp\u00e9dition est fournie avec suivi et tra\u00e7abilit\u00e9, de sorte que vous pouvez facilement suivre l\u2019exp\u00e9dition. La bo\u00eete aux lettres m\u2019est soigneusement livr\u00e9e par la bo\u00eete aux lettres.  <\/p>\n<p>Malheureusement, je ne peux pas cr\u00e9er d\u2019\u00e9tiquette d\u2019exp\u00e9dition pour les envois depuis l\u2019\u00e9tranger (en dehors des Pays-Bas) et ces frais d\u2019exp\u00e9dition ne seront pas rembours\u00e9s. Cependant, vous recevrez des instructions claires pour m\u2019envoyer les cendres de cr\u00e9mation ou la m\u00e8che de cheveux de la mani\u00e8re la plus s\u00fbre possible. <\/p>\n<p>Seule une petite quantit\u00e9 de cendres de cr\u00e9mation (environ 2 cuill\u00e8res \u00e0 caf\u00e9) est n\u00e9cessaire pour fabriquer un bijou comm\u00e9moratif. Avec une m\u00e8che de cheveux, une touffe d\u2019environ 5 cm de long et l\u2019\u00e9paisseur d\u2019un crayon suffisent.<br>Les cendres et les cheveux de cr\u00e9mation sont trait\u00e9s avec le plus grand soin, respect et discr\u00e9tion dans mon studio. D\u00e8s que tout sera en ordre, je vous le ferai savoir personnellement.  <\/p>\t\t\t\t\t\t\t\t<\/div>\n\t\t\t\t<\/div>\n\t\t\t\t<\/div>\n\t\t\t\t\t<\/div>\n\t\t\t\t<\/div>\n\t\t<div class=\"elementor-element elementor-element-18aa47a e-flex e-con-boxed e-con e-parent\" data-id=\"18aa47a\" data-element_type=\"container\" data-e-type=\"container\">\n\t\t\t\t\t<div class=\"e-con-inner\">\n\t\t<div class=\"elementor-element elementor-element-55cfd53 e-con-full e-flex e-con e-child\" data-id=\"55cfd53\" data-element_type=\"container\" data-e-type=\"container\">\n\t\t\t\t<div class=\"elementor-element elementor-element-6ad774a elementor-widget elementor-widget-image\" data-id=\"6ad774a\" data-element_type=\"widget\" data-e-type=\"widget\" data-widget_type=\"image.default\">\n\t\t\t\t<div class=\"elementor-widget-container\">\n\t\t\t\t\t\t\t\t\t\t\t\t\t\t\t<img decoding=\"async\" width=\"1024\" height=\"683\" src=\"https:\/\/crematieasinglas.nl\/wp-content\/uploads\/2025\/05\/ChatGPT-Image-20-mei-2025-16_55_22-1024x683.png\" class=\"attachment-large size-large wp-image-18257\" alt=\"\" srcset=\"https:\/\/crematieasinglas.nl\/wp-content\/uploads\/2025\/05\/ChatGPT-Image-20-mei-2025-16_55_22-1024x683.png 1024w, https:\/\/crematieasinglas.nl\/wp-content\/uploads\/2025\/05\/ChatGPT-Image-20-mei-2025-16_55_22-300x200.png 300w, https:\/\/crematieasinglas.nl\/wp-content\/uploads\/2025\/05\/ChatGPT-Image-20-mei-2025-16_55_22-768x512.png 768w, https:\/\/crematieasinglas.nl\/wp-content\/uploads\/2025\/05\/ChatGPT-Image-20-mei-2025-16_55_22-600x400.png 600w, https:\/\/crematieasinglas.nl\/wp-content\/uploads\/2025\/05\/ChatGPT-Image-20-mei-2025-16_55_22.png 1536w\" sizes=\"(max-width: 1024px) 100vw, 1024px\" \/>\t\t\t\t\t\t\t\t\t\t\t\t\t\t\t<\/div>\n\t\t\t\t<\/div>\n\t\t\t\t<\/div>\n\t\t<div class=\"elementor-element elementor-element-9fb770a e-con-full e-flex e-con e-child\" data-id=\"9fb770a\" data-element_type=\"container\" data-e-type=\"container\">\n\t\t\t\t<div class=\"elementor-element elementor-element-de656cf elementor-widget elementor-widget-heading\" data-id=\"de656cf\" data-element_type=\"widget\" data-e-type=\"widget\" data-widget_type=\"heading.default\">\n\t\t\t\t<div class=\"elementor-widget-container\">\n\t\t\t\t\t<h4 class=\"elementor-heading-title elementor-size-default\">\u00c9TAPE 3 - RECEVEZ UN BIJOU UNIQUE ET PERSONNEL<\/h4>\t\t\t\t<\/div>\n\t\t\t\t<\/div>\n\t\t\t\t<div class=\"elementor-element elementor-element-a66e801 elementor-widget elementor-widget-text-editor\" data-id=\"a66e801\" data-element_type=\"widget\" data-e-type=\"widget\" data-widget_type=\"text-editor.default\">\n\t\t\t\t<div class=\"elementor-widget-container\">\n\t\t\t\t\t\t\t\t\t<p>D\u00e8s que les cendres de cr\u00e9mation ou la m\u00e8che de cheveux auront \u00e9t\u00e9 re\u00e7ues dans mon studio, je commencerai soigneusement \u00e0 fabriquer vos bijoux comm\u00e9moratifs. Chaque pi\u00e8ce est fabriqu\u00e9e \u00e0 la main et est enti\u00e8rement adapt\u00e9e \u00e0 la conception et au traitement que vous avez choisis.<br>Le d\u00e9lai de livraison est g\u00e9n\u00e9ralement de 8 jours ouvrables apr\u00e8s r\u00e9ception de la cr\u00e9mation des cendres ou des poils. <\/p>\n<p>Si le d\u00e9lai de livraison est l\u00e9g\u00e8rement plus long en raison de circonstances, cela sera clairement indiqu\u00e9 \u00e0 l\u2019avance ou communiqu\u00e9 imm\u00e9diatement apr\u00e8s votre commande &#8211; afin que vous puissiez toujours faire un choix si vous le souhaitez.<\/p>\n<p>Vous recevrez un bijou unique, fait \u00e0 la main, qui symbolise non seulement la m\u00e9moire et l\u2019amour, mais peut \u00e9galement \u00eatre port\u00e9 avec fiert\u00e9 ou conserv\u00e9 en s\u00e9curit\u00e9. Une forme de connexion tangible &#8211; discr\u00e8te, \u00e9l\u00e9gante et faite avec soin. <\/p>\n<p>Les bijoux comm\u00e9moratifs vous seront soigneusement retourn\u00e9s, ainsi que les cendres de cr\u00e9mation ou les m\u00e8ches de cheveux restantes. Cela se fait via un colis postal DHL, dot\u00e9 d\u2019un suivi et d\u2019une tra\u00e7abilit\u00e9, afin que vous puissiez facilement suivre l\u2019exp\u00e9dition. <\/p>\n<p>Comme le colis passe dans la bo\u00eete aux lettres, vous n\u2019avez pas besoin d\u2019\u00eatre imm\u00e9diatement chez vous pour l\u2019accepter.<\/p>\t\t\t\t\t\t\t\t<\/div>\n\t\t\t\t<\/div>\n\t\t\t\t<\/div>\n\t\t\t\t\t<\/div>\n\t\t\t\t<\/div>\n\t\t<div class=\"elementor-element elementor-element-909506b e-flex e-con-boxed e-con e-parent\" data-id=\"909506b\" data-element_type=\"container\" data-e-type=\"container\">\n\t\t\t\t\t<div class=\"e-con-inner\">\n\t\t\t\t<div class=\"elementor-element elementor-element-aea0129 elementor-widget__width-initial elementor-widget elementor-widget-text-editor\" data-id=\"aea0129\" data-element_type=\"widget\" data-e-type=\"widget\" data-widget_type=\"text-editor.default\">\n\t\t\t\t<div class=\"elementor-widget-container\">\n\t\t\t\t\t\t\t\t\t<h3><\/h3><p>Si vous avez d\u2019autres questions, vous pouvez toujours nous contacter via le <a href=\"https:\/\/assieraadvoorhem.nl\/contact-us\/\">formulaire de contact<\/a>.<\/p><h3><\/h3><p>Cordialement<\/p><h3><\/h3><p>Jet Couwenberg<\/p>\t\t\t\t\t\t\t\t<\/div>\n\t\t\t\t<\/div>\n\t\t<div class=\"elementor-element elementor-element-4196f0d e-con-full e-flex e-con e-child\" data-id=\"4196f0d\" data-element_type=\"container\" data-e-type=\"container\">\n\t\t\t\t<div class=\"elementor-element elementor-element-bceb632 elementor-widget elementor-widget-image\" data-id=\"bceb632\" data-element_type=\"widget\" data-e-type=\"widget\" data-widget_type=\"image.default\">\n\t\t\t\t<div class=\"elementor-widget-container\">\n\t\t\t\t\t\t\t\t\t\t\t\t\t\t\t<img loading=\"lazy\" decoding=\"async\" width=\"1024\" height=\"1024\" src=\"https:\/\/crematieasinglas.nl\/wp-content\/uploads\/2025\/05\/Jet-showroom-4-1024x1024.png\" class=\"attachment-large size-large wp-image-18263\" alt=\"\" srcset=\"https:\/\/crematieasinglas.nl\/wp-content\/uploads\/2025\/05\/Jet-showroom-4-1024x1024.png 1024w, https:\/\/crematieasinglas.nl\/wp-content\/uploads\/2025\/05\/Jet-showroom-4-300x300.png 300w, https:\/\/crematieasinglas.nl\/wp-content\/uploads\/2025\/05\/Jet-showroom-4-150x150.png 150w, https:\/\/crematieasinglas.nl\/wp-content\/uploads\/2025\/05\/Jet-showroom-4-768x768.png 768w, https:\/\/crematieasinglas.nl\/wp-content\/uploads\/2025\/05\/Jet-showroom-4-600x600.png 600w, https:\/\/crematieasinglas.nl\/wp-content\/uploads\/2025\/05\/Jet-showroom-4-100x100.png 100w, https:\/\/crematieasinglas.nl\/wp-content\/uploads\/2025\/05\/Jet-showroom-4.png 1440w\" sizes=\"(max-width: 1024px) 100vw, 1024px\" \/>\t\t\t\t\t\t\t\t\t\t\t\t\t\t\t<\/div>\n\t\t\t\t<\/div>\n\t\t\t\t<\/div>\n\t\t\t\t\t<\/div>\n\t\t\t\t<\/div>\n\t\t\t\t<\/div>\n\t\t","protected":false},"excerpt":{"rendered":"<p>\u00c9TAPE 1 &#8211; CHOISISSEZ VOS BIJOUX COMM\u00c9MORATIFS Trouvez un bijou comm\u00e9moratif qui correspond au style et \u00e0 la personnalit\u00e9 de la personne que vous souhaitez comm\u00e9morer, ainsi qu\u2019au look que<\/p>\n","protected":false},"author":1,"featured_media":0,"parent":0,"menu_order":0,"comment_status":"closed","ping_status":"closed","template":"","meta":{"footnotes":""},"class_list":["post-19384","page","type-page","status-publish","hentry"],"yoast_head":"<!-- This site is optimized with the Yoast SEO Premium plugin v27.5 (Yoast SEO v27.5) - https:\/\/yoast.com\/product\/yoast-seo-premium-wordpress\/ -->\n<title>Commande et envoi - Winkel voor Crematie-as in glas<\/title>\n<meta name=\"description\" content=\"Commande et envoi - Winkel voor Crematie-as in glas -\" \/>\n<meta name=\"robots\" content=\"index, follow, max-snippet:-1, max-image-preview:large, max-video-preview:-1\" \/>\n<link rel=\"canonical\" href=\"https:\/\/crematieasinglas.nl\/bestellen-en-opsturen\/\" \/>\n<meta property=\"og:locale\" content=\"fr_FR\" \/>\n<meta property=\"og:type\" content=\"article\" \/>\n<meta property=\"og:title\" content=\"Commande et envoi\" \/>\n<meta property=\"og:description\" content=\"Commande et envoi - Winkel voor Crematie-as in glas -\" \/>\n<meta property=\"og:url\" content=\"https:\/\/crematieasinglas.nl\/bestellen-en-opsturen\/\" \/>\n<meta property=\"og:site_name\" content=\"Winkel voor Crematie-as in glas\" \/>\n<meta property=\"article:modified_time\" content=\"2025-06-26T13:55:26+00:00\" \/>\n<meta property=\"og:image\" content=\"https:\/\/crematieasinglas.nl\/wp-content\/uploads\/2025\/05\/vrouwelijk-sieraad-1024x683.png\" \/>\n<meta name=\"twitter:card\" content=\"summary_large_image\" \/>\n<meta name=\"twitter:label1\" content=\"Dur\u00e9e de lecture estim\u00e9e\" \/>\n\t<meta name=\"twitter:data1\" content=\"3 minutes\" \/>\n<script type=\"application\/ld+json\" class=\"yoast-schema-graph\">{\"@context\":\"https:\\\/\\\/schema.org\",\"@graph\":[{\"@type\":\"WebPage\",\"@id\":\"https:\\\/\\\/crematieasinglas.nl\\\/bestellen-en-opsturen\\\/\",\"url\":\"https:\\\/\\\/crematieasinglas.nl\\\/bestellen-en-opsturen\\\/\",\"name\":\"Commande et envoi - Winkel voor Crematie-as in glas\",\"isPartOf\":{\"@id\":\"https:\\\/\\\/crematieasinglas.nl\\\/#website\"},\"primaryImageOfPage\":{\"@id\":\"https:\\\/\\\/crematieasinglas.nl\\\/bestellen-en-opsturen\\\/#primaryimage\"},\"image\":{\"@id\":\"https:\\\/\\\/crematieasinglas.nl\\\/bestellen-en-opsturen\\\/#primaryimage\"},\"thumbnailUrl\":\"https:\\\/\\\/crematieasinglas.nl\\\/wp-content\\\/uploads\\\/2025\\\/05\\\/vrouwelijk-sieraad-1024x683.png\",\"datePublished\":\"2025-05-21T18:39:26+00:00\",\"dateModified\":\"2025-06-26T13:55:26+00:00\",\"description\":\"Commande et envoi - Winkel voor Crematie-as in glas -\",\"breadcrumb\":{\"@id\":\"https:\\\/\\\/crematieasinglas.nl\\\/bestellen-en-opsturen\\\/#breadcrumb\"},\"inLanguage\":\"fr-FR\",\"potentialAction\":[{\"@type\":\"ReadAction\",\"target\":[\"https:\\\/\\\/crematieasinglas.nl\\\/bestellen-en-opsturen\\\/\"]}]},{\"@type\":\"ImageObject\",\"inLanguage\":\"fr-FR\",\"@id\":\"https:\\\/\\\/crematieasinglas.nl\\\/bestellen-en-opsturen\\\/#primaryimage\",\"url\":\"https:\\\/\\\/crematieasinglas.nl\\\/wp-content\\\/uploads\\\/2025\\\/05\\\/vrouwelijk-sieraad-1024x683.png\",\"contentUrl\":\"https:\\\/\\\/crematieasinglas.nl\\\/wp-content\\\/uploads\\\/2025\\\/05\\\/vrouwelijk-sieraad-1024x683.png\"},{\"@type\":\"BreadcrumbList\",\"@id\":\"https:\\\/\\\/crematieasinglas.nl\\\/bestellen-en-opsturen\\\/#breadcrumb\",\"itemListElement\":[{\"@type\":\"ListItem\",\"position\":1,\"name\":\"Home\",\"item\":\"https:\\\/\\\/crematieasinglas.nl\\\/\"},{\"@type\":\"ListItem\",\"position\":2,\"name\":\"Commande et envoi\"}]},{\"@type\":\"WebSite\",\"@id\":\"https:\\\/\\\/crematieasinglas.nl\\\/#website\",\"url\":\"https:\\\/\\\/crematieasinglas.nl\\\/\",\"name\":\"Winkel voor Crematie-as in glas\",\"description\":\"Een winkel voor crematieasinglas.nl\",\"publisher\":{\"@id\":\"https:\\\/\\\/crematieasinglas.nl\\\/#organization\"},\"potentialAction\":[{\"@type\":\"SearchAction\",\"target\":{\"@type\":\"EntryPoint\",\"urlTemplate\":\"https:\\\/\\\/crematieasinglas.nl\\\/?s={search_term_string}\"},\"query-input\":{\"@type\":\"PropertyValueSpecification\",\"valueRequired\":true,\"valueName\":\"search_term_string\"}}],\"inLanguage\":\"fr-FR\"},{\"@type\":\"Organization\",\"@id\":\"https:\\\/\\\/crematieasinglas.nl\\\/#organization\",\"name\":\"Dierbaarasinglas.nl\",\"alternateName\":\"Crematieasinglas.nl\",\"url\":\"https:\\\/\\\/crematieasinglas.nl\\\/\",\"logo\":{\"@type\":\"ImageObject\",\"inLanguage\":\"fr-FR\",\"@id\":\"https:\\\/\\\/crematieasinglas.nl\\\/#\\\/schema\\\/logo\\\/image\\\/\",\"url\":\"https:\\\/\\\/crematieasinglas.nl\\\/wp-content\\\/uploads\\\/2024\\\/10\\\/logo-02-playfair-googlefont-met-hartje-02.png\",\"contentUrl\":\"https:\\\/\\\/crematieasinglas.nl\\\/wp-content\\\/uploads\\\/2024\\\/10\\\/logo-02-playfair-googlefont-met-hartje-02.png\",\"width\":582,\"height\":136,\"caption\":\"Dierbaarasinglas.nl\"},\"image\":{\"@id\":\"https:\\\/\\\/crematieasinglas.nl\\\/#\\\/schema\\\/logo\\\/image\\\/\"}}]}<\/script>\n<!-- \/ Yoast SEO Premium plugin. -->","yoast_head_json":{"title":"Commande et envoi - Winkel voor Crematie-as in glas","description":"Commande et envoi - Winkel voor Crematie-as in glas -","robots":{"index":"index","follow":"follow","max-snippet":"max-snippet:-1","max-image-preview":"max-image-preview:large","max-video-preview":"max-video-preview:-1"},"canonical":"https:\/\/crematieasinglas.nl\/bestellen-en-opsturen\/","og_locale":"fr_FR","og_type":"article","og_title":"Commande et envoi","og_description":"Commande et envoi - Winkel voor Crematie-as in glas -","og_url":"https:\/\/crematieasinglas.nl\/bestellen-en-opsturen\/","og_site_name":"Winkel voor Crematie-as in glas","article_modified_time":"2025-06-26T13:55:26+00:00","og_image":[{"url":"https:\/\/crematieasinglas.nl\/wp-content\/uploads\/2025\/05\/vrouwelijk-sieraad-1024x683.png","type":"","width":"","height":""}],"twitter_card":"summary_large_image","twitter_misc":{"Dur\u00e9e de lecture estim\u00e9e":"3 minutes"},"schema":{"@context":"https:\/\/schema.org","@graph":[{"@type":"WebPage","@id":"https:\/\/crematieasinglas.nl\/bestellen-en-opsturen\/","url":"https:\/\/crematieasinglas.nl\/bestellen-en-opsturen\/","name":"Commande et envoi - Winkel voor Crematie-as in glas","isPartOf":{"@id":"https:\/\/crematieasinglas.nl\/#website"},"primaryImageOfPage":{"@id":"https:\/\/crematieasinglas.nl\/bestellen-en-opsturen\/#primaryimage"},"image":{"@id":"https:\/\/crematieasinglas.nl\/bestellen-en-opsturen\/#primaryimage"},"thumbnailUrl":"https:\/\/crematieasinglas.nl\/wp-content\/uploads\/2025\/05\/vrouwelijk-sieraad-1024x683.png","datePublished":"2025-05-21T18:39:26+00:00","dateModified":"2025-06-26T13:55:26+00:00","description":"Commande et envoi - Winkel voor Crematie-as in glas -","breadcrumb":{"@id":"https:\/\/crematieasinglas.nl\/bestellen-en-opsturen\/#breadcrumb"},"inLanguage":"fr-FR","potentialAction":[{"@type":"ReadAction","target":["https:\/\/crematieasinglas.nl\/bestellen-en-opsturen\/"]}]},{"@type":"ImageObject","inLanguage":"fr-FR","@id":"https:\/\/crematieasinglas.nl\/bestellen-en-opsturen\/#primaryimage","url":"https:\/\/crematieasinglas.nl\/wp-content\/uploads\/2025\/05\/vrouwelijk-sieraad-1024x683.png","contentUrl":"https:\/\/crematieasinglas.nl\/wp-content\/uploads\/2025\/05\/vrouwelijk-sieraad-1024x683.png"},{"@type":"BreadcrumbList","@id":"https:\/\/crematieasinglas.nl\/bestellen-en-opsturen\/#breadcrumb","itemListElement":[{"@type":"ListItem","position":1,"name":"Home","item":"https:\/\/crematieasinglas.nl\/"},{"@type":"ListItem","position":2,"name":"Commande et envoi"}]},{"@type":"WebSite","@id":"https:\/\/crematieasinglas.nl\/#website","url":"https:\/\/crematieasinglas.nl\/","name":"Winkel voor Crematie-as in glas","description":"Een winkel voor crematieasinglas.nl","publisher":{"@id":"https:\/\/crematieasinglas.nl\/#organization"},"potentialAction":[{"@type":"SearchAction","target":{"@type":"EntryPoint","urlTemplate":"https:\/\/crematieasinglas.nl\/?s={search_term_string}"},"query-input":{"@type":"PropertyValueSpecification","valueRequired":true,"valueName":"search_term_string"}}],"inLanguage":"fr-FR"},{"@type":"Organization","@id":"https:\/\/crematieasinglas.nl\/#organization","name":"Dierbaarasinglas.nl","alternateName":"Crematieasinglas.nl","url":"https:\/\/crematieasinglas.nl\/","logo":{"@type":"ImageObject","inLanguage":"fr-FR","@id":"https:\/\/crematieasinglas.nl\/#\/schema\/logo\/image\/","url":"https:\/\/crematieasinglas.nl\/wp-content\/uploads\/2024\/10\/logo-02-playfair-googlefont-met-hartje-02.png","contentUrl":"https:\/\/crematieasinglas.nl\/wp-content\/uploads\/2024\/10\/logo-02-playfair-googlefont-met-hartje-02.png","width":582,"height":136,"caption":"Dierbaarasinglas.nl"},"image":{"@id":"https:\/\/crematieasinglas.nl\/#\/schema\/logo\/image\/"}}]}},"_links":{"self":[{"href":"https:\/\/crematieasinglas.nl\/fr\/wp-json\/wp\/v2\/pages\/19384","targetHints":{"allow":["GET"]}}],"collection":[{"href":"https:\/\/crematieasinglas.nl\/fr\/wp-json\/wp\/v2\/pages"}],"about":[{"href":"https:\/\/crematieasinglas.nl\/fr\/wp-json\/wp\/v2\/types\/page"}],"author":[{"embeddable":true,"href":"https:\/\/crematieasinglas.nl\/fr\/wp-json\/wp\/v2\/users\/1"}],"replies":[{"embeddable":true,"href":"https:\/\/crematieasinglas.nl\/fr\/wp-json\/wp\/v2\/comments?post=19384"}],"version-history":[{"count":3,"href":"https:\/\/crematieasinglas.nl\/fr\/wp-json\/wp\/v2\/pages\/19384\/revisions"}],"predecessor-version":[{"id":19387,"href":"https:\/\/crematieasinglas.nl\/fr\/wp-json\/wp\/v2\/pages\/19384\/revisions\/19387"}],"wp:attachment":[{"href":"https:\/\/crematieasinglas.nl\/fr\/wp-json\/wp\/v2\/media?parent=19384"}],"curies":[{"name":"wp","href":"https:\/\/api.w.org\/{rel}","templated":true}]}}