{"id":6984,"date":"2025-03-04T12:50:11","date_gmt":"2025-03-04T12:50:11","guid":{"rendered":"https:\/\/ebdxvyckeo.onrocket.site\/product\/wtu8006-willow-tree-met-mini-urn-8-werkdagen-na-ontvangst-van-de-as\/"},"modified":"2025-03-04T12:50:14","modified_gmt":"2025-03-04T12:50:14","slug":"wtu8006-willow-tree-met-mini-urn","status":"publish","type":"product","link":"https:\/\/crematieasinglas.nl\/es\/producto\/wtu8006-willow-tree-met-mini-urn\/","title":{"rendered":"WTU8006 | Willow Tree met mini urn"},"content":{"rendered":"<p>Code-nummer: WTU8006<br \/>\nCollectie: Urnen<br \/>\nCategorie: Willow Tree met mini urn<\/p>\n<h3>:<\/h3>\n<h3>8 werkdagen, na ontvangst van de as<\/h3>\n<p><strong>Omschrijving:<\/strong><br \/>\nLet op, dit gedenkbeeldje kan u thuis niet zelf vullen maar wordt voor u handgemaakt door Jet. De beeldjes zijn de offici\u00eble beeldjes van Willow Tree waar een handgemaakte mini urn van glas, bewerkt met crematie-as \u00f3f haartjes, op gemonteerd wordt middels een stevig schroefsysteem. Het crematie-as zal hierbij vast in het glas gesmolten worden. Mocht u liever haartjes laten verwerken in de mini urn, dan zullen de haartjes intact in een handgeblazen holle mini urn van glas verwerkt worden. Getoonde foto&#8217;s laten een voorbeeld zien van hoe het herinneringsbeeldje er uit komt te zien. Houdt er rekening mee dat de mini urn van uw beeldje niet exact hetzelfde kan worden omdat haartjes andere kleuren kunnen hebben en de mini urn van glas handwerk is. De kleuren van de glazen mini urn is transparant m\u00e9t metallic goud. ( en een zichtbare verwerking van het as of de haartjes). N\u00e0 ontvangst van het crematie-as \u00f3f haarlokje wordt uw gedenkbeeldje (en eventuele resterende haartjes of crematie-as)  bij 8 werkdagen naar u terug gestuurd via pakketpost van DHL.Crematie as in glas.nl is een geregistreerd en gewaarborgd merk wat u de garantie geeft voor een uniek en kwalitatief handgemaakt product zonder replica&#8217;s of massaproduktie<\/p>\n<p>Hoogte: 9.5 cm<br \/>\nBreedte: 5 cm<br \/>\nDiepte: 5 cm<br \/>\nKleur: goud<br \/>\nInhoud:<br \/>\nVoorraad: 1 voorraad artikel<\/p>\n<p><strong>Leveringsvoorwaarden:<\/strong><br \/>\nNa het plaatsen van uw bestelling van het gekozen Willow Tree beeldje met crematie-as \u00f3f haartjesverwerking zal ik met u contact opnemen via mail  om u de verzendinformatie door te geven. Hierbij stuur ik u een gratis digitaal verzendlabel  (alleen mogelijk bij Nederlandse adressen), waarmee u een klein beetje crematie-as (2 theelpeltjes) \u00f3f een haarlokje naar me toe kan sturen (ongeveer een hoeveelheid van  1 potlooddikte van 5cm lang is genoeg). Voor klanten buiten Nederland is het voor mij niet mogelijk om deze zegel aan te vragen, een buitenlandse verzendzegel om het crematie-as \u00f3f haarlokje me toe te sturen kan hierdoor niet vergoed worden.Graag geef ik u hierin tips hoe u het beste (ook vanuit het buitenland) het crematie-as \u00f3f het haarlokje naar me toe kan sturen. Het Nederlandse verzendlabel is een label voor een brievenbuspakket van DHL die rechtstreeks bij mij aankomt, en u kan volgen middels track en trace. Het brievenbuspakket met het crematie-as \u00f3f het haarlokje kan u kosteloos inleveren bij een DHL afgifte punt binnen 5 dagen. In de informatiemail zal ik tevens uitleggen aan welke afmetingen het brievenbuspakket dient te voldoen en welk dichtsbijzijnde afgiftepunt u in de buurt heeft.Een veilig en volgbaar transport is tot op heden hiermee altijd gewaarborgd geweest, doch kunnen wij geen verantwoording nemen mocht dit onverhoopt een keer fout gaan bij de transporteur. Natuurlijk is het ook mogelijk om het crematie-as \u00f3f haarlokje middels afspraak af te geven bij ons in de showroom aan de Hoogakker 2E te Hapert. U kan hiervoor een afspraak inplannen op onze website crematieasinglas.nl.  Na het ontvangen van het crematie-as \u00f3f haarlokje  ga ik met veel zorgvuldigheid werken aan uw herinneringsbeeldje.<\/p>\n<p>Video:<\/p>\n","protected":false},"excerpt":{"rendered":"<p>Willow Tree Quiet Wonder met mini urn<\/p>\n","protected":false},"featured_media":6646,"comment_status":"closed","ping_status":"open","template":"","meta":[],"product_brand":[],"product_cat":[16],"product_tag":[],"class_list":{"0":"post-6984","1":"product","2":"type-product","3":"status-publish","4":"has-post-thumbnail","6":"product_cat-urnen","7":"pa_kleur-goud","8":"pa_leveringsvoorwaarden-na-het-plaatsen-van-uw-bestelling-van-het-gekozen-willow-tree-beeldje-met-crematie-as-of-haartjesverwerking-zal-ik-met-u-contact-opnemen-via-mail-om-u-de-verzendinformatie-door-te-geven-hierbij-st","10":"first","11":"instock","12":"purchasable","13":"product-type-simple"},"yoast_head":"<!-- This site is optimized with the Yoast SEO Premium plugin v27.5 (Yoast SEO v27.5) - https:\/\/yoast.com\/product\/yoast-seo-premium-wordpress\/ -->\n<title>WTU8006 | Willow Tree met mini urn - Winkel voor Crematie-as in glas<\/title>\n<meta name=\"description\" content=\"Willow Tree Quiet Wonder met mini urn\" \/>\n<meta name=\"robots\" content=\"index, follow, max-snippet:-1, max-image-preview:large, max-video-preview:-1\" \/>\n<link rel=\"canonical\" href=\"https:\/\/crematieasinglas.nl\/product\/wtu8006-willow-tree-met-mini-urn\/\" \/>\n<meta property=\"og:locale\" content=\"es_ES\" \/>\n<meta property=\"og:type\" content=\"article\" \/>\n<meta property=\"og:title\" content=\"WTU8006 | Willow Tree met mini urn\" \/>\n<meta property=\"og:description\" content=\"Willow Tree Quiet Wonder met mini urn\" \/>\n<meta property=\"og:url\" content=\"https:\/\/crematieasinglas.nl\/product\/wtu8006-willow-tree-met-mini-urn\/\" \/>\n<meta property=\"og:site_name\" content=\"Winkel voor Crematie-as in glas\" \/>\n<meta property=\"article:modified_time\" content=\"2025-03-04T12:50:14+00:00\" \/>\n<meta property=\"og:image\" content=\"https:\/\/crematieasinglas.nl\/wp-content\/uploads\/2024\/12\/crematie-as-urn-willow-tree-mini-urn-quiet-1-wtu8006.jpg\" \/>\n\t<meta property=\"og:image:width\" content=\"682\" \/>\n\t<meta property=\"og:image:height\" content=\"1024\" \/>\n\t<meta property=\"og:image:type\" content=\"image\/jpeg\" \/>\n<meta name=\"twitter:card\" content=\"summary_large_image\" \/>\n<meta name=\"twitter:label1\" content=\"Tiempo de lectura\" \/>\n\t<meta name=\"twitter:data1\" content=\"3 minutos\" \/>\n<script type=\"application\/ld+json\" class=\"yoast-schema-graph\">{\"@context\":\"https:\\\/\\\/schema.org\",\"@graph\":[{\"@type\":\"WebPage\",\"@id\":\"https:\\\/\\\/crematieasinglas.nl\\\/product\\\/wtu8006-willow-tree-met-mini-urn\\\/\",\"url\":\"https:\\\/\\\/crematieasinglas.nl\\\/product\\\/wtu8006-willow-tree-met-mini-urn\\\/\",\"name\":\"WTU8006 | Willow Tree met mini urn - Winkel voor Crematie-as in glas\",\"isPartOf\":{\"@id\":\"https:\\\/\\\/crematieasinglas.nl\\\/#website\"},\"primaryImageOfPage\":{\"@id\":\"https:\\\/\\\/crematieasinglas.nl\\\/product\\\/wtu8006-willow-tree-met-mini-urn\\\/#primaryimage\"},\"image\":{\"@id\":\"https:\\\/\\\/crematieasinglas.nl\\\/product\\\/wtu8006-willow-tree-met-mini-urn\\\/#primaryimage\"},\"thumbnailUrl\":\"https:\\\/\\\/crematieasinglas.nl\\\/wp-content\\\/uploads\\\/2024\\\/12\\\/crematie-as-urn-willow-tree-mini-urn-quiet-1-wtu8006.jpg\",\"datePublished\":\"2025-03-04T12:50:11+00:00\",\"dateModified\":\"2025-03-04T12:50:14+00:00\",\"description\":\"Willow Tree Quiet Wonder met mini urn\",\"breadcrumb\":{\"@id\":\"https:\\\/\\\/crematieasinglas.nl\\\/product\\\/wtu8006-willow-tree-met-mini-urn\\\/#breadcrumb\"},\"inLanguage\":\"es\",\"potentialAction\":[{\"@type\":\"ReadAction\",\"target\":[\"https:\\\/\\\/crematieasinglas.nl\\\/product\\\/wtu8006-willow-tree-met-mini-urn\\\/\"]}]},{\"@type\":\"ImageObject\",\"inLanguage\":\"es\",\"@id\":\"https:\\\/\\\/crematieasinglas.nl\\\/product\\\/wtu8006-willow-tree-met-mini-urn\\\/#primaryimage\",\"url\":\"https:\\\/\\\/crematieasinglas.nl\\\/wp-content\\\/uploads\\\/2024\\\/12\\\/crematie-as-urn-willow-tree-mini-urn-quiet-1-wtu8006.jpg\",\"contentUrl\":\"https:\\\/\\\/crematieasinglas.nl\\\/wp-content\\\/uploads\\\/2024\\\/12\\\/crematie-as-urn-willow-tree-mini-urn-quiet-1-wtu8006.jpg\",\"width\":682,\"height\":1024},{\"@type\":\"BreadcrumbList\",\"@id\":\"https:\\\/\\\/crematieasinglas.nl\\\/product\\\/wtu8006-willow-tree-met-mini-urn\\\/#breadcrumb\",\"itemListElement\":[{\"@type\":\"ListItem\",\"position\":1,\"name\":\"Home\",\"item\":\"https:\\\/\\\/crematieasinglas.nl\\\/es\\\/\"},{\"@type\":\"ListItem\",\"position\":2,\"name\":\"Tienda\",\"item\":\"https:\\\/\\\/crematieasinglas.nl\\\/es\\\/tienda\\\/\"},{\"@type\":\"ListItem\",\"position\":3,\"name\":\"WTU8006 | Willow Tree met mini urn\"}]},{\"@type\":\"WebSite\",\"@id\":\"https:\\\/\\\/crematieasinglas.nl\\\/#website\",\"url\":\"https:\\\/\\\/crematieasinglas.nl\\\/\",\"name\":\"Winkel voor Crematie-as in glas\",\"description\":\"Een winkel voor crematieasinglas.nl\",\"publisher\":{\"@id\":\"https:\\\/\\\/crematieasinglas.nl\\\/#organization\"},\"potentialAction\":[{\"@type\":\"SearchAction\",\"target\":{\"@type\":\"EntryPoint\",\"urlTemplate\":\"https:\\\/\\\/crematieasinglas.nl\\\/?s={search_term_string}\"},\"query-input\":{\"@type\":\"PropertyValueSpecification\",\"valueRequired\":true,\"valueName\":\"search_term_string\"}}],\"inLanguage\":\"es\"},{\"@type\":\"Organization\",\"@id\":\"https:\\\/\\\/crematieasinglas.nl\\\/#organization\",\"name\":\"Dierbaarasinglas.nl\",\"alternateName\":\"Crematieasinglas.nl\",\"url\":\"https:\\\/\\\/crematieasinglas.nl\\\/\",\"logo\":{\"@type\":\"ImageObject\",\"inLanguage\":\"es\",\"@id\":\"https:\\\/\\\/crematieasinglas.nl\\\/#\\\/schema\\\/logo\\\/image\\\/\",\"url\":\"https:\\\/\\\/crematieasinglas.nl\\\/wp-content\\\/uploads\\\/2024\\\/10\\\/logo-02-playfair-googlefont-met-hartje-02.png\",\"contentUrl\":\"https:\\\/\\\/crematieasinglas.nl\\\/wp-content\\\/uploads\\\/2024\\\/10\\\/logo-02-playfair-googlefont-met-hartje-02.png\",\"width\":582,\"height\":136,\"caption\":\"Dierbaarasinglas.nl\"},\"image\":{\"@id\":\"https:\\\/\\\/crematieasinglas.nl\\\/#\\\/schema\\\/logo\\\/image\\\/\"}}]}<\/script>\n<!-- \/ Yoast SEO Premium plugin. -->","yoast_head_json":{"title":"WTU8006 | Willow Tree met mini urn - Winkel voor Crematie-as in glas","description":"Willow Tree Quiet Wonder met mini urn","robots":{"index":"index","follow":"follow","max-snippet":"max-snippet:-1","max-image-preview":"max-image-preview:large","max-video-preview":"max-video-preview:-1"},"canonical":"https:\/\/crematieasinglas.nl\/product\/wtu8006-willow-tree-met-mini-urn\/","og_locale":"es_ES","og_type":"article","og_title":"WTU8006 | Willow Tree met mini urn","og_description":"Willow Tree Quiet Wonder met mini urn","og_url":"https:\/\/crematieasinglas.nl\/product\/wtu8006-willow-tree-met-mini-urn\/","og_site_name":"Winkel voor Crematie-as in glas","article_modified_time":"2025-03-04T12:50:14+00:00","og_image":[{"width":682,"height":1024,"url":"https:\/\/crematieasinglas.nl\/wp-content\/uploads\/2024\/12\/crematie-as-urn-willow-tree-mini-urn-quiet-1-wtu8006.jpg","type":"image\/jpeg"}],"twitter_card":"summary_large_image","twitter_misc":{"Tiempo de lectura":"3 minutos"},"schema":{"@context":"https:\/\/schema.org","@graph":[{"@type":"WebPage","@id":"https:\/\/crematieasinglas.nl\/product\/wtu8006-willow-tree-met-mini-urn\/","url":"https:\/\/crematieasinglas.nl\/product\/wtu8006-willow-tree-met-mini-urn\/","name":"WTU8006 | Willow Tree met mini urn - Winkel voor Crematie-as in glas","isPartOf":{"@id":"https:\/\/crematieasinglas.nl\/#website"},"primaryImageOfPage":{"@id":"https:\/\/crematieasinglas.nl\/product\/wtu8006-willow-tree-met-mini-urn\/#primaryimage"},"image":{"@id":"https:\/\/crematieasinglas.nl\/product\/wtu8006-willow-tree-met-mini-urn\/#primaryimage"},"thumbnailUrl":"https:\/\/crematieasinglas.nl\/wp-content\/uploads\/2024\/12\/crematie-as-urn-willow-tree-mini-urn-quiet-1-wtu8006.jpg","datePublished":"2025-03-04T12:50:11+00:00","dateModified":"2025-03-04T12:50:14+00:00","description":"Willow Tree Quiet Wonder met mini urn","breadcrumb":{"@id":"https:\/\/crematieasinglas.nl\/product\/wtu8006-willow-tree-met-mini-urn\/#breadcrumb"},"inLanguage":"es","potentialAction":[{"@type":"ReadAction","target":["https:\/\/crematieasinglas.nl\/product\/wtu8006-willow-tree-met-mini-urn\/"]}]},{"@type":"ImageObject","inLanguage":"es","@id":"https:\/\/crematieasinglas.nl\/product\/wtu8006-willow-tree-met-mini-urn\/#primaryimage","url":"https:\/\/crematieasinglas.nl\/wp-content\/uploads\/2024\/12\/crematie-as-urn-willow-tree-mini-urn-quiet-1-wtu8006.jpg","contentUrl":"https:\/\/crematieasinglas.nl\/wp-content\/uploads\/2024\/12\/crematie-as-urn-willow-tree-mini-urn-quiet-1-wtu8006.jpg","width":682,"height":1024},{"@type":"BreadcrumbList","@id":"https:\/\/crematieasinglas.nl\/product\/wtu8006-willow-tree-met-mini-urn\/#breadcrumb","itemListElement":[{"@type":"ListItem","position":1,"name":"Home","item":"https:\/\/crematieasinglas.nl\/es\/"},{"@type":"ListItem","position":2,"name":"Tienda","item":"https:\/\/crematieasinglas.nl\/es\/tienda\/"},{"@type":"ListItem","position":3,"name":"WTU8006 | Willow Tree met mini urn"}]},{"@type":"WebSite","@id":"https:\/\/crematieasinglas.nl\/#website","url":"https:\/\/crematieasinglas.nl\/","name":"Winkel voor Crematie-as in glas","description":"Een winkel voor crematieasinglas.nl","publisher":{"@id":"https:\/\/crematieasinglas.nl\/#organization"},"potentialAction":[{"@type":"SearchAction","target":{"@type":"EntryPoint","urlTemplate":"https:\/\/crematieasinglas.nl\/?s={search_term_string}"},"query-input":{"@type":"PropertyValueSpecification","valueRequired":true,"valueName":"search_term_string"}}],"inLanguage":"es"},{"@type":"Organization","@id":"https:\/\/crematieasinglas.nl\/#organization","name":"Dierbaarasinglas.nl","alternateName":"Crematieasinglas.nl","url":"https:\/\/crematieasinglas.nl\/","logo":{"@type":"ImageObject","inLanguage":"es","@id":"https:\/\/crematieasinglas.nl\/#\/schema\/logo\/image\/","url":"https:\/\/crematieasinglas.nl\/wp-content\/uploads\/2024\/10\/logo-02-playfair-googlefont-met-hartje-02.png","contentUrl":"https:\/\/crematieasinglas.nl\/wp-content\/uploads\/2024\/10\/logo-02-playfair-googlefont-met-hartje-02.png","width":582,"height":136,"caption":"Dierbaarasinglas.nl"},"image":{"@id":"https:\/\/crematieasinglas.nl\/#\/schema\/logo\/image\/"}}]}},"_links":{"self":[{"href":"https:\/\/crematieasinglas.nl\/es\/wp-json\/wp\/v2\/product\/6984","targetHints":{"allow":["GET"]}}],"collection":[{"href":"https:\/\/crematieasinglas.nl\/es\/wp-json\/wp\/v2\/product"}],"about":[{"href":"https:\/\/crematieasinglas.nl\/es\/wp-json\/wp\/v2\/types\/product"}],"replies":[{"embeddable":true,"href":"https:\/\/crematieasinglas.nl\/es\/wp-json\/wp\/v2\/comments?post=6984"}],"wp:featuredmedia":[{"embeddable":true,"href":"https:\/\/crematieasinglas.nl\/es\/wp-json\/wp\/v2\/media\/6646"}],"wp:attachment":[{"href":"https:\/\/crematieasinglas.nl\/es\/wp-json\/wp\/v2\/media?parent=6984"}],"wp:term":[{"taxonomy":"product_brand","embeddable":true,"href":"https:\/\/crematieasinglas.nl\/es\/wp-json\/wp\/v2\/product_brand?post=6984"},{"taxonomy":"product_cat","embeddable":true,"href":"https:\/\/crematieasinglas.nl\/es\/wp-json\/wp\/v2\/product_cat?post=6984"},{"taxonomy":"product_tag","embeddable":true,"href":"https:\/\/crematieasinglas.nl\/es\/wp-json\/wp\/v2\/product_tag?post=6984"}],"curies":[{"name":"wp","href":"https:\/\/api.w.org\/{rel}","templated":true}]}}