{"id":19865,"date":"2025-05-01T18:28:25","date_gmt":"2025-05-01T18:28:25","guid":{"rendered":"https:\/\/ebdxvyckeo.onrocket.site\/sobre-nosotros\/"},"modified":"2025-10-23T14:04:47","modified_gmt":"2025-10-23T14:04:47","slug":"sobre-nosotros","status":"publish","type":"page","link":"https:\/\/crematieasinglas.nl\/es\/sobre-nosotros\/","title":{"rendered":"Sobre m\u00ed"},"content":{"rendered":"<div class=\"wpb-content-wrapper\"><p>[vc_row gap=&#8221;10&#8243; css=&#8221;.vc_custom_1754913675647{margin-right: 100px !important;border-right-width: 100px !important;padding-right: 50px !important;}&#8221;][vc_column width=&#8221;1\/4&#8243;][vc_row_inner][vc_column_inner][vc_single_image image=&#8221;20741&#8243; img_size=&#8221;large&#8221; css=&#8221;&#8221;][\/vc_column_inner][\/vc_row_inner][vc_single_image image=&#8221;20803&#8243; img_size=&#8221;Large&#8221; css=&#8221;&#8221;][\/vc_column][vc_column width=&#8221;3\/4&#8243;][vc_column_text css=&#8221;&#8221;]<\/p>\n<h2 data-start=\"195\" data-end=\"231\"><strong data-start=\"198\" data-end=\"231\">Acerca de m\u00ed: Cenizas de cremaci\u00f3n en vidrio<\/strong><\/h2>\n<p data-start=\"233\" data-end=\"515\">Bienvenidos a <strong data-start=\"244\" data-end=\"267\">las cenizas de cremaci\u00f3n en vidrio<\/strong>. Mi nombre es Jet Couwenberg, artesano vidriero y fabricante de art\u00edculos conmemorativos hechos a mano. Desde mi estudio, trabajo con cuidado, atenci\u00f3n y amor en cada pieza \u00fanica, con el objetivo de crear un recuerdo tangible que realmente se adapte a ti.  <\/p>\n<h3 style=\"color: #f9f9f9;\">Lo que me impulsa<\/h3>\n<p data-start=\"538\" data-end=\"822\">Decir adi\u00f3s toca profundamente. Es precisamente por eso que creo en la importancia de un objeto personal de recuerdo, algo que brinde consuelo, que sea poderoso en su simplicidad o sutil y simb\u00f3lico. Cada pieza se crea con una participaci\u00f3n genuina. No de la multitud, sino con un ojo puesto en tu historia.   <\/p>\n<h3 style=\"color: #f9f9f9;\">Artesan\u00eda y colaboraci\u00f3n<\/h3>\n<p data-start=\"858\" data-end=\"1265\">Hago una gran parte de mi colecci\u00f3n yo mismo en mi estudio de vidrio. Adem\u00e1s, trabajo junto con otros artistas del vidrio y comerciantes seleccionados, donde luego <strong data-start=\"1034\" data-end=\"1066\">personalizo y termino<\/strong> cada pieza yo mismo. Tanto si se trata de una urna \u00fanica, una miniurna o una joya conmemorativa, cada art\u00edculo se personaliza a mano y se termina cuidadosamente. Esto crea un objeto de memoria especial que se adapta a ti.   <\/p>\n<p data-start=\"1267\" data-end=\"1477\">Combino t\u00e9cnicas artesanales cl\u00e1sicas con aplicaciones modernas: soplado de vidrio, arenado, resina, acero inoxidable y l\u00e1mina de r\u00f3tulos. Todo se une en mi estudio, <strong data-start=\"1418\" data-end=\"1477\">donde cada detalle est\u00e1 terminado con atenci\u00f3n y sentimiento.<\/strong> <\/p>\n<h3 style=\"color: #f9f9f9;\">Orientaci\u00f3n personal<\/h3>\n<p data-start=\"1510\" data-end=\"1932\">Te guiar\u00e9 paso a paso en este proceso. Ya sea que elijas una peque\u00f1a pieza de joyer\u00eda o una urna m\u00e1s grande: miro contigo, pienso contigo y me tomo mi tiempo. Tambi\u00e9n te ayudo en tu camino con instrucciones claras a la hora de enviar cenizas o cabellos de cremaci\u00f3n. Debido a que se trata de material sensible, es <g id=\"gid_0\">muy importante que lea detenidamente las reglas de env\u00edo con anticipaci\u00f3n<\/g>. De esta manera, juntos garantizamos un procesamiento seguro y respetuoso.    <\/p>\n<p data-start=\"1934\" data-end=\"2213\">En la p\u00e1gina <a class=\"\" href=\"https:\/\/crematieasinglas.nl\/es\/nuestras-cenizas-de-cremacion-urnas-y-joyas-de-vidrio\/\" target=\"_new\" rel=\"noopener\" data-start=\"1947\" data-end=\"2068\"><strong data-start=\"1948\" data-end=\"1986\">Nuestras cenizas de cremaci\u00f3n, urnas y joyas<\/strong><\/a> , encontrar\u00e1s todas las respuestas a las preguntas m\u00e1s frecuentes. Esta p\u00e1gina constituye la base de mi m\u00e9todo de trabajo: le recomiendo encarecidamente que le eche un vistazo all\u00ed. <\/p>\n<h3 style=\"color: #f9f9f9;\">Fiable y transparente<\/h3>\n<ul data-start=\"2246\" data-end=\"2740\">\n<li data-start=\"2246\" data-end=\"2271\">\n<p data-start=\"2248\" data-end=\"2271\">Sin tarifas ocultas<\/p>\n<\/li>\n<li data-start=\"2272\" data-end=\"2308\">\n<p data-start=\"2274\" data-end=\"2308\">Paga con m\u00e9todos confiables<\/p>\n<\/li>\n<li data-start=\"2309\" data-end=\"2343\">\n<p data-start=\"2311\" data-end=\"2343\">Entrega r\u00e1pida y cuidadosa<\/p>\n<\/li>\n<li data-start=\"2344\" data-end=\"2479\">\n<p data-start=\"2346\" data-end=\"2479\">Consulte nuestras <a class=\"\" href=\"https:\/\/crematieasinglas.nl\/es\/nuestras-cenizas-de-cremacion-urnas-y-joyas-de-vidrio\/\" target=\"_new\" rel=\"noopener\" data-start=\"2358\" data-end=\"2477\"><strong data-start=\"2359\" data-end=\"2395\">preguntas frecuentes y el m\u00e9todo<\/strong><\/a><\/p>\n<\/li>\n<li data-start=\"2480\" data-end=\"2645\">\n<p data-start=\"2482\" data-end=\"2645\">Informaci\u00f3n sobre env\u00edos internacionales: consulte <a class=\"\" href=\"https:\/\/crematieasinglas.nl\/internationale-verzend-informatie-van-het-verzenden-van-crematie-as\/\" target=\"_new\" rel=\"noopener\" data-start=\"2521\" data-end=\"2643\"><strong data-start=\"2522\" data-end=\"2537\">esta p\u00e1gina<\/strong><\/a><\/p>\n<\/li>\n<li data-start=\"2646\" data-end=\"2740\">\n<p data-start=\"2648\" data-end=\"2740\">Pol\u00edtica de devoluciones: consulte nuestra <a class=\"\" href=\"https:\/\/crematieasinglas.nl\/es\/politica-de-devoluciones\/\" target=\"_new\" rel=\"noopener\" data-start=\"2672\" data-end=\"2740\"><strong data-start=\"2673\" data-end=\"2689\">p\u00e1gina de devoluciones<\/strong><\/a><\/p>\n<\/li>\n<\/ul>\n<hr data-start=\"2742\" data-end=\"2745\">\n<p data-start=\"2747\" data-end=\"3033\"><strong data-start=\"2751\" data-end=\"2774\">Cremation Ashes in Glass<\/strong> no se trata solo de un producto hermoso, sino de un lugar seguro para su memoria. \u00bfTe gustar\u00eda saber m\u00e1s o discutir sobre lo que es posible? No dude en enviarme un correo electr\u00f3nico a <a class=\"cursor-pointer\" rel=\"noopener\" data-start=\"2948\" data-end=\"3007\">trav\u00e9s de info@crematieasinglas.nl<\/a>.  <\/p>\n<p data-start=\"2747\" data-end=\"3033\">Estoy feliz de ayudarte.<\/p>\n<p data-start=\"2747\" data-end=\"3033\">Jet Couwenberg<\/p>\n<p>[\/vc_column_text][\/vc_column][\/vc_row][vc_row][vc_column width=&#8221;1\/4&#8243;][vc_row_inner][vc_column_inner][\/vc_column_inner][\/vc_row_inner][\/vc_column][\/vc_row]<\/p>\n<\/div>","protected":false},"excerpt":{"rendered":"<p>[vc_row gap=&#8221;10&#8243; css=&#8221;.vc_custom_1754913675647{margin-right: 100px !important;border-right-width: 100px !important;padding-right: 50px !important;}&#8221;][vc_column width=&#8221;1\/4&#8243;][vc_row_inner][vc_column_inner][vc_single_image image=&#8221;20741&#8243; img_size=&#8221;large&#8221; css=&#8221;&#8221;][\/vc_column_inner][\/vc_row_inner][vc_single_image image=&#8221;20803&#8243; img_size=&#8221;Large&#8221; css=&#8221;&#8221;][\/vc_column][vc_column width=&#8221;3\/4&#8243;][vc_column_text css=&#8221;&#8221;] Acerca de m\u00ed: Cenizas de cremaci\u00f3n en vidrio Bienvenidos a las cenizas<\/p>\n","protected":false},"author":1,"featured_media":0,"parent":0,"menu_order":0,"comment_status":"closed","ping_status":"closed","template":"","meta":{"footnotes":""},"class_list":["post-19865","page","type-page","status-publish","hentry"],"yoast_head":"<!-- This site is optimized with the Yoast SEO Premium plugin v27.5 (Yoast SEO v27.5) - https:\/\/yoast.com\/product\/yoast-seo-premium-wordpress\/ -->\n<title>Sobre nosotros | Cenizas de cremaci\u00f3n en vidrio - Art\u00edculos conmemorativos hechos a mano<\/title>\n<meta name=\"description\" content=\"Conozca las cenizas de cremaci\u00f3n en vidrio: art\u00edculos conmemorativos \u00fanicos hechos a mano que incorporan respetuosamente las cenizas en el arte hecho de vidrio.\" \/>\n<meta name=\"robots\" content=\"index, follow, max-snippet:-1, max-image-preview:large, max-video-preview:-1\" \/>\n<link rel=\"canonical\" href=\"https:\/\/crematieasinglas.nl\/es\/sobre-nosotros\/\" \/>\n<meta property=\"og:locale\" content=\"es_ES\" \/>\n<meta property=\"og:type\" content=\"article\" \/>\n<meta property=\"og:title\" content=\"Sobre m\u00ed\" \/>\n<meta property=\"og:description\" content=\"Conozca las cenizas de cremaci\u00f3n en vidrio: art\u00edculos conmemorativos \u00fanicos hechos a mano que incorporan respetuosamente las cenizas en el arte hecho de vidrio.\" \/>\n<meta property=\"og:url\" content=\"https:\/\/crematieasinglas.nl\/es\/sobre-nosotros\/\" \/>\n<meta property=\"og:site_name\" content=\"Winkel voor Crematie-as in glas\" \/>\n<meta property=\"article:modified_time\" content=\"2025-10-23T14:04:47+00:00\" \/>\n<meta name=\"twitter:card\" content=\"summary_large_image\" \/>\n<meta name=\"twitter:label1\" content=\"Tiempo de lectura\" \/>\n\t<meta name=\"twitter:data1\" content=\"3 minutos\" \/>\n<script type=\"application\/ld+json\" class=\"yoast-schema-graph\">{\"@context\":\"https:\\\/\\\/schema.org\",\"@graph\":[{\"@type\":\"WebPage\",\"@id\":\"https:\\\/\\\/crematieasinglas.nl\\\/es\\\/sobre-nosotros\\\/\",\"url\":\"https:\\\/\\\/crematieasinglas.nl\\\/es\\\/sobre-nosotros\\\/\",\"name\":\"Sobre nosotros | Cenizas de cremaci\u00f3n en vidrio - Art\u00edculos conmemorativos hechos a mano\",\"isPartOf\":{\"@id\":\"https:\\\/\\\/crematieasinglas.nl\\\/#website\"},\"datePublished\":\"2025-05-01T18:28:25+00:00\",\"dateModified\":\"2025-10-23T14:04:47+00:00\",\"description\":\"Conozca las cenizas de cremaci\u00f3n en vidrio: art\u00edculos conmemorativos \u00fanicos hechos a mano que incorporan respetuosamente las cenizas en el arte hecho de vidrio.\",\"breadcrumb\":{\"@id\":\"https:\\\/\\\/crematieasinglas.nl\\\/es\\\/sobre-nosotros\\\/#breadcrumb\"},\"inLanguage\":\"es\",\"potentialAction\":[{\"@type\":\"ReadAction\",\"target\":[\"https:\\\/\\\/crematieasinglas.nl\\\/es\\\/sobre-nosotros\\\/\"]}]},{\"@type\":\"BreadcrumbList\",\"@id\":\"https:\\\/\\\/crematieasinglas.nl\\\/es\\\/sobre-nosotros\\\/#breadcrumb\",\"itemListElement\":[{\"@type\":\"ListItem\",\"position\":1,\"name\":\"Home\",\"item\":\"https:\\\/\\\/crematieasinglas.nl\\\/es\\\/\"},{\"@type\":\"ListItem\",\"position\":2,\"name\":\"Sobre m\u00ed\"}]},{\"@type\":\"WebSite\",\"@id\":\"https:\\\/\\\/crematieasinglas.nl\\\/#website\",\"url\":\"https:\\\/\\\/crematieasinglas.nl\\\/\",\"name\":\"Winkel voor Crematie-as in glas\",\"description\":\"Een winkel voor crematieasinglas.nl\",\"publisher\":{\"@id\":\"https:\\\/\\\/crematieasinglas.nl\\\/#organization\"},\"potentialAction\":[{\"@type\":\"SearchAction\",\"target\":{\"@type\":\"EntryPoint\",\"urlTemplate\":\"https:\\\/\\\/crematieasinglas.nl\\\/?s={search_term_string}\"},\"query-input\":{\"@type\":\"PropertyValueSpecification\",\"valueRequired\":true,\"valueName\":\"search_term_string\"}}],\"inLanguage\":\"es\"},{\"@type\":\"Organization\",\"@id\":\"https:\\\/\\\/crematieasinglas.nl\\\/#organization\",\"name\":\"Dierbaarasinglas.nl\",\"alternateName\":\"Crematieasinglas.nl\",\"url\":\"https:\\\/\\\/crematieasinglas.nl\\\/\",\"logo\":{\"@type\":\"ImageObject\",\"inLanguage\":\"es\",\"@id\":\"https:\\\/\\\/crematieasinglas.nl\\\/#\\\/schema\\\/logo\\\/image\\\/\",\"url\":\"https:\\\/\\\/crematieasinglas.nl\\\/wp-content\\\/uploads\\\/2024\\\/10\\\/logo-02-playfair-googlefont-met-hartje-02.png\",\"contentUrl\":\"https:\\\/\\\/crematieasinglas.nl\\\/wp-content\\\/uploads\\\/2024\\\/10\\\/logo-02-playfair-googlefont-met-hartje-02.png\",\"width\":582,\"height\":136,\"caption\":\"Dierbaarasinglas.nl\"},\"image\":{\"@id\":\"https:\\\/\\\/crematieasinglas.nl\\\/#\\\/schema\\\/logo\\\/image\\\/\"}}]}<\/script>\n<!-- \/ Yoast SEO Premium plugin. -->","yoast_head_json":{"title":"Sobre nosotros | Cenizas de cremaci\u00f3n en vidrio - Art\u00edculos conmemorativos hechos a mano","description":"Conozca las cenizas de cremaci\u00f3n en vidrio: art\u00edculos conmemorativos \u00fanicos hechos a mano que incorporan respetuosamente las cenizas en el arte hecho de vidrio.","robots":{"index":"index","follow":"follow","max-snippet":"max-snippet:-1","max-image-preview":"max-image-preview:large","max-video-preview":"max-video-preview:-1"},"canonical":"https:\/\/crematieasinglas.nl\/es\/sobre-nosotros\/","og_locale":"es_ES","og_type":"article","og_title":"Sobre m\u00ed","og_description":"Conozca las cenizas de cremaci\u00f3n en vidrio: art\u00edculos conmemorativos \u00fanicos hechos a mano que incorporan respetuosamente las cenizas en el arte hecho de vidrio.","og_url":"https:\/\/crematieasinglas.nl\/es\/sobre-nosotros\/","og_site_name":"Winkel voor Crematie-as in glas","article_modified_time":"2025-10-23T14:04:47+00:00","twitter_card":"summary_large_image","twitter_misc":{"Tiempo de lectura":"3 minutos"},"schema":{"@context":"https:\/\/schema.org","@graph":[{"@type":"WebPage","@id":"https:\/\/crematieasinglas.nl\/es\/sobre-nosotros\/","url":"https:\/\/crematieasinglas.nl\/es\/sobre-nosotros\/","name":"Sobre nosotros | Cenizas de cremaci\u00f3n en vidrio - Art\u00edculos conmemorativos hechos a mano","isPartOf":{"@id":"https:\/\/crematieasinglas.nl\/#website"},"datePublished":"2025-05-01T18:28:25+00:00","dateModified":"2025-10-23T14:04:47+00:00","description":"Conozca las cenizas de cremaci\u00f3n en vidrio: art\u00edculos conmemorativos \u00fanicos hechos a mano que incorporan respetuosamente las cenizas en el arte hecho de vidrio.","breadcrumb":{"@id":"https:\/\/crematieasinglas.nl\/es\/sobre-nosotros\/#breadcrumb"},"inLanguage":"es","potentialAction":[{"@type":"ReadAction","target":["https:\/\/crematieasinglas.nl\/es\/sobre-nosotros\/"]}]},{"@type":"BreadcrumbList","@id":"https:\/\/crematieasinglas.nl\/es\/sobre-nosotros\/#breadcrumb","itemListElement":[{"@type":"ListItem","position":1,"name":"Home","item":"https:\/\/crematieasinglas.nl\/es\/"},{"@type":"ListItem","position":2,"name":"Sobre m\u00ed"}]},{"@type":"WebSite","@id":"https:\/\/crematieasinglas.nl\/#website","url":"https:\/\/crematieasinglas.nl\/","name":"Winkel voor Crematie-as in glas","description":"Een winkel voor crematieasinglas.nl","publisher":{"@id":"https:\/\/crematieasinglas.nl\/#organization"},"potentialAction":[{"@type":"SearchAction","target":{"@type":"EntryPoint","urlTemplate":"https:\/\/crematieasinglas.nl\/?s={search_term_string}"},"query-input":{"@type":"PropertyValueSpecification","valueRequired":true,"valueName":"search_term_string"}}],"inLanguage":"es"},{"@type":"Organization","@id":"https:\/\/crematieasinglas.nl\/#organization","name":"Dierbaarasinglas.nl","alternateName":"Crematieasinglas.nl","url":"https:\/\/crematieasinglas.nl\/","logo":{"@type":"ImageObject","inLanguage":"es","@id":"https:\/\/crematieasinglas.nl\/#\/schema\/logo\/image\/","url":"https:\/\/crematieasinglas.nl\/wp-content\/uploads\/2024\/10\/logo-02-playfair-googlefont-met-hartje-02.png","contentUrl":"https:\/\/crematieasinglas.nl\/wp-content\/uploads\/2024\/10\/logo-02-playfair-googlefont-met-hartje-02.png","width":582,"height":136,"caption":"Dierbaarasinglas.nl"},"image":{"@id":"https:\/\/crematieasinglas.nl\/#\/schema\/logo\/image\/"}}]}},"_links":{"self":[{"href":"https:\/\/crematieasinglas.nl\/es\/wp-json\/wp\/v2\/pages\/19865","targetHints":{"allow":["GET"]}}],"collection":[{"href":"https:\/\/crematieasinglas.nl\/es\/wp-json\/wp\/v2\/pages"}],"about":[{"href":"https:\/\/crematieasinglas.nl\/es\/wp-json\/wp\/v2\/types\/page"}],"author":[{"embeddable":true,"href":"https:\/\/crematieasinglas.nl\/es\/wp-json\/wp\/v2\/users\/1"}],"replies":[{"embeddable":true,"href":"https:\/\/crematieasinglas.nl\/es\/wp-json\/wp\/v2\/comments?post=19865"}],"version-history":[{"count":13,"href":"https:\/\/crematieasinglas.nl\/es\/wp-json\/wp\/v2\/pages\/19865\/revisions"}],"predecessor-version":[{"id":22228,"href":"https:\/\/crematieasinglas.nl\/es\/wp-json\/wp\/v2\/pages\/19865\/revisions\/22228"}],"wp:attachment":[{"href":"https:\/\/crematieasinglas.nl\/es\/wp-json\/wp\/v2\/media?parent=19865"}],"curies":[{"name":"wp","href":"https:\/\/api.w.org\/{rel}","templated":true}]}}