{"id":19845,"date":"2025-06-25T07:51:19","date_gmt":"2025-06-25T07:51:19","guid":{"rendered":"https:\/\/ebdxvyckeo.onrocket.site\/urnas-de-vidrio-personalizadas-con-cenizas-de-cremacion-sopladas-en-vidrio\/"},"modified":"2025-06-28T12:10:54","modified_gmt":"2025-06-28T12:10:54","slug":"urnas-de-vidrio-personalizadas-con-cenizas-de-cremacion-sopladas-en-vidrio","status":"publish","type":"page","link":"https:\/\/crematieasinglas.nl\/es\/urnas-de-vidrio-personalizadas-con-cenizas-de-cremacion-sopladas-en-vidrio\/","title":{"rendered":"Urnas de vidrio personalizadas con cenizas de cremaci\u00f3n sopladas en vidrio"},"content":{"rendered":"\t\t<div data-elementor-type=\"wp-page\" data-elementor-id=\"19845\" class=\"elementor elementor-19845 elementor-19226\" data-elementor-post-type=\"page\">\n\t\t\t\t<div class=\"elementor-element elementor-element-91b85a1 e-flex e-con-boxed e-con e-parent\" data-id=\"91b85a1\" data-element_type=\"container\" data-e-type=\"container\">\n\t\t\t\t\t<div class=\"e-con-inner\">\n\t\t<div class=\"elementor-element elementor-element-5845e0c e-con-full e-flex e-con e-child\" data-id=\"5845e0c\" data-element_type=\"container\" data-e-type=\"container\">\n\t\t\t\t<div class=\"elementor-element elementor-element-96e19d9 elementor-widget elementor-widget-text-editor\" data-id=\"96e19d9\" data-element_type=\"widget\" data-e-type=\"widget\" data-widget_type=\"text-editor.default\">\n\t\t\t\t<div class=\"elementor-widget-container\">\n\t\t\t\t\t\t\t\t\t<h1>Urnas con cenizas fundidas en vidrio: personalizaci\u00f3n con cuidado<\/h1><p data-start=\"150\" data-end=\"282\">\u00bfEst\u00e1 buscando una urna especial en la que las cenizas de la cremaci\u00f3n <strong data-start=\"212\" data-end=\"246\">se fundan permanentemente en vidrio<\/strong>? Entonces has venido al lugar correcto. <\/p><p data-start=\"284\" data-end=\"540\">Estas urnas est\u00e1n <strong data-start=\"302\" data-end=\"346\">hechas a mano por nuestro soplador de vidrio<\/strong>. Debido a que estos son art\u00edculos conmemorativos tradicionales y \u00fanicos, es importante que <strong data-start=\"427\" data-end=\"481\">todos los deseos y detalles se coordinen cuidadosamente<\/strong> antes de que podamos proceder a un dise\u00f1o e implementaci\u00f3n. <\/p><p data-start=\"542\" data-end=\"708\">Es por eso que estas urnas <strong data-start=\"567\" data-end=\"606\">no se venden directamente a trav\u00e9s de la tienda web<\/strong>. En su lugar, le rogamos que se <strong data-start=\"653\" data-end=\"693\">ponga en contacto con nosotros primero por correo electr\u00f3nico<\/strong>. Por ejemplo, podemos:  <\/p><ul data-start=\"709\" data-end=\"873\"><li data-start=\"709\" data-end=\"744\"><p data-start=\"711\" data-end=\"744\">Plasma claramente tus deseos en papel<\/p><\/li><li data-start=\"745\" data-end=\"800\"><p data-start=\"747\" data-end=\"800\">Intercambio de ejemplos y fotos para aclaraciones<\/p><\/li><li data-start=\"801\" data-end=\"873\"><p data-start=\"803\" data-end=\"873\">Evite malentendidos discutiendo todo con calma y por escrito<\/p><\/li><\/ul><p data-start=\"875\" data-end=\"974\"> <strong data-start=\"878\" data-end=\"925\">Puede ponerse en contacto con nosotros f\u00e1cilmente por correo electr\u00f3nico<\/strong>. Respondemos con cuidado y estaremos encantados de pensar junto con usted. <\/p><p data-start=\"976\" data-end=\"1185\">\u00bfPreferir\u00edas ver algunos ejemplos en la vida real o sentir los materiales?<br data-start=\"1055\" data-end=\"1058\">Entonces usted es muy bienvenido en nuestra sala de exposici\u00f3n, solo con cita previa. Puede programar f\u00e1cilmente esta cita a trav\u00e9s del sitio web. <\/p><p data-start=\"1187\" data-end=\"1448\">\u26a0\ufe0f Debido a que la comunicaci\u00f3n clara es esencial en este tipo de personalizaci\u00f3n, le pedimos <strong data-start=\"1274\" data-end=\"1319\">que no proporcione ninguna informaci\u00f3n por tel\u00e9fono<\/strong>. Es importante que todos los acuerdos se registren adecuadamente, para que juntos podamos lograr un resultado final valioso y personal. <\/p><div class=\"wpb_column vc_column_container vc_col-sm-8\"><p>Correo electr\u00f3nico: <a href=\"mailto:info@crematieasinglas.nl\">info@crematieasinglas.nl<\/a><\/p><div class=\"vc_column-inner\"><div class=\"wpb_wrapper\"><div class=\"wpb_text_column wpb_content_element\"><div class=\"wpb_wrapper\"><div id=\"pgc-1010-0-0\" class=\"panel-grid-cell\"><div id=\"panel-1010-0-0-0\" class=\"so-panel widget widget_text panel-first-child panel-last-child\" data-index=\"0\"><div class=\"textwidget\"><div id=\"pgc-930-0-0\" class=\"panel-grid-cell\"><div id=\"panel-930-0-0-0\" class=\"so-panel widget widget_text panel-first-child panel-last-child\" data-index=\"0\"><div class=\"panel-widget-style panel-widget-style-for-930-0-0-0\"><div class=\"textwidget\"><div class=\"elementor-element elementor-element-deec511 e-con-full e-flex e-con e-child\" data-id=\"deec511\" data-element_type=\"container\"><div class=\"elementor-element elementor-element-dc523f8 elementor-widget elementor-widget-text-editor\" data-id=\"dc523f8\" data-element_type=\"widget\" data-widget_type=\"text-editor.default\"><div class=\"elementor-widget-container\"><div id=\"pgc-1010-0-0\" class=\"panel-grid-cell\"><div id=\"panel-1010-0-0-0\" class=\"so-panel widget widget_text panel-first-child panel-last-child\" data-index=\"0\"><div class=\"textwidget\"><div id=\"pgc-930-0-0\" class=\"panel-grid-cell\"><div id=\"panel-930-0-0-0\" class=\"so-panel widget widget_text panel-first-child panel-last-child\" data-index=\"0\"><div class=\"panel-widget-style panel-widget-style-for-930-0-0-0\"><div class=\"textwidget\"><p>Sinceramente<\/p><p>Jet Couwenberg<\/p><\/div><\/div><\/div><\/div><\/div><\/div><\/div><\/div><\/div><\/div><\/div><\/div><\/div><\/div><\/div><\/div><\/div><\/div><\/div><\/div><\/div><\/div>\t\t\t\t\t\t\t\t<\/div>\n\t\t\t\t<\/div>\n\t\t\t\t<div class=\"elementor-element elementor-element-50c82e9 elementor-widget elementor-widget-shortcode\" data-id=\"50c82e9\" data-element_type=\"widget\" data-e-type=\"widget\" data-widget_type=\"shortcode.default\">\n\t\t\t\t<div class=\"elementor-widget-container\">\n\t\t\t\t\t\t\t<div class=\"elementor-shortcode\"><p class=\"wpcf7-contact-form-not-found\"><strong>Error:<\/strong> Formulario de contacto no encontrado.<\/p><\/div>\n\t\t\t\t\t\t<\/div>\n\t\t\t\t<\/div>\n\t\t\t\t<\/div>\n\t\t<div class=\"elementor-element elementor-element-4f4c486 e-con-full e-flex e-con e-child\" data-id=\"4f4c486\" data-element_type=\"container\" data-e-type=\"container\">\n\t\t\t\t<div class=\"elementor-element elementor-element-4bb1717 elementor-widget elementor-widget-image\" data-id=\"4bb1717\" data-element_type=\"widget\" data-e-type=\"widget\" data-widget_type=\"image.default\">\n\t\t\t\t<div class=\"elementor-widget-container\">\n\t\t\t\t\t\t\t\t\t\t\t\t\t\t\t<img fetchpriority=\"high\" decoding=\"async\" width=\"666\" height=\"847\" src=\"https:\/\/crematieasinglas.nl\/wp-content\/uploads\/2025\/06\/crematie-as-urn-vast-in-glas-orchidee-kolibrie-4-cvu4040.jpg\" class=\"attachment-medium_large size-medium_large wp-image-19846\" alt=\"Urn van glas, geheel handgemaakt en geblazen, met kolibrie, vlinders en orchidee\u00ebn in lila tinten; crematie-as is versmolten in twee transparante bogen. Glass urn, entirely handmade and blown, featuring a hummingbird, butterflies and orchids in lilac tones; ashes are fused into two transparent glass arches. Glasurne, vollst\u00e4ndig handgefertigt und geblasen, mit Kolibri, Schmetterlingen und Orchideen in Fliedert\u00f6nen; Asche ist in zwei transparente Glasb\u00f6gen eingeschmolzen.\" srcset=\"https:\/\/crematieasinglas.nl\/wp-content\/uploads\/2025\/06\/crematie-as-urn-vast-in-glas-orchidee-kolibrie-4-cvu4040.jpg 666w, https:\/\/crematieasinglas.nl\/wp-content\/uploads\/2025\/06\/crematie-as-urn-vast-in-glas-orchidee-kolibrie-4-cvu4040-236x300.jpg 236w, https:\/\/crematieasinglas.nl\/wp-content\/uploads\/2025\/06\/crematie-as-urn-vast-in-glas-orchidee-kolibrie-4-cvu4040-600x763.jpg 600w\" sizes=\"(max-width: 666px) 100vw, 666px\" \/>\t\t\t\t\t\t\t\t\t\t\t\t\t\t\t<\/div>\n\t\t\t\t<\/div>\n\t\t\t\t<\/div>\n\t\t\t\t\t<\/div>\n\t\t\t\t<\/div>\n\t\t\t\t<\/div>\n\t\t","protected":false},"excerpt":{"rendered":"<p>Urnas con cenizas fundidas en vidrio: personalizaci\u00f3n con cuidado \u00bfEst\u00e1 buscando una urna especial en la que las cenizas de la cremaci\u00f3n se fundan permanentemente en vidrio? Entonces has venido<\/p>\n","protected":false},"author":1,"featured_media":0,"parent":0,"menu_order":0,"comment_status":"closed","ping_status":"closed","template":"","meta":{"footnotes":""},"class_list":["post-19845","page","type-page","status-publish","hentry"],"yoast_head":"<!-- This site is optimized with the Yoast SEO Premium plugin v27.1 (Yoast SEO v27.3) - https:\/\/yoast.com\/product\/yoast-seo-premium-wordpress\/ -->\n<title>Urnas de vidrio personalizadas con cenizas de cremaci\u00f3n sopladas en vidrio - Winkel voor Crematie-as in glas<\/title>\n<meta name=\"description\" content=\"Urnas de vidrio personalizadas con cenizas de cremaci\u00f3n sopladas en vidrio - Winkel voor Crematie-as in glas -\" \/>\n<meta name=\"robots\" content=\"index, follow, max-snippet:-1, max-image-preview:large, max-video-preview:-1\" \/>\n<link rel=\"canonical\" href=\"https:\/\/crematieasinglas.nl\/glazen-urnen-gepersonaliseerd\/\" \/>\n<meta property=\"og:locale\" content=\"es_ES\" \/>\n<meta property=\"og:type\" content=\"article\" \/>\n<meta property=\"og:title\" content=\"Urnas de vidrio personalizadas con cenizas de cremaci\u00f3n sopladas en vidrio\" \/>\n<meta property=\"og:description\" content=\"Urnas de vidrio personalizadas con cenizas de cremaci\u00f3n sopladas en vidrio - Winkel voor Crematie-as in glas -\" \/>\n<meta property=\"og:url\" content=\"https:\/\/crematieasinglas.nl\/glazen-urnen-gepersonaliseerd\/\" \/>\n<meta property=\"og:site_name\" content=\"Winkel voor Crematie-as in glas\" \/>\n<meta property=\"article:modified_time\" content=\"2025-06-28T12:10:54+00:00\" \/>\n<meta property=\"og:image\" content=\"https:\/\/crematieasinglas.nl\/wp-content\/uploads\/2025\/06\/crematie-as-urn-vast-in-glas-orchidee-kolibrie-4-cvu4040.jpg\" \/>\n<meta name=\"twitter:card\" content=\"summary_large_image\" \/>\n<meta name=\"twitter:label1\" content=\"Tiempo de lectura\" \/>\n\t<meta name=\"twitter:data1\" content=\"1 minuto\" \/>\n<script type=\"application\/ld+json\" class=\"yoast-schema-graph\">{\"@context\":\"https:\\\/\\\/schema.org\",\"@graph\":[{\"@type\":\"WebPage\",\"@id\":\"https:\\\/\\\/crematieasinglas.nl\\\/glazen-urnen-gepersonaliseerd\\\/\",\"url\":\"https:\\\/\\\/crematieasinglas.nl\\\/glazen-urnen-gepersonaliseerd\\\/\",\"name\":\"Urnas de vidrio personalizadas con cenizas de cremaci\u00f3n sopladas en vidrio - Winkel voor Crematie-as in glas\",\"isPartOf\":{\"@id\":\"https:\\\/\\\/crematieasinglas.nl\\\/#website\"},\"primaryImageOfPage\":{\"@id\":\"https:\\\/\\\/crematieasinglas.nl\\\/glazen-urnen-gepersonaliseerd\\\/#primaryimage\"},\"image\":{\"@id\":\"https:\\\/\\\/crematieasinglas.nl\\\/glazen-urnen-gepersonaliseerd\\\/#primaryimage\"},\"thumbnailUrl\":\"https:\\\/\\\/crematieasinglas.nl\\\/wp-content\\\/uploads\\\/2025\\\/06\\\/crematie-as-urn-vast-in-glas-orchidee-kolibrie-4-cvu4040.jpg\",\"datePublished\":\"2025-06-25T07:51:19+00:00\",\"dateModified\":\"2025-06-28T12:10:54+00:00\",\"description\":\"Urnas de vidrio personalizadas con cenizas de cremaci\u00f3n sopladas en vidrio - Winkel voor Crematie-as in glas -\",\"breadcrumb\":{\"@id\":\"https:\\\/\\\/crematieasinglas.nl\\\/glazen-urnen-gepersonaliseerd\\\/#breadcrumb\"},\"inLanguage\":\"es\",\"potentialAction\":[{\"@type\":\"ReadAction\",\"target\":[\"https:\\\/\\\/crematieasinglas.nl\\\/glazen-urnen-gepersonaliseerd\\\/\"]}]},{\"@type\":\"ImageObject\",\"inLanguage\":\"es\",\"@id\":\"https:\\\/\\\/crematieasinglas.nl\\\/glazen-urnen-gepersonaliseerd\\\/#primaryimage\",\"url\":\"https:\\\/\\\/crematieasinglas.nl\\\/wp-content\\\/uploads\\\/2025\\\/06\\\/crematie-as-urn-vast-in-glas-orchidee-kolibrie-4-cvu4040.jpg\",\"contentUrl\":\"https:\\\/\\\/crematieasinglas.nl\\\/wp-content\\\/uploads\\\/2025\\\/06\\\/crematie-as-urn-vast-in-glas-orchidee-kolibrie-4-cvu4040.jpg\"},{\"@type\":\"BreadcrumbList\",\"@id\":\"https:\\\/\\\/crematieasinglas.nl\\\/glazen-urnen-gepersonaliseerd\\\/#breadcrumb\",\"itemListElement\":[{\"@type\":\"ListItem\",\"position\":1,\"name\":\"Home\",\"item\":\"https:\\\/\\\/crematieasinglas.nl\\\/es\\\/\"},{\"@type\":\"ListItem\",\"position\":2,\"name\":\"Urnas de vidrio personalizadas con cenizas de cremaci\u00f3n sopladas en vidrio\"}]},{\"@type\":\"WebSite\",\"@id\":\"https:\\\/\\\/crematieasinglas.nl\\\/#website\",\"url\":\"https:\\\/\\\/crematieasinglas.nl\\\/\",\"name\":\"Winkel voor Crematie-as in glas\",\"description\":\"Een winkel voor crematieasinglas.nl\",\"publisher\":{\"@id\":\"https:\\\/\\\/crematieasinglas.nl\\\/#organization\"},\"potentialAction\":[{\"@type\":\"SearchAction\",\"target\":{\"@type\":\"EntryPoint\",\"urlTemplate\":\"https:\\\/\\\/crematieasinglas.nl\\\/?s={search_term_string}\"},\"query-input\":{\"@type\":\"PropertyValueSpecification\",\"valueRequired\":true,\"valueName\":\"search_term_string\"}}],\"inLanguage\":\"es\"},{\"@type\":\"Organization\",\"@id\":\"https:\\\/\\\/crematieasinglas.nl\\\/#organization\",\"name\":\"Dierbaarasinglas.nl\",\"alternateName\":\"Crematieasinglas.nl\",\"url\":\"https:\\\/\\\/crematieasinglas.nl\\\/\",\"logo\":{\"@type\":\"ImageObject\",\"inLanguage\":\"es\",\"@id\":\"https:\\\/\\\/crematieasinglas.nl\\\/#\\\/schema\\\/logo\\\/image\\\/\",\"url\":\"https:\\\/\\\/crematieasinglas.nl\\\/wp-content\\\/uploads\\\/2024\\\/10\\\/logo-02-playfair-googlefont-met-hartje-02.png\",\"contentUrl\":\"https:\\\/\\\/crematieasinglas.nl\\\/wp-content\\\/uploads\\\/2024\\\/10\\\/logo-02-playfair-googlefont-met-hartje-02.png\",\"width\":582,\"height\":136,\"caption\":\"Dierbaarasinglas.nl\"},\"image\":{\"@id\":\"https:\\\/\\\/crematieasinglas.nl\\\/#\\\/schema\\\/logo\\\/image\\\/\"}}]}<\/script>\n<!-- \/ Yoast SEO Premium plugin. -->","yoast_head_json":{"title":"Urnas de vidrio personalizadas con cenizas de cremaci\u00f3n sopladas en vidrio - Winkel voor Crematie-as in glas","description":"Urnas de vidrio personalizadas con cenizas de cremaci\u00f3n sopladas en vidrio - Winkel voor Crematie-as in glas -","robots":{"index":"index","follow":"follow","max-snippet":"max-snippet:-1","max-image-preview":"max-image-preview:large","max-video-preview":"max-video-preview:-1"},"canonical":"https:\/\/crematieasinglas.nl\/glazen-urnen-gepersonaliseerd\/","og_locale":"es_ES","og_type":"article","og_title":"Urnas de vidrio personalizadas con cenizas de cremaci\u00f3n sopladas en vidrio","og_description":"Urnas de vidrio personalizadas con cenizas de cremaci\u00f3n sopladas en vidrio - Winkel voor Crematie-as in glas -","og_url":"https:\/\/crematieasinglas.nl\/glazen-urnen-gepersonaliseerd\/","og_site_name":"Winkel voor Crematie-as in glas","article_modified_time":"2025-06-28T12:10:54+00:00","og_image":[{"url":"https:\/\/crematieasinglas.nl\/wp-content\/uploads\/2025\/06\/crematie-as-urn-vast-in-glas-orchidee-kolibrie-4-cvu4040.jpg","type":"","width":"","height":""}],"twitter_card":"summary_large_image","twitter_misc":{"Tiempo de lectura":"1 minuto"},"schema":{"@context":"https:\/\/schema.org","@graph":[{"@type":"WebPage","@id":"https:\/\/crematieasinglas.nl\/glazen-urnen-gepersonaliseerd\/","url":"https:\/\/crematieasinglas.nl\/glazen-urnen-gepersonaliseerd\/","name":"Urnas de vidrio personalizadas con cenizas de cremaci\u00f3n sopladas en vidrio - Winkel voor Crematie-as in glas","isPartOf":{"@id":"https:\/\/crematieasinglas.nl\/#website"},"primaryImageOfPage":{"@id":"https:\/\/crematieasinglas.nl\/glazen-urnen-gepersonaliseerd\/#primaryimage"},"image":{"@id":"https:\/\/crematieasinglas.nl\/glazen-urnen-gepersonaliseerd\/#primaryimage"},"thumbnailUrl":"https:\/\/crematieasinglas.nl\/wp-content\/uploads\/2025\/06\/crematie-as-urn-vast-in-glas-orchidee-kolibrie-4-cvu4040.jpg","datePublished":"2025-06-25T07:51:19+00:00","dateModified":"2025-06-28T12:10:54+00:00","description":"Urnas de vidrio personalizadas con cenizas de cremaci\u00f3n sopladas en vidrio - Winkel voor Crematie-as in glas -","breadcrumb":{"@id":"https:\/\/crematieasinglas.nl\/glazen-urnen-gepersonaliseerd\/#breadcrumb"},"inLanguage":"es","potentialAction":[{"@type":"ReadAction","target":["https:\/\/crematieasinglas.nl\/glazen-urnen-gepersonaliseerd\/"]}]},{"@type":"ImageObject","inLanguage":"es","@id":"https:\/\/crematieasinglas.nl\/glazen-urnen-gepersonaliseerd\/#primaryimage","url":"https:\/\/crematieasinglas.nl\/wp-content\/uploads\/2025\/06\/crematie-as-urn-vast-in-glas-orchidee-kolibrie-4-cvu4040.jpg","contentUrl":"https:\/\/crematieasinglas.nl\/wp-content\/uploads\/2025\/06\/crematie-as-urn-vast-in-glas-orchidee-kolibrie-4-cvu4040.jpg"},{"@type":"BreadcrumbList","@id":"https:\/\/crematieasinglas.nl\/glazen-urnen-gepersonaliseerd\/#breadcrumb","itemListElement":[{"@type":"ListItem","position":1,"name":"Home","item":"https:\/\/crematieasinglas.nl\/es\/"},{"@type":"ListItem","position":2,"name":"Urnas de vidrio personalizadas con cenizas de cremaci\u00f3n sopladas en vidrio"}]},{"@type":"WebSite","@id":"https:\/\/crematieasinglas.nl\/#website","url":"https:\/\/crematieasinglas.nl\/","name":"Winkel voor Crematie-as in glas","description":"Een winkel voor crematieasinglas.nl","publisher":{"@id":"https:\/\/crematieasinglas.nl\/#organization"},"potentialAction":[{"@type":"SearchAction","target":{"@type":"EntryPoint","urlTemplate":"https:\/\/crematieasinglas.nl\/?s={search_term_string}"},"query-input":{"@type":"PropertyValueSpecification","valueRequired":true,"valueName":"search_term_string"}}],"inLanguage":"es"},{"@type":"Organization","@id":"https:\/\/crematieasinglas.nl\/#organization","name":"Dierbaarasinglas.nl","alternateName":"Crematieasinglas.nl","url":"https:\/\/crematieasinglas.nl\/","logo":{"@type":"ImageObject","inLanguage":"es","@id":"https:\/\/crematieasinglas.nl\/#\/schema\/logo\/image\/","url":"https:\/\/crematieasinglas.nl\/wp-content\/uploads\/2024\/10\/logo-02-playfair-googlefont-met-hartje-02.png","contentUrl":"https:\/\/crematieasinglas.nl\/wp-content\/uploads\/2024\/10\/logo-02-playfair-googlefont-met-hartje-02.png","width":582,"height":136,"caption":"Dierbaarasinglas.nl"},"image":{"@id":"https:\/\/crematieasinglas.nl\/#\/schema\/logo\/image\/"}}]}},"_links":{"self":[{"href":"https:\/\/crematieasinglas.nl\/es\/wp-json\/wp\/v2\/pages\/19845","targetHints":{"allow":["GET"]}}],"collection":[{"href":"https:\/\/crematieasinglas.nl\/es\/wp-json\/wp\/v2\/pages"}],"about":[{"href":"https:\/\/crematieasinglas.nl\/es\/wp-json\/wp\/v2\/types\/page"}],"author":[{"embeddable":true,"href":"https:\/\/crematieasinglas.nl\/es\/wp-json\/wp\/v2\/users\/1"}],"replies":[{"embeddable":true,"href":"https:\/\/crematieasinglas.nl\/es\/wp-json\/wp\/v2\/comments?post=19845"}],"version-history":[{"count":1,"href":"https:\/\/crematieasinglas.nl\/es\/wp-json\/wp\/v2\/pages\/19845\/revisions"}],"predecessor-version":[{"id":19847,"href":"https:\/\/crematieasinglas.nl\/es\/wp-json\/wp\/v2\/pages\/19845\/revisions\/19847"}],"wp:attachment":[{"href":"https:\/\/crematieasinglas.nl\/es\/wp-json\/wp\/v2\/media?parent=19845"}],"curies":[{"name":"wp","href":"https:\/\/api.w.org\/{rel}","templated":true}]}}