{"id":19833,"date":"2024-12-11T12:23:08","date_gmt":"2024-12-11T12:23:08","guid":{"rendered":"https:\/\/ebdxvyckeo.onrocket.site\/bol-com\/"},"modified":"2025-09-05T10:21:43","modified_gmt":"2025-09-05T10:21:43","slug":"bol-com","status":"publish","type":"page","link":"https:\/\/crematieasinglas.nl\/es\/bol-com\/","title":{"rendered":"\u2b50\u2b50\u2b50\u2b50\u2b50 Opiniones y experiencias"},"content":{"rendered":"<p data-start=\"150\" data-end=\"575\">Los art\u00edculos conmemorativos de <strong data-start=\"182\" data-end=\"205\">Crematieasinglas.nl<\/strong> se realizan siempre con cuidado y atenci\u00f3n personal.<br data-start=\"258\" data-end=\"261\" \/>Algunos los fabrico \u00edntegramente en mi propio taller en Hapert, mientras que para otros colaboro con artistas especializados o distribuidores de confianza. Todos estos art\u00edculos tienen en com\u00fan que en mi taller pueden <strong data-start=\"479\" data-end=\"505\">personalizarse siempre<\/strong> \u2013 ya sea una urna, una joya conmemorativa u otro recuerdo especial.<\/p>\n<p data-start=\"577\" data-end=\"708\">Los clientes valoran enormemente este enfoque personal y la atenci\u00f3n al detalle \u2013 y eso se refleja en las rese\u00f1as independientes.<\/p>\n<h2 data-start=\"710\" data-end=\"757\">Rese\u00f1as independientes a trav\u00e9s de Bol.com<\/h2>\n<p data-start=\"759\" data-end=\"862\">Ofrezco mis art\u00edculos no solo en mi propia tienda online, sino tambi\u00e9n a trav\u00e9s de Bol.com. \u00bfPor qu\u00e9?<\/p>\n<ul data-start=\"863\" data-end=\"1089\">\n<li data-start=\"863\" data-end=\"947\">\n<p data-start=\"865\" data-end=\"947\">Bol.com es una plataforma de compra conocida y de confianza para muchas personas<\/p>\n<\/li>\n<li data-start=\"948\" data-end=\"1032\">\n<p data-start=\"950\" data-end=\"1032\">Las rese\u00f1as est\u00e1n siempre vinculadas a un pedido real \u2013 independientes y fiables<\/p>\n<\/li>\n<li data-start=\"1033\" data-end=\"1089\">\n<p data-start=\"1035\" data-end=\"1089\">No tengo ninguna influencia sobre estas valoraciones<\/p>\n<\/li>\n<\/ul>\n<p data-start=\"1091\" data-end=\"1367\">\ud83d\udc49 Haga clic utilice el enlace de abajo para ver todas las rese\u00f1as:<br data-start=\"1208\" data-end=\"1211\" \/><strong data-start=\"1211\" data-end=\"1247\">Ver todas las rese\u00f1as en Bol.com<\/strong><br data-start=\"1247\" data-end=\"1250\" \/><a href=\"https:\/\/www.bol.com\/nl\/nl\/v\/crematie-as-in-glas-nl\/1529735\/?sellingOfferId=e2aea634649ffefedbc3385dfd24e0b8&amp;utm_source=chatgpt.com#ratings\" target=\"_new\" rel=\"noopener\" data-start=\"1250\" data-end=\"1365\">https:\/\/www.bol.com\/nl\/nl\/v\/crematie-as-in-glas-nl\/1529735\/?sellingOfferId=e2aea634649ffefedbc3385dfd24e0b8#ratings<\/a><\/p>\n<h2 data-start=\"1369\" data-end=\"1427\">Comprar con seguridad \u2013 ya sea en Bol.com o en mi web<\/h2>\n<p data-start=\"1429\" data-end=\"1508\">Tanto si compra a trav\u00e9s de Bol.com como directamente en mi propio sitio web:<\/p>\n<ul data-start=\"1509\" data-end=\"1715\">\n<li data-start=\"1509\" data-end=\"1575\">\n<p data-start=\"1511\" data-end=\"1575\">Siempre se beneficia de <strong data-start=\"1535\" data-end=\"1573\">las mismas condiciones y garant\u00edas<\/strong><\/p>\n<\/li>\n<li data-start=\"1576\" data-end=\"1652\">\n<p data-start=\"1578\" data-end=\"1652\">Puede contar con <strong data-start=\"1595\" data-end=\"1650\">un contacto personal y un acompa\u00f1amiento individual<\/strong><\/p>\n<\/li>\n<li data-start=\"1653\" data-end=\"1715\">\n<p data-start=\"1655\" data-end=\"1715\">Su compra se gestiona de forma segura y con total garant\u00eda<\/p>\n<\/li>\n<\/ul>\n<h2 data-start=\"1717\" data-end=\"1754\">Ventajas de comprar directamente<\/h2>\n<p data-start=\"1756\" data-end=\"1857\">Muchos clientes prefieren comprar directamente en mi tienda online \u2013 y esto ofrece varias ventajas:<\/p>\n<ul data-start=\"1858\" data-end=\"2162\">\n<li data-start=\"1858\" data-end=\"1957\">\n<p data-start=\"1860\" data-end=\"1957\">All\u00ed encontrar\u00e1 a veces <strong data-start=\"1884\" data-end=\"1928\">variantes adicionales y art\u00edculos \u00fanicos<\/strong> que no aparecen en Bol.com<\/p>\n<\/li>\n<li data-start=\"1958\" data-end=\"2039\">\n<p data-start=\"1960\" data-end=\"2039\">El asesoramiento y el contacto personal suelen ser <strong data-start=\"2011\" data-end=\"2037\">m\u00e1s r\u00e1pidos y directos<\/strong><\/p>\n<\/li>\n<li data-start=\"2040\" data-end=\"2162\">\n<p data-start=\"2042\" data-end=\"2162\">Los precios pueden variar ligeramente entre plataformas; comprar directamente puede ser m\u00e1s ventajoso en algunos casos<\/p>\n<\/li>\n<\/ul>\n<h2 data-start=\"2164\" data-end=\"2194\">Lo que dicen los clientes<\/h2>\n<p data-start=\"2196\" data-end=\"2301\">\u00abComunicaci\u00f3n r\u00e1pida y amable, todo realizado con respeto.\u00bb<br data-start=\"2255\" data-end=\"2258\" \/>\u2013 Anne de Vilvoorde (22 de abril de 2025)<\/p>\n<p data-start=\"2303\" data-end=\"2441\">\u00abLa urna es preciosa. El contacto fue c\u00e1lido y cordial, y el embalaje muy cuidadoso.\u00bb<br data-start=\"2388\" data-end=\"2391\" \/>\u2013 Anna M. de Bergen op Zoom (26 de mayo de 2024)<\/p>\n<p data-start=\"2443\" data-end=\"2624\">\u00abTodo sali\u00f3 perfectamente \u2013 tanto la atenci\u00f3n personal como la entrega. Muy alta calidad, estoy muy contenta con la compra.\u00bb<br data-start=\"2567\" data-end=\"2570\" \/>\u2013 Tamara de Kapelle-op-den-Bos (12 de abril de 2023)<\/p>\n<p data-start=\"2626\" data-end=\"2799\">\u00abTodo se trat\u00f3 con mucho respeto y me mantuvieron informada en todo momento. Un hermoso homenaje final a mi padre.\u00bb<br data-start=\"2741\" data-end=\"2744\" \/>\u2013 Cynthia de Hendrik-Ido-Ambacht (30 de mayo de 2021)<\/p>\n<p data-start=\"2801\" data-end=\"2977\">\ud83d\udc49 \u00bfQuiere leer todas las rese\u00f1as? V\u00e9alo aqu\u00ed en Bol.com<br data-start=\"2857\" data-end=\"2860\" \/><a href=\"https:\/\/www.bol.com\/nl\/nl\/v\/crematie-as-in-glas-nl\/1529735\/?sellingOfferId=e2aea634649ffefedbc3385dfd24e0b8&amp;utm_source=chatgpt.com#ratings\" target=\"_new\" rel=\"noopener\" data-start=\"2860\" data-end=\"2975\">https:\/\/www.bol.com\/nl\/nl\/v\/crematie-as-in-glas-nl\/1529735\/?sellingOfferId=e2aea634649ffefedbc3385dfd24e0b8#ratings<\/a><\/p>\n<h2 data-start=\"2979\" data-end=\"3001\">Garant\u00eda de marca<\/h2>\n<p data-start=\"3003\" data-end=\"3206\">Crematieasinglas.nl es una marca registrada y protegida (BOIP).<br data-start=\"3066\" data-end=\"3069\" \/>Esto garantiza que siempre recibir\u00e1 un art\u00edculo conmemorativo aut\u00e9ntico y hecho a mano \u2014 verdadera artesan\u00eda, nunca producci\u00f3n en masa.<\/p>\n<h2 data-start=\"3208\" data-end=\"3249\">\u00bfPreguntas o asesoramiento personal?<\/h2>\n<p data-start=\"3251\" data-end=\"3282\">Estar\u00e9 encantada de ayudarle:<\/p>\n<ul data-start=\"3283\" data-end=\"3377\">\n<li data-start=\"3283\" data-end=\"3331\">\n<p data-start=\"3285\" data-end=\"3331\">Correo electr\u00f3nico: <a rel=\"noopener\" data-start=\"3305\" data-end=\"3329\">info@crematieasinglas.nl<\/a><\/p>\n<\/li>\n<li data-start=\"3332\" data-end=\"3377\">\n<p data-start=\"3334\" data-end=\"3377\">Tel\u00e9fono \/ WhatsApp: +31 (0)6 18 38 68 50<\/p>\n<\/li>\n<\/ul>\n<p data-start=\"3379\" data-end=\"3491\">Si no puedo responder a su llamada inmediatamente, deje un mensaje y le devolver\u00e9 la llamada lo antes posible.<\/p>\n<p data-start=\"3493\" data-end=\"3528\">Atentamente,<br data-start=\"3505\" data-end=\"3508\" \/><strong data-start=\"3508\" data-end=\"3526\">Jet Couwenberg<\/strong><\/p>\n","protected":false},"excerpt":{"rendered":"<p>Los art\u00edculos conmemorativos de Crematieasinglas.nl se realizan siempre con cuidado y atenci\u00f3n personal.Algunos los fabrico \u00edntegramente en mi propio taller en Hapert, mientras que para otros colaboro con artistas especializados<\/p>\n","protected":false},"author":1,"featured_media":0,"parent":0,"menu_order":0,"comment_status":"closed","ping_status":"closed","template":"","meta":{"footnotes":""},"class_list":["post-19833","page","type-page","status-publish","hentry"],"yoast_head":"<!-- This site is optimized with the Yoast SEO Premium plugin v27.5 (Yoast SEO v27.5) - https:\/\/yoast.com\/product\/yoast-seo-premium-wordpress\/ -->\n<title>\u2b50\u2b50\u2b50\u2b50\u2b50 Opiniones y experiencias - Winkel voor Crematie-as in glas<\/title>\n<meta name=\"description\" content=\"\u2b50\u2b50\u2b50\u2b50\u2b50 Opiniones y experiencias - Winkel voor Crematie-as in glas -\" \/>\n<meta name=\"robots\" content=\"index, follow, max-snippet:-1, max-image-preview:large, max-video-preview:-1\" \/>\n<link rel=\"canonical\" href=\"https:\/\/crematieasinglas.nl\/bol-com\/\" \/>\n<meta property=\"og:locale\" content=\"es_ES\" \/>\n<meta property=\"og:type\" content=\"article\" \/>\n<meta property=\"og:title\" content=\"\u2b50\u2b50\u2b50\u2b50\u2b50 Opiniones y experiencias\" \/>\n<meta property=\"og:description\" content=\"\u2b50\u2b50\u2b50\u2b50\u2b50 Opiniones y experiencias - Winkel voor Crematie-as in glas -\" \/>\n<meta property=\"og:url\" content=\"https:\/\/crematieasinglas.nl\/bol-com\/\" \/>\n<meta property=\"og:site_name\" content=\"Winkel voor Crematie-as in glas\" \/>\n<meta property=\"article:modified_time\" content=\"2025-09-05T10:21:43+00:00\" \/>\n<meta name=\"twitter:card\" content=\"summary_large_image\" \/>\n<meta name=\"twitter:label1\" content=\"Tiempo de lectura\" \/>\n\t<meta name=\"twitter:data1\" content=\"3 minutos\" \/>\n<script type=\"application\/ld+json\" class=\"yoast-schema-graph\">{\"@context\":\"https:\\\/\\\/schema.org\",\"@graph\":[{\"@type\":\"WebPage\",\"@id\":\"https:\\\/\\\/crematieasinglas.nl\\\/bol-com\\\/\",\"url\":\"https:\\\/\\\/crematieasinglas.nl\\\/bol-com\\\/\",\"name\":\"\u2b50\u2b50\u2b50\u2b50\u2b50 Opiniones y experiencias - Winkel voor Crematie-as in glas\",\"isPartOf\":{\"@id\":\"https:\\\/\\\/crematieasinglas.nl\\\/#website\"},\"datePublished\":\"2024-12-11T12:23:08+00:00\",\"dateModified\":\"2025-09-05T10:21:43+00:00\",\"description\":\"\u2b50\u2b50\u2b50\u2b50\u2b50 Opiniones y experiencias - Winkel voor Crematie-as in glas -\",\"breadcrumb\":{\"@id\":\"https:\\\/\\\/crematieasinglas.nl\\\/bol-com\\\/#breadcrumb\"},\"inLanguage\":\"es\",\"potentialAction\":[{\"@type\":\"ReadAction\",\"target\":[\"https:\\\/\\\/crematieasinglas.nl\\\/bol-com\\\/\"]}]},{\"@type\":\"BreadcrumbList\",\"@id\":\"https:\\\/\\\/crematieasinglas.nl\\\/bol-com\\\/#breadcrumb\",\"itemListElement\":[{\"@type\":\"ListItem\",\"position\":1,\"name\":\"Home\",\"item\":\"https:\\\/\\\/crematieasinglas.nl\\\/es\\\/\"},{\"@type\":\"ListItem\",\"position\":2,\"name\":\"\u2b50\u2b50\u2b50\u2b50\u2b50 Opiniones y experiencias\"}]},{\"@type\":\"WebSite\",\"@id\":\"https:\\\/\\\/crematieasinglas.nl\\\/#website\",\"url\":\"https:\\\/\\\/crematieasinglas.nl\\\/\",\"name\":\"Winkel voor Crematie-as in glas\",\"description\":\"Een winkel voor crematieasinglas.nl\",\"publisher\":{\"@id\":\"https:\\\/\\\/crematieasinglas.nl\\\/#organization\"},\"potentialAction\":[{\"@type\":\"SearchAction\",\"target\":{\"@type\":\"EntryPoint\",\"urlTemplate\":\"https:\\\/\\\/crematieasinglas.nl\\\/?s={search_term_string}\"},\"query-input\":{\"@type\":\"PropertyValueSpecification\",\"valueRequired\":true,\"valueName\":\"search_term_string\"}}],\"inLanguage\":\"es\"},{\"@type\":\"Organization\",\"@id\":\"https:\\\/\\\/crematieasinglas.nl\\\/#organization\",\"name\":\"Dierbaarasinglas.nl\",\"alternateName\":\"Crematieasinglas.nl\",\"url\":\"https:\\\/\\\/crematieasinglas.nl\\\/\",\"logo\":{\"@type\":\"ImageObject\",\"inLanguage\":\"es\",\"@id\":\"https:\\\/\\\/crematieasinglas.nl\\\/#\\\/schema\\\/logo\\\/image\\\/\",\"url\":\"https:\\\/\\\/crematieasinglas.nl\\\/wp-content\\\/uploads\\\/2024\\\/10\\\/logo-02-playfair-googlefont-met-hartje-02.png\",\"contentUrl\":\"https:\\\/\\\/crematieasinglas.nl\\\/wp-content\\\/uploads\\\/2024\\\/10\\\/logo-02-playfair-googlefont-met-hartje-02.png\",\"width\":582,\"height\":136,\"caption\":\"Dierbaarasinglas.nl\"},\"image\":{\"@id\":\"https:\\\/\\\/crematieasinglas.nl\\\/#\\\/schema\\\/logo\\\/image\\\/\"}}]}<\/script>\n<!-- \/ Yoast SEO Premium plugin. -->","yoast_head_json":{"title":"\u2b50\u2b50\u2b50\u2b50\u2b50 Opiniones y experiencias - Winkel voor Crematie-as in glas","description":"\u2b50\u2b50\u2b50\u2b50\u2b50 Opiniones y experiencias - Winkel voor Crematie-as in glas -","robots":{"index":"index","follow":"follow","max-snippet":"max-snippet:-1","max-image-preview":"max-image-preview:large","max-video-preview":"max-video-preview:-1"},"canonical":"https:\/\/crematieasinglas.nl\/bol-com\/","og_locale":"es_ES","og_type":"article","og_title":"\u2b50\u2b50\u2b50\u2b50\u2b50 Opiniones y experiencias","og_description":"\u2b50\u2b50\u2b50\u2b50\u2b50 Opiniones y experiencias - Winkel voor Crematie-as in glas -","og_url":"https:\/\/crematieasinglas.nl\/bol-com\/","og_site_name":"Winkel voor Crematie-as in glas","article_modified_time":"2025-09-05T10:21:43+00:00","twitter_card":"summary_large_image","twitter_misc":{"Tiempo de lectura":"3 minutos"},"schema":{"@context":"https:\/\/schema.org","@graph":[{"@type":"WebPage","@id":"https:\/\/crematieasinglas.nl\/bol-com\/","url":"https:\/\/crematieasinglas.nl\/bol-com\/","name":"\u2b50\u2b50\u2b50\u2b50\u2b50 Opiniones y experiencias - Winkel voor Crematie-as in glas","isPartOf":{"@id":"https:\/\/crematieasinglas.nl\/#website"},"datePublished":"2024-12-11T12:23:08+00:00","dateModified":"2025-09-05T10:21:43+00:00","description":"\u2b50\u2b50\u2b50\u2b50\u2b50 Opiniones y experiencias - Winkel voor Crematie-as in glas -","breadcrumb":{"@id":"https:\/\/crematieasinglas.nl\/bol-com\/#breadcrumb"},"inLanguage":"es","potentialAction":[{"@type":"ReadAction","target":["https:\/\/crematieasinglas.nl\/bol-com\/"]}]},{"@type":"BreadcrumbList","@id":"https:\/\/crematieasinglas.nl\/bol-com\/#breadcrumb","itemListElement":[{"@type":"ListItem","position":1,"name":"Home","item":"https:\/\/crematieasinglas.nl\/es\/"},{"@type":"ListItem","position":2,"name":"\u2b50\u2b50\u2b50\u2b50\u2b50 Opiniones y experiencias"}]},{"@type":"WebSite","@id":"https:\/\/crematieasinglas.nl\/#website","url":"https:\/\/crematieasinglas.nl\/","name":"Winkel voor Crematie-as in glas","description":"Een winkel voor crematieasinglas.nl","publisher":{"@id":"https:\/\/crematieasinglas.nl\/#organization"},"potentialAction":[{"@type":"SearchAction","target":{"@type":"EntryPoint","urlTemplate":"https:\/\/crematieasinglas.nl\/?s={search_term_string}"},"query-input":{"@type":"PropertyValueSpecification","valueRequired":true,"valueName":"search_term_string"}}],"inLanguage":"es"},{"@type":"Organization","@id":"https:\/\/crematieasinglas.nl\/#organization","name":"Dierbaarasinglas.nl","alternateName":"Crematieasinglas.nl","url":"https:\/\/crematieasinglas.nl\/","logo":{"@type":"ImageObject","inLanguage":"es","@id":"https:\/\/crematieasinglas.nl\/#\/schema\/logo\/image\/","url":"https:\/\/crematieasinglas.nl\/wp-content\/uploads\/2024\/10\/logo-02-playfair-googlefont-met-hartje-02.png","contentUrl":"https:\/\/crematieasinglas.nl\/wp-content\/uploads\/2024\/10\/logo-02-playfair-googlefont-met-hartje-02.png","width":582,"height":136,"caption":"Dierbaarasinglas.nl"},"image":{"@id":"https:\/\/crematieasinglas.nl\/#\/schema\/logo\/image\/"}}]}},"_links":{"self":[{"href":"https:\/\/crematieasinglas.nl\/es\/wp-json\/wp\/v2\/pages\/19833","targetHints":{"allow":["GET"]}}],"collection":[{"href":"https:\/\/crematieasinglas.nl\/es\/wp-json\/wp\/v2\/pages"}],"about":[{"href":"https:\/\/crematieasinglas.nl\/es\/wp-json\/wp\/v2\/types\/page"}],"author":[{"embeddable":true,"href":"https:\/\/crematieasinglas.nl\/es\/wp-json\/wp\/v2\/users\/1"}],"replies":[{"embeddable":true,"href":"https:\/\/crematieasinglas.nl\/es\/wp-json\/wp\/v2\/comments?post=19833"}],"version-history":[{"count":7,"href":"https:\/\/crematieasinglas.nl\/es\/wp-json\/wp\/v2\/pages\/19833\/revisions"}],"predecessor-version":[{"id":21398,"href":"https:\/\/crematieasinglas.nl\/es\/wp-json\/wp\/v2\/pages\/19833\/revisions\/21398"}],"wp:attachment":[{"href":"https:\/\/crematieasinglas.nl\/es\/wp-json\/wp\/v2\/media?parent=19833"}],"curies":[{"name":"wp","href":"https:\/\/api.w.org\/{rel}","templated":true}]}}