{"id":23345,"date":"2026-02-07T16:11:00","date_gmt":"2026-02-07T16:11:00","guid":{"rendered":"https:\/\/crematieasinglas.nl\/product\/dgu1052-design-urn-glass-diamond\/"},"modified":"2026-02-07T16:11:00","modified_gmt":"2026-02-07T16:11:00","slug":"dgu1052-design-urn-glass-diamond","status":"publish","type":"product","link":"https:\/\/crematieasinglas.nl\/de\/produkt\/dgu1052-design-urn-glass-diamond\/","title":{"rendered":"DGU1052 | Design Urn glass Diamond"},"content":{"rendered":"<p>Codenummer: DGU1052<br \/>\nSammlung: Urnen<br \/>\nKategorie: Design Urnenglas Personalisiert | DGU 1000<\/p>\n<h3>Lieferzeit:<\/h3>\n<h3>8 Arbeitstage<\/h3>\n<h4>Beschreibung:<\/h4>\n<h3>Diese aus Glas gefertigte Urne eignet sich f\u00fcr einen kleinen Teil eines Ein\u00e4scherungsasche-Ziels<\/h3>\n<p>Da die Urne handgefertigt ist, k\u00f6nnen immer kleine Luftblasen im Glas vorhanden sein.<br \/>\nDies ist Teil des Reizes handgeblasenen Glases und entsteht w\u00e4hrend der Herstellung der Urne.<br \/>\nJede Kopie ist daher einzigartig und kann sich in Details leicht von den Fotos unterscheiden.<\/p>\n<p>Die Urne hat ein Fassungsverm\u00f6gen von etwa 100 ml und verf\u00fcgt \u00fcber einen Trichter,<br \/>\n ein durchsichtiges Handbuch zum F\u00fcllen der Urne selbst und eine Schlie\u00dfplatte zum Schlie\u00dfen der Aschekammer.<\/p>\n<h4>Spezifische Beschreibung:<\/h4>\n<p><strong>Designurne aus Glasdiamant<\/strong> mit ton-on-tone blauer transparenter Aschekammer. Ein Bild eines Vogels wird mittels Foto-Schildfolie auf die Urne gelegt. Bitte beachten Sie, dass aufgrund der Bildgr\u00f6\u00dfe kein Platz mehr f\u00fcr einen Namen vorhanden ist.  <\/p>\n<p>Jetzt vor\u00fcbergehend und kostenlos mit dieser Urne, einem 2D-Schmetterling. Die endg\u00fcltige Farbe dieses <strong>Schmetterlings<\/strong> kann sich von der auf dem Foto unterscheiden, aber wir suchen nach der <strong>passendsten Farbfarbe<\/strong> , die vorhanden ist.<br \/>\nObwohl diese Urne von Hand auf Bestellung hergestellt wird, verstehen wir, dass es sch\u00f6n ist, trotz der Anpassung die M\u00f6glichkeit zur R\u00fcckgabe zu haben. Daher ist eine R\u00fcckkehr mit dieser Urne unter bestimmten Bedingungen m\u00f6glich.  <\/p>\n<h4>Informationen:<\/h4>\n<p>H\u00f6he: 15 cm<br \/>\nBreite: 9 cm<br \/>\nTiefe: 9 cm<br \/>\nFarbe: schwarz\/blau<br \/>\nInhalt:<br \/>\nLager: 2 Lagerartikel<br \/>\nUrne wird selbst gef\u00fcllt:; Ja, Handbuch ist enthalten<\/p>\n<p><a href=\"https:\/\/crematieasinglas.nl\/de\/\">Website crematieasinglas.nl<\/a><\/p>\n<h4>Video;<\/h4>\n<div style=\"width: 832px;\" class=\"wp-video\"><video class=\"wp-video-shortcode\" id=\"video-23345-1\" width=\"832\" height=\"1104\" preload=\"metadata\" controls=\"controls\"><source type=\"video\/mp4\" src=\"https:\/\/crematieasinglas.nl\/wp-content\/uploads\/2026\/02\/urn-design-glas-vogel-herinnering-dgu1052.mp4?_=1\" \/><a href=\"https:\/\/crematieasinglas.nl\/wp-content\/uploads\/2026\/02\/urn-design-glas-vogel-herinnering-dgu1052.mp4\">https:\/\/crematieasinglas.nl\/wp-content\/uploads\/2026\/02\/urn-design-glas-vogel-herinnering-dgu1052.mp4<\/a><\/video><\/div>\n<p>&nbsp;<\/p>\n","protected":false},"excerpt":{"rendered":"<p>Die Urne der Ein\u00e4scherungsasche aus Designglas Diamond ist eine speziell hergestellte Urne und eignet sich f\u00fcr eine kleine Menge Ein\u00e4scherungsasche.<\/p>\n","protected":false},"featured_media":23116,"comment_status":"closed","ping_status":"closed","template":"","meta":[],"product_brand":[],"product_cat":[521,737],"product_tag":[785,786,787],"class_list":{"0":"post-23345","1":"product","2":"type-product","3":"status-publish","4":"has-post-thumbnail","6":"product_cat-nicht-kategorisiert","7":"product_cat-urnen-de","8":"product_tag-design-urne","9":"product_tag-glas-de","10":"product_tag-handgemacht","11":"pa_kleur-lila-rosa-gold","13":"first","14":"instock","15":"purchasable","16":"product-type-simple"},"yoast_head":"<!-- This site is optimized with the Yoast SEO Premium plugin v27.5 (Yoast SEO v27.5) - https:\/\/yoast.com\/product\/yoast-seo-premium-wordpress\/ -->\n<title>DGU1052 | Design Urn glass Diamond - Winkel voor Crematie-as in glas<\/title>\n<meta name=\"description\" content=\"Die Urne der Ein\u00e4scherungsasche aus Designglas Diamond ist eine speziell hergestellte Urne und eignet sich f\u00fcr eine kleine Menge Ein\u00e4scherungsasche.\" \/>\n<meta name=\"robots\" content=\"index, follow, max-snippet:-1, max-image-preview:large, max-video-preview:-1\" \/>\n<link rel=\"canonical\" href=\"https:\/\/crematieasinglas.nl\/de\/product\/dgu1052-design-urn-glass-diamond\/\" \/>\n<meta property=\"og:locale\" content=\"de_DE\" \/>\n<meta property=\"og:type\" content=\"article\" \/>\n<meta property=\"og:title\" content=\"DGU1052 | Design Urn glass Diamond\" \/>\n<meta property=\"og:description\" content=\"Die Urne der Ein\u00e4scherungsasche aus Designglas Diamond ist eine speziell hergestellte Urne und eignet sich f\u00fcr eine kleine Menge Ein\u00e4scherungsasche.\" \/>\n<meta property=\"og:url\" content=\"https:\/\/crematieasinglas.nl\/de\/product\/dgu1052-design-urn-glass-diamond\/\" \/>\n<meta property=\"og:site_name\" content=\"Winkel voor Crematie-as in glas\" \/>\n<meta property=\"og:image\" content=\"https:\/\/crematieasinglas.nl\/wp-content\/uploads\/2026\/02\/urn-design-glas-vogel-vlinder-1-dgu1052.jpg\" \/>\n\t<meta property=\"og:image:width\" content=\"1000\" \/>\n\t<meta property=\"og:image:height\" content=\"1500\" \/>\n\t<meta property=\"og:image:type\" content=\"image\/jpeg\" \/>\n<meta name=\"twitter:card\" content=\"summary_large_image\" \/>\n<meta name=\"twitter:label1\" content=\"Gesch\u00e4tzte Lesezeit\" \/>\n\t<meta name=\"twitter:data1\" content=\"1\u00a0Minute\" \/>\n<script type=\"application\/ld+json\" class=\"yoast-schema-graph\">{\"@context\":\"https:\\\/\\\/schema.org\",\"@graph\":[{\"@type\":\"WebPage\",\"@id\":\"https:\\\/\\\/crematieasinglas.nl\\\/de\\\/product\\\/dgu1052-design-urn-glass-diamond\\\/\",\"url\":\"https:\\\/\\\/crematieasinglas.nl\\\/de\\\/product\\\/dgu1052-design-urn-glass-diamond\\\/\",\"name\":\"DGU1052 | Design Urn glass Diamond - Winkel voor Crematie-as in glas\",\"isPartOf\":{\"@id\":\"https:\\\/\\\/crematieasinglas.nl\\\/#website\"},\"primaryImageOfPage\":{\"@id\":\"https:\\\/\\\/crematieasinglas.nl\\\/de\\\/product\\\/dgu1052-design-urn-glass-diamond\\\/#primaryimage\"},\"image\":{\"@id\":\"https:\\\/\\\/crematieasinglas.nl\\\/de\\\/product\\\/dgu1052-design-urn-glass-diamond\\\/#primaryimage\"},\"thumbnailUrl\":\"https:\\\/\\\/crematieasinglas.nl\\\/wp-content\\\/uploads\\\/2026\\\/02\\\/urn-design-glas-vogel-vlinder-1-dgu1052.jpg\",\"datePublished\":\"2026-02-07T16:11:00+00:00\",\"description\":\"Die Urne der Ein\u00e4scherungsasche aus Designglas Diamond ist eine speziell hergestellte Urne und eignet sich f\u00fcr eine kleine Menge Ein\u00e4scherungsasche.\",\"breadcrumb\":{\"@id\":\"https:\\\/\\\/crematieasinglas.nl\\\/de\\\/product\\\/dgu1052-design-urn-glass-diamond\\\/#breadcrumb\"},\"inLanguage\":\"de\",\"potentialAction\":[{\"@type\":\"ReadAction\",\"target\":[\"https:\\\/\\\/crematieasinglas.nl\\\/de\\\/product\\\/dgu1052-design-urn-glass-diamond\\\/\"]}]},{\"@type\":\"ImageObject\",\"inLanguage\":\"de\",\"@id\":\"https:\\\/\\\/crematieasinglas.nl\\\/de\\\/product\\\/dgu1052-design-urn-glass-diamond\\\/#primaryimage\",\"url\":\"https:\\\/\\\/crematieasinglas.nl\\\/wp-content\\\/uploads\\\/2026\\\/02\\\/urn-design-glas-vogel-vlinder-1-dgu1052.jpg\",\"contentUrl\":\"https:\\\/\\\/crematieasinglas.nl\\\/wp-content\\\/uploads\\\/2026\\\/02\\\/urn-design-glas-vogel-vlinder-1-dgu1052.jpg\",\"width\":1000,\"height\":1500,\"caption\":\"Design urn van glas met vogeltje in fotofolie en vlinder van tule, herdenkingsurn voor crematie-as.\"},{\"@type\":\"BreadcrumbList\",\"@id\":\"https:\\\/\\\/crematieasinglas.nl\\\/de\\\/product\\\/dgu1052-design-urn-glass-diamond\\\/#breadcrumb\",\"itemListElement\":[{\"@type\":\"ListItem\",\"position\":1,\"name\":\"Home\",\"item\":\"https:\\\/\\\/crematieasinglas.nl\\\/\"},{\"@type\":\"ListItem\",\"position\":2,\"name\":\"Shop\",\"item\":\"https:\\\/\\\/crematieasinglas.nl\\\/de\\\/shop\\\/\"},{\"@type\":\"ListItem\",\"position\":3,\"name\":\"DGU1052 | Design Urn glass Diamond\"}]},{\"@type\":\"WebSite\",\"@id\":\"https:\\\/\\\/crematieasinglas.nl\\\/#website\",\"url\":\"https:\\\/\\\/crematieasinglas.nl\\\/\",\"name\":\"Winkel voor Crematie-as in glas\",\"description\":\"Een winkel voor crematieasinglas.nl\",\"publisher\":{\"@id\":\"https:\\\/\\\/crematieasinglas.nl\\\/#organization\"},\"potentialAction\":[{\"@type\":\"SearchAction\",\"target\":{\"@type\":\"EntryPoint\",\"urlTemplate\":\"https:\\\/\\\/crematieasinglas.nl\\\/?s={search_term_string}\"},\"query-input\":{\"@type\":\"PropertyValueSpecification\",\"valueRequired\":true,\"valueName\":\"search_term_string\"}}],\"inLanguage\":\"de\"},{\"@type\":\"Organization\",\"@id\":\"https:\\\/\\\/crematieasinglas.nl\\\/#organization\",\"name\":\"Dierbaarasinglas.nl\",\"alternateName\":\"Crematieasinglas.nl\",\"url\":\"https:\\\/\\\/crematieasinglas.nl\\\/\",\"logo\":{\"@type\":\"ImageObject\",\"inLanguage\":\"de\",\"@id\":\"https:\\\/\\\/crematieasinglas.nl\\\/#\\\/schema\\\/logo\\\/image\\\/\",\"url\":\"https:\\\/\\\/crematieasinglas.nl\\\/wp-content\\\/uploads\\\/2024\\\/10\\\/logo-02-playfair-googlefont-met-hartje-02.png\",\"contentUrl\":\"https:\\\/\\\/crematieasinglas.nl\\\/wp-content\\\/uploads\\\/2024\\\/10\\\/logo-02-playfair-googlefont-met-hartje-02.png\",\"width\":582,\"height\":136,\"caption\":\"Dierbaarasinglas.nl\"},\"image\":{\"@id\":\"https:\\\/\\\/crematieasinglas.nl\\\/#\\\/schema\\\/logo\\\/image\\\/\"}}]}<\/script>\n<!-- \/ Yoast SEO Premium plugin. -->","yoast_head_json":{"title":"DGU1052 | Design Urn glass Diamond - Winkel voor Crematie-as in glas","description":"Die Urne der Ein\u00e4scherungsasche aus Designglas Diamond ist eine speziell hergestellte Urne und eignet sich f\u00fcr eine kleine Menge Ein\u00e4scherungsasche.","robots":{"index":"index","follow":"follow","max-snippet":"max-snippet:-1","max-image-preview":"max-image-preview:large","max-video-preview":"max-video-preview:-1"},"canonical":"https:\/\/crematieasinglas.nl\/de\/product\/dgu1052-design-urn-glass-diamond\/","og_locale":"de_DE","og_type":"article","og_title":"DGU1052 | Design Urn glass Diamond","og_description":"Die Urne der Ein\u00e4scherungsasche aus Designglas Diamond ist eine speziell hergestellte Urne und eignet sich f\u00fcr eine kleine Menge Ein\u00e4scherungsasche.","og_url":"https:\/\/crematieasinglas.nl\/de\/product\/dgu1052-design-urn-glass-diamond\/","og_site_name":"Winkel voor Crematie-as in glas","og_image":[{"width":1000,"height":1500,"url":"https:\/\/crematieasinglas.nl\/wp-content\/uploads\/2026\/02\/urn-design-glas-vogel-vlinder-1-dgu1052.jpg","type":"image\/jpeg"}],"twitter_card":"summary_large_image","twitter_misc":{"Gesch\u00e4tzte Lesezeit":"1\u00a0Minute"},"schema":{"@context":"https:\/\/schema.org","@graph":[{"@type":"WebPage","@id":"https:\/\/crematieasinglas.nl\/de\/product\/dgu1052-design-urn-glass-diamond\/","url":"https:\/\/crematieasinglas.nl\/de\/product\/dgu1052-design-urn-glass-diamond\/","name":"DGU1052 | Design Urn glass Diamond - Winkel voor Crematie-as in glas","isPartOf":{"@id":"https:\/\/crematieasinglas.nl\/#website"},"primaryImageOfPage":{"@id":"https:\/\/crematieasinglas.nl\/de\/product\/dgu1052-design-urn-glass-diamond\/#primaryimage"},"image":{"@id":"https:\/\/crematieasinglas.nl\/de\/product\/dgu1052-design-urn-glass-diamond\/#primaryimage"},"thumbnailUrl":"https:\/\/crematieasinglas.nl\/wp-content\/uploads\/2026\/02\/urn-design-glas-vogel-vlinder-1-dgu1052.jpg","datePublished":"2026-02-07T16:11:00+00:00","description":"Die Urne der Ein\u00e4scherungsasche aus Designglas Diamond ist eine speziell hergestellte Urne und eignet sich f\u00fcr eine kleine Menge Ein\u00e4scherungsasche.","breadcrumb":{"@id":"https:\/\/crematieasinglas.nl\/de\/product\/dgu1052-design-urn-glass-diamond\/#breadcrumb"},"inLanguage":"de","potentialAction":[{"@type":"ReadAction","target":["https:\/\/crematieasinglas.nl\/de\/product\/dgu1052-design-urn-glass-diamond\/"]}]},{"@type":"ImageObject","inLanguage":"de","@id":"https:\/\/crematieasinglas.nl\/de\/product\/dgu1052-design-urn-glass-diamond\/#primaryimage","url":"https:\/\/crematieasinglas.nl\/wp-content\/uploads\/2026\/02\/urn-design-glas-vogel-vlinder-1-dgu1052.jpg","contentUrl":"https:\/\/crematieasinglas.nl\/wp-content\/uploads\/2026\/02\/urn-design-glas-vogel-vlinder-1-dgu1052.jpg","width":1000,"height":1500,"caption":"Design urn van glas met vogeltje in fotofolie en vlinder van tule, herdenkingsurn voor crematie-as."},{"@type":"BreadcrumbList","@id":"https:\/\/crematieasinglas.nl\/de\/product\/dgu1052-design-urn-glass-diamond\/#breadcrumb","itemListElement":[{"@type":"ListItem","position":1,"name":"Home","item":"https:\/\/crematieasinglas.nl\/"},{"@type":"ListItem","position":2,"name":"Shop","item":"https:\/\/crematieasinglas.nl\/de\/shop\/"},{"@type":"ListItem","position":3,"name":"DGU1052 | Design Urn glass Diamond"}]},{"@type":"WebSite","@id":"https:\/\/crematieasinglas.nl\/#website","url":"https:\/\/crematieasinglas.nl\/","name":"Winkel voor Crematie-as in glas","description":"Een winkel voor crematieasinglas.nl","publisher":{"@id":"https:\/\/crematieasinglas.nl\/#organization"},"potentialAction":[{"@type":"SearchAction","target":{"@type":"EntryPoint","urlTemplate":"https:\/\/crematieasinglas.nl\/?s={search_term_string}"},"query-input":{"@type":"PropertyValueSpecification","valueRequired":true,"valueName":"search_term_string"}}],"inLanguage":"de"},{"@type":"Organization","@id":"https:\/\/crematieasinglas.nl\/#organization","name":"Dierbaarasinglas.nl","alternateName":"Crematieasinglas.nl","url":"https:\/\/crematieasinglas.nl\/","logo":{"@type":"ImageObject","inLanguage":"de","@id":"https:\/\/crematieasinglas.nl\/#\/schema\/logo\/image\/","url":"https:\/\/crematieasinglas.nl\/wp-content\/uploads\/2024\/10\/logo-02-playfair-googlefont-met-hartje-02.png","contentUrl":"https:\/\/crematieasinglas.nl\/wp-content\/uploads\/2024\/10\/logo-02-playfair-googlefont-met-hartje-02.png","width":582,"height":136,"caption":"Dierbaarasinglas.nl"},"image":{"@id":"https:\/\/crematieasinglas.nl\/#\/schema\/logo\/image\/"}}]}},"_links":{"self":[{"href":"https:\/\/crematieasinglas.nl\/de\/wp-json\/wp\/v2\/product\/23345","targetHints":{"allow":["GET"]}}],"collection":[{"href":"https:\/\/crematieasinglas.nl\/de\/wp-json\/wp\/v2\/product"}],"about":[{"href":"https:\/\/crematieasinglas.nl\/de\/wp-json\/wp\/v2\/types\/product"}],"replies":[{"embeddable":true,"href":"https:\/\/crematieasinglas.nl\/de\/wp-json\/wp\/v2\/comments?post=23345"}],"wp:featuredmedia":[{"embeddable":true,"href":"https:\/\/crematieasinglas.nl\/de\/wp-json\/wp\/v2\/media\/23116"}],"wp:attachment":[{"href":"https:\/\/crematieasinglas.nl\/de\/wp-json\/wp\/v2\/media?parent=23345"}],"wp:term":[{"taxonomy":"product_brand","embeddable":true,"href":"https:\/\/crematieasinglas.nl\/de\/wp-json\/wp\/v2\/product_brand?post=23345"},{"taxonomy":"product_cat","embeddable":true,"href":"https:\/\/crematieasinglas.nl\/de\/wp-json\/wp\/v2\/product_cat?post=23345"},{"taxonomy":"product_tag","embeddable":true,"href":"https:\/\/crematieasinglas.nl\/de\/wp-json\/wp\/v2\/product_tag?post=23345"}],"curies":[{"name":"wp","href":"https:\/\/api.w.org\/{rel}","templated":true}]}}