{"id":23344,"date":"2026-04-03T11:31:47","date_gmt":"2026-04-03T11:31:47","guid":{"rendered":"https:\/\/crematieasinglas.nl\/product\/ku6041-urnen-keramikmedium\/"},"modified":"2026-04-03T11:31:47","modified_gmt":"2026-04-03T11:31:47","slug":"ku6041-urnen-keramikmedium","status":"publish","type":"product","link":"https:\/\/crematieasinglas.nl\/de\/produkt\/ku6041-urnen-keramikmedium\/","title":{"rendered":"KU6041 | Urnen Keramikmedium"},"content":{"rendered":"<p>Codenummer: KU6041<br \/>\nSammlung: Urnen<br \/>\nKategorie: Urnenkeramik | KU 6000<\/p>\n<h3>Lieferzeit: 8 Werktage:<\/h3>\n<h3>Informationen:<\/h3>\n<p>H\u00f6he: 15 cm<br \/>\nBreite: 15 cm<br \/>\nTiefe: 10 cm<br \/>\nFarbe: matt schwarz<br \/>\nHubraum: 0,70 Liter<br \/>\nLager: 1 Lagerartikel<\/p>\n<h3>Spezifische Beschreibung:<\/h3>\n<p data-start=\"420\" data-end=\"640\">Eine stilvolle und bedeutungsvolle Keramik-Schmetterlingsurne. Die Kombination aus mattschwarzer Keramik und eleganten goldfarbenen Schmetterlingen macht dies zu einem besonderen und pers\u00f6nlichen Gedenkobjekt. <\/p>\n<p data-start=\"642\" data-end=\"863\">Der Schmetterling symbolisiert Transformation und das \u00dcberleben von Erinnerungen. Diese Urne eignet sich f\u00fcr die Aufbewahrung einer symbolischen Menge an Ein\u00e4scherungsasche und bildet eine sch\u00f6ne, greifbare Erinnerung an einen geliebten Menschen. <\/p>\n<p data-start=\"865\" data-end=\"1055\">Die Urne hat ein Fassungsvolumen von 0,70 Litern und eine Gr\u00f6\u00dfe von 15 cm in der H\u00f6he und 15 cm in der Breite. Aufgrund ihrer kompakten Gr\u00f6\u00dfe eignet sich diese Urne f\u00fcr eine kleine Menge Ein\u00e4scherungsasche. <\/p>\n<p data-start=\"1057\" data-end=\"1223\">Die Urne wird mit einem Verschlussdeckel, zwei inneren Beuteln und einer durchsichtigen Anleitung geliefert, sodass Sie sie sicher und respektvoll selbst f\u00fcllen k\u00f6nnen.<\/p>\n<p data-start=\"1225\" data-end=\"1254\">Erh\u00e4ltlich mit oder ohne Namen. Dabei gibt es keinen Preisunterschied. Wenn Sie die Urne ohne Verarbeitung bevorzugen, was ebenfalls m\u00f6glich ist, kontaktieren Sie uns bitte.  <\/p>\n<h3 data-section-id=\"1kk9dfm\" data-start=\"1490\" data-end=\"1517\">Zus\u00e4tzliche Gr\u00f6\u00dfen sind verf\u00fcgbar<\/h3>\n<p data-start=\"1518\" data-end=\"1598\">Diese Schmetterlingsurne ist auch in gr\u00f6\u00dferen Gr\u00f6\u00dfen erh\u00e4ltlich.<\/p>\n<ul data-start=\"1600\" data-end=\"1661\">\n<li data-section-id=\"1yb3y8a\" data-start=\"1600\" data-end=\"1631\">2,10 Liter \u2013 H\u00f6he 21,5 cm<\/li>\n<li data-section-id=\"1gqxpy6\" data-start=\"1632\" data-end=\"1661\">5,20 Liter \u2013 H\u00f6he 28 cm<\/li>\n<\/ul>\n<p data-start=\"1663\" data-end=\"1732\">F\u00fcr diese gr\u00f6\u00dferen Versionen gilt eine Lieferzeit von etwa 4 Wochen.<\/p>\n<h3>Geburtsbedingungen:<\/h3>\n<p>Nach deinem Auftrag werde ich dich kontaktieren, um zu sehen, welcher Name auf die Urne angewendet werden kann. Wenn Sie im Voraus Fragen haben, k\u00f6nnen Sie info@crematieasinglas.nl gerne per E-Mail schreiben. <\/p>\n<h2 data-section-id=\"c3uamv\" data-start=\"2329\" data-end=\"2380\">R\u00fcckgabeinformationen \u2013 gelten f\u00fcr diese Urne<\/h2>\n<p data-start=\"2382\" data-end=\"2543\">Obwohl diese Urne von Hand auf Bestellung gefertigt wird, bieten wir trotz der Anpassung die M\u00f6glichkeit einer R\u00fcckgabe unter bestimmten Bedingungen an.<\/p>\n<p data-start=\"2545\" data-end=\"2608\">Die R\u00fcckgabe ist innerhalb von 14 Tagen nach Empfang m\u00f6glich, vorausgesetzt, die Urne:<\/p>\n<ul data-start=\"2609\" data-end=\"2712\">\n<li data-section-id=\"1ldq2yr\" data-start=\"2609\" data-end=\"2628\">Unbesch\u00e4digt ist<\/li>\n<li data-section-id=\"1orb1tm\" data-start=\"2629\" data-end=\"2655\">Enth\u00e4lt keine Ein\u00e4scherungsasche und wurde auch nicht platziert<\/li>\n<li data-section-id=\"tfcv1j\" data-start=\"2656\" data-end=\"2712\">Im Originalzustand und Verpackung wird zur\u00fcckgegeben<\/li>\n<\/ul>\n<p data-start=\"2714\" data-end=\"2882\">Urnen, in die Ein\u00e4scherungsasche gelegt oder verarbeitet wurde, d\u00fcrfen nicht zur\u00fcckgegeben werden. Im Falle einer g\u00fcltigen R\u00fcckgabe wird Ihnen der Kaufbetrag innerhalb von 5 Werktagen zur\u00fcckerstattet. <\/p>\n<p data-start=\"2889\" data-end=\"3020\">F\u00fcr Fragen oder pers\u00f6nliche Beratung kontaktieren Sie bitte Jet \u00fcber <a class=\"decorated-link cursor-pointer\" rel=\"noopener\" data-start=\"2958\" data-end=\"2982\">info@crematieasinglas.nl<\/a><\/p>\n<h3>Eindruck;<\/h3>\n<div style=\"width: 832px;\" class=\"wp-video\"><video class=\"wp-video-shortcode\" id=\"video-23344-1\" width=\"832\" height=\"1104\" preload=\"metadata\" controls=\"controls\"><source type=\"video\/mp4\" src=\"https:\/\/crematieasinglas.nl\/wp-content\/uploads\/2026\/04\/crematie-as-urn-keramiek-vlinder-zwart-070l-video-ku6041.mp4?_=1\" \/><a href=\"https:\/\/crematieasinglas.nl\/wp-content\/uploads\/2026\/04\/crematie-as-urn-keramiek-vlinder-zwart-070l-video-ku6041.mp4\">https:\/\/crematieasinglas.nl\/wp-content\/uploads\/2026\/04\/crematie-as-urn-keramiek-vlinder-zwart-070l-video-ku6041.mp4<\/a><\/video><\/div>\n<p>&nbsp;<\/p>\n","protected":false},"excerpt":{"rendered":"<p>Stilvolle schwarze Schmetterlingsurne aus Keramik (0,70 L) mit Goldfoliendetails. Enth\u00e4lt Innentaschen, Schlossdeckel und Handbuch. Erh\u00e4ltlich mit oder ohne Namen.  <\/p>\n","protected":false},"featured_media":23317,"comment_status":"closed","ping_status":"closed","template":"","meta":[],"product_brand":[],"product_cat":[737,738,1131],"product_tag":[1134,1133,1132],"class_list":{"0":"post-23344","1":"product","2":"type-product","3":"status-publish","4":"has-post-thumbnail","6":"product_cat-urnen-de","7":"product_cat-urnen-keramik-ku-6000","8":"product_cat-urnenkeramik-ku-6000-medium","9":"product_tag-keramik","10":"product_tag-schmetterling","11":"product_tag-urne","12":"pa_inhoud-07-liter","13":"pa_kleur-mattschwarz","15":"first","16":"instock","17":"purchasable","18":"product-type-simple"},"yoast_head":"<!-- This site is optimized with the Yoast SEO Premium plugin v27.1 (Yoast SEO v27.3) - https:\/\/yoast.com\/product\/yoast-seo-premium-wordpress\/ -->\n<title>Urne Schwarzer Keramikschmetterling<\/title>\n<meta name=\"description\" content=\"Stilvolle schwarze Schmetterlingsurne aus Keramik (0,70 L) mit Goldfoliendetails. Beinhaltet Innentaschen und Handbuch. Erh\u00e4ltlich mit oder ohne Namen.\" \/>\n<meta name=\"robots\" content=\"index, follow, max-snippet:-1, max-image-preview:large, max-video-preview:-1\" \/>\n<link rel=\"canonical\" href=\"https:\/\/crematieasinglas.nl\/de\/product\/ku6041-urnen-keramikmedium\/\" \/>\n<meta property=\"og:locale\" content=\"de_DE\" \/>\n<meta property=\"og:type\" content=\"article\" \/>\n<meta property=\"og:title\" content=\"KU6041 | Urnen Keramikmedium\" \/>\n<meta property=\"og:description\" content=\"Stilvolle schwarze Schmetterlingsurne aus Keramik (0,70 L) mit Goldfoliendetails. Beinhaltet Innentaschen und Handbuch. Erh\u00e4ltlich mit oder ohne Namen.\" \/>\n<meta property=\"og:url\" content=\"https:\/\/crematieasinglas.nl\/de\/product\/ku6041-urnen-keramikmedium\/\" \/>\n<meta property=\"og:site_name\" content=\"Winkel voor Crematie-as in glas\" \/>\n<meta property=\"og:image\" content=\"https:\/\/crematieasinglas.nl\/wp-content\/uploads\/2026\/04\/crematie-as-urn-keramiek-vlinder-zwart-070l-1-ku6041-683x1024.png\" \/>\n\t<meta property=\"og:image:width\" content=\"683\" \/>\n\t<meta property=\"og:image:height\" content=\"1024\" \/>\n\t<meta property=\"og:image:type\" content=\"image\/png\" \/>\n<meta name=\"twitter:card\" content=\"summary_large_image\" \/>\n<meta name=\"twitter:label1\" content=\"Gesch\u00e4tzte Lesezeit\" \/>\n\t<meta name=\"twitter:data1\" content=\"2\u00a0Minuten\" \/>\n<script type=\"application\/ld+json\" class=\"yoast-schema-graph\">{\"@context\":\"https:\\\/\\\/schema.org\",\"@graph\":[{\"@type\":\"WebPage\",\"@id\":\"https:\\\/\\\/crematieasinglas.nl\\\/de\\\/product\\\/ku6041-urnen-keramikmedium\\\/\",\"url\":\"https:\\\/\\\/crematieasinglas.nl\\\/de\\\/product\\\/ku6041-urnen-keramikmedium\\\/\",\"name\":\"Urne Schwarzer Keramikschmetterling\",\"isPartOf\":{\"@id\":\"https:\\\/\\\/crematieasinglas.nl\\\/#website\"},\"primaryImageOfPage\":{\"@id\":\"https:\\\/\\\/crematieasinglas.nl\\\/de\\\/product\\\/ku6041-urnen-keramikmedium\\\/#primaryimage\"},\"image\":{\"@id\":\"https:\\\/\\\/crematieasinglas.nl\\\/de\\\/product\\\/ku6041-urnen-keramikmedium\\\/#primaryimage\"},\"thumbnailUrl\":\"https:\\\/\\\/crematieasinglas.nl\\\/wp-content\\\/uploads\\\/2026\\\/04\\\/crematie-as-urn-keramiek-vlinder-zwart-070l-1-ku6041.png\",\"datePublished\":\"2026-04-03T11:31:47+00:00\",\"description\":\"Stilvolle schwarze Schmetterlingsurne aus Keramik (0,70 L) mit Goldfoliendetails. Beinhaltet Innentaschen und Handbuch. Erh\u00e4ltlich mit oder ohne Namen.\",\"breadcrumb\":{\"@id\":\"https:\\\/\\\/crematieasinglas.nl\\\/de\\\/product\\\/ku6041-urnen-keramikmedium\\\/#breadcrumb\"},\"inLanguage\":\"de\",\"potentialAction\":[{\"@type\":\"ReadAction\",\"target\":[\"https:\\\/\\\/crematieasinglas.nl\\\/de\\\/product\\\/ku6041-urnen-keramikmedium\\\/\"]}]},{\"@type\":\"ImageObject\",\"inLanguage\":\"de\",\"@id\":\"https:\\\/\\\/crematieasinglas.nl\\\/de\\\/product\\\/ku6041-urnen-keramikmedium\\\/#primaryimage\",\"url\":\"https:\\\/\\\/crematieasinglas.nl\\\/wp-content\\\/uploads\\\/2026\\\/04\\\/crematie-as-urn-keramiek-vlinder-zwart-070l-1-ku6041.png\",\"contentUrl\":\"https:\\\/\\\/crematieasinglas.nl\\\/wp-content\\\/uploads\\\/2026\\\/04\\\/crematie-as-urn-keramiek-vlinder-zwart-070l-1-ku6041.png\",\"width\":1024,\"height\":1536,\"caption\":\"Schwarze Keramik-Schmetterlingsurne auf einem Holztisch im Wald, mit Goldfolien-Schmetterlingen und Platz f\u00fcr Namen, geeignet f\u00fcr Ein\u00e4scherungsasche.\"},{\"@type\":\"BreadcrumbList\",\"@id\":\"https:\\\/\\\/crematieasinglas.nl\\\/de\\\/product\\\/ku6041-urnen-keramikmedium\\\/#breadcrumb\",\"itemListElement\":[{\"@type\":\"ListItem\",\"position\":1,\"name\":\"Home\",\"item\":\"https:\\\/\\\/crematieasinglas.nl\\\/\"},{\"@type\":\"ListItem\",\"position\":2,\"name\":\"Shop\",\"item\":\"https:\\\/\\\/crematieasinglas.nl\\\/de\\\/shop\\\/\"},{\"@type\":\"ListItem\",\"position\":3,\"name\":\"KU6041 | Urnen Keramikmedium\"}]},{\"@type\":\"WebSite\",\"@id\":\"https:\\\/\\\/crematieasinglas.nl\\\/#website\",\"url\":\"https:\\\/\\\/crematieasinglas.nl\\\/\",\"name\":\"Winkel voor Crematie-as in glas\",\"description\":\"Een winkel voor crematieasinglas.nl\",\"publisher\":{\"@id\":\"https:\\\/\\\/crematieasinglas.nl\\\/#organization\"},\"potentialAction\":[{\"@type\":\"SearchAction\",\"target\":{\"@type\":\"EntryPoint\",\"urlTemplate\":\"https:\\\/\\\/crematieasinglas.nl\\\/?s={search_term_string}\"},\"query-input\":{\"@type\":\"PropertyValueSpecification\",\"valueRequired\":true,\"valueName\":\"search_term_string\"}}],\"inLanguage\":\"de\"},{\"@type\":\"Organization\",\"@id\":\"https:\\\/\\\/crematieasinglas.nl\\\/#organization\",\"name\":\"Dierbaarasinglas.nl\",\"alternateName\":\"Crematieasinglas.nl\",\"url\":\"https:\\\/\\\/crematieasinglas.nl\\\/\",\"logo\":{\"@type\":\"ImageObject\",\"inLanguage\":\"de\",\"@id\":\"https:\\\/\\\/crematieasinglas.nl\\\/#\\\/schema\\\/logo\\\/image\\\/\",\"url\":\"https:\\\/\\\/crematieasinglas.nl\\\/wp-content\\\/uploads\\\/2024\\\/10\\\/logo-02-playfair-googlefont-met-hartje-02.png\",\"contentUrl\":\"https:\\\/\\\/crematieasinglas.nl\\\/wp-content\\\/uploads\\\/2024\\\/10\\\/logo-02-playfair-googlefont-met-hartje-02.png\",\"width\":582,\"height\":136,\"caption\":\"Dierbaarasinglas.nl\"},\"image\":{\"@id\":\"https:\\\/\\\/crematieasinglas.nl\\\/#\\\/schema\\\/logo\\\/image\\\/\"}}]}<\/script>\n<!-- \/ Yoast SEO Premium plugin. -->","yoast_head_json":{"title":"Urne Schwarzer Keramikschmetterling","description":"Stilvolle schwarze Schmetterlingsurne aus Keramik (0,70 L) mit Goldfoliendetails. Beinhaltet Innentaschen und Handbuch. Erh\u00e4ltlich mit oder ohne Namen.","robots":{"index":"index","follow":"follow","max-snippet":"max-snippet:-1","max-image-preview":"max-image-preview:large","max-video-preview":"max-video-preview:-1"},"canonical":"https:\/\/crematieasinglas.nl\/de\/product\/ku6041-urnen-keramikmedium\/","og_locale":"de_DE","og_type":"article","og_title":"KU6041 | Urnen Keramikmedium","og_description":"Stilvolle schwarze Schmetterlingsurne aus Keramik (0,70 L) mit Goldfoliendetails. Beinhaltet Innentaschen und Handbuch. Erh\u00e4ltlich mit oder ohne Namen.","og_url":"https:\/\/crematieasinglas.nl\/de\/product\/ku6041-urnen-keramikmedium\/","og_site_name":"Winkel voor Crematie-as in glas","og_image":[{"width":683,"height":1024,"url":"https:\/\/crematieasinglas.nl\/wp-content\/uploads\/2026\/04\/crematie-as-urn-keramiek-vlinder-zwart-070l-1-ku6041-683x1024.png","type":"image\/png"}],"twitter_card":"summary_large_image","twitter_misc":{"Gesch\u00e4tzte Lesezeit":"2\u00a0Minuten"},"schema":{"@context":"https:\/\/schema.org","@graph":[{"@type":"WebPage","@id":"https:\/\/crematieasinglas.nl\/de\/product\/ku6041-urnen-keramikmedium\/","url":"https:\/\/crematieasinglas.nl\/de\/product\/ku6041-urnen-keramikmedium\/","name":"Urne Schwarzer Keramikschmetterling","isPartOf":{"@id":"https:\/\/crematieasinglas.nl\/#website"},"primaryImageOfPage":{"@id":"https:\/\/crematieasinglas.nl\/de\/product\/ku6041-urnen-keramikmedium\/#primaryimage"},"image":{"@id":"https:\/\/crematieasinglas.nl\/de\/product\/ku6041-urnen-keramikmedium\/#primaryimage"},"thumbnailUrl":"https:\/\/crematieasinglas.nl\/wp-content\/uploads\/2026\/04\/crematie-as-urn-keramiek-vlinder-zwart-070l-1-ku6041.png","datePublished":"2026-04-03T11:31:47+00:00","description":"Stilvolle schwarze Schmetterlingsurne aus Keramik (0,70 L) mit Goldfoliendetails. Beinhaltet Innentaschen und Handbuch. Erh\u00e4ltlich mit oder ohne Namen.","breadcrumb":{"@id":"https:\/\/crematieasinglas.nl\/de\/product\/ku6041-urnen-keramikmedium\/#breadcrumb"},"inLanguage":"de","potentialAction":[{"@type":"ReadAction","target":["https:\/\/crematieasinglas.nl\/de\/product\/ku6041-urnen-keramikmedium\/"]}]},{"@type":"ImageObject","inLanguage":"de","@id":"https:\/\/crematieasinglas.nl\/de\/product\/ku6041-urnen-keramikmedium\/#primaryimage","url":"https:\/\/crematieasinglas.nl\/wp-content\/uploads\/2026\/04\/crematie-as-urn-keramiek-vlinder-zwart-070l-1-ku6041.png","contentUrl":"https:\/\/crematieasinglas.nl\/wp-content\/uploads\/2026\/04\/crematie-as-urn-keramiek-vlinder-zwart-070l-1-ku6041.png","width":1024,"height":1536,"caption":"Schwarze Keramik-Schmetterlingsurne auf einem Holztisch im Wald, mit Goldfolien-Schmetterlingen und Platz f\u00fcr Namen, geeignet f\u00fcr Ein\u00e4scherungsasche."},{"@type":"BreadcrumbList","@id":"https:\/\/crematieasinglas.nl\/de\/product\/ku6041-urnen-keramikmedium\/#breadcrumb","itemListElement":[{"@type":"ListItem","position":1,"name":"Home","item":"https:\/\/crematieasinglas.nl\/"},{"@type":"ListItem","position":2,"name":"Shop","item":"https:\/\/crematieasinglas.nl\/de\/shop\/"},{"@type":"ListItem","position":3,"name":"KU6041 | Urnen Keramikmedium"}]},{"@type":"WebSite","@id":"https:\/\/crematieasinglas.nl\/#website","url":"https:\/\/crematieasinglas.nl\/","name":"Winkel voor Crematie-as in glas","description":"Een winkel voor crematieasinglas.nl","publisher":{"@id":"https:\/\/crematieasinglas.nl\/#organization"},"potentialAction":[{"@type":"SearchAction","target":{"@type":"EntryPoint","urlTemplate":"https:\/\/crematieasinglas.nl\/?s={search_term_string}"},"query-input":{"@type":"PropertyValueSpecification","valueRequired":true,"valueName":"search_term_string"}}],"inLanguage":"de"},{"@type":"Organization","@id":"https:\/\/crematieasinglas.nl\/#organization","name":"Dierbaarasinglas.nl","alternateName":"Crematieasinglas.nl","url":"https:\/\/crematieasinglas.nl\/","logo":{"@type":"ImageObject","inLanguage":"de","@id":"https:\/\/crematieasinglas.nl\/#\/schema\/logo\/image\/","url":"https:\/\/crematieasinglas.nl\/wp-content\/uploads\/2024\/10\/logo-02-playfair-googlefont-met-hartje-02.png","contentUrl":"https:\/\/crematieasinglas.nl\/wp-content\/uploads\/2024\/10\/logo-02-playfair-googlefont-met-hartje-02.png","width":582,"height":136,"caption":"Dierbaarasinglas.nl"},"image":{"@id":"https:\/\/crematieasinglas.nl\/#\/schema\/logo\/image\/"}}]}},"_links":{"self":[{"href":"https:\/\/crematieasinglas.nl\/de\/wp-json\/wp\/v2\/product\/23344","targetHints":{"allow":["GET"]}}],"collection":[{"href":"https:\/\/crematieasinglas.nl\/de\/wp-json\/wp\/v2\/product"}],"about":[{"href":"https:\/\/crematieasinglas.nl\/de\/wp-json\/wp\/v2\/types\/product"}],"replies":[{"embeddable":true,"href":"https:\/\/crematieasinglas.nl\/de\/wp-json\/wp\/v2\/comments?post=23344"}],"wp:featuredmedia":[{"embeddable":true,"href":"https:\/\/crematieasinglas.nl\/de\/wp-json\/wp\/v2\/media\/23317"}],"wp:attachment":[{"href":"https:\/\/crematieasinglas.nl\/de\/wp-json\/wp\/v2\/media?parent=23344"}],"wp:term":[{"taxonomy":"product_brand","embeddable":true,"href":"https:\/\/crematieasinglas.nl\/de\/wp-json\/wp\/v2\/product_brand?post=23344"},{"taxonomy":"product_cat","embeddable":true,"href":"https:\/\/crematieasinglas.nl\/de\/wp-json\/wp\/v2\/product_cat?post=23344"},{"taxonomy":"product_tag","embeddable":true,"href":"https:\/\/crematieasinglas.nl\/de\/wp-json\/wp\/v2\/product_tag?post=23344"}],"curies":[{"name":"wp","href":"https:\/\/api.w.org\/{rel}","templated":true}]}}