{"id":23341,"date":"2026-04-02T11:29:02","date_gmt":"2026-04-02T11:29:02","guid":{"rendered":"https:\/\/crematieasinglas.nl\/product\/ku6040-urnen-keramiek-groot\/"},"modified":"2026-04-02T11:29:02","modified_gmt":"2026-04-02T11:29:02","slug":"ku6040-urnen-keramiek-groot","status":"publish","type":"product","link":"https:\/\/crematieasinglas.nl\/de\/produkt\/ku6040-urnen-keramiek-groot\/","title":{"rendered":"KU6040 | Urnen Keramiek groot"},"content":{"rendered":"<p>Codenummer: KU6040<br \/>\nSammlung: Urnen<br \/>\nKategorie: Urnen, Keramik | KU 6000<\/p>\n<h3>Lieferzeit: 8 Werktage:<\/h3>\n<h3>Informationen:<\/h3>\n<p>Gr\u00f6\u00dfe: 28 cm<br \/>\nBreite: 20 cm<br \/>\nTiefe: 20 cm<br \/>\nFarbe: matt schwarz<br \/>\nHubraum: 3,8 Liter<br \/>\nLager: 1 Lagerartikel<\/p>\n<h3>Spezifische Beschreibung:<\/h3>\n<h3>Beschreibung:<\/h3>\n<p>Mit einem hochwertigen, metallisch goldfarbenen Schild sind auf dieser schr\u00e4gen Tr\u00e4nenurne ein Name und ein Bild eines Formel-1-Rennwagens platziert. Diese Urne hat ein Fassungsverm\u00f6gen von 3,8 Litern. Auf dieser mattschwarzen Keramikurne befindet sich ein goldfarbenes Herz. Bei der Bestellung der Urne werden ein Keramikdeckel, ein Innenbeutel und ein Handbuch (wie man die Urne f\u00fcllt) hinzugef\u00fcgt.   <\/p>\n<h3>Geburtsbedingungen:<\/h3>\n<p>Nach deinem Auftrag werde ich dich kontaktieren, um zu sehen, welcher Name auf die Urne angewendet werden kann. Wenn Sie im Voraus Fragen haben, k\u00f6nnen Sie info@crematieasinglas.nl. gerne eine E-Mail schreiben oder unsere Website besuchen:  <a href=\"https:\/\/crematieasinglas.nl\/de\/\">Website crematieasinglas.nl<\/a><\/p>\n<h2 data-section-id=\"c3uamv\" data-start=\"2329\" data-end=\"2380\">R\u00fcckgabeinformationen \u2013 gelten f\u00fcr diese Urne<\/h2>\n<p data-start=\"2382\" data-end=\"2543\">Obwohl diese Urne von Hand auf Bestellung gefertigt wird, bieten wir trotz der Anpassung die M\u00f6glichkeit einer R\u00fcckgabe unter bestimmten Bedingungen an.<\/p>\n<p data-start=\"2545\" data-end=\"2608\">Die R\u00fcckgabe ist innerhalb von 14 Tagen nach Empfang m\u00f6glich, vorausgesetzt, die Urne:<\/p>\n<ul data-start=\"2609\" data-end=\"2712\">\n<li data-section-id=\"1ldq2yr\" data-start=\"2609\" data-end=\"2628\">Unbesch\u00e4digt ist<\/li>\n<li data-section-id=\"1orb1tm\" data-start=\"2629\" data-end=\"2655\">Enth\u00e4lt keine Ein\u00e4scherungsasche und wurde auch nicht platziert<\/li>\n<li data-section-id=\"tfcv1j\" data-start=\"2656\" data-end=\"2712\">Im Originalzustand und Verpackung wird zur\u00fcckgegeben<\/li>\n<\/ul>\n<p data-start=\"2714\" data-end=\"2882\">Urnen, in die Ein\u00e4scherungsasche gelegt oder verarbeitet wurde, d\u00fcrfen nicht zur\u00fcckgegeben werden. Im Falle einer g\u00fcltigen R\u00fcckgabe wird der Kaufbetrag per Bol.com erstattet. <\/p>\n<p data-start=\"2889\" data-end=\"3020\">F\u00fcr Fragen oder pers\u00f6nliche Beratung kontaktieren Sie bitte Jet \u00fcber <a class=\"decorated-link cursor-pointer\" rel=\"noopener\" data-start=\"2958\" data-end=\"2982\">info@crematieasinglas.nl<\/a><\/p>\n<h3>Eindruck;<\/h3>\n<div style=\"width: 832px;\" class=\"wp-video\"><video class=\"wp-video-shortcode\" id=\"video-23341-1\" width=\"832\" height=\"1104\" preload=\"metadata\" controls=\"controls\"><source type=\"video\/mp4\" src=\"https:\/\/crematieasinglas.nl\/wp-content\/uploads\/2026\/04\/crematie-as-urn-keramiek-formule-wagen-zwart-3800ml-video-ku6040.mp4?_=1\" \/><a href=\"https:\/\/crematieasinglas.nl\/wp-content\/uploads\/2026\/04\/crematie-as-urn-keramiek-formule-wagen-zwart-3800ml-video-ku6040.mp4\">https:\/\/crematieasinglas.nl\/wp-content\/uploads\/2026\/04\/crematie-as-urn-keramiek-formule-wagen-zwart-3800ml-video-ku6040.mp4<\/a><\/video><\/div>\n<p>&nbsp;<\/p>\n","protected":false},"excerpt":{"rendered":"<p>Urne aus schwarzer Keramik im modernen Tropfendesign mit Rennwagendesign. Diese Urne eignet sich zur Aufbewahrung von Ein\u00e4scherungsasche und ist mit einem Namen sowie einem Bild eines Formel-1-Rennwagens in goldfarbenem Finish ausgestattet. Ein stilvolles und sportliches Gedenkst\u00fcck, besonders f\u00fcr Liebhaber von Motorsport und Geschwindigkeit.  <\/p>\n","protected":false},"featured_media":23295,"comment_status":"closed","ping_status":"closed","template":"","meta":[],"product_brand":[],"product_cat":[737,738,1122],"product_tag":[],"class_list":{"0":"post-23341","1":"product","2":"type-product","3":"status-publish","4":"has-post-thumbnail","6":"product_cat-urnen-de","7":"product_cat-urnen-keramik-ku-6000","8":"product_cat-urnenkeramik-ku-6000-large","9":"pa_inhoud-38-liter","10":"pa_kleur-mattschwarz","12":"first","13":"instock","14":"purchasable","15":"product-type-simple"},"yoast_head":"<!-- This site is optimized with the Yoast SEO Premium plugin v27.1 (Yoast SEO v27.3) - https:\/\/yoast.com\/product\/yoast-seo-premium-wordpress\/ -->\n<title>Urn Schwarzes Keramik-Rennauto<\/title>\n<meta name=\"description\" content=\"Schwarze Keramikurne mit Rennwagen-Design in Tropfenform. Geeignet f\u00fcr Ein\u00e4scherungsasche und mit Namen angegeben. Stilvoll und pers\u00f6nlich.\" \/>\n<meta name=\"robots\" content=\"index, follow, max-snippet:-1, max-image-preview:large, max-video-preview:-1\" \/>\n<link rel=\"canonical\" href=\"https:\/\/crematieasinglas.nl\/de\/product\/ku6040-urnen-keramiek-groot\/\" \/>\n<meta property=\"og:locale\" content=\"de_DE\" \/>\n<meta property=\"og:type\" content=\"article\" \/>\n<meta property=\"og:title\" content=\"KU6040 | Urnen Keramiek groot\" \/>\n<meta property=\"og:description\" content=\"Schwarze Keramikurne mit Rennwagen-Design in Tropfenform. Geeignet f\u00fcr Ein\u00e4scherungsasche und mit Namen angegeben. Stilvoll und pers\u00f6nlich.\" \/>\n<meta property=\"og:url\" content=\"https:\/\/crematieasinglas.nl\/de\/product\/ku6040-urnen-keramiek-groot\/\" \/>\n<meta property=\"og:site_name\" content=\"Winkel voor Crematie-as in glas\" \/>\n<meta property=\"og:image\" content=\"https:\/\/crematieasinglas.nl\/wp-content\/uploads\/2026\/04\/crematie-as-urn-keramiek-formule-wagen-zwart-3800ml-1-ku6040-scaled.jpg\" \/>\n\t<meta property=\"og:image:width\" content=\"1707\" \/>\n\t<meta property=\"og:image:height\" content=\"2560\" \/>\n\t<meta property=\"og:image:type\" content=\"image\/jpeg\" \/>\n<meta name=\"twitter:card\" content=\"summary_large_image\" \/>\n<meta name=\"twitter:label1\" content=\"Gesch\u00e4tzte Lesezeit\" \/>\n\t<meta name=\"twitter:data1\" content=\"1\u00a0Minute\" \/>\n<script type=\"application\/ld+json\" class=\"yoast-schema-graph\">{\"@context\":\"https:\\\/\\\/schema.org\",\"@graph\":[{\"@type\":\"WebPage\",\"@id\":\"https:\\\/\\\/crematieasinglas.nl\\\/de\\\/product\\\/ku6040-urnen-keramiek-groot\\\/\",\"url\":\"https:\\\/\\\/crematieasinglas.nl\\\/de\\\/product\\\/ku6040-urnen-keramiek-groot\\\/\",\"name\":\"Urn Schwarzes Keramik-Rennauto\",\"isPartOf\":{\"@id\":\"https:\\\/\\\/crematieasinglas.nl\\\/#website\"},\"primaryImageOfPage\":{\"@id\":\"https:\\\/\\\/crematieasinglas.nl\\\/de\\\/product\\\/ku6040-urnen-keramiek-groot\\\/#primaryimage\"},\"image\":{\"@id\":\"https:\\\/\\\/crematieasinglas.nl\\\/de\\\/product\\\/ku6040-urnen-keramiek-groot\\\/#primaryimage\"},\"thumbnailUrl\":\"https:\\\/\\\/crematieasinglas.nl\\\/wp-content\\\/uploads\\\/2026\\\/04\\\/crematie-as-urn-keramiek-formule-wagen-zwart-3800ml-1-ku6040-scaled.jpg\",\"datePublished\":\"2026-04-02T11:29:02+00:00\",\"description\":\"Schwarze Keramikurne mit Rennwagen-Design in Tropfenform. Geeignet f\u00fcr Ein\u00e4scherungsasche und mit Namen angegeben. Stilvoll und pers\u00f6nlich.\",\"breadcrumb\":{\"@id\":\"https:\\\/\\\/crematieasinglas.nl\\\/de\\\/product\\\/ku6040-urnen-keramiek-groot\\\/#breadcrumb\"},\"inLanguage\":\"de\",\"potentialAction\":[{\"@type\":\"ReadAction\",\"target\":[\"https:\\\/\\\/crematieasinglas.nl\\\/de\\\/product\\\/ku6040-urnen-keramiek-groot\\\/\"]}]},{\"@type\":\"ImageObject\",\"inLanguage\":\"de\",\"@id\":\"https:\\\/\\\/crematieasinglas.nl\\\/de\\\/product\\\/ku6040-urnen-keramiek-groot\\\/#primaryimage\",\"url\":\"https:\\\/\\\/crematieasinglas.nl\\\/wp-content\\\/uploads\\\/2026\\\/04\\\/crematie-as-urn-keramiek-formule-wagen-zwart-3800ml-1-ku6040-scaled.jpg\",\"contentUrl\":\"https:\\\/\\\/crematieasinglas.nl\\\/wp-content\\\/uploads\\\/2026\\\/04\\\/crematie-as-urn-keramiek-formule-wagen-zwart-3800ml-1-ku6040-scaled.jpg\",\"width\":1707,\"height\":2560,\"caption\":\"Schwarze Keramikurne mit Rennwagendesign f\u00fcr tropfenf\u00f6rmige Asche mit Platz f\u00fcr den Namen.\"},{\"@type\":\"BreadcrumbList\",\"@id\":\"https:\\\/\\\/crematieasinglas.nl\\\/de\\\/product\\\/ku6040-urnen-keramiek-groot\\\/#breadcrumb\",\"itemListElement\":[{\"@type\":\"ListItem\",\"position\":1,\"name\":\"Home\",\"item\":\"https:\\\/\\\/crematieasinglas.nl\\\/\"},{\"@type\":\"ListItem\",\"position\":2,\"name\":\"Shop\",\"item\":\"https:\\\/\\\/crematieasinglas.nl\\\/de\\\/shop\\\/\"},{\"@type\":\"ListItem\",\"position\":3,\"name\":\"KU6040 | Urnen Keramiek groot\"}]},{\"@type\":\"WebSite\",\"@id\":\"https:\\\/\\\/crematieasinglas.nl\\\/#website\",\"url\":\"https:\\\/\\\/crematieasinglas.nl\\\/\",\"name\":\"Winkel voor Crematie-as in glas\",\"description\":\"Een winkel voor crematieasinglas.nl\",\"publisher\":{\"@id\":\"https:\\\/\\\/crematieasinglas.nl\\\/#organization\"},\"potentialAction\":[{\"@type\":\"SearchAction\",\"target\":{\"@type\":\"EntryPoint\",\"urlTemplate\":\"https:\\\/\\\/crematieasinglas.nl\\\/?s={search_term_string}\"},\"query-input\":{\"@type\":\"PropertyValueSpecification\",\"valueRequired\":true,\"valueName\":\"search_term_string\"}}],\"inLanguage\":\"de\"},{\"@type\":\"Organization\",\"@id\":\"https:\\\/\\\/crematieasinglas.nl\\\/#organization\",\"name\":\"Dierbaarasinglas.nl\",\"alternateName\":\"Crematieasinglas.nl\",\"url\":\"https:\\\/\\\/crematieasinglas.nl\\\/\",\"logo\":{\"@type\":\"ImageObject\",\"inLanguage\":\"de\",\"@id\":\"https:\\\/\\\/crematieasinglas.nl\\\/#\\\/schema\\\/logo\\\/image\\\/\",\"url\":\"https:\\\/\\\/crematieasinglas.nl\\\/wp-content\\\/uploads\\\/2024\\\/10\\\/logo-02-playfair-googlefont-met-hartje-02.png\",\"contentUrl\":\"https:\\\/\\\/crematieasinglas.nl\\\/wp-content\\\/uploads\\\/2024\\\/10\\\/logo-02-playfair-googlefont-met-hartje-02.png\",\"width\":582,\"height\":136,\"caption\":\"Dierbaarasinglas.nl\"},\"image\":{\"@id\":\"https:\\\/\\\/crematieasinglas.nl\\\/#\\\/schema\\\/logo\\\/image\\\/\"}}]}<\/script>\n<!-- \/ Yoast SEO Premium plugin. -->","yoast_head_json":{"title":"Urn Schwarzes Keramik-Rennauto","description":"Schwarze Keramikurne mit Rennwagen-Design in Tropfenform. Geeignet f\u00fcr Ein\u00e4scherungsasche und mit Namen angegeben. Stilvoll und pers\u00f6nlich.","robots":{"index":"index","follow":"follow","max-snippet":"max-snippet:-1","max-image-preview":"max-image-preview:large","max-video-preview":"max-video-preview:-1"},"canonical":"https:\/\/crematieasinglas.nl\/de\/product\/ku6040-urnen-keramiek-groot\/","og_locale":"de_DE","og_type":"article","og_title":"KU6040 | Urnen Keramiek groot","og_description":"Schwarze Keramikurne mit Rennwagen-Design in Tropfenform. Geeignet f\u00fcr Ein\u00e4scherungsasche und mit Namen angegeben. Stilvoll und pers\u00f6nlich.","og_url":"https:\/\/crematieasinglas.nl\/de\/product\/ku6040-urnen-keramiek-groot\/","og_site_name":"Winkel voor Crematie-as in glas","og_image":[{"width":1707,"height":2560,"url":"https:\/\/crematieasinglas.nl\/wp-content\/uploads\/2026\/04\/crematie-as-urn-keramiek-formule-wagen-zwart-3800ml-1-ku6040-scaled.jpg","type":"image\/jpeg"}],"twitter_card":"summary_large_image","twitter_misc":{"Gesch\u00e4tzte Lesezeit":"1\u00a0Minute"},"schema":{"@context":"https:\/\/schema.org","@graph":[{"@type":"WebPage","@id":"https:\/\/crematieasinglas.nl\/de\/product\/ku6040-urnen-keramiek-groot\/","url":"https:\/\/crematieasinglas.nl\/de\/product\/ku6040-urnen-keramiek-groot\/","name":"Urn Schwarzes Keramik-Rennauto","isPartOf":{"@id":"https:\/\/crematieasinglas.nl\/#website"},"primaryImageOfPage":{"@id":"https:\/\/crematieasinglas.nl\/de\/product\/ku6040-urnen-keramiek-groot\/#primaryimage"},"image":{"@id":"https:\/\/crematieasinglas.nl\/de\/product\/ku6040-urnen-keramiek-groot\/#primaryimage"},"thumbnailUrl":"https:\/\/crematieasinglas.nl\/wp-content\/uploads\/2026\/04\/crematie-as-urn-keramiek-formule-wagen-zwart-3800ml-1-ku6040-scaled.jpg","datePublished":"2026-04-02T11:29:02+00:00","description":"Schwarze Keramikurne mit Rennwagen-Design in Tropfenform. Geeignet f\u00fcr Ein\u00e4scherungsasche und mit Namen angegeben. Stilvoll und pers\u00f6nlich.","breadcrumb":{"@id":"https:\/\/crematieasinglas.nl\/de\/product\/ku6040-urnen-keramiek-groot\/#breadcrumb"},"inLanguage":"de","potentialAction":[{"@type":"ReadAction","target":["https:\/\/crematieasinglas.nl\/de\/product\/ku6040-urnen-keramiek-groot\/"]}]},{"@type":"ImageObject","inLanguage":"de","@id":"https:\/\/crematieasinglas.nl\/de\/product\/ku6040-urnen-keramiek-groot\/#primaryimage","url":"https:\/\/crematieasinglas.nl\/wp-content\/uploads\/2026\/04\/crematie-as-urn-keramiek-formule-wagen-zwart-3800ml-1-ku6040-scaled.jpg","contentUrl":"https:\/\/crematieasinglas.nl\/wp-content\/uploads\/2026\/04\/crematie-as-urn-keramiek-formule-wagen-zwart-3800ml-1-ku6040-scaled.jpg","width":1707,"height":2560,"caption":"Schwarze Keramikurne mit Rennwagendesign f\u00fcr tropfenf\u00f6rmige Asche mit Platz f\u00fcr den Namen."},{"@type":"BreadcrumbList","@id":"https:\/\/crematieasinglas.nl\/de\/product\/ku6040-urnen-keramiek-groot\/#breadcrumb","itemListElement":[{"@type":"ListItem","position":1,"name":"Home","item":"https:\/\/crematieasinglas.nl\/"},{"@type":"ListItem","position":2,"name":"Shop","item":"https:\/\/crematieasinglas.nl\/de\/shop\/"},{"@type":"ListItem","position":3,"name":"KU6040 | Urnen Keramiek groot"}]},{"@type":"WebSite","@id":"https:\/\/crematieasinglas.nl\/#website","url":"https:\/\/crematieasinglas.nl\/","name":"Winkel voor Crematie-as in glas","description":"Een winkel voor crematieasinglas.nl","publisher":{"@id":"https:\/\/crematieasinglas.nl\/#organization"},"potentialAction":[{"@type":"SearchAction","target":{"@type":"EntryPoint","urlTemplate":"https:\/\/crematieasinglas.nl\/?s={search_term_string}"},"query-input":{"@type":"PropertyValueSpecification","valueRequired":true,"valueName":"search_term_string"}}],"inLanguage":"de"},{"@type":"Organization","@id":"https:\/\/crematieasinglas.nl\/#organization","name":"Dierbaarasinglas.nl","alternateName":"Crematieasinglas.nl","url":"https:\/\/crematieasinglas.nl\/","logo":{"@type":"ImageObject","inLanguage":"de","@id":"https:\/\/crematieasinglas.nl\/#\/schema\/logo\/image\/","url":"https:\/\/crematieasinglas.nl\/wp-content\/uploads\/2024\/10\/logo-02-playfair-googlefont-met-hartje-02.png","contentUrl":"https:\/\/crematieasinglas.nl\/wp-content\/uploads\/2024\/10\/logo-02-playfair-googlefont-met-hartje-02.png","width":582,"height":136,"caption":"Dierbaarasinglas.nl"},"image":{"@id":"https:\/\/crematieasinglas.nl\/#\/schema\/logo\/image\/"}}]}},"_links":{"self":[{"href":"https:\/\/crematieasinglas.nl\/de\/wp-json\/wp\/v2\/product\/23341","targetHints":{"allow":["GET"]}}],"collection":[{"href":"https:\/\/crematieasinglas.nl\/de\/wp-json\/wp\/v2\/product"}],"about":[{"href":"https:\/\/crematieasinglas.nl\/de\/wp-json\/wp\/v2\/types\/product"}],"replies":[{"embeddable":true,"href":"https:\/\/crematieasinglas.nl\/de\/wp-json\/wp\/v2\/comments?post=23341"}],"wp:featuredmedia":[{"embeddable":true,"href":"https:\/\/crematieasinglas.nl\/de\/wp-json\/wp\/v2\/media\/23295"}],"wp:attachment":[{"href":"https:\/\/crematieasinglas.nl\/de\/wp-json\/wp\/v2\/media?parent=23341"}],"wp:term":[{"taxonomy":"product_brand","embeddable":true,"href":"https:\/\/crematieasinglas.nl\/de\/wp-json\/wp\/v2\/product_brand?post=23341"},{"taxonomy":"product_cat","embeddable":true,"href":"https:\/\/crematieasinglas.nl\/de\/wp-json\/wp\/v2\/product_cat?post=23341"},{"taxonomy":"product_tag","embeddable":true,"href":"https:\/\/crematieasinglas.nl\/de\/wp-json\/wp\/v2\/product_tag?post=23341"}],"curies":[{"name":"wp","href":"https:\/\/api.w.org\/{rel}","templated":true}]}}