{"id":23142,"date":"2026-03-05T14:50:11","date_gmt":"2026-03-05T14:50:11","guid":{"rendered":"https:\/\/crematieasinglas.nl\/?post_type=product&#038;p=23142"},"modified":"2026-04-03T12:19:26","modified_gmt":"2026-04-03T12:19:26","slug":"gu2009-urne-und-schmetterling-aus-rosa-transparentem-glas-personalisiert-kopie","status":"publish","type":"product","link":"https:\/\/crematieasinglas.nl\/de\/produkt\/gu2009-urne-und-schmetterling-aus-rosa-transparentem-glas-personalisiert-kopie\/","title":{"rendered":"GU2024 | Mittlere Urne mit Schmetterling aus violettem transparentem Glas"},"content":{"rendered":"<p>Codenummer: GU2024<br \/>\nSammlung: Urnen<br \/>\nKategorie: Urnenglas Personalisiert | GU 2000<\/p>\n<h2>Lieferzeit:<\/h2>\n<h3>8 Arbeitstage (2 Wochen)<\/h3>\n<h2>Informationen:<\/h2>\n<p>Gr\u00f6\u00dfe: 19 cm<br \/>\nBreite: 10 cm<br \/>\nTiefe: 10 cm<br \/>\nFarbe: Transparent Lila<br \/>\nInhalt: 260 ml<br \/>\nLager: 1 Lagerartikel<br \/>\nUrn wird selbst gef\u00fcllt:: Ja, das Handbuch ist enthalten<\/p>\n<h3>Beschreibung:<\/h3>\n<h2>Mittlere Urne und Schmetterling aus violettem transparentem Glas, personalisiert<\/h2>\n<p>Mittlere Urne und Schmetterling aus violettem transparentem Glas. Auf der Urne steht der Text &#8216;immer in unserem Herzen&#8217; und m\u00f6glicherweise. 3 Sterne oder 3 Herzen platziert. Du kannst den Schmetterling nach dem Bef\u00fcllen der Urne auf die Urne legen.  <\/p>\n<p>Bitte beachten Sie, dass der Schmetterling und die Urne sich in der Farbintensit\u00e4t\/Farbverl\u00e4ufe je nach Foto unterscheiden k\u00f6nnen, da jede Urne und jeder Schmetterling handgefertigt und einzigartig ist. Mit sehr starkem doppelseitigem Klebeband kann man den Schmetterling nach dem Bef\u00fcllen an der Urne befestigen. Dieses Band ist bereits am Schmetterling befestigt. Ein Handbuch f\u00fcr die Platzierung und das Bef\u00fcllen der Schmetterlingsurne ist enthalten. Diese Urne eignet sich f\u00fcr einen kleinen Teil der Ein\u00e4scherungsasche, n\u00e4mlich f\u00fcr 260 ml Gehalt.    <\/p>\n<p>Geburtsbedingungen:<\/p>\n<p>Obwohl diese Urne von Hand auf Bestellung hergestellt wird, verstehen wir, dass es sch\u00f6n ist, trotz der Anpassung die M\u00f6glichkeit zur R\u00fcckgabe zu haben. Daher ist eine R\u00fcckkehr mit dieser Urne unter bestimmten Bedingungen m\u00f6glich.  Siehe unsere Seite <a href=\"https:\/\/crematieasinglas.nl\/de\/unsere-feuerbestattung-asche-urnen-und-glasschmuck\/\">https:\/\/crematieasinglas.nl\/onze-crematie-as-urnen-en-sieraden-van-glas\/<\/a> Wenn Sie im Voraus Fragen haben, k\u00f6nnen Sie info@crematieasinglas.nl gerne per E-Mail schreiben<\/p>\n<p>Video:<\/p>\n<div style=\"width: 960px;\" class=\"wp-video\"><video class=\"wp-video-shortcode\" id=\"video-23142-1\" width=\"960\" height=\"960\" preload=\"metadata\" controls=\"controls\"><source type=\"video\/mp4\" src=\"https:\/\/crematieasinglas.nl\/wp-content\/uploads\/2026\/03\/crematie-as-urn-glas-medium-vlinder-paars-video-gu2024.mp4?_=1\" \/><a href=\"https:\/\/crematieasinglas.nl\/wp-content\/uploads\/2026\/03\/crematie-as-urn-glas-medium-vlinder-paars-video-gu2024.mp4\">https:\/\/crematieasinglas.nl\/wp-content\/uploads\/2026\/03\/crematie-as-urn-glas-medium-vlinder-paars-video-gu2024.mp4<\/a><\/video><\/div>\n","protected":false},"excerpt":{"rendered":"<p>Ein\u00e4scherungsasche Urne aus Glas, die nach Ihrem Geschmack personalisiert wird. Mittlere Urne und Schmetterling aus violettem transparentem Glas <\/p>\n","protected":false},"featured_media":23152,"comment_status":"closed","ping_status":"closed","template":"","meta":[],"product_brand":[],"product_cat":[737,864],"product_tag":[],"class_list":{"0":"post-23142","1":"product","2":"type-product","3":"status-publish","4":"has-post-thumbnail","6":"product_cat-urnen-de","7":"product_cat-urnen-glas-personalisiert-gu-2000","8":"pa_inhoud-260-ml-de-2","9":"pa_kleur-lila-de","10":"pa_leveringsvoorwaarden-nach-deiner-bestellung-melde-ich-mich-bei-dir-egal-ob-du-auch-3-herzen-oder-3-sterne-uber-der-textzeile-mochtest","12":"first","13":"instock","14":"taxable","15":"shipping-taxable","16":"purchasable","17":"product-type-simple"},"yoast_head":"<!-- This site is optimized with the Yoast SEO Premium plugin v27.1 (Yoast SEO v27.5) - https:\/\/yoast.com\/product\/yoast-seo-premium-wordpress\/ -->\n<title>GU2024 | Mittlere Urne mit Schmetterling aus violettem transparentem Glas - Winkel voor Crematie-as in glas<\/title>\n<meta name=\"description\" content=\"Mittlere Urne und Schmetterling aus violettem transparentem Glas. Ein\u00e4scherungsasche, Urnenglas, das als kostbare Erinnerung personalisiert wird\" \/>\n<meta name=\"robots\" content=\"index, follow, max-snippet:-1, max-image-preview:large, max-video-preview:-1\" \/>\n<link rel=\"canonical\" href=\"https:\/\/crematieasinglas.nl\/de\/product\/gu2009-urne-und-schmetterling-aus-rosa-transparentem-glas-personalisiert-kopie\/\" \/>\n<meta property=\"og:locale\" content=\"de_DE\" \/>\n<meta property=\"og:type\" content=\"article\" \/>\n<meta property=\"og:title\" content=\"GU2024 | Mittlere Urne mit Schmetterling aus violettem transparentem Glas\" \/>\n<meta property=\"og:description\" content=\"Mittlere Urne und Schmetterling aus violettem transparentem Glas. Ein\u00e4scherungsasche, Urnenglas, das als kostbare Erinnerung personalisiert wird\" \/>\n<meta property=\"og:url\" content=\"https:\/\/crematieasinglas.nl\/de\/product\/gu2009-urne-und-schmetterling-aus-rosa-transparentem-glas-personalisiert-kopie\/\" \/>\n<meta property=\"og:site_name\" content=\"Winkel voor Crematie-as in glas\" \/>\n<meta property=\"article:modified_time\" content=\"2026-04-03T12:19:26+00:00\" \/>\n<meta property=\"og:image\" content=\"https:\/\/crematieasinglas.nl\/wp-content\/uploads\/2026\/03\/crematie-as-urn-glas-medium-vlinder-paars-1-gu2024.jpg\" \/>\n\t<meta property=\"og:image:width\" content=\"832\" \/>\n\t<meta property=\"og:image:height\" content=\"1248\" \/>\n\t<meta property=\"og:image:type\" content=\"image\/jpeg\" \/>\n<meta name=\"twitter:card\" content=\"summary_large_image\" \/>\n<meta name=\"twitter:label1\" content=\"Gesch\u00e4tzte Lesezeit\" \/>\n\t<meta name=\"twitter:data1\" content=\"1\u00a0Minute\" \/>\n<script type=\"application\/ld+json\" class=\"yoast-schema-graph\">{\"@context\":\"https:\\\/\\\/schema.org\",\"@graph\":[{\"@type\":\"WebPage\",\"@id\":\"https:\\\/\\\/crematieasinglas.nl\\\/de\\\/product\\\/gu2009-urne-und-schmetterling-aus-rosa-transparentem-glas-personalisiert-kopie\\\/\",\"url\":\"https:\\\/\\\/crematieasinglas.nl\\\/de\\\/product\\\/gu2009-urne-und-schmetterling-aus-rosa-transparentem-glas-personalisiert-kopie\\\/\",\"name\":\"GU2024 | Mittlere Urne mit Schmetterling aus violettem transparentem Glas - Winkel voor Crematie-as in glas\",\"isPartOf\":{\"@id\":\"https:\\\/\\\/crematieasinglas.nl\\\/#website\"},\"primaryImageOfPage\":{\"@id\":\"https:\\\/\\\/crematieasinglas.nl\\\/de\\\/product\\\/gu2009-urne-und-schmetterling-aus-rosa-transparentem-glas-personalisiert-kopie\\\/#primaryimage\"},\"image\":{\"@id\":\"https:\\\/\\\/crematieasinglas.nl\\\/de\\\/product\\\/gu2009-urne-und-schmetterling-aus-rosa-transparentem-glas-personalisiert-kopie\\\/#primaryimage\"},\"thumbnailUrl\":\"https:\\\/\\\/crematieasinglas.nl\\\/wp-content\\\/uploads\\\/2026\\\/03\\\/crematie-as-urn-glas-medium-vlinder-paars-1-gu2024.jpg\",\"datePublished\":\"2026-03-05T14:50:11+00:00\",\"dateModified\":\"2026-04-03T12:19:26+00:00\",\"description\":\"Mittlere Urne und Schmetterling aus violettem transparentem Glas. Ein\u00e4scherungsasche, Urnenglas, das als kostbare Erinnerung personalisiert wird\",\"breadcrumb\":{\"@id\":\"https:\\\/\\\/crematieasinglas.nl\\\/de\\\/product\\\/gu2009-urne-und-schmetterling-aus-rosa-transparentem-glas-personalisiert-kopie\\\/#breadcrumb\"},\"inLanguage\":\"de\",\"potentialAction\":[{\"@type\":\"ReadAction\",\"target\":[\"https:\\\/\\\/crematieasinglas.nl\\\/de\\\/product\\\/gu2009-urne-und-schmetterling-aus-rosa-transparentem-glas-personalisiert-kopie\\\/\"]}]},{\"@type\":\"ImageObject\",\"inLanguage\":\"de\",\"@id\":\"https:\\\/\\\/crematieasinglas.nl\\\/de\\\/product\\\/gu2009-urne-und-schmetterling-aus-rosa-transparentem-glas-personalisiert-kopie\\\/#primaryimage\",\"url\":\"https:\\\/\\\/crematieasinglas.nl\\\/wp-content\\\/uploads\\\/2026\\\/03\\\/crematie-as-urn-glas-medium-vlinder-paars-1-gu2024.jpg\",\"contentUrl\":\"https:\\\/\\\/crematieasinglas.nl\\\/wp-content\\\/uploads\\\/2026\\\/03\\\/crematie-as-urn-glas-medium-vlinder-paars-1-gu2024.jpg\",\"width\":832,\"height\":1248,\"caption\":\"Mittlere Urne aus lila Glas mit Schmetterlingsasche f\u00fcr die Ein\u00e4scherung.\"},{\"@type\":\"BreadcrumbList\",\"@id\":\"https:\\\/\\\/crematieasinglas.nl\\\/de\\\/product\\\/gu2009-urne-und-schmetterling-aus-rosa-transparentem-glas-personalisiert-kopie\\\/#breadcrumb\",\"itemListElement\":[{\"@type\":\"ListItem\",\"position\":1,\"name\":\"Home\",\"item\":\"https:\\\/\\\/crematieasinglas.nl\\\/\"},{\"@type\":\"ListItem\",\"position\":2,\"name\":\"Shop\",\"item\":\"https:\\\/\\\/crematieasinglas.nl\\\/de\\\/shop\\\/\"},{\"@type\":\"ListItem\",\"position\":3,\"name\":\"GU2024 | Mittlere Urne mit Schmetterling aus violettem transparentem Glas\"}]},{\"@type\":\"WebSite\",\"@id\":\"https:\\\/\\\/crematieasinglas.nl\\\/#website\",\"url\":\"https:\\\/\\\/crematieasinglas.nl\\\/\",\"name\":\"Winkel voor Crematie-as in glas\",\"description\":\"Een winkel voor crematieasinglas.nl\",\"publisher\":{\"@id\":\"https:\\\/\\\/crematieasinglas.nl\\\/#organization\"},\"potentialAction\":[{\"@type\":\"SearchAction\",\"target\":{\"@type\":\"EntryPoint\",\"urlTemplate\":\"https:\\\/\\\/crematieasinglas.nl\\\/?s={search_term_string}\"},\"query-input\":{\"@type\":\"PropertyValueSpecification\",\"valueRequired\":true,\"valueName\":\"search_term_string\"}}],\"inLanguage\":\"de\"},{\"@type\":\"Organization\",\"@id\":\"https:\\\/\\\/crematieasinglas.nl\\\/#organization\",\"name\":\"Dierbaarasinglas.nl\",\"alternateName\":\"Crematieasinglas.nl\",\"url\":\"https:\\\/\\\/crematieasinglas.nl\\\/\",\"logo\":{\"@type\":\"ImageObject\",\"inLanguage\":\"de\",\"@id\":\"https:\\\/\\\/crematieasinglas.nl\\\/#\\\/schema\\\/logo\\\/image\\\/\",\"url\":\"https:\\\/\\\/crematieasinglas.nl\\\/wp-content\\\/uploads\\\/2024\\\/10\\\/logo-02-playfair-googlefont-met-hartje-02.png\",\"contentUrl\":\"https:\\\/\\\/crematieasinglas.nl\\\/wp-content\\\/uploads\\\/2024\\\/10\\\/logo-02-playfair-googlefont-met-hartje-02.png\",\"width\":582,\"height\":136,\"caption\":\"Dierbaarasinglas.nl\"},\"image\":{\"@id\":\"https:\\\/\\\/crematieasinglas.nl\\\/#\\\/schema\\\/logo\\\/image\\\/\"}}]}<\/script>\n<!-- \/ Yoast SEO Premium plugin. -->","yoast_head_json":{"title":"GU2024 | Mittlere Urne mit Schmetterling aus violettem transparentem Glas - Winkel voor Crematie-as in glas","description":"Mittlere Urne und Schmetterling aus violettem transparentem Glas. Ein\u00e4scherungsasche, Urnenglas, das als kostbare Erinnerung personalisiert wird","robots":{"index":"index","follow":"follow","max-snippet":"max-snippet:-1","max-image-preview":"max-image-preview:large","max-video-preview":"max-video-preview:-1"},"canonical":"https:\/\/crematieasinglas.nl\/de\/product\/gu2009-urne-und-schmetterling-aus-rosa-transparentem-glas-personalisiert-kopie\/","og_locale":"de_DE","og_type":"article","og_title":"GU2024 | Mittlere Urne mit Schmetterling aus violettem transparentem Glas","og_description":"Mittlere Urne und Schmetterling aus violettem transparentem Glas. Ein\u00e4scherungsasche, Urnenglas, das als kostbare Erinnerung personalisiert wird","og_url":"https:\/\/crematieasinglas.nl\/de\/product\/gu2009-urne-und-schmetterling-aus-rosa-transparentem-glas-personalisiert-kopie\/","og_site_name":"Winkel voor Crematie-as in glas","article_modified_time":"2026-04-03T12:19:26+00:00","og_image":[{"width":832,"height":1248,"url":"https:\/\/crematieasinglas.nl\/wp-content\/uploads\/2026\/03\/crematie-as-urn-glas-medium-vlinder-paars-1-gu2024.jpg","type":"image\/jpeg"}],"twitter_card":"summary_large_image","twitter_misc":{"Gesch\u00e4tzte Lesezeit":"1\u00a0Minute"},"schema":{"@context":"https:\/\/schema.org","@graph":[{"@type":"WebPage","@id":"https:\/\/crematieasinglas.nl\/de\/product\/gu2009-urne-und-schmetterling-aus-rosa-transparentem-glas-personalisiert-kopie\/","url":"https:\/\/crematieasinglas.nl\/de\/product\/gu2009-urne-und-schmetterling-aus-rosa-transparentem-glas-personalisiert-kopie\/","name":"GU2024 | Mittlere Urne mit Schmetterling aus violettem transparentem Glas - Winkel voor Crematie-as in glas","isPartOf":{"@id":"https:\/\/crematieasinglas.nl\/#website"},"primaryImageOfPage":{"@id":"https:\/\/crematieasinglas.nl\/de\/product\/gu2009-urne-und-schmetterling-aus-rosa-transparentem-glas-personalisiert-kopie\/#primaryimage"},"image":{"@id":"https:\/\/crematieasinglas.nl\/de\/product\/gu2009-urne-und-schmetterling-aus-rosa-transparentem-glas-personalisiert-kopie\/#primaryimage"},"thumbnailUrl":"https:\/\/crematieasinglas.nl\/wp-content\/uploads\/2026\/03\/crematie-as-urn-glas-medium-vlinder-paars-1-gu2024.jpg","datePublished":"2026-03-05T14:50:11+00:00","dateModified":"2026-04-03T12:19:26+00:00","description":"Mittlere Urne und Schmetterling aus violettem transparentem Glas. Ein\u00e4scherungsasche, Urnenglas, das als kostbare Erinnerung personalisiert wird","breadcrumb":{"@id":"https:\/\/crematieasinglas.nl\/de\/product\/gu2009-urne-und-schmetterling-aus-rosa-transparentem-glas-personalisiert-kopie\/#breadcrumb"},"inLanguage":"de","potentialAction":[{"@type":"ReadAction","target":["https:\/\/crematieasinglas.nl\/de\/product\/gu2009-urne-und-schmetterling-aus-rosa-transparentem-glas-personalisiert-kopie\/"]}]},{"@type":"ImageObject","inLanguage":"de","@id":"https:\/\/crematieasinglas.nl\/de\/product\/gu2009-urne-und-schmetterling-aus-rosa-transparentem-glas-personalisiert-kopie\/#primaryimage","url":"https:\/\/crematieasinglas.nl\/wp-content\/uploads\/2026\/03\/crematie-as-urn-glas-medium-vlinder-paars-1-gu2024.jpg","contentUrl":"https:\/\/crematieasinglas.nl\/wp-content\/uploads\/2026\/03\/crematie-as-urn-glas-medium-vlinder-paars-1-gu2024.jpg","width":832,"height":1248,"caption":"Mittlere Urne aus lila Glas mit Schmetterlingsasche f\u00fcr die Ein\u00e4scherung."},{"@type":"BreadcrumbList","@id":"https:\/\/crematieasinglas.nl\/de\/product\/gu2009-urne-und-schmetterling-aus-rosa-transparentem-glas-personalisiert-kopie\/#breadcrumb","itemListElement":[{"@type":"ListItem","position":1,"name":"Home","item":"https:\/\/crematieasinglas.nl\/"},{"@type":"ListItem","position":2,"name":"Shop","item":"https:\/\/crematieasinglas.nl\/de\/shop\/"},{"@type":"ListItem","position":3,"name":"GU2024 | Mittlere Urne mit Schmetterling aus violettem transparentem Glas"}]},{"@type":"WebSite","@id":"https:\/\/crematieasinglas.nl\/#website","url":"https:\/\/crematieasinglas.nl\/","name":"Winkel voor Crematie-as in glas","description":"Een winkel voor crematieasinglas.nl","publisher":{"@id":"https:\/\/crematieasinglas.nl\/#organization"},"potentialAction":[{"@type":"SearchAction","target":{"@type":"EntryPoint","urlTemplate":"https:\/\/crematieasinglas.nl\/?s={search_term_string}"},"query-input":{"@type":"PropertyValueSpecification","valueRequired":true,"valueName":"search_term_string"}}],"inLanguage":"de"},{"@type":"Organization","@id":"https:\/\/crematieasinglas.nl\/#organization","name":"Dierbaarasinglas.nl","alternateName":"Crematieasinglas.nl","url":"https:\/\/crematieasinglas.nl\/","logo":{"@type":"ImageObject","inLanguage":"de","@id":"https:\/\/crematieasinglas.nl\/#\/schema\/logo\/image\/","url":"https:\/\/crematieasinglas.nl\/wp-content\/uploads\/2024\/10\/logo-02-playfair-googlefont-met-hartje-02.png","contentUrl":"https:\/\/crematieasinglas.nl\/wp-content\/uploads\/2024\/10\/logo-02-playfair-googlefont-met-hartje-02.png","width":582,"height":136,"caption":"Dierbaarasinglas.nl"},"image":{"@id":"https:\/\/crematieasinglas.nl\/#\/schema\/logo\/image\/"}}]}},"_links":{"self":[{"href":"https:\/\/crematieasinglas.nl\/de\/wp-json\/wp\/v2\/product\/23142","targetHints":{"allow":["GET"]}}],"collection":[{"href":"https:\/\/crematieasinglas.nl\/de\/wp-json\/wp\/v2\/product"}],"about":[{"href":"https:\/\/crematieasinglas.nl\/de\/wp-json\/wp\/v2\/types\/product"}],"replies":[{"embeddable":true,"href":"https:\/\/crematieasinglas.nl\/de\/wp-json\/wp\/v2\/comments?post=23142"}],"wp:featuredmedia":[{"embeddable":true,"href":"https:\/\/crematieasinglas.nl\/de\/wp-json\/wp\/v2\/media\/23152"}],"wp:attachment":[{"href":"https:\/\/crematieasinglas.nl\/de\/wp-json\/wp\/v2\/media?parent=23142"}],"wp:term":[{"taxonomy":"product_brand","embeddable":true,"href":"https:\/\/crematieasinglas.nl\/de\/wp-json\/wp\/v2\/product_brand?post=23142"},{"taxonomy":"product_cat","embeddable":true,"href":"https:\/\/crematieasinglas.nl\/de\/wp-json\/wp\/v2\/product_cat?post=23142"},{"taxonomy":"product_tag","embeddable":true,"href":"https:\/\/crematieasinglas.nl\/de\/wp-json\/wp\/v2\/product_tag?post=23142"}],"curies":[{"name":"wp","href":"https:\/\/api.w.org\/{rel}","templated":true}]}}