{"id":21621,"date":"2025-12-19T16:02:38","date_gmt":"2025-12-19T16:02:38","guid":{"rendered":"https:\/\/crematieasinglas.nl\/product\/hssa1071-einaescherung-asche-herren-gedenkarmband-segelseil\/"},"modified":"2025-09-18T21:47:41","modified_gmt":"2025-09-18T21:47:41","slug":"hssa1071-einaescherung-asche-herren-gedenkarmband-segelseil","status":"publish","type":"product","link":"https:\/\/crematieasinglas.nl\/de\/produkt\/hssa1071-einaescherung-asche-herren-gedenkarmband-segelseil\/","title":{"rendered":"HSSA1071 | Ein\u00e4scherung Asche Herren Gedenkarmband Segelseil"},"content":{"rendered":"<p>Code-Nummer: HSSA1071<br \/>\nKollektion: F\u00fcr Ihn<br \/>\nKategorie: Segelseil<\/p>\n<h3>Lieferzeit: 8 Werktage, nach Erhalt der Asche<\/h3>\n<p><strong>Definition:<\/strong><br \/>\nBitte beachten Sie: Sie k\u00f6nnen dieses Schmuckst\u00fcck nicht selbst zu Hause bef\u00fcllen, sondern es wird von Jet in Handarbeit f\u00fcr Sie gefertigt, wobei die Ein\u00e4scherungsasche in der Mitte aus Edelstahl Goldanh\u00e4nger fixiert ist.<br \/>\nBei dem Asche-Charme auf dem Foto sind die Aschen halb (leicht) sichtbar in olivgr\u00fcnem Glas und Harzpigment verarbeitet. Nat\u00fcrlich k\u00f6nnen Sie sich auch f\u00fcr eine andere Verarbeitung oder Farbe entscheiden, wenn Sie m\u00f6chten, dass die Ein\u00e4scherung vollst\u00e4ndig sichtbar oder eher nicht sichtbar ist. Sie k\u00f6nnen uns dies sofort nach Ihrer Bestellung mitteilen.<br \/>\nDer Amulator aus Ein\u00e4scherung liegt zwischen zwei goldfarbenen Designanh\u00e4ngern aus Edelstahl mit der gleichen olivgr\u00fcnen Pigmenteinlage. Auf beiden Seiten sind zwei goldene Biegeringe aus Edelstahl platziert, so dass das Ganze sch\u00f6n an Ort und Stelle bleibt und sich nicht verschiebt. Das Armband ist mit einem sicheren Schiebeverschluss aus goldfarbenem Becher\/Schale aus Edelstahl versehen. Das Armband wird f\u00fcr Sie ma\u00dfgefertigt; Sie k\u00f6nnen w\u00e4hlen, ob Sie das Armband einzeln oder doppelt tragen m\u00f6chten. Es gibt keinen Preisunterschied zwischen ihnen.<br \/>\nDas Segelseilband ist olivgr\u00fcn, 6 mm dick und aus starkem Polyestergeflecht gefertigt. Es ist flexibel in der Anwendung, hat eine glatte Oberfl\u00e4che und wird aufgrund dieser starken Eigenschaften auch beim Segeln verwendet.<br \/>\nDie gezeigten Fotos zeigen ein Beispiel daf\u00fcr, wie der Gedenkschmuck aussehen wird. Bitte beachten Sie, dass Ihr Asche Asche Charm m\u00f6glicherweise nicht genau gleich wird, da Ihr Asche Asche Charm handgefertigt ist und Asche aus der Verbrennung unterschiedliche Wei\u00df- und Graut\u00f6ne haben kann.<br \/>\nNach Erhalt der Ein\u00e4scherungsasche wird Ihre Asche innerhalb von 8 Werktagen sorgf\u00e4ltig per Paketpost oder Briefkastenpaket von DHL zur\u00fcckgesandt. Sollte es im Vorfeld Ihrer Bestellung Fragen geben, beantworte ich diese gerne f\u00fcr Sie.<br \/>\nCrematieasinglas.nl handelt sich um eine eingetragene und garantierte Marke, die Ihnen die Garantie f\u00fcr ein einzigartiges und hochwertiges handgefertigtes Produkt ohne Nachbildungen oder Massenproduktion gibt.         <\/p>\n<p><strong>Information:<\/strong><br \/>\n ca. 2,5 cm<br \/>\nBreite: Ma\u00dfanfertigung<br \/>\nTiefe:<br \/>\nFarbe: oliv\/gold<br \/>\nInhalt:<br \/>\nLagerbestand: 2 Lagerware<\/p>\n<p><strong>Lieferung:<\/strong><br \/>\nNachdem Sie das ausgew\u00e4hlte Herrenarmband mit Ein\u00e4scherungsasche bestellt haben, melde ich mich per E-Mail bei Ihnen bei Fragen zur Gr\u00f6\u00dfe Ihres Handgelenks. Ich gebe Ihnen einfache Tipps, um eine korrekte Messung weitergeben zu k\u00f6nnen. Nachdem ich diese Informationen erhalten habe, sende ich Ihnen ein kostenloses digitales Versandetikett zu (nur bei niederl\u00e4ndischen Adressen m\u00f6glich), mit dem Sie mir die Ein\u00e4scherungsasche zusenden k\u00f6nnen (etwa eine Menge von 2 Teel\u00f6ffeln reicht aus). F\u00fcr Kunden au\u00dferhalb der Niederlande ist es mir nicht m\u00f6glich, diesen Stempel zu beantragen, ein ausl\u00e4ndischer Versandstempel, um die Ein\u00e4scherungsasche an mich zu senden, kann nicht erstattet werden. Ich m\u00f6chte Ihnen Tipps geben, wie Sie mir die Ein\u00e4scherungsasche am besten (auch aus dem Ausland) zukommen lassen k\u00f6nnen.    Das niederl\u00e4ndische Versandetikett ist ein Etikett f\u00fcr ein DHL-Briefkastenpaket, das direkt bei mir ankommt, und Sie k\u00f6nnen es per Sendungsverfolgung verfolgen. Sie k\u00f6nnen das Briefkastenpaket mit der Ein\u00e4scherung innerhalb von 5 Tagen kostenlos an einer DHL-Abgabestelle zur\u00fccksenden. In dieser E-Mail erkl\u00e4re ich Ihnen auch die Abmessungen des Briefkastenpakets und welche n\u00e4chstgelegene Abgabestelle Sie in der Umgebung haben. Ein sicherer und nachverfolgbarer Transport war bisher immer garantiert, aber wir k\u00f6nnen keine Verantwortung \u00fcbernehmen, wenn dies unerwartet mit dem Spediteur schief geht.  Nach Erhalt der Ein\u00e4scherungsasche werde ich mit gro\u00dfer Sorgfalt an Ihrem Gedenkschmuck arbeiten.  <a href=\"https:\/\/crematieasinglas.nl\/de\/\">Website crematieasinglas.nl<\/a><\/p>\n<p>:<br \/>\n<div style=\"width: 640px;\" class=\"wp-video\"><video class=\"wp-video-shortcode\" id=\"video-21621-1\" width=\"640\" height=\"360\" preload=\"metadata\" controls=\"controls\"><source type=\"video\/mp4\" src=\"https:\/\/crematieasinglas.nl\/media\/voor-hem\/sailrope-heren-armbanden\/crematie-as-heren-armband-assieraad-sailrope-olijf-goud-3-hssa1071.mp4?_=1\" \/><a href=\"https:\/\/crematieasinglas.nl\/media\/voor-hem\/sailrope-heren-armbanden\/crematie-as-heren-armband-assieraad-sailrope-olijf-goud-3-hssa1071.mp4\">https:\/\/crematieasinglas.nl\/media\/voor-hem\/sailrope-heren-armbanden\/crematie-as-heren-armband-assieraad-sailrope-olijf-goud-3-hssa1071.mp4<\/a><\/video><\/div>\n<p>&nbsp;<\/p>\n","protected":false},"excerpt":{"rendered":"<p>Ein\u00e4scherung Asche Herren Gedenkarmband Segelseil<\/p>\n","protected":false},"featured_media":21520,"comment_status":"closed","ping_status":"open","template":"","meta":[],"product_brand":[],"product_cat":[526,829],"product_tag":[],"class_list":{"0":"post-21621","1":"product","2":"type-product","3":"status-publish","4":"has-post-thumbnail","6":"product_cat-fur-ihn","7":"product_cat-segelseil","8":"pa_kleur-oliv-gold","9":"pa_leveringsvoorwaarden-nachdem-sie-das-ausgewahlte-herrenarmband-mit-einascherungsasche-bestellt-haben-melde-ich-mich-per-e-mail-bei-ihnen-bei-fragen-zur-grose-ihres-handgelenks-ich-werde-es-dir-leicht-machen","11":"first","12":"instock","13":"purchasable","14":"product-type-simple"},"yoast_head":"<!-- This site is optimized with the Yoast SEO Premium plugin v27.5 (Yoast SEO v27.5) - https:\/\/yoast.com\/product\/yoast-seo-premium-wordpress\/ -->\n<title>Urne Herren Asche Schmuck aus olivgr\u00fcnem Segelseil mit goldenem Edelstahl Ein\u00e4scherung Asche Charm und Design Charms mit olivgr\u00fcner Glaspigmenteinlage. Handgefertigt, stilvoll und pers\u00f6nlich.<\/title>\n<meta name=\"description\" content=\"Ein\u00e4scherung Asche Herren Gedenkarmband Segelseil\" \/>\n<meta name=\"robots\" content=\"index, follow, max-snippet:-1, max-image-preview:large, max-video-preview:-1\" \/>\n<link rel=\"canonical\" href=\"https:\/\/crematieasinglas.nl\/de\/produkt\/hssa1071-einaescherung-asche-herren-gedenkarmband-segelseil\/\" \/>\n<meta property=\"og:locale\" content=\"de_DE\" \/>\n<meta property=\"og:type\" content=\"article\" \/>\n<meta property=\"og:title\" content=\"HSSA1071 | Ein\u00e4scherung Asche Herren Gedenkarmband Segelseil\" \/>\n<meta property=\"og:description\" content=\"Ein\u00e4scherung Asche Herren Gedenkarmband Segelseil\" \/>\n<meta property=\"og:url\" content=\"https:\/\/crematieasinglas.nl\/de\/produkt\/hssa1071-einaescherung-asche-herren-gedenkarmband-segelseil\/\" \/>\n<meta property=\"og:site_name\" content=\"Winkel voor Crematie-as in glas\" \/>\n<meta property=\"og:image\" content=\"https:\/\/crematieasinglas.nl\/wp-content\/uploads\/2025\/09\/crematie-as-heren-armband-assieraad-sailrope-olijf-goud-1-hssa1071.jpg\" \/>\n\t<meta property=\"og:image:width\" content=\"1000\" \/>\n\t<meta property=\"og:image:height\" content=\"667\" \/>\n\t<meta property=\"og:image:type\" content=\"image\/jpeg\" \/>\n<meta name=\"twitter:card\" content=\"summary_large_image\" \/>\n<meta name=\"twitter:label1\" content=\"Gesch\u00e4tzte Lesezeit\" \/>\n\t<meta name=\"twitter:data1\" content=\"3\u00a0Minuten\" \/>\n<script type=\"application\/ld+json\" class=\"yoast-schema-graph\">{\"@context\":\"https:\\\/\\\/schema.org\",\"@graph\":[{\"@type\":\"WebPage\",\"@id\":\"https:\\\/\\\/crematieasinglas.nl\\\/de\\\/produkt\\\/hssa1071-einaescherung-asche-herren-gedenkarmband-segelseil\\\/\",\"url\":\"https:\\\/\\\/crematieasinglas.nl\\\/de\\\/produkt\\\/hssa1071-einaescherung-asche-herren-gedenkarmband-segelseil\\\/\",\"name\":\"Urne Herren Asche Schmuck aus olivgr\u00fcnem Segelseil mit goldenem Edelstahl Ein\u00e4scherung Asche Charm und Design Charms mit olivgr\u00fcner Glaspigmenteinlage. Handgefertigt, stilvoll und pers\u00f6nlich.\",\"isPartOf\":{\"@id\":\"https:\\\/\\\/crematieasinglas.nl\\\/#website\"},\"primaryImageOfPage\":{\"@id\":\"https:\\\/\\\/crematieasinglas.nl\\\/de\\\/produkt\\\/hssa1071-einaescherung-asche-herren-gedenkarmband-segelseil\\\/#primaryimage\"},\"image\":{\"@id\":\"https:\\\/\\\/crematieasinglas.nl\\\/de\\\/produkt\\\/hssa1071-einaescherung-asche-herren-gedenkarmband-segelseil\\\/#primaryimage\"},\"thumbnailUrl\":\"https:\\\/\\\/crematieasinglas.nl\\\/wp-content\\\/uploads\\\/2025\\\/09\\\/crematie-as-heren-armband-assieraad-sailrope-olijf-goud-1-hssa1071.jpg\",\"datePublished\":\"2025-12-19T16:02:38+00:00\",\"description\":\"Ein\u00e4scherung Asche Herren Gedenkarmband Segelseil\",\"breadcrumb\":{\"@id\":\"https:\\\/\\\/crematieasinglas.nl\\\/de\\\/produkt\\\/hssa1071-einaescherung-asche-herren-gedenkarmband-segelseil\\\/#breadcrumb\"},\"inLanguage\":\"de\",\"potentialAction\":[{\"@type\":\"ReadAction\",\"target\":[\"https:\\\/\\\/crematieasinglas.nl\\\/de\\\/produkt\\\/hssa1071-einaescherung-asche-herren-gedenkarmband-segelseil\\\/\"]}]},{\"@type\":\"ImageObject\",\"inLanguage\":\"de\",\"@id\":\"https:\\\/\\\/crematieasinglas.nl\\\/de\\\/produkt\\\/hssa1071-einaescherung-asche-herren-gedenkarmband-segelseil\\\/#primaryimage\",\"url\":\"https:\\\/\\\/crematieasinglas.nl\\\/wp-content\\\/uploads\\\/2025\\\/09\\\/crematie-as-heren-armband-assieraad-sailrope-olijf-goud-1-hssa1071.jpg\",\"contentUrl\":\"https:\\\/\\\/crematieasinglas.nl\\\/wp-content\\\/uploads\\\/2025\\\/09\\\/crematie-as-heren-armband-assieraad-sailrope-olijf-goud-1-hssa1071.jpg\",\"width\":1000,\"height\":667,\"caption\":\"Olijfgroene herenarmband met crematie-as in middelste rvs gouden bedel.\"},{\"@type\":\"BreadcrumbList\",\"@id\":\"https:\\\/\\\/crematieasinglas.nl\\\/de\\\/produkt\\\/hssa1071-einaescherung-asche-herren-gedenkarmband-segelseil\\\/#breadcrumb\",\"itemListElement\":[{\"@type\":\"ListItem\",\"position\":1,\"name\":\"Home\",\"item\":\"https:\\\/\\\/crematieasinglas.nl\\\/\"},{\"@type\":\"ListItem\",\"position\":2,\"name\":\"Shop\",\"item\":\"https:\\\/\\\/crematieasinglas.nl\\\/de\\\/shop\\\/\"},{\"@type\":\"ListItem\",\"position\":3,\"name\":\"HSSA1071 | Ein\u00e4scherung Asche Herren Gedenkarmband Segelseil\"}]},{\"@type\":\"WebSite\",\"@id\":\"https:\\\/\\\/crematieasinglas.nl\\\/#website\",\"url\":\"https:\\\/\\\/crematieasinglas.nl\\\/\",\"name\":\"Winkel voor Crematie-as in glas\",\"description\":\"Een winkel voor crematieasinglas.nl\",\"publisher\":{\"@id\":\"https:\\\/\\\/crematieasinglas.nl\\\/#organization\"},\"potentialAction\":[{\"@type\":\"SearchAction\",\"target\":{\"@type\":\"EntryPoint\",\"urlTemplate\":\"https:\\\/\\\/crematieasinglas.nl\\\/?s={search_term_string}\"},\"query-input\":{\"@type\":\"PropertyValueSpecification\",\"valueRequired\":true,\"valueName\":\"search_term_string\"}}],\"inLanguage\":\"de\"},{\"@type\":\"Organization\",\"@id\":\"https:\\\/\\\/crematieasinglas.nl\\\/#organization\",\"name\":\"Dierbaarasinglas.nl\",\"alternateName\":\"Crematieasinglas.nl\",\"url\":\"https:\\\/\\\/crematieasinglas.nl\\\/\",\"logo\":{\"@type\":\"ImageObject\",\"inLanguage\":\"de\",\"@id\":\"https:\\\/\\\/crematieasinglas.nl\\\/#\\\/schema\\\/logo\\\/image\\\/\",\"url\":\"https:\\\/\\\/crematieasinglas.nl\\\/wp-content\\\/uploads\\\/2024\\\/10\\\/logo-02-playfair-googlefont-met-hartje-02.png\",\"contentUrl\":\"https:\\\/\\\/crematieasinglas.nl\\\/wp-content\\\/uploads\\\/2024\\\/10\\\/logo-02-playfair-googlefont-met-hartje-02.png\",\"width\":582,\"height\":136,\"caption\":\"Dierbaarasinglas.nl\"},\"image\":{\"@id\":\"https:\\\/\\\/crematieasinglas.nl\\\/#\\\/schema\\\/logo\\\/image\\\/\"}}]}<\/script>\n<!-- \/ Yoast SEO Premium plugin. -->","yoast_head_json":{"title":"Urne Herren Asche Schmuck aus olivgr\u00fcnem Segelseil mit goldenem Edelstahl Ein\u00e4scherung Asche Charm und Design Charms mit olivgr\u00fcner Glaspigmenteinlage. Handgefertigt, stilvoll und pers\u00f6nlich.","description":"Ein\u00e4scherung Asche Herren Gedenkarmband Segelseil","robots":{"index":"index","follow":"follow","max-snippet":"max-snippet:-1","max-image-preview":"max-image-preview:large","max-video-preview":"max-video-preview:-1"},"canonical":"https:\/\/crematieasinglas.nl\/de\/produkt\/hssa1071-einaescherung-asche-herren-gedenkarmband-segelseil\/","og_locale":"de_DE","og_type":"article","og_title":"HSSA1071 | Ein\u00e4scherung Asche Herren Gedenkarmband Segelseil","og_description":"Ein\u00e4scherung Asche Herren Gedenkarmband Segelseil","og_url":"https:\/\/crematieasinglas.nl\/de\/produkt\/hssa1071-einaescherung-asche-herren-gedenkarmband-segelseil\/","og_site_name":"Winkel voor Crematie-as in glas","og_image":[{"width":1000,"height":667,"url":"https:\/\/crematieasinglas.nl\/wp-content\/uploads\/2025\/09\/crematie-as-heren-armband-assieraad-sailrope-olijf-goud-1-hssa1071.jpg","type":"image\/jpeg"}],"twitter_card":"summary_large_image","twitter_misc":{"Gesch\u00e4tzte Lesezeit":"3\u00a0Minuten"},"schema":{"@context":"https:\/\/schema.org","@graph":[{"@type":"WebPage","@id":"https:\/\/crematieasinglas.nl\/de\/produkt\/hssa1071-einaescherung-asche-herren-gedenkarmband-segelseil\/","url":"https:\/\/crematieasinglas.nl\/de\/produkt\/hssa1071-einaescherung-asche-herren-gedenkarmband-segelseil\/","name":"Urne Herren Asche Schmuck aus olivgr\u00fcnem Segelseil mit goldenem Edelstahl Ein\u00e4scherung Asche Charm und Design Charms mit olivgr\u00fcner Glaspigmenteinlage. Handgefertigt, stilvoll und pers\u00f6nlich.","isPartOf":{"@id":"https:\/\/crematieasinglas.nl\/#website"},"primaryImageOfPage":{"@id":"https:\/\/crematieasinglas.nl\/de\/produkt\/hssa1071-einaescherung-asche-herren-gedenkarmband-segelseil\/#primaryimage"},"image":{"@id":"https:\/\/crematieasinglas.nl\/de\/produkt\/hssa1071-einaescherung-asche-herren-gedenkarmband-segelseil\/#primaryimage"},"thumbnailUrl":"https:\/\/crematieasinglas.nl\/wp-content\/uploads\/2025\/09\/crematie-as-heren-armband-assieraad-sailrope-olijf-goud-1-hssa1071.jpg","datePublished":"2025-12-19T16:02:38+00:00","description":"Ein\u00e4scherung Asche Herren Gedenkarmband Segelseil","breadcrumb":{"@id":"https:\/\/crematieasinglas.nl\/de\/produkt\/hssa1071-einaescherung-asche-herren-gedenkarmband-segelseil\/#breadcrumb"},"inLanguage":"de","potentialAction":[{"@type":"ReadAction","target":["https:\/\/crematieasinglas.nl\/de\/produkt\/hssa1071-einaescherung-asche-herren-gedenkarmband-segelseil\/"]}]},{"@type":"ImageObject","inLanguage":"de","@id":"https:\/\/crematieasinglas.nl\/de\/produkt\/hssa1071-einaescherung-asche-herren-gedenkarmband-segelseil\/#primaryimage","url":"https:\/\/crematieasinglas.nl\/wp-content\/uploads\/2025\/09\/crematie-as-heren-armband-assieraad-sailrope-olijf-goud-1-hssa1071.jpg","contentUrl":"https:\/\/crematieasinglas.nl\/wp-content\/uploads\/2025\/09\/crematie-as-heren-armband-assieraad-sailrope-olijf-goud-1-hssa1071.jpg","width":1000,"height":667,"caption":"Olijfgroene herenarmband met crematie-as in middelste rvs gouden bedel."},{"@type":"BreadcrumbList","@id":"https:\/\/crematieasinglas.nl\/de\/produkt\/hssa1071-einaescherung-asche-herren-gedenkarmband-segelseil\/#breadcrumb","itemListElement":[{"@type":"ListItem","position":1,"name":"Home","item":"https:\/\/crematieasinglas.nl\/"},{"@type":"ListItem","position":2,"name":"Shop","item":"https:\/\/crematieasinglas.nl\/de\/shop\/"},{"@type":"ListItem","position":3,"name":"HSSA1071 | Ein\u00e4scherung Asche Herren Gedenkarmband Segelseil"}]},{"@type":"WebSite","@id":"https:\/\/crematieasinglas.nl\/#website","url":"https:\/\/crematieasinglas.nl\/","name":"Winkel voor Crematie-as in glas","description":"Een winkel voor crematieasinglas.nl","publisher":{"@id":"https:\/\/crematieasinglas.nl\/#organization"},"potentialAction":[{"@type":"SearchAction","target":{"@type":"EntryPoint","urlTemplate":"https:\/\/crematieasinglas.nl\/?s={search_term_string}"},"query-input":{"@type":"PropertyValueSpecification","valueRequired":true,"valueName":"search_term_string"}}],"inLanguage":"de"},{"@type":"Organization","@id":"https:\/\/crematieasinglas.nl\/#organization","name":"Dierbaarasinglas.nl","alternateName":"Crematieasinglas.nl","url":"https:\/\/crematieasinglas.nl\/","logo":{"@type":"ImageObject","inLanguage":"de","@id":"https:\/\/crematieasinglas.nl\/#\/schema\/logo\/image\/","url":"https:\/\/crematieasinglas.nl\/wp-content\/uploads\/2024\/10\/logo-02-playfair-googlefont-met-hartje-02.png","contentUrl":"https:\/\/crematieasinglas.nl\/wp-content\/uploads\/2024\/10\/logo-02-playfair-googlefont-met-hartje-02.png","width":582,"height":136,"caption":"Dierbaarasinglas.nl"},"image":{"@id":"https:\/\/crematieasinglas.nl\/#\/schema\/logo\/image\/"}}]}},"_links":{"self":[{"href":"https:\/\/crematieasinglas.nl\/de\/wp-json\/wp\/v2\/product\/21621","targetHints":{"allow":["GET"]}}],"collection":[{"href":"https:\/\/crematieasinglas.nl\/de\/wp-json\/wp\/v2\/product"}],"about":[{"href":"https:\/\/crematieasinglas.nl\/de\/wp-json\/wp\/v2\/types\/product"}],"replies":[{"embeddable":true,"href":"https:\/\/crematieasinglas.nl\/de\/wp-json\/wp\/v2\/comments?post=21621"}],"wp:featuredmedia":[{"embeddable":true,"href":"https:\/\/crematieasinglas.nl\/de\/wp-json\/wp\/v2\/media\/21520"}],"wp:attachment":[{"href":"https:\/\/crematieasinglas.nl\/de\/wp-json\/wp\/v2\/media?parent=21621"}],"wp:term":[{"taxonomy":"product_brand","embeddable":true,"href":"https:\/\/crematieasinglas.nl\/de\/wp-json\/wp\/v2\/product_brand?post=21621"},{"taxonomy":"product_cat","embeddable":true,"href":"https:\/\/crematieasinglas.nl\/de\/wp-json\/wp\/v2\/product_cat?post=21621"},{"taxonomy":"product_tag","embeddable":true,"href":"https:\/\/crematieasinglas.nl\/de\/wp-json\/wp\/v2\/product_tag?post=21621"}],"curies":[{"name":"wp","href":"https:\/\/api.w.org\/{rel}","templated":true}]}}