{"id":19704,"date":"2025-02-14T08:52:30","date_gmt":"2025-02-14T08:52:30","guid":{"rendered":"https:\/\/ebdxvyckeo.onrocket.site\/product\/dru7001-urne-fuer-tiere\/"},"modified":"2025-02-14T08:52:30","modified_gmt":"2025-02-14T08:52:30","slug":"dru7001-urne-fuer-tiere","status":"publish","type":"product","link":"https:\/\/crematieasinglas.nl\/de\/produkt\/dru7001-urne-fuer-tiere\/","title":{"rendered":"DRU7001 | Urne f\u00fcr Tiere"},"content":{"rendered":"<p>Code-Nummer: DRU7001<br \/>\nKollektion: Urnen<br \/>\nKategorie: Urnen f\u00fcr Tiere | DRU 7000<\/p>\n<h3>Lieferung:<\/h3>\n<h3>8 Werktage<\/h3>\n<h3>Information:<\/h3>\n<p>H\u00f6he: 14 cm<br \/>\nBreite: 8 cm<br \/>\nTiefe: 8 cm<br \/>\nFarbe: schwarz\/wei\u00df<br \/>\nInhalt: 50 ml<br \/>\nLagerbestand: 1 Lagerartikel<\/p>\n<h3>Spezifische Beschreibung:<\/h3>\n<p>Maximal 7 Buchstaben k\u00f6nnen auf dieser Urne bearbeitet werden<\/p>\n<h3>Definition:<\/h3>\n<h3>Diese kleine Glasurne eignet sich f\u00fcr einen kleinen Teil einer Ein\u00e4scherung, Asche,<\/h3>\n<p>Da die Urne handgefertigt ist, kann es immer wieder zu kleinen Luftblasen im Glas kommen und Farbt\u00f6ne k\u00f6nnen heller oder dunkler sein. Diese geh\u00f6rt zum Glas und entsteht bei der Herstellung der Urne.  Bei dieser Urne wird der Fluss von Wei\u00df und Schwarz anders sein als im Beispiel. 1 Foto zeigt Beispiele f\u00fcr diese Unterschiede. <\/p>\n<h3>Lieferung:<\/h3>\n<p>Nach Ihrer Bestellung werde ich mich mit Ihnen in Verbindung setzen, um zu erfahren, welcher Name auf der Urne angebracht werden darf. Wenn Sie im Voraus Fragen haben, senden Sie info@crematieasinglas.nl bitte eine E-Mail oder besuchen Sie unsere Website: <a href=\"https:\/\/crematieasinglas.nl\">Website crematieasinglas.nl<\/a> <\/p>\n","protected":false},"excerpt":{"rendered":"<p>Urne f\u00fcr Tiere<\/p>\n","protected":false},"featured_media":16188,"comment_status":"closed","ping_status":"open","template":"","meta":[],"product_brand":[],"product_cat":[737,884],"product_tag":[],"class_list":{"0":"post-19704","1":"product","2":"type-product","3":"status-publish","4":"has-post-thumbnail","6":"product_cat-urnen-de","7":"product_cat-urnen-fur-tiere-dru-7000","8":"pa_inhoud-50-ml-de-2","9":"pa_kleur-schwarz-weis","11":"first","12":"instock","13":"purchasable","14":"product-type-simple"},"yoast_head":"<!-- This site is optimized with the Yoast SEO Premium plugin v27.5 (Yoast SEO v27.5) - https:\/\/yoast.com\/product\/yoast-seo-premium-wordpress\/ -->\n<title>DRU7001 | Urne f\u00fcr Tiere - Winkel voor Crematie-as in glas<\/title>\n<meta name=\"description\" content=\"Urne f\u00fcr Tiere\" \/>\n<meta name=\"robots\" content=\"index, follow, max-snippet:-1, max-image-preview:large, max-video-preview:-1\" \/>\n<link rel=\"canonical\" href=\"https:\/\/crematieasinglas.nl\/produkt\/dru7001-urn-voor-dieren\/\" \/>\n<meta property=\"og:locale\" content=\"de_DE\" \/>\n<meta property=\"og:type\" content=\"article\" \/>\n<meta property=\"og:title\" content=\"DRU7001 | Urne f\u00fcr Tiere\" \/>\n<meta property=\"og:description\" content=\"Urne f\u00fcr Tiere\" \/>\n<meta property=\"og:url\" content=\"https:\/\/crematieasinglas.nl\/produkt\/dru7001-urn-voor-dieren\/\" \/>\n<meta property=\"og:site_name\" content=\"Winkel voor Crematie-as in glas\" \/>\n<meta property=\"og:image\" content=\"https:\/\/crematieasinglas.nl\/wp-content\/uploads\/2025\/02\/crematie-as-urn-dieren-glas-50ml-zwart-wit-1-dru7001.jpg\" \/>\n\t<meta property=\"og:image:width\" content=\"682\" \/>\n\t<meta property=\"og:image:height\" content=\"1024\" \/>\n\t<meta property=\"og:image:type\" content=\"image\/jpeg\" \/>\n<meta name=\"twitter:card\" content=\"summary_large_image\" \/>\n<meta name=\"twitter:label1\" content=\"Gesch\u00e4tzte Lesezeit\" \/>\n\t<meta name=\"twitter:data1\" content=\"1\u00a0Minute\" \/>\n<script type=\"application\/ld+json\" class=\"yoast-schema-graph\">{\"@context\":\"https:\\\/\\\/schema.org\",\"@graph\":[{\"@type\":\"WebPage\",\"@id\":\"https:\\\/\\\/crematieasinglas.nl\\\/produkt\\\/dru7001-urn-voor-dieren\\\/\",\"url\":\"https:\\\/\\\/crematieasinglas.nl\\\/produkt\\\/dru7001-urn-voor-dieren\\\/\",\"name\":\"DRU7001 | Urne f\u00fcr Tiere - Winkel voor Crematie-as in glas\",\"isPartOf\":{\"@id\":\"https:\\\/\\\/crematieasinglas.nl\\\/#website\"},\"primaryImageOfPage\":{\"@id\":\"https:\\\/\\\/crematieasinglas.nl\\\/produkt\\\/dru7001-urn-voor-dieren\\\/#primaryimage\"},\"image\":{\"@id\":\"https:\\\/\\\/crematieasinglas.nl\\\/produkt\\\/dru7001-urn-voor-dieren\\\/#primaryimage\"},\"thumbnailUrl\":\"https:\\\/\\\/crematieasinglas.nl\\\/wp-content\\\/uploads\\\/2025\\\/02\\\/crematie-as-urn-dieren-glas-50ml-zwart-wit-1-dru7001.jpg\",\"datePublished\":\"2025-02-14T08:52:30+00:00\",\"description\":\"Urne f\u00fcr Tiere\",\"breadcrumb\":{\"@id\":\"https:\\\/\\\/crematieasinglas.nl\\\/produkt\\\/dru7001-urn-voor-dieren\\\/#breadcrumb\"},\"inLanguage\":\"de\",\"potentialAction\":[{\"@type\":\"ReadAction\",\"target\":[\"https:\\\/\\\/crematieasinglas.nl\\\/produkt\\\/dru7001-urn-voor-dieren\\\/\"]}]},{\"@type\":\"ImageObject\",\"inLanguage\":\"de\",\"@id\":\"https:\\\/\\\/crematieasinglas.nl\\\/produkt\\\/dru7001-urn-voor-dieren\\\/#primaryimage\",\"url\":\"https:\\\/\\\/crematieasinglas.nl\\\/wp-content\\\/uploads\\\/2025\\\/02\\\/crematie-as-urn-dieren-glas-50ml-zwart-wit-1-dru7001.jpg\",\"contentUrl\":\"https:\\\/\\\/crematieasinglas.nl\\\/wp-content\\\/uploads\\\/2025\\\/02\\\/crematie-as-urn-dieren-glas-50ml-zwart-wit-1-dru7001.jpg\",\"width\":682,\"height\":1024},{\"@type\":\"BreadcrumbList\",\"@id\":\"https:\\\/\\\/crematieasinglas.nl\\\/produkt\\\/dru7001-urn-voor-dieren\\\/#breadcrumb\",\"itemListElement\":[{\"@type\":\"ListItem\",\"position\":1,\"name\":\"Home\",\"item\":\"https:\\\/\\\/crematieasinglas.nl\\\/\"},{\"@type\":\"ListItem\",\"position\":2,\"name\":\"Shop\",\"item\":\"https:\\\/\\\/crematieasinglas.nl\\\/de\\\/shop\\\/\"},{\"@type\":\"ListItem\",\"position\":3,\"name\":\"DRU7001 | Urne f\u00fcr Tiere\"}]},{\"@type\":\"WebSite\",\"@id\":\"https:\\\/\\\/crematieasinglas.nl\\\/#website\",\"url\":\"https:\\\/\\\/crematieasinglas.nl\\\/\",\"name\":\"Winkel voor Crematie-as in glas\",\"description\":\"Een winkel voor crematieasinglas.nl\",\"publisher\":{\"@id\":\"https:\\\/\\\/crematieasinglas.nl\\\/#organization\"},\"potentialAction\":[{\"@type\":\"SearchAction\",\"target\":{\"@type\":\"EntryPoint\",\"urlTemplate\":\"https:\\\/\\\/crematieasinglas.nl\\\/?s={search_term_string}\"},\"query-input\":{\"@type\":\"PropertyValueSpecification\",\"valueRequired\":true,\"valueName\":\"search_term_string\"}}],\"inLanguage\":\"de\"},{\"@type\":\"Organization\",\"@id\":\"https:\\\/\\\/crematieasinglas.nl\\\/#organization\",\"name\":\"Dierbaarasinglas.nl\",\"alternateName\":\"Crematieasinglas.nl\",\"url\":\"https:\\\/\\\/crematieasinglas.nl\\\/\",\"logo\":{\"@type\":\"ImageObject\",\"inLanguage\":\"de\",\"@id\":\"https:\\\/\\\/crematieasinglas.nl\\\/#\\\/schema\\\/logo\\\/image\\\/\",\"url\":\"https:\\\/\\\/crematieasinglas.nl\\\/wp-content\\\/uploads\\\/2024\\\/10\\\/logo-02-playfair-googlefont-met-hartje-02.png\",\"contentUrl\":\"https:\\\/\\\/crematieasinglas.nl\\\/wp-content\\\/uploads\\\/2024\\\/10\\\/logo-02-playfair-googlefont-met-hartje-02.png\",\"width\":582,\"height\":136,\"caption\":\"Dierbaarasinglas.nl\"},\"image\":{\"@id\":\"https:\\\/\\\/crematieasinglas.nl\\\/#\\\/schema\\\/logo\\\/image\\\/\"}}]}<\/script>\n<!-- \/ Yoast SEO Premium plugin. -->","yoast_head_json":{"title":"DRU7001 | Urne f\u00fcr Tiere - Winkel voor Crematie-as in glas","description":"Urne f\u00fcr Tiere","robots":{"index":"index","follow":"follow","max-snippet":"max-snippet:-1","max-image-preview":"max-image-preview:large","max-video-preview":"max-video-preview:-1"},"canonical":"https:\/\/crematieasinglas.nl\/produkt\/dru7001-urn-voor-dieren\/","og_locale":"de_DE","og_type":"article","og_title":"DRU7001 | Urne f\u00fcr Tiere","og_description":"Urne f\u00fcr Tiere","og_url":"https:\/\/crematieasinglas.nl\/produkt\/dru7001-urn-voor-dieren\/","og_site_name":"Winkel voor Crematie-as in glas","og_image":[{"width":682,"height":1024,"url":"https:\/\/crematieasinglas.nl\/wp-content\/uploads\/2025\/02\/crematie-as-urn-dieren-glas-50ml-zwart-wit-1-dru7001.jpg","type":"image\/jpeg"}],"twitter_card":"summary_large_image","twitter_misc":{"Gesch\u00e4tzte Lesezeit":"1\u00a0Minute"},"schema":{"@context":"https:\/\/schema.org","@graph":[{"@type":"WebPage","@id":"https:\/\/crematieasinglas.nl\/produkt\/dru7001-urn-voor-dieren\/","url":"https:\/\/crematieasinglas.nl\/produkt\/dru7001-urn-voor-dieren\/","name":"DRU7001 | Urne f\u00fcr Tiere - Winkel voor Crematie-as in glas","isPartOf":{"@id":"https:\/\/crematieasinglas.nl\/#website"},"primaryImageOfPage":{"@id":"https:\/\/crematieasinglas.nl\/produkt\/dru7001-urn-voor-dieren\/#primaryimage"},"image":{"@id":"https:\/\/crematieasinglas.nl\/produkt\/dru7001-urn-voor-dieren\/#primaryimage"},"thumbnailUrl":"https:\/\/crematieasinglas.nl\/wp-content\/uploads\/2025\/02\/crematie-as-urn-dieren-glas-50ml-zwart-wit-1-dru7001.jpg","datePublished":"2025-02-14T08:52:30+00:00","description":"Urne f\u00fcr Tiere","breadcrumb":{"@id":"https:\/\/crematieasinglas.nl\/produkt\/dru7001-urn-voor-dieren\/#breadcrumb"},"inLanguage":"de","potentialAction":[{"@type":"ReadAction","target":["https:\/\/crematieasinglas.nl\/produkt\/dru7001-urn-voor-dieren\/"]}]},{"@type":"ImageObject","inLanguage":"de","@id":"https:\/\/crematieasinglas.nl\/produkt\/dru7001-urn-voor-dieren\/#primaryimage","url":"https:\/\/crematieasinglas.nl\/wp-content\/uploads\/2025\/02\/crematie-as-urn-dieren-glas-50ml-zwart-wit-1-dru7001.jpg","contentUrl":"https:\/\/crematieasinglas.nl\/wp-content\/uploads\/2025\/02\/crematie-as-urn-dieren-glas-50ml-zwart-wit-1-dru7001.jpg","width":682,"height":1024},{"@type":"BreadcrumbList","@id":"https:\/\/crematieasinglas.nl\/produkt\/dru7001-urn-voor-dieren\/#breadcrumb","itemListElement":[{"@type":"ListItem","position":1,"name":"Home","item":"https:\/\/crematieasinglas.nl\/"},{"@type":"ListItem","position":2,"name":"Shop","item":"https:\/\/crematieasinglas.nl\/de\/shop\/"},{"@type":"ListItem","position":3,"name":"DRU7001 | Urne f\u00fcr Tiere"}]},{"@type":"WebSite","@id":"https:\/\/crematieasinglas.nl\/#website","url":"https:\/\/crematieasinglas.nl\/","name":"Winkel voor Crematie-as in glas","description":"Een winkel voor crematieasinglas.nl","publisher":{"@id":"https:\/\/crematieasinglas.nl\/#organization"},"potentialAction":[{"@type":"SearchAction","target":{"@type":"EntryPoint","urlTemplate":"https:\/\/crematieasinglas.nl\/?s={search_term_string}"},"query-input":{"@type":"PropertyValueSpecification","valueRequired":true,"valueName":"search_term_string"}}],"inLanguage":"de"},{"@type":"Organization","@id":"https:\/\/crematieasinglas.nl\/#organization","name":"Dierbaarasinglas.nl","alternateName":"Crematieasinglas.nl","url":"https:\/\/crematieasinglas.nl\/","logo":{"@type":"ImageObject","inLanguage":"de","@id":"https:\/\/crematieasinglas.nl\/#\/schema\/logo\/image\/","url":"https:\/\/crematieasinglas.nl\/wp-content\/uploads\/2024\/10\/logo-02-playfair-googlefont-met-hartje-02.png","contentUrl":"https:\/\/crematieasinglas.nl\/wp-content\/uploads\/2024\/10\/logo-02-playfair-googlefont-met-hartje-02.png","width":582,"height":136,"caption":"Dierbaarasinglas.nl"},"image":{"@id":"https:\/\/crematieasinglas.nl\/#\/schema\/logo\/image\/"}}]}},"_links":{"self":[{"href":"https:\/\/crematieasinglas.nl\/de\/wp-json\/wp\/v2\/product\/19704","targetHints":{"allow":["GET"]}}],"collection":[{"href":"https:\/\/crematieasinglas.nl\/de\/wp-json\/wp\/v2\/product"}],"about":[{"href":"https:\/\/crematieasinglas.nl\/de\/wp-json\/wp\/v2\/types\/product"}],"replies":[{"embeddable":true,"href":"https:\/\/crematieasinglas.nl\/de\/wp-json\/wp\/v2\/comments?post=19704"}],"wp:featuredmedia":[{"embeddable":true,"href":"https:\/\/crematieasinglas.nl\/de\/wp-json\/wp\/v2\/media\/16188"}],"wp:attachment":[{"href":"https:\/\/crematieasinglas.nl\/de\/wp-json\/wp\/v2\/media?parent=19704"}],"wp:term":[{"taxonomy":"product_brand","embeddable":true,"href":"https:\/\/crematieasinglas.nl\/de\/wp-json\/wp\/v2\/product_brand?post=19704"},{"taxonomy":"product_cat","embeddable":true,"href":"https:\/\/crematieasinglas.nl\/de\/wp-json\/wp\/v2\/product_cat?post=19704"},{"taxonomy":"product_tag","embeddable":true,"href":"https:\/\/crematieasinglas.nl\/de\/wp-json\/wp\/v2\/product_tag?post=19704"}],"curies":[{"name":"wp","href":"https:\/\/api.w.org\/{rel}","templated":true}]}}