{"id":19684,"date":"2025-02-21T18:48:39","date_gmt":"2025-02-21T18:48:39","guid":{"rendered":"https:\/\/ebdxvyckeo.onrocket.site\/product\/gu2023-orchidee-triefende-urne\/"},"modified":"2025-02-21T18:48:39","modified_gmt":"2025-02-21T18:48:39","slug":"gu2023-orchidee-triefende-urne","status":"publish","type":"product","link":"https:\/\/crematieasinglas.nl\/de\/produkt\/gu2023-orchidee-triefende-urne\/","title":{"rendered":"GU2023 | Orchidee triefende Urne"},"content":{"rendered":"<p>Artikelnummer: GU2023<br \/>\nKollektion: Urnen<br \/>\nKategorie: Urnen Glas personalisiert | GU 2000<\/p>\n<h2>Lieferung:  <\/p>\n<h3>8 Arbeitstage (2 Wochen)<\/h3>\n<\/h2>\n<h2>Information:<\/h2>\n<p>H\u00f6he: 12cm<br \/>\nBreite: 8 cm<br \/>\nTiefe: 8 cm<br \/>\nFarbe: transparent, rot und gr\u00fcn<br \/>\nInhalt: 5ml<br \/>\nLagerbestand: 1 Lagerartikel<br \/>\nUrne zum Selbstbef\u00fcllen: nach Wahl, in Absprache<\/p>\n<h3>Definition:<\/h3>\n<p>Tropfkanne aus transparentem Glas. Die Asche der Feuerbestattung wird in hohle, geblasene St\u00e4ngel von Orchideen gelegt. Die Asche wird daher NICHT in das Glas geblasen, sondern lose in die hohlen Stiele gelegt. In der Urne wurden rote Orchideen mit durchsichtigen Stielen gebastelt. Es ist m\u00f6glich, farbige kleine Glask\u00f6rner entlang der Asche hinzuzuf\u00fcgen, um den Stielen mehr Farbe zu verleihen. Beachten Sie, dass das Beispielfoto zeigt, dass gr\u00fcnes Glasgranulat in die transparenten Stiele eingearbeitet wurde.     <\/p>\n<h3>Lieferung:<\/h3>\n<p>Nach Ihrer Bestellung melde ich mich bei Ihnen, ob Sie die Urne selbst zu Hause bef\u00fcllen m\u00f6chten oder ob die Urne von mir bef\u00fcllt werden kann, wobei Sie mir ein paar Teel\u00f6ffel Ein\u00e4scherungsasche schicken\/bringen k\u00f6nnen. Wenn Sie vorab Fragen haben, k\u00f6nnen Sie sich gerne per Mail an info@crematieasinglas.nl oder auf unsere Website wenden: <a href=\"https:\/\/crematieasinglas.nl\">Website crematieasinglas.nl<\/a> <\/p>\n<p>:<\/p>\n","protected":false},"excerpt":{"rendered":"<p>Tropfkanne aus transparentem Glas. Die Asche der Feuerbestattung wird lose in hohle, geblasene St\u00e4ngel von Orchideen gelegt. Die Asche wird daher NICHT in das Glas geblasen, sondern lose in die hohlen Stiele gelegt.  <\/p>\n","protected":false},"featured_media":16884,"comment_status":"closed","ping_status":"open","template":"","meta":[],"product_brand":[],"product_cat":[737,864],"product_tag":[],"class_list":{"0":"post-19684","1":"product","2":"type-product","3":"status-publish","4":"has-post-thumbnail","6":"product_cat-urnen-de","7":"product_cat-urnen-glas-personalisiert-gu-2000","8":"pa_inhoud-5ml-de","9":"pa_kleur-transparent-rot-und-grun","11":"first","12":"instock","13":"taxable","14":"shipping-taxable","15":"purchasable","16":"product-type-simple"},"yoast_head":"<!-- This site is optimized with the Yoast SEO Premium plugin v27.5 (Yoast SEO v27.5) - https:\/\/yoast.com\/product\/yoast-seo-premium-wordpress\/ -->\n<title>GU2023 | Orchidee triefende Urne - Winkel voor Crematie-as in glas<\/title>\n<meta name=\"description\" content=\"Tropfkanne aus transparentem Glas. Die Asche der Feuerbestattung wird lose in hohle, geblasene St\u00e4ngel von Orchideen gelegt. Die Asche wird daher NICHT in das Glas geblasen, sondern lose in die hohlen Stiele gelegt.\" \/>\n<meta name=\"robots\" content=\"index, follow, max-snippet:-1, max-image-preview:large, max-video-preview:-1\" \/>\n<link rel=\"canonical\" href=\"https:\/\/crematieasinglas.nl\/produkt\/gu2023-druppelurn-met-orchideeen\/\" \/>\n<meta property=\"og:locale\" content=\"de_DE\" \/>\n<meta property=\"og:type\" content=\"article\" \/>\n<meta property=\"og:title\" content=\"GU2023 | Orchidee triefende Urne\" \/>\n<meta property=\"og:description\" content=\"Tropfkanne aus transparentem Glas. Die Asche der Feuerbestattung wird lose in hohle, geblasene St\u00e4ngel von Orchideen gelegt. Die Asche wird daher NICHT in das Glas geblasen, sondern lose in die hohlen Stiele gelegt.\" \/>\n<meta property=\"og:url\" content=\"https:\/\/crematieasinglas.nl\/produkt\/gu2023-druppelurn-met-orchideeen\/\" \/>\n<meta property=\"og:site_name\" content=\"Winkel voor Crematie-as in glas\" \/>\n<meta property=\"og:image\" content=\"https:\/\/crematieasinglas.nl\/wp-content\/uploads\/2025\/02\/crematie-as-urn-glas-vast-8werkdagen-urn-orchidee-rood-as-los-in-glas-1-cvu3016.jpg\" \/>\n\t<meta property=\"og:image:width\" content=\"1333\" \/>\n\t<meta property=\"og:image:height\" content=\"2000\" \/>\n\t<meta property=\"og:image:type\" content=\"image\/jpeg\" \/>\n<meta name=\"twitter:card\" content=\"summary_large_image\" \/>\n<meta name=\"twitter:label1\" content=\"Gesch\u00e4tzte Lesezeit\" \/>\n\t<meta name=\"twitter:data1\" content=\"1\u00a0Minute\" \/>\n<script type=\"application\/ld+json\" class=\"yoast-schema-graph\">{\"@context\":\"https:\\\/\\\/schema.org\",\"@graph\":[{\"@type\":\"WebPage\",\"@id\":\"https:\\\/\\\/crematieasinglas.nl\\\/produkt\\\/gu2023-druppelurn-met-orchideeen\\\/\",\"url\":\"https:\\\/\\\/crematieasinglas.nl\\\/produkt\\\/gu2023-druppelurn-met-orchideeen\\\/\",\"name\":\"GU2023 | Orchidee triefende Urne - Winkel voor Crematie-as in glas\",\"isPartOf\":{\"@id\":\"https:\\\/\\\/crematieasinglas.nl\\\/#website\"},\"primaryImageOfPage\":{\"@id\":\"https:\\\/\\\/crematieasinglas.nl\\\/produkt\\\/gu2023-druppelurn-met-orchideeen\\\/#primaryimage\"},\"image\":{\"@id\":\"https:\\\/\\\/crematieasinglas.nl\\\/produkt\\\/gu2023-druppelurn-met-orchideeen\\\/#primaryimage\"},\"thumbnailUrl\":\"https:\\\/\\\/crematieasinglas.nl\\\/wp-content\\\/uploads\\\/2025\\\/02\\\/crematie-as-urn-glas-vast-8werkdagen-urn-orchidee-rood-as-los-in-glas-1-cvu3016.jpg\",\"datePublished\":\"2025-02-21T18:48:39+00:00\",\"description\":\"Tropfkanne aus transparentem Glas. Die Asche der Feuerbestattung wird lose in hohle, geblasene St\u00e4ngel von Orchideen gelegt. Die Asche wird daher NICHT in das Glas geblasen, sondern lose in die hohlen Stiele gelegt.\",\"breadcrumb\":{\"@id\":\"https:\\\/\\\/crematieasinglas.nl\\\/produkt\\\/gu2023-druppelurn-met-orchideeen\\\/#breadcrumb\"},\"inLanguage\":\"de\",\"potentialAction\":[{\"@type\":\"ReadAction\",\"target\":[\"https:\\\/\\\/crematieasinglas.nl\\\/produkt\\\/gu2023-druppelurn-met-orchideeen\\\/\"]}]},{\"@type\":\"ImageObject\",\"inLanguage\":\"de\",\"@id\":\"https:\\\/\\\/crematieasinglas.nl\\\/produkt\\\/gu2023-druppelurn-met-orchideeen\\\/#primaryimage\",\"url\":\"https:\\\/\\\/crematieasinglas.nl\\\/wp-content\\\/uploads\\\/2025\\\/02\\\/crematie-as-urn-glas-vast-8werkdagen-urn-orchidee-rood-as-los-in-glas-1-cvu3016.jpg\",\"contentUrl\":\"https:\\\/\\\/crematieasinglas.nl\\\/wp-content\\\/uploads\\\/2025\\\/02\\\/crematie-as-urn-glas-vast-8werkdagen-urn-orchidee-rood-as-los-in-glas-1-cvu3016.jpg\",\"width\":1333,\"height\":2000},{\"@type\":\"BreadcrumbList\",\"@id\":\"https:\\\/\\\/crematieasinglas.nl\\\/produkt\\\/gu2023-druppelurn-met-orchideeen\\\/#breadcrumb\",\"itemListElement\":[{\"@type\":\"ListItem\",\"position\":1,\"name\":\"Home\",\"item\":\"https:\\\/\\\/crematieasinglas.nl\\\/\"},{\"@type\":\"ListItem\",\"position\":2,\"name\":\"Shop\",\"item\":\"https:\\\/\\\/crematieasinglas.nl\\\/de\\\/shop\\\/\"},{\"@type\":\"ListItem\",\"position\":3,\"name\":\"GU2023 | Orchidee triefende Urne\"}]},{\"@type\":\"WebSite\",\"@id\":\"https:\\\/\\\/crematieasinglas.nl\\\/#website\",\"url\":\"https:\\\/\\\/crematieasinglas.nl\\\/\",\"name\":\"Winkel voor Crematie-as in glas\",\"description\":\"Een winkel voor crematieasinglas.nl\",\"publisher\":{\"@id\":\"https:\\\/\\\/crematieasinglas.nl\\\/#organization\"},\"potentialAction\":[{\"@type\":\"SearchAction\",\"target\":{\"@type\":\"EntryPoint\",\"urlTemplate\":\"https:\\\/\\\/crematieasinglas.nl\\\/?s={search_term_string}\"},\"query-input\":{\"@type\":\"PropertyValueSpecification\",\"valueRequired\":true,\"valueName\":\"search_term_string\"}}],\"inLanguage\":\"de\"},{\"@type\":\"Organization\",\"@id\":\"https:\\\/\\\/crematieasinglas.nl\\\/#organization\",\"name\":\"Dierbaarasinglas.nl\",\"alternateName\":\"Crematieasinglas.nl\",\"url\":\"https:\\\/\\\/crematieasinglas.nl\\\/\",\"logo\":{\"@type\":\"ImageObject\",\"inLanguage\":\"de\",\"@id\":\"https:\\\/\\\/crematieasinglas.nl\\\/#\\\/schema\\\/logo\\\/image\\\/\",\"url\":\"https:\\\/\\\/crematieasinglas.nl\\\/wp-content\\\/uploads\\\/2024\\\/10\\\/logo-02-playfair-googlefont-met-hartje-02.png\",\"contentUrl\":\"https:\\\/\\\/crematieasinglas.nl\\\/wp-content\\\/uploads\\\/2024\\\/10\\\/logo-02-playfair-googlefont-met-hartje-02.png\",\"width\":582,\"height\":136,\"caption\":\"Dierbaarasinglas.nl\"},\"image\":{\"@id\":\"https:\\\/\\\/crematieasinglas.nl\\\/#\\\/schema\\\/logo\\\/image\\\/\"}}]}<\/script>\n<!-- \/ Yoast SEO Premium plugin. -->","yoast_head_json":{"title":"GU2023 | Orchidee triefende Urne - Winkel voor Crematie-as in glas","description":"Tropfkanne aus transparentem Glas. Die Asche der Feuerbestattung wird lose in hohle, geblasene St\u00e4ngel von Orchideen gelegt. Die Asche wird daher NICHT in das Glas geblasen, sondern lose in die hohlen Stiele gelegt.","robots":{"index":"index","follow":"follow","max-snippet":"max-snippet:-1","max-image-preview":"max-image-preview:large","max-video-preview":"max-video-preview:-1"},"canonical":"https:\/\/crematieasinglas.nl\/produkt\/gu2023-druppelurn-met-orchideeen\/","og_locale":"de_DE","og_type":"article","og_title":"GU2023 | Orchidee triefende Urne","og_description":"Tropfkanne aus transparentem Glas. Die Asche der Feuerbestattung wird lose in hohle, geblasene St\u00e4ngel von Orchideen gelegt. Die Asche wird daher NICHT in das Glas geblasen, sondern lose in die hohlen Stiele gelegt.","og_url":"https:\/\/crematieasinglas.nl\/produkt\/gu2023-druppelurn-met-orchideeen\/","og_site_name":"Winkel voor Crematie-as in glas","og_image":[{"width":1333,"height":2000,"url":"https:\/\/crematieasinglas.nl\/wp-content\/uploads\/2025\/02\/crematie-as-urn-glas-vast-8werkdagen-urn-orchidee-rood-as-los-in-glas-1-cvu3016.jpg","type":"image\/jpeg"}],"twitter_card":"summary_large_image","twitter_misc":{"Gesch\u00e4tzte Lesezeit":"1\u00a0Minute"},"schema":{"@context":"https:\/\/schema.org","@graph":[{"@type":"WebPage","@id":"https:\/\/crematieasinglas.nl\/produkt\/gu2023-druppelurn-met-orchideeen\/","url":"https:\/\/crematieasinglas.nl\/produkt\/gu2023-druppelurn-met-orchideeen\/","name":"GU2023 | Orchidee triefende Urne - Winkel voor Crematie-as in glas","isPartOf":{"@id":"https:\/\/crematieasinglas.nl\/#website"},"primaryImageOfPage":{"@id":"https:\/\/crematieasinglas.nl\/produkt\/gu2023-druppelurn-met-orchideeen\/#primaryimage"},"image":{"@id":"https:\/\/crematieasinglas.nl\/produkt\/gu2023-druppelurn-met-orchideeen\/#primaryimage"},"thumbnailUrl":"https:\/\/crematieasinglas.nl\/wp-content\/uploads\/2025\/02\/crematie-as-urn-glas-vast-8werkdagen-urn-orchidee-rood-as-los-in-glas-1-cvu3016.jpg","datePublished":"2025-02-21T18:48:39+00:00","description":"Tropfkanne aus transparentem Glas. Die Asche der Feuerbestattung wird lose in hohle, geblasene St\u00e4ngel von Orchideen gelegt. Die Asche wird daher NICHT in das Glas geblasen, sondern lose in die hohlen Stiele gelegt.","breadcrumb":{"@id":"https:\/\/crematieasinglas.nl\/produkt\/gu2023-druppelurn-met-orchideeen\/#breadcrumb"},"inLanguage":"de","potentialAction":[{"@type":"ReadAction","target":["https:\/\/crematieasinglas.nl\/produkt\/gu2023-druppelurn-met-orchideeen\/"]}]},{"@type":"ImageObject","inLanguage":"de","@id":"https:\/\/crematieasinglas.nl\/produkt\/gu2023-druppelurn-met-orchideeen\/#primaryimage","url":"https:\/\/crematieasinglas.nl\/wp-content\/uploads\/2025\/02\/crematie-as-urn-glas-vast-8werkdagen-urn-orchidee-rood-as-los-in-glas-1-cvu3016.jpg","contentUrl":"https:\/\/crematieasinglas.nl\/wp-content\/uploads\/2025\/02\/crematie-as-urn-glas-vast-8werkdagen-urn-orchidee-rood-as-los-in-glas-1-cvu3016.jpg","width":1333,"height":2000},{"@type":"BreadcrumbList","@id":"https:\/\/crematieasinglas.nl\/produkt\/gu2023-druppelurn-met-orchideeen\/#breadcrumb","itemListElement":[{"@type":"ListItem","position":1,"name":"Home","item":"https:\/\/crematieasinglas.nl\/"},{"@type":"ListItem","position":2,"name":"Shop","item":"https:\/\/crematieasinglas.nl\/de\/shop\/"},{"@type":"ListItem","position":3,"name":"GU2023 | Orchidee triefende Urne"}]},{"@type":"WebSite","@id":"https:\/\/crematieasinglas.nl\/#website","url":"https:\/\/crematieasinglas.nl\/","name":"Winkel voor Crematie-as in glas","description":"Een winkel voor crematieasinglas.nl","publisher":{"@id":"https:\/\/crematieasinglas.nl\/#organization"},"potentialAction":[{"@type":"SearchAction","target":{"@type":"EntryPoint","urlTemplate":"https:\/\/crematieasinglas.nl\/?s={search_term_string}"},"query-input":{"@type":"PropertyValueSpecification","valueRequired":true,"valueName":"search_term_string"}}],"inLanguage":"de"},{"@type":"Organization","@id":"https:\/\/crematieasinglas.nl\/#organization","name":"Dierbaarasinglas.nl","alternateName":"Crematieasinglas.nl","url":"https:\/\/crematieasinglas.nl\/","logo":{"@type":"ImageObject","inLanguage":"de","@id":"https:\/\/crematieasinglas.nl\/#\/schema\/logo\/image\/","url":"https:\/\/crematieasinglas.nl\/wp-content\/uploads\/2024\/10\/logo-02-playfair-googlefont-met-hartje-02.png","contentUrl":"https:\/\/crematieasinglas.nl\/wp-content\/uploads\/2024\/10\/logo-02-playfair-googlefont-met-hartje-02.png","width":582,"height":136,"caption":"Dierbaarasinglas.nl"},"image":{"@id":"https:\/\/crematieasinglas.nl\/#\/schema\/logo\/image\/"}}]}},"_links":{"self":[{"href":"https:\/\/crematieasinglas.nl\/de\/wp-json\/wp\/v2\/product\/19684","targetHints":{"allow":["GET"]}}],"collection":[{"href":"https:\/\/crematieasinglas.nl\/de\/wp-json\/wp\/v2\/product"}],"about":[{"href":"https:\/\/crematieasinglas.nl\/de\/wp-json\/wp\/v2\/types\/product"}],"replies":[{"embeddable":true,"href":"https:\/\/crematieasinglas.nl\/de\/wp-json\/wp\/v2\/comments?post=19684"}],"wp:featuredmedia":[{"embeddable":true,"href":"https:\/\/crematieasinglas.nl\/de\/wp-json\/wp\/v2\/media\/16884"}],"wp:attachment":[{"href":"https:\/\/crematieasinglas.nl\/de\/wp-json\/wp\/v2\/media?parent=19684"}],"wp:term":[{"taxonomy":"product_brand","embeddable":true,"href":"https:\/\/crematieasinglas.nl\/de\/wp-json\/wp\/v2\/product_brand?post=19684"},{"taxonomy":"product_cat","embeddable":true,"href":"https:\/\/crematieasinglas.nl\/de\/wp-json\/wp\/v2\/product_cat?post=19684"},{"taxonomy":"product_tag","embeddable":true,"href":"https:\/\/crematieasinglas.nl\/de\/wp-json\/wp\/v2\/product_tag?post=19684"}],"curies":[{"name":"wp","href":"https:\/\/api.w.org\/{rel}","templated":true}]}}