{"id":19680,"date":"2025-02-21T18:48:26","date_gmt":"2025-02-21T18:48:26","guid":{"rendered":"https:\/\/ebdxvyckeo.onrocket.site\/product\/ggu2012-lila-glasurne-personalisiert\/"},"modified":"2025-02-21T18:48:26","modified_gmt":"2025-02-21T18:48:26","slug":"ggu2012-lila-glasurne-personalisiert","status":"publish","type":"product","link":"https:\/\/crematieasinglas.nl\/de\/produkt\/ggu2012-lila-glasurne-personalisiert\/","title":{"rendered":"GGU2012 | Lila Glasurne personalisiert"},"content":{"rendered":"<p>Artikelnummer: GU2012<br \/>\nKollektion: Urnen<br \/>\nKategorie: Urnen Glas Personalisiert | GU 2000<\/p>\n<h2>Lieferung:  <\/p>\n<h3>8 Arbeitstage (2 Wochen)<\/h3>\n<\/h2>\n<h2>Information:<\/h2>\n<p>H\u00f6he: 14cm<br \/>\nBreite: 9cm<br \/>\nTiefe: 9cm<br \/>\nFarbe: lila<br \/>\nInhalt: 50ml<br \/>\nLagerbestand: 1 Lagerartikel<br \/>\nUrne zum selber bef\u00fcllen:: Ja, Anleitung ist im Lieferumfang enthalten<\/p>\n<h3>Definition:<\/h3>\n<h2>Urne aus lila Glas<\/h2>\n<p>Die Urne ist sandgestrahlt mit einem 1-Namen und Schmetterlingen.<br \/><strong>Bitte beachten Sie, dass sich der Schmetterling und die Urne in Bezug auf das Foto in der Farbintensit\u00e4t\/dem Farbverlauf unterscheiden k\u00f6nnen<\/strong> , da jede Urne handgefertigt und einzigartig ist. Eine F\u00fcllanleitung liegt der Urne bei. Diese Urne eignet sich f\u00fcr einen kleinen Teil einer Ein\u00e4scherung, die f\u00fcr die Asche bestimmt ist. Da die Urne diffus sandgestrahlt ist, ist die Asche in der Urne nicht sichtbar (au\u00dfer durch die gl\u00e4nzenden Linien der Silhouetten).<\/br><\/p>\n<h3>Lieferung:<\/h3>\n<p>Nach Ihrer Bestellung werde ich mich mit Ihnen in Verbindung setzen, um zu sehen, welcher Name auf der Urne sandgestrahlt werden darf. Auf dieser Urne kann ein Name von maximal 10 Buchstaben platziert werden. Wenn Sie vorab Fragen haben, k\u00f6nnen Sie sich gerne per Mail an info@crematieasinglas.nl oder auf unsere Website wenden: <a href=\"https:\/\/crematieasinglas.nl\">Website crematieasinglas.nl<\/a> <\/p>\n<p>:<\/p>\n","protected":false},"excerpt":{"rendered":"<p>Ein\u00e4scherung, Asche, Urne aus Glas und personalisiert nach Ihren W\u00fcnschen. Urne aus lila Glas <\/p>\n","protected":false},"featured_media":9726,"comment_status":"closed","ping_status":"closed","template":"","meta":[],"product_brand":[],"product_cat":[737,864],"product_tag":[],"class_list":{"0":"post-19680","1":"product","2":"type-product","3":"status-publish","4":"has-post-thumbnail","6":"product_cat-urnen-de","7":"product_cat-urnen-glas-personalisiert-gu-2000","8":"pa_inhoud-50-ml-de","9":"pa_kleur-lila-de","11":"first","12":"instock","13":"taxable","14":"shipping-taxable","15":"purchasable","16":"product-type-simple"},"yoast_head":"<!-- This site is optimized with the Yoast SEO Premium plugin v27.5 (Yoast SEO v27.5) - https:\/\/yoast.com\/product\/yoast-seo-premium-wordpress\/ -->\n<title>GGU2012 | Lila Glasurne personalisiert - Winkel voor Crematie-as in glas<\/title>\n<meta name=\"description\" content=\"Ein\u00e4scherung, Asche, Urne aus Glas und personalisiert nach Ihren W\u00fcnschen. Urne aus lila Glas\" \/>\n<meta name=\"robots\" content=\"index, follow, max-snippet:-1, max-image-preview:large, max-video-preview:-1\" \/>\n<link rel=\"canonical\" href=\"https:\/\/crematieasinglas.nl\/produkt\/gu2012-urntje-van-paars-glas-gepersonaliseerd\/\" \/>\n<meta property=\"og:locale\" content=\"de_DE\" \/>\n<meta property=\"og:type\" content=\"article\" \/>\n<meta property=\"og:title\" content=\"GGU2012 | Lila Glasurne personalisiert\" \/>\n<meta property=\"og:description\" content=\"Ein\u00e4scherung, Asche, Urne aus Glas und personalisiert nach Ihren W\u00fcnschen. Urne aus lila Glas\" \/>\n<meta property=\"og:url\" content=\"https:\/\/crematieasinglas.nl\/produkt\/gu2012-urntje-van-paars-glas-gepersonaliseerd\/\" \/>\n<meta property=\"og:site_name\" content=\"Winkel voor Crematie-as in glas\" \/>\n<meta property=\"og:image\" content=\"https:\/\/crematieasinglas.nl\/wp-content\/uploads\/2024\/10\/crematie-as-urn-glas-small-zandstraling-naam-vlinders-paars-1-gu2012.jpg\" \/>\n\t<meta property=\"og:image:width\" content=\"1280\" \/>\n\t<meta property=\"og:image:height\" content=\"1920\" \/>\n\t<meta property=\"og:image:type\" content=\"image\/jpeg\" \/>\n<meta name=\"twitter:card\" content=\"summary_large_image\" \/>\n<meta name=\"twitter:label1\" content=\"Gesch\u00e4tzte Lesezeit\" \/>\n\t<meta name=\"twitter:data1\" content=\"1\u00a0Minute\" \/>\n<script type=\"application\/ld+json\" class=\"yoast-schema-graph\">{\"@context\":\"https:\\\/\\\/schema.org\",\"@graph\":[{\"@type\":\"WebPage\",\"@id\":\"https:\\\/\\\/crematieasinglas.nl\\\/produkt\\\/gu2012-urntje-van-paars-glas-gepersonaliseerd\\\/\",\"url\":\"https:\\\/\\\/crematieasinglas.nl\\\/produkt\\\/gu2012-urntje-van-paars-glas-gepersonaliseerd\\\/\",\"name\":\"GGU2012 | Lila Glasurne personalisiert - Winkel voor Crematie-as in glas\",\"isPartOf\":{\"@id\":\"https:\\\/\\\/crematieasinglas.nl\\\/#website\"},\"primaryImageOfPage\":{\"@id\":\"https:\\\/\\\/crematieasinglas.nl\\\/produkt\\\/gu2012-urntje-van-paars-glas-gepersonaliseerd\\\/#primaryimage\"},\"image\":{\"@id\":\"https:\\\/\\\/crematieasinglas.nl\\\/produkt\\\/gu2012-urntje-van-paars-glas-gepersonaliseerd\\\/#primaryimage\"},\"thumbnailUrl\":\"https:\\\/\\\/crematieasinglas.nl\\\/wp-content\\\/uploads\\\/2024\\\/10\\\/crematie-as-urn-glas-small-zandstraling-naam-vlinders-paars-1-gu2012.jpg\",\"datePublished\":\"2025-02-21T18:48:26+00:00\",\"description\":\"Ein\u00e4scherung, Asche, Urne aus Glas und personalisiert nach Ihren W\u00fcnschen. Urne aus lila Glas\",\"breadcrumb\":{\"@id\":\"https:\\\/\\\/crematieasinglas.nl\\\/produkt\\\/gu2012-urntje-van-paars-glas-gepersonaliseerd\\\/#breadcrumb\"},\"inLanguage\":\"de\",\"potentialAction\":[{\"@type\":\"ReadAction\",\"target\":[\"https:\\\/\\\/crematieasinglas.nl\\\/produkt\\\/gu2012-urntje-van-paars-glas-gepersonaliseerd\\\/\"]}]},{\"@type\":\"ImageObject\",\"inLanguage\":\"de\",\"@id\":\"https:\\\/\\\/crematieasinglas.nl\\\/produkt\\\/gu2012-urntje-van-paars-glas-gepersonaliseerd\\\/#primaryimage\",\"url\":\"https:\\\/\\\/crematieasinglas.nl\\\/wp-content\\\/uploads\\\/2024\\\/10\\\/crematie-as-urn-glas-small-zandstraling-naam-vlinders-paars-1-gu2012.jpg\",\"contentUrl\":\"https:\\\/\\\/crematieasinglas.nl\\\/wp-content\\\/uploads\\\/2024\\\/10\\\/crematie-as-urn-glas-small-zandstraling-naam-vlinders-paars-1-gu2012.jpg\",\"width\":1280,\"height\":1920},{\"@type\":\"BreadcrumbList\",\"@id\":\"https:\\\/\\\/crematieasinglas.nl\\\/produkt\\\/gu2012-urntje-van-paars-glas-gepersonaliseerd\\\/#breadcrumb\",\"itemListElement\":[{\"@type\":\"ListItem\",\"position\":1,\"name\":\"Home\",\"item\":\"https:\\\/\\\/crematieasinglas.nl\\\/\"},{\"@type\":\"ListItem\",\"position\":2,\"name\":\"Shop\",\"item\":\"https:\\\/\\\/crematieasinglas.nl\\\/de\\\/shop\\\/\"},{\"@type\":\"ListItem\",\"position\":3,\"name\":\"GGU2012 | Lila Glasurne personalisiert\"}]},{\"@type\":\"WebSite\",\"@id\":\"https:\\\/\\\/crematieasinglas.nl\\\/#website\",\"url\":\"https:\\\/\\\/crematieasinglas.nl\\\/\",\"name\":\"Winkel voor Crematie-as in glas\",\"description\":\"Een winkel voor crematieasinglas.nl\",\"publisher\":{\"@id\":\"https:\\\/\\\/crematieasinglas.nl\\\/#organization\"},\"potentialAction\":[{\"@type\":\"SearchAction\",\"target\":{\"@type\":\"EntryPoint\",\"urlTemplate\":\"https:\\\/\\\/crematieasinglas.nl\\\/?s={search_term_string}\"},\"query-input\":{\"@type\":\"PropertyValueSpecification\",\"valueRequired\":true,\"valueName\":\"search_term_string\"}}],\"inLanguage\":\"de\"},{\"@type\":\"Organization\",\"@id\":\"https:\\\/\\\/crematieasinglas.nl\\\/#organization\",\"name\":\"Dierbaarasinglas.nl\",\"alternateName\":\"Crematieasinglas.nl\",\"url\":\"https:\\\/\\\/crematieasinglas.nl\\\/\",\"logo\":{\"@type\":\"ImageObject\",\"inLanguage\":\"de\",\"@id\":\"https:\\\/\\\/crematieasinglas.nl\\\/#\\\/schema\\\/logo\\\/image\\\/\",\"url\":\"https:\\\/\\\/crematieasinglas.nl\\\/wp-content\\\/uploads\\\/2024\\\/10\\\/logo-02-playfair-googlefont-met-hartje-02.png\",\"contentUrl\":\"https:\\\/\\\/crematieasinglas.nl\\\/wp-content\\\/uploads\\\/2024\\\/10\\\/logo-02-playfair-googlefont-met-hartje-02.png\",\"width\":582,\"height\":136,\"caption\":\"Dierbaarasinglas.nl\"},\"image\":{\"@id\":\"https:\\\/\\\/crematieasinglas.nl\\\/#\\\/schema\\\/logo\\\/image\\\/\"}}]}<\/script>\n<!-- \/ Yoast SEO Premium plugin. -->","yoast_head_json":{"title":"GGU2012 | Lila Glasurne personalisiert - Winkel voor Crematie-as in glas","description":"Ein\u00e4scherung, Asche, Urne aus Glas und personalisiert nach Ihren W\u00fcnschen. Urne aus lila Glas","robots":{"index":"index","follow":"follow","max-snippet":"max-snippet:-1","max-image-preview":"max-image-preview:large","max-video-preview":"max-video-preview:-1"},"canonical":"https:\/\/crematieasinglas.nl\/produkt\/gu2012-urntje-van-paars-glas-gepersonaliseerd\/","og_locale":"de_DE","og_type":"article","og_title":"GGU2012 | Lila Glasurne personalisiert","og_description":"Ein\u00e4scherung, Asche, Urne aus Glas und personalisiert nach Ihren W\u00fcnschen. Urne aus lila Glas","og_url":"https:\/\/crematieasinglas.nl\/produkt\/gu2012-urntje-van-paars-glas-gepersonaliseerd\/","og_site_name":"Winkel voor Crematie-as in glas","og_image":[{"width":1280,"height":1920,"url":"https:\/\/crematieasinglas.nl\/wp-content\/uploads\/2024\/10\/crematie-as-urn-glas-small-zandstraling-naam-vlinders-paars-1-gu2012.jpg","type":"image\/jpeg"}],"twitter_card":"summary_large_image","twitter_misc":{"Gesch\u00e4tzte Lesezeit":"1\u00a0Minute"},"schema":{"@context":"https:\/\/schema.org","@graph":[{"@type":"WebPage","@id":"https:\/\/crematieasinglas.nl\/produkt\/gu2012-urntje-van-paars-glas-gepersonaliseerd\/","url":"https:\/\/crematieasinglas.nl\/produkt\/gu2012-urntje-van-paars-glas-gepersonaliseerd\/","name":"GGU2012 | Lila Glasurne personalisiert - Winkel voor Crematie-as in glas","isPartOf":{"@id":"https:\/\/crematieasinglas.nl\/#website"},"primaryImageOfPage":{"@id":"https:\/\/crematieasinglas.nl\/produkt\/gu2012-urntje-van-paars-glas-gepersonaliseerd\/#primaryimage"},"image":{"@id":"https:\/\/crematieasinglas.nl\/produkt\/gu2012-urntje-van-paars-glas-gepersonaliseerd\/#primaryimage"},"thumbnailUrl":"https:\/\/crematieasinglas.nl\/wp-content\/uploads\/2024\/10\/crematie-as-urn-glas-small-zandstraling-naam-vlinders-paars-1-gu2012.jpg","datePublished":"2025-02-21T18:48:26+00:00","description":"Ein\u00e4scherung, Asche, Urne aus Glas und personalisiert nach Ihren W\u00fcnschen. Urne aus lila Glas","breadcrumb":{"@id":"https:\/\/crematieasinglas.nl\/produkt\/gu2012-urntje-van-paars-glas-gepersonaliseerd\/#breadcrumb"},"inLanguage":"de","potentialAction":[{"@type":"ReadAction","target":["https:\/\/crematieasinglas.nl\/produkt\/gu2012-urntje-van-paars-glas-gepersonaliseerd\/"]}]},{"@type":"ImageObject","inLanguage":"de","@id":"https:\/\/crematieasinglas.nl\/produkt\/gu2012-urntje-van-paars-glas-gepersonaliseerd\/#primaryimage","url":"https:\/\/crematieasinglas.nl\/wp-content\/uploads\/2024\/10\/crematie-as-urn-glas-small-zandstraling-naam-vlinders-paars-1-gu2012.jpg","contentUrl":"https:\/\/crematieasinglas.nl\/wp-content\/uploads\/2024\/10\/crematie-as-urn-glas-small-zandstraling-naam-vlinders-paars-1-gu2012.jpg","width":1280,"height":1920},{"@type":"BreadcrumbList","@id":"https:\/\/crematieasinglas.nl\/produkt\/gu2012-urntje-van-paars-glas-gepersonaliseerd\/#breadcrumb","itemListElement":[{"@type":"ListItem","position":1,"name":"Home","item":"https:\/\/crematieasinglas.nl\/"},{"@type":"ListItem","position":2,"name":"Shop","item":"https:\/\/crematieasinglas.nl\/de\/shop\/"},{"@type":"ListItem","position":3,"name":"GGU2012 | Lila Glasurne personalisiert"}]},{"@type":"WebSite","@id":"https:\/\/crematieasinglas.nl\/#website","url":"https:\/\/crematieasinglas.nl\/","name":"Winkel voor Crematie-as in glas","description":"Een winkel voor crematieasinglas.nl","publisher":{"@id":"https:\/\/crematieasinglas.nl\/#organization"},"potentialAction":[{"@type":"SearchAction","target":{"@type":"EntryPoint","urlTemplate":"https:\/\/crematieasinglas.nl\/?s={search_term_string}"},"query-input":{"@type":"PropertyValueSpecification","valueRequired":true,"valueName":"search_term_string"}}],"inLanguage":"de"},{"@type":"Organization","@id":"https:\/\/crematieasinglas.nl\/#organization","name":"Dierbaarasinglas.nl","alternateName":"Crematieasinglas.nl","url":"https:\/\/crematieasinglas.nl\/","logo":{"@type":"ImageObject","inLanguage":"de","@id":"https:\/\/crematieasinglas.nl\/#\/schema\/logo\/image\/","url":"https:\/\/crematieasinglas.nl\/wp-content\/uploads\/2024\/10\/logo-02-playfair-googlefont-met-hartje-02.png","contentUrl":"https:\/\/crematieasinglas.nl\/wp-content\/uploads\/2024\/10\/logo-02-playfair-googlefont-met-hartje-02.png","width":582,"height":136,"caption":"Dierbaarasinglas.nl"},"image":{"@id":"https:\/\/crematieasinglas.nl\/#\/schema\/logo\/image\/"}}]}},"_links":{"self":[{"href":"https:\/\/crematieasinglas.nl\/de\/wp-json\/wp\/v2\/product\/19680","targetHints":{"allow":["GET"]}}],"collection":[{"href":"https:\/\/crematieasinglas.nl\/de\/wp-json\/wp\/v2\/product"}],"about":[{"href":"https:\/\/crematieasinglas.nl\/de\/wp-json\/wp\/v2\/types\/product"}],"replies":[{"embeddable":true,"href":"https:\/\/crematieasinglas.nl\/de\/wp-json\/wp\/v2\/comments?post=19680"}],"wp:featuredmedia":[{"embeddable":true,"href":"https:\/\/crematieasinglas.nl\/de\/wp-json\/wp\/v2\/media\/9726"}],"wp:attachment":[{"href":"https:\/\/crematieasinglas.nl\/de\/wp-json\/wp\/v2\/media?parent=19680"}],"wp:term":[{"taxonomy":"product_brand","embeddable":true,"href":"https:\/\/crematieasinglas.nl\/de\/wp-json\/wp\/v2\/product_brand?post=19680"},{"taxonomy":"product_cat","embeddable":true,"href":"https:\/\/crematieasinglas.nl\/de\/wp-json\/wp\/v2\/product_cat?post=19680"},{"taxonomy":"product_tag","embeddable":true,"href":"https:\/\/crematieasinglas.nl\/de\/wp-json\/wp\/v2\/product_tag?post=19680"}],"curies":[{"name":"wp","href":"https:\/\/api.w.org\/{rel}","templated":true}]}}