{"id":19675,"date":"2025-02-21T18:48:26","date_gmt":"2025-02-21T18:48:26","guid":{"rendered":"https:\/\/ebdxvyckeo.onrocket.site\/product\/gu2014-blaue-glasurne-personalisiert\/"},"modified":"2025-02-21T18:48:26","modified_gmt":"2025-02-21T18:48:26","slug":"gu2014-blaue-glasurne-personalisiert","status":"publish","type":"product","link":"https:\/\/crematieasinglas.nl\/de\/produkt\/gu2014-blaue-glasurne-personalisiert\/","title":{"rendered":"GU2014 | Blaue Glasurne personalisiert"},"content":{"rendered":"<p>Artikelnummer: GU2014<br \/>\nKollektion: Urnen<br \/>\nKategorie: Urnen Glas personalisiert | GU 2000<\/p>\n<h2>Lieferung:  <\/p>\n<h3>8 Arbeitstage (2 Wochen)<\/h3>\n<\/h2>\n<h2>Information:<\/h2>\n<p>H\u00f6he: 14cm<br \/>\nBreite: 9cm<br \/>\nTiefe: 9cm<br \/>\nFarbe: blau<br \/>\nInhalt: 50ml<br \/>\nLagerbestand: 1 Lagerartikel<br \/>\nUrne zum selber bef\u00fcllen:: Ja, Anleitung ist im Lieferumfang enthalten<\/p>\n<h3>Definition:<\/h3>\n<h2>Urne aus blauem Glas<\/h2>\n<p>Die Urne ist sandgestrahlt mit 1 Namen, Daten und 1 Herz auf der Urne.<br \/><strong>Bitte beachten Sie, dass sich der Schmetterling und die Urne in Bezug auf das Foto in der Farbintensit\u00e4t\/dem Farbverlauf unterscheiden k\u00f6nnen<\/strong> , da jede Urne handgefertigt und einzigartig ist. Eine F\u00fcllanleitung liegt der Urne bei. Diese Urne eignet sich f\u00fcr einen kleinen Teil einer Ein\u00e4scherung, die f\u00fcr die Asche bestimmt ist.  <br \/>Da die Urne diffus sandgestrahlt ist, ist die Asche in der Urne nicht sichtbar (au\u00dfer durch die gl\u00e4nzenden Linien der Silhouetten\/Buchstaben). Die Urne ist mit einer Beschichtung gegen dauerhafte Fingerabdr\u00fccke behandelt. <\/br><\/p>\n<h3>Lieferung:<\/h3>\n<p>Nach Ihrer Bestellung werde ich mich mit Ihnen in Verbindung setzen, um zu sehen, welcher Name auf der Urne sandgestrahlt werden darf. Auf dieser Urne kann ein Name von maximal 10 Buchstaben platziert werden. Wenn Sie vorab Fragen haben, k\u00f6nnen Sie sich gerne per Mail an info@crematieasinglas.nl oder auf unsere Website wenden: <a href=\"https:\/\/crematieasinglas.nl\">Website crematieasinglas.nl<\/a> <\/p>\n<p>:<\/p>\n","protected":false},"excerpt":{"rendered":"<p>Ein\u00e4scherung, Asche, Urne aus Glas und personalisiert nach Ihren W\u00fcnschen. Urne aus blauem Glas <\/p>\n","protected":false},"featured_media":9774,"comment_status":"closed","ping_status":"open","template":"","meta":[],"product_brand":[],"product_cat":[737,864],"product_tag":[],"class_list":{"0":"post-19675","1":"product","2":"type-product","3":"status-publish","4":"has-post-thumbnail","6":"product_cat-urnen-de","7":"product_cat-urnen-glas-personalisiert-gu-2000","8":"pa_inhoud-50-ml-de","9":"pa_kleur-blau","11":"first","12":"instock","13":"taxable","14":"shipping-taxable","15":"purchasable","16":"product-type-simple"},"yoast_head":"<!-- This site is optimized with the Yoast SEO Premium plugin v27.5 (Yoast SEO v27.5) - https:\/\/yoast.com\/product\/yoast-seo-premium-wordpress\/ -->\n<title>GU2014 | Blaue Glasurne personalisiert - Winkel voor Crematie-as in glas<\/title>\n<meta name=\"description\" content=\"Ein\u00e4scherung, Asche, Urne aus Glas und personalisiert nach Ihren W\u00fcnschen. Urne aus blauem Glas\" \/>\n<meta name=\"robots\" content=\"index, follow, max-snippet:-1, max-image-preview:large, max-video-preview:-1\" \/>\n<link rel=\"canonical\" href=\"https:\/\/crematieasinglas.nl\/produkt\/gu2014-urntje-van-blauw-glas-gepersonaliseerd\/\" \/>\n<meta property=\"og:locale\" content=\"de_DE\" \/>\n<meta property=\"og:type\" content=\"article\" \/>\n<meta property=\"og:title\" content=\"GU2014 | Blaue Glasurne personalisiert\" \/>\n<meta property=\"og:description\" content=\"Ein\u00e4scherung, Asche, Urne aus Glas und personalisiert nach Ihren W\u00fcnschen. Urne aus blauem Glas\" \/>\n<meta property=\"og:url\" content=\"https:\/\/crematieasinglas.nl\/produkt\/gu2014-urntje-van-blauw-glas-gepersonaliseerd\/\" \/>\n<meta property=\"og:site_name\" content=\"Winkel voor Crematie-as in glas\" \/>\n<meta property=\"og:image\" content=\"https:\/\/crematieasinglas.nl\/wp-content\/uploads\/2024\/10\/crematie-as-urn-glas-small-zandstraling-naam-datums-blauw-1-gu2014.jpg\" \/>\n\t<meta property=\"og:image:width\" content=\"1280\" \/>\n\t<meta property=\"og:image:height\" content=\"1920\" \/>\n\t<meta property=\"og:image:type\" content=\"image\/jpeg\" \/>\n<meta name=\"twitter:card\" content=\"summary_large_image\" \/>\n<meta name=\"twitter:label1\" content=\"Gesch\u00e4tzte Lesezeit\" \/>\n\t<meta name=\"twitter:data1\" content=\"1\u00a0Minute\" \/>\n<script type=\"application\/ld+json\" class=\"yoast-schema-graph\">{\"@context\":\"https:\\\/\\\/schema.org\",\"@graph\":[{\"@type\":\"WebPage\",\"@id\":\"https:\\\/\\\/crematieasinglas.nl\\\/produkt\\\/gu2014-urntje-van-blauw-glas-gepersonaliseerd\\\/\",\"url\":\"https:\\\/\\\/crematieasinglas.nl\\\/produkt\\\/gu2014-urntje-van-blauw-glas-gepersonaliseerd\\\/\",\"name\":\"GU2014 | Blaue Glasurne personalisiert - Winkel voor Crematie-as in glas\",\"isPartOf\":{\"@id\":\"https:\\\/\\\/crematieasinglas.nl\\\/#website\"},\"primaryImageOfPage\":{\"@id\":\"https:\\\/\\\/crematieasinglas.nl\\\/produkt\\\/gu2014-urntje-van-blauw-glas-gepersonaliseerd\\\/#primaryimage\"},\"image\":{\"@id\":\"https:\\\/\\\/crematieasinglas.nl\\\/produkt\\\/gu2014-urntje-van-blauw-glas-gepersonaliseerd\\\/#primaryimage\"},\"thumbnailUrl\":\"https:\\\/\\\/crematieasinglas.nl\\\/wp-content\\\/uploads\\\/2024\\\/10\\\/crematie-as-urn-glas-small-zandstraling-naam-datums-blauw-1-gu2014.jpg\",\"datePublished\":\"2025-02-21T18:48:26+00:00\",\"description\":\"Ein\u00e4scherung, Asche, Urne aus Glas und personalisiert nach Ihren W\u00fcnschen. Urne aus blauem Glas\",\"breadcrumb\":{\"@id\":\"https:\\\/\\\/crematieasinglas.nl\\\/produkt\\\/gu2014-urntje-van-blauw-glas-gepersonaliseerd\\\/#breadcrumb\"},\"inLanguage\":\"de\",\"potentialAction\":[{\"@type\":\"ReadAction\",\"target\":[\"https:\\\/\\\/crematieasinglas.nl\\\/produkt\\\/gu2014-urntje-van-blauw-glas-gepersonaliseerd\\\/\"]}]},{\"@type\":\"ImageObject\",\"inLanguage\":\"de\",\"@id\":\"https:\\\/\\\/crematieasinglas.nl\\\/produkt\\\/gu2014-urntje-van-blauw-glas-gepersonaliseerd\\\/#primaryimage\",\"url\":\"https:\\\/\\\/crematieasinglas.nl\\\/wp-content\\\/uploads\\\/2024\\\/10\\\/crematie-as-urn-glas-small-zandstraling-naam-datums-blauw-1-gu2014.jpg\",\"contentUrl\":\"https:\\\/\\\/crematieasinglas.nl\\\/wp-content\\\/uploads\\\/2024\\\/10\\\/crematie-as-urn-glas-small-zandstraling-naam-datums-blauw-1-gu2014.jpg\",\"width\":1280,\"height\":1920},{\"@type\":\"BreadcrumbList\",\"@id\":\"https:\\\/\\\/crematieasinglas.nl\\\/produkt\\\/gu2014-urntje-van-blauw-glas-gepersonaliseerd\\\/#breadcrumb\",\"itemListElement\":[{\"@type\":\"ListItem\",\"position\":1,\"name\":\"Home\",\"item\":\"https:\\\/\\\/crematieasinglas.nl\\\/\"},{\"@type\":\"ListItem\",\"position\":2,\"name\":\"Shop\",\"item\":\"https:\\\/\\\/crematieasinglas.nl\\\/de\\\/shop\\\/\"},{\"@type\":\"ListItem\",\"position\":3,\"name\":\"GU2014 | Blaue Glasurne personalisiert\"}]},{\"@type\":\"WebSite\",\"@id\":\"https:\\\/\\\/crematieasinglas.nl\\\/#website\",\"url\":\"https:\\\/\\\/crematieasinglas.nl\\\/\",\"name\":\"Winkel voor Crematie-as in glas\",\"description\":\"Een winkel voor crematieasinglas.nl\",\"publisher\":{\"@id\":\"https:\\\/\\\/crematieasinglas.nl\\\/#organization\"},\"potentialAction\":[{\"@type\":\"SearchAction\",\"target\":{\"@type\":\"EntryPoint\",\"urlTemplate\":\"https:\\\/\\\/crematieasinglas.nl\\\/?s={search_term_string}\"},\"query-input\":{\"@type\":\"PropertyValueSpecification\",\"valueRequired\":true,\"valueName\":\"search_term_string\"}}],\"inLanguage\":\"de\"},{\"@type\":\"Organization\",\"@id\":\"https:\\\/\\\/crematieasinglas.nl\\\/#organization\",\"name\":\"Dierbaarasinglas.nl\",\"alternateName\":\"Crematieasinglas.nl\",\"url\":\"https:\\\/\\\/crematieasinglas.nl\\\/\",\"logo\":{\"@type\":\"ImageObject\",\"inLanguage\":\"de\",\"@id\":\"https:\\\/\\\/crematieasinglas.nl\\\/#\\\/schema\\\/logo\\\/image\\\/\",\"url\":\"https:\\\/\\\/crematieasinglas.nl\\\/wp-content\\\/uploads\\\/2024\\\/10\\\/logo-02-playfair-googlefont-met-hartje-02.png\",\"contentUrl\":\"https:\\\/\\\/crematieasinglas.nl\\\/wp-content\\\/uploads\\\/2024\\\/10\\\/logo-02-playfair-googlefont-met-hartje-02.png\",\"width\":582,\"height\":136,\"caption\":\"Dierbaarasinglas.nl\"},\"image\":{\"@id\":\"https:\\\/\\\/crematieasinglas.nl\\\/#\\\/schema\\\/logo\\\/image\\\/\"}}]}<\/script>\n<!-- \/ Yoast SEO Premium plugin. -->","yoast_head_json":{"title":"GU2014 | Blaue Glasurne personalisiert - Winkel voor Crematie-as in glas","description":"Ein\u00e4scherung, Asche, Urne aus Glas und personalisiert nach Ihren W\u00fcnschen. Urne aus blauem Glas","robots":{"index":"index","follow":"follow","max-snippet":"max-snippet:-1","max-image-preview":"max-image-preview:large","max-video-preview":"max-video-preview:-1"},"canonical":"https:\/\/crematieasinglas.nl\/produkt\/gu2014-urntje-van-blauw-glas-gepersonaliseerd\/","og_locale":"de_DE","og_type":"article","og_title":"GU2014 | Blaue Glasurne personalisiert","og_description":"Ein\u00e4scherung, Asche, Urne aus Glas und personalisiert nach Ihren W\u00fcnschen. Urne aus blauem Glas","og_url":"https:\/\/crematieasinglas.nl\/produkt\/gu2014-urntje-van-blauw-glas-gepersonaliseerd\/","og_site_name":"Winkel voor Crematie-as in glas","og_image":[{"width":1280,"height":1920,"url":"https:\/\/crematieasinglas.nl\/wp-content\/uploads\/2024\/10\/crematie-as-urn-glas-small-zandstraling-naam-datums-blauw-1-gu2014.jpg","type":"image\/jpeg"}],"twitter_card":"summary_large_image","twitter_misc":{"Gesch\u00e4tzte Lesezeit":"1\u00a0Minute"},"schema":{"@context":"https:\/\/schema.org","@graph":[{"@type":"WebPage","@id":"https:\/\/crematieasinglas.nl\/produkt\/gu2014-urntje-van-blauw-glas-gepersonaliseerd\/","url":"https:\/\/crematieasinglas.nl\/produkt\/gu2014-urntje-van-blauw-glas-gepersonaliseerd\/","name":"GU2014 | Blaue Glasurne personalisiert - Winkel voor Crematie-as in glas","isPartOf":{"@id":"https:\/\/crematieasinglas.nl\/#website"},"primaryImageOfPage":{"@id":"https:\/\/crematieasinglas.nl\/produkt\/gu2014-urntje-van-blauw-glas-gepersonaliseerd\/#primaryimage"},"image":{"@id":"https:\/\/crematieasinglas.nl\/produkt\/gu2014-urntje-van-blauw-glas-gepersonaliseerd\/#primaryimage"},"thumbnailUrl":"https:\/\/crematieasinglas.nl\/wp-content\/uploads\/2024\/10\/crematie-as-urn-glas-small-zandstraling-naam-datums-blauw-1-gu2014.jpg","datePublished":"2025-02-21T18:48:26+00:00","description":"Ein\u00e4scherung, Asche, Urne aus Glas und personalisiert nach Ihren W\u00fcnschen. Urne aus blauem Glas","breadcrumb":{"@id":"https:\/\/crematieasinglas.nl\/produkt\/gu2014-urntje-van-blauw-glas-gepersonaliseerd\/#breadcrumb"},"inLanguage":"de","potentialAction":[{"@type":"ReadAction","target":["https:\/\/crematieasinglas.nl\/produkt\/gu2014-urntje-van-blauw-glas-gepersonaliseerd\/"]}]},{"@type":"ImageObject","inLanguage":"de","@id":"https:\/\/crematieasinglas.nl\/produkt\/gu2014-urntje-van-blauw-glas-gepersonaliseerd\/#primaryimage","url":"https:\/\/crematieasinglas.nl\/wp-content\/uploads\/2024\/10\/crematie-as-urn-glas-small-zandstraling-naam-datums-blauw-1-gu2014.jpg","contentUrl":"https:\/\/crematieasinglas.nl\/wp-content\/uploads\/2024\/10\/crematie-as-urn-glas-small-zandstraling-naam-datums-blauw-1-gu2014.jpg","width":1280,"height":1920},{"@type":"BreadcrumbList","@id":"https:\/\/crematieasinglas.nl\/produkt\/gu2014-urntje-van-blauw-glas-gepersonaliseerd\/#breadcrumb","itemListElement":[{"@type":"ListItem","position":1,"name":"Home","item":"https:\/\/crematieasinglas.nl\/"},{"@type":"ListItem","position":2,"name":"Shop","item":"https:\/\/crematieasinglas.nl\/de\/shop\/"},{"@type":"ListItem","position":3,"name":"GU2014 | Blaue Glasurne personalisiert"}]},{"@type":"WebSite","@id":"https:\/\/crematieasinglas.nl\/#website","url":"https:\/\/crematieasinglas.nl\/","name":"Winkel voor Crematie-as in glas","description":"Een winkel voor crematieasinglas.nl","publisher":{"@id":"https:\/\/crematieasinglas.nl\/#organization"},"potentialAction":[{"@type":"SearchAction","target":{"@type":"EntryPoint","urlTemplate":"https:\/\/crematieasinglas.nl\/?s={search_term_string}"},"query-input":{"@type":"PropertyValueSpecification","valueRequired":true,"valueName":"search_term_string"}}],"inLanguage":"de"},{"@type":"Organization","@id":"https:\/\/crematieasinglas.nl\/#organization","name":"Dierbaarasinglas.nl","alternateName":"Crematieasinglas.nl","url":"https:\/\/crematieasinglas.nl\/","logo":{"@type":"ImageObject","inLanguage":"de","@id":"https:\/\/crematieasinglas.nl\/#\/schema\/logo\/image\/","url":"https:\/\/crematieasinglas.nl\/wp-content\/uploads\/2024\/10\/logo-02-playfair-googlefont-met-hartje-02.png","contentUrl":"https:\/\/crematieasinglas.nl\/wp-content\/uploads\/2024\/10\/logo-02-playfair-googlefont-met-hartje-02.png","width":582,"height":136,"caption":"Dierbaarasinglas.nl"},"image":{"@id":"https:\/\/crematieasinglas.nl\/#\/schema\/logo\/image\/"}}]}},"_links":{"self":[{"href":"https:\/\/crematieasinglas.nl\/de\/wp-json\/wp\/v2\/product\/19675","targetHints":{"allow":["GET"]}}],"collection":[{"href":"https:\/\/crematieasinglas.nl\/de\/wp-json\/wp\/v2\/product"}],"about":[{"href":"https:\/\/crematieasinglas.nl\/de\/wp-json\/wp\/v2\/types\/product"}],"replies":[{"embeddable":true,"href":"https:\/\/crematieasinglas.nl\/de\/wp-json\/wp\/v2\/comments?post=19675"}],"wp:featuredmedia":[{"embeddable":true,"href":"https:\/\/crematieasinglas.nl\/de\/wp-json\/wp\/v2\/media\/9774"}],"wp:attachment":[{"href":"https:\/\/crematieasinglas.nl\/de\/wp-json\/wp\/v2\/media?parent=19675"}],"wp:term":[{"taxonomy":"product_brand","embeddable":true,"href":"https:\/\/crematieasinglas.nl\/de\/wp-json\/wp\/v2\/product_brand?post=19675"},{"taxonomy":"product_cat","embeddable":true,"href":"https:\/\/crematieasinglas.nl\/de\/wp-json\/wp\/v2\/product_cat?post=19675"},{"taxonomy":"product_tag","embeddable":true,"href":"https:\/\/crematieasinglas.nl\/de\/wp-json\/wp\/v2\/product_tag?post=19675"}],"curies":[{"name":"wp","href":"https:\/\/api.w.org\/{rel}","templated":true}]}}