{"id":19663,"date":"2025-02-24T10:50:41","date_gmt":"2025-02-24T10:50:41","guid":{"rendered":"https:\/\/ebdxvyckeo.onrocket.site\/product\/dsgg6001-glasgold-saphira\/"},"modified":"2025-02-24T10:50:41","modified_gmt":"2025-02-24T10:50:41","slug":"dsgg6001-glasgold-saphira","status":"publish","type":"product","link":"https:\/\/crematieasinglas.nl\/de\/produkt\/dsgg6001-glasgold-saphira\/","title":{"rendered":"DSGG6001 | Glas&amp;Gold Saphira"},"content":{"rendered":"<p>Code-Nummer: DSGG6001<br \/>\nKollektion: F\u00fcr Sie<br \/>\nKategorie: glassgolds<\/p>\n<h3>Lieferzeit:<br \/>\n8 Werktage (2 Wochen) nach Erhalt der Ein\u00e4scherungsasche<\/h3>\n<h3>Information:<\/h3>\n<p>H\u00f6he: 12mm<br \/>\nBreite: 12mm<br \/>\nTiefe: 7mm<br \/>\nFarbe: Blaut\u00f6ne<br \/>\nInhalt:<br \/>\nLagerbestand: 5 Lagerartikel<\/p>\n<h3>Spezifische Beschreibung:<\/h3>\n<p>Dieser blaue Glasanh\u00e4nger von Glass&amp;Golds, genannt Saphira, hat eine Mischung aus verschiedenen stromlinienf\u00f6rmigen Blaut\u00f6nen mit klaren Glasschirmen und einem Kern aus 14 Karat Gold. Die Asche der Feuerbestattung ist dezent in diesen Charme eingearbeitet und leicht sichtbar. Der Glasschmuck wird mit einer 45 cm langen Gourmet-Halskette aus 14 Karat Gold geliefert.  <\/p>\n<h3>Definition:<\/h3>\n<p>Dieser kleine Glasanh\u00e4nger wird mit gr\u00f6\u00dfter Sorgfalt gefertigt, wobei die Asche der Feuerbestattung in das Glas eingeschmolzen wird und einen Kern aus 14 Karat Gold enth\u00e4lt. Das Design wird mit einer passenden Halskette aus 14 Karat Gold weiter verfeinert, was es zu einem pers\u00f6nlichen und wertvollen Schmuckst\u00fcck macht, sodass Sie Ihren Liebsten immer in Ihrer N\u00e4he tragen k\u00f6nnen. Die Halskette hat ein flexibles Gourmet-Glied, eine L\u00e4nge von 45 cm, eine Breite von 1,2 mm und einen kleinen, aber sicheren Karabinerverschluss. Die bescheidene Gr\u00f6\u00dfe des Glasanh\u00e4ngers (ca. 12 mm) und die dezente Breite der Halskette verleihen dem Schmuck ein raffiniertes und zartes Aussehen. In Absprache kann f\u00fcr die Halskette immer eine andere L\u00e4nge gew\u00e4hlt werden, damit der Schmuck perfekt zu Ihren W\u00fcnschen passt. Der Preis des Schmucks wird dann angepasst.     <\/p>\n<p>Das Glas, das f\u00fcr den Charme verwendet wird, ist Muranoglas, das weltweit f\u00fcr seine Sch\u00f6nheit und \u00fcberlegene Qualit\u00e4t bekannt ist. Der Erinnerungsanh\u00e4nger wird auf professionelle Weise hergestellt und durchl\u00e4uft dann einen Prozess in einem speziellen Glasofen. Dieser sorgf\u00e4ltige Prozess garantiert, dass Ihr Glascharme nicht nur stark und langlebig ist, sondern auch, dass die Sch\u00f6nheit des Glases dauerhaft ist und nicht verblasst.  <\/p>\n<p>In der Videoimpressionen ist der Glasanh\u00e4nger Saphira zu sehen, so dass Sie einen guten Einblick in die Gr\u00f6\u00dfe dieses kleinen Feuerbestattungsasche-Anh\u00e4ngers erhalten. Da jeder Charm von Hand gefertigt wird, kann die Gr\u00f6\u00dfe um einige Millimeter vom gezeigten Exemplar abweichen. Die subtilen Variationen der Farbt\u00f6ne machen jeden Charm noch pers\u00f6nlicher und einzigartiger. (Farbt\u00f6ne auf Bildschirmen k\u00f6nnen voneinander abweichen)<\/p>\n<p>Ihr Schmuck und die Asche werden immer getrennt und mit gr\u00f6\u00dftem Respekt in einer sauberen Umgebung behandelt, so dass Sie sicher sein k\u00f6nnen, dass die Asche Ihrer Liebsten in sicheren H\u00e4nden ist und sorgf\u00e4ltig verarbeitet wird.<\/p>\n<h3>Lieferung:<\/h3>\n<p>Nachdem ich Ihre Bestellung aufgegeben habe, werde ich mich per E-Mail mit Ihnen in Verbindung setzen, um Ihnen ein kostenloses digitales Versandetikett und eine Informationsmail zuzusenden, mit der Sie mir (eine sehr kleine Menge) Ein\u00e4scherungsasche zusenden k\u00f6nnen.  <br \/>Eine Menge von 2 Teel\u00f6ffeln Ein\u00e4scherungsasche reicht daf\u00fcr aus. F\u00fcr Kunden au\u00dferhalb der Niederlande ist es mir nicht m\u00f6glich, dieses digitale Versandetikett anzufordern. Ein ausl\u00e4ndischer Versandstempel f\u00fcr den Versand der Ein\u00e4scherungsasche an mich kann daher nicht von mir erstattet werden. Ich m\u00f6chte Ihnen aber Tipps geben, wie Sie mir die Ein\u00e4scherungsasche auch aus dem Ausland zukommen lassen k\u00f6nnen.<br \/>\n<br \/>Der kostenlose Versand des bestellten Erinnerungsartikels an Sie gilt f\u00fcr alle. Das Versandetikett f\u00fcr die Ein\u00e4scherung ist ein Etikett f\u00fcr ein Briefkastenpaket von DHL, das direkt bei mir ankommt, und Sie k\u00f6nnen es per Sendungsverfolgung verfolgen. Sie k\u00f6nnen das Briefkastenpaket mit der Ein\u00e4scherung innerhalb von 5 Werktagen kostenlos an einer DHL-Abgabestelle zur\u00fccksenden.<br \/>\n<br \/>In der Infomail werde ich auch erkl\u00e4ren, welche Ma\u00dfe das Briefkastenpaket erf\u00fcllen muss und welche n\u00e4chstgelegene Abgabestelle Sie in der Umgebung haben.<br \/>\n<br \/>Ein sicherer und nachverfolgbarer Transport war bisher immer garantiert, aber wir k\u00f6nnen keine Verantwortung \u00fcbernehmen, wenn dies unerwartet mit dem Spediteur schief geht. Wenn Sie die Ein\u00e4scherungsasche mitbringen m\u00f6chten, ist dies auch m\u00f6glich, Sie k\u00f6nnen hierf\u00fcr einen Termin vereinbaren unter den M\u00f6glichkeiten, die in unserer Online-Agenda auf unserer Website offen stehen crematieasinglas.nl<br \/>\n<br \/>Die restliche Asche wird Ihnen jederzeit zur\u00fcckgegeben. Der Schmuck wird Ihnen per Einschreiben zugesandt, oder schauen Sie auf unserer Website nach: <a href=\"https:\/\/crematieasinglas.nl\">Website crematieasinglas.nl<\/a><\/p>\n<h3>Eindruck<br \/>\n<iframe src=\"https:\/\/crematieasinglas.nl\/media\/voor-haar\/golds-glass\/crematie-as-bedel-glass-golds-saphira-video-dsb6001.mp4\" width=\"320\" height=\"440\" frameborder=\"0\" allowfullscreen=\"\"><br \/>\n<\/iframe><\/h3>\n","protected":false},"excerpt":{"rendered":"<p>Glass&amp;Golds Saphira ist ein speziell entworfenes Glasschmuckst\u00fcck mit Ascheverarbeitung, 14 Karat Goldkern und 14 Karat Goldkette.<\/p>\n","protected":false},"featured_media":16674,"comment_status":"closed","ping_status":"closed","template":"","meta":[],"product_brand":[],"product_cat":[759,857],"product_tag":[],"class_list":{"0":"post-19663","1":"product","2":"type-product","3":"status-publish","4":"has-post-thumbnail","6":"product_cat-fur-sie","7":"product_cat-glas-gold-dsgg-6000","8":"pa_kleur-blautone","10":"first","11":"instock","12":"purchasable","13":"product-type-simple"},"yoast_head":"<!-- This site is optimized with the Yoast SEO Premium plugin v27.5 (Yoast SEO v27.5) - https:\/\/yoast.com\/product\/yoast-seo-premium-wordpress\/ -->\n<title>DSGG6001 | Glas&amp;Gold Saphira - Winkel voor Crematie-as in glas<\/title>\n<meta name=\"robots\" content=\"index, follow, max-snippet:-1, max-image-preview:large, max-video-preview:-1\" \/>\n<link rel=\"canonical\" href=\"https:\/\/crematieasinglas.nl\/produkt\/dsgg6001-glassgolds-saphira\/\" \/>\n<meta property=\"og:locale\" content=\"de_DE\" \/>\n<meta property=\"og:type\" content=\"article\" \/>\n<meta property=\"og:title\" content=\"DSGG6001 | Glas&amp;Gold Saphira\" \/>\n<meta property=\"og:description\" content=\"Glass&amp;Golds Saphira ist ein speziell entworfenes Glasschmuckst\u00fcck mit Ascheverarbeitung, 14 Karat Goldkern und 14 Karat Goldkette.\" \/>\n<meta property=\"og:url\" content=\"https:\/\/crematieasinglas.nl\/produkt\/dsgg6001-glassgolds-saphira\/\" \/>\n<meta property=\"og:site_name\" content=\"Winkel voor Crematie-as in glas\" \/>\n<meta property=\"og:image\" content=\"https:\/\/crematieasinglas.nl\/wp-content\/uploads\/2025\/02\/crematie-as-bedel-glass-golds-saphira-1-dsb6001-2.jpg\" \/>\n\t<meta property=\"og:image:width\" content=\"890\" \/>\n\t<meta property=\"og:image:height\" content=\"669\" \/>\n\t<meta property=\"og:image:type\" content=\"image\/jpeg\" \/>\n<meta name=\"twitter:card\" content=\"summary_large_image\" \/>\n<meta name=\"twitter:label1\" content=\"Gesch\u00e4tzte Lesezeit\" \/>\n\t<meta name=\"twitter:data1\" content=\"3\u00a0Minuten\" \/>\n<script type=\"application\/ld+json\" class=\"yoast-schema-graph\">{\"@context\":\"https:\\\/\\\/schema.org\",\"@graph\":[{\"@type\":\"WebPage\",\"@id\":\"https:\\\/\\\/crematieasinglas.nl\\\/produkt\\\/dsgg6001-glassgolds-saphira\\\/\",\"url\":\"https:\\\/\\\/crematieasinglas.nl\\\/produkt\\\/dsgg6001-glassgolds-saphira\\\/\",\"name\":\"DSGG6001 | Glas&amp;Gold Saphira - Winkel voor Crematie-as in glas\",\"isPartOf\":{\"@id\":\"https:\\\/\\\/crematieasinglas.nl\\\/#website\"},\"primaryImageOfPage\":{\"@id\":\"https:\\\/\\\/crematieasinglas.nl\\\/produkt\\\/dsgg6001-glassgolds-saphira\\\/#primaryimage\"},\"image\":{\"@id\":\"https:\\\/\\\/crematieasinglas.nl\\\/produkt\\\/dsgg6001-glassgolds-saphira\\\/#primaryimage\"},\"thumbnailUrl\":\"https:\\\/\\\/crematieasinglas.nl\\\/wp-content\\\/uploads\\\/2025\\\/02\\\/crematie-as-bedel-glass-golds-saphira-1-dsb6001-2.jpg\",\"datePublished\":\"2025-02-24T10:50:41+00:00\",\"breadcrumb\":{\"@id\":\"https:\\\/\\\/crematieasinglas.nl\\\/produkt\\\/dsgg6001-glassgolds-saphira\\\/#breadcrumb\"},\"inLanguage\":\"de\",\"potentialAction\":[{\"@type\":\"ReadAction\",\"target\":[\"https:\\\/\\\/crematieasinglas.nl\\\/produkt\\\/dsgg6001-glassgolds-saphira\\\/\"]}]},{\"@type\":\"ImageObject\",\"inLanguage\":\"de\",\"@id\":\"https:\\\/\\\/crematieasinglas.nl\\\/produkt\\\/dsgg6001-glassgolds-saphira\\\/#primaryimage\",\"url\":\"https:\\\/\\\/crematieasinglas.nl\\\/wp-content\\\/uploads\\\/2025\\\/02\\\/crematie-as-bedel-glass-golds-saphira-1-dsb6001-2.jpg\",\"contentUrl\":\"https:\\\/\\\/crematieasinglas.nl\\\/wp-content\\\/uploads\\\/2025\\\/02\\\/crematie-as-bedel-glass-golds-saphira-1-dsb6001-2.jpg\",\"width\":890,\"height\":669},{\"@type\":\"BreadcrumbList\",\"@id\":\"https:\\\/\\\/crematieasinglas.nl\\\/produkt\\\/dsgg6001-glassgolds-saphira\\\/#breadcrumb\",\"itemListElement\":[{\"@type\":\"ListItem\",\"position\":1,\"name\":\"Home\",\"item\":\"https:\\\/\\\/crematieasinglas.nl\\\/\"},{\"@type\":\"ListItem\",\"position\":2,\"name\":\"Shop\",\"item\":\"https:\\\/\\\/crematieasinglas.nl\\\/de\\\/shop\\\/\"},{\"@type\":\"ListItem\",\"position\":3,\"name\":\"DSGG6001 | Glas&amp;Gold Saphira\"}]},{\"@type\":\"WebSite\",\"@id\":\"https:\\\/\\\/crematieasinglas.nl\\\/#website\",\"url\":\"https:\\\/\\\/crematieasinglas.nl\\\/\",\"name\":\"Winkel voor Crematie-as in glas\",\"description\":\"Een winkel voor crematieasinglas.nl\",\"publisher\":{\"@id\":\"https:\\\/\\\/crematieasinglas.nl\\\/#organization\"},\"potentialAction\":[{\"@type\":\"SearchAction\",\"target\":{\"@type\":\"EntryPoint\",\"urlTemplate\":\"https:\\\/\\\/crematieasinglas.nl\\\/?s={search_term_string}\"},\"query-input\":{\"@type\":\"PropertyValueSpecification\",\"valueRequired\":true,\"valueName\":\"search_term_string\"}}],\"inLanguage\":\"de\"},{\"@type\":\"Organization\",\"@id\":\"https:\\\/\\\/crematieasinglas.nl\\\/#organization\",\"name\":\"Dierbaarasinglas.nl\",\"alternateName\":\"Crematieasinglas.nl\",\"url\":\"https:\\\/\\\/crematieasinglas.nl\\\/\",\"logo\":{\"@type\":\"ImageObject\",\"inLanguage\":\"de\",\"@id\":\"https:\\\/\\\/crematieasinglas.nl\\\/#\\\/schema\\\/logo\\\/image\\\/\",\"url\":\"https:\\\/\\\/crematieasinglas.nl\\\/wp-content\\\/uploads\\\/2024\\\/10\\\/logo-02-playfair-googlefont-met-hartje-02.png\",\"contentUrl\":\"https:\\\/\\\/crematieasinglas.nl\\\/wp-content\\\/uploads\\\/2024\\\/10\\\/logo-02-playfair-googlefont-met-hartje-02.png\",\"width\":582,\"height\":136,\"caption\":\"Dierbaarasinglas.nl\"},\"image\":{\"@id\":\"https:\\\/\\\/crematieasinglas.nl\\\/#\\\/schema\\\/logo\\\/image\\\/\"}}]}<\/script>\n<!-- \/ Yoast SEO Premium plugin. -->","yoast_head_json":{"title":"DSGG6001 | Glas&amp;Gold Saphira - Winkel voor Crematie-as in glas","robots":{"index":"index","follow":"follow","max-snippet":"max-snippet:-1","max-image-preview":"max-image-preview:large","max-video-preview":"max-video-preview:-1"},"canonical":"https:\/\/crematieasinglas.nl\/produkt\/dsgg6001-glassgolds-saphira\/","og_locale":"de_DE","og_type":"article","og_title":"DSGG6001 | Glas&amp;Gold Saphira","og_description":"Glass&amp;Golds Saphira ist ein speziell entworfenes Glasschmuckst\u00fcck mit Ascheverarbeitung, 14 Karat Goldkern und 14 Karat Goldkette.","og_url":"https:\/\/crematieasinglas.nl\/produkt\/dsgg6001-glassgolds-saphira\/","og_site_name":"Winkel voor Crematie-as in glas","og_image":[{"width":890,"height":669,"url":"https:\/\/crematieasinglas.nl\/wp-content\/uploads\/2025\/02\/crematie-as-bedel-glass-golds-saphira-1-dsb6001-2.jpg","type":"image\/jpeg"}],"twitter_card":"summary_large_image","twitter_misc":{"Gesch\u00e4tzte Lesezeit":"3\u00a0Minuten"},"schema":{"@context":"https:\/\/schema.org","@graph":[{"@type":"WebPage","@id":"https:\/\/crematieasinglas.nl\/produkt\/dsgg6001-glassgolds-saphira\/","url":"https:\/\/crematieasinglas.nl\/produkt\/dsgg6001-glassgolds-saphira\/","name":"DSGG6001 | Glas&amp;Gold Saphira - Winkel voor Crematie-as in glas","isPartOf":{"@id":"https:\/\/crematieasinglas.nl\/#website"},"primaryImageOfPage":{"@id":"https:\/\/crematieasinglas.nl\/produkt\/dsgg6001-glassgolds-saphira\/#primaryimage"},"image":{"@id":"https:\/\/crematieasinglas.nl\/produkt\/dsgg6001-glassgolds-saphira\/#primaryimage"},"thumbnailUrl":"https:\/\/crematieasinglas.nl\/wp-content\/uploads\/2025\/02\/crematie-as-bedel-glass-golds-saphira-1-dsb6001-2.jpg","datePublished":"2025-02-24T10:50:41+00:00","breadcrumb":{"@id":"https:\/\/crematieasinglas.nl\/produkt\/dsgg6001-glassgolds-saphira\/#breadcrumb"},"inLanguage":"de","potentialAction":[{"@type":"ReadAction","target":["https:\/\/crematieasinglas.nl\/produkt\/dsgg6001-glassgolds-saphira\/"]}]},{"@type":"ImageObject","inLanguage":"de","@id":"https:\/\/crematieasinglas.nl\/produkt\/dsgg6001-glassgolds-saphira\/#primaryimage","url":"https:\/\/crematieasinglas.nl\/wp-content\/uploads\/2025\/02\/crematie-as-bedel-glass-golds-saphira-1-dsb6001-2.jpg","contentUrl":"https:\/\/crematieasinglas.nl\/wp-content\/uploads\/2025\/02\/crematie-as-bedel-glass-golds-saphira-1-dsb6001-2.jpg","width":890,"height":669},{"@type":"BreadcrumbList","@id":"https:\/\/crematieasinglas.nl\/produkt\/dsgg6001-glassgolds-saphira\/#breadcrumb","itemListElement":[{"@type":"ListItem","position":1,"name":"Home","item":"https:\/\/crematieasinglas.nl\/"},{"@type":"ListItem","position":2,"name":"Shop","item":"https:\/\/crematieasinglas.nl\/de\/shop\/"},{"@type":"ListItem","position":3,"name":"DSGG6001 | Glas&amp;Gold Saphira"}]},{"@type":"WebSite","@id":"https:\/\/crematieasinglas.nl\/#website","url":"https:\/\/crematieasinglas.nl\/","name":"Winkel voor Crematie-as in glas","description":"Een winkel voor crematieasinglas.nl","publisher":{"@id":"https:\/\/crematieasinglas.nl\/#organization"},"potentialAction":[{"@type":"SearchAction","target":{"@type":"EntryPoint","urlTemplate":"https:\/\/crematieasinglas.nl\/?s={search_term_string}"},"query-input":{"@type":"PropertyValueSpecification","valueRequired":true,"valueName":"search_term_string"}}],"inLanguage":"de"},{"@type":"Organization","@id":"https:\/\/crematieasinglas.nl\/#organization","name":"Dierbaarasinglas.nl","alternateName":"Crematieasinglas.nl","url":"https:\/\/crematieasinglas.nl\/","logo":{"@type":"ImageObject","inLanguage":"de","@id":"https:\/\/crematieasinglas.nl\/#\/schema\/logo\/image\/","url":"https:\/\/crematieasinglas.nl\/wp-content\/uploads\/2024\/10\/logo-02-playfair-googlefont-met-hartje-02.png","contentUrl":"https:\/\/crematieasinglas.nl\/wp-content\/uploads\/2024\/10\/logo-02-playfair-googlefont-met-hartje-02.png","width":582,"height":136,"caption":"Dierbaarasinglas.nl"},"image":{"@id":"https:\/\/crematieasinglas.nl\/#\/schema\/logo\/image\/"}}]}},"_links":{"self":[{"href":"https:\/\/crematieasinglas.nl\/de\/wp-json\/wp\/v2\/product\/19663","targetHints":{"allow":["GET"]}}],"collection":[{"href":"https:\/\/crematieasinglas.nl\/de\/wp-json\/wp\/v2\/product"}],"about":[{"href":"https:\/\/crematieasinglas.nl\/de\/wp-json\/wp\/v2\/types\/product"}],"replies":[{"embeddable":true,"href":"https:\/\/crematieasinglas.nl\/de\/wp-json\/wp\/v2\/comments?post=19663"}],"wp:featuredmedia":[{"embeddable":true,"href":"https:\/\/crematieasinglas.nl\/de\/wp-json\/wp\/v2\/media\/16674"}],"wp:attachment":[{"href":"https:\/\/crematieasinglas.nl\/de\/wp-json\/wp\/v2\/media?parent=19663"}],"wp:term":[{"taxonomy":"product_brand","embeddable":true,"href":"https:\/\/crematieasinglas.nl\/de\/wp-json\/wp\/v2\/product_brand?post=19663"},{"taxonomy":"product_cat","embeddable":true,"href":"https:\/\/crematieasinglas.nl\/de\/wp-json\/wp\/v2\/product_cat?post=19663"},{"taxonomy":"product_tag","embeddable":true,"href":"https:\/\/crematieasinglas.nl\/de\/wp-json\/wp\/v2\/product_tag?post=19663"}],"curies":[{"name":"wp","href":"https:\/\/api.w.org\/{rel}","templated":true}]}}