{"id":19652,"date":"2025-10-22T07:36:07","date_gmt":"2025-10-22T07:36:07","guid":{"rendered":"https:\/\/ebdxvyckeo.onrocket.site\/product\/wtu8006-weidenbaum-quiet-wonder-mit-mini-urne\/"},"modified":"2025-03-04T13:01:16","modified_gmt":"2025-03-04T13:01:16","slug":"wtu8006-weidenbaum-quiet-wonder-mit-mini-urne","status":"publish","type":"product","link":"https:\/\/crematieasinglas.nl\/de\/produkt\/wtu8006-weidenbaum-quiet-wonder-mit-mini-urne\/","title":{"rendered":"WTU8006 | Weidenbaum Quiet Wonder mit Mini-Urne"},"content":{"rendered":"<p>Artikelnummer: WTU8006<br \/>\nKollektion: Urnen<br \/>\nKategorie: Weidenbaum mit Mini-Urne | WTU 8000<\/p>\n<h3>\n<h3>8 Arbeitstage, nach Erhalt der Asche<\/h3>\n<p>:<\/h3>\n<h3>\n<h3>Lieferfrist<\/h3>\n<\/h3>\n<p><strong>Definition:<\/strong><\/p>\n<h2>Weidenbaum Quiet Wonder mit Mini-Urne  <\/h2>\n<p><strong>Bitte beachten Sie<\/strong>, dass Sie diese <strong>Gedenkstatue nicht selbst zu<\/strong> Hause bef\u00fcllen k\u00f6nnen, sondern sie von Jet f\u00fcr Sie handgefertigt wird. Bei den Figuren handelt es sich um die offiziellen Figuren von Willow Tree, auf denen mittels eines stabilen Schraubsystems eine handgefertigte Mini-Urne aus Glas, bearbeitet mit Kremationsasche oder Haaren, montiert wird. Die Ein\u00e4scherungsasche wird in das Glas eingeschmolzen.  <\/p>\n<p>H\u00f6he: 9,5 cm<br \/>\nBreite: 5 cm<br \/>\nTiefe: 5 cm<br \/>\nFarbe: gold<br \/>\nInhalt:<br \/>\nLagerbestand: 1 Lagerartikel<\/p>\n<p><strong>Lieferung:<\/strong><br \/>\n<strong>Nachdem Sie Ihre Bestellung <\/strong>der ausgew\u00e4hlten Weidenbaumfigur mit Ein\u00e4scherung, Asche oder Haarverarbeitung aufgegeben haben, werde ich Sie per E-Mail kontaktieren, um Ihnen die Versandinformationen mitzuteilen. <br \/>Hiermit sende ich Ihnen ein kostenloses digitales Versandetikett (nur bei niederl\u00e4ndischen Adressen m\u00f6glich), mit dem Sie mir eine kleine Menge Ein\u00e4scherungsasche (2 Thelipelts) oder eine Haarstr\u00e4hne (etwa eine Menge von 1 Bleistiftst\u00e4rke von 5cm L\u00e4nge reicht aus) senden k\u00f6nnen. F\u00fcr Kunden au\u00dferhalb der Niederlande ist es mir nicht m\u00f6glich, diesen Stempel zu beantragen, ein ausl\u00e4ndischer Versandstempel, um mir die Ein\u00e4scherung, Asche oder Haarlocke zu schicken, kann nicht erstattet werden. Ich m\u00f6chte dir Tipps geben, wie du mir die Ein\u00e4scherungsasche oder die Haarlocke am besten (auch aus dem Ausland) zukommen lassen kannst.    <br \/>Das niederl\u00e4ndische Versandetikett ist ein Etikett f\u00fcr ein DHL-Briefkastenpaket, das direkt bei mir ankommt, und Sie k\u00f6nnen es per Sendungsverfolgung verfolgen.  <br \/>Das Briefkastenpaket mit der Ein\u00e4scherung, Asche oder der Haarlocke k\u00f6nnen Sie innerhalb von 5 Tagen kostenlos an einer DHL-Abgabestelle abgeben. In der Informations-E-Mail erkl\u00e4re ich Ihnen auch die Ma\u00dfe des Briefkastenpakets und die n\u00e4chstgelegene Abgabestelle in Ihrer N\u00e4he.  Ein sicherer und nachverfolgbarer Transport war bisher immer garantiert, aber wir k\u00f6nnen keine Verantwortung \u00fcbernehmen, wenn dies unerwartet mit dem Spediteur schief geht.  <br \/>Selbstverst\u00e4ndlich ist es auch m\u00f6glich, die Ein\u00e4scherung, Asche oder Haarlocke nach Terminabsprache bei uns im Showroom am Hoogakker 2E in Hapert abzugeben. Einen Termin daf\u00fcr k\u00f6nnen Sie auf unserer Website crematieasinglas.nl vereinbaren. Nachdem ich die Asche oder die Haarlocke erhalten habe, werde ich mit gro\u00dfer Sorgfalt an Ihrer Souvenirstatue von Willow Tree arbeiten.  <\/p>\n<p>Video:<\/p>\n","protected":false},"excerpt":{"rendered":"<p>Die Willow Quiet Wonder mit Mini-Urne vereint Symbolik und Eleganz.  <br \/>Kompakt, zeitlos und emotional, bietet es eine liebevolle M\u00f6glichkeit, eine kleine Menge Kremasche aufzubewahren.<\/p>\n","protected":false},"featured_media":21174,"comment_status":"closed","ping_status":"open","template":"","meta":[],"product_brand":[],"product_cat":[737,854],"product_tag":[],"class_list":{"0":"post-19652","1":"product","2":"type-product","3":"status-publish","4":"has-post-thumbnail","6":"product_cat-urnen-de","7":"product_cat-weidenbaum-mit-mini-urne-wtu-8000","8":"pa_kleur-gold-de","10":"first","11":"instock","12":"purchasable","13":"product-type-simple"},"yoast_head":"<!-- This site is optimized with the Yoast SEO Premium plugin v27.5 (Yoast SEO v27.5) - https:\/\/yoast.com\/product\/yoast-seo-premium-wordpress\/ -->\n<title>WTU8006 | Weidenbaum Quiet Wonder mit Mini-Urne - Winkel voor Crematie-as in glas<\/title>\n<meta name=\"description\" content=\"Die Willow Quiet Wonder mit Mini-Urne vereint Symbolik und Eleganz. Kompakt, zeitlos und emotional, bietet es eine liebevolle M\u00f6glichkeit, eine kleine Menge Kremasche aufzubewahren.\" \/>\n<meta name=\"robots\" content=\"index, follow, max-snippet:-1, max-image-preview:large, max-video-preview:-1\" \/>\n<link rel=\"canonical\" href=\"https:\/\/crematieasinglas.nl\/de\/produkt\/wtu8006-weidenbaum-quiet-wonder-mit-mini-urne\/\" \/>\n<meta property=\"og:locale\" content=\"de_DE\" \/>\n<meta property=\"og:type\" content=\"article\" \/>\n<meta property=\"og:title\" content=\"WTU8006 | Weidenbaum Quiet Wonder mit Mini-Urne\" \/>\n<meta property=\"og:description\" content=\"Die Willow Quiet Wonder mit Mini-Urne vereint Symbolik und Eleganz. Kompakt, zeitlos und emotional, bietet es eine liebevolle M\u00f6glichkeit, eine kleine Menge Kremasche aufzubewahren.\" \/>\n<meta property=\"og:url\" content=\"https:\/\/crematieasinglas.nl\/de\/produkt\/wtu8006-weidenbaum-quiet-wonder-mit-mini-urne\/\" \/>\n<meta property=\"og:site_name\" content=\"Winkel voor Crematie-as in glas\" \/>\n<meta property=\"og:image\" content=\"https:\/\/crematieasinglas.nl\/wp-content\/uploads\/2025\/08\/crematie-as-urn-willow-tree-mini-urn-quiet-1-wtu8006.jpg\" \/>\n\t<meta property=\"og:image:width\" content=\"682\" \/>\n\t<meta property=\"og:image:height\" content=\"1024\" \/>\n\t<meta property=\"og:image:type\" content=\"image\/jpeg\" \/>\n<meta name=\"twitter:card\" content=\"summary_large_image\" \/>\n<meta name=\"twitter:label1\" content=\"Gesch\u00e4tzte Lesezeit\" \/>\n\t<meta name=\"twitter:data1\" content=\"2\u00a0Minuten\" \/>\n<script type=\"application\/ld+json\" class=\"yoast-schema-graph\">{\"@context\":\"https:\\\/\\\/schema.org\",\"@graph\":[{\"@type\":\"WebPage\",\"@id\":\"https:\\\/\\\/crematieasinglas.nl\\\/de\\\/produkt\\\/wtu8006-weidenbaum-quiet-wonder-mit-mini-urne\\\/\",\"url\":\"https:\\\/\\\/crematieasinglas.nl\\\/de\\\/produkt\\\/wtu8006-weidenbaum-quiet-wonder-mit-mini-urne\\\/\",\"name\":\"WTU8006 | Weidenbaum Quiet Wonder mit Mini-Urne - Winkel voor Crematie-as in glas\",\"isPartOf\":{\"@id\":\"https:\\\/\\\/crematieasinglas.nl\\\/#website\"},\"primaryImageOfPage\":{\"@id\":\"https:\\\/\\\/crematieasinglas.nl\\\/de\\\/produkt\\\/wtu8006-weidenbaum-quiet-wonder-mit-mini-urne\\\/#primaryimage\"},\"image\":{\"@id\":\"https:\\\/\\\/crematieasinglas.nl\\\/de\\\/produkt\\\/wtu8006-weidenbaum-quiet-wonder-mit-mini-urne\\\/#primaryimage\"},\"thumbnailUrl\":\"https:\\\/\\\/crematieasinglas.nl\\\/wp-content\\\/uploads\\\/2025\\\/08\\\/crematie-as-urn-willow-tree-mini-urn-quiet-1-wtu8006.jpg\",\"datePublished\":\"2025-10-22T07:36:07+00:00\",\"description\":\"Die Willow Quiet Wonder mit Mini-Urne vereint Symbolik und Eleganz. Kompakt, zeitlos und emotional, bietet es eine liebevolle M\u00f6glichkeit, eine kleine Menge Kremasche aufzubewahren.\",\"breadcrumb\":{\"@id\":\"https:\\\/\\\/crematieasinglas.nl\\\/de\\\/produkt\\\/wtu8006-weidenbaum-quiet-wonder-mit-mini-urne\\\/#breadcrumb\"},\"inLanguage\":\"de\",\"potentialAction\":[{\"@type\":\"ReadAction\",\"target\":[\"https:\\\/\\\/crematieasinglas.nl\\\/de\\\/produkt\\\/wtu8006-weidenbaum-quiet-wonder-mit-mini-urne\\\/\"]}]},{\"@type\":\"ImageObject\",\"inLanguage\":\"de\",\"@id\":\"https:\\\/\\\/crematieasinglas.nl\\\/de\\\/produkt\\\/wtu8006-weidenbaum-quiet-wonder-mit-mini-urne\\\/#primaryimage\",\"url\":\"https:\\\/\\\/crematieasinglas.nl\\\/wp-content\\\/uploads\\\/2025\\\/08\\\/crematie-as-urn-willow-tree-mini-urn-quiet-1-wtu8006.jpg\",\"contentUrl\":\"https:\\\/\\\/crematieasinglas.nl\\\/wp-content\\\/uploads\\\/2025\\\/08\\\/crematie-as-urn-willow-tree-mini-urn-quiet-1-wtu8006.jpg\",\"width\":682,\"height\":1024,\"caption\":\"Willow Tree figurine Quiet Wonder \u2013 gehurkt meisje dat een vlindertje in haar handen houdt\"},{\"@type\":\"BreadcrumbList\",\"@id\":\"https:\\\/\\\/crematieasinglas.nl\\\/de\\\/produkt\\\/wtu8006-weidenbaum-quiet-wonder-mit-mini-urne\\\/#breadcrumb\",\"itemListElement\":[{\"@type\":\"ListItem\",\"position\":1,\"name\":\"Home\",\"item\":\"https:\\\/\\\/crematieasinglas.nl\\\/\"},{\"@type\":\"ListItem\",\"position\":2,\"name\":\"Shop\",\"item\":\"https:\\\/\\\/crematieasinglas.nl\\\/de\\\/shop\\\/\"},{\"@type\":\"ListItem\",\"position\":3,\"name\":\"WTU8006 | Weidenbaum Quiet Wonder mit Mini-Urne\"}]},{\"@type\":\"WebSite\",\"@id\":\"https:\\\/\\\/crematieasinglas.nl\\\/#website\",\"url\":\"https:\\\/\\\/crematieasinglas.nl\\\/\",\"name\":\"Winkel voor Crematie-as in glas\",\"description\":\"Een winkel voor crematieasinglas.nl\",\"publisher\":{\"@id\":\"https:\\\/\\\/crematieasinglas.nl\\\/#organization\"},\"potentialAction\":[{\"@type\":\"SearchAction\",\"target\":{\"@type\":\"EntryPoint\",\"urlTemplate\":\"https:\\\/\\\/crematieasinglas.nl\\\/?s={search_term_string}\"},\"query-input\":{\"@type\":\"PropertyValueSpecification\",\"valueRequired\":true,\"valueName\":\"search_term_string\"}}],\"inLanguage\":\"de\"},{\"@type\":\"Organization\",\"@id\":\"https:\\\/\\\/crematieasinglas.nl\\\/#organization\",\"name\":\"Dierbaarasinglas.nl\",\"alternateName\":\"Crematieasinglas.nl\",\"url\":\"https:\\\/\\\/crematieasinglas.nl\\\/\",\"logo\":{\"@type\":\"ImageObject\",\"inLanguage\":\"de\",\"@id\":\"https:\\\/\\\/crematieasinglas.nl\\\/#\\\/schema\\\/logo\\\/image\\\/\",\"url\":\"https:\\\/\\\/crematieasinglas.nl\\\/wp-content\\\/uploads\\\/2024\\\/10\\\/logo-02-playfair-googlefont-met-hartje-02.png\",\"contentUrl\":\"https:\\\/\\\/crematieasinglas.nl\\\/wp-content\\\/uploads\\\/2024\\\/10\\\/logo-02-playfair-googlefont-met-hartje-02.png\",\"width\":582,\"height\":136,\"caption\":\"Dierbaarasinglas.nl\"},\"image\":{\"@id\":\"https:\\\/\\\/crematieasinglas.nl\\\/#\\\/schema\\\/logo\\\/image\\\/\"}}]}<\/script>\n<!-- \/ Yoast SEO Premium plugin. -->","yoast_head_json":{"title":"WTU8006 | Weidenbaum Quiet Wonder mit Mini-Urne - Winkel voor Crematie-as in glas","description":"Die Willow Quiet Wonder mit Mini-Urne vereint Symbolik und Eleganz. Kompakt, zeitlos und emotional, bietet es eine liebevolle M\u00f6glichkeit, eine kleine Menge Kremasche aufzubewahren.","robots":{"index":"index","follow":"follow","max-snippet":"max-snippet:-1","max-image-preview":"max-image-preview:large","max-video-preview":"max-video-preview:-1"},"canonical":"https:\/\/crematieasinglas.nl\/de\/produkt\/wtu8006-weidenbaum-quiet-wonder-mit-mini-urne\/","og_locale":"de_DE","og_type":"article","og_title":"WTU8006 | Weidenbaum Quiet Wonder mit Mini-Urne","og_description":"Die Willow Quiet Wonder mit Mini-Urne vereint Symbolik und Eleganz. Kompakt, zeitlos und emotional, bietet es eine liebevolle M\u00f6glichkeit, eine kleine Menge Kremasche aufzubewahren.","og_url":"https:\/\/crematieasinglas.nl\/de\/produkt\/wtu8006-weidenbaum-quiet-wonder-mit-mini-urne\/","og_site_name":"Winkel voor Crematie-as in glas","og_image":[{"width":682,"height":1024,"url":"https:\/\/crematieasinglas.nl\/wp-content\/uploads\/2025\/08\/crematie-as-urn-willow-tree-mini-urn-quiet-1-wtu8006.jpg","type":"image\/jpeg"}],"twitter_card":"summary_large_image","twitter_misc":{"Gesch\u00e4tzte Lesezeit":"2\u00a0Minuten"},"schema":{"@context":"https:\/\/schema.org","@graph":[{"@type":"WebPage","@id":"https:\/\/crematieasinglas.nl\/de\/produkt\/wtu8006-weidenbaum-quiet-wonder-mit-mini-urne\/","url":"https:\/\/crematieasinglas.nl\/de\/produkt\/wtu8006-weidenbaum-quiet-wonder-mit-mini-urne\/","name":"WTU8006 | Weidenbaum Quiet Wonder mit Mini-Urne - Winkel voor Crematie-as in glas","isPartOf":{"@id":"https:\/\/crematieasinglas.nl\/#website"},"primaryImageOfPage":{"@id":"https:\/\/crematieasinglas.nl\/de\/produkt\/wtu8006-weidenbaum-quiet-wonder-mit-mini-urne\/#primaryimage"},"image":{"@id":"https:\/\/crematieasinglas.nl\/de\/produkt\/wtu8006-weidenbaum-quiet-wonder-mit-mini-urne\/#primaryimage"},"thumbnailUrl":"https:\/\/crematieasinglas.nl\/wp-content\/uploads\/2025\/08\/crematie-as-urn-willow-tree-mini-urn-quiet-1-wtu8006.jpg","datePublished":"2025-10-22T07:36:07+00:00","description":"Die Willow Quiet Wonder mit Mini-Urne vereint Symbolik und Eleganz. Kompakt, zeitlos und emotional, bietet es eine liebevolle M\u00f6glichkeit, eine kleine Menge Kremasche aufzubewahren.","breadcrumb":{"@id":"https:\/\/crematieasinglas.nl\/de\/produkt\/wtu8006-weidenbaum-quiet-wonder-mit-mini-urne\/#breadcrumb"},"inLanguage":"de","potentialAction":[{"@type":"ReadAction","target":["https:\/\/crematieasinglas.nl\/de\/produkt\/wtu8006-weidenbaum-quiet-wonder-mit-mini-urne\/"]}]},{"@type":"ImageObject","inLanguage":"de","@id":"https:\/\/crematieasinglas.nl\/de\/produkt\/wtu8006-weidenbaum-quiet-wonder-mit-mini-urne\/#primaryimage","url":"https:\/\/crematieasinglas.nl\/wp-content\/uploads\/2025\/08\/crematie-as-urn-willow-tree-mini-urn-quiet-1-wtu8006.jpg","contentUrl":"https:\/\/crematieasinglas.nl\/wp-content\/uploads\/2025\/08\/crematie-as-urn-willow-tree-mini-urn-quiet-1-wtu8006.jpg","width":682,"height":1024,"caption":"Willow Tree figurine Quiet Wonder \u2013 gehurkt meisje dat een vlindertje in haar handen houdt"},{"@type":"BreadcrumbList","@id":"https:\/\/crematieasinglas.nl\/de\/produkt\/wtu8006-weidenbaum-quiet-wonder-mit-mini-urne\/#breadcrumb","itemListElement":[{"@type":"ListItem","position":1,"name":"Home","item":"https:\/\/crematieasinglas.nl\/"},{"@type":"ListItem","position":2,"name":"Shop","item":"https:\/\/crematieasinglas.nl\/de\/shop\/"},{"@type":"ListItem","position":3,"name":"WTU8006 | Weidenbaum Quiet Wonder mit Mini-Urne"}]},{"@type":"WebSite","@id":"https:\/\/crematieasinglas.nl\/#website","url":"https:\/\/crematieasinglas.nl\/","name":"Winkel voor Crematie-as in glas","description":"Een winkel voor crematieasinglas.nl","publisher":{"@id":"https:\/\/crematieasinglas.nl\/#organization"},"potentialAction":[{"@type":"SearchAction","target":{"@type":"EntryPoint","urlTemplate":"https:\/\/crematieasinglas.nl\/?s={search_term_string}"},"query-input":{"@type":"PropertyValueSpecification","valueRequired":true,"valueName":"search_term_string"}}],"inLanguage":"de"},{"@type":"Organization","@id":"https:\/\/crematieasinglas.nl\/#organization","name":"Dierbaarasinglas.nl","alternateName":"Crematieasinglas.nl","url":"https:\/\/crematieasinglas.nl\/","logo":{"@type":"ImageObject","inLanguage":"de","@id":"https:\/\/crematieasinglas.nl\/#\/schema\/logo\/image\/","url":"https:\/\/crematieasinglas.nl\/wp-content\/uploads\/2024\/10\/logo-02-playfair-googlefont-met-hartje-02.png","contentUrl":"https:\/\/crematieasinglas.nl\/wp-content\/uploads\/2024\/10\/logo-02-playfair-googlefont-met-hartje-02.png","width":582,"height":136,"caption":"Dierbaarasinglas.nl"},"image":{"@id":"https:\/\/crematieasinglas.nl\/#\/schema\/logo\/image\/"}}]}},"_links":{"self":[{"href":"https:\/\/crematieasinglas.nl\/de\/wp-json\/wp\/v2\/product\/19652","targetHints":{"allow":["GET"]}}],"collection":[{"href":"https:\/\/crematieasinglas.nl\/de\/wp-json\/wp\/v2\/product"}],"about":[{"href":"https:\/\/crematieasinglas.nl\/de\/wp-json\/wp\/v2\/types\/product"}],"replies":[{"embeddable":true,"href":"https:\/\/crematieasinglas.nl\/de\/wp-json\/wp\/v2\/comments?post=19652"}],"wp:featuredmedia":[{"embeddable":true,"href":"https:\/\/crematieasinglas.nl\/de\/wp-json\/wp\/v2\/media\/21174"}],"wp:attachment":[{"href":"https:\/\/crematieasinglas.nl\/de\/wp-json\/wp\/v2\/media?parent=19652"}],"wp:term":[{"taxonomy":"product_brand","embeddable":true,"href":"https:\/\/crematieasinglas.nl\/de\/wp-json\/wp\/v2\/product_brand?post=19652"},{"taxonomy":"product_cat","embeddable":true,"href":"https:\/\/crematieasinglas.nl\/de\/wp-json\/wp\/v2\/product_cat?post=19652"},{"taxonomy":"product_tag","embeddable":true,"href":"https:\/\/crematieasinglas.nl\/de\/wp-json\/wp\/v2\/product_tag?post=19652"}],"curies":[{"name":"wp","href":"https:\/\/api.w.org\/{rel}","templated":true}]}}