{"id":19639,"date":"2025-10-22T07:37:04","date_gmt":"2025-10-22T07:37:04","guid":{"rendered":"https:\/\/ebdxvyckeo.onrocket.site\/product\/wtu8024-weidenbaum-mit-mini-urne\/"},"modified":"2025-03-04T13:01:30","modified_gmt":"2025-03-04T13:01:30","slug":"wtu8024-weidenbaum-mit-mini-urne","status":"publish","type":"product","link":"https:\/\/crematieasinglas.nl\/de\/produkt\/wtu8024-weidenbaum-mit-mini-urne\/","title":{"rendered":"WTU8024 | Weidenbaum mit Mini-Urne"},"content":{"rendered":"<p>Artikelnummer: WTU8024<br \/>\nKollektion: Urnen<br \/>\nKategorie: Weidenbaum mit Mini-Urne | WTU 8000<\/p>\n<h3>8 Arbeitstage, nach Erhalt der Asche<\/h3>\n<p>:<\/p>\n<h3>Lieferfrist<\/h3>\n<p><strong>Definition:<\/strong><br \/>\nBitte beachten Sie, dass Sie diese Gedenkstatue nicht selbst zu Hause bef\u00fcllen k\u00f6nnen, sondern von Jet f\u00fcr Sie handgefertigt werden. Bei den Figuren handelt es sich um die offiziellen Figuren von Willow Tree, auf denen mittels eines stabilen Schraubsystems eine handgefertigte Mini-Urne aus Glas, bearbeitet mit Kremationsasche oder Haaren, montiert wird. Die Ein\u00e4scherungsasche wird in das Glas eingeschmolzen. Wenn Sie es vorziehen, Haare in der Mini-Urne verarbeiten zu lassen, werden die Haare unversehrt in einer mundgeblasenen hohlen Mini-Urne aus Glas verarbeitet. Die gezeigten Fotos zeigen ein Beispiel daf\u00fcr, wie die Gedenkstatue aussehen wird. Bitte beachten Sie, dass die Mini-Urne Ihrer Figur nicht genau gleich sein kann, da Haare unterschiedliche Farben haben k\u00f6nnen und die Mini-Urne aus Glas handgefertigt ist. Die Farben der Mini-Urne aus Glas sind transparent mit metallischem Gold. (und eine sichtbare Verarbeitung der Asche oder Haare). Nach Erhalt der Ein\u00e4scherungsasche oder Haarlocke wird Ihre Gedenkstatue (und alle verbleibenden Haare oder Ein\u00e4scherungsasche) innerhalb von 8 Werktagen per DHL-Paketpost an Sie zur\u00fcckgeschickt. Die Asche der Ein\u00e4scherung in glas.nl ist eine eingetragene und garantierte Marke, die Ihnen die Garantie f\u00fcr ein einzigartiges und hochwertiges handgefertigtes Produkt ohne Repliken oder Massenproduktion gibt        <\/p>\n<p>H\u00f6he: 21 cm<br \/>\nBreite: 7 cm<br \/>\nTiefe: 7 cm<br \/>\nFarbe: gold<br \/>\nInhalt:<br \/>\n Lagerbestand: 1 Lagerartikel<\/p>\n<p><strong>Lieferung:<\/strong><br \/>\n<strong>Nachdem Sie Ihre Bestellung <\/strong>der ausgew\u00e4hlten Weidenbaumfigur mit Ein\u00e4scherung, Asche oder Haarverarbeitung aufgegeben haben, werde ich Sie per E-Mail kontaktieren, um Ihnen die Versandinformationen mitzuteilen.<br \/>\nHiermit sende ich Ihnen ein kostenloses digitales Versandetikett (nur bei niederl\u00e4ndischen Adressen m\u00f6glich), mit dem Sie mir eine kleine Menge Ein\u00e4scherungsasche (2 Thelipelts) oder eine Haarstr\u00e4hne (etwa eine Menge von 1 Bleistiftst\u00e4rke von 5cm L\u00e4nge reicht aus) senden k\u00f6nnen. F\u00fcr Kunden au\u00dferhalb der Niederlande ist es mir nicht m\u00f6glich, diesen Stempel zu beantragen, ein ausl\u00e4ndischer Versandstempel, um mir die Ein\u00e4scherung, Asche oder Haarlocke zu schicken, kann nicht erstattet werden. Ich m\u00f6chte dir Tipps geben, wie du mir die Ein\u00e4scherungsasche oder die Haarlocke am besten (auch aus dem Ausland) zukommen lassen kannst.<br \/>\nDas niederl\u00e4ndische Versandetikett ist ein Etikett f\u00fcr ein DHL-Briefkastenpaket, das direkt bei mir ankommt, und Sie k\u00f6nnen es per Sendungsverfolgung verfolgen.<br \/>\nDas Briefkastenpaket mit der Ein\u00e4scherung, Asche oder der Haarlocke k\u00f6nnen Sie innerhalb von 5 Tagen kostenlos an einer DHL-Abgabestelle abgeben. In der Informations-E-Mail erkl\u00e4re ich Ihnen auch die Ma\u00dfe des Briefkastenpakets und die n\u00e4chstgelegene Abgabestelle in Ihrer N\u00e4he. Ein sicherer und nachverfolgbarer Transport war bisher immer garantiert, aber wir k\u00f6nnen keine Verantwortung \u00fcbernehmen, wenn dies unerwartet mit dem Spediteur schief geht.<br \/>\nSelbstverst\u00e4ndlich ist es auch m\u00f6glich, die Ein\u00e4scherung, Asche oder Haarlocke nach Terminabsprache bei uns im Showroom am Hoogakker 2E in Hapert abzugeben. Einen Termin daf\u00fcr k\u00f6nnen Sie auf unserer Website crematieasinglas.nl vereinbaren. Nachdem ich die Asche oder die Haarlocke erhalten habe, werde ich mit gro\u00dfer Sorgfalt an Ihrer Souvenirstatue von Willow Tree arbeiten.      <\/p>\n<p>Video:<\/p>\n","protected":false},"excerpt":{"rendered":"<p>Weidenbaum in meiner N\u00e4he mit Mini-Urne<\/p>\n","protected":false},"featured_media":21264,"comment_status":"closed","ping_status":"open","template":"","meta":[],"product_brand":[],"product_cat":[737,854],"product_tag":[],"class_list":{"0":"post-19639","1":"product","2":"type-product","3":"status-publish","4":"has-post-thumbnail","6":"product_cat-urnen-de","7":"product_cat-weidenbaum-mit-mini-urne-wtu-8000","8":"pa_kleur-gold-de","10":"first","11":"instock","12":"purchasable","13":"product-type-simple"},"yoast_head":"<!-- This site is optimized with the Yoast SEO Premium plugin v27.5 (Yoast SEO v27.5) - https:\/\/yoast.com\/product\/yoast-seo-premium-wordpress\/ -->\n<title>WTU8024 | Weidenbaum mit Mini-Urne - Winkel voor Crematie-as in glas<\/title>\n<meta name=\"description\" content=\"Weidenbaum in meiner N\u00e4he mit Mini-Urne\" \/>\n<meta name=\"robots\" content=\"index, follow, max-snippet:-1, max-image-preview:large, max-video-preview:-1\" \/>\n<link rel=\"canonical\" href=\"https:\/\/crematieasinglas.nl\/produkt\/wtu8024-willow-tree-met-mini-urn\/\" \/>\n<meta property=\"og:locale\" content=\"de_DE\" \/>\n<meta property=\"og:type\" content=\"article\" \/>\n<meta property=\"og:title\" content=\"WTU8024 | Weidenbaum mit Mini-Urne\" \/>\n<meta property=\"og:description\" content=\"Weidenbaum in meiner N\u00e4he mit Mini-Urne\" \/>\n<meta property=\"og:url\" content=\"https:\/\/crematieasinglas.nl\/produkt\/wtu8024-willow-tree-met-mini-urn\/\" \/>\n<meta property=\"og:site_name\" content=\"Winkel voor Crematie-as in glas\" \/>\n<meta property=\"og:image\" content=\"https:\/\/crematieasinglas.nl\/wp-content\/uploads\/2025\/08\/crematie-as-urn-willow-tree-mini-urn-close-to-me-1-wtu8024.jpg\" \/>\n\t<meta property=\"og:image:width\" content=\"1333\" \/>\n\t<meta property=\"og:image:height\" content=\"2000\" \/>\n\t<meta property=\"og:image:type\" content=\"image\/jpeg\" \/>\n<meta name=\"twitter:card\" content=\"summary_large_image\" \/>\n<meta name=\"twitter:label1\" content=\"Gesch\u00e4tzte Lesezeit\" \/>\n\t<meta name=\"twitter:data1\" content=\"3\u00a0Minuten\" \/>\n<script type=\"application\/ld+json\" class=\"yoast-schema-graph\">{\"@context\":\"https:\\\/\\\/schema.org\",\"@graph\":[{\"@type\":\"WebPage\",\"@id\":\"https:\\\/\\\/crematieasinglas.nl\\\/produkt\\\/wtu8024-willow-tree-met-mini-urn\\\/\",\"url\":\"https:\\\/\\\/crematieasinglas.nl\\\/produkt\\\/wtu8024-willow-tree-met-mini-urn\\\/\",\"name\":\"WTU8024 | Weidenbaum mit Mini-Urne - Winkel voor Crematie-as in glas\",\"isPartOf\":{\"@id\":\"https:\\\/\\\/crematieasinglas.nl\\\/#website\"},\"primaryImageOfPage\":{\"@id\":\"https:\\\/\\\/crematieasinglas.nl\\\/produkt\\\/wtu8024-willow-tree-met-mini-urn\\\/#primaryimage\"},\"image\":{\"@id\":\"https:\\\/\\\/crematieasinglas.nl\\\/produkt\\\/wtu8024-willow-tree-met-mini-urn\\\/#primaryimage\"},\"thumbnailUrl\":\"https:\\\/\\\/crematieasinglas.nl\\\/wp-content\\\/uploads\\\/2025\\\/08\\\/crematie-as-urn-willow-tree-mini-urn-close-to-me-1-wtu8024.jpg\",\"datePublished\":\"2025-10-22T07:37:04+00:00\",\"description\":\"Weidenbaum in meiner N\u00e4he mit Mini-Urne\",\"breadcrumb\":{\"@id\":\"https:\\\/\\\/crematieasinglas.nl\\\/produkt\\\/wtu8024-willow-tree-met-mini-urn\\\/#breadcrumb\"},\"inLanguage\":\"de\",\"potentialAction\":[{\"@type\":\"ReadAction\",\"target\":[\"https:\\\/\\\/crematieasinglas.nl\\\/produkt\\\/wtu8024-willow-tree-met-mini-urn\\\/\"]}]},{\"@type\":\"ImageObject\",\"inLanguage\":\"de\",\"@id\":\"https:\\\/\\\/crematieasinglas.nl\\\/produkt\\\/wtu8024-willow-tree-met-mini-urn\\\/#primaryimage\",\"url\":\"https:\\\/\\\/crematieasinglas.nl\\\/wp-content\\\/uploads\\\/2025\\\/08\\\/crematie-as-urn-willow-tree-mini-urn-close-to-me-1-wtu8024.jpg\",\"contentUrl\":\"https:\\\/\\\/crematieasinglas.nl\\\/wp-content\\\/uploads\\\/2025\\\/08\\\/crematie-as-urn-willow-tree-mini-urn-close-to-me-1-wtu8024.jpg\",\"width\":1333,\"height\":2000,\"caption\":\"Willow Tree figurine Close to Me \u2013 moeder en dochter in innige omhelzing\"},{\"@type\":\"BreadcrumbList\",\"@id\":\"https:\\\/\\\/crematieasinglas.nl\\\/produkt\\\/wtu8024-willow-tree-met-mini-urn\\\/#breadcrumb\",\"itemListElement\":[{\"@type\":\"ListItem\",\"position\":1,\"name\":\"Home\",\"item\":\"https:\\\/\\\/crematieasinglas.nl\\\/\"},{\"@type\":\"ListItem\",\"position\":2,\"name\":\"Shop\",\"item\":\"https:\\\/\\\/crematieasinglas.nl\\\/de\\\/shop\\\/\"},{\"@type\":\"ListItem\",\"position\":3,\"name\":\"WTU8024 | Weidenbaum mit Mini-Urne\"}]},{\"@type\":\"WebSite\",\"@id\":\"https:\\\/\\\/crematieasinglas.nl\\\/#website\",\"url\":\"https:\\\/\\\/crematieasinglas.nl\\\/\",\"name\":\"Winkel voor Crematie-as in glas\",\"description\":\"Een winkel voor crematieasinglas.nl\",\"publisher\":{\"@id\":\"https:\\\/\\\/crematieasinglas.nl\\\/#organization\"},\"potentialAction\":[{\"@type\":\"SearchAction\",\"target\":{\"@type\":\"EntryPoint\",\"urlTemplate\":\"https:\\\/\\\/crematieasinglas.nl\\\/?s={search_term_string}\"},\"query-input\":{\"@type\":\"PropertyValueSpecification\",\"valueRequired\":true,\"valueName\":\"search_term_string\"}}],\"inLanguage\":\"de\"},{\"@type\":\"Organization\",\"@id\":\"https:\\\/\\\/crematieasinglas.nl\\\/#organization\",\"name\":\"Dierbaarasinglas.nl\",\"alternateName\":\"Crematieasinglas.nl\",\"url\":\"https:\\\/\\\/crematieasinglas.nl\\\/\",\"logo\":{\"@type\":\"ImageObject\",\"inLanguage\":\"de\",\"@id\":\"https:\\\/\\\/crematieasinglas.nl\\\/#\\\/schema\\\/logo\\\/image\\\/\",\"url\":\"https:\\\/\\\/crematieasinglas.nl\\\/wp-content\\\/uploads\\\/2024\\\/10\\\/logo-02-playfair-googlefont-met-hartje-02.png\",\"contentUrl\":\"https:\\\/\\\/crematieasinglas.nl\\\/wp-content\\\/uploads\\\/2024\\\/10\\\/logo-02-playfair-googlefont-met-hartje-02.png\",\"width\":582,\"height\":136,\"caption\":\"Dierbaarasinglas.nl\"},\"image\":{\"@id\":\"https:\\\/\\\/crematieasinglas.nl\\\/#\\\/schema\\\/logo\\\/image\\\/\"}}]}<\/script>\n<!-- \/ Yoast SEO Premium plugin. -->","yoast_head_json":{"title":"WTU8024 | Weidenbaum mit Mini-Urne - Winkel voor Crematie-as in glas","description":"Weidenbaum in meiner N\u00e4he mit Mini-Urne","robots":{"index":"index","follow":"follow","max-snippet":"max-snippet:-1","max-image-preview":"max-image-preview:large","max-video-preview":"max-video-preview:-1"},"canonical":"https:\/\/crematieasinglas.nl\/produkt\/wtu8024-willow-tree-met-mini-urn\/","og_locale":"de_DE","og_type":"article","og_title":"WTU8024 | Weidenbaum mit Mini-Urne","og_description":"Weidenbaum in meiner N\u00e4he mit Mini-Urne","og_url":"https:\/\/crematieasinglas.nl\/produkt\/wtu8024-willow-tree-met-mini-urn\/","og_site_name":"Winkel voor Crematie-as in glas","og_image":[{"width":1333,"height":2000,"url":"https:\/\/crematieasinglas.nl\/wp-content\/uploads\/2025\/08\/crematie-as-urn-willow-tree-mini-urn-close-to-me-1-wtu8024.jpg","type":"image\/jpeg"}],"twitter_card":"summary_large_image","twitter_misc":{"Gesch\u00e4tzte Lesezeit":"3\u00a0Minuten"},"schema":{"@context":"https:\/\/schema.org","@graph":[{"@type":"WebPage","@id":"https:\/\/crematieasinglas.nl\/produkt\/wtu8024-willow-tree-met-mini-urn\/","url":"https:\/\/crematieasinglas.nl\/produkt\/wtu8024-willow-tree-met-mini-urn\/","name":"WTU8024 | Weidenbaum mit Mini-Urne - Winkel voor Crematie-as in glas","isPartOf":{"@id":"https:\/\/crematieasinglas.nl\/#website"},"primaryImageOfPage":{"@id":"https:\/\/crematieasinglas.nl\/produkt\/wtu8024-willow-tree-met-mini-urn\/#primaryimage"},"image":{"@id":"https:\/\/crematieasinglas.nl\/produkt\/wtu8024-willow-tree-met-mini-urn\/#primaryimage"},"thumbnailUrl":"https:\/\/crematieasinglas.nl\/wp-content\/uploads\/2025\/08\/crematie-as-urn-willow-tree-mini-urn-close-to-me-1-wtu8024.jpg","datePublished":"2025-10-22T07:37:04+00:00","description":"Weidenbaum in meiner N\u00e4he mit Mini-Urne","breadcrumb":{"@id":"https:\/\/crematieasinglas.nl\/produkt\/wtu8024-willow-tree-met-mini-urn\/#breadcrumb"},"inLanguage":"de","potentialAction":[{"@type":"ReadAction","target":["https:\/\/crematieasinglas.nl\/produkt\/wtu8024-willow-tree-met-mini-urn\/"]}]},{"@type":"ImageObject","inLanguage":"de","@id":"https:\/\/crematieasinglas.nl\/produkt\/wtu8024-willow-tree-met-mini-urn\/#primaryimage","url":"https:\/\/crematieasinglas.nl\/wp-content\/uploads\/2025\/08\/crematie-as-urn-willow-tree-mini-urn-close-to-me-1-wtu8024.jpg","contentUrl":"https:\/\/crematieasinglas.nl\/wp-content\/uploads\/2025\/08\/crematie-as-urn-willow-tree-mini-urn-close-to-me-1-wtu8024.jpg","width":1333,"height":2000,"caption":"Willow Tree figurine Close to Me \u2013 moeder en dochter in innige omhelzing"},{"@type":"BreadcrumbList","@id":"https:\/\/crematieasinglas.nl\/produkt\/wtu8024-willow-tree-met-mini-urn\/#breadcrumb","itemListElement":[{"@type":"ListItem","position":1,"name":"Home","item":"https:\/\/crematieasinglas.nl\/"},{"@type":"ListItem","position":2,"name":"Shop","item":"https:\/\/crematieasinglas.nl\/de\/shop\/"},{"@type":"ListItem","position":3,"name":"WTU8024 | Weidenbaum mit Mini-Urne"}]},{"@type":"WebSite","@id":"https:\/\/crematieasinglas.nl\/#website","url":"https:\/\/crematieasinglas.nl\/","name":"Winkel voor Crematie-as in glas","description":"Een winkel voor crematieasinglas.nl","publisher":{"@id":"https:\/\/crematieasinglas.nl\/#organization"},"potentialAction":[{"@type":"SearchAction","target":{"@type":"EntryPoint","urlTemplate":"https:\/\/crematieasinglas.nl\/?s={search_term_string}"},"query-input":{"@type":"PropertyValueSpecification","valueRequired":true,"valueName":"search_term_string"}}],"inLanguage":"de"},{"@type":"Organization","@id":"https:\/\/crematieasinglas.nl\/#organization","name":"Dierbaarasinglas.nl","alternateName":"Crematieasinglas.nl","url":"https:\/\/crematieasinglas.nl\/","logo":{"@type":"ImageObject","inLanguage":"de","@id":"https:\/\/crematieasinglas.nl\/#\/schema\/logo\/image\/","url":"https:\/\/crematieasinglas.nl\/wp-content\/uploads\/2024\/10\/logo-02-playfair-googlefont-met-hartje-02.png","contentUrl":"https:\/\/crematieasinglas.nl\/wp-content\/uploads\/2024\/10\/logo-02-playfair-googlefont-met-hartje-02.png","width":582,"height":136,"caption":"Dierbaarasinglas.nl"},"image":{"@id":"https:\/\/crematieasinglas.nl\/#\/schema\/logo\/image\/"}}]}},"_links":{"self":[{"href":"https:\/\/crematieasinglas.nl\/de\/wp-json\/wp\/v2\/product\/19639","targetHints":{"allow":["GET"]}}],"collection":[{"href":"https:\/\/crematieasinglas.nl\/de\/wp-json\/wp\/v2\/product"}],"about":[{"href":"https:\/\/crematieasinglas.nl\/de\/wp-json\/wp\/v2\/types\/product"}],"replies":[{"embeddable":true,"href":"https:\/\/crematieasinglas.nl\/de\/wp-json\/wp\/v2\/comments?post=19639"}],"wp:featuredmedia":[{"embeddable":true,"href":"https:\/\/crematieasinglas.nl\/de\/wp-json\/wp\/v2\/media\/21264"}],"wp:attachment":[{"href":"https:\/\/crematieasinglas.nl\/de\/wp-json\/wp\/v2\/media?parent=19639"}],"wp:term":[{"taxonomy":"product_brand","embeddable":true,"href":"https:\/\/crematieasinglas.nl\/de\/wp-json\/wp\/v2\/product_brand?post=19639"},{"taxonomy":"product_cat","embeddable":true,"href":"https:\/\/crematieasinglas.nl\/de\/wp-json\/wp\/v2\/product_cat?post=19639"},{"taxonomy":"product_tag","embeddable":true,"href":"https:\/\/crematieasinglas.nl\/de\/wp-json\/wp\/v2\/product_tag?post=19639"}],"curies":[{"name":"wp","href":"https:\/\/api.w.org\/{rel}","templated":true}]}}