{"id":19625,"date":"2025-08-26T20:33:02","date_gmt":"2025-08-26T20:33:02","guid":{"rendered":"https:\/\/ebdxvyckeo.onrocket.site\/product\/hsla3039-einaescherung-asche-herren-gedenkarmband-leder\/"},"modified":"2025-04-03T11:43:08","modified_gmt":"2025-04-03T11:43:08","slug":"hsla3039-einaescherung-asche-herren-gedenkarmband-leder","status":"publish","type":"product","link":"https:\/\/crematieasinglas.nl\/de\/produkt\/hsla3039-einaescherung-asche-herren-gedenkarmband-leder\/","title":{"rendered":"HSLA3039 | Ein\u00e4scherung Asche Herren Gedenkarmband Leder"},"content":{"rendered":"<p>Code-Nummer: HSLA3039<br \/>\nKollektion: F\u00fcr Ihn<br \/>\nKategorie: Herren-Lederarmb\u00e4nder<\/p>\n<h3>\n<h3>Lieferfrist<\/h3>\n<\/h3>\n<p>:<\/p>\n<h3>\n<h3>8 Arbeitstage, nach Erhalt der Asche<\/h3>\n<\/h3>\n<p><strong>Definition:<\/strong><br \/>\nBitte beachten Sie, dass Sie dieses Schmuckst\u00fcck nicht selbst zu Hause bef\u00fcllen k\u00f6nnen, sondern es wird von Jet f\u00fcr Sie handgefertigt, wobei die Asche der Ein\u00e4scherung in den mittleren transparenten braunen Glasanh\u00e4nger geblasen\/geschmolzen wird!  <\/p>\n<p>Der Kremation Asche Glasanh\u00e4nger befindet sich zwischen 2 anderen Braunglasanh\u00e4ngern und Edelstahl Vintage Anh\u00e4ngern. Die Asche der Feuerbestattung ist im Glasanh\u00e4nger sichtbar. Das Armband besteht aus 3 schwarzen Lederarmb\u00e4ndern, darunter 1 flaches und 2 glatte Armb\u00e4nder, sowie 1 geflochtenes braunes Lederarmband. Das Armband ist mit einem starken schwarzen Magnetverschluss aus Edelstahl versehen. Bitte beachten Sie, dass ein Magnetverschluss nicht \u00fcberm\u00e4\u00dfiger Feuchtigkeit, Parf\u00fcm und Schwei\u00df ausgesetzt werden sollte. Um die starke Leitf\u00e4higkeit des Magneten zu erhalten, sollten Sie den Schmuck beim Schwimmen, Schlafen, Duschen und Sport abnehmen.       <\/p>\n<p>Die gezeigten Fotos zeigen ein Beispiel daf\u00fcr, wie der Gedenkschmuck aussehen wird. Bitte beachten Sie, dass Ihr Asche Asche Glasanh\u00e4nger nicht genau gleich sein kann, da Ihr Gedenkanh\u00e4nger handgefertigt ist.  Nach Erhalt der Feuerbestattungsasche erhalten Sie Ihren Gedenkschmuck und die restliche Ein\u00e4scherungsasche innerhalb von 8 Werktagen per Paketpost oder Briefkasten-Paketpost von DHL an Sie zur\u00fcck.  <\/p>\n<p>Sollte es im Vorfeld Ihrer Bestellung Fragen geben, beantworte ich diese gerne f\u00fcr Sie. Die Ein\u00e4scherung der Asche in glas.nl ist eine eingetragene und garantierte Marke, die Ihnen die Garantie f\u00fcr ein einzigartiges und hochwertiges handgefertigtes Produkt ohne Nachbildungen oder Massenproduktion gibt.<\/p>\n<p><strong>Information:<\/strong><br \/>\nH\u00f6he: 2,5 cm<br \/>\nBreite: Sonderanfertigung<br \/>\nTiefe:<br \/>\nFarbe: schwarz\/braun<br \/>\nInhalt:<br \/>\nLagerbestand: 2 Lagerartikel<\/p>\n<p><strong>Lieferung:<\/strong><br \/>\nNachdem Sie das ausgew\u00e4hlte Herrenarmband mit Ein\u00e4scherungsasche bestellt haben, melde ich mich per E-Mail bei Ihnen bei Fragen zur Gr\u00f6\u00dfe Ihres Handgelenks. Ich gebe Ihnen einfache Tipps, um eine korrekte Messung weitergeben zu k\u00f6nnen.   <\/p>\n<p>Nachdem ich diese Informationen erhalten habe, sende ich Ihnen ein kostenloses digitales Versandetikett zu (nur bei niederl\u00e4ndischen Adressen m\u00f6glich), mit dem Sie mir die Ein\u00e4scherungsasche zusenden k\u00f6nnen (etwa eine Menge von 2 Teel\u00f6ffeln reicht aus). F\u00fcr Kunden au\u00dferhalb der Niederlande ist es mir nicht m\u00f6glich, diesen Stempel zu beantragen, ein ausl\u00e4ndischer Versandstempel, um die Ein\u00e4scherungsasche an mich zu senden, kann nicht erstattet werden.   <\/p>\n<p>Ich m\u00f6chte Ihnen Tipps geben, wie Sie mir die Ein\u00e4scherungsasche am besten (auch aus dem Ausland) zukommen lassen k\u00f6nnen. Das niederl\u00e4ndische Versandetikett ist ein Etikett f\u00fcr ein DHL-Briefkastenpaket, das direkt bei mir ankommt, und Sie k\u00f6nnen es per Sendungsverfolgung verfolgen. Sie k\u00f6nnen das Briefkastenpaket mit der Ein\u00e4scherung innerhalb von 5 Tagen kostenlos an einer DHL-Abgabestelle zur\u00fccksenden. In dieser E-Mail erkl\u00e4re ich Ihnen auch die Abmessungen des Briefkastenpakets und welche n\u00e4chstgelegene Abgabestelle Sie in der Umgebung haben.     <\/p>\n<p>Ein sicherer und nachverfolgbarer Transport war bisher immer garantiert, aber wir k\u00f6nnen keine Verantwortung \u00fcbernehmen, wenn dies unerwartet mit dem Spediteur schief geht. Selbstverst\u00e4ndlich ist es auch m\u00f6glich, die Ein\u00e4scherungsasche nach Terminabsprache in unseren Showroom am Hoogakker 2E in Hapert zu liefern. Einen Termin daf\u00fcr k\u00f6nnen Sie auf unserer Website crematieasinglas.nl vereinbaren. Nach Erhalt der Ein\u00e4scherungsasche werde ich mit gro\u00dfer Sorgfalt an Ihrem Gedenkschmuck arbeiten.  <\/p>\n<p> <a href=\"https:\/\/crematieasinglas.nl\">Website crematieasinglas.nl<\/a><\/p>\n<p>:<br \/>\n<div style=\"width: 640px;\" class=\"wp-video\"><video class=\"wp-video-shortcode\" id=\"video-19625-1\" width=\"640\" height=\"360\" preload=\"metadata\" controls=\"controls\"><source type=\"video\/mp4\" src=\"https:\/\/crematieasinglas.nl\/media\/voor-hem\/lederen-heren-armbanden\/crematie-as-heren-armband-leder-zwart-bruin-3-hsla3039.mp4?_=1\" \/><a href=\"https:\/\/crematieasinglas.nl\/media\/voor-hem\/lederen-heren-armbanden\/crematie-as-heren-armband-leder-zwart-bruin-3-hsla3039.mp4\">https:\/\/crematieasinglas.nl\/media\/voor-hem\/lederen-heren-armbanden\/crematie-as-heren-armband-leder-zwart-bruin-3-hsla3039.mp4<\/a><\/video><\/div>\n","protected":false},"excerpt":{"rendered":"<p>Ein\u00e4scherung Asche Herren Gedenkarmband Leder<\/p>\n","protected":false},"featured_media":17472,"comment_status":"closed","ping_status":"open","template":"","meta":[],"product_brand":[],"product_cat":[526,846],"product_tag":[],"class_list":{"0":"post-19625","1":"product","2":"type-product","3":"status-publish","4":"has-post-thumbnail","6":"product_cat-fur-ihn","7":"product_cat-herrenarmbander-aus-leder","8":"pa_kleur-schwarz-braun","9":"pa_leveringsvoorwaarden-nachdem-sie-das-ausgewahlte-herrenarmband-mit-einascherungsasche-bestellt-haben-melde-ich-mich-per-e-mail-bei-ihnen-bei-fragen-zur-grose-ihres-handgelenks-ich-werde-es-dir-leicht-machen","11":"first","12":"instock","13":"purchasable","14":"product-type-simple"},"yoast_head":"<!-- This site is optimized with the Yoast SEO Premium plugin v27.5 (Yoast SEO v27.5) - https:\/\/yoast.com\/product\/yoast-seo-premium-wordpress\/ -->\n<title>HSLA3039 | Ein\u00e4scherung Asche Herren Gedenkarmband Leder - Winkel voor Crematie-as in glas<\/title>\n<meta name=\"robots\" content=\"index, follow, max-snippet:-1, max-image-preview:large, max-video-preview:-1\" \/>\n<link rel=\"canonical\" href=\"https:\/\/crematieasinglas.nl\/produkt\/hsla3039-crematie-as-heren-gedenk-armband-leder\/\" \/>\n<meta property=\"og:locale\" content=\"de_DE\" \/>\n<meta property=\"og:type\" content=\"article\" \/>\n<meta property=\"og:title\" content=\"HSLA3039 | Ein\u00e4scherung Asche Herren Gedenkarmband Leder\" \/>\n<meta property=\"og:description\" content=\"Ein\u00e4scherung Asche Herren Gedenkarmband Leder\" \/>\n<meta property=\"og:url\" content=\"https:\/\/crematieasinglas.nl\/produkt\/hsla3039-crematie-as-heren-gedenk-armband-leder\/\" \/>\n<meta property=\"og:site_name\" content=\"Winkel voor Crematie-as in glas\" \/>\n<meta property=\"og:image\" content=\"https:\/\/crematieasinglas.nl\/wp-content\/uploads\/2025\/04\/crematie-as-heren-armband-leder-zwart-bruin-1-hsla3039.jpg\" \/>\n\t<meta property=\"og:image:width\" content=\"2000\" \/>\n\t<meta property=\"og:image:height\" content=\"1333\" \/>\n\t<meta property=\"og:image:type\" content=\"image\/jpeg\" \/>\n<meta name=\"twitter:card\" content=\"summary_large_image\" \/>\n<meta name=\"twitter:label1\" content=\"Gesch\u00e4tzte Lesezeit\" \/>\n\t<meta name=\"twitter:data1\" content=\"3\u00a0Minuten\" \/>\n<script type=\"application\/ld+json\" class=\"yoast-schema-graph\">{\"@context\":\"https:\\\/\\\/schema.org\",\"@graph\":[{\"@type\":\"WebPage\",\"@id\":\"https:\\\/\\\/crematieasinglas.nl\\\/produkt\\\/hsla3039-crematie-as-heren-gedenk-armband-leder\\\/\",\"url\":\"https:\\\/\\\/crematieasinglas.nl\\\/produkt\\\/hsla3039-crematie-as-heren-gedenk-armband-leder\\\/\",\"name\":\"HSLA3039 | Ein\u00e4scherung Asche Herren Gedenkarmband Leder - Winkel voor Crematie-as in glas\",\"isPartOf\":{\"@id\":\"https:\\\/\\\/crematieasinglas.nl\\\/#website\"},\"primaryImageOfPage\":{\"@id\":\"https:\\\/\\\/crematieasinglas.nl\\\/produkt\\\/hsla3039-crematie-as-heren-gedenk-armband-leder\\\/#primaryimage\"},\"image\":{\"@id\":\"https:\\\/\\\/crematieasinglas.nl\\\/produkt\\\/hsla3039-crematie-as-heren-gedenk-armband-leder\\\/#primaryimage\"},\"thumbnailUrl\":\"https:\\\/\\\/crematieasinglas.nl\\\/wp-content\\\/uploads\\\/2025\\\/04\\\/crematie-as-heren-armband-leder-zwart-bruin-1-hsla3039.jpg\",\"datePublished\":\"2025-08-26T20:33:02+00:00\",\"breadcrumb\":{\"@id\":\"https:\\\/\\\/crematieasinglas.nl\\\/produkt\\\/hsla3039-crematie-as-heren-gedenk-armband-leder\\\/#breadcrumb\"},\"inLanguage\":\"de\",\"potentialAction\":[{\"@type\":\"ReadAction\",\"target\":[\"https:\\\/\\\/crematieasinglas.nl\\\/produkt\\\/hsla3039-crematie-as-heren-gedenk-armband-leder\\\/\"]}]},{\"@type\":\"ImageObject\",\"inLanguage\":\"de\",\"@id\":\"https:\\\/\\\/crematieasinglas.nl\\\/produkt\\\/hsla3039-crematie-as-heren-gedenk-armband-leder\\\/#primaryimage\",\"url\":\"https:\\\/\\\/crematieasinglas.nl\\\/wp-content\\\/uploads\\\/2025\\\/04\\\/crematie-as-heren-armband-leder-zwart-bruin-1-hsla3039.jpg\",\"contentUrl\":\"https:\\\/\\\/crematieasinglas.nl\\\/wp-content\\\/uploads\\\/2025\\\/04\\\/crematie-as-heren-armband-leder-zwart-bruin-1-hsla3039.jpg\",\"width\":2000,\"height\":1333},{\"@type\":\"BreadcrumbList\",\"@id\":\"https:\\\/\\\/crematieasinglas.nl\\\/produkt\\\/hsla3039-crematie-as-heren-gedenk-armband-leder\\\/#breadcrumb\",\"itemListElement\":[{\"@type\":\"ListItem\",\"position\":1,\"name\":\"Home\",\"item\":\"https:\\\/\\\/crematieasinglas.nl\\\/\"},{\"@type\":\"ListItem\",\"position\":2,\"name\":\"Shop\",\"item\":\"https:\\\/\\\/crematieasinglas.nl\\\/de\\\/shop\\\/\"},{\"@type\":\"ListItem\",\"position\":3,\"name\":\"HSLA3039 | Ein\u00e4scherung Asche Herren Gedenkarmband Leder\"}]},{\"@type\":\"WebSite\",\"@id\":\"https:\\\/\\\/crematieasinglas.nl\\\/#website\",\"url\":\"https:\\\/\\\/crematieasinglas.nl\\\/\",\"name\":\"Winkel voor Crematie-as in glas\",\"description\":\"Een winkel voor crematieasinglas.nl\",\"publisher\":{\"@id\":\"https:\\\/\\\/crematieasinglas.nl\\\/#organization\"},\"potentialAction\":[{\"@type\":\"SearchAction\",\"target\":{\"@type\":\"EntryPoint\",\"urlTemplate\":\"https:\\\/\\\/crematieasinglas.nl\\\/?s={search_term_string}\"},\"query-input\":{\"@type\":\"PropertyValueSpecification\",\"valueRequired\":true,\"valueName\":\"search_term_string\"}}],\"inLanguage\":\"de\"},{\"@type\":\"Organization\",\"@id\":\"https:\\\/\\\/crematieasinglas.nl\\\/#organization\",\"name\":\"Dierbaarasinglas.nl\",\"alternateName\":\"Crematieasinglas.nl\",\"url\":\"https:\\\/\\\/crematieasinglas.nl\\\/\",\"logo\":{\"@type\":\"ImageObject\",\"inLanguage\":\"de\",\"@id\":\"https:\\\/\\\/crematieasinglas.nl\\\/#\\\/schema\\\/logo\\\/image\\\/\",\"url\":\"https:\\\/\\\/crematieasinglas.nl\\\/wp-content\\\/uploads\\\/2024\\\/10\\\/logo-02-playfair-googlefont-met-hartje-02.png\",\"contentUrl\":\"https:\\\/\\\/crematieasinglas.nl\\\/wp-content\\\/uploads\\\/2024\\\/10\\\/logo-02-playfair-googlefont-met-hartje-02.png\",\"width\":582,\"height\":136,\"caption\":\"Dierbaarasinglas.nl\"},\"image\":{\"@id\":\"https:\\\/\\\/crematieasinglas.nl\\\/#\\\/schema\\\/logo\\\/image\\\/\"}}]}<\/script>\n<!-- \/ Yoast SEO Premium plugin. -->","yoast_head_json":{"title":"HSLA3039 | Ein\u00e4scherung Asche Herren Gedenkarmband Leder - Winkel voor Crematie-as in glas","robots":{"index":"index","follow":"follow","max-snippet":"max-snippet:-1","max-image-preview":"max-image-preview:large","max-video-preview":"max-video-preview:-1"},"canonical":"https:\/\/crematieasinglas.nl\/produkt\/hsla3039-crematie-as-heren-gedenk-armband-leder\/","og_locale":"de_DE","og_type":"article","og_title":"HSLA3039 | Ein\u00e4scherung Asche Herren Gedenkarmband Leder","og_description":"Ein\u00e4scherung Asche Herren Gedenkarmband Leder","og_url":"https:\/\/crematieasinglas.nl\/produkt\/hsla3039-crematie-as-heren-gedenk-armband-leder\/","og_site_name":"Winkel voor Crematie-as in glas","og_image":[{"width":2000,"height":1333,"url":"https:\/\/crematieasinglas.nl\/wp-content\/uploads\/2025\/04\/crematie-as-heren-armband-leder-zwart-bruin-1-hsla3039.jpg","type":"image\/jpeg"}],"twitter_card":"summary_large_image","twitter_misc":{"Gesch\u00e4tzte Lesezeit":"3\u00a0Minuten"},"schema":{"@context":"https:\/\/schema.org","@graph":[{"@type":"WebPage","@id":"https:\/\/crematieasinglas.nl\/produkt\/hsla3039-crematie-as-heren-gedenk-armband-leder\/","url":"https:\/\/crematieasinglas.nl\/produkt\/hsla3039-crematie-as-heren-gedenk-armband-leder\/","name":"HSLA3039 | Ein\u00e4scherung Asche Herren Gedenkarmband Leder - Winkel voor Crematie-as in glas","isPartOf":{"@id":"https:\/\/crematieasinglas.nl\/#website"},"primaryImageOfPage":{"@id":"https:\/\/crematieasinglas.nl\/produkt\/hsla3039-crematie-as-heren-gedenk-armband-leder\/#primaryimage"},"image":{"@id":"https:\/\/crematieasinglas.nl\/produkt\/hsla3039-crematie-as-heren-gedenk-armband-leder\/#primaryimage"},"thumbnailUrl":"https:\/\/crematieasinglas.nl\/wp-content\/uploads\/2025\/04\/crematie-as-heren-armband-leder-zwart-bruin-1-hsla3039.jpg","datePublished":"2025-08-26T20:33:02+00:00","breadcrumb":{"@id":"https:\/\/crematieasinglas.nl\/produkt\/hsla3039-crematie-as-heren-gedenk-armband-leder\/#breadcrumb"},"inLanguage":"de","potentialAction":[{"@type":"ReadAction","target":["https:\/\/crematieasinglas.nl\/produkt\/hsla3039-crematie-as-heren-gedenk-armband-leder\/"]}]},{"@type":"ImageObject","inLanguage":"de","@id":"https:\/\/crematieasinglas.nl\/produkt\/hsla3039-crematie-as-heren-gedenk-armband-leder\/#primaryimage","url":"https:\/\/crematieasinglas.nl\/wp-content\/uploads\/2025\/04\/crematie-as-heren-armband-leder-zwart-bruin-1-hsla3039.jpg","contentUrl":"https:\/\/crematieasinglas.nl\/wp-content\/uploads\/2025\/04\/crematie-as-heren-armband-leder-zwart-bruin-1-hsla3039.jpg","width":2000,"height":1333},{"@type":"BreadcrumbList","@id":"https:\/\/crematieasinglas.nl\/produkt\/hsla3039-crematie-as-heren-gedenk-armband-leder\/#breadcrumb","itemListElement":[{"@type":"ListItem","position":1,"name":"Home","item":"https:\/\/crematieasinglas.nl\/"},{"@type":"ListItem","position":2,"name":"Shop","item":"https:\/\/crematieasinglas.nl\/de\/shop\/"},{"@type":"ListItem","position":3,"name":"HSLA3039 | Ein\u00e4scherung Asche Herren Gedenkarmband Leder"}]},{"@type":"WebSite","@id":"https:\/\/crematieasinglas.nl\/#website","url":"https:\/\/crematieasinglas.nl\/","name":"Winkel voor Crematie-as in glas","description":"Een winkel voor crematieasinglas.nl","publisher":{"@id":"https:\/\/crematieasinglas.nl\/#organization"},"potentialAction":[{"@type":"SearchAction","target":{"@type":"EntryPoint","urlTemplate":"https:\/\/crematieasinglas.nl\/?s={search_term_string}"},"query-input":{"@type":"PropertyValueSpecification","valueRequired":true,"valueName":"search_term_string"}}],"inLanguage":"de"},{"@type":"Organization","@id":"https:\/\/crematieasinglas.nl\/#organization","name":"Dierbaarasinglas.nl","alternateName":"Crematieasinglas.nl","url":"https:\/\/crematieasinglas.nl\/","logo":{"@type":"ImageObject","inLanguage":"de","@id":"https:\/\/crematieasinglas.nl\/#\/schema\/logo\/image\/","url":"https:\/\/crematieasinglas.nl\/wp-content\/uploads\/2024\/10\/logo-02-playfair-googlefont-met-hartje-02.png","contentUrl":"https:\/\/crematieasinglas.nl\/wp-content\/uploads\/2024\/10\/logo-02-playfair-googlefont-met-hartje-02.png","width":582,"height":136,"caption":"Dierbaarasinglas.nl"},"image":{"@id":"https:\/\/crematieasinglas.nl\/#\/schema\/logo\/image\/"}}]}},"_links":{"self":[{"href":"https:\/\/crematieasinglas.nl\/de\/wp-json\/wp\/v2\/product\/19625","targetHints":{"allow":["GET"]}}],"collection":[{"href":"https:\/\/crematieasinglas.nl\/de\/wp-json\/wp\/v2\/product"}],"about":[{"href":"https:\/\/crematieasinglas.nl\/de\/wp-json\/wp\/v2\/types\/product"}],"replies":[{"embeddable":true,"href":"https:\/\/crematieasinglas.nl\/de\/wp-json\/wp\/v2\/comments?post=19625"}],"wp:featuredmedia":[{"embeddable":true,"href":"https:\/\/crematieasinglas.nl\/de\/wp-json\/wp\/v2\/media\/17472"}],"wp:attachment":[{"href":"https:\/\/crematieasinglas.nl\/de\/wp-json\/wp\/v2\/media?parent=19625"}],"wp:term":[{"taxonomy":"product_brand","embeddable":true,"href":"https:\/\/crematieasinglas.nl\/de\/wp-json\/wp\/v2\/product_brand?post=19625"},{"taxonomy":"product_cat","embeddable":true,"href":"https:\/\/crematieasinglas.nl\/de\/wp-json\/wp\/v2\/product_cat?post=19625"},{"taxonomy":"product_tag","embeddable":true,"href":"https:\/\/crematieasinglas.nl\/de\/wp-json\/wp\/v2\/product_tag?post=19625"}],"curies":[{"name":"wp","href":"https:\/\/api.w.org\/{rel}","templated":true}]}}