{"id":19620,"date":"2025-12-26T19:19:56","date_gmt":"2025-12-26T19:19:56","guid":{"rendered":"https:\/\/ebdxvyckeo.onrocket.site\/product\/hsga2011-geknotetes-armband-fuer-ihn\/"},"modified":"2025-03-29T11:29:50","modified_gmt":"2025-03-29T11:29:50","slug":"hsga2011-geknotetes-armband-fuer-ihn","status":"publish","type":"product","link":"https:\/\/crematieasinglas.nl\/de\/produkt\/hsga2011-geknotetes-armband-fuer-ihn\/","title":{"rendered":"HSGA2011 | Geknotetes Armband f\u00fcr Ihn"},"content":{"rendered":"<p>Code-Nummer: HSGA2011<br \/>\nKollektion: F\u00fcr Ihn<br \/>\nKategorie: Geknotete Herrenarmb\u00e4nder<\/p>\n<h3>Lieferzeit: 8 Werktage, nach Erhalt der Asche<\/h3>\n<p><strong>Definition:<\/strong><\/p>\n<p>Bitte beachten Sie, dass Sie diesen Schmuck nicht selbst zu Hause f\u00fcllen k\u00f6nnen, sondern er wird von Jet f\u00fcr Sie handgefertigt, wobei die Haare in <strong>einem Edelstahlanh\u00e4nger<\/strong> (der sich im Sonnenh\u00e4nger aus Edelstahl befindet) fixiert werden. Das Armband ist mit einem ausziehbaren Schiebeverschluss aus silbernem Edelstahl versehen. Das Armband wird individuell f\u00fcr Sie angefertigt.<\/p>\n<p>Das Armband wird mit einem Segelseilband gebunden, ist sehr flexibel und hat einen angenehmen Tragekomfort. Sail Rope ist ein sehr starkes geflochtenes Polyestermaterial, flexibel im Gebrauch und hat eine glatte Oberfl\u00e4che. Segelseil wird aufgrund dieser starken Eigenschaften auch beim Segeln verwendet.      <br \/>Die gezeigten Fotos zeigen ein Beispiel daf\u00fcr, wie der Gedenkschmuck aussehen wird. Denken Sie daran, dass Ihr Haarcharme nicht genau gleich sein kann, da Ihr Haarcharm handgefertigt ist und Haare unterschiedliche Farben haben.   <\/p>\n<p>Nach Erhalt der Haarlocke erhalten Sie Ihren Gedenkschmuck und eventuell noch vorhandene Haare innerhalb von 8 Werktagen per Paketpost oder Briefkasten von DHL an Sie zur\u00fcck. Sollte es im Vorfeld Ihrer Bestellung Fragen geben, beantworte ich diese gerne f\u00fcr Sie.  <\/p>\n<p>Die Ein\u00e4scherung der Asche in glas.nl ist eine eingetragene und garantierte Marke, die Ihnen die Garantie f\u00fcr ein einzigartiges und hochwertiges handgefertigtes Produkt ohne Nachbildungen oder Massenproduktion gibt.<\/br><\/p>\n<p><strong><br \/>\nInformation: ca. cm<br \/>\nBreite: Sonderanfertigung<br \/>\nTiefe:<br \/>\nFarbe: grau<br \/>\nInhalt:<br \/>\nLagerbestand: 1 Lagerartikel<\/strong><\/p>\n<p><strong>Lieferung:<\/strong><\/p>\n<p>Nachdem Sie das ausgew\u00e4hlte Herrenarmband mit Haarverarbeitung bestellt haben, werde ich Sie per E-Mail kontaktieren, wenn Sie Fragen zur Gr\u00f6\u00dfe Ihres <strong>Handgelenks<\/strong> haben. Ich gebe Ihnen einfache Tipps, um eine korrekte Messung weitergeben zu k\u00f6nnen.   <\/p>\n<p>Nachdem ich diese Informationen erhalten habe, sende ich Ihnen ein kostenloses digitales Versandetikett zu (nur an niederl\u00e4ndischen Adressen m\u00f6glich), mit dem Sie mir eine Haarstr\u00e4hne zusenden k\u00f6nnen (etwa eine Menge von 1 Bleistiftst\u00e4rke von 5 cm L\u00e4nge reicht aus). F\u00fcr Kunden au\u00dferhalb der Niederlande ist es mir nicht m\u00f6glich, diesen Stempel zu beantragen, ein ausl\u00e4ndischer Versandstempel, um mir die Haarlocke zu schicken, kann daher nicht erstattet werden. Ich m\u00f6chte dir <strong>Tipps<\/strong> geben, wie du mir die Haarlocke am besten (auch aus dem Ausland) zukommen lassen kannst.<br \/>Das niederl\u00e4ndische Versandetikett ist ein Etikett f\u00fcr ein DHL-Briefkastenpaket, das direkt bei mir ankommt, und Sie k\u00f6nnen es per Sendungsverfolgung verfolgen. Sie k\u00f6nnen das Briefkastenpaket mit der Haarlocke innerhalb von 5 Tagen kostenlos an einer DHL-Abgabestelle zur\u00fccksenden. In dieser E-Mail erkl\u00e4re ich Ihnen auch die Abmessungen des Briefkastenpakets und welche n\u00e4chstgelegene Abgabestelle Sie in der Umgebung haben.     Ein sicherer und nachverfolgbarer Transport <strong>war bisher immer garantiert<\/strong> , aber wir k\u00f6nnen keine Verantwortung \u00fcbernehmen, wenn dies unerwartet mit dem Spediteur schief geht.  <\/p>\n<p>Nat\u00fcrlich ist es auch m\u00f6glich, die Haarlocke nach Terminabsprache in unserem Showroom am Hoogakker 2E in Hapert abzugeben.  <br \/>Einen Termin daf\u00fcr k\u00f6nnen Sie auf unserer Website crematieasinglas.nl vereinbaren. Nachdem ich die Haarlocke erhalten habe, werde ich mit gro\u00dfer Sorgfalt an Ihrem Gedenkschmuck arbeiten.   <\/br><\/p>\n<p> <a href=\"https:\/\/crematieasinglas.nl\">Website crematieasinglas.nl<\/a><\/p>\n<p>:<\/p>\n<p>&nbsp;<\/p>\n","protected":false},"excerpt":{"rendered":"<p>Das Armband ist mit einem ausziehbaren Schiebeverschluss aus silbernem Edelstahl versehen. Das Armband wird individuell f\u00fcr Sie angefertigt. Das Armband wird mit einem Segelseilband gebunden, ist sehr flexibel und hat einen angenehmen Tragekomfort.  <\/p>\n","protected":false},"featured_media":12408,"comment_status":"closed","ping_status":"open","template":"","meta":[],"product_brand":[],"product_cat":[526,847],"product_tag":[],"class_list":{"0":"post-19620","1":"product","2":"type-product","3":"status-publish","4":"has-post-thumbnail","6":"product_cat-fur-ihn","7":"product_cat-geknotete-armbander-fur-herren","8":"pa_kleur-grau","9":"pa_leveringsvoorwaarden-nachdem-sie-das-ausgewahlte-herrenarmband-mit-haarverarbeitung-bestellt-haben-werde-ich-sie-per-e-mail-kontaktieren-wenn-sie-fragen-zur-grose-ihres-handgelenks-haben-ich-werde-ihnen-sagen-h","11":"first","12":"instock","13":"purchasable","14":"product-type-simple"},"yoast_head":"<!-- This site is optimized with the Yoast SEO Premium plugin v27.5 (Yoast SEO v27.5) - https:\/\/yoast.com\/product\/yoast-seo-premium-wordpress\/ -->\n<title>Geknotetes Armband f\u00fcr Ihn<\/title>\n<meta name=\"robots\" content=\"index, follow, max-snippet:-1, max-image-preview:large, max-video-preview:-1\" \/>\n<link rel=\"canonical\" href=\"https:\/\/crematieasinglas.nl\/produkt\/hsga2011-geknoopte-armband-voor-hem\/\" \/>\n<meta property=\"og:locale\" content=\"de_DE\" \/>\n<meta property=\"og:type\" content=\"article\" \/>\n<meta property=\"og:title\" content=\"HSGA2011 | Geknotetes Armband f\u00fcr Ihn\" \/>\n<meta property=\"og:description\" content=\"Das Armband ist mit einem ausziehbaren Schiebeverschluss aus silbernem Edelstahl versehen. Das Armband wird individuell f\u00fcr Sie angefertigt. Das Armband wird mit einem Segelseilband gebunden, ist sehr flexibel und hat einen angenehmen Tragekomfort.\" \/>\n<meta property=\"og:url\" content=\"https:\/\/crematieasinglas.nl\/produkt\/hsga2011-geknoopte-armband-voor-hem\/\" \/>\n<meta property=\"og:site_name\" content=\"Winkel voor Crematie-as in glas\" \/>\n<meta property=\"og:image\" content=\"https:\/\/crematieasinglas.nl\/wp-content\/uploads\/2024\/11\/crematie-as-heren-armband-geknoopt-blackcharcoal-grey-1-hsga2011-scaled.jpg\" \/>\n\t<meta property=\"og:image:width\" content=\"1707\" \/>\n\t<meta property=\"og:image:height\" content=\"2560\" \/>\n\t<meta property=\"og:image:type\" content=\"image\/jpeg\" \/>\n<meta name=\"twitter:card\" content=\"summary_large_image\" \/>\n<meta name=\"twitter:label1\" content=\"Gesch\u00e4tzte Lesezeit\" \/>\n\t<meta name=\"twitter:data1\" content=\"3\u00a0Minuten\" \/>\n<script type=\"application\/ld+json\" class=\"yoast-schema-graph\">{\"@context\":\"https:\\\/\\\/schema.org\",\"@graph\":[{\"@type\":\"WebPage\",\"@id\":\"https:\\\/\\\/crematieasinglas.nl\\\/produkt\\\/hsga2011-geknoopte-armband-voor-hem\\\/\",\"url\":\"https:\\\/\\\/crematieasinglas.nl\\\/produkt\\\/hsga2011-geknoopte-armband-voor-hem\\\/\",\"name\":\"Geknotetes Armband f\u00fcr Ihn\",\"isPartOf\":{\"@id\":\"https:\\\/\\\/crematieasinglas.nl\\\/#website\"},\"primaryImageOfPage\":{\"@id\":\"https:\\\/\\\/crematieasinglas.nl\\\/produkt\\\/hsga2011-geknoopte-armband-voor-hem\\\/#primaryimage\"},\"image\":{\"@id\":\"https:\\\/\\\/crematieasinglas.nl\\\/produkt\\\/hsga2011-geknoopte-armband-voor-hem\\\/#primaryimage\"},\"thumbnailUrl\":\"https:\\\/\\\/crematieasinglas.nl\\\/wp-content\\\/uploads\\\/2024\\\/11\\\/crematie-as-heren-armband-geknoopt-blackcharcoal-grey-1-hsga2011-scaled.jpg\",\"datePublished\":\"2025-12-26T19:19:56+00:00\",\"breadcrumb\":{\"@id\":\"https:\\\/\\\/crematieasinglas.nl\\\/produkt\\\/hsga2011-geknoopte-armband-voor-hem\\\/#breadcrumb\"},\"inLanguage\":\"de\",\"potentialAction\":[{\"@type\":\"ReadAction\",\"target\":[\"https:\\\/\\\/crematieasinglas.nl\\\/produkt\\\/hsga2011-geknoopte-armband-voor-hem\\\/\"]}]},{\"@type\":\"ImageObject\",\"inLanguage\":\"de\",\"@id\":\"https:\\\/\\\/crematieasinglas.nl\\\/produkt\\\/hsga2011-geknoopte-armband-voor-hem\\\/#primaryimage\",\"url\":\"https:\\\/\\\/crematieasinglas.nl\\\/wp-content\\\/uploads\\\/2024\\\/11\\\/crematie-as-heren-armband-geknoopt-blackcharcoal-grey-1-hsga2011-scaled.jpg\",\"contentUrl\":\"https:\\\/\\\/crematieasinglas.nl\\\/wp-content\\\/uploads\\\/2024\\\/11\\\/crematie-as-heren-armband-geknoopt-blackcharcoal-grey-1-hsga2011-scaled.jpg\",\"width\":1707,\"height\":2560},{\"@type\":\"BreadcrumbList\",\"@id\":\"https:\\\/\\\/crematieasinglas.nl\\\/produkt\\\/hsga2011-geknoopte-armband-voor-hem\\\/#breadcrumb\",\"itemListElement\":[{\"@type\":\"ListItem\",\"position\":1,\"name\":\"Home\",\"item\":\"https:\\\/\\\/crematieasinglas.nl\\\/\"},{\"@type\":\"ListItem\",\"position\":2,\"name\":\"Shop\",\"item\":\"https:\\\/\\\/crematieasinglas.nl\\\/de\\\/shop\\\/\"},{\"@type\":\"ListItem\",\"position\":3,\"name\":\"HSGA2011 | Geknotetes Armband f\u00fcr Ihn\"}]},{\"@type\":\"WebSite\",\"@id\":\"https:\\\/\\\/crematieasinglas.nl\\\/#website\",\"url\":\"https:\\\/\\\/crematieasinglas.nl\\\/\",\"name\":\"Winkel voor Crematie-as in glas\",\"description\":\"Een winkel voor crematieasinglas.nl\",\"publisher\":{\"@id\":\"https:\\\/\\\/crematieasinglas.nl\\\/#organization\"},\"potentialAction\":[{\"@type\":\"SearchAction\",\"target\":{\"@type\":\"EntryPoint\",\"urlTemplate\":\"https:\\\/\\\/crematieasinglas.nl\\\/?s={search_term_string}\"},\"query-input\":{\"@type\":\"PropertyValueSpecification\",\"valueRequired\":true,\"valueName\":\"search_term_string\"}}],\"inLanguage\":\"de\"},{\"@type\":\"Organization\",\"@id\":\"https:\\\/\\\/crematieasinglas.nl\\\/#organization\",\"name\":\"Dierbaarasinglas.nl\",\"alternateName\":\"Crematieasinglas.nl\",\"url\":\"https:\\\/\\\/crematieasinglas.nl\\\/\",\"logo\":{\"@type\":\"ImageObject\",\"inLanguage\":\"de\",\"@id\":\"https:\\\/\\\/crematieasinglas.nl\\\/#\\\/schema\\\/logo\\\/image\\\/\",\"url\":\"https:\\\/\\\/crematieasinglas.nl\\\/wp-content\\\/uploads\\\/2024\\\/10\\\/logo-02-playfair-googlefont-met-hartje-02.png\",\"contentUrl\":\"https:\\\/\\\/crematieasinglas.nl\\\/wp-content\\\/uploads\\\/2024\\\/10\\\/logo-02-playfair-googlefont-met-hartje-02.png\",\"width\":582,\"height\":136,\"caption\":\"Dierbaarasinglas.nl\"},\"image\":{\"@id\":\"https:\\\/\\\/crematieasinglas.nl\\\/#\\\/schema\\\/logo\\\/image\\\/\"}}]}<\/script>\n<!-- \/ Yoast SEO Premium plugin. -->","yoast_head_json":{"title":"Geknotetes Armband f\u00fcr Ihn","robots":{"index":"index","follow":"follow","max-snippet":"max-snippet:-1","max-image-preview":"max-image-preview:large","max-video-preview":"max-video-preview:-1"},"canonical":"https:\/\/crematieasinglas.nl\/produkt\/hsga2011-geknoopte-armband-voor-hem\/","og_locale":"de_DE","og_type":"article","og_title":"HSGA2011 | Geknotetes Armband f\u00fcr Ihn","og_description":"Das Armband ist mit einem ausziehbaren Schiebeverschluss aus silbernem Edelstahl versehen. Das Armband wird individuell f\u00fcr Sie angefertigt. Das Armband wird mit einem Segelseilband gebunden, ist sehr flexibel und hat einen angenehmen Tragekomfort.","og_url":"https:\/\/crematieasinglas.nl\/produkt\/hsga2011-geknoopte-armband-voor-hem\/","og_site_name":"Winkel voor Crematie-as in glas","og_image":[{"width":1707,"height":2560,"url":"https:\/\/crematieasinglas.nl\/wp-content\/uploads\/2024\/11\/crematie-as-heren-armband-geknoopt-blackcharcoal-grey-1-hsga2011-scaled.jpg","type":"image\/jpeg"}],"twitter_card":"summary_large_image","twitter_misc":{"Gesch\u00e4tzte Lesezeit":"3\u00a0Minuten"},"schema":{"@context":"https:\/\/schema.org","@graph":[{"@type":"WebPage","@id":"https:\/\/crematieasinglas.nl\/produkt\/hsga2011-geknoopte-armband-voor-hem\/","url":"https:\/\/crematieasinglas.nl\/produkt\/hsga2011-geknoopte-armband-voor-hem\/","name":"Geknotetes Armband f\u00fcr Ihn","isPartOf":{"@id":"https:\/\/crematieasinglas.nl\/#website"},"primaryImageOfPage":{"@id":"https:\/\/crematieasinglas.nl\/produkt\/hsga2011-geknoopte-armband-voor-hem\/#primaryimage"},"image":{"@id":"https:\/\/crematieasinglas.nl\/produkt\/hsga2011-geknoopte-armband-voor-hem\/#primaryimage"},"thumbnailUrl":"https:\/\/crematieasinglas.nl\/wp-content\/uploads\/2024\/11\/crematie-as-heren-armband-geknoopt-blackcharcoal-grey-1-hsga2011-scaled.jpg","datePublished":"2025-12-26T19:19:56+00:00","breadcrumb":{"@id":"https:\/\/crematieasinglas.nl\/produkt\/hsga2011-geknoopte-armband-voor-hem\/#breadcrumb"},"inLanguage":"de","potentialAction":[{"@type":"ReadAction","target":["https:\/\/crematieasinglas.nl\/produkt\/hsga2011-geknoopte-armband-voor-hem\/"]}]},{"@type":"ImageObject","inLanguage":"de","@id":"https:\/\/crematieasinglas.nl\/produkt\/hsga2011-geknoopte-armband-voor-hem\/#primaryimage","url":"https:\/\/crematieasinglas.nl\/wp-content\/uploads\/2024\/11\/crematie-as-heren-armband-geknoopt-blackcharcoal-grey-1-hsga2011-scaled.jpg","contentUrl":"https:\/\/crematieasinglas.nl\/wp-content\/uploads\/2024\/11\/crematie-as-heren-armband-geknoopt-blackcharcoal-grey-1-hsga2011-scaled.jpg","width":1707,"height":2560},{"@type":"BreadcrumbList","@id":"https:\/\/crematieasinglas.nl\/produkt\/hsga2011-geknoopte-armband-voor-hem\/#breadcrumb","itemListElement":[{"@type":"ListItem","position":1,"name":"Home","item":"https:\/\/crematieasinglas.nl\/"},{"@type":"ListItem","position":2,"name":"Shop","item":"https:\/\/crematieasinglas.nl\/de\/shop\/"},{"@type":"ListItem","position":3,"name":"HSGA2011 | Geknotetes Armband f\u00fcr Ihn"}]},{"@type":"WebSite","@id":"https:\/\/crematieasinglas.nl\/#website","url":"https:\/\/crematieasinglas.nl\/","name":"Winkel voor Crematie-as in glas","description":"Een winkel voor crematieasinglas.nl","publisher":{"@id":"https:\/\/crematieasinglas.nl\/#organization"},"potentialAction":[{"@type":"SearchAction","target":{"@type":"EntryPoint","urlTemplate":"https:\/\/crematieasinglas.nl\/?s={search_term_string}"},"query-input":{"@type":"PropertyValueSpecification","valueRequired":true,"valueName":"search_term_string"}}],"inLanguage":"de"},{"@type":"Organization","@id":"https:\/\/crematieasinglas.nl\/#organization","name":"Dierbaarasinglas.nl","alternateName":"Crematieasinglas.nl","url":"https:\/\/crematieasinglas.nl\/","logo":{"@type":"ImageObject","inLanguage":"de","@id":"https:\/\/crematieasinglas.nl\/#\/schema\/logo\/image\/","url":"https:\/\/crematieasinglas.nl\/wp-content\/uploads\/2024\/10\/logo-02-playfair-googlefont-met-hartje-02.png","contentUrl":"https:\/\/crematieasinglas.nl\/wp-content\/uploads\/2024\/10\/logo-02-playfair-googlefont-met-hartje-02.png","width":582,"height":136,"caption":"Dierbaarasinglas.nl"},"image":{"@id":"https:\/\/crematieasinglas.nl\/#\/schema\/logo\/image\/"}}]}},"_links":{"self":[{"href":"https:\/\/crematieasinglas.nl\/de\/wp-json\/wp\/v2\/product\/19620","targetHints":{"allow":["GET"]}}],"collection":[{"href":"https:\/\/crematieasinglas.nl\/de\/wp-json\/wp\/v2\/product"}],"about":[{"href":"https:\/\/crematieasinglas.nl\/de\/wp-json\/wp\/v2\/types\/product"}],"replies":[{"embeddable":true,"href":"https:\/\/crematieasinglas.nl\/de\/wp-json\/wp\/v2\/comments?post=19620"}],"wp:featuredmedia":[{"embeddable":true,"href":"https:\/\/crematieasinglas.nl\/de\/wp-json\/wp\/v2\/media\/12408"}],"wp:attachment":[{"href":"https:\/\/crematieasinglas.nl\/de\/wp-json\/wp\/v2\/media?parent=19620"}],"wp:term":[{"taxonomy":"product_brand","embeddable":true,"href":"https:\/\/crematieasinglas.nl\/de\/wp-json\/wp\/v2\/product_brand?post=19620"},{"taxonomy":"product_cat","embeddable":true,"href":"https:\/\/crematieasinglas.nl\/de\/wp-json\/wp\/v2\/product_cat?post=19620"},{"taxonomy":"product_tag","embeddable":true,"href":"https:\/\/crematieasinglas.nl\/de\/wp-json\/wp\/v2\/product_tag?post=19620"}],"curies":[{"name":"wp","href":"https:\/\/api.w.org\/{rel}","templated":true}]}}