{"id":19615,"date":"2025-12-26T19:19:56","date_gmt":"2025-12-26T19:19:56","guid":{"rendered":"https:\/\/ebdxvyckeo.onrocket.site\/product\/hsga2018-geknotetes-armband-fuer-ihn\/"},"modified":"2025-03-29T11:29:50","modified_gmt":"2025-03-29T11:29:50","slug":"hsga2018-geknotetes-armband-fuer-ihn","status":"publish","type":"product","link":"https:\/\/crematieasinglas.nl\/de\/produkt\/hsga2018-geknotetes-armband-fuer-ihn\/","title":{"rendered":"HSGA2018 | Geknotetes Armband f\u00fcr Ihn"},"content":{"rendered":"<p>Code-Nummer: HSGA2018<br \/>\nKollektion: F\u00fcr Ihn<br \/>\nKategorie: Knotenarmb\u00e4nder f\u00fcr Herren<\/p>\n<h3>Lieferzeit: 8 Werktage, nach Erhalt der Asche<\/h3>\n<p><strong>Definition:<\/strong><br \/>\nBitte beachten Sie, dass Sie dieses Schmuckst\u00fcck nicht selbst zu Hause bef\u00fcllen k\u00f6nnen, sondern es von Jet in Handarbeit f\u00fcr Sie angefertigt wird, wobei die Ein\u00e4scherungsasche in den Edelstahlanh\u00e4nger eingearbeitet ist! Bei dem Amulett f\u00fcr die Ein\u00e4scherung auf dem Foto ist die Asche f\u00fcr die Ein\u00e4scherung bei dem hellbeigen Anh\u00e4nger NICHT sichtbar. Nat\u00fcrlich k\u00f6nnen Sie auch eine andere Verarbeitung\/Farbe im Charm w\u00e4hlen, wenn Sie die Ein\u00e4scherung halb (leicht) sichtbar oder lieber ganz sichtbar haben m\u00f6chten. Diese k\u00f6nnen Sie dann direkt nach Ihrer Bestellung weitergeben. Der Asche aus Ein\u00e4scherung liegt neben einem silbernen Herzknopfanh\u00e4nger aus Edelstahl. Das Armband ist mit einer silbernen Schiebeschlie\u00dfe aus Edelstahl versehen. Das Armband wird individuell f\u00fcr Sie angefertigt. Das Sail-Rope Armband ist ein starkes, meliertes, geflochtenes Armband mit einem sehr flexiblen und angenehmen Tragekomfort. Sail Rope ist ein sehr starkes geflochtenes Polyestermaterial, flexibel im Gebrauch und hat eine glatte Oberfl\u00e4che. Segelseil wird aufgrund dieser starken Eigenschaften auch beim Segeln verwendet. Die gezeigten Fotos zeigen ein Beispiel daf\u00fcr, wie der Gedenkschmuck aussehen wird. Bitte beachten Sie, dass Ihr Asche-Anh\u00e4nger m\u00f6glicherweise nicht genau gleich ist, da Ihr Asche-Anh\u00e4nger handgefertigt ist und Asche aus der Feuerbestattung verschiedene Wei\u00df- und Graut\u00f6ne haben kann. Nach Erhalt der Ein\u00e4scherung wird Ihre Ein\u00e4scherungsasche und die restliche Asche innerhalb von 8 Werktagen per Paketpost oder Briefkasten-Paketpost von DHL an Sie zur\u00fcckgesandt. Sollte es im Vorfeld Ihrer Bestellung Fragen geben, beantworte ich diese gerne f\u00fcr Sie.              Die Asche der Ein\u00e4scherung in glas.nl ist eine eingetragene und garantierte Marke, die Ihnen die Garantie f\u00fcr ein einzigartiges und hochwertiges handgefertigtes Produkt ohne Repliken oder Massenproduktion gibt<\/p>\n<p><strong><br \/>\nInformation: ca. cm<br \/>\nBreite: Sonderanfertigung<br \/>\nTiefe:<br \/>\nFarbe: braun<br \/>\nInhalt:<br \/>\nLagerbestand: 1 Lagerartikel<\/strong><\/p>\n<p><strong>Lieferung:<\/strong><br \/>\nNachdem Sie das ausgew\u00e4hlte Herrenarmband mit Haarverarbeitung bestellt haben, werde ich Sie per E-Mail kontaktieren, wenn Sie Fragen zur Gr\u00f6\u00dfe Ihres Handgelenks haben. Ich gebe Ihnen einfache Tipps, um eine korrekte Messung weitergeben zu k\u00f6nnen.   <br \/>Nachdem ich diese Informationen erhalten habe, sende ich Ihnen ein kostenloses digitales Versandetikett zu (nur an niederl\u00e4ndischen Adressen m\u00f6glich), mit dem Sie mir eine Haarstr\u00e4hne zusenden k\u00f6nnen (etwa eine Menge von 1 Bleistiftst\u00e4rke von 5 cm L\u00e4nge reicht aus). F\u00fcr Kunden au\u00dferhalb der Niederlande ist es mir nicht m\u00f6glich, diesen Stempel zu beantragen, ein ausl\u00e4ndischer Versandstempel, um mir die Haarlocke zu schicken, kann daher nicht erstattet werden. Ich m\u00f6chte dir Tipps geben, wie du mir die Haarlocke am besten (auch aus dem Ausland) zukommen lassen kannst.<br \/>Das niederl\u00e4ndische Versandetikett ist ein Etikett f\u00fcr ein DHL-Briefkastenpaket, das direkt bei mir ankommt, und Sie k\u00f6nnen es per Sendungsverfolgung verfolgen. Sie k\u00f6nnen das Briefkastenpaket mit der Haarlocke innerhalb von 5 Tagen kostenlos an einer DHL-Abgabestelle zur\u00fccksenden. In dieser E-Mail erkl\u00e4re ich Ihnen auch die Abmessungen des Briefkastenpakets und welche n\u00e4chstgelegene Abgabestelle Sie in der Umgebung haben.     Ein sicherer und nachverfolgbarer Transport war bisher immer garantiert, aber wir k\u00f6nnen keine Verantwortung \u00fcbernehmen, wenn dies unerwartet mit dem Spediteur schief geht.  <br \/>Nat\u00fcrlich ist es auch m\u00f6glich, die Haarlocke nach Terminabsprache in unserem Showroom am Hoogakker 2E in Hapert abzugeben.  <br \/>Einen Termin daf\u00fcr k\u00f6nnen Sie auf unserer Website crematieasinglas.nl vereinbaren. Nachdem ich die Haarlocke erhalten habe, werde ich mit gro\u00dfer Sorgfalt an Ihrem Gedenkschmuck arbeiten.   <\/br> <a href=\"https:\/\/crematieasinglas.nl\">Website crematieasinglas.nl<\/a><\/p>\n<p>:<\/p>\n<p>&nbsp;<\/p>\n","protected":false},"excerpt":{"rendered":"<p>Ein\u00e4scherung Asche Herren Gedenkarmband verknotet<\/p>\n","protected":false},"featured_media":12234,"comment_status":"closed","ping_status":"open","template":"","meta":[],"product_brand":[],"product_cat":[526,847],"product_tag":[],"class_list":{"0":"post-19615","1":"product","2":"type-product","3":"status-publish","4":"has-post-thumbnail","6":"product_cat-fur-ihn","7":"product_cat-geknotete-armbander-fur-herren","8":"pa_kleur-braun","9":"pa_leveringsvoorwaarden-nachdem-sie-das-ausgewahlte-herrenarmband-mit-einascherungsasche-bestellt-haben-melde-ich-mich-per-e-mail-bei-ihnen-bei-fragen-zur-grose-ihres-handgelenks-ich-werde-es-dir-leicht-machen","11":"first","12":"instock","13":"purchasable","14":"product-type-simple"},"yoast_head":"<!-- This site is optimized with the Yoast SEO Premium plugin v27.5 (Yoast SEO v27.5) - https:\/\/yoast.com\/product\/yoast-seo-premium-wordpress\/ -->\n<title>Geknotetes Armband f\u00fcr Ihn<\/title>\n<meta name=\"robots\" content=\"index, follow, max-snippet:-1, max-image-preview:large, max-video-preview:-1\" \/>\n<link rel=\"canonical\" href=\"https:\/\/crematieasinglas.nl\/produkt\/hsga2018-geknoopte-armband-voor-hem\/\" \/>\n<meta property=\"og:locale\" content=\"de_DE\" \/>\n<meta property=\"og:type\" content=\"article\" \/>\n<meta property=\"og:title\" content=\"HSGA2018 | Geknotetes Armband f\u00fcr Ihn\" \/>\n<meta property=\"og:description\" content=\"Ein\u00e4scherung Asche Herren Gedenkarmband verknotet\" \/>\n<meta property=\"og:url\" content=\"https:\/\/crematieasinglas.nl\/produkt\/hsga2018-geknoopte-armband-voor-hem\/\" \/>\n<meta property=\"og:site_name\" content=\"Winkel voor Crematie-as in glas\" \/>\n<meta property=\"og:image\" content=\"https:\/\/crematieasinglas.nl\/wp-content\/uploads\/2024\/11\/crematie-as-heren-armband-geknoopt-desertstorm-1-hsga2018-scaled.jpg\" \/>\n\t<meta property=\"og:image:width\" content=\"2560\" \/>\n\t<meta property=\"og:image:height\" content=\"1707\" \/>\n\t<meta property=\"og:image:type\" content=\"image\/jpeg\" \/>\n<meta name=\"twitter:card\" content=\"summary_large_image\" \/>\n<meta name=\"twitter:label1\" content=\"Gesch\u00e4tzte Lesezeit\" \/>\n\t<meta name=\"twitter:data1\" content=\"3\u00a0Minuten\" \/>\n<script type=\"application\/ld+json\" class=\"yoast-schema-graph\">{\"@context\":\"https:\\\/\\\/schema.org\",\"@graph\":[{\"@type\":\"WebPage\",\"@id\":\"https:\\\/\\\/crematieasinglas.nl\\\/produkt\\\/hsga2018-geknoopte-armband-voor-hem\\\/\",\"url\":\"https:\\\/\\\/crematieasinglas.nl\\\/produkt\\\/hsga2018-geknoopte-armband-voor-hem\\\/\",\"name\":\"Geknotetes Armband f\u00fcr Ihn\",\"isPartOf\":{\"@id\":\"https:\\\/\\\/crematieasinglas.nl\\\/#website\"},\"primaryImageOfPage\":{\"@id\":\"https:\\\/\\\/crematieasinglas.nl\\\/produkt\\\/hsga2018-geknoopte-armband-voor-hem\\\/#primaryimage\"},\"image\":{\"@id\":\"https:\\\/\\\/crematieasinglas.nl\\\/produkt\\\/hsga2018-geknoopte-armband-voor-hem\\\/#primaryimage\"},\"thumbnailUrl\":\"https:\\\/\\\/crematieasinglas.nl\\\/wp-content\\\/uploads\\\/2024\\\/11\\\/crematie-as-heren-armband-geknoopt-desertstorm-1-hsga2018-scaled.jpg\",\"datePublished\":\"2025-12-26T19:19:56+00:00\",\"breadcrumb\":{\"@id\":\"https:\\\/\\\/crematieasinglas.nl\\\/produkt\\\/hsga2018-geknoopte-armband-voor-hem\\\/#breadcrumb\"},\"inLanguage\":\"de\",\"potentialAction\":[{\"@type\":\"ReadAction\",\"target\":[\"https:\\\/\\\/crematieasinglas.nl\\\/produkt\\\/hsga2018-geknoopte-armband-voor-hem\\\/\"]}]},{\"@type\":\"ImageObject\",\"inLanguage\":\"de\",\"@id\":\"https:\\\/\\\/crematieasinglas.nl\\\/produkt\\\/hsga2018-geknoopte-armband-voor-hem\\\/#primaryimage\",\"url\":\"https:\\\/\\\/crematieasinglas.nl\\\/wp-content\\\/uploads\\\/2024\\\/11\\\/crematie-as-heren-armband-geknoopt-desertstorm-1-hsga2018-scaled.jpg\",\"contentUrl\":\"https:\\\/\\\/crematieasinglas.nl\\\/wp-content\\\/uploads\\\/2024\\\/11\\\/crematie-as-heren-armband-geknoopt-desertstorm-1-hsga2018-scaled.jpg\",\"width\":2560,\"height\":1707},{\"@type\":\"BreadcrumbList\",\"@id\":\"https:\\\/\\\/crematieasinglas.nl\\\/produkt\\\/hsga2018-geknoopte-armband-voor-hem\\\/#breadcrumb\",\"itemListElement\":[{\"@type\":\"ListItem\",\"position\":1,\"name\":\"Home\",\"item\":\"https:\\\/\\\/crematieasinglas.nl\\\/\"},{\"@type\":\"ListItem\",\"position\":2,\"name\":\"Shop\",\"item\":\"https:\\\/\\\/crematieasinglas.nl\\\/de\\\/shop\\\/\"},{\"@type\":\"ListItem\",\"position\":3,\"name\":\"HSGA2018 | Geknotetes Armband f\u00fcr Ihn\"}]},{\"@type\":\"WebSite\",\"@id\":\"https:\\\/\\\/crematieasinglas.nl\\\/#website\",\"url\":\"https:\\\/\\\/crematieasinglas.nl\\\/\",\"name\":\"Winkel voor Crematie-as in glas\",\"description\":\"Een winkel voor crematieasinglas.nl\",\"publisher\":{\"@id\":\"https:\\\/\\\/crematieasinglas.nl\\\/#organization\"},\"potentialAction\":[{\"@type\":\"SearchAction\",\"target\":{\"@type\":\"EntryPoint\",\"urlTemplate\":\"https:\\\/\\\/crematieasinglas.nl\\\/?s={search_term_string}\"},\"query-input\":{\"@type\":\"PropertyValueSpecification\",\"valueRequired\":true,\"valueName\":\"search_term_string\"}}],\"inLanguage\":\"de\"},{\"@type\":\"Organization\",\"@id\":\"https:\\\/\\\/crematieasinglas.nl\\\/#organization\",\"name\":\"Dierbaarasinglas.nl\",\"alternateName\":\"Crematieasinglas.nl\",\"url\":\"https:\\\/\\\/crematieasinglas.nl\\\/\",\"logo\":{\"@type\":\"ImageObject\",\"inLanguage\":\"de\",\"@id\":\"https:\\\/\\\/crematieasinglas.nl\\\/#\\\/schema\\\/logo\\\/image\\\/\",\"url\":\"https:\\\/\\\/crematieasinglas.nl\\\/wp-content\\\/uploads\\\/2024\\\/10\\\/logo-02-playfair-googlefont-met-hartje-02.png\",\"contentUrl\":\"https:\\\/\\\/crematieasinglas.nl\\\/wp-content\\\/uploads\\\/2024\\\/10\\\/logo-02-playfair-googlefont-met-hartje-02.png\",\"width\":582,\"height\":136,\"caption\":\"Dierbaarasinglas.nl\"},\"image\":{\"@id\":\"https:\\\/\\\/crematieasinglas.nl\\\/#\\\/schema\\\/logo\\\/image\\\/\"}}]}<\/script>\n<!-- \/ Yoast SEO Premium plugin. -->","yoast_head_json":{"title":"Geknotetes Armband f\u00fcr Ihn","robots":{"index":"index","follow":"follow","max-snippet":"max-snippet:-1","max-image-preview":"max-image-preview:large","max-video-preview":"max-video-preview:-1"},"canonical":"https:\/\/crematieasinglas.nl\/produkt\/hsga2018-geknoopte-armband-voor-hem\/","og_locale":"de_DE","og_type":"article","og_title":"HSGA2018 | Geknotetes Armband f\u00fcr Ihn","og_description":"Ein\u00e4scherung Asche Herren Gedenkarmband verknotet","og_url":"https:\/\/crematieasinglas.nl\/produkt\/hsga2018-geknoopte-armband-voor-hem\/","og_site_name":"Winkel voor Crematie-as in glas","og_image":[{"width":2560,"height":1707,"url":"https:\/\/crematieasinglas.nl\/wp-content\/uploads\/2024\/11\/crematie-as-heren-armband-geknoopt-desertstorm-1-hsga2018-scaled.jpg","type":"image\/jpeg"}],"twitter_card":"summary_large_image","twitter_misc":{"Gesch\u00e4tzte Lesezeit":"3\u00a0Minuten"},"schema":{"@context":"https:\/\/schema.org","@graph":[{"@type":"WebPage","@id":"https:\/\/crematieasinglas.nl\/produkt\/hsga2018-geknoopte-armband-voor-hem\/","url":"https:\/\/crematieasinglas.nl\/produkt\/hsga2018-geknoopte-armband-voor-hem\/","name":"Geknotetes Armband f\u00fcr Ihn","isPartOf":{"@id":"https:\/\/crematieasinglas.nl\/#website"},"primaryImageOfPage":{"@id":"https:\/\/crematieasinglas.nl\/produkt\/hsga2018-geknoopte-armband-voor-hem\/#primaryimage"},"image":{"@id":"https:\/\/crematieasinglas.nl\/produkt\/hsga2018-geknoopte-armband-voor-hem\/#primaryimage"},"thumbnailUrl":"https:\/\/crematieasinglas.nl\/wp-content\/uploads\/2024\/11\/crematie-as-heren-armband-geknoopt-desertstorm-1-hsga2018-scaled.jpg","datePublished":"2025-12-26T19:19:56+00:00","breadcrumb":{"@id":"https:\/\/crematieasinglas.nl\/produkt\/hsga2018-geknoopte-armband-voor-hem\/#breadcrumb"},"inLanguage":"de","potentialAction":[{"@type":"ReadAction","target":["https:\/\/crematieasinglas.nl\/produkt\/hsga2018-geknoopte-armband-voor-hem\/"]}]},{"@type":"ImageObject","inLanguage":"de","@id":"https:\/\/crematieasinglas.nl\/produkt\/hsga2018-geknoopte-armband-voor-hem\/#primaryimage","url":"https:\/\/crematieasinglas.nl\/wp-content\/uploads\/2024\/11\/crematie-as-heren-armband-geknoopt-desertstorm-1-hsga2018-scaled.jpg","contentUrl":"https:\/\/crematieasinglas.nl\/wp-content\/uploads\/2024\/11\/crematie-as-heren-armband-geknoopt-desertstorm-1-hsga2018-scaled.jpg","width":2560,"height":1707},{"@type":"BreadcrumbList","@id":"https:\/\/crematieasinglas.nl\/produkt\/hsga2018-geknoopte-armband-voor-hem\/#breadcrumb","itemListElement":[{"@type":"ListItem","position":1,"name":"Home","item":"https:\/\/crematieasinglas.nl\/"},{"@type":"ListItem","position":2,"name":"Shop","item":"https:\/\/crematieasinglas.nl\/de\/shop\/"},{"@type":"ListItem","position":3,"name":"HSGA2018 | Geknotetes Armband f\u00fcr Ihn"}]},{"@type":"WebSite","@id":"https:\/\/crematieasinglas.nl\/#website","url":"https:\/\/crematieasinglas.nl\/","name":"Winkel voor Crematie-as in glas","description":"Een winkel voor crematieasinglas.nl","publisher":{"@id":"https:\/\/crematieasinglas.nl\/#organization"},"potentialAction":[{"@type":"SearchAction","target":{"@type":"EntryPoint","urlTemplate":"https:\/\/crematieasinglas.nl\/?s={search_term_string}"},"query-input":{"@type":"PropertyValueSpecification","valueRequired":true,"valueName":"search_term_string"}}],"inLanguage":"de"},{"@type":"Organization","@id":"https:\/\/crematieasinglas.nl\/#organization","name":"Dierbaarasinglas.nl","alternateName":"Crematieasinglas.nl","url":"https:\/\/crematieasinglas.nl\/","logo":{"@type":"ImageObject","inLanguage":"de","@id":"https:\/\/crematieasinglas.nl\/#\/schema\/logo\/image\/","url":"https:\/\/crematieasinglas.nl\/wp-content\/uploads\/2024\/10\/logo-02-playfair-googlefont-met-hartje-02.png","contentUrl":"https:\/\/crematieasinglas.nl\/wp-content\/uploads\/2024\/10\/logo-02-playfair-googlefont-met-hartje-02.png","width":582,"height":136,"caption":"Dierbaarasinglas.nl"},"image":{"@id":"https:\/\/crematieasinglas.nl\/#\/schema\/logo\/image\/"}}]}},"_links":{"self":[{"href":"https:\/\/crematieasinglas.nl\/de\/wp-json\/wp\/v2\/product\/19615","targetHints":{"allow":["GET"]}}],"collection":[{"href":"https:\/\/crematieasinglas.nl\/de\/wp-json\/wp\/v2\/product"}],"about":[{"href":"https:\/\/crematieasinglas.nl\/de\/wp-json\/wp\/v2\/types\/product"}],"replies":[{"embeddable":true,"href":"https:\/\/crematieasinglas.nl\/de\/wp-json\/wp\/v2\/comments?post=19615"}],"wp:featuredmedia":[{"embeddable":true,"href":"https:\/\/crematieasinglas.nl\/de\/wp-json\/wp\/v2\/media\/12234"}],"wp:attachment":[{"href":"https:\/\/crematieasinglas.nl\/de\/wp-json\/wp\/v2\/media?parent=19615"}],"wp:term":[{"taxonomy":"product_brand","embeddable":true,"href":"https:\/\/crematieasinglas.nl\/de\/wp-json\/wp\/v2\/product_brand?post=19615"},{"taxonomy":"product_cat","embeddable":true,"href":"https:\/\/crematieasinglas.nl\/de\/wp-json\/wp\/v2\/product_cat?post=19615"},{"taxonomy":"product_tag","embeddable":true,"href":"https:\/\/crematieasinglas.nl\/de\/wp-json\/wp\/v2\/product_tag?post=19615"}],"curies":[{"name":"wp","href":"https:\/\/api.w.org\/{rel}","templated":true}]}}