{"id":19532,"date":"2025-12-19T15:21:21","date_gmt":"2025-12-19T15:21:21","guid":{"rendered":"https:\/\/ebdxvyckeo.onrocket.site\/product\/hssa1036-einaescherung-asche-herren-gedenkarmband-segelseil\/"},"modified":"2025-04-17T09:35:55","modified_gmt":"2025-04-17T09:35:55","slug":"hssa1036-einaescherung-asche-herren-gedenkarmband-segelseil","status":"publish","type":"product","link":"https:\/\/crematieasinglas.nl\/de\/produkt\/hssa1036-einaescherung-asche-herren-gedenkarmband-segelseil\/","title":{"rendered":"HSSA1036 | Ein\u00e4scherung Asche Herren Gedenkarmband Segelseil"},"content":{"rendered":"<p>Artikelnummer: HSSA1036<br \/>\nKollektion: F\u00fcr ihn<br \/>\nKategorie: Segelseil<\/p>\n<h3>Lieferzeit: 8 Werktage, nach Erhalt der Asche<\/h3>\n<p><strong>Definition:<\/strong><br \/>\nBitte beachten Sie, dass Sie dieses Schmuckst\u00fcck nicht selbst zu Hause bef\u00fcllen k\u00f6nnen, sondern es von Jet in Handarbeit f\u00fcr Sie angefertigt wird, wobei die Kremasche in der Mitte Edelstahlanh\u00e4nger fixiert wird! Im Amulett der Ein\u00e4scherung auf dem Foto ist die Asche der Ein\u00e4scherung im Anh\u00e4nger sichtbar. Nat\u00fcrlich k\u00f6nnen Sie auch eine andere Verarbeitung\/Farbe im Charm w\u00e4hlen, wenn Sie die Ein\u00e4scherung halb (leicht) sichtbar oder eher nicht sichtbar haben m\u00f6chten. Diese k\u00f6nnen Sie dann direkt nach Ihrer Bestellung weitergeben.     <\/p>\n<p>Der Amulator aus Ein\u00e4scherung liegt zwischen 2 blau\/schwarz metallic Edelstahl Designanh\u00e4ngern. Das Armband ist mit einem sicheren Schiebeverschluss aus schwarzem Edelstahl versehen. Alle Charms sind zwischen schwarzen Gummistoppern am Armband befestigt. Das Armband wird individuell f\u00fcr Sie angefertigt, Sie k\u00f6nnen w\u00e4hlen, ob Sie das Armband einzeln oder doppelt tragen m\u00f6chten. Es gibt keinen Preisunterschied zwischen ihnen.      <\/p>\n<p>Das Sail-Rope Armband ist ein kr\u00e4ftiges blaues 6mm Armband mit einem sehr flexiblen und angenehmen Tragekomfort. Sail Rope ist ein sehr starkes geflochtenes Polyestermaterial, flexibel im Gebrauch und hat eine glatte Oberfl\u00e4che. Segelseil wird aufgrund dieser starken Eigenschaften auch beim Segeln verwendet.    <\/p>\n<p>Die gezeigten Fotos zeigen ein Beispiel daf\u00fcr, wie der Gedenkschmuck aussehen wird. Bitte beachten Sie, dass Ihr Asche-Anh\u00e4nger m\u00f6glicherweise nicht genau gleich ist, da Ihr Asche-Anh\u00e4nger handgefertigt ist und Asche aus der Feuerbestattung verschiedene Wei\u00df- und Graut\u00f6ne haben kann.   <\/p>\n<p>Nach Erhalt der Ein\u00e4scherung wird Ihre Ein\u00e4scherungsasche und die restliche Asche innerhalb von 8 Werktagen per Paketpost oder Briefkasten-Paketpost von DHL an Sie zur\u00fcckgesandt. Sollte es im Vorfeld Ihrer Bestellung Fragen geben, beantworte ich diese gerne f\u00fcr Sie.   <\/p>\n<p>Die Asche der Ein\u00e4scherung in glas.nl ist eine eingetragene und garantierte Marke, die Ihnen die Garantie f\u00fcr ein einzigartiges und hochwertiges handgefertigtes Produkt ohne Repliken oder Massenproduktion gibt<\/p>\n<p><strong><br \/>\nInformationen: 1 cm<br \/>\nBreite: Sonderanfertigung<br \/>\nTiefe:<br \/>\nFarbe: blau<br \/>\nInhalt:<br \/>\nLagerbestand: 2 Lagerartikel<\/strong><\/p>\n<p><strong>Lieferung:<\/strong><br \/>\nNachdem Sie das ausgew\u00e4hlte Herrenarmband mit Ein\u00e4scherungsasche bestellt haben, melde ich mich per E-Mail bei Ihnen bei Fragen zur Gr\u00f6\u00dfe Ihres Handgelenks. Ich gebe Ihnen einfache Tipps, um eine korrekte Messung weitergeben zu k\u00f6nnen. Nachdem ich diese Informationen erhalten habe, sende ich Ihnen ein kostenloses digitales Versandetikett zu (nur bei niederl\u00e4ndischen Adressen m\u00f6glich), mit dem Sie mir die Ein\u00e4scherungsasche zusenden k\u00f6nnen (etwa eine Menge von 2 Teel\u00f6ffeln reicht aus). F\u00fcr Kunden au\u00dferhalb der Niederlande ist es mir nicht m\u00f6glich, diesen Stempel zu beantragen, ein ausl\u00e4ndischer Versandstempel, um die Ein\u00e4scherungsasche an mich zu senden, kann nicht erstattet werden. Ich m\u00f6chte Ihnen Tipps geben, wie Sie mir die Ein\u00e4scherungsasche am besten (auch aus dem Ausland) zukommen lassen k\u00f6nnen. Das niederl\u00e4ndische Versandetikett ist ein Etikett f\u00fcr ein DHL-Briefkastenpaket, das direkt bei mir ankommt, und Sie k\u00f6nnen es per Sendungsverfolgung verfolgen.     Sie k\u00f6nnen das Briefkastenpaket mit der Ein\u00e4scherung innerhalb von 5 Tagen kostenlos an einer DHL-Abgabestelle zur\u00fccksenden. In dieser E-Mail erkl\u00e4re ich Ihnen auch die Abmessungen des Briefkastenpakets und welche n\u00e4chstgelegene Abgabestelle Sie in der Umgebung haben. Ein sicherer und nachverfolgbarer Transport war bisher immer garantiert, aber wir k\u00f6nnen keine Verantwortung \u00fcbernehmen, wenn dies unerwartet mit dem Spediteur schief geht. Selbstverst\u00e4ndlich ist es auch m\u00f6glich, die Ein\u00e4scherungsasche nach Terminabsprache in unseren Showroom am Hoogakker 2E in Hapert zu liefern. Einen Termin daf\u00fcr k\u00f6nnen Sie auf unserer Website crematieasinglas.nl vereinbaren.    Nach Erhalt der Ein\u00e4scherungsasche werde ich mit gro\u00dfer Sorgfalt an Ihrem Gedenkschmuck arbeiten.  <a href=\"https:\/\/crematieasinglas.nl\">Website crematieasinglas.nl<\/a><\/p>\n<p>:<br \/>\n<div style=\"width: 640px;\" class=\"wp-video\"><video class=\"wp-video-shortcode\" id=\"video-19532-1\" width=\"640\" height=\"360\" preload=\"metadata\" controls=\"controls\"><source type=\"video\/mp4\" src=\"https:\/\/crematieasinglas.nl\/media\/voor-hem\/sailrope-heren-armbanden\/video\/crematie-as-heren-armband-sailrope-blauw-design-blauw-1-hssa1036mp4.mp4?_=1\" \/><a href=\"https:\/\/crematieasinglas.nl\/media\/voor-hem\/sailrope-heren-armbanden\/video\/crematie-as-heren-armband-sailrope-blauw-design-blauw-1-hssa1036mp4.mp4\">https:\/\/crematieasinglas.nl\/media\/voor-hem\/sailrope-heren-armbanden\/video\/crematie-as-heren-armband-sailrope-blauw-design-blauw-1-hssa1036mp4.mp4<\/a><\/video><\/div>\n<p>&nbsp;<\/p>\n","protected":false},"excerpt":{"rendered":"<p>Ein\u00e4scherung Asche Herren Gedenkarmband Segelseil<\/p>\n","protected":false},"featured_media":10818,"comment_status":"closed","ping_status":"open","template":"","meta":[],"product_brand":[],"product_cat":[526,829],"product_tag":[],"class_list":{"0":"post-19532","1":"product","2":"type-product","3":"status-publish","4":"has-post-thumbnail","6":"product_cat-fur-ihn","7":"product_cat-segelseil","8":"pa_kleur-blau","9":"pa_leveringsvoorwaarden-nachdem-sie-das-ausgewahlte-herrenarmband-mit-einascherungsasche-bestellt-haben-melde-ich-mich-per-e-mail-bei-ihnen-bei-fragen-zur-grose-ihres-handgelenks-ich-werde-es-dir-leicht-machen","11":"first","12":"instock","13":"purchasable","14":"product-type-simple"},"yoast_head":"<!-- This site is optimized with the Yoast SEO Premium plugin v27.5 (Yoast SEO v27.5) - https:\/\/yoast.com\/product\/yoast-seo-premium-wordpress\/ -->\n<title>HSSA1036 | Ein\u00e4scherung Asche Herren Gedenkarmband Segelseil - Winkel voor Crematie-as in glas<\/title>\n<meta name=\"robots\" content=\"index, follow, max-snippet:-1, max-image-preview:large, max-video-preview:-1\" \/>\n<link rel=\"canonical\" href=\"https:\/\/crematieasinglas.nl\/produkt\/hssa1036-crematie-as-heren-gedenk-armband-sailrope\/\" \/>\n<meta property=\"og:locale\" content=\"de_DE\" \/>\n<meta property=\"og:type\" content=\"article\" \/>\n<meta property=\"og:title\" content=\"HSSA1036 | Ein\u00e4scherung Asche Herren Gedenkarmband Segelseil\" \/>\n<meta property=\"og:description\" content=\"Ein\u00e4scherung Asche Herren Gedenkarmband Segelseil\" \/>\n<meta property=\"og:url\" content=\"https:\/\/crematieasinglas.nl\/produkt\/hssa1036-crematie-as-heren-gedenk-armband-sailrope\/\" \/>\n<meta property=\"og:site_name\" content=\"Winkel voor Crematie-as in glas\" \/>\n<meta property=\"og:image\" content=\"https:\/\/crematieasinglas.nl\/wp-content\/uploads\/2024\/11\/crematie-as-heren-armband-sailrope-blauw-design-blauw-1-hssa1036.jpg\" \/>\n\t<meta property=\"og:image:width\" content=\"1159\" \/>\n\t<meta property=\"og:image:height\" content=\"766\" \/>\n\t<meta property=\"og:image:type\" content=\"image\/jpeg\" \/>\n<meta name=\"twitter:card\" content=\"summary_large_image\" \/>\n<meta name=\"twitter:label1\" content=\"Gesch\u00e4tzte Lesezeit\" \/>\n\t<meta name=\"twitter:data1\" content=\"3\u00a0Minuten\" \/>\n<script type=\"application\/ld+json\" class=\"yoast-schema-graph\">{\"@context\":\"https:\\\/\\\/schema.org\",\"@graph\":[{\"@type\":\"WebPage\",\"@id\":\"https:\\\/\\\/crematieasinglas.nl\\\/produkt\\\/hssa1036-crematie-as-heren-gedenk-armband-sailrope\\\/\",\"url\":\"https:\\\/\\\/crematieasinglas.nl\\\/produkt\\\/hssa1036-crematie-as-heren-gedenk-armband-sailrope\\\/\",\"name\":\"HSSA1036 | Ein\u00e4scherung Asche Herren Gedenkarmband Segelseil - Winkel voor Crematie-as in glas\",\"isPartOf\":{\"@id\":\"https:\\\/\\\/crematieasinglas.nl\\\/#website\"},\"primaryImageOfPage\":{\"@id\":\"https:\\\/\\\/crematieasinglas.nl\\\/produkt\\\/hssa1036-crematie-as-heren-gedenk-armband-sailrope\\\/#primaryimage\"},\"image\":{\"@id\":\"https:\\\/\\\/crematieasinglas.nl\\\/produkt\\\/hssa1036-crematie-as-heren-gedenk-armband-sailrope\\\/#primaryimage\"},\"thumbnailUrl\":\"https:\\\/\\\/crematieasinglas.nl\\\/wp-content\\\/uploads\\\/2024\\\/11\\\/crematie-as-heren-armband-sailrope-blauw-design-blauw-1-hssa1036.jpg\",\"datePublished\":\"2025-12-19T15:21:21+00:00\",\"breadcrumb\":{\"@id\":\"https:\\\/\\\/crematieasinglas.nl\\\/produkt\\\/hssa1036-crematie-as-heren-gedenk-armband-sailrope\\\/#breadcrumb\"},\"inLanguage\":\"de\",\"potentialAction\":[{\"@type\":\"ReadAction\",\"target\":[\"https:\\\/\\\/crematieasinglas.nl\\\/produkt\\\/hssa1036-crematie-as-heren-gedenk-armband-sailrope\\\/\"]}]},{\"@type\":\"ImageObject\",\"inLanguage\":\"de\",\"@id\":\"https:\\\/\\\/crematieasinglas.nl\\\/produkt\\\/hssa1036-crematie-as-heren-gedenk-armband-sailrope\\\/#primaryimage\",\"url\":\"https:\\\/\\\/crematieasinglas.nl\\\/wp-content\\\/uploads\\\/2024\\\/11\\\/crematie-as-heren-armband-sailrope-blauw-design-blauw-1-hssa1036.jpg\",\"contentUrl\":\"https:\\\/\\\/crematieasinglas.nl\\\/wp-content\\\/uploads\\\/2024\\\/11\\\/crematie-as-heren-armband-sailrope-blauw-design-blauw-1-hssa1036.jpg\",\"width\":1159,\"height\":766},{\"@type\":\"BreadcrumbList\",\"@id\":\"https:\\\/\\\/crematieasinglas.nl\\\/produkt\\\/hssa1036-crematie-as-heren-gedenk-armband-sailrope\\\/#breadcrumb\",\"itemListElement\":[{\"@type\":\"ListItem\",\"position\":1,\"name\":\"Home\",\"item\":\"https:\\\/\\\/crematieasinglas.nl\\\/\"},{\"@type\":\"ListItem\",\"position\":2,\"name\":\"Shop\",\"item\":\"https:\\\/\\\/crematieasinglas.nl\\\/de\\\/shop\\\/\"},{\"@type\":\"ListItem\",\"position\":3,\"name\":\"HSSA1036 | Ein\u00e4scherung Asche Herren Gedenkarmband Segelseil\"}]},{\"@type\":\"WebSite\",\"@id\":\"https:\\\/\\\/crematieasinglas.nl\\\/#website\",\"url\":\"https:\\\/\\\/crematieasinglas.nl\\\/\",\"name\":\"Winkel voor Crematie-as in glas\",\"description\":\"Een winkel voor crematieasinglas.nl\",\"publisher\":{\"@id\":\"https:\\\/\\\/crematieasinglas.nl\\\/#organization\"},\"potentialAction\":[{\"@type\":\"SearchAction\",\"target\":{\"@type\":\"EntryPoint\",\"urlTemplate\":\"https:\\\/\\\/crematieasinglas.nl\\\/?s={search_term_string}\"},\"query-input\":{\"@type\":\"PropertyValueSpecification\",\"valueRequired\":true,\"valueName\":\"search_term_string\"}}],\"inLanguage\":\"de\"},{\"@type\":\"Organization\",\"@id\":\"https:\\\/\\\/crematieasinglas.nl\\\/#organization\",\"name\":\"Dierbaarasinglas.nl\",\"alternateName\":\"Crematieasinglas.nl\",\"url\":\"https:\\\/\\\/crematieasinglas.nl\\\/\",\"logo\":{\"@type\":\"ImageObject\",\"inLanguage\":\"de\",\"@id\":\"https:\\\/\\\/crematieasinglas.nl\\\/#\\\/schema\\\/logo\\\/image\\\/\",\"url\":\"https:\\\/\\\/crematieasinglas.nl\\\/wp-content\\\/uploads\\\/2024\\\/10\\\/logo-02-playfair-googlefont-met-hartje-02.png\",\"contentUrl\":\"https:\\\/\\\/crematieasinglas.nl\\\/wp-content\\\/uploads\\\/2024\\\/10\\\/logo-02-playfair-googlefont-met-hartje-02.png\",\"width\":582,\"height\":136,\"caption\":\"Dierbaarasinglas.nl\"},\"image\":{\"@id\":\"https:\\\/\\\/crematieasinglas.nl\\\/#\\\/schema\\\/logo\\\/image\\\/\"}}]}<\/script>\n<!-- \/ Yoast SEO Premium plugin. -->","yoast_head_json":{"title":"HSSA1036 | Ein\u00e4scherung Asche Herren Gedenkarmband Segelseil - Winkel voor Crematie-as in glas","robots":{"index":"index","follow":"follow","max-snippet":"max-snippet:-1","max-image-preview":"max-image-preview:large","max-video-preview":"max-video-preview:-1"},"canonical":"https:\/\/crematieasinglas.nl\/produkt\/hssa1036-crematie-as-heren-gedenk-armband-sailrope\/","og_locale":"de_DE","og_type":"article","og_title":"HSSA1036 | Ein\u00e4scherung Asche Herren Gedenkarmband Segelseil","og_description":"Ein\u00e4scherung Asche Herren Gedenkarmband Segelseil","og_url":"https:\/\/crematieasinglas.nl\/produkt\/hssa1036-crematie-as-heren-gedenk-armband-sailrope\/","og_site_name":"Winkel voor Crematie-as in glas","og_image":[{"width":1159,"height":766,"url":"https:\/\/crematieasinglas.nl\/wp-content\/uploads\/2024\/11\/crematie-as-heren-armband-sailrope-blauw-design-blauw-1-hssa1036.jpg","type":"image\/jpeg"}],"twitter_card":"summary_large_image","twitter_misc":{"Gesch\u00e4tzte Lesezeit":"3\u00a0Minuten"},"schema":{"@context":"https:\/\/schema.org","@graph":[{"@type":"WebPage","@id":"https:\/\/crematieasinglas.nl\/produkt\/hssa1036-crematie-as-heren-gedenk-armband-sailrope\/","url":"https:\/\/crematieasinglas.nl\/produkt\/hssa1036-crematie-as-heren-gedenk-armband-sailrope\/","name":"HSSA1036 | Ein\u00e4scherung Asche Herren Gedenkarmband Segelseil - Winkel voor Crematie-as in glas","isPartOf":{"@id":"https:\/\/crematieasinglas.nl\/#website"},"primaryImageOfPage":{"@id":"https:\/\/crematieasinglas.nl\/produkt\/hssa1036-crematie-as-heren-gedenk-armband-sailrope\/#primaryimage"},"image":{"@id":"https:\/\/crematieasinglas.nl\/produkt\/hssa1036-crematie-as-heren-gedenk-armband-sailrope\/#primaryimage"},"thumbnailUrl":"https:\/\/crematieasinglas.nl\/wp-content\/uploads\/2024\/11\/crematie-as-heren-armband-sailrope-blauw-design-blauw-1-hssa1036.jpg","datePublished":"2025-12-19T15:21:21+00:00","breadcrumb":{"@id":"https:\/\/crematieasinglas.nl\/produkt\/hssa1036-crematie-as-heren-gedenk-armband-sailrope\/#breadcrumb"},"inLanguage":"de","potentialAction":[{"@type":"ReadAction","target":["https:\/\/crematieasinglas.nl\/produkt\/hssa1036-crematie-as-heren-gedenk-armband-sailrope\/"]}]},{"@type":"ImageObject","inLanguage":"de","@id":"https:\/\/crematieasinglas.nl\/produkt\/hssa1036-crematie-as-heren-gedenk-armband-sailrope\/#primaryimage","url":"https:\/\/crematieasinglas.nl\/wp-content\/uploads\/2024\/11\/crematie-as-heren-armband-sailrope-blauw-design-blauw-1-hssa1036.jpg","contentUrl":"https:\/\/crematieasinglas.nl\/wp-content\/uploads\/2024\/11\/crematie-as-heren-armband-sailrope-blauw-design-blauw-1-hssa1036.jpg","width":1159,"height":766},{"@type":"BreadcrumbList","@id":"https:\/\/crematieasinglas.nl\/produkt\/hssa1036-crematie-as-heren-gedenk-armband-sailrope\/#breadcrumb","itemListElement":[{"@type":"ListItem","position":1,"name":"Home","item":"https:\/\/crematieasinglas.nl\/"},{"@type":"ListItem","position":2,"name":"Shop","item":"https:\/\/crematieasinglas.nl\/de\/shop\/"},{"@type":"ListItem","position":3,"name":"HSSA1036 | Ein\u00e4scherung Asche Herren Gedenkarmband Segelseil"}]},{"@type":"WebSite","@id":"https:\/\/crematieasinglas.nl\/#website","url":"https:\/\/crematieasinglas.nl\/","name":"Winkel voor Crematie-as in glas","description":"Een winkel voor crematieasinglas.nl","publisher":{"@id":"https:\/\/crematieasinglas.nl\/#organization"},"potentialAction":[{"@type":"SearchAction","target":{"@type":"EntryPoint","urlTemplate":"https:\/\/crematieasinglas.nl\/?s={search_term_string}"},"query-input":{"@type":"PropertyValueSpecification","valueRequired":true,"valueName":"search_term_string"}}],"inLanguage":"de"},{"@type":"Organization","@id":"https:\/\/crematieasinglas.nl\/#organization","name":"Dierbaarasinglas.nl","alternateName":"Crematieasinglas.nl","url":"https:\/\/crematieasinglas.nl\/","logo":{"@type":"ImageObject","inLanguage":"de","@id":"https:\/\/crematieasinglas.nl\/#\/schema\/logo\/image\/","url":"https:\/\/crematieasinglas.nl\/wp-content\/uploads\/2024\/10\/logo-02-playfair-googlefont-met-hartje-02.png","contentUrl":"https:\/\/crematieasinglas.nl\/wp-content\/uploads\/2024\/10\/logo-02-playfair-googlefont-met-hartje-02.png","width":582,"height":136,"caption":"Dierbaarasinglas.nl"},"image":{"@id":"https:\/\/crematieasinglas.nl\/#\/schema\/logo\/image\/"}}]}},"_links":{"self":[{"href":"https:\/\/crematieasinglas.nl\/de\/wp-json\/wp\/v2\/product\/19532","targetHints":{"allow":["GET"]}}],"collection":[{"href":"https:\/\/crematieasinglas.nl\/de\/wp-json\/wp\/v2\/product"}],"about":[{"href":"https:\/\/crematieasinglas.nl\/de\/wp-json\/wp\/v2\/types\/product"}],"replies":[{"embeddable":true,"href":"https:\/\/crematieasinglas.nl\/de\/wp-json\/wp\/v2\/comments?post=19532"}],"wp:featuredmedia":[{"embeddable":true,"href":"https:\/\/crematieasinglas.nl\/de\/wp-json\/wp\/v2\/media\/10818"}],"wp:attachment":[{"href":"https:\/\/crematieasinglas.nl\/de\/wp-json\/wp\/v2\/media?parent=19532"}],"wp:term":[{"taxonomy":"product_brand","embeddable":true,"href":"https:\/\/crematieasinglas.nl\/de\/wp-json\/wp\/v2\/product_brand?post=19532"},{"taxonomy":"product_cat","embeddable":true,"href":"https:\/\/crematieasinglas.nl\/de\/wp-json\/wp\/v2\/product_cat?post=19532"},{"taxonomy":"product_tag","embeddable":true,"href":"https:\/\/crematieasinglas.nl\/de\/wp-json\/wp\/v2\/product_tag?post=19532"}],"curies":[{"name":"wp","href":"https:\/\/api.w.org\/{rel}","templated":true}]}}