{"id":19502,"date":"2025-04-17T11:45:33","date_gmt":"2025-04-17T11:45:33","guid":{"rendered":"https:\/\/ebdxvyckeo.onrocket.site\/product\/cvu3013-glasurne-personalisiert-mit-in-glas-befestigter-einaescherungsasche\/"},"modified":"2025-04-17T11:45:33","modified_gmt":"2025-04-17T11:45:33","slug":"cvu3013-glasurne-personalisiert-mit-in-glas-befestigter-einaescherungsasche","status":"publish","type":"product","link":"https:\/\/crematieasinglas.nl\/de\/produkt\/cvu3013-glasurne-personalisiert-mit-in-glas-befestigter-einaescherungsasche\/","title":{"rendered":"CVU3013 | Glasurne personalisiert mit in Glas befestigter Ein\u00e4scherungsasche"},"content":{"rendered":"<p>Code-Nummer: CVU3013<br \/>\nSammlung: Urnen<br \/>\nKategorie: Ein\u00e4scherung, Asche ins Glas geblasen | CVU 3000<\/p>\n<h3>Lieferung:  <\/p>\n<h3>8 Arbeitstage, nach Erhalt der Asche<\/h3>\n<\/h3>\n<h3>Information:<\/h3>\n<p>H\u00f6he: 27cm<br \/>\nBreite: 12cm<br \/>\nTiefe:<br \/>\nFarbe: gold-lila<br \/>\nInhalt:<br \/>\nLagerbestand: 2 Lagerartikel<\/p>\n<h3>Definition:<\/h3>\n<h2>Eine personalisierte Urne aus Glas mit Ein\u00e4scherungsasche<\/h2>\n<p>Diese Glasurnen werden mit Sorgfalt und handwerklichem Geschick hergestellt, wobei das Glas verarbeitet und an die W\u00fcnsche der n\u00e4chsten Angeh\u00f6rigen angepasst wird.  <br \/>Bitte beachten Sie, dass Sie diese Urne nicht <strong>selbst zu Hause<\/strong> f\u00fcllen k\u00f6nnen, sondern sie von Jet f\u00fcr Sie handgefertigt wird!<\/p>\n<h3>Spezifische Beschreibung:<\/h3>\n<p>Diese Ballerina-Statue aus Harz h\u00e4lt ein Glasherz an ihrem Fu\u00df. Im Herzen des Glases wird eine symbolische Menge an Ein\u00e4scherungsasche durch die Technik der Glasbl\u00e4serei in das Glas geblasen\/geschmolzen. Das Herz wird dann auf die Statue montiert. In der Ballerina-Statue selbst kann keine Ein\u00e4scherungsasche abgelegt werden. Nach Erhalt der Ein\u00e4scherungsasche werde ich mit gro\u00dfer Sorgfalt an Ihrem Erinnerungsbild arbeiten. Wenn Sie eine andere Farbe im Herzen w\u00fcnschen, k\u00f6nnen Sie dies nach Ihrer Bestellung angeben und wir k\u00f6nnen uns die M\u00f6glichkeiten in Absprache ansehen.       <br \/>Die Gr\u00f6\u00dfe des Herzens betr\u00e4gt ca. 4&#215;4 cm (da es handgefertigt ist, kann dies um einige mm abweichen).<\/p>\n<h3>Lieferung:<\/h3>\n<p>Nachdem <strong>ich Ihre Bestellung aufgegeben habe<\/strong>, werde ich mich per E-Mail mit Ihnen in Verbindung setzen, um Ihnen ein kostenloses digitales Versandetikett und eine Informationsmail zuzusenden, mit der Sie mir (eine sehr kleine Menge) Ein\u00e4scherungsasche zusenden k\u00f6nnen. Eine Menge von <strong>2 Teel\u00f6ffeln Ein\u00e4scherungsasche<\/strong> reicht daf\u00fcr aus. <br \/>F\u00fcr Kunden au\u00dferhalb der Niederlande ist es mir nicht m\u00f6glich, dieses digitale Versandetikett anzufordern. <br \/>Eine ausl\u00e4ndische Versandmarke f\u00fcr den Versand der Ein\u00e4scherungsasche an mich kann von mir nicht erstattet werden. Ich m\u00f6chte Ihnen aber Tipps geben, wie Sie mir die Ein\u00e4scherungsasche auch aus dem Ausland zukommen lassen k\u00f6nnen.  <\/br><br \/>\n<br \/><strong>Der kostenlose Versand<\/strong> des bestellten Erinnerungsartikels an Sie gilt f\u00fcr alle. Das Versandetikett f\u00fcr die Ein\u00e4scherung ist ein Etikett f\u00fcr ein <strong>Briefkastenpaket<\/strong> von DHL, das direkt vor meiner Haust\u00fcr ankommt und von Ihnen verfolgt werden kann.<br \/>Sie k\u00f6nnen das Briefkastenpaket mit der Ein\u00e4scherung innerhalb von 5 Werktagen kostenlos an einer DHL-Abgabestelle zur\u00fccksenden.<br \/>\n<br \/><strong>In der Infomail<\/strong> werde ich auch erkl\u00e4ren, welche Ma\u00dfe das Briefkastenpaket erf\u00fcllen muss und welche n\u00e4chstgelegene Abgabestelle Sie in der Umgebung haben.<\/p>\n<p>Ein <strong>sicherer und nachverfolgbarer Transport<\/strong> war bisher immer garantiert, aber wir k\u00f6nnen keine Verantwortung \u00fcbernehmen, wenn dies unerwartet mit dem Spediteur schief geht.<\/br><br \/>  Wenn Sie die Ein\u00e4scherungsasche mitbringen m\u00f6chten, ist dies ebenfalls m\u00f6glich, Sie k\u00f6nnen hierf\u00fcr <strong>einen Termin vereinbaren<\/strong> unter den M\u00f6glichkeiten, die in unserer Online-Agenda auf unserer Website offen stehen <a href=\"https:\/\/crematieasinglas.nl\">crematieasinglas.nl<\/a><\/p>\n","protected":false},"excerpt":{"rendered":"<p>Eine <strong>personalisierte Urne aus Glas<\/strong> ist eine einzigartige M\u00f6glichkeit, das Andenken an einen geliebten Menschen zu ehren. Diese Urnen werden mit Sorgfalt und handwerklichem Geschick hergestellt, wobei das Glas verarbeitet und an die W\u00fcnsche der n\u00e4chsten Angeh\u00f6rigen angepasst wird.   <br \/>Die Lieferzeit betr\u00e4gt 8 Werktage (2 Wochen) nach Erhalt der Asche.<\/p>\n","protected":false},"featured_media":10518,"comment_status":"closed","ping_status":"open","template":"","meta":[],"product_brand":[],"product_cat":[822,737],"product_tag":[],"class_list":{"0":"post-19502","1":"product","2":"type-product","3":"status-publish","4":"has-post-thumbnail","6":"product_cat-einascherung-asche-in-glas-geblasen-cvu-3000","7":"product_cat-urnen-de","8":"pa_kleur-gold-flieder","10":"first","11":"instock","12":"taxable","13":"shipping-taxable","14":"purchasable","15":"product-type-simple"},"yoast_head":"<!-- This site is optimized with the Yoast SEO Premium plugin v27.5 (Yoast SEO v27.5) - https:\/\/yoast.com\/product\/yoast-seo-premium-wordpress\/ -->\n<title>CVU3013 | Glasurne personalisiert mit in Glas befestigter Ein\u00e4scherungsasche - Winkel voor Crematie-as in glas<\/title>\n<meta name=\"description\" content=\"Eine personalisierte Urne aus Glas ist eine einzigartige M\u00f6glichkeit, das Andenken an einen geliebten Menschen zu ehren. Diese Urnen werden mit Sorgfalt und handwerklichem Geschick hergestellt, wobei das Glas verarbeitet und an die W\u00fcnsche der n\u00e4chsten Angeh\u00f6rigen angepasst wird. Die Lieferzeit betr\u00e4gt 8 Werktage (2 Wochen) nach Erhalt der Asche.\" \/>\n<meta name=\"robots\" content=\"index, follow, max-snippet:-1, max-image-preview:large, max-video-preview:-1\" \/>\n<link rel=\"canonical\" href=\"https:\/\/crematieasinglas.nl\/produkt\/cvu3013-glazen-urn-gepersonaliseerd-met-crematie-as-vast-in-glas\/\" \/>\n<meta property=\"og:locale\" content=\"de_DE\" \/>\n<meta property=\"og:type\" content=\"article\" \/>\n<meta property=\"og:title\" content=\"CVU3013 | Glasurne personalisiert mit in Glas befestigter Ein\u00e4scherungsasche\" \/>\n<meta property=\"og:description\" content=\"Eine personalisierte Urne aus Glas ist eine einzigartige M\u00f6glichkeit, das Andenken an einen geliebten Menschen zu ehren. Diese Urnen werden mit Sorgfalt und handwerklichem Geschick hergestellt, wobei das Glas verarbeitet und an die W\u00fcnsche der n\u00e4chsten Angeh\u00f6rigen angepasst wird. Die Lieferzeit betr\u00e4gt 8 Werktage (2 Wochen) nach Erhalt der Asche.\" \/>\n<meta property=\"og:url\" content=\"https:\/\/crematieasinglas.nl\/produkt\/cvu3013-glazen-urn-gepersonaliseerd-met-crematie-as-vast-in-glas\/\" \/>\n<meta property=\"og:site_name\" content=\"Winkel voor Crematie-as in glas\" \/>\n<meta property=\"og:image\" content=\"https:\/\/crematieasinglas.nl\/wp-content\/uploads\/2024\/10\/crematie-as-urn-glas-vast-8werkdagen-ballerina-hart-roze-lila-1-cvu3013.jpg\" \/>\n\t<meta property=\"og:image:width\" content=\"1280\" \/>\n\t<meta property=\"og:image:height\" content=\"1920\" \/>\n\t<meta property=\"og:image:type\" content=\"image\/jpeg\" \/>\n<meta name=\"twitter:card\" content=\"summary_large_image\" \/>\n<meta name=\"twitter:label1\" content=\"Gesch\u00e4tzte Lesezeit\" \/>\n\t<meta name=\"twitter:data1\" content=\"2\u00a0Minuten\" \/>\n<script type=\"application\/ld+json\" class=\"yoast-schema-graph\">{\"@context\":\"https:\\\/\\\/schema.org\",\"@graph\":[{\"@type\":\"WebPage\",\"@id\":\"https:\\\/\\\/crematieasinglas.nl\\\/produkt\\\/cvu3013-glazen-urn-gepersonaliseerd-met-crematie-as-vast-in-glas\\\/\",\"url\":\"https:\\\/\\\/crematieasinglas.nl\\\/produkt\\\/cvu3013-glazen-urn-gepersonaliseerd-met-crematie-as-vast-in-glas\\\/\",\"name\":\"CVU3013 | Glasurne personalisiert mit in Glas befestigter Ein\u00e4scherungsasche - Winkel voor Crematie-as in glas\",\"isPartOf\":{\"@id\":\"https:\\\/\\\/crematieasinglas.nl\\\/#website\"},\"primaryImageOfPage\":{\"@id\":\"https:\\\/\\\/crematieasinglas.nl\\\/produkt\\\/cvu3013-glazen-urn-gepersonaliseerd-met-crematie-as-vast-in-glas\\\/#primaryimage\"},\"image\":{\"@id\":\"https:\\\/\\\/crematieasinglas.nl\\\/produkt\\\/cvu3013-glazen-urn-gepersonaliseerd-met-crematie-as-vast-in-glas\\\/#primaryimage\"},\"thumbnailUrl\":\"https:\\\/\\\/crematieasinglas.nl\\\/wp-content\\\/uploads\\\/2024\\\/10\\\/crematie-as-urn-glas-vast-8werkdagen-ballerina-hart-roze-lila-1-cvu3013.jpg\",\"datePublished\":\"2025-04-17T11:45:33+00:00\",\"description\":\"Eine personalisierte Urne aus Glas ist eine einzigartige M\u00f6glichkeit, das Andenken an einen geliebten Menschen zu ehren. Diese Urnen werden mit Sorgfalt und handwerklichem Geschick hergestellt, wobei das Glas verarbeitet und an die W\u00fcnsche der n\u00e4chsten Angeh\u00f6rigen angepasst wird. Die Lieferzeit betr\u00e4gt 8 Werktage (2 Wochen) nach Erhalt der Asche.\",\"breadcrumb\":{\"@id\":\"https:\\\/\\\/crematieasinglas.nl\\\/produkt\\\/cvu3013-glazen-urn-gepersonaliseerd-met-crematie-as-vast-in-glas\\\/#breadcrumb\"},\"inLanguage\":\"de\",\"potentialAction\":[{\"@type\":\"ReadAction\",\"target\":[\"https:\\\/\\\/crematieasinglas.nl\\\/produkt\\\/cvu3013-glazen-urn-gepersonaliseerd-met-crematie-as-vast-in-glas\\\/\"]}]},{\"@type\":\"ImageObject\",\"inLanguage\":\"de\",\"@id\":\"https:\\\/\\\/crematieasinglas.nl\\\/produkt\\\/cvu3013-glazen-urn-gepersonaliseerd-met-crematie-as-vast-in-glas\\\/#primaryimage\",\"url\":\"https:\\\/\\\/crematieasinglas.nl\\\/wp-content\\\/uploads\\\/2024\\\/10\\\/crematie-as-urn-glas-vast-8werkdagen-ballerina-hart-roze-lila-1-cvu3013.jpg\",\"contentUrl\":\"https:\\\/\\\/crematieasinglas.nl\\\/wp-content\\\/uploads\\\/2024\\\/10\\\/crematie-as-urn-glas-vast-8werkdagen-ballerina-hart-roze-lila-1-cvu3013.jpg\",\"width\":1280,\"height\":1920},{\"@type\":\"BreadcrumbList\",\"@id\":\"https:\\\/\\\/crematieasinglas.nl\\\/produkt\\\/cvu3013-glazen-urn-gepersonaliseerd-met-crematie-as-vast-in-glas\\\/#breadcrumb\",\"itemListElement\":[{\"@type\":\"ListItem\",\"position\":1,\"name\":\"Home\",\"item\":\"https:\\\/\\\/crematieasinglas.nl\\\/\"},{\"@type\":\"ListItem\",\"position\":2,\"name\":\"Shop\",\"item\":\"https:\\\/\\\/crematieasinglas.nl\\\/de\\\/shop\\\/\"},{\"@type\":\"ListItem\",\"position\":3,\"name\":\"CVU3013 | Glasurne personalisiert mit in Glas befestigter Ein\u00e4scherungsasche\"}]},{\"@type\":\"WebSite\",\"@id\":\"https:\\\/\\\/crematieasinglas.nl\\\/#website\",\"url\":\"https:\\\/\\\/crematieasinglas.nl\\\/\",\"name\":\"Winkel voor Crematie-as in glas\",\"description\":\"Een winkel voor crematieasinglas.nl\",\"publisher\":{\"@id\":\"https:\\\/\\\/crematieasinglas.nl\\\/#organization\"},\"potentialAction\":[{\"@type\":\"SearchAction\",\"target\":{\"@type\":\"EntryPoint\",\"urlTemplate\":\"https:\\\/\\\/crematieasinglas.nl\\\/?s={search_term_string}\"},\"query-input\":{\"@type\":\"PropertyValueSpecification\",\"valueRequired\":true,\"valueName\":\"search_term_string\"}}],\"inLanguage\":\"de\"},{\"@type\":\"Organization\",\"@id\":\"https:\\\/\\\/crematieasinglas.nl\\\/#organization\",\"name\":\"Dierbaarasinglas.nl\",\"alternateName\":\"Crematieasinglas.nl\",\"url\":\"https:\\\/\\\/crematieasinglas.nl\\\/\",\"logo\":{\"@type\":\"ImageObject\",\"inLanguage\":\"de\",\"@id\":\"https:\\\/\\\/crematieasinglas.nl\\\/#\\\/schema\\\/logo\\\/image\\\/\",\"url\":\"https:\\\/\\\/crematieasinglas.nl\\\/wp-content\\\/uploads\\\/2024\\\/10\\\/logo-02-playfair-googlefont-met-hartje-02.png\",\"contentUrl\":\"https:\\\/\\\/crematieasinglas.nl\\\/wp-content\\\/uploads\\\/2024\\\/10\\\/logo-02-playfair-googlefont-met-hartje-02.png\",\"width\":582,\"height\":136,\"caption\":\"Dierbaarasinglas.nl\"},\"image\":{\"@id\":\"https:\\\/\\\/crematieasinglas.nl\\\/#\\\/schema\\\/logo\\\/image\\\/\"}}]}<\/script>\n<!-- \/ Yoast SEO Premium plugin. -->","yoast_head_json":{"title":"CVU3013 | Glasurne personalisiert mit in Glas befestigter Ein\u00e4scherungsasche - Winkel voor Crematie-as in glas","description":"Eine personalisierte Urne aus Glas ist eine einzigartige M\u00f6glichkeit, das Andenken an einen geliebten Menschen zu ehren. Diese Urnen werden mit Sorgfalt und handwerklichem Geschick hergestellt, wobei das Glas verarbeitet und an die W\u00fcnsche der n\u00e4chsten Angeh\u00f6rigen angepasst wird. Die Lieferzeit betr\u00e4gt 8 Werktage (2 Wochen) nach Erhalt der Asche.","robots":{"index":"index","follow":"follow","max-snippet":"max-snippet:-1","max-image-preview":"max-image-preview:large","max-video-preview":"max-video-preview:-1"},"canonical":"https:\/\/crematieasinglas.nl\/produkt\/cvu3013-glazen-urn-gepersonaliseerd-met-crematie-as-vast-in-glas\/","og_locale":"de_DE","og_type":"article","og_title":"CVU3013 | Glasurne personalisiert mit in Glas befestigter Ein\u00e4scherungsasche","og_description":"Eine personalisierte Urne aus Glas ist eine einzigartige M\u00f6glichkeit, das Andenken an einen geliebten Menschen zu ehren. Diese Urnen werden mit Sorgfalt und handwerklichem Geschick hergestellt, wobei das Glas verarbeitet und an die W\u00fcnsche der n\u00e4chsten Angeh\u00f6rigen angepasst wird. Die Lieferzeit betr\u00e4gt 8 Werktage (2 Wochen) nach Erhalt der Asche.","og_url":"https:\/\/crematieasinglas.nl\/produkt\/cvu3013-glazen-urn-gepersonaliseerd-met-crematie-as-vast-in-glas\/","og_site_name":"Winkel voor Crematie-as in glas","og_image":[{"width":1280,"height":1920,"url":"https:\/\/crematieasinglas.nl\/wp-content\/uploads\/2024\/10\/crematie-as-urn-glas-vast-8werkdagen-ballerina-hart-roze-lila-1-cvu3013.jpg","type":"image\/jpeg"}],"twitter_card":"summary_large_image","twitter_misc":{"Gesch\u00e4tzte Lesezeit":"2\u00a0Minuten"},"schema":{"@context":"https:\/\/schema.org","@graph":[{"@type":"WebPage","@id":"https:\/\/crematieasinglas.nl\/produkt\/cvu3013-glazen-urn-gepersonaliseerd-met-crematie-as-vast-in-glas\/","url":"https:\/\/crematieasinglas.nl\/produkt\/cvu3013-glazen-urn-gepersonaliseerd-met-crematie-as-vast-in-glas\/","name":"CVU3013 | Glasurne personalisiert mit in Glas befestigter Ein\u00e4scherungsasche - Winkel voor Crematie-as in glas","isPartOf":{"@id":"https:\/\/crematieasinglas.nl\/#website"},"primaryImageOfPage":{"@id":"https:\/\/crematieasinglas.nl\/produkt\/cvu3013-glazen-urn-gepersonaliseerd-met-crematie-as-vast-in-glas\/#primaryimage"},"image":{"@id":"https:\/\/crematieasinglas.nl\/produkt\/cvu3013-glazen-urn-gepersonaliseerd-met-crematie-as-vast-in-glas\/#primaryimage"},"thumbnailUrl":"https:\/\/crematieasinglas.nl\/wp-content\/uploads\/2024\/10\/crematie-as-urn-glas-vast-8werkdagen-ballerina-hart-roze-lila-1-cvu3013.jpg","datePublished":"2025-04-17T11:45:33+00:00","description":"Eine personalisierte Urne aus Glas ist eine einzigartige M\u00f6glichkeit, das Andenken an einen geliebten Menschen zu ehren. Diese Urnen werden mit Sorgfalt und handwerklichem Geschick hergestellt, wobei das Glas verarbeitet und an die W\u00fcnsche der n\u00e4chsten Angeh\u00f6rigen angepasst wird. Die Lieferzeit betr\u00e4gt 8 Werktage (2 Wochen) nach Erhalt der Asche.","breadcrumb":{"@id":"https:\/\/crematieasinglas.nl\/produkt\/cvu3013-glazen-urn-gepersonaliseerd-met-crematie-as-vast-in-glas\/#breadcrumb"},"inLanguage":"de","potentialAction":[{"@type":"ReadAction","target":["https:\/\/crematieasinglas.nl\/produkt\/cvu3013-glazen-urn-gepersonaliseerd-met-crematie-as-vast-in-glas\/"]}]},{"@type":"ImageObject","inLanguage":"de","@id":"https:\/\/crematieasinglas.nl\/produkt\/cvu3013-glazen-urn-gepersonaliseerd-met-crematie-as-vast-in-glas\/#primaryimage","url":"https:\/\/crematieasinglas.nl\/wp-content\/uploads\/2024\/10\/crematie-as-urn-glas-vast-8werkdagen-ballerina-hart-roze-lila-1-cvu3013.jpg","contentUrl":"https:\/\/crematieasinglas.nl\/wp-content\/uploads\/2024\/10\/crematie-as-urn-glas-vast-8werkdagen-ballerina-hart-roze-lila-1-cvu3013.jpg","width":1280,"height":1920},{"@type":"BreadcrumbList","@id":"https:\/\/crematieasinglas.nl\/produkt\/cvu3013-glazen-urn-gepersonaliseerd-met-crematie-as-vast-in-glas\/#breadcrumb","itemListElement":[{"@type":"ListItem","position":1,"name":"Home","item":"https:\/\/crematieasinglas.nl\/"},{"@type":"ListItem","position":2,"name":"Shop","item":"https:\/\/crematieasinglas.nl\/de\/shop\/"},{"@type":"ListItem","position":3,"name":"CVU3013 | Glasurne personalisiert mit in Glas befestigter Ein\u00e4scherungsasche"}]},{"@type":"WebSite","@id":"https:\/\/crematieasinglas.nl\/#website","url":"https:\/\/crematieasinglas.nl\/","name":"Winkel voor Crematie-as in glas","description":"Een winkel voor crematieasinglas.nl","publisher":{"@id":"https:\/\/crematieasinglas.nl\/#organization"},"potentialAction":[{"@type":"SearchAction","target":{"@type":"EntryPoint","urlTemplate":"https:\/\/crematieasinglas.nl\/?s={search_term_string}"},"query-input":{"@type":"PropertyValueSpecification","valueRequired":true,"valueName":"search_term_string"}}],"inLanguage":"de"},{"@type":"Organization","@id":"https:\/\/crematieasinglas.nl\/#organization","name":"Dierbaarasinglas.nl","alternateName":"Crematieasinglas.nl","url":"https:\/\/crematieasinglas.nl\/","logo":{"@type":"ImageObject","inLanguage":"de","@id":"https:\/\/crematieasinglas.nl\/#\/schema\/logo\/image\/","url":"https:\/\/crematieasinglas.nl\/wp-content\/uploads\/2024\/10\/logo-02-playfair-googlefont-met-hartje-02.png","contentUrl":"https:\/\/crematieasinglas.nl\/wp-content\/uploads\/2024\/10\/logo-02-playfair-googlefont-met-hartje-02.png","width":582,"height":136,"caption":"Dierbaarasinglas.nl"},"image":{"@id":"https:\/\/crematieasinglas.nl\/#\/schema\/logo\/image\/"}}]}},"_links":{"self":[{"href":"https:\/\/crematieasinglas.nl\/de\/wp-json\/wp\/v2\/product\/19502","targetHints":{"allow":["GET"]}}],"collection":[{"href":"https:\/\/crematieasinglas.nl\/de\/wp-json\/wp\/v2\/product"}],"about":[{"href":"https:\/\/crematieasinglas.nl\/de\/wp-json\/wp\/v2\/types\/product"}],"replies":[{"embeddable":true,"href":"https:\/\/crematieasinglas.nl\/de\/wp-json\/wp\/v2\/comments?post=19502"}],"wp:featuredmedia":[{"embeddable":true,"href":"https:\/\/crematieasinglas.nl\/de\/wp-json\/wp\/v2\/media\/10518"}],"wp:attachment":[{"href":"https:\/\/crematieasinglas.nl\/de\/wp-json\/wp\/v2\/media?parent=19502"}],"wp:term":[{"taxonomy":"product_brand","embeddable":true,"href":"https:\/\/crematieasinglas.nl\/de\/wp-json\/wp\/v2\/product_brand?post=19502"},{"taxonomy":"product_cat","embeddable":true,"href":"https:\/\/crematieasinglas.nl\/de\/wp-json\/wp\/v2\/product_cat?post=19502"},{"taxonomy":"product_tag","embeddable":true,"href":"https:\/\/crematieasinglas.nl\/de\/wp-json\/wp\/v2\/product_tag?post=19502"}],"curies":[{"name":"wp","href":"https:\/\/api.w.org\/{rel}","templated":true}]}}