{"id":19496,"date":"2025-04-17T11:45:33","date_gmt":"2025-04-17T11:45:33","guid":{"rendered":"https:\/\/ebdxvyckeo.onrocket.site\/product\/cvu3021-glasurne-personalisiert-mit-in-glas-befestigter-einaescherungsasche\/"},"modified":"2025-04-17T11:45:33","modified_gmt":"2025-04-17T11:45:33","slug":"cvu3021-glasurne-personalisiert-mit-in-glas-befestigter-einaescherungsasche","status":"publish","type":"product","link":"https:\/\/crematieasinglas.nl\/de\/produkt\/cvu3021-glasurne-personalisiert-mit-in-glas-befestigter-einaescherungsasche\/","title":{"rendered":"CVU3021 | Glasurne personalisiert mit in Glas befestigter Ein\u00e4scherungsasche"},"content":{"rendered":"<p>Code-Nummer: CVU3021<br \/>\nSammlung: Urnen<br \/>\nKategorie: Ein\u00e4scherung, Asche ins Glas geblasen | CVU 3000<\/p>\n<h3>Lieferung:  <\/p>\n<h3>8 Arbeitstage, nach Erhalt der Asche<\/h3>\n<\/h3>\n<h3>Information:<\/h3>\n<p>H\u00f6he: 16cm<br \/>\nBreite: 22cm<br \/>\nTiefe:<br \/>\nFarbe: schwarz\/flieder\/blau<br \/>\nInhalt:<br \/>\nLagerbestand: 2 Lagerartikel<\/p>\n<h3>Definition:<\/h3>\n<h2>Eine personalisierte Urne aus Glas mit Ein\u00e4scherungsasche<\/h2>\n<p>Diese Glasurnen werden mit Sorgfalt und handwerklichem Geschick hergestellt, wobei das Glas verarbeitet und an die W\u00fcnsche der n\u00e4chsten Angeh\u00f6rigen angepasst wird.  <br \/>Bitte beachten Sie, dass Sie diese Urne nicht <strong>selbst zu Hause<\/strong> f\u00fcllen k\u00f6nnen, sondern sie von Jet f\u00fcr Sie handgefertigt wird!<\/p>\n<h3>Spezifische Beschreibung:<\/h3>\n<p>Dieser elegante Schmetterling mit anmutigen, blumenf\u00f6rmigen Details in den Fl\u00fcgeln ist ein einzigartiges Erinnerungsobjekt. Die Blumen umfassen zwei Pl\u00e4tze f\u00fcr die Verarbeitung von Ascheglas zur Ein\u00e4scherung, so dass Sie die M\u00f6glichkeit haben, zwei verschiedene Asche auf einem Schmetterling zu verarbeiten, perfekt f\u00fcr pers\u00f6nliche Denkm\u00e4ler. Die Ein\u00e4scherungsasche wird in das Glas eingeschmolzen und die Glaskugelurnen werden anschlie\u00dfend mittels eines Schraubsystems auf den Schmetterling montiert. Die Aschebehandlungen k\u00f6nnen auch vom Schmetterling entfernt werden. In Absprache k\u00f6nnen auch andere Farbkompositionen des Glases in Betracht gezogen werden. Der Schmetterling ist aus d\u00fcnnem Aluminium gefertigt, hat eine Breite von 22 cm und eine H\u00f6he von 16 cm. Die Mini-Kugelurnen haben einen Durchmesser von jeweils ca. 1,8 cm. Sie k\u00f6nnen den Schmetterling auf einen Tisch\/ein Sideboard stellen, ihn mit einer eigenen St\u00fctze aufrecht stellen oder an die Wand h\u00e4ngen (Befestigungsmaterial nicht im Lieferumfang enthalten). Ein sch\u00f6nes, vielseitiges Gedenkobjekt, bei dem es die M\u00f6glichkeit gibt, 2 Achsen von geliebten Menschen in 1 Gedenkobjekt zu vereinen.        <\/p>\n<h3>Lieferung:<\/h3>\n<p>Nachdem <strong>ich Ihre Bestellung aufgegeben habe<\/strong>, werde ich mich per E-Mail mit Ihnen in Verbindung setzen, um Ihnen ein kostenloses digitales Versandetikett und eine Informationsmail zuzusenden, mit der Sie mir (eine sehr kleine Menge) Ein\u00e4scherungsasche zusenden k\u00f6nnen. Hierf\u00fcr ist eine Menge von <strong>2 Teel\u00f6ffeln Ein\u00e4scherungsasche pro Urne <\/strong> ausreichend. (Insgesamt 4 Teel\u00f6ffel)    <br \/>F\u00fcr Kunden au\u00dferhalb der Niederlande ist es mir nicht m\u00f6glich, dieses digitale Versandetikett anzufordern.  <br \/>Eine ausl\u00e4ndische Versandmarke f\u00fcr den Versand der Ein\u00e4scherungsasche an mich kann von mir nicht erstattet werden. Ich m\u00f6chte Ihnen aber Tipps geben, wie Sie mir die Ein\u00e4scherungsasche auch aus dem Ausland zukommen lassen k\u00f6nnen. <\/br><br \/>\n<br \/><strong>Der kostenlose Versand<\/strong> des bestellten Erinnerungsartikels an Sie gilt f\u00fcr alle. Das Versandetikett f\u00fcr die Ein\u00e4scherung ist ein Etikett f\u00fcr ein <strong>Briefkastenpaket<\/strong> von DHL, das direkt vor meiner Haust\u00fcr ankommt und von Ihnen verfolgt werden kann.<br \/>Sie k\u00f6nnen das Briefkastenpaket mit der Ein\u00e4scherung innerhalb von 5 Werktagen kostenlos an einer DHL-Abgabestelle zur\u00fccksenden.<br \/>\n<br \/><strong>In der Infomail<\/strong> werde ich auch erkl\u00e4ren, welche Ma\u00dfe das Briefkastenpaket erf\u00fcllen muss und welche n\u00e4chstgelegene Abgabestelle Sie in der Umgebung haben.<\/p>\n<p>Ein <strong>sicherer und nachverfolgbarer Transport<\/strong> war bisher immer garantiert, aber wir k\u00f6nnen keine Verantwortung \u00fcbernehmen, wenn dies unerwartet mit dem Spediteur schief geht.<\/br><br \/>  Wenn Sie die Ein\u00e4scherungsasche mitbringen m\u00f6chten, ist dies ebenfalls m\u00f6glich, Sie k\u00f6nnen hierf\u00fcr <strong>einen Termin vereinbaren<\/strong> unter den M\u00f6glichkeiten, die in unserer Online-Agenda auf unserer Website offen stehen <a href=\"https:\/\/crematieasinglas.nl\">crematieasinglas.nl<\/a><\/p>\n<div style=\"width: 640px;\" class=\"wp-video\"><video class=\"wp-video-shortcode\" id=\"video-19496-1\" width=\"640\" height=\"360\" preload=\"metadata\" controls=\"controls\"><source type=\"video\/mp4\" src=\"https:\/\/crematieasinglas.nl\/media\/urnen\/crematie-as-vast-geblazen-in-glas-cvu3000\/crematie-as-urn-glas-vast-8werkdagen-vlinder-metaal-dubbele-asverwerking-video-cvu3021.mp4?_=1\" \/><a href=\"https:\/\/crematieasinglas.nl\/media\/urnen\/crematie-as-vast-geblazen-in-glas-cvu3000\/crematie-as-urn-glas-vast-8werkdagen-vlinder-metaal-dubbele-asverwerking-video-cvu3021.mp4\">https:\/\/crematieasinglas.nl\/media\/urnen\/crematie-as-vast-geblazen-in-glas-cvu3000\/crematie-as-urn-glas-vast-8werkdagen-vlinder-metaal-dubbele-asverwerking-video-cvu3021.mp4<\/a><\/video><\/div>\n","protected":false},"excerpt":{"rendered":"<p>Eine <strong>personalisierte Urne aus Glas<\/strong> ist eine einzigartige M\u00f6glichkeit, das Andenken an einen geliebten Menschen zu ehren. Diese Urnen werden mit Sorgfalt und handwerklichem Geschick hergestellt, wobei das Glas verarbeitet und an die W\u00fcnsche der n\u00e4chsten Angeh\u00f6rigen angepasst wird.   <br \/>Die Lieferzeit betr\u00e4gt 8 Werktage (2 Wochen) nach Erhalt der Asche.<\/p>\n","protected":false},"featured_media":16818,"comment_status":"closed","ping_status":"open","template":"","meta":[],"product_brand":[],"product_cat":[822,737],"product_tag":[],"class_list":{"0":"post-19496","1":"product","2":"type-product","3":"status-publish","4":"has-post-thumbnail","6":"product_cat-einascherung-asche-in-glas-geblasen-cvu-3000","7":"product_cat-urnen-de","8":"pa_kleur-schwarz-flieder-blau","10":"first","11":"instock","12":"taxable","13":"shipping-taxable","14":"purchasable","15":"product-type-simple"},"yoast_head":"<!-- This site is optimized with the Yoast SEO Premium plugin v27.5 (Yoast SEO v27.5) - https:\/\/yoast.com\/product\/yoast-seo-premium-wordpress\/ -->\n<title>CVU3021 | Glasurne personalisiert mit in Glas befestigter Ein\u00e4scherungsasche - Winkel voor Crematie-as in glas<\/title>\n<meta name=\"description\" content=\"Eine personalisierte Urne aus Glas ist eine einzigartige M\u00f6glichkeit, das Andenken an einen geliebten Menschen zu ehren. Diese Urnen werden mit Sorgfalt und handwerklichem Geschick hergestellt, wobei das Glas verarbeitet und an die W\u00fcnsche der n\u00e4chsten Angeh\u00f6rigen angepasst wird. Die Lieferzeit betr\u00e4gt 8 Werktage (2 Wochen) nach Erhalt der Asche.\" \/>\n<meta name=\"robots\" content=\"index, follow, max-snippet:-1, max-image-preview:large, max-video-preview:-1\" \/>\n<link rel=\"canonical\" href=\"https:\/\/crematieasinglas.nl\/de\/produkt\/cvu3021-glasurne-personalisiert-mit-in-glas-befestigter-einaescherungsasche\/\" \/>\n<meta property=\"og:locale\" content=\"de_DE\" \/>\n<meta property=\"og:type\" content=\"article\" \/>\n<meta property=\"og:title\" content=\"CVU3021 | Glasurne personalisiert mit in Glas befestigter Ein\u00e4scherungsasche\" \/>\n<meta property=\"og:description\" content=\"Eine personalisierte Urne aus Glas ist eine einzigartige M\u00f6glichkeit, das Andenken an einen geliebten Menschen zu ehren. Diese Urnen werden mit Sorgfalt und handwerklichem Geschick hergestellt, wobei das Glas verarbeitet und an die W\u00fcnsche der n\u00e4chsten Angeh\u00f6rigen angepasst wird. Die Lieferzeit betr\u00e4gt 8 Werktage (2 Wochen) nach Erhalt der Asche.\" \/>\n<meta property=\"og:url\" content=\"https:\/\/crematieasinglas.nl\/de\/produkt\/cvu3021-glasurne-personalisiert-mit-in-glas-befestigter-einaescherungsasche\/\" \/>\n<meta property=\"og:site_name\" content=\"Winkel voor Crematie-as in glas\" \/>\n<meta property=\"og:image\" content=\"https:\/\/crematieasinglas.nl\/wp-content\/uploads\/2025\/02\/crematie-as-urn-glas-vast-8werkdagen-vlinder-metaal-dubbele-asverwerking-1-cvu3021-1.jpg\" \/>\n\t<meta property=\"og:image:width\" content=\"939\" \/>\n\t<meta property=\"og:image:height\" content=\"966\" \/>\n\t<meta property=\"og:image:type\" content=\"image\/jpeg\" \/>\n<meta name=\"twitter:card\" content=\"summary_large_image\" \/>\n<meta name=\"twitter:label1\" content=\"Gesch\u00e4tzte Lesezeit\" \/>\n\t<meta name=\"twitter:data1\" content=\"3\u00a0Minuten\" \/>\n<script type=\"application\/ld+json\" class=\"yoast-schema-graph\">{\"@context\":\"https:\\\/\\\/schema.org\",\"@graph\":[{\"@type\":\"WebPage\",\"@id\":\"https:\\\/\\\/crematieasinglas.nl\\\/de\\\/produkt\\\/cvu3021-glasurne-personalisiert-mit-in-glas-befestigter-einaescherungsasche\\\/\",\"url\":\"https:\\\/\\\/crematieasinglas.nl\\\/de\\\/produkt\\\/cvu3021-glasurne-personalisiert-mit-in-glas-befestigter-einaescherungsasche\\\/\",\"name\":\"CVU3021 | Glasurne personalisiert mit in Glas befestigter Ein\u00e4scherungsasche - Winkel voor Crematie-as in glas\",\"isPartOf\":{\"@id\":\"https:\\\/\\\/crematieasinglas.nl\\\/#website\"},\"primaryImageOfPage\":{\"@id\":\"https:\\\/\\\/crematieasinglas.nl\\\/de\\\/produkt\\\/cvu3021-glasurne-personalisiert-mit-in-glas-befestigter-einaescherungsasche\\\/#primaryimage\"},\"image\":{\"@id\":\"https:\\\/\\\/crematieasinglas.nl\\\/de\\\/produkt\\\/cvu3021-glasurne-personalisiert-mit-in-glas-befestigter-einaescherungsasche\\\/#primaryimage\"},\"thumbnailUrl\":\"https:\\\/\\\/crematieasinglas.nl\\\/wp-content\\\/uploads\\\/2025\\\/02\\\/crematie-as-urn-glas-vast-8werkdagen-vlinder-metaal-dubbele-asverwerking-1-cvu3021-1.jpg\",\"datePublished\":\"2025-04-17T11:45:33+00:00\",\"description\":\"Eine personalisierte Urne aus Glas ist eine einzigartige M\u00f6glichkeit, das Andenken an einen geliebten Menschen zu ehren. Diese Urnen werden mit Sorgfalt und handwerklichem Geschick hergestellt, wobei das Glas verarbeitet und an die W\u00fcnsche der n\u00e4chsten Angeh\u00f6rigen angepasst wird. Die Lieferzeit betr\u00e4gt 8 Werktage (2 Wochen) nach Erhalt der Asche.\",\"breadcrumb\":{\"@id\":\"https:\\\/\\\/crematieasinglas.nl\\\/de\\\/produkt\\\/cvu3021-glasurne-personalisiert-mit-in-glas-befestigter-einaescherungsasche\\\/#breadcrumb\"},\"inLanguage\":\"de\",\"potentialAction\":[{\"@type\":\"ReadAction\",\"target\":[\"https:\\\/\\\/crematieasinglas.nl\\\/de\\\/produkt\\\/cvu3021-glasurne-personalisiert-mit-in-glas-befestigter-einaescherungsasche\\\/\"]}]},{\"@type\":\"ImageObject\",\"inLanguage\":\"de\",\"@id\":\"https:\\\/\\\/crematieasinglas.nl\\\/de\\\/produkt\\\/cvu3021-glasurne-personalisiert-mit-in-glas-befestigter-einaescherungsasche\\\/#primaryimage\",\"url\":\"https:\\\/\\\/crematieasinglas.nl\\\/wp-content\\\/uploads\\\/2025\\\/02\\\/crematie-as-urn-glas-vast-8werkdagen-vlinder-metaal-dubbele-asverwerking-1-cvu3021-1.jpg\",\"contentUrl\":\"https:\\\/\\\/crematieasinglas.nl\\\/wp-content\\\/uploads\\\/2025\\\/02\\\/crematie-as-urn-glas-vast-8werkdagen-vlinder-metaal-dubbele-asverwerking-1-cvu3021-1.jpg\",\"width\":939,\"height\":966},{\"@type\":\"BreadcrumbList\",\"@id\":\"https:\\\/\\\/crematieasinglas.nl\\\/de\\\/produkt\\\/cvu3021-glasurne-personalisiert-mit-in-glas-befestigter-einaescherungsasche\\\/#breadcrumb\",\"itemListElement\":[{\"@type\":\"ListItem\",\"position\":1,\"name\":\"Home\",\"item\":\"https:\\\/\\\/crematieasinglas.nl\\\/\"},{\"@type\":\"ListItem\",\"position\":2,\"name\":\"Shop\",\"item\":\"https:\\\/\\\/crematieasinglas.nl\\\/de\\\/shop\\\/\"},{\"@type\":\"ListItem\",\"position\":3,\"name\":\"CVU3021 | Glasurne personalisiert mit in Glas befestigter Ein\u00e4scherungsasche\"}]},{\"@type\":\"WebSite\",\"@id\":\"https:\\\/\\\/crematieasinglas.nl\\\/#website\",\"url\":\"https:\\\/\\\/crematieasinglas.nl\\\/\",\"name\":\"Winkel voor Crematie-as in glas\",\"description\":\"Een winkel voor crematieasinglas.nl\",\"publisher\":{\"@id\":\"https:\\\/\\\/crematieasinglas.nl\\\/#organization\"},\"potentialAction\":[{\"@type\":\"SearchAction\",\"target\":{\"@type\":\"EntryPoint\",\"urlTemplate\":\"https:\\\/\\\/crematieasinglas.nl\\\/?s={search_term_string}\"},\"query-input\":{\"@type\":\"PropertyValueSpecification\",\"valueRequired\":true,\"valueName\":\"search_term_string\"}}],\"inLanguage\":\"de\"},{\"@type\":\"Organization\",\"@id\":\"https:\\\/\\\/crematieasinglas.nl\\\/#organization\",\"name\":\"Dierbaarasinglas.nl\",\"alternateName\":\"Crematieasinglas.nl\",\"url\":\"https:\\\/\\\/crematieasinglas.nl\\\/\",\"logo\":{\"@type\":\"ImageObject\",\"inLanguage\":\"de\",\"@id\":\"https:\\\/\\\/crematieasinglas.nl\\\/#\\\/schema\\\/logo\\\/image\\\/\",\"url\":\"https:\\\/\\\/crematieasinglas.nl\\\/wp-content\\\/uploads\\\/2024\\\/10\\\/logo-02-playfair-googlefont-met-hartje-02.png\",\"contentUrl\":\"https:\\\/\\\/crematieasinglas.nl\\\/wp-content\\\/uploads\\\/2024\\\/10\\\/logo-02-playfair-googlefont-met-hartje-02.png\",\"width\":582,\"height\":136,\"caption\":\"Dierbaarasinglas.nl\"},\"image\":{\"@id\":\"https:\\\/\\\/crematieasinglas.nl\\\/#\\\/schema\\\/logo\\\/image\\\/\"}}]}<\/script>\n<!-- \/ Yoast SEO Premium plugin. -->","yoast_head_json":{"title":"CVU3021 | Glasurne personalisiert mit in Glas befestigter Ein\u00e4scherungsasche - Winkel voor Crematie-as in glas","description":"Eine personalisierte Urne aus Glas ist eine einzigartige M\u00f6glichkeit, das Andenken an einen geliebten Menschen zu ehren. Diese Urnen werden mit Sorgfalt und handwerklichem Geschick hergestellt, wobei das Glas verarbeitet und an die W\u00fcnsche der n\u00e4chsten Angeh\u00f6rigen angepasst wird. Die Lieferzeit betr\u00e4gt 8 Werktage (2 Wochen) nach Erhalt der Asche.","robots":{"index":"index","follow":"follow","max-snippet":"max-snippet:-1","max-image-preview":"max-image-preview:large","max-video-preview":"max-video-preview:-1"},"canonical":"https:\/\/crematieasinglas.nl\/de\/produkt\/cvu3021-glasurne-personalisiert-mit-in-glas-befestigter-einaescherungsasche\/","og_locale":"de_DE","og_type":"article","og_title":"CVU3021 | Glasurne personalisiert mit in Glas befestigter Ein\u00e4scherungsasche","og_description":"Eine personalisierte Urne aus Glas ist eine einzigartige M\u00f6glichkeit, das Andenken an einen geliebten Menschen zu ehren. Diese Urnen werden mit Sorgfalt und handwerklichem Geschick hergestellt, wobei das Glas verarbeitet und an die W\u00fcnsche der n\u00e4chsten Angeh\u00f6rigen angepasst wird. Die Lieferzeit betr\u00e4gt 8 Werktage (2 Wochen) nach Erhalt der Asche.","og_url":"https:\/\/crematieasinglas.nl\/de\/produkt\/cvu3021-glasurne-personalisiert-mit-in-glas-befestigter-einaescherungsasche\/","og_site_name":"Winkel voor Crematie-as in glas","og_image":[{"width":939,"height":966,"url":"https:\/\/crematieasinglas.nl\/wp-content\/uploads\/2025\/02\/crematie-as-urn-glas-vast-8werkdagen-vlinder-metaal-dubbele-asverwerking-1-cvu3021-1.jpg","type":"image\/jpeg"}],"twitter_card":"summary_large_image","twitter_misc":{"Gesch\u00e4tzte Lesezeit":"3\u00a0Minuten"},"schema":{"@context":"https:\/\/schema.org","@graph":[{"@type":"WebPage","@id":"https:\/\/crematieasinglas.nl\/de\/produkt\/cvu3021-glasurne-personalisiert-mit-in-glas-befestigter-einaescherungsasche\/","url":"https:\/\/crematieasinglas.nl\/de\/produkt\/cvu3021-glasurne-personalisiert-mit-in-glas-befestigter-einaescherungsasche\/","name":"CVU3021 | Glasurne personalisiert mit in Glas befestigter Ein\u00e4scherungsasche - Winkel voor Crematie-as in glas","isPartOf":{"@id":"https:\/\/crematieasinglas.nl\/#website"},"primaryImageOfPage":{"@id":"https:\/\/crematieasinglas.nl\/de\/produkt\/cvu3021-glasurne-personalisiert-mit-in-glas-befestigter-einaescherungsasche\/#primaryimage"},"image":{"@id":"https:\/\/crematieasinglas.nl\/de\/produkt\/cvu3021-glasurne-personalisiert-mit-in-glas-befestigter-einaescherungsasche\/#primaryimage"},"thumbnailUrl":"https:\/\/crematieasinglas.nl\/wp-content\/uploads\/2025\/02\/crematie-as-urn-glas-vast-8werkdagen-vlinder-metaal-dubbele-asverwerking-1-cvu3021-1.jpg","datePublished":"2025-04-17T11:45:33+00:00","description":"Eine personalisierte Urne aus Glas ist eine einzigartige M\u00f6glichkeit, das Andenken an einen geliebten Menschen zu ehren. Diese Urnen werden mit Sorgfalt und handwerklichem Geschick hergestellt, wobei das Glas verarbeitet und an die W\u00fcnsche der n\u00e4chsten Angeh\u00f6rigen angepasst wird. Die Lieferzeit betr\u00e4gt 8 Werktage (2 Wochen) nach Erhalt der Asche.","breadcrumb":{"@id":"https:\/\/crematieasinglas.nl\/de\/produkt\/cvu3021-glasurne-personalisiert-mit-in-glas-befestigter-einaescherungsasche\/#breadcrumb"},"inLanguage":"de","potentialAction":[{"@type":"ReadAction","target":["https:\/\/crematieasinglas.nl\/de\/produkt\/cvu3021-glasurne-personalisiert-mit-in-glas-befestigter-einaescherungsasche\/"]}]},{"@type":"ImageObject","inLanguage":"de","@id":"https:\/\/crematieasinglas.nl\/de\/produkt\/cvu3021-glasurne-personalisiert-mit-in-glas-befestigter-einaescherungsasche\/#primaryimage","url":"https:\/\/crematieasinglas.nl\/wp-content\/uploads\/2025\/02\/crematie-as-urn-glas-vast-8werkdagen-vlinder-metaal-dubbele-asverwerking-1-cvu3021-1.jpg","contentUrl":"https:\/\/crematieasinglas.nl\/wp-content\/uploads\/2025\/02\/crematie-as-urn-glas-vast-8werkdagen-vlinder-metaal-dubbele-asverwerking-1-cvu3021-1.jpg","width":939,"height":966},{"@type":"BreadcrumbList","@id":"https:\/\/crematieasinglas.nl\/de\/produkt\/cvu3021-glasurne-personalisiert-mit-in-glas-befestigter-einaescherungsasche\/#breadcrumb","itemListElement":[{"@type":"ListItem","position":1,"name":"Home","item":"https:\/\/crematieasinglas.nl\/"},{"@type":"ListItem","position":2,"name":"Shop","item":"https:\/\/crematieasinglas.nl\/de\/shop\/"},{"@type":"ListItem","position":3,"name":"CVU3021 | Glasurne personalisiert mit in Glas befestigter Ein\u00e4scherungsasche"}]},{"@type":"WebSite","@id":"https:\/\/crematieasinglas.nl\/#website","url":"https:\/\/crematieasinglas.nl\/","name":"Winkel voor Crematie-as in glas","description":"Een winkel voor crematieasinglas.nl","publisher":{"@id":"https:\/\/crematieasinglas.nl\/#organization"},"potentialAction":[{"@type":"SearchAction","target":{"@type":"EntryPoint","urlTemplate":"https:\/\/crematieasinglas.nl\/?s={search_term_string}"},"query-input":{"@type":"PropertyValueSpecification","valueRequired":true,"valueName":"search_term_string"}}],"inLanguage":"de"},{"@type":"Organization","@id":"https:\/\/crematieasinglas.nl\/#organization","name":"Dierbaarasinglas.nl","alternateName":"Crematieasinglas.nl","url":"https:\/\/crematieasinglas.nl\/","logo":{"@type":"ImageObject","inLanguage":"de","@id":"https:\/\/crematieasinglas.nl\/#\/schema\/logo\/image\/","url":"https:\/\/crematieasinglas.nl\/wp-content\/uploads\/2024\/10\/logo-02-playfair-googlefont-met-hartje-02.png","contentUrl":"https:\/\/crematieasinglas.nl\/wp-content\/uploads\/2024\/10\/logo-02-playfair-googlefont-met-hartje-02.png","width":582,"height":136,"caption":"Dierbaarasinglas.nl"},"image":{"@id":"https:\/\/crematieasinglas.nl\/#\/schema\/logo\/image\/"}}]}},"_links":{"self":[{"href":"https:\/\/crematieasinglas.nl\/de\/wp-json\/wp\/v2\/product\/19496","targetHints":{"allow":["GET"]}}],"collection":[{"href":"https:\/\/crematieasinglas.nl\/de\/wp-json\/wp\/v2\/product"}],"about":[{"href":"https:\/\/crematieasinglas.nl\/de\/wp-json\/wp\/v2\/types\/product"}],"replies":[{"embeddable":true,"href":"https:\/\/crematieasinglas.nl\/de\/wp-json\/wp\/v2\/comments?post=19496"}],"wp:featuredmedia":[{"embeddable":true,"href":"https:\/\/crematieasinglas.nl\/de\/wp-json\/wp\/v2\/media\/16818"}],"wp:attachment":[{"href":"https:\/\/crematieasinglas.nl\/de\/wp-json\/wp\/v2\/media?parent=19496"}],"wp:term":[{"taxonomy":"product_brand","embeddable":true,"href":"https:\/\/crematieasinglas.nl\/de\/wp-json\/wp\/v2\/product_brand?post=19496"},{"taxonomy":"product_cat","embeddable":true,"href":"https:\/\/crematieasinglas.nl\/de\/wp-json\/wp\/v2\/product_cat?post=19496"},{"taxonomy":"product_tag","embeddable":true,"href":"https:\/\/crematieasinglas.nl\/de\/wp-json\/wp\/v2\/product_tag?post=19496"}],"curies":[{"name":"wp","href":"https:\/\/api.w.org\/{rel}","templated":true}]}}