{"id":19494,"date":"2025-04-17T11:45:33","date_gmt":"2025-04-17T11:45:33","guid":{"rendered":"https:\/\/ebdxvyckeo.onrocket.site\/product\/cvu3022-glasurne-personalisiert-mit-in-glas-befestigter-einaescherungsasche\/"},"modified":"2025-04-17T11:45:33","modified_gmt":"2025-04-17T11:45:33","slug":"cvu3022-glasurne-personalisiert-mit-in-glas-befestigter-einaescherungsasche","status":"publish","type":"product","link":"https:\/\/crematieasinglas.nl\/de\/produkt\/cvu3022-glasurne-personalisiert-mit-in-glas-befestigter-einaescherungsasche\/","title":{"rendered":"CVU3022 | Glasurne personalisiert mit in Glas befestigter Ein\u00e4scherungsasche"},"content":{"rendered":"<p>Code-Nummer: CVU3022<br \/>\nSammlung: Urnen<br \/>\nKategorie: Ein\u00e4scherung, Asche ins Glas geblasen | CVU 3000<\/p>\n<h3>Lieferung:  <\/p>\n<h3>8 Arbeitstage, nach Erhalt der Asche<\/h3>\n<\/h3>\n<h3>Information:<\/h3>\n<p>H\u00f6he: 42 cm<br \/>\nBreite: 42 cm<br \/>\nTiefe: 3 cm<br \/>\nFarbe: Schwarz\/Gold\/Transparent<br \/>\nInhalt:<br \/>\nLagerbestand: 2 Lagerartikel<\/p>\n<h3>Definition:<\/h3>\n<h2>Eine personalisierte Urne aus Glas mit Ein\u00e4scherungsasche<\/h2>\n<p>Diese Glasurnen werden mit Sorgfalt und handwerklichem Geschick hergestellt, wobei das Glas verarbeitet und an die W\u00fcnsche der n\u00e4chsten Angeh\u00f6rigen angepasst wird.  <br \/>Bitte beachten Sie, dass Sie diese Urne nicht <strong>selbst zu Hause<\/strong> f\u00fcllen k\u00f6nnen, sondern sie von Jet f\u00fcr Sie handgefertigt wird!<\/p>\n<h3>Spezifische Beschreibung:<\/h3>\n<h3>Merken Blume Immer die sch\u00f6nste Blume<\/h3>\n<p>Diese exklusive Gedenkblume aus Metall mit handgefertigter Glasurne im Kern ist ein einzigartiges Wandkunstwerk, das eine bleibende Erinnerung an einen geliebten Menschen bietet. Die Blume ist in Schwarz mit Gold ausgef\u00fchrt und hat in der Mitte eine sch\u00f6ne, mundgeblasene Urne aus Glas. Im Herzen der Blume ist die Asche der Feuerbestattung subtil mit dem Glas verschmolzen und bildet so ein symbolisches und intimes Denkmal. Die Asche der Ein\u00e4scherung ist durch einen transparenten Bereich des Glases sichtbar und dr\u00fcckt die Verbundenheit mit Ihrem geliebten Menschen auf subtile und einzigartige Weise aus.   <\/p>\n<p><strong>Eigenschaften der Gedenkblume:<\/strong><\/p>\n<p>Die Blume misst 42&#215;42 cm und hat auf der R\u00fcckseite ein stabiles Aufh\u00e4ngesystem zum einfachen Aufh\u00e4ngen an der Wand.<br \/>\nDas zentrale Glasst\u00fcck besteht aus goldenem Metallic-Glas, wobei die Asche der Feuerbestattung mit dem Glas verschmolzen ist, was diese Blume zu einem einzigartigen und pers\u00f6nlichen Kunstwerk macht. Die Asche ist durch den transparenten Teil des Glases sichtbar.<br \/>\nDie Urne hat einen Durchmesser von ca. 3,5 cm. Da die Glasurne handgefertigt ist, kann die Urne einige Millimeter in der Gr\u00f6\u00dfe variieren.<br \/>\nDas Glas kann auf Wunsch von der Blume weggedreht werden, so k\u00f6nnen Sie die Urne auch in der Hand halten. Dadurch ist es m\u00f6glich, den Speicher sowohl zu Hause aufzuh\u00e4ngen als auch pers\u00f6nlich zu halten.<br \/>\nDie Montage der Blume ist mit dem robusten Aufh\u00e4ngesystem einfach. Befestigungsmaterial ist nicht im Lieferumfang enthalten.<br \/>\nDie Gedenkblume symbolisiert den Namen <strong>Immer die sch\u00f6nste Blume<\/strong> und ist eine Hommage an die Liebe zu einem geliebten Menschen, die f\u00fcr immer in Ihrem Herzen bleiben wird. Es ist ein wundersch\u00f6nes Kunstwerk, das mit Sorgfalt und Liebe hergestellt wurde und eine zeitlose M\u00f6glichkeit bietet, einer besonderen Person zu gedenken.     <\/p>\n<h3>Lieferung:<\/h3>\n<p>Nachdem <strong>ich Ihre Bestellung aufgegeben habe<\/strong>, werde ich mich per E-Mail mit Ihnen in Verbindung setzen, um Ihnen ein kostenloses digitales Versandetikett und eine Informationsmail zuzusenden, mit der Sie mir (eine sehr kleine Menge) Ein\u00e4scherungsasche zusenden k\u00f6nnen. Hierf\u00fcr reicht eine Menge von 4 Teel\u00f6ffeln <strong>Ein\u00e4scherungsasche aus. <br \/>F\u00fcr Kunden au\u00dferhalb der Niederlande ist es mir nicht m\u00f6glich, dieses digitale Versandetikett anzufordern. <br \/>Eine ausl\u00e4ndische Versandmarke f\u00fcr den Versand der Ein\u00e4scherungsasche an mich kann von mir nicht erstattet werden. Ich m\u00f6chte Ihnen aber Tipps geben, wie Sie mir die Ein\u00e4scherungsasche auch aus dem Ausland zukommen lassen k\u00f6nnen.  <\/br><br \/>\n<br \/><strong>Der kostenlose Versand<\/strong> des bestellten Erinnerungsartikels an Sie gilt f\u00fcr alle. Das Versandetikett f\u00fcr die Ein\u00e4scherung ist ein Etikett f\u00fcr ein <strong>Briefkastenpaket<\/strong> von DHL, das direkt vor meiner Haust\u00fcr ankommt und von Ihnen verfolgt werden kann.<br \/>Sie k\u00f6nnen das Briefkastenpaket mit der Ein\u00e4scherung innerhalb von 5 Werktagen kostenlos an einer DHL-Abgabestelle zur\u00fccksenden.<br \/>\n<br \/><strong>In der Infomail<\/strong> werde ich auch erkl\u00e4ren, welche Ma\u00dfe das Briefkastenpaket erf\u00fcllen muss und welche n\u00e4chstgelegene Abgabestelle Sie in der Umgebung haben.<\/p>\n<p>Ein <strong>sicherer und nachverfolgbarer Transport<\/strong> war bisher immer garantiert, aber wir k\u00f6nnen keine Verantwortung \u00fcbernehmen, wenn dies unerwartet mit dem Spediteur schief geht.<\/br><br \/>  Wenn Sie die Ein\u00e4scherungsasche mitbringen m\u00f6chten, ist dies ebenfalls m\u00f6glich, Sie k\u00f6nnen hierf\u00fcr <strong>einen Termin vereinbaren<\/strong> unter den M\u00f6glichkeiten, die in unserer Online-Agenda auf unserer Website offen stehen <a href=\"https:\/\/crematieasinglas.nl\">crematieasinglas.nl<\/a><\/p>\n<div style=\"width: 640px;\" class=\"wp-video\"><video class=\"wp-video-shortcode\" id=\"video-19494-1\" width=\"640\" height=\"360\" preload=\"metadata\" controls=\"controls\"><source type=\"video\/mp4\" src=\"https:\/\/crematieasinglas.nl\/media\/urnen\/crematie-as-vast-geblazen-in-glas-cvu3000\/crematie-as-urn-vast-in-glas-always-the-most-beautiful-flower-bloem-zwart-goud-video-cvu3022.mp4?_=1\" \/><a href=\"https:\/\/crematieasinglas.nl\/media\/urnen\/crematie-as-vast-geblazen-in-glas-cvu3000\/crematie-as-urn-vast-in-glas-always-the-most-beautiful-flower-bloem-zwart-goud-video-cvu3022.mp4\">https:\/\/crematieasinglas.nl\/media\/urnen\/crematie-as-vast-geblazen-in-glas-cvu3000\/crematie-as-urn-vast-in-glas-always-the-most-beautiful-flower-bloem-zwart-goud-video-cvu3022.mp4<\/a><\/video><\/div>\n","protected":false},"excerpt":{"rendered":"<p>Immer die sch\u00f6nste Blume&#8221; Eine <strong>personalisierte Urne aus Glas<\/strong> ist eine einzigartige M\u00f6glichkeit, das Andenken an einen geliebten Menschen zu ehren. Diese Urnen werden mit Sorgfalt und handwerklichem Geschick hergestellt, wobei das Glas verarbeitet und an die W\u00fcnsche der n\u00e4chsten Angeh\u00f6rigen angepasst wird.   <br \/>Die Lieferzeit betr\u00e4gt 8 Werktage (2 Wochen) nach Erhalt der Asche.<\/p>\n","protected":false},"featured_media":17928,"comment_status":"closed","ping_status":"open","template":"","meta":[],"product_brand":[],"product_cat":[822,737],"product_tag":[],"class_list":{"0":"post-19494","1":"product","2":"type-product","3":"status-publish","4":"has-post-thumbnail","6":"product_cat-einascherung-asche-in-glas-geblasen-cvu-3000","7":"product_cat-urnen-de","8":"pa_kleur-schwarz-gold-transparent","10":"first","11":"instock","12":"taxable","13":"shipping-taxable","14":"purchasable","15":"product-type-simple"},"yoast_head":"<!-- This site is optimized with the Yoast SEO Premium plugin v27.5 (Yoast SEO v27.5) - https:\/\/yoast.com\/product\/yoast-seo-premium-wordpress\/ -->\n<title>CVU3022 | Glasurne personalisiert mit in Glas befestigter Ein\u00e4scherungsasche - Winkel voor Crematie-as in glas<\/title>\n<meta name=\"description\" content=\"Immer die sch\u00f6nste Blume&quot; Eine personalisierte Urne aus Glas ist eine einzigartige M\u00f6glichkeit, das Andenken an einen geliebten Menschen zu ehren. Diese Urnen werden mit Sorgfalt und handwerklichem Geschick hergestellt, wobei das Glas verarbeitet und an die W\u00fcnsche der n\u00e4chsten Angeh\u00f6rigen angepasst wird. Die Lieferzeit betr\u00e4gt 8 Werktage (2 Wochen) nach Erhalt der Asche.\" \/>\n<meta name=\"robots\" content=\"index, follow, max-snippet:-1, max-image-preview:large, max-video-preview:-1\" \/>\n<link rel=\"canonical\" href=\"https:\/\/crematieasinglas.nl\/produkt\/cvu3022-glazen-urn-gepersonaliseerd-met-crematie-as-vast-in-glas\/\" \/>\n<meta property=\"og:locale\" content=\"de_DE\" \/>\n<meta property=\"og:type\" content=\"article\" \/>\n<meta property=\"og:title\" content=\"CVU3022 | Glasurne personalisiert mit in Glas befestigter Ein\u00e4scherungsasche\" \/>\n<meta property=\"og:description\" content=\"Immer die sch\u00f6nste Blume&quot; Eine personalisierte Urne aus Glas ist eine einzigartige M\u00f6glichkeit, das Andenken an einen geliebten Menschen zu ehren. Diese Urnen werden mit Sorgfalt und handwerklichem Geschick hergestellt, wobei das Glas verarbeitet und an die W\u00fcnsche der n\u00e4chsten Angeh\u00f6rigen angepasst wird. Die Lieferzeit betr\u00e4gt 8 Werktage (2 Wochen) nach Erhalt der Asche.\" \/>\n<meta property=\"og:url\" content=\"https:\/\/crematieasinglas.nl\/produkt\/cvu3022-glazen-urn-gepersonaliseerd-met-crematie-as-vast-in-glas\/\" \/>\n<meta property=\"og:site_name\" content=\"Winkel voor Crematie-as in glas\" \/>\n<meta property=\"og:image\" content=\"https:\/\/crematieasinglas.nl\/wp-content\/uploads\/2025\/04\/crematie-as-urn-vast-in-glas-always-the-most-beautiful-flower-bloem-zwart-goud-1-cvu3022-1.jpg\" \/>\n\t<meta property=\"og:image:width\" content=\"850\" \/>\n\t<meta property=\"og:image:height\" content=\"850\" \/>\n\t<meta property=\"og:image:type\" content=\"image\/jpeg\" \/>\n<meta name=\"twitter:card\" content=\"summary_large_image\" \/>\n<meta name=\"twitter:label1\" content=\"Gesch\u00e4tzte Lesezeit\" \/>\n\t<meta name=\"twitter:data1\" content=\"3\u00a0Minuten\" \/>\n<script type=\"application\/ld+json\" class=\"yoast-schema-graph\">{\"@context\":\"https:\\\/\\\/schema.org\",\"@graph\":[{\"@type\":\"WebPage\",\"@id\":\"https:\\\/\\\/crematieasinglas.nl\\\/produkt\\\/cvu3022-glazen-urn-gepersonaliseerd-met-crematie-as-vast-in-glas\\\/\",\"url\":\"https:\\\/\\\/crematieasinglas.nl\\\/produkt\\\/cvu3022-glazen-urn-gepersonaliseerd-met-crematie-as-vast-in-glas\\\/\",\"name\":\"CVU3022 | Glasurne personalisiert mit in Glas befestigter Ein\u00e4scherungsasche - Winkel voor Crematie-as in glas\",\"isPartOf\":{\"@id\":\"https:\\\/\\\/crematieasinglas.nl\\\/#website\"},\"primaryImageOfPage\":{\"@id\":\"https:\\\/\\\/crematieasinglas.nl\\\/produkt\\\/cvu3022-glazen-urn-gepersonaliseerd-met-crematie-as-vast-in-glas\\\/#primaryimage\"},\"image\":{\"@id\":\"https:\\\/\\\/crematieasinglas.nl\\\/produkt\\\/cvu3022-glazen-urn-gepersonaliseerd-met-crematie-as-vast-in-glas\\\/#primaryimage\"},\"thumbnailUrl\":\"https:\\\/\\\/crematieasinglas.nl\\\/wp-content\\\/uploads\\\/2025\\\/04\\\/crematie-as-urn-vast-in-glas-always-the-most-beautiful-flower-bloem-zwart-goud-1-cvu3022-1.jpg\",\"datePublished\":\"2025-04-17T11:45:33+00:00\",\"description\":\"Immer die sch\u00f6nste Blume\\\" Eine personalisierte Urne aus Glas ist eine einzigartige M\u00f6glichkeit, das Andenken an einen geliebten Menschen zu ehren. Diese Urnen werden mit Sorgfalt und handwerklichem Geschick hergestellt, wobei das Glas verarbeitet und an die W\u00fcnsche der n\u00e4chsten Angeh\u00f6rigen angepasst wird. Die Lieferzeit betr\u00e4gt 8 Werktage (2 Wochen) nach Erhalt der Asche.\",\"breadcrumb\":{\"@id\":\"https:\\\/\\\/crematieasinglas.nl\\\/produkt\\\/cvu3022-glazen-urn-gepersonaliseerd-met-crematie-as-vast-in-glas\\\/#breadcrumb\"},\"inLanguage\":\"de\",\"potentialAction\":[{\"@type\":\"ReadAction\",\"target\":[\"https:\\\/\\\/crematieasinglas.nl\\\/produkt\\\/cvu3022-glazen-urn-gepersonaliseerd-met-crematie-as-vast-in-glas\\\/\"]}]},{\"@type\":\"ImageObject\",\"inLanguage\":\"de\",\"@id\":\"https:\\\/\\\/crematieasinglas.nl\\\/produkt\\\/cvu3022-glazen-urn-gepersonaliseerd-met-crematie-as-vast-in-glas\\\/#primaryimage\",\"url\":\"https:\\\/\\\/crematieasinglas.nl\\\/wp-content\\\/uploads\\\/2025\\\/04\\\/crematie-as-urn-vast-in-glas-always-the-most-beautiful-flower-bloem-zwart-goud-1-cvu3022-1.jpg\",\"contentUrl\":\"https:\\\/\\\/crematieasinglas.nl\\\/wp-content\\\/uploads\\\/2025\\\/04\\\/crematie-as-urn-vast-in-glas-always-the-most-beautiful-flower-bloem-zwart-goud-1-cvu3022-1.jpg\",\"width\":850,\"height\":850},{\"@type\":\"BreadcrumbList\",\"@id\":\"https:\\\/\\\/crematieasinglas.nl\\\/produkt\\\/cvu3022-glazen-urn-gepersonaliseerd-met-crematie-as-vast-in-glas\\\/#breadcrumb\",\"itemListElement\":[{\"@type\":\"ListItem\",\"position\":1,\"name\":\"Home\",\"item\":\"https:\\\/\\\/crematieasinglas.nl\\\/\"},{\"@type\":\"ListItem\",\"position\":2,\"name\":\"Shop\",\"item\":\"https:\\\/\\\/crematieasinglas.nl\\\/de\\\/shop\\\/\"},{\"@type\":\"ListItem\",\"position\":3,\"name\":\"CVU3022 | Glasurne personalisiert mit in Glas befestigter Ein\u00e4scherungsasche\"}]},{\"@type\":\"WebSite\",\"@id\":\"https:\\\/\\\/crematieasinglas.nl\\\/#website\",\"url\":\"https:\\\/\\\/crematieasinglas.nl\\\/\",\"name\":\"Winkel voor Crematie-as in glas\",\"description\":\"Een winkel voor crematieasinglas.nl\",\"publisher\":{\"@id\":\"https:\\\/\\\/crematieasinglas.nl\\\/#organization\"},\"potentialAction\":[{\"@type\":\"SearchAction\",\"target\":{\"@type\":\"EntryPoint\",\"urlTemplate\":\"https:\\\/\\\/crematieasinglas.nl\\\/?s={search_term_string}\"},\"query-input\":{\"@type\":\"PropertyValueSpecification\",\"valueRequired\":true,\"valueName\":\"search_term_string\"}}],\"inLanguage\":\"de\"},{\"@type\":\"Organization\",\"@id\":\"https:\\\/\\\/crematieasinglas.nl\\\/#organization\",\"name\":\"Dierbaarasinglas.nl\",\"alternateName\":\"Crematieasinglas.nl\",\"url\":\"https:\\\/\\\/crematieasinglas.nl\\\/\",\"logo\":{\"@type\":\"ImageObject\",\"inLanguage\":\"de\",\"@id\":\"https:\\\/\\\/crematieasinglas.nl\\\/#\\\/schema\\\/logo\\\/image\\\/\",\"url\":\"https:\\\/\\\/crematieasinglas.nl\\\/wp-content\\\/uploads\\\/2024\\\/10\\\/logo-02-playfair-googlefont-met-hartje-02.png\",\"contentUrl\":\"https:\\\/\\\/crematieasinglas.nl\\\/wp-content\\\/uploads\\\/2024\\\/10\\\/logo-02-playfair-googlefont-met-hartje-02.png\",\"width\":582,\"height\":136,\"caption\":\"Dierbaarasinglas.nl\"},\"image\":{\"@id\":\"https:\\\/\\\/crematieasinglas.nl\\\/#\\\/schema\\\/logo\\\/image\\\/\"}}]}<\/script>\n<!-- \/ Yoast SEO Premium plugin. -->","yoast_head_json":{"title":"CVU3022 | Glasurne personalisiert mit in Glas befestigter Ein\u00e4scherungsasche - Winkel voor Crematie-as in glas","description":"Immer die sch\u00f6nste Blume\" Eine personalisierte Urne aus Glas ist eine einzigartige M\u00f6glichkeit, das Andenken an einen geliebten Menschen zu ehren. Diese Urnen werden mit Sorgfalt und handwerklichem Geschick hergestellt, wobei das Glas verarbeitet und an die W\u00fcnsche der n\u00e4chsten Angeh\u00f6rigen angepasst wird. Die Lieferzeit betr\u00e4gt 8 Werktage (2 Wochen) nach Erhalt der Asche.","robots":{"index":"index","follow":"follow","max-snippet":"max-snippet:-1","max-image-preview":"max-image-preview:large","max-video-preview":"max-video-preview:-1"},"canonical":"https:\/\/crematieasinglas.nl\/produkt\/cvu3022-glazen-urn-gepersonaliseerd-met-crematie-as-vast-in-glas\/","og_locale":"de_DE","og_type":"article","og_title":"CVU3022 | Glasurne personalisiert mit in Glas befestigter Ein\u00e4scherungsasche","og_description":"Immer die sch\u00f6nste Blume\" Eine personalisierte Urne aus Glas ist eine einzigartige M\u00f6glichkeit, das Andenken an einen geliebten Menschen zu ehren. Diese Urnen werden mit Sorgfalt und handwerklichem Geschick hergestellt, wobei das Glas verarbeitet und an die W\u00fcnsche der n\u00e4chsten Angeh\u00f6rigen angepasst wird. Die Lieferzeit betr\u00e4gt 8 Werktage (2 Wochen) nach Erhalt der Asche.","og_url":"https:\/\/crematieasinglas.nl\/produkt\/cvu3022-glazen-urn-gepersonaliseerd-met-crematie-as-vast-in-glas\/","og_site_name":"Winkel voor Crematie-as in glas","og_image":[{"width":850,"height":850,"url":"https:\/\/crematieasinglas.nl\/wp-content\/uploads\/2025\/04\/crematie-as-urn-vast-in-glas-always-the-most-beautiful-flower-bloem-zwart-goud-1-cvu3022-1.jpg","type":"image\/jpeg"}],"twitter_card":"summary_large_image","twitter_misc":{"Gesch\u00e4tzte Lesezeit":"3\u00a0Minuten"},"schema":{"@context":"https:\/\/schema.org","@graph":[{"@type":"WebPage","@id":"https:\/\/crematieasinglas.nl\/produkt\/cvu3022-glazen-urn-gepersonaliseerd-met-crematie-as-vast-in-glas\/","url":"https:\/\/crematieasinglas.nl\/produkt\/cvu3022-glazen-urn-gepersonaliseerd-met-crematie-as-vast-in-glas\/","name":"CVU3022 | Glasurne personalisiert mit in Glas befestigter Ein\u00e4scherungsasche - Winkel voor Crematie-as in glas","isPartOf":{"@id":"https:\/\/crematieasinglas.nl\/#website"},"primaryImageOfPage":{"@id":"https:\/\/crematieasinglas.nl\/produkt\/cvu3022-glazen-urn-gepersonaliseerd-met-crematie-as-vast-in-glas\/#primaryimage"},"image":{"@id":"https:\/\/crematieasinglas.nl\/produkt\/cvu3022-glazen-urn-gepersonaliseerd-met-crematie-as-vast-in-glas\/#primaryimage"},"thumbnailUrl":"https:\/\/crematieasinglas.nl\/wp-content\/uploads\/2025\/04\/crematie-as-urn-vast-in-glas-always-the-most-beautiful-flower-bloem-zwart-goud-1-cvu3022-1.jpg","datePublished":"2025-04-17T11:45:33+00:00","description":"Immer die sch\u00f6nste Blume\" Eine personalisierte Urne aus Glas ist eine einzigartige M\u00f6glichkeit, das Andenken an einen geliebten Menschen zu ehren. Diese Urnen werden mit Sorgfalt und handwerklichem Geschick hergestellt, wobei das Glas verarbeitet und an die W\u00fcnsche der n\u00e4chsten Angeh\u00f6rigen angepasst wird. Die Lieferzeit betr\u00e4gt 8 Werktage (2 Wochen) nach Erhalt der Asche.","breadcrumb":{"@id":"https:\/\/crematieasinglas.nl\/produkt\/cvu3022-glazen-urn-gepersonaliseerd-met-crematie-as-vast-in-glas\/#breadcrumb"},"inLanguage":"de","potentialAction":[{"@type":"ReadAction","target":["https:\/\/crematieasinglas.nl\/produkt\/cvu3022-glazen-urn-gepersonaliseerd-met-crematie-as-vast-in-glas\/"]}]},{"@type":"ImageObject","inLanguage":"de","@id":"https:\/\/crematieasinglas.nl\/produkt\/cvu3022-glazen-urn-gepersonaliseerd-met-crematie-as-vast-in-glas\/#primaryimage","url":"https:\/\/crematieasinglas.nl\/wp-content\/uploads\/2025\/04\/crematie-as-urn-vast-in-glas-always-the-most-beautiful-flower-bloem-zwart-goud-1-cvu3022-1.jpg","contentUrl":"https:\/\/crematieasinglas.nl\/wp-content\/uploads\/2025\/04\/crematie-as-urn-vast-in-glas-always-the-most-beautiful-flower-bloem-zwart-goud-1-cvu3022-1.jpg","width":850,"height":850},{"@type":"BreadcrumbList","@id":"https:\/\/crematieasinglas.nl\/produkt\/cvu3022-glazen-urn-gepersonaliseerd-met-crematie-as-vast-in-glas\/#breadcrumb","itemListElement":[{"@type":"ListItem","position":1,"name":"Home","item":"https:\/\/crematieasinglas.nl\/"},{"@type":"ListItem","position":2,"name":"Shop","item":"https:\/\/crematieasinglas.nl\/de\/shop\/"},{"@type":"ListItem","position":3,"name":"CVU3022 | Glasurne personalisiert mit in Glas befestigter Ein\u00e4scherungsasche"}]},{"@type":"WebSite","@id":"https:\/\/crematieasinglas.nl\/#website","url":"https:\/\/crematieasinglas.nl\/","name":"Winkel voor Crematie-as in glas","description":"Een winkel voor crematieasinglas.nl","publisher":{"@id":"https:\/\/crematieasinglas.nl\/#organization"},"potentialAction":[{"@type":"SearchAction","target":{"@type":"EntryPoint","urlTemplate":"https:\/\/crematieasinglas.nl\/?s={search_term_string}"},"query-input":{"@type":"PropertyValueSpecification","valueRequired":true,"valueName":"search_term_string"}}],"inLanguage":"de"},{"@type":"Organization","@id":"https:\/\/crematieasinglas.nl\/#organization","name":"Dierbaarasinglas.nl","alternateName":"Crematieasinglas.nl","url":"https:\/\/crematieasinglas.nl\/","logo":{"@type":"ImageObject","inLanguage":"de","@id":"https:\/\/crematieasinglas.nl\/#\/schema\/logo\/image\/","url":"https:\/\/crematieasinglas.nl\/wp-content\/uploads\/2024\/10\/logo-02-playfair-googlefont-met-hartje-02.png","contentUrl":"https:\/\/crematieasinglas.nl\/wp-content\/uploads\/2024\/10\/logo-02-playfair-googlefont-met-hartje-02.png","width":582,"height":136,"caption":"Dierbaarasinglas.nl"},"image":{"@id":"https:\/\/crematieasinglas.nl\/#\/schema\/logo\/image\/"}}]}},"_links":{"self":[{"href":"https:\/\/crematieasinglas.nl\/de\/wp-json\/wp\/v2\/product\/19494","targetHints":{"allow":["GET"]}}],"collection":[{"href":"https:\/\/crematieasinglas.nl\/de\/wp-json\/wp\/v2\/product"}],"about":[{"href":"https:\/\/crematieasinglas.nl\/de\/wp-json\/wp\/v2\/types\/product"}],"replies":[{"embeddable":true,"href":"https:\/\/crematieasinglas.nl\/de\/wp-json\/wp\/v2\/comments?post=19494"}],"wp:featuredmedia":[{"embeddable":true,"href":"https:\/\/crematieasinglas.nl\/de\/wp-json\/wp\/v2\/media\/17928"}],"wp:attachment":[{"href":"https:\/\/crematieasinglas.nl\/de\/wp-json\/wp\/v2\/media?parent=19494"}],"wp:term":[{"taxonomy":"product_brand","embeddable":true,"href":"https:\/\/crematieasinglas.nl\/de\/wp-json\/wp\/v2\/product_brand?post=19494"},{"taxonomy":"product_cat","embeddable":true,"href":"https:\/\/crematieasinglas.nl\/de\/wp-json\/wp\/v2\/product_cat?post=19494"},{"taxonomy":"product_tag","embeddable":true,"href":"https:\/\/crematieasinglas.nl\/de\/wp-json\/wp\/v2\/product_tag?post=19494"}],"curies":[{"name":"wp","href":"https:\/\/api.w.org\/{rel}","templated":true}]}}